{"id":4684,"date":"2024-10-06T10:18:13","date_gmt":"2024-10-06T08:18:13","guid":{"rendered":"https:\/\/pfeifenundzigarren.de\/Produkt\/zigarren-aufbewahrungsbox\/"},"modified":"2026-01-20T08:15:54","modified_gmt":"2026-01-20T07:15:54","slug":"zigarren-aufbewahrungsbox","status":"publish","type":"product","link":"https:\/\/pfeifenundzigarren.de\/es\/Produkt\/zigarren-aufbewahrungsbox\/","title":{"rendered":"caja para puros"},"content":{"rendered":"<h3>Par\u00e1metros del producto<\/h3>\n<ul>\n<li><strong>Nombre del producto<\/strong>Humidificador de puros de cuero<\/li>\n<li><strong>Material<\/strong>Cuero PU, madera de cedro<\/li>\n<li><strong>Peso del producto<\/strong>600 g (aprox. 1,32 libras)<\/li>\n<li><strong>Dimensiones<\/strong>aprox. 231 mm \u00d7 191 mm \u00d7 96 mm<\/li>\n<li><strong>Capacidad<\/strong>Espacio para 6 puros<\/li>\n<li><strong>Selecci\u00f3n de colores<\/strong>Marr\u00f3n, negro<\/li>\n<\/ul>\n<h3>Accesorios<\/h3>\n<ul>\n<li><strong>Caja de puros<\/strong> \u00d7 1<\/li>\n<li><strong>Pipeta<\/strong> \u00d7 1<\/li>\n<li><strong>Humidificador<\/strong> \u00d7 1<\/li>\n<\/ul>\n<h3>Caracter\u00edsticas del producto<\/h3>\n<ul>\n<li><strong>Dise\u00f1o en piel de alta calidad<\/strong>Fabricado en cuero PU de alta calidad, agradable al tacto y con un aspecto sencillo y elegante.<\/li>\n<li><strong>Revestimiento de madera de cedro<\/strong>El interior es de madera de cedro, lo que ayuda a conservar la humedad y la frescura del puro.<\/li>\n<li><strong>Humidificador<\/strong>El humidificador incorporado garantiza que los puros conserven una humedad \u00f3ptima durante el almacenamiento.<\/li>\n<li><strong>Dise\u00f1o port\u00e1til<\/strong>Ligero y port\u00e1til, ideal para viajes de negocios o uso diario.<\/li>\n<\/ul>\n<div class=\"detailmodule_html\">\n<div class=\"detail-desc-decorate-richtext\">\n<div style=\"margin: 10px auto 0px auto; display: inline-block; max-width: 100%;\">\n<div><img decoding=\"async\" src=\"https:\/\/ae01.alicdn.com\/kf\/S26079c8607be4fdaa40c26459a4433bdA.jpg?width=1001&amp;height=1001&amp;hash=2002\" alt=\"\"><br \/>\n<img decoding=\"async\" src=\"https:\/\/ae01.alicdn.com\/kf\/Sf5fccbed64f5435d8984d892f540205ar.jpg?width=1001&amp;height=1001&amp;hash=2002\" alt=\"\"> <img decoding=\"async\" class=\"detail-desc-decorate-image\" src=\"https:\/\/ae01.alicdn.com\/kf\/S931a96ca89a84db4a64f37198f1d5289h.jpg?width=800&amp;height=800&amp;hash=1600\" alt=\"\"><img decoding=\"async\" src=\"https:\/\/ae01.alicdn.com\/kf\/S5f12faa65ba8400fa1c3674f850e0154c.jpg?width=1001&amp;height=1001&amp;hash=2002\" alt=\"\"> <img decoding=\"async\" src=\"https:\/\/ae01.alicdn.com\/kf\/Sd88f5b0a7b5246cab3611ba9735ce5cc6.jpg?width=1000&amp;height=1000&amp;hash=2000\" alt=\"\"><\/div>\n<\/div>\n<div><img decoding=\"async\" src=\"https:\/\/ae01.alicdn.com\/kf\/S59aeb88e68f84f77b3c89ca446429ed12.jpg?width=1000&amp;height=999&amp;hash=1999\" alt=\"\"><br \/>\n<img decoding=\"async\" src=\"https:\/\/ae01.alicdn.com\/kf\/S65a08914891e4c76872549cf71b7b3336.jpg?width=1001&amp;height=1001&amp;hash=2002\" alt=\"\"> <img decoding=\"async\" src=\"https:\/\/ae01.alicdn.com\/kf\/Had5d7de876794f00a094656b0cda4908n.jpg?width=1001&amp;height=1001&amp;hash=2002\" alt=\"\"> <img decoding=\"async\" src=\"https:\/\/ae01.alicdn.com\/kf\/Hc433dbeb7c6244028f619e9c94db7257p.jpg?width=1001&amp;height=1001&amp;hash=2002\" alt=\"\"> <img decoding=\"async\" src=\"https:\/\/ae01.alicdn.com\/kf\/S9335f566184d49a39338113bf6990372H.jpg?width=1001&amp;height=1001&amp;hash=2002\" alt=\"\"><br \/>\n<img decoding=\"async\" src=\"https:\/\/ae01.alicdn.com\/kf\/S907f2f2b89c84dbab63b957ef90e8464L.jpg?width=1001&amp;height=1001&amp;hash=2002\" alt=\"\"> <img decoding=\"async\" src=\"https:\/\/ae01.alicdn.com\/kf\/Sb41dcfec7a4d4feeab07c69618d657086.jpg?width=1001&amp;height=1001&amp;hash=2002\" alt=\"\"><\/div>\n<div><\/div>\n<div style=\"margin: 10px auto 0px auto; display: inline-block; max-width: 100%;\"><\/div>\n<div style=\"margin: 10px auto 0px auto; display: inline-block; max-width: 100%;\">\n<div style=\"margin-top: -1.07%;\"><\/div>\n<\/div>\n<\/div>\n<\/div>\n<p>&nbsp;<\/p>","protected":false},"excerpt":{"rendered":"<p>Par\u00e1metros del producto Nombre del producto: Humidor de puros de cuero Material: cuero de PU, madera de cedro Peso del producto: 600 g (aprox. 1,32 libras) Dimensiones: aprox. 231 mm \u00d7 191 mm \u00d7 96 mm Capacidad: espacio<\/p>","protected":false},"featured_media":4685,"comment_status":"open","ping_status":"closed","template":"","meta":[],"product_brand":[],"product_cat":[764,78],"product_tag":[],"class_list":{"0":"post-4684","1":"product","2":"type-product","3":"status-publish","4":"has-post-thumbnail","6":"product_cat-travel-humidor","7":"product_cat-zigarren-humidor","9":"first","10":"instock","11":"sale","12":"shipping-taxable","13":"purchasable","14":"product-type-variable","15":"wvs-archive-product-wrapper"},"yoast_head":"<!-- This site is optimized with the Yoast SEO Premium plugin v26.7 (Yoast SEO v27.4) - https:\/\/yoast.com\/product\/yoast-seo-premium-wordpress\/ -->\n<title>zigarren aufbewahrungsbox - Der beste Onlineshop f\u00fcr Pfeifen und Zigarrenzubeh\u00f6r in Deutschland<\/title>\n<meta name=\"robots\" content=\"index, follow, max-snippet:-1, max-image-preview:large, max-video-preview:-1\" \/>\n<link rel=\"canonical\" href=\"https:\/\/pfeifenundzigarren.de\/es\/Produkt\/zigarren-aufbewahrungsbox\/\" \/>\n<meta property=\"og:locale\" content=\"es_ES\" \/>\n<meta property=\"og:type\" content=\"article\" \/>\n<meta property=\"og:title\" content=\"zigarren aufbewahrungsbox\" \/>\n<meta property=\"og:description\" content=\"Produktparameter Produktname: Leder-Zigarren-Humidor Material: PU-Leder, Zedernholz Produktgewicht: 600g (ca. 1,32 Pfund) Abmessungen: ca. 231mm \u00d7 191mm \u00d7 96mm Kapazit\u00e4t: Platz\" \/>\n<meta property=\"og:url\" content=\"https:\/\/pfeifenundzigarren.de\/es\/Produkt\/zigarren-aufbewahrungsbox\/\" \/>\n<meta property=\"og:site_name\" content=\"Der beste Onlineshop f\u00fcr Pfeifen und Zigarrenzubeh\u00f6r in Deutschland\" \/>\n<meta property=\"article:modified_time\" content=\"2026-01-20T07:15:54+00:00\" \/>\n<meta property=\"og:image\" content=\"https:\/\/pfeifenundzigarren.de\/wp-content\/uploads\/2024\/10\/kf-S56fe3209b7194445ad22b033b556fc07P-GALINER-Charuto-Cedar-Wood-Cigar-Humidor-Box-Travel-Cigar-Case-Storage-4-Cigars-Box-Humidor-Humidifier.webp\" \/>\n\t<meta property=\"og:image:width\" content=\"1001\" \/>\n\t<meta property=\"og:image:height\" content=\"1001\" \/>\n\t<meta property=\"og:image:type\" content=\"image\/webp\" \/>\n<meta name=\"twitter:card\" content=\"summary_large_image\" \/>\n<script type=\"application\/ld+json\" class=\"yoast-schema-graph\">{\"@context\":\"https:\\\/\\\/schema.org\",\"@graph\":[{\"@type\":\"WebPage\",\"@id\":\"https:\\\/\\\/pfeifenundzigarren.de\\\/Produkt\\\/zigarren-aufbewahrungsbox\\\/\",\"url\":\"https:\\\/\\\/pfeifenundzigarren.de\\\/Produkt\\\/zigarren-aufbewahrungsbox\\\/\",\"name\":\"zigarren aufbewahrungsbox - Der beste Onlineshop f\u00fcr Pfeifen und Zigarrenzubeh\u00f6r in Deutschland\",\"isPartOf\":{\"@id\":\"https:\\\/\\\/pfeifenundzigarren.de\\\/#website\"},\"primaryImageOfPage\":{\"@id\":\"https:\\\/\\\/pfeifenundzigarren.de\\\/Produkt\\\/zigarren-aufbewahrungsbox\\\/#primaryimage\"},\"image\":{\"@id\":\"https:\\\/\\\/pfeifenundzigarren.de\\\/Produkt\\\/zigarren-aufbewahrungsbox\\\/#primaryimage\"},\"thumbnailUrl\":\"https:\\\/\\\/pfeifenundzigarren.de\\\/wp-content\\\/uploads\\\/2024\\\/10\\\/kf-S56fe3209b7194445ad22b033b556fc07P-GALINER-Charuto-Cedar-Wood-Cigar-Humidor-Box-Travel-Cigar-Case-Storage-4-Cigars-Box-Humidor-Humidifier.webp\",\"datePublished\":\"2024-10-06T08:18:13+00:00\",\"dateModified\":\"2026-01-20T07:15:54+00:00\",\"breadcrumb\":{\"@id\":\"https:\\\/\\\/pfeifenundzigarren.de\\\/Produkt\\\/zigarren-aufbewahrungsbox\\\/#breadcrumb\"},\"inLanguage\":\"es\",\"potentialAction\":[{\"@type\":\"ReadAction\",\"target\":[\"https:\\\/\\\/pfeifenundzigarren.de\\\/Produkt\\\/zigarren-aufbewahrungsbox\\\/\"]}]},{\"@type\":\"ImageObject\",\"inLanguage\":\"es\",\"@id\":\"https:\\\/\\\/pfeifenundzigarren.de\\\/Produkt\\\/zigarren-aufbewahrungsbox\\\/#primaryimage\",\"url\":\"https:\\\/\\\/pfeifenundzigarren.de\\\/wp-content\\\/uploads\\\/2024\\\/10\\\/kf-S56fe3209b7194445ad22b033b556fc07P-GALINER-Charuto-Cedar-Wood-Cigar-Humidor-Box-Travel-Cigar-Case-Storage-4-Cigars-Box-Humidor-Humidifier.webp\",\"contentUrl\":\"https:\\\/\\\/pfeifenundzigarren.de\\\/wp-content\\\/uploads\\\/2024\\\/10\\\/kf-S56fe3209b7194445ad22b033b556fc07P-GALINER-Charuto-Cedar-Wood-Cigar-Humidor-Box-Travel-Cigar-Case-Storage-4-Cigars-Box-Humidor-Humidifier.webp\",\"width\":1001,\"height\":1001},{\"@type\":\"BreadcrumbList\",\"@id\":\"https:\\\/\\\/pfeifenundzigarren.de\\\/Produkt\\\/zigarren-aufbewahrungsbox\\\/#breadcrumb\",\"itemListElement\":[{\"@type\":\"ListItem\",\"position\":1,\"name\":\"Home\",\"item\":\"https:\\\/\\\/pfeifenundzigarren.de\\\/\"},{\"@type\":\"ListItem\",\"position\":2,\"name\":\"Shop\",\"item\":\"https:\\\/\\\/pfeifenundzigarren.de\\\/shop\\\/\"},{\"@type\":\"ListItem\",\"position\":3,\"name\":\"zigarren aufbewahrungsbox\"}]},{\"@type\":\"WebSite\",\"@id\":\"https:\\\/\\\/pfeifenundzigarren.de\\\/#website\",\"url\":\"https:\\\/\\\/pfeifenundzigarren.de\\\/\",\"name\":\"Der beste Onlineshop f\u00fcr Pfeifen und Zigarrenzubeh\u00f6r in Deutschland\",\"description\":\"\",\"publisher\":{\"@id\":\"https:\\\/\\\/pfeifenundzigarren.de\\\/#organization\"},\"potentialAction\":[{\"@type\":\"SearchAction\",\"target\":{\"@type\":\"EntryPoint\",\"urlTemplate\":\"https:\\\/\\\/pfeifenundzigarren.de\\\/?s={search_term_string}\"},\"query-input\":{\"@type\":\"PropertyValueSpecification\",\"valueRequired\":true,\"valueName\":\"search_term_string\"}}],\"inLanguage\":\"es\"},{\"@type\":\"Organization\",\"@id\":\"https:\\\/\\\/pfeifenundzigarren.de\\\/#organization\",\"name\":\"Der beste Onlineshop f\u00fcr Pfeifen und Zigarrenzubeh\u00f6r in Deutschland\",\"url\":\"https:\\\/\\\/pfeifenundzigarren.de\\\/\",\"logo\":{\"@type\":\"ImageObject\",\"inLanguage\":\"es\",\"@id\":\"https:\\\/\\\/pfeifenundzigarren.de\\\/#\\\/schema\\\/logo\\\/image\\\/\",\"url\":\"https:\\\/\\\/pfeifenundzigarren.de\\\/wp-content\\\/uploads\\\/2024\\\/09\\\/cropped-Luxury-and-Vintage-Ornamental-Coffee-Shop-Logo.png\",\"contentUrl\":\"https:\\\/\\\/pfeifenundzigarren.de\\\/wp-content\\\/uploads\\\/2024\\\/09\\\/cropped-Luxury-and-Vintage-Ornamental-Coffee-Shop-Logo.png\",\"width\":512,\"height\":512,\"caption\":\"Der beste Onlineshop f\u00fcr Pfeifen und Zigarrenzubeh\u00f6r in Deutschland\"},\"image\":{\"@id\":\"https:\\\/\\\/pfeifenundzigarren.de\\\/#\\\/schema\\\/logo\\\/image\\\/\"}}]}<\/script>\n<!-- \/ Yoast SEO Premium plugin. -->","yoast_head_json":{"title":"zigarren aufbewahrungsbox - Der beste Onlineshop f\u00fcr Pfeifen und Zigarrenzubeh\u00f6r in Deutschland","robots":{"index":"index","follow":"follow","max-snippet":"max-snippet:-1","max-image-preview":"max-image-preview:large","max-video-preview":"max-video-preview:-1"},"canonical":"https:\/\/pfeifenundzigarren.de\/es\/Produkt\/zigarren-aufbewahrungsbox\/","og_locale":"es_ES","og_type":"article","og_title":"zigarren aufbewahrungsbox","og_description":"Produktparameter Produktname: Leder-Zigarren-Humidor Material: PU-Leder, Zedernholz Produktgewicht: 600g (ca. 1,32 Pfund) Abmessungen: ca. 231mm \u00d7 191mm \u00d7 96mm Kapazit\u00e4t: Platz","og_url":"https:\/\/pfeifenundzigarren.de\/es\/Produkt\/zigarren-aufbewahrungsbox\/","og_site_name":"Der beste Onlineshop f\u00fcr Pfeifen und Zigarrenzubeh\u00f6r in Deutschland","article_modified_time":"2026-01-20T07:15:54+00:00","og_image":[{"width":1001,"height":1001,"url":"https:\/\/pfeifenundzigarren.de\/wp-content\/uploads\/2024\/10\/kf-S56fe3209b7194445ad22b033b556fc07P-GALINER-Charuto-Cedar-Wood-Cigar-Humidor-Box-Travel-Cigar-Case-Storage-4-Cigars-Box-Humidor-Humidifier.webp","type":"image\/webp"}],"twitter_card":"summary_large_image","schema":{"@context":"https:\/\/schema.org","@graph":[{"@type":"WebPage","@id":"https:\/\/pfeifenundzigarren.de\/Produkt\/zigarren-aufbewahrungsbox\/","url":"https:\/\/pfeifenundzigarren.de\/Produkt\/zigarren-aufbewahrungsbox\/","name":"zigarren aufbewahrungsbox - Der beste Onlineshop f\u00fcr Pfeifen und Zigarrenzubeh\u00f6r in Deutschland","isPartOf":{"@id":"https:\/\/pfeifenundzigarren.de\/#website"},"primaryImageOfPage":{"@id":"https:\/\/pfeifenundzigarren.de\/Produkt\/zigarren-aufbewahrungsbox\/#primaryimage"},"image":{"@id":"https:\/\/pfeifenundzigarren.de\/Produkt\/zigarren-aufbewahrungsbox\/#primaryimage"},"thumbnailUrl":"https:\/\/pfeifenundzigarren.de\/wp-content\/uploads\/2024\/10\/kf-S56fe3209b7194445ad22b033b556fc07P-GALINER-Charuto-Cedar-Wood-Cigar-Humidor-Box-Travel-Cigar-Case-Storage-4-Cigars-Box-Humidor-Humidifier.webp","datePublished":"2024-10-06T08:18:13+00:00","dateModified":"2026-01-20T07:15:54+00:00","breadcrumb":{"@id":"https:\/\/pfeifenundzigarren.de\/Produkt\/zigarren-aufbewahrungsbox\/#breadcrumb"},"inLanguage":"es","potentialAction":[{"@type":"ReadAction","target":["https:\/\/pfeifenundzigarren.de\/Produkt\/zigarren-aufbewahrungsbox\/"]}]},{"@type":"ImageObject","inLanguage":"es","@id":"https:\/\/pfeifenundzigarren.de\/Produkt\/zigarren-aufbewahrungsbox\/#primaryimage","url":"https:\/\/pfeifenundzigarren.de\/wp-content\/uploads\/2024\/10\/kf-S56fe3209b7194445ad22b033b556fc07P-GALINER-Charuto-Cedar-Wood-Cigar-Humidor-Box-Travel-Cigar-Case-Storage-4-Cigars-Box-Humidor-Humidifier.webp","contentUrl":"https:\/\/pfeifenundzigarren.de\/wp-content\/uploads\/2024\/10\/kf-S56fe3209b7194445ad22b033b556fc07P-GALINER-Charuto-Cedar-Wood-Cigar-Humidor-Box-Travel-Cigar-Case-Storage-4-Cigars-Box-Humidor-Humidifier.webp","width":1001,"height":1001},{"@type":"BreadcrumbList","@id":"https:\/\/pfeifenundzigarren.de\/Produkt\/zigarren-aufbewahrungsbox\/#breadcrumb","itemListElement":[{"@type":"ListItem","position":1,"name":"Home","item":"https:\/\/pfeifenundzigarren.de\/"},{"@type":"ListItem","position":2,"name":"Shop","item":"https:\/\/pfeifenundzigarren.de\/shop\/"},{"@type":"ListItem","position":3,"name":"zigarren aufbewahrungsbox"}]},{"@type":"WebSite","@id":"https:\/\/pfeifenundzigarren.de\/#website","url":"https:\/\/pfeifenundzigarren.de\/","name":"La mejor tienda en l\u00ednea de pipas y accesorios para puros de Alemania","description":"","publisher":{"@id":"https:\/\/pfeifenundzigarren.de\/#organization"},"potentialAction":[{"@type":"SearchAction","target":{"@type":"EntryPoint","urlTemplate":"https:\/\/pfeifenundzigarren.de\/?s={search_term_string}"},"query-input":{"@type":"PropertyValueSpecification","valueRequired":true,"valueName":"search_term_string"}}],"inLanguage":"es"},{"@type":"Organization","@id":"https:\/\/pfeifenundzigarren.de\/#organization","name":"La mejor tienda en l\u00ednea de pipas y accesorios para puros de Alemania","url":"https:\/\/pfeifenundzigarren.de\/","logo":{"@type":"ImageObject","inLanguage":"es","@id":"https:\/\/pfeifenundzigarren.de\/#\/schema\/logo\/image\/","url":"https:\/\/pfeifenundzigarren.de\/wp-content\/uploads\/2024\/09\/cropped-Luxury-and-Vintage-Ornamental-Coffee-Shop-Logo.png","contentUrl":"https:\/\/pfeifenundzigarren.de\/wp-content\/uploads\/2024\/09\/cropped-Luxury-and-Vintage-Ornamental-Coffee-Shop-Logo.png","width":512,"height":512,"caption":"Der beste Onlineshop f\u00fcr Pfeifen und Zigarrenzubeh\u00f6r in Deutschland"},"image":{"@id":"https:\/\/pfeifenundzigarren.de\/#\/schema\/logo\/image\/"}}]}},"_links":{"self":[{"href":"https:\/\/pfeifenundzigarren.de\/es\/wp-json\/wp\/v2\/product\/4684","targetHints":{"allow":["GET"]}}],"collection":[{"href":"https:\/\/pfeifenundzigarren.de\/es\/wp-json\/wp\/v2\/product"}],"about":[{"href":"https:\/\/pfeifenundzigarren.de\/es\/wp-json\/wp\/v2\/types\/product"}],"replies":[{"embeddable":true,"href":"https:\/\/pfeifenundzigarren.de\/es\/wp-json\/wp\/v2\/comments?post=4684"}],"version-history":[{"count":0,"href":"https:\/\/pfeifenundzigarren.de\/es\/wp-json\/wp\/v2\/product\/4684\/revisions"}],"wp:featuredmedia":[{"embeddable":true,"href":"https:\/\/pfeifenundzigarren.de\/es\/wp-json\/wp\/v2\/media\/4685"}],"wp:attachment":[{"href":"https:\/\/pfeifenundzigarren.de\/es\/wp-json\/wp\/v2\/media?parent=4684"}],"wp:term":[{"taxonomy":"product_brand","embeddable":true,"href":"https:\/\/pfeifenundzigarren.de\/es\/wp-json\/wp\/v2\/product_brand?post=4684"},{"taxonomy":"product_cat","embeddable":true,"href":"https:\/\/pfeifenundzigarren.de\/es\/wp-json\/wp\/v2\/product_cat?post=4684"},{"taxonomy":"product_tag","embeddable":true,"href":"https:\/\/pfeifenundzigarren.de\/es\/wp-json\/wp\/v2\/product_tag?post=4684"}],"curies":[{"name":"wp","href":"https:\/\/api.w.org\/{rel}","templated":true}]}}