{"id":4657,"date":"2024-10-06T10:11:42","date_gmt":"2024-10-06T08:11:42","guid":{"rendered":"https:\/\/pfeifenundzigarren.de\/Produkt\/tragbares-multifunktionales-reise-zigarrenbox-set\/"},"modified":"2024-10-08T07:03:04","modified_gmt":"2024-10-08T05:03:04","slug":"tragbares-multifunktionales-reise-zigarrenbox-set","status":"publish","type":"product","link":"https:\/\/pfeifenundzigarren.de\/es\/Produkt\/tragbares-multifunktionales-reise-zigarrenbox-set\/","title":{"rendered":"Caja de puros de viaje port\u00e1til y multifuncional"},"content":{"rendered":"<p>Material: cuero + madera de cedro<br \/>\nColor: marr\u00f3n, negro<br \/>\nEs una pieza \u00fanica: NO<br \/>\nTama\u00f1o de la pitillera: 20,5 x 12,5 x 7,5 cm<br \/>\nMaterial: madera de cedro + cuero<br \/>\nFunciones adicionales: Almacenamiento<br \/>\nEstilo: Moderno minimalista, lujo ligero<\/p>\n<div class=\"detailmodule_html\">\n<div class=\"detail-desc-decorate-richtext\"><img decoding=\"async\" src=\"https:\/\/ae01.alicdn.com\/kf\/S702268efadc441c7bce5f829d0b76805w.jpg\" alt=\"\"><img decoding=\"async\" src=\"https:\/\/ae01.alicdn.com\/kf\/S235fecf25dfb401fa5089397f6a2d013J.jpg\" alt=\"\"><img decoding=\"async\" src=\"https:\/\/ae01.alicdn.com\/kf\/S689e09f8514641e9ba9d41c87400d0f9d.jpg\" alt=\"\"><\/div>\n<\/div>\n<p>&nbsp;<\/p>","protected":false},"excerpt":{"rendered":"<p>Material: Piel + madera de cedro Color: Marr\u00f3n, negro Es una pieza \u00fanica: NO Tama\u00f1o de la pitillera: 20,5 x 12,5 x 7,5<\/p>","protected":false},"featured_media":4658,"comment_status":"open","ping_status":"closed","template":"","meta":[],"product_brand":[],"product_cat":[78],"product_tag":[],"class_list":{"0":"post-4657","1":"product","2":"type-product","3":"status-publish","4":"has-post-thumbnail","6":"product_cat-zigarren-humidor","8":"first","9":"instock","10":"sale","11":"shipping-taxable","12":"purchasable","13":"product-type-variable","14":"wvs-archive-product-wrapper"},"yoast_head":"<!-- This site is optimized with the Yoast SEO Premium plugin v26.7 (Yoast SEO v26.7) - https:\/\/yoast.com\/wordpress\/plugins\/seo\/ -->\n<title>Tragbares, multifunktionales Reise-Zigarrenbox-Set - Der beste Onlineshop f\u00fcr Pfeifen und Zigarrenzubeh\u00f6r in Deutschland<\/title>\n<meta name=\"robots\" content=\"index, follow, max-snippet:-1, max-image-preview:large, max-video-preview:-1\" \/>\n<link rel=\"canonical\" href=\"https:\/\/pfeifenundzigarren.de\/es\/Produkt\/tragbares-multifunktionales-reise-zigarrenbox-set\/\" \/>\n<meta property=\"og:locale\" content=\"es_ES\" \/>\n<meta property=\"og:type\" content=\"article\" \/>\n<meta property=\"og:title\" content=\"Tragbares, multifunktionales Reise-Zigarrenbox-Set\" \/>\n<meta property=\"og:description\" content=\"Material: Leder + Zedernholz Farbe: Braun, Schwarz Ist es ein Einzelst\u00fcck: NEIN Gr\u00f6\u00dfe des Zigarettenetuis: 20,5 x 12,5 x 7,5\" \/>\n<meta property=\"og:url\" content=\"https:\/\/pfeifenundzigarren.de\/es\/Produkt\/tragbares-multifunktionales-reise-zigarrenbox-set\/\" \/>\n<meta property=\"og:site_name\" content=\"Der beste Onlineshop f\u00fcr Pfeifen und Zigarrenzubeh\u00f6r in Deutschland\" \/>\n<meta property=\"article:modified_time\" content=\"2024-10-08T05:03:04+00:00\" \/>\n<meta property=\"og:image\" content=\"https:\/\/pfeifenundzigarren.de\/wp-content\/uploads\/2024\/10\/kf-S7cd45ae23a4547ca930ca71b6da1e6b9K-Four-Sticks-Portable-Cigar-Humidor-Cedar-Wood-Multifunctional-Travel-Set.webp\" \/>\n\t<meta property=\"og:image:width\" content=\"800\" \/>\n\t<meta property=\"og:image:height\" content=\"800\" \/>\n\t<meta property=\"og:image:type\" content=\"image\/webp\" \/>\n<meta name=\"twitter:card\" content=\"summary_large_image\" \/>\n<script type=\"application\/ld+json\" class=\"yoast-schema-graph\">{\"@context\":\"https:\/\/schema.org\",\"@graph\":[{\"@type\":\"WebPage\",\"@id\":\"https:\/\/pfeifenundzigarren.de\/Produkt\/tragbares-multifunktionales-reise-zigarrenbox-set\/\",\"url\":\"https:\/\/pfeifenundzigarren.de\/Produkt\/tragbares-multifunktionales-reise-zigarrenbox-set\/\",\"name\":\"Tragbares, multifunktionales Reise-Zigarrenbox-Set - Der beste Onlineshop f\u00fcr Pfeifen und Zigarrenzubeh\u00f6r in Deutschland\",\"isPartOf\":{\"@id\":\"https:\/\/pfeifenundzigarren.de\/#website\"},\"primaryImageOfPage\":{\"@id\":\"https:\/\/pfeifenundzigarren.de\/Produkt\/tragbares-multifunktionales-reise-zigarrenbox-set\/#primaryimage\"},\"image\":{\"@id\":\"https:\/\/pfeifenundzigarren.de\/Produkt\/tragbares-multifunktionales-reise-zigarrenbox-set\/#primaryimage\"},\"thumbnailUrl\":\"https:\/\/pfeifenundzigarren.de\/wp-content\/uploads\/2024\/10\/kf-S7cd45ae23a4547ca930ca71b6da1e6b9K-Four-Sticks-Portable-Cigar-Humidor-Cedar-Wood-Multifunctional-Travel-Set.webp\",\"datePublished\":\"2024-10-06T08:11:42+00:00\",\"dateModified\":\"2024-10-08T05:03:04+00:00\",\"breadcrumb\":{\"@id\":\"https:\/\/pfeifenundzigarren.de\/Produkt\/tragbares-multifunktionales-reise-zigarrenbox-set\/#breadcrumb\"},\"inLanguage\":\"es\",\"potentialAction\":[{\"@type\":\"ReadAction\",\"target\":[\"https:\/\/pfeifenundzigarren.de\/Produkt\/tragbares-multifunktionales-reise-zigarrenbox-set\/\"]}]},{\"@type\":\"ImageObject\",\"inLanguage\":\"es\",\"@id\":\"https:\/\/pfeifenundzigarren.de\/Produkt\/tragbares-multifunktionales-reise-zigarrenbox-set\/#primaryimage\",\"url\":\"https:\/\/pfeifenundzigarren.de\/wp-content\/uploads\/2024\/10\/kf-S7cd45ae23a4547ca930ca71b6da1e6b9K-Four-Sticks-Portable-Cigar-Humidor-Cedar-Wood-Multifunctional-Travel-Set.webp\",\"contentUrl\":\"https:\/\/pfeifenundzigarren.de\/wp-content\/uploads\/2024\/10\/kf-S7cd45ae23a4547ca930ca71b6da1e6b9K-Four-Sticks-Portable-Cigar-Humidor-Cedar-Wood-Multifunctional-Travel-Set.webp\",\"width\":800,\"height\":800,\"caption\":\"Tragbares, multifunktionales Reise-Zigarrenbox-Set\"},{\"@type\":\"BreadcrumbList\",\"@id\":\"https:\/\/pfeifenundzigarren.de\/Produkt\/tragbares-multifunktionales-reise-zigarrenbox-set\/#breadcrumb\",\"itemListElement\":[{\"@type\":\"ListItem\",\"position\":1,\"name\":\"Home\",\"item\":\"https:\/\/pfeifenundzigarren.de\/\"},{\"@type\":\"ListItem\",\"position\":2,\"name\":\"Shop\",\"item\":\"https:\/\/pfeifenundzigarren.de\/shop\/\"},{\"@type\":\"ListItem\",\"position\":3,\"name\":\"Tragbares, multifunktionales Reise-Zigarrenbox-Set\"}]},{\"@type\":\"WebSite\",\"@id\":\"https:\/\/pfeifenundzigarren.de\/#website\",\"url\":\"https:\/\/pfeifenundzigarren.de\/\",\"name\":\"Der beste Onlineshop f\u00fcr Pfeifen und Zigarrenzubeh\u00f6r in Deutschland\",\"description\":\"\",\"publisher\":{\"@id\":\"https:\/\/pfeifenundzigarren.de\/#organization\"},\"potentialAction\":[{\"@type\":\"SearchAction\",\"target\":{\"@type\":\"EntryPoint\",\"urlTemplate\":\"https:\/\/pfeifenundzigarren.de\/?s={search_term_string}\"},\"query-input\":{\"@type\":\"PropertyValueSpecification\",\"valueRequired\":true,\"valueName\":\"search_term_string\"}}],\"inLanguage\":\"es\"},{\"@type\":\"Organization\",\"@id\":\"https:\/\/pfeifenundzigarren.de\/#organization\",\"name\":\"Der beste Onlineshop f\u00fcr Pfeifen und Zigarrenzubeh\u00f6r in Deutschland\",\"url\":\"https:\/\/pfeifenundzigarren.de\/\",\"logo\":{\"@type\":\"ImageObject\",\"inLanguage\":\"es\",\"@id\":\"https:\/\/pfeifenundzigarren.de\/#\/schema\/logo\/image\/\",\"url\":\"https:\/\/pfeifenundzigarren.de\/wp-content\/uploads\/2024\/09\/cropped-Luxury-and-Vintage-Ornamental-Coffee-Shop-Logo.png\",\"contentUrl\":\"https:\/\/pfeifenundzigarren.de\/wp-content\/uploads\/2024\/09\/cropped-Luxury-and-Vintage-Ornamental-Coffee-Shop-Logo.png\",\"width\":512,\"height\":512,\"caption\":\"Der beste Onlineshop f\u00fcr Pfeifen und Zigarrenzubeh\u00f6r in Deutschland\"},\"image\":{\"@id\":\"https:\/\/pfeifenundzigarren.de\/#\/schema\/logo\/image\/\"}}]}<\/script>\n<!-- \/ Yoast SEO Premium plugin. -->","yoast_head_json":{"title":"Tragbares, multifunktionales Reise-Zigarrenbox-Set - Der beste Onlineshop f\u00fcr Pfeifen und Zigarrenzubeh\u00f6r in Deutschland","robots":{"index":"index","follow":"follow","max-snippet":"max-snippet:-1","max-image-preview":"max-image-preview:large","max-video-preview":"max-video-preview:-1"},"canonical":"https:\/\/pfeifenundzigarren.de\/es\/Produkt\/tragbares-multifunktionales-reise-zigarrenbox-set\/","og_locale":"es_ES","og_type":"article","og_title":"Tragbares, multifunktionales Reise-Zigarrenbox-Set","og_description":"Material: Leder + Zedernholz Farbe: Braun, Schwarz Ist es ein Einzelst\u00fcck: NEIN Gr\u00f6\u00dfe des Zigarettenetuis: 20,5 x 12,5 x 7,5","og_url":"https:\/\/pfeifenundzigarren.de\/es\/Produkt\/tragbares-multifunktionales-reise-zigarrenbox-set\/","og_site_name":"Der beste Onlineshop f\u00fcr Pfeifen und Zigarrenzubeh\u00f6r in Deutschland","article_modified_time":"2024-10-08T05:03:04+00:00","og_image":[{"width":800,"height":800,"url":"https:\/\/pfeifenundzigarren.de\/wp-content\/uploads\/2024\/10\/kf-S7cd45ae23a4547ca930ca71b6da1e6b9K-Four-Sticks-Portable-Cigar-Humidor-Cedar-Wood-Multifunctional-Travel-Set.webp","type":"image\/webp"}],"twitter_card":"summary_large_image","schema":{"@context":"https:\/\/schema.org","@graph":[{"@type":"WebPage","@id":"https:\/\/pfeifenundzigarren.de\/Produkt\/tragbares-multifunktionales-reise-zigarrenbox-set\/","url":"https:\/\/pfeifenundzigarren.de\/Produkt\/tragbares-multifunktionales-reise-zigarrenbox-set\/","name":"Tragbares, multifunktionales Reise-Zigarrenbox-Set - Der beste Onlineshop f\u00fcr Pfeifen und Zigarrenzubeh\u00f6r in Deutschland","isPartOf":{"@id":"https:\/\/pfeifenundzigarren.de\/#website"},"primaryImageOfPage":{"@id":"https:\/\/pfeifenundzigarren.de\/Produkt\/tragbares-multifunktionales-reise-zigarrenbox-set\/#primaryimage"},"image":{"@id":"https:\/\/pfeifenundzigarren.de\/Produkt\/tragbares-multifunktionales-reise-zigarrenbox-set\/#primaryimage"},"thumbnailUrl":"https:\/\/pfeifenundzigarren.de\/wp-content\/uploads\/2024\/10\/kf-S7cd45ae23a4547ca930ca71b6da1e6b9K-Four-Sticks-Portable-Cigar-Humidor-Cedar-Wood-Multifunctional-Travel-Set.webp","datePublished":"2024-10-06T08:11:42+00:00","dateModified":"2024-10-08T05:03:04+00:00","breadcrumb":{"@id":"https:\/\/pfeifenundzigarren.de\/Produkt\/tragbares-multifunktionales-reise-zigarrenbox-set\/#breadcrumb"},"inLanguage":"es","potentialAction":[{"@type":"ReadAction","target":["https:\/\/pfeifenundzigarren.de\/Produkt\/tragbares-multifunktionales-reise-zigarrenbox-set\/"]}]},{"@type":"ImageObject","inLanguage":"es","@id":"https:\/\/pfeifenundzigarren.de\/Produkt\/tragbares-multifunktionales-reise-zigarrenbox-set\/#primaryimage","url":"https:\/\/pfeifenundzigarren.de\/wp-content\/uploads\/2024\/10\/kf-S7cd45ae23a4547ca930ca71b6da1e6b9K-Four-Sticks-Portable-Cigar-Humidor-Cedar-Wood-Multifunctional-Travel-Set.webp","contentUrl":"https:\/\/pfeifenundzigarren.de\/wp-content\/uploads\/2024\/10\/kf-S7cd45ae23a4547ca930ca71b6da1e6b9K-Four-Sticks-Portable-Cigar-Humidor-Cedar-Wood-Multifunctional-Travel-Set.webp","width":800,"height":800,"caption":"Tragbares, multifunktionales Reise-Zigarrenbox-Set"},{"@type":"BreadcrumbList","@id":"https:\/\/pfeifenundzigarren.de\/Produkt\/tragbares-multifunktionales-reise-zigarrenbox-set\/#breadcrumb","itemListElement":[{"@type":"ListItem","position":1,"name":"Home","item":"https:\/\/pfeifenundzigarren.de\/"},{"@type":"ListItem","position":2,"name":"Shop","item":"https:\/\/pfeifenundzigarren.de\/shop\/"},{"@type":"ListItem","position":3,"name":"Tragbares, multifunktionales Reise-Zigarrenbox-Set"}]},{"@type":"WebSite","@id":"https:\/\/pfeifenundzigarren.de\/#website","url":"https:\/\/pfeifenundzigarren.de\/","name":"La mejor tienda en l\u00ednea de pipas y accesorios para puros de Alemania","description":"","publisher":{"@id":"https:\/\/pfeifenundzigarren.de\/#organization"},"potentialAction":[{"@type":"SearchAction","target":{"@type":"EntryPoint","urlTemplate":"https:\/\/pfeifenundzigarren.de\/?s={search_term_string}"},"query-input":{"@type":"PropertyValueSpecification","valueRequired":true,"valueName":"search_term_string"}}],"inLanguage":"es"},{"@type":"Organization","@id":"https:\/\/pfeifenundzigarren.de\/#organization","name":"La mejor tienda en l\u00ednea de pipas y accesorios para puros de Alemania","url":"https:\/\/pfeifenundzigarren.de\/","logo":{"@type":"ImageObject","inLanguage":"es","@id":"https:\/\/pfeifenundzigarren.de\/#\/schema\/logo\/image\/","url":"https:\/\/pfeifenundzigarren.de\/wp-content\/uploads\/2024\/09\/cropped-Luxury-and-Vintage-Ornamental-Coffee-Shop-Logo.png","contentUrl":"https:\/\/pfeifenundzigarren.de\/wp-content\/uploads\/2024\/09\/cropped-Luxury-and-Vintage-Ornamental-Coffee-Shop-Logo.png","width":512,"height":512,"caption":"Der beste Onlineshop f\u00fcr Pfeifen und Zigarrenzubeh\u00f6r in Deutschland"},"image":{"@id":"https:\/\/pfeifenundzigarren.de\/#\/schema\/logo\/image\/"}}]}},"_links":{"self":[{"href":"https:\/\/pfeifenundzigarren.de\/es\/wp-json\/wp\/v2\/product\/4657","targetHints":{"allow":["GET"]}}],"collection":[{"href":"https:\/\/pfeifenundzigarren.de\/es\/wp-json\/wp\/v2\/product"}],"about":[{"href":"https:\/\/pfeifenundzigarren.de\/es\/wp-json\/wp\/v2\/types\/product"}],"replies":[{"embeddable":true,"href":"https:\/\/pfeifenundzigarren.de\/es\/wp-json\/wp\/v2\/comments?post=4657"}],"version-history":[{"count":0,"href":"https:\/\/pfeifenundzigarren.de\/es\/wp-json\/wp\/v2\/product\/4657\/revisions"}],"wp:featuredmedia":[{"embeddable":true,"href":"https:\/\/pfeifenundzigarren.de\/es\/wp-json\/wp\/v2\/media\/4658"}],"wp:attachment":[{"href":"https:\/\/pfeifenundzigarren.de\/es\/wp-json\/wp\/v2\/media?parent=4657"}],"wp:term":[{"taxonomy":"product_brand","embeddable":true,"href":"https:\/\/pfeifenundzigarren.de\/es\/wp-json\/wp\/v2\/product_brand?post=4657"},{"taxonomy":"product_cat","embeddable":true,"href":"https:\/\/pfeifenundzigarren.de\/es\/wp-json\/wp\/v2\/product_cat?post=4657"},{"taxonomy":"product_tag","embeddable":true,"href":"https:\/\/pfeifenundzigarren.de\/es\/wp-json\/wp\/v2\/product_tag?post=4657"}],"curies":[{"name":"wp","href":"https:\/\/api.w.org\/{rel}","templated":true}]}}