{"id":4648,"date":"2024-10-06T10:10:48","date_gmt":"2024-10-06T08:10:48","guid":{"rendered":"https:\/\/pfeifenundzigarren.de\/Produkt\/zigarren-humidor-etui-mit-hygrometer\/"},"modified":"2026-01-20T08:15:55","modified_gmt":"2026-01-20T07:15:55","slug":"zigarren-humidor-etui-mit-hygrometer","status":"publish","type":"product","link":"https:\/\/pfeifenundzigarren.de\/es\/Produkt\/zigarren-humidor-etui-mit-hygrometer\/","title":{"rendered":"Estuche humidificador de puros con higr\u00f3metro"},"content":{"rendered":"<div class=\"product-specs-list-container\">\n<ul class=\"product-specs-list util-clearfix\">\n<li class=\"product-prop line-limit-length\">\n<h3>Par\u00e1metros del producto Estuche humidificador para puros con higr\u00f3metro<\/h3>\n<ul>\n<li><strong>Nombre del producto<\/strong>Estuche humidificador de puros con higr\u00f3metro<\/li>\n<li><strong>Material<\/strong>Exterior de cuero PU de alta calidad, interior de madera de cedro<\/li>\n<li><strong>Higr\u00f3metro<\/strong>Higr\u00f3metro integrado de alta precisi\u00f3n para controlar la humedad<\/li>\n<li><strong>Humidificador<\/strong>Humidificador incorporado para una regulaci\u00f3n \u00f3ptima de la humedad<\/li>\n<li><strong>Capacidad<\/strong>Espacio para hasta 6 puros<\/li>\n<li><strong>Pared divisoria<\/strong>Pared de madera de cedro deslizante y ajustable para un almacenamiento flexible<\/li>\n<li><strong>Dimensiones<\/strong>Tama\u00f1o compacto, perfecto para llevar<\/li>\n<li><strong>Color<\/strong>Disponible en marr\u00f3n cl\u00e1sico<\/li>\n<li><strong>Humidificador port\u00e1til de viaje de alta calidad<\/strong>El exterior del estuche para puros est\u00e1 hecho de cuero PU de alta calidad en el cl\u00e1sico estilo de cocodrilo, que es suave y robusto a la vez, mientras que el forro interior del estuche para puros est\u00e1 hecho de madera de cedro finamente frotada. Esto realza a\u00fan m\u00e1s el sabor y la frescura del interior y crea un espacio de almacenamiento natural, con todos los bordes cosidos a mano para garantizar una estructura uniforme y estable sin grietas ni roturas. La parte principal de la caja de puros, sin embargo, tiene un grano muy fino y brillante con un n\u00facleo que posee una gran flexibilidad y propiedades elastom\u00e9ricas.<strong>Interior invisible<\/strong>: Adem\u00e1s contiene <a href=\"https:\/\/pfeifenundzigarren.de\/es\/produktkategorie\/zigarren-zubehoer\/zigarren-humidor\/\">Humidificador de viaje uno<\/a> Separador de cedro que crea dos compartimentos y le proporciona m\u00e1s espacio para guardar puros. La barrera deslizante de cedro mantiene su colecci\u00f3n ordenada cuando viaja, para que los puros no se rompan ni se da\u00f1en. El fuerte cierre positivo facilita la apertura y el cierre del estuche para puros, con el labio saliente interior, m\u00e1s incrustado, que se alinea con la estructura interna del estuche para mantener los puros seguros y facilitar su almacenamiento.\n<p><strong>Perfecta regulaci\u00f3n y conservaci\u00f3n de la humedad<\/strong>Gracias al humidificador de puros integrado, los puros se mantienen en condiciones \u00f3ptimas. El humidificador de puros mantiene autom\u00e1ticamente los puros a un nivel de humedad adecuado, tanto si est\u00e1 de vacaciones como en viaje de negocios o realizando otras actividades fuera de casa.<\/p>\n<p><strong>En casa o de viaje, ofrece espacio suficiente para sus necesidades<\/strong>Gracias a su espacioso dise\u00f1o, puede maximizar sus necesidades de almacenamiento tanto en casa como en la oficina. Con unas dimensiones internas de 24 x 4 x 18,3 cm (9,44 x 1,57 x 7,2 pulgadas), el humidor tiene capacidad para hasta 50 puros (dependiendo del tama\u00f1o de la anilla), con amplio espacio para los \u00e1ngulos y contornos de los puros almacenados. La parte superior del estuche para puros lleva incorporadas asas para accesorios port\u00e1tiles. Por lo tanto, este humidor de viaje satisface las distintas necesidades de posesi\u00f3n individual y de uso compartido.<\/p>\n<p>&nbsp;<\/li>\n<\/ul>\n<\/li>\n<\/ul>\n<\/div>\n<h1><img decoding=\"async\" src=\"https:\/\/ae01.alicdn.com\/kf\/Sce67d6508f694c6684836c424a20a333u.jpg\" alt=\"\"><img decoding=\"async\" src=\"https:\/\/ae01.alicdn.com\/kf\/Se90f6e7760f144c78b0d6548f61671beE.jpg\" alt=\"\"><img decoding=\"async\" src=\"https:\/\/ae01.alicdn.com\/kf\/S78a050ef3b44426cb35151b166faa276o.jpg\" alt=\"\"><img decoding=\"async\" src=\"https:\/\/ae01.alicdn.com\/kf\/S94f4e1bd8bbd494c902d42f528e2691cA.jpg\" alt=\"\"><img decoding=\"async\" src=\"https:\/\/ae01.alicdn.com\/kf\/Sb69422dd2e324227907455079a462e01s.jpg\" alt=\"\"><img decoding=\"async\" src=\"https:\/\/ae01.alicdn.com\/kf\/S10baf063927c4af191766382931d1af6R.jpg\" alt=\"\"><img decoding=\"async\" src=\"https:\/\/ae01.alicdn.com\/kf\/S7708b3176d2b4f819cef2dcda4494edfE.jpg\" alt=\"\"><img decoding=\"async\" src=\"https:\/\/ae01.alicdn.com\/kf\/Sfad1c6ccace042578fa92d93da28bfd9I.jpg\" alt=\"\"><\/h1>\n<p>&nbsp;<\/p>\n<p>&nbsp;<\/p>","protected":false},"excerpt":{"rendered":"<p>Par\u00e1metros del producto Estuche para humidor de puros con higr\u00f3metro Nombre del producto: Estuche para humidor de puros con higr\u00f3metro Material: Piel de PU de alta calidad en el exterior, madera de cedro en el interior Higr\u00f3metro: Higr\u00f3metro integrado de alta precisi\u00f3n para<\/p>","protected":false},"featured_media":4649,"comment_status":"open","ping_status":"closed","template":"","meta":[],"product_brand":[],"product_cat":[764,78],"product_tag":[],"class_list":{"0":"post-4648","1":"product","2":"type-product","3":"status-publish","4":"has-post-thumbnail","6":"product_cat-travel-humidor","7":"product_cat-zigarren-humidor","9":"first","10":"instock","11":"sale","12":"shipping-taxable","13":"purchasable","14":"product-type-simple"},"yoast_head":"<!-- This site is optimized with the Yoast SEO Premium plugin v26.7 (Yoast SEO v27.4) - https:\/\/yoast.com\/product\/yoast-seo-premium-wordpress\/ -->\n<title>Zigarren-Humidor-Etui mit Hygrometer - Der beste Onlineshop f\u00fcr Pfeifen und Zigarrenzubeh\u00f6r in Deutschland<\/title>\n<meta name=\"robots\" content=\"index, follow, max-snippet:-1, max-image-preview:large, max-video-preview:-1\" \/>\n<link rel=\"canonical\" href=\"https:\/\/pfeifenundzigarren.de\/es\/Produkt\/zigarren-humidor-etui-mit-hygrometer\/\" \/>\n<meta property=\"og:locale\" content=\"es_ES\" \/>\n<meta property=\"og:type\" content=\"article\" \/>\n<meta property=\"og:title\" content=\"Zigarren-Humidor-Etui mit Hygrometer\" \/>\n<meta property=\"og:description\" content=\"Produktparameter f\u00fcr Zigarren-Humidor-Etui mit Hygrometer Produktname: Zigarren-Humidor-Etui mit Hygrometer Material: Hochwertiges PU-Leder au\u00dfen, Zedernholz innen Hygrometer: Integriertes, hochpr\u00e4zises Hygrometer zur\" \/>\n<meta property=\"og:url\" content=\"https:\/\/pfeifenundzigarren.de\/es\/Produkt\/zigarren-humidor-etui-mit-hygrometer\/\" \/>\n<meta property=\"og:site_name\" content=\"Der beste Onlineshop f\u00fcr Pfeifen und Zigarrenzubeh\u00f6r in Deutschland\" \/>\n<meta property=\"article:modified_time\" content=\"2026-01-20T07:15:55+00:00\" \/>\n<meta property=\"og:image\" content=\"https:\/\/pfeifenundzigarren.de\/wp-content\/uploads\/2024\/10\/kf-S4f12369655ba4c7c9fe27d81d750aaf4y-Cigar-Humidor-Case-with-Hygrometer-Humidor-Box-Humidifier-Divider-Travel-Cigar-Case-Cedar-Wood-Hold-up.webp\" \/>\n\t<meta property=\"og:image:width\" content=\"1600\" \/>\n\t<meta property=\"og:image:height\" content=\"1600\" \/>\n\t<meta property=\"og:image:type\" content=\"image\/webp\" \/>\n<meta name=\"twitter:card\" content=\"summary_large_image\" \/>\n<meta name=\"twitter:label1\" content=\"Tiempo de lectura\" \/>\n\t<meta name=\"twitter:data1\" content=\"2 minutos\" \/>\n<script type=\"application\/ld+json\" class=\"yoast-schema-graph\">{\"@context\":\"https:\\\/\\\/schema.org\",\"@graph\":[{\"@type\":\"WebPage\",\"@id\":\"https:\\\/\\\/pfeifenundzigarren.de\\\/Produkt\\\/zigarren-humidor-etui-mit-hygrometer\\\/\",\"url\":\"https:\\\/\\\/pfeifenundzigarren.de\\\/Produkt\\\/zigarren-humidor-etui-mit-hygrometer\\\/\",\"name\":\"Zigarren-Humidor-Etui mit Hygrometer - Der beste Onlineshop f\u00fcr Pfeifen und Zigarrenzubeh\u00f6r in Deutschland\",\"isPartOf\":{\"@id\":\"https:\\\/\\\/pfeifenundzigarren.de\\\/#website\"},\"primaryImageOfPage\":{\"@id\":\"https:\\\/\\\/pfeifenundzigarren.de\\\/Produkt\\\/zigarren-humidor-etui-mit-hygrometer\\\/#primaryimage\"},\"image\":{\"@id\":\"https:\\\/\\\/pfeifenundzigarren.de\\\/Produkt\\\/zigarren-humidor-etui-mit-hygrometer\\\/#primaryimage\"},\"thumbnailUrl\":\"https:\\\/\\\/pfeifenundzigarren.de\\\/wp-content\\\/uploads\\\/2024\\\/10\\\/kf-S4f12369655ba4c7c9fe27d81d750aaf4y-Cigar-Humidor-Case-with-Hygrometer-Humidor-Box-Humidifier-Divider-Travel-Cigar-Case-Cedar-Wood-Hold-up.webp\",\"datePublished\":\"2024-10-06T08:10:48+00:00\",\"dateModified\":\"2026-01-20T07:15:55+00:00\",\"breadcrumb\":{\"@id\":\"https:\\\/\\\/pfeifenundzigarren.de\\\/Produkt\\\/zigarren-humidor-etui-mit-hygrometer\\\/#breadcrumb\"},\"inLanguage\":\"es\",\"potentialAction\":[{\"@type\":\"ReadAction\",\"target\":[\"https:\\\/\\\/pfeifenundzigarren.de\\\/Produkt\\\/zigarren-humidor-etui-mit-hygrometer\\\/\"]}]},{\"@type\":\"ImageObject\",\"inLanguage\":\"es\",\"@id\":\"https:\\\/\\\/pfeifenundzigarren.de\\\/Produkt\\\/zigarren-humidor-etui-mit-hygrometer\\\/#primaryimage\",\"url\":\"https:\\\/\\\/pfeifenundzigarren.de\\\/wp-content\\\/uploads\\\/2024\\\/10\\\/kf-S4f12369655ba4c7c9fe27d81d750aaf4y-Cigar-Humidor-Case-with-Hygrometer-Humidor-Box-Humidifier-Divider-Travel-Cigar-Case-Cedar-Wood-Hold-up.webp\",\"contentUrl\":\"https:\\\/\\\/pfeifenundzigarren.de\\\/wp-content\\\/uploads\\\/2024\\\/10\\\/kf-S4f12369655ba4c7c9fe27d81d750aaf4y-Cigar-Humidor-Case-with-Hygrometer-Humidor-Box-Humidifier-Divider-Travel-Cigar-Case-Cedar-Wood-Hold-up.webp\",\"width\":1600,\"height\":1600},{\"@type\":\"BreadcrumbList\",\"@id\":\"https:\\\/\\\/pfeifenundzigarren.de\\\/Produkt\\\/zigarren-humidor-etui-mit-hygrometer\\\/#breadcrumb\",\"itemListElement\":[{\"@type\":\"ListItem\",\"position\":1,\"name\":\"Home\",\"item\":\"https:\\\/\\\/pfeifenundzigarren.de\\\/\"},{\"@type\":\"ListItem\",\"position\":2,\"name\":\"Shop\",\"item\":\"https:\\\/\\\/pfeifenundzigarren.de\\\/shop\\\/\"},{\"@type\":\"ListItem\",\"position\":3,\"name\":\"Zigarren-Humidor-Etui mit Hygrometer\"}]},{\"@type\":\"WebSite\",\"@id\":\"https:\\\/\\\/pfeifenundzigarren.de\\\/#website\",\"url\":\"https:\\\/\\\/pfeifenundzigarren.de\\\/\",\"name\":\"Der beste Onlineshop f\u00fcr Pfeifen und Zigarrenzubeh\u00f6r in Deutschland\",\"description\":\"\",\"publisher\":{\"@id\":\"https:\\\/\\\/pfeifenundzigarren.de\\\/#organization\"},\"potentialAction\":[{\"@type\":\"SearchAction\",\"target\":{\"@type\":\"EntryPoint\",\"urlTemplate\":\"https:\\\/\\\/pfeifenundzigarren.de\\\/?s={search_term_string}\"},\"query-input\":{\"@type\":\"PropertyValueSpecification\",\"valueRequired\":true,\"valueName\":\"search_term_string\"}}],\"inLanguage\":\"es\"},{\"@type\":\"Organization\",\"@id\":\"https:\\\/\\\/pfeifenundzigarren.de\\\/#organization\",\"name\":\"Der beste Onlineshop f\u00fcr Pfeifen und Zigarrenzubeh\u00f6r in Deutschland\",\"url\":\"https:\\\/\\\/pfeifenundzigarren.de\\\/\",\"logo\":{\"@type\":\"ImageObject\",\"inLanguage\":\"es\",\"@id\":\"https:\\\/\\\/pfeifenundzigarren.de\\\/#\\\/schema\\\/logo\\\/image\\\/\",\"url\":\"https:\\\/\\\/pfeifenundzigarren.de\\\/wp-content\\\/uploads\\\/2024\\\/09\\\/cropped-Luxury-and-Vintage-Ornamental-Coffee-Shop-Logo.png\",\"contentUrl\":\"https:\\\/\\\/pfeifenundzigarren.de\\\/wp-content\\\/uploads\\\/2024\\\/09\\\/cropped-Luxury-and-Vintage-Ornamental-Coffee-Shop-Logo.png\",\"width\":512,\"height\":512,\"caption\":\"Der beste Onlineshop f\u00fcr Pfeifen und Zigarrenzubeh\u00f6r in Deutschland\"},\"image\":{\"@id\":\"https:\\\/\\\/pfeifenundzigarren.de\\\/#\\\/schema\\\/logo\\\/image\\\/\"}}]}<\/script>\n<!-- \/ Yoast SEO Premium plugin. -->","yoast_head_json":{"title":"Zigarren-Humidor-Etui mit Hygrometer - Der beste Onlineshop f\u00fcr Pfeifen und Zigarrenzubeh\u00f6r in Deutschland","robots":{"index":"index","follow":"follow","max-snippet":"max-snippet:-1","max-image-preview":"max-image-preview:large","max-video-preview":"max-video-preview:-1"},"canonical":"https:\/\/pfeifenundzigarren.de\/es\/Produkt\/zigarren-humidor-etui-mit-hygrometer\/","og_locale":"es_ES","og_type":"article","og_title":"Zigarren-Humidor-Etui mit Hygrometer","og_description":"Produktparameter f\u00fcr Zigarren-Humidor-Etui mit Hygrometer Produktname: Zigarren-Humidor-Etui mit Hygrometer Material: Hochwertiges PU-Leder au\u00dfen, Zedernholz innen Hygrometer: Integriertes, hochpr\u00e4zises Hygrometer zur","og_url":"https:\/\/pfeifenundzigarren.de\/es\/Produkt\/zigarren-humidor-etui-mit-hygrometer\/","og_site_name":"Der beste Onlineshop f\u00fcr Pfeifen und Zigarrenzubeh\u00f6r in Deutschland","article_modified_time":"2026-01-20T07:15:55+00:00","og_image":[{"width":1600,"height":1600,"url":"https:\/\/pfeifenundzigarren.de\/wp-content\/uploads\/2024\/10\/kf-S4f12369655ba4c7c9fe27d81d750aaf4y-Cigar-Humidor-Case-with-Hygrometer-Humidor-Box-Humidifier-Divider-Travel-Cigar-Case-Cedar-Wood-Hold-up.webp","type":"image\/webp"}],"twitter_card":"summary_large_image","twitter_misc":{"Tiempo de lectura":"2 minutos"},"schema":{"@context":"https:\/\/schema.org","@graph":[{"@type":"WebPage","@id":"https:\/\/pfeifenundzigarren.de\/Produkt\/zigarren-humidor-etui-mit-hygrometer\/","url":"https:\/\/pfeifenundzigarren.de\/Produkt\/zigarren-humidor-etui-mit-hygrometer\/","name":"Zigarren-Humidor-Etui mit Hygrometer - Der beste Onlineshop f\u00fcr Pfeifen und Zigarrenzubeh\u00f6r in Deutschland","isPartOf":{"@id":"https:\/\/pfeifenundzigarren.de\/#website"},"primaryImageOfPage":{"@id":"https:\/\/pfeifenundzigarren.de\/Produkt\/zigarren-humidor-etui-mit-hygrometer\/#primaryimage"},"image":{"@id":"https:\/\/pfeifenundzigarren.de\/Produkt\/zigarren-humidor-etui-mit-hygrometer\/#primaryimage"},"thumbnailUrl":"https:\/\/pfeifenundzigarren.de\/wp-content\/uploads\/2024\/10\/kf-S4f12369655ba4c7c9fe27d81d750aaf4y-Cigar-Humidor-Case-with-Hygrometer-Humidor-Box-Humidifier-Divider-Travel-Cigar-Case-Cedar-Wood-Hold-up.webp","datePublished":"2024-10-06T08:10:48+00:00","dateModified":"2026-01-20T07:15:55+00:00","breadcrumb":{"@id":"https:\/\/pfeifenundzigarren.de\/Produkt\/zigarren-humidor-etui-mit-hygrometer\/#breadcrumb"},"inLanguage":"es","potentialAction":[{"@type":"ReadAction","target":["https:\/\/pfeifenundzigarren.de\/Produkt\/zigarren-humidor-etui-mit-hygrometer\/"]}]},{"@type":"ImageObject","inLanguage":"es","@id":"https:\/\/pfeifenundzigarren.de\/Produkt\/zigarren-humidor-etui-mit-hygrometer\/#primaryimage","url":"https:\/\/pfeifenundzigarren.de\/wp-content\/uploads\/2024\/10\/kf-S4f12369655ba4c7c9fe27d81d750aaf4y-Cigar-Humidor-Case-with-Hygrometer-Humidor-Box-Humidifier-Divider-Travel-Cigar-Case-Cedar-Wood-Hold-up.webp","contentUrl":"https:\/\/pfeifenundzigarren.de\/wp-content\/uploads\/2024\/10\/kf-S4f12369655ba4c7c9fe27d81d750aaf4y-Cigar-Humidor-Case-with-Hygrometer-Humidor-Box-Humidifier-Divider-Travel-Cigar-Case-Cedar-Wood-Hold-up.webp","width":1600,"height":1600},{"@type":"BreadcrumbList","@id":"https:\/\/pfeifenundzigarren.de\/Produkt\/zigarren-humidor-etui-mit-hygrometer\/#breadcrumb","itemListElement":[{"@type":"ListItem","position":1,"name":"Home","item":"https:\/\/pfeifenundzigarren.de\/"},{"@type":"ListItem","position":2,"name":"Shop","item":"https:\/\/pfeifenundzigarren.de\/shop\/"},{"@type":"ListItem","position":3,"name":"Zigarren-Humidor-Etui mit Hygrometer"}]},{"@type":"WebSite","@id":"https:\/\/pfeifenundzigarren.de\/#website","url":"https:\/\/pfeifenundzigarren.de\/","name":"La mejor tienda en l\u00ednea de pipas y accesorios para puros de Alemania","description":"","publisher":{"@id":"https:\/\/pfeifenundzigarren.de\/#organization"},"potentialAction":[{"@type":"SearchAction","target":{"@type":"EntryPoint","urlTemplate":"https:\/\/pfeifenundzigarren.de\/?s={search_term_string}"},"query-input":{"@type":"PropertyValueSpecification","valueRequired":true,"valueName":"search_term_string"}}],"inLanguage":"es"},{"@type":"Organization","@id":"https:\/\/pfeifenundzigarren.de\/#organization","name":"La mejor tienda en l\u00ednea de pipas y accesorios para puros de Alemania","url":"https:\/\/pfeifenundzigarren.de\/","logo":{"@type":"ImageObject","inLanguage":"es","@id":"https:\/\/pfeifenundzigarren.de\/#\/schema\/logo\/image\/","url":"https:\/\/pfeifenundzigarren.de\/wp-content\/uploads\/2024\/09\/cropped-Luxury-and-Vintage-Ornamental-Coffee-Shop-Logo.png","contentUrl":"https:\/\/pfeifenundzigarren.de\/wp-content\/uploads\/2024\/09\/cropped-Luxury-and-Vintage-Ornamental-Coffee-Shop-Logo.png","width":512,"height":512,"caption":"Der beste Onlineshop f\u00fcr Pfeifen und Zigarrenzubeh\u00f6r in Deutschland"},"image":{"@id":"https:\/\/pfeifenundzigarren.de\/#\/schema\/logo\/image\/"}}]}},"_links":{"self":[{"href":"https:\/\/pfeifenundzigarren.de\/es\/wp-json\/wp\/v2\/product\/4648","targetHints":{"allow":["GET"]}}],"collection":[{"href":"https:\/\/pfeifenundzigarren.de\/es\/wp-json\/wp\/v2\/product"}],"about":[{"href":"https:\/\/pfeifenundzigarren.de\/es\/wp-json\/wp\/v2\/types\/product"}],"replies":[{"embeddable":true,"href":"https:\/\/pfeifenundzigarren.de\/es\/wp-json\/wp\/v2\/comments?post=4648"}],"version-history":[{"count":0,"href":"https:\/\/pfeifenundzigarren.de\/es\/wp-json\/wp\/v2\/product\/4648\/revisions"}],"wp:featuredmedia":[{"embeddable":true,"href":"https:\/\/pfeifenundzigarren.de\/es\/wp-json\/wp\/v2\/media\/4649"}],"wp:attachment":[{"href":"https:\/\/pfeifenundzigarren.de\/es\/wp-json\/wp\/v2\/media?parent=4648"}],"wp:term":[{"taxonomy":"product_brand","embeddable":true,"href":"https:\/\/pfeifenundzigarren.de\/es\/wp-json\/wp\/v2\/product_brand?post=4648"},{"taxonomy":"product_cat","embeddable":true,"href":"https:\/\/pfeifenundzigarren.de\/es\/wp-json\/wp\/v2\/product_cat?post=4648"},{"taxonomy":"product_tag","embeddable":true,"href":"https:\/\/pfeifenundzigarren.de\/es\/wp-json\/wp\/v2\/product_tag?post=4648"}],"curies":[{"name":"wp","href":"https:\/\/api.w.org\/{rel}","templated":true}]}}