{"id":4639,"date":"2024-10-06T10:10:23","date_gmt":"2024-10-06T08:10:23","guid":{"rendered":"https:\/\/pfeifenundzigarren.de\/Produkt\/zigarren-humidor-in-holzkiste\/"},"modified":"2026-01-20T08:15:57","modified_gmt":"2026-01-20T07:15:57","slug":"zigarren-humidor-in-holzkiste","status":"publish","type":"product","link":"https:\/\/pfeifenundzigarren.de\/es\/Produkt\/zigarren-humidor-in-holzkiste\/","title":{"rendered":"Humidor de puros en caja de madera"},"content":{"rendered":"<div class=\"detailmodule_html\">\n<div class=\"detail-desc-decorate-richtext\"><strong>Descripci\u00f3n<\/strong><\/p>\n<p><span>Se trata de una caja de almacenamiento de primera calidad, materiales naturales y de seguridad. Dise\u00f1o de una pieza con exquisita artesan\u00eda, la superficie es lisa, y la sensaci\u00f3n al tacto es perfecta. Puede ser una gran caja de regalo para el almacenamiento de sus regalos a los amigos.<br \/>\n<\/span><br \/>\n<strong>Caracter\u00edsticas<\/strong><\/p>\n<p>-Color: Como se muestra<br \/>\n-Material: hierro, PU, madera<br \/>\n-Talla: <span>17.00X15.00X6.50cm\/<\/span><span>6.68X5.89X2.55in<br \/>\n<span>-Puede almacenar u otros objetos peque\u00f1os. Este es un regalo pr\u00e1ctico para los amigos, colegas y amigos.<\/span><br \/>\n<span>-Tiene una amplia gama de y es f\u00e1cil de llevar, seguro y conveniente para los viajes al aire libre, y mejor paquete .<\/span><br \/>\n<span>-Pulido a mano y liso, tiene la mano de obra exquisita, y mucho de gama alta exquisita.<\/span><br \/>\n<span>-Protegerlas de la intrusi\u00f3n de polvo, manteni\u00e9ndolas as\u00ed frescas, para que sea c\u00f3modo y seguro disfrutar de ellas.<\/span><br \/>\n<span>-Puede satisfacer f\u00e1cilmente sus necesidades de almacenamiento y tambi\u00e9n ser\u00e1 una buena opci\u00f3n de exposici\u00f3n.<\/span><br \/>\n<\/span><\/p>\n<p>1 x Caja port\u00e1til<\/p>\n<p><img decoding=\"async\" src=\"https:\/\/irobotbox-%20.oss-cn-hangzhou.aliyuncs.com\/1\/ProductImages\/13790060\/2022-03-28\/2b03f1914f35433ea2aa7fb71e73a3a4\/80d7a6eb-bcbb-4ead-846c-0cb46dd3c47b.jpg?x-oss-process=image\/resize,m_pad,w_800,h_800,limit_0,color_ffffff\" alt=\"\"><\/p>\n<p><img decoding=\"async\" src=\"https:\/\/irobotbox-%20.oss-cn-hangzhou.aliyuncs.com\/1\/ProductImages\/13790060\/2022-03-28\/782cfe5ff506489987ca2729eb4b20a4\/b941b280-d267-4867-bc88-27ac9b16f8ad.jpg?x-oss-process=image\/resize,m_pad,w_800,h_800,limit_0,color_ffffff\" alt=\"\"><\/p>\n<p><img decoding=\"async\" src=\"https:\/\/irobotbox-%20.oss-cn-hangzhou.aliyuncs.com\/1\/ProductImages\/13790060\/2022-03-28\/7cebad1de6d64e24b005c4cf57c2b569\/c3e24aed-f89a-48d9-936e-a61cf3007d25.jpg?x-oss-process=image\/resize,m_pad,w_800,h_800,limit_0,color_ffffff\" alt=\"\"><\/p>\n<p><img decoding=\"async\" src=\"https:\/\/irobotbox-%20.oss-cn-hangzhou.aliyuncs.com\/1\/ProductImages\/13790060\/2022-03-28\/1dd4213bbd7b48bcbeedaf590f34e680\/e0aedced-dad0-4a74-925b-d6c0751ab91d.jpg?x-oss-process=image\/resize,m_pad,w_800,h_800,limit_0,color_ffffff\" alt=\"\"><\/p>\n<p><img decoding=\"async\" src=\"https:\/\/irobotbox-%20.oss-cn-hangzhou.aliyuncs.com\/1\/ProductImages\/13790060\/2022-03-28\/b2734bda073f4c2ca66e80da3371c789\/a0014db4-aa12-44ff-86db-8f78fd8dbbae.jpg?x-oss-process=image\/resize,m_pad,w_800,h_800,limit_0,color_ffffff\" alt=\"\"><\/p>\n<p><img decoding=\"async\" src=\"https:\/\/irobotbox-%20.oss-cn-hangzhou.aliyuncs.com\/1\/ProductImages\/13790060\/2022-03-28\/bbdf8f6dd4a24308ac341fa112eb7f3b\/4531ab18-71e5-4cd8-b3bc-bf0ee28e22d5.jpg?x-oss-process=image\/resize,m_pad,w_800,h_800,limit_0,color_ffffff\" alt=\"\"><\/p>\n<p><img decoding=\"async\" src=\"https:\/\/irobotbox-%20.oss-cn-hangzhou.aliyuncs.com\/1\/ProductImages\/13790060\/2022-03-28\/be4caa6e79d147b0aa3c5a6317ad93c4\/829dee37-ef5e-4ab9-86e4-edfee292a8fc.jpg?x-oss-process=image\/resize,m_pad,w_800,h_800,limit_0,color_ffffff\" alt=\"\"><\/p>\n<p><img decoding=\"async\" src=\"https:\/\/irobotbox-%20.oss-cn-hangzhou.aliyuncs.com\/1\/ProductImages\/13790060\/2022-03-28\/7ddbf1bd76d34c2b9b00bea576530bc2\/644d9e7d-1705-4ea9-99af-b2f64946018f.jpg?x-oss-process=image\/resize,m_pad,w_800,h_800,limit_0,color_ffffff\" alt=\"\"><\/p>\n<p><!--begin_buriedwords--> <br \/>caja humidor<!--end_buriedwords--><\/div>\n<\/div>","protected":false},"excerpt":{"rendered":"<p>Descripci\u00f3n Se trata de una caja de almacenamiento de primera calidad, materiales naturales y de seguridad. Dise\u00f1o de una sola pieza con exquisita artesan\u00eda, la superficie es<\/p>","protected":false},"featured_media":4640,"comment_status":"open","ping_status":"closed","template":"","meta":[],"product_brand":[],"product_cat":[764,78],"product_tag":[],"class_list":{"0":"post-4639","1":"product","2":"type-product","3":"status-publish","4":"has-post-thumbnail","6":"product_cat-travel-humidor","7":"product_cat-zigarren-humidor","9":"first","10":"instock","11":"sale","12":"shipping-taxable","13":"purchasable","14":"product-type-variable","15":"wvs-archive-product-wrapper"},"yoast_head":"<!-- This site is optimized with the Yoast SEO Premium plugin v26.7 (Yoast SEO v27.4) - https:\/\/yoast.com\/product\/yoast-seo-premium-wordpress\/ -->\n<title>Zigarren-Humidor in Holzkiste - Der beste Onlineshop f\u00fcr Pfeifen und Zigarrenzubeh\u00f6r in Deutschland<\/title>\n<meta name=\"robots\" content=\"index, follow, max-snippet:-1, max-image-preview:large, max-video-preview:-1\" \/>\n<link rel=\"canonical\" href=\"https:\/\/pfeifenundzigarren.de\/es\/Produkt\/zigarren-humidor-in-holzkiste\/\" \/>\n<meta property=\"og:locale\" content=\"es_ES\" \/>\n<meta property=\"og:type\" content=\"article\" \/>\n<meta property=\"og:title\" content=\"Zigarren-Humidor in Holzkiste\" \/>\n<meta property=\"og:description\" content=\"Description This is a premium storage box, natural and safety materials. One piece design with exquisite craftsmanship, the surface is\" \/>\n<meta property=\"og:url\" content=\"https:\/\/pfeifenundzigarren.de\/es\/Produkt\/zigarren-humidor-in-holzkiste\/\" \/>\n<meta property=\"og:site_name\" content=\"Der beste Onlineshop f\u00fcr Pfeifen und Zigarrenzubeh\u00f6r in Deutschland\" \/>\n<meta property=\"article:modified_time\" content=\"2026-01-20T07:15:57+00:00\" \/>\n<meta property=\"og:image\" content=\"https:\/\/pfeifenundzigarren.de\/wp-content\/uploads\/2024\/10\/kf-S333a22628d29447ebe9a42dc9cc48f9cX.webp\" \/>\n\t<meta property=\"og:image:width\" content=\"1600\" \/>\n\t<meta property=\"og:image:height\" content=\"1600\" \/>\n\t<meta property=\"og:image:type\" content=\"image\/webp\" \/>\n<meta name=\"twitter:card\" content=\"summary_large_image\" \/>\n<meta name=\"twitter:label1\" content=\"Tiempo de lectura\" \/>\n\t<meta name=\"twitter:data1\" content=\"1 minuto\" \/>\n<script type=\"application\/ld+json\" class=\"yoast-schema-graph\">{\"@context\":\"https:\\\/\\\/schema.org\",\"@graph\":[{\"@type\":\"WebPage\",\"@id\":\"https:\\\/\\\/pfeifenundzigarren.de\\\/Produkt\\\/zigarren-humidor-in-holzkiste\\\/\",\"url\":\"https:\\\/\\\/pfeifenundzigarren.de\\\/Produkt\\\/zigarren-humidor-in-holzkiste\\\/\",\"name\":\"Zigarren-Humidor in Holzkiste - Der beste Onlineshop f\u00fcr Pfeifen und Zigarrenzubeh\u00f6r in Deutschland\",\"isPartOf\":{\"@id\":\"https:\\\/\\\/pfeifenundzigarren.de\\\/#website\"},\"primaryImageOfPage\":{\"@id\":\"https:\\\/\\\/pfeifenundzigarren.de\\\/Produkt\\\/zigarren-humidor-in-holzkiste\\\/#primaryimage\"},\"image\":{\"@id\":\"https:\\\/\\\/pfeifenundzigarren.de\\\/Produkt\\\/zigarren-humidor-in-holzkiste\\\/#primaryimage\"},\"thumbnailUrl\":\"https:\\\/\\\/pfeifenundzigarren.de\\\/wp-content\\\/uploads\\\/2024\\\/10\\\/kf-S333a22628d29447ebe9a42dc9cc48f9cX.webp\",\"datePublished\":\"2024-10-06T08:10:23+00:00\",\"dateModified\":\"2026-01-20T07:15:57+00:00\",\"breadcrumb\":{\"@id\":\"https:\\\/\\\/pfeifenundzigarren.de\\\/Produkt\\\/zigarren-humidor-in-holzkiste\\\/#breadcrumb\"},\"inLanguage\":\"es\",\"potentialAction\":[{\"@type\":\"ReadAction\",\"target\":[\"https:\\\/\\\/pfeifenundzigarren.de\\\/Produkt\\\/zigarren-humidor-in-holzkiste\\\/\"]}]},{\"@type\":\"ImageObject\",\"inLanguage\":\"es\",\"@id\":\"https:\\\/\\\/pfeifenundzigarren.de\\\/Produkt\\\/zigarren-humidor-in-holzkiste\\\/#primaryimage\",\"url\":\"https:\\\/\\\/pfeifenundzigarren.de\\\/wp-content\\\/uploads\\\/2024\\\/10\\\/kf-S333a22628d29447ebe9a42dc9cc48f9cX.webp\",\"contentUrl\":\"https:\\\/\\\/pfeifenundzigarren.de\\\/wp-content\\\/uploads\\\/2024\\\/10\\\/kf-S333a22628d29447ebe9a42dc9cc48f9cX.webp\",\"width\":1600,\"height\":1600},{\"@type\":\"BreadcrumbList\",\"@id\":\"https:\\\/\\\/pfeifenundzigarren.de\\\/Produkt\\\/zigarren-humidor-in-holzkiste\\\/#breadcrumb\",\"itemListElement\":[{\"@type\":\"ListItem\",\"position\":1,\"name\":\"Home\",\"item\":\"https:\\\/\\\/pfeifenundzigarren.de\\\/\"},{\"@type\":\"ListItem\",\"position\":2,\"name\":\"Shop\",\"item\":\"https:\\\/\\\/pfeifenundzigarren.de\\\/shop\\\/\"},{\"@type\":\"ListItem\",\"position\":3,\"name\":\"Zigarren-Humidor in Holzkiste\"}]},{\"@type\":\"WebSite\",\"@id\":\"https:\\\/\\\/pfeifenundzigarren.de\\\/#website\",\"url\":\"https:\\\/\\\/pfeifenundzigarren.de\\\/\",\"name\":\"Der beste Onlineshop f\u00fcr Pfeifen und Zigarrenzubeh\u00f6r in Deutschland\",\"description\":\"\",\"publisher\":{\"@id\":\"https:\\\/\\\/pfeifenundzigarren.de\\\/#organization\"},\"potentialAction\":[{\"@type\":\"SearchAction\",\"target\":{\"@type\":\"EntryPoint\",\"urlTemplate\":\"https:\\\/\\\/pfeifenundzigarren.de\\\/?s={search_term_string}\"},\"query-input\":{\"@type\":\"PropertyValueSpecification\",\"valueRequired\":true,\"valueName\":\"search_term_string\"}}],\"inLanguage\":\"es\"},{\"@type\":\"Organization\",\"@id\":\"https:\\\/\\\/pfeifenundzigarren.de\\\/#organization\",\"name\":\"Der beste Onlineshop f\u00fcr Pfeifen und Zigarrenzubeh\u00f6r in Deutschland\",\"url\":\"https:\\\/\\\/pfeifenundzigarren.de\\\/\",\"logo\":{\"@type\":\"ImageObject\",\"inLanguage\":\"es\",\"@id\":\"https:\\\/\\\/pfeifenundzigarren.de\\\/#\\\/schema\\\/logo\\\/image\\\/\",\"url\":\"https:\\\/\\\/pfeifenundzigarren.de\\\/wp-content\\\/uploads\\\/2024\\\/09\\\/cropped-Luxury-and-Vintage-Ornamental-Coffee-Shop-Logo.png\",\"contentUrl\":\"https:\\\/\\\/pfeifenundzigarren.de\\\/wp-content\\\/uploads\\\/2024\\\/09\\\/cropped-Luxury-and-Vintage-Ornamental-Coffee-Shop-Logo.png\",\"width\":512,\"height\":512,\"caption\":\"Der beste Onlineshop f\u00fcr Pfeifen und Zigarrenzubeh\u00f6r in Deutschland\"},\"image\":{\"@id\":\"https:\\\/\\\/pfeifenundzigarren.de\\\/#\\\/schema\\\/logo\\\/image\\\/\"}}]}<\/script>\n<!-- \/ Yoast SEO Premium plugin. -->","yoast_head_json":{"title":"Zigarren-Humidor in Holzkiste - Der beste Onlineshop f\u00fcr Pfeifen und Zigarrenzubeh\u00f6r in Deutschland","robots":{"index":"index","follow":"follow","max-snippet":"max-snippet:-1","max-image-preview":"max-image-preview:large","max-video-preview":"max-video-preview:-1"},"canonical":"https:\/\/pfeifenundzigarren.de\/es\/Produkt\/zigarren-humidor-in-holzkiste\/","og_locale":"es_ES","og_type":"article","og_title":"Zigarren-Humidor in Holzkiste","og_description":"Description This is a premium storage box, natural and safety materials. One piece design with exquisite craftsmanship, the surface is","og_url":"https:\/\/pfeifenundzigarren.de\/es\/Produkt\/zigarren-humidor-in-holzkiste\/","og_site_name":"Der beste Onlineshop f\u00fcr Pfeifen und Zigarrenzubeh\u00f6r in Deutschland","article_modified_time":"2026-01-20T07:15:57+00:00","og_image":[{"width":1600,"height":1600,"url":"https:\/\/pfeifenundzigarren.de\/wp-content\/uploads\/2024\/10\/kf-S333a22628d29447ebe9a42dc9cc48f9cX.webp","type":"image\/webp"}],"twitter_card":"summary_large_image","twitter_misc":{"Tiempo de lectura":"1 minuto"},"schema":{"@context":"https:\/\/schema.org","@graph":[{"@type":"WebPage","@id":"https:\/\/pfeifenundzigarren.de\/Produkt\/zigarren-humidor-in-holzkiste\/","url":"https:\/\/pfeifenundzigarren.de\/Produkt\/zigarren-humidor-in-holzkiste\/","name":"Zigarren-Humidor in Holzkiste - Der beste Onlineshop f\u00fcr Pfeifen und Zigarrenzubeh\u00f6r in Deutschland","isPartOf":{"@id":"https:\/\/pfeifenundzigarren.de\/#website"},"primaryImageOfPage":{"@id":"https:\/\/pfeifenundzigarren.de\/Produkt\/zigarren-humidor-in-holzkiste\/#primaryimage"},"image":{"@id":"https:\/\/pfeifenundzigarren.de\/Produkt\/zigarren-humidor-in-holzkiste\/#primaryimage"},"thumbnailUrl":"https:\/\/pfeifenundzigarren.de\/wp-content\/uploads\/2024\/10\/kf-S333a22628d29447ebe9a42dc9cc48f9cX.webp","datePublished":"2024-10-06T08:10:23+00:00","dateModified":"2026-01-20T07:15:57+00:00","breadcrumb":{"@id":"https:\/\/pfeifenundzigarren.de\/Produkt\/zigarren-humidor-in-holzkiste\/#breadcrumb"},"inLanguage":"es","potentialAction":[{"@type":"ReadAction","target":["https:\/\/pfeifenundzigarren.de\/Produkt\/zigarren-humidor-in-holzkiste\/"]}]},{"@type":"ImageObject","inLanguage":"es","@id":"https:\/\/pfeifenundzigarren.de\/Produkt\/zigarren-humidor-in-holzkiste\/#primaryimage","url":"https:\/\/pfeifenundzigarren.de\/wp-content\/uploads\/2024\/10\/kf-S333a22628d29447ebe9a42dc9cc48f9cX.webp","contentUrl":"https:\/\/pfeifenundzigarren.de\/wp-content\/uploads\/2024\/10\/kf-S333a22628d29447ebe9a42dc9cc48f9cX.webp","width":1600,"height":1600},{"@type":"BreadcrumbList","@id":"https:\/\/pfeifenundzigarren.de\/Produkt\/zigarren-humidor-in-holzkiste\/#breadcrumb","itemListElement":[{"@type":"ListItem","position":1,"name":"Home","item":"https:\/\/pfeifenundzigarren.de\/"},{"@type":"ListItem","position":2,"name":"Shop","item":"https:\/\/pfeifenundzigarren.de\/shop\/"},{"@type":"ListItem","position":3,"name":"Zigarren-Humidor in Holzkiste"}]},{"@type":"WebSite","@id":"https:\/\/pfeifenundzigarren.de\/#website","url":"https:\/\/pfeifenundzigarren.de\/","name":"La mejor tienda en l\u00ednea de pipas y accesorios para puros de Alemania","description":"","publisher":{"@id":"https:\/\/pfeifenundzigarren.de\/#organization"},"potentialAction":[{"@type":"SearchAction","target":{"@type":"EntryPoint","urlTemplate":"https:\/\/pfeifenundzigarren.de\/?s={search_term_string}"},"query-input":{"@type":"PropertyValueSpecification","valueRequired":true,"valueName":"search_term_string"}}],"inLanguage":"es"},{"@type":"Organization","@id":"https:\/\/pfeifenundzigarren.de\/#organization","name":"La mejor tienda en l\u00ednea de pipas y accesorios para puros de Alemania","url":"https:\/\/pfeifenundzigarren.de\/","logo":{"@type":"ImageObject","inLanguage":"es","@id":"https:\/\/pfeifenundzigarren.de\/#\/schema\/logo\/image\/","url":"https:\/\/pfeifenundzigarren.de\/wp-content\/uploads\/2024\/09\/cropped-Luxury-and-Vintage-Ornamental-Coffee-Shop-Logo.png","contentUrl":"https:\/\/pfeifenundzigarren.de\/wp-content\/uploads\/2024\/09\/cropped-Luxury-and-Vintage-Ornamental-Coffee-Shop-Logo.png","width":512,"height":512,"caption":"Der beste Onlineshop f\u00fcr Pfeifen und Zigarrenzubeh\u00f6r in Deutschland"},"image":{"@id":"https:\/\/pfeifenundzigarren.de\/#\/schema\/logo\/image\/"}}]}},"_links":{"self":[{"href":"https:\/\/pfeifenundzigarren.de\/es\/wp-json\/wp\/v2\/product\/4639","targetHints":{"allow":["GET"]}}],"collection":[{"href":"https:\/\/pfeifenundzigarren.de\/es\/wp-json\/wp\/v2\/product"}],"about":[{"href":"https:\/\/pfeifenundzigarren.de\/es\/wp-json\/wp\/v2\/types\/product"}],"replies":[{"embeddable":true,"href":"https:\/\/pfeifenundzigarren.de\/es\/wp-json\/wp\/v2\/comments?post=4639"}],"version-history":[{"count":0,"href":"https:\/\/pfeifenundzigarren.de\/es\/wp-json\/wp\/v2\/product\/4639\/revisions"}],"wp:featuredmedia":[{"embeddable":true,"href":"https:\/\/pfeifenundzigarren.de\/es\/wp-json\/wp\/v2\/media\/4640"}],"wp:attachment":[{"href":"https:\/\/pfeifenundzigarren.de\/es\/wp-json\/wp\/v2\/media?parent=4639"}],"wp:term":[{"taxonomy":"product_brand","embeddable":true,"href":"https:\/\/pfeifenundzigarren.de\/es\/wp-json\/wp\/v2\/product_brand?post=4639"},{"taxonomy":"product_cat","embeddable":true,"href":"https:\/\/pfeifenundzigarren.de\/es\/wp-json\/wp\/v2\/product_cat?post=4639"},{"taxonomy":"product_tag","embeddable":true,"href":"https:\/\/pfeifenundzigarren.de\/es\/wp-json\/wp\/v2\/product_tag?post=4639"}],"curies":[{"name":"wp","href":"https:\/\/api.w.org\/{rel}","templated":true}]}}