{"id":4302,"date":"2024-10-06T02:44:56","date_gmt":"2024-10-06T00:44:56","guid":{"rendered":"https:\/\/pfeifenundzigarren.de\/?post_type=product&#038;p=4302"},"modified":"2024-10-06T05:17:14","modified_gmt":"2024-10-06T03:17:14","slug":"handgeschnitzte-teekannen-freehand-pfeife","status":"publish","type":"product","link":"https:\/\/pfeifenundzigarren.de\/es\/Produkt\/handgeschnitzte-teekannen-freehand-pfeife\/","title":{"rendered":"tetera tallada a mano pipa a mano alzada"},"content":{"rendered":"<p><iframe title=\"MUXIANG Tetera Tallada a Mano Pipa Freehand (Verdaderas Obras De Arte ,Totalmente Hechas A Mano) #woodcraftideas #diy\" width=\"500\" height=\"281\" src=\"https:\/\/www.youtube.com\/embed\/n4xRLYjsMi0?feature=oembed\" frameborder=\"0\" allow=\"accelerometer; autoplay; clipboard-write; encrypted-media; gyroscope; picture-in-picture; web-share\" referrerpolicy=\"strict-origin-when-cross-origin\" allowfullscreen><\/iframe><\/p>\n<p>Este hermoso y \u00fanico <strong>tetera tallada a mano pipa a mano alzada<\/strong> est\u00e1 fabricada por nuestros maestros artesanos. Es una tetera cuidadosamente tallada a mano que sirve de silbato funcional. El <strong>Dise\u00f1o a mano alzada<\/strong> le da un toque art\u00edstico. El <strong>Tetera silbato a mano alzada<\/strong> es extremadamente realista y los detalles est\u00e1n excelentemente trabajados. La tapa del <strong>Silbato de tetera<\/strong> puede abrirse, lo que acent\u00faa su car\u00e1cter realista. El anillo decorativo de la trompa y la boquilla Cumberland de ocho flores confieren a todo el <strong>tetera tallada a mano pipa a mano alzada<\/strong> un aspecto a\u00fan m\u00e1s refinado.<\/p>\n<p>\u3010Informaci\u00f3n sobre el producto\u3011<\/p>\n<p>Molde: <strong>Tetera silbato a mano alzada<\/strong><br \/>\nN\u00famero de modelo: MA70208<br \/>\nMaterial: madera, brezo (ideal para <strong>Tuber\u00edas a mano alzada<\/strong>)<br \/>\nMaterial de la boquilla: Cumberland (t\u00edpico de las boquillas de alta calidad) <strong>Tuber\u00edas a mano alzada<\/strong>)<br \/>\nMontaje militar boquilla de tubo<br \/>\nMaterial de la ca\u00f1a: Anillo de cuerno (a juego con el <strong>Dise\u00f1o a mano alzada<\/strong>)<br \/>\nTipo curvo (caracter\u00edstico de muchos <strong>Tuber\u00edas a mano alzada<\/strong>)<br \/>\nSuperficie: <strong>Tallado a mano<\/strong> (<strong>T\u00e9cnica a mano alzada<\/strong>)<br \/>\nTaladro: 3 mm<br \/>\nFiltro: No (t\u00edpico para <strong>Tuber\u00edas a mano alzada<\/strong>)<br \/>\nOrigen: China continental<\/p>\n<p>Nota:<\/p>\n<ol>\n<li>Cada <strong>tetera tallada a mano pipa a mano alzada<\/strong> se fabrica y mide individualmente, pueden producirse desviaciones de medici\u00f3n de \u00b10,1-1 mm.<\/li>\n<li>Debido a las diferencias entre los distintos monitores, la imagen puede no reflejar el color real del producto. <strong>Silbato a mano alzada<\/strong> reflexionar.<\/li>\n<li>Si desea un color muy preciso para su <strong>Tetera silbato a mano alzada<\/strong> por favor, inf\u00f3rmeme antes de realizar su pedido.<\/li>\n<li>Si tiene un <strong>Silbato a mano alzada<\/strong> con un dise\u00f1o \u00fanico, por favor h\u00e1gamelo saber. Podemos hacerlos para usted, pero necesitamos una cierta cantidad.<\/li>\n<li>Tambi\u00e9n apoyamos dropshipping y venta al por mayor de <strong>Tuber\u00edas a mano alzada<\/strong> (con descuento por cantidad).<\/li>\n<li>Si tiene alguna pregunta sobre nuestro <strong>tetera tallada a mano pipas a mano alzada<\/strong> p\u00f3ngase en contacto conmigo inmediatamente.<br \/>\nGracias por su inter\u00e9s en nuestro exclusivo <strong>Tuber\u00edas a mano alzada<\/strong>!<\/li>\n<\/ol>","protected":false},"excerpt":{"rendered":"<p>Esta hermosa y \u00fanica tetera tallada a mano pipa de mano libre es hecha por nuestros maestros artesanos. Es un cuidadosamente tallada a mano<\/p>","protected":false},"featured_media":4367,"comment_status":"closed","ping_status":"closed","template":"","meta":[],"product_brand":[],"product_cat":[70],"product_tag":[],"class_list":{"0":"post-4302","1":"product","2":"type-product","3":"status-publish","4":"has-post-thumbnail","6":"product_cat-pfeife","8":"first","9":"instock","10":"sale","11":"shipping-taxable","12":"purchasable","13":"product-type-variable","14":"wvs-archive-product-wrapper"},"yoast_head":"<!-- This site is optimized with the Yoast SEO Premium plugin v26.7 (Yoast SEO v27.4) - https:\/\/yoast.com\/product\/yoast-seo-premium-wordpress\/ -->\n<title>handgeschnitzte Teekannen-Freehand-Pfeife - Der beste Onlineshop f\u00fcr Pfeifen und Zigarrenzubeh\u00f6r in Deutschland<\/title>\n<meta name=\"robots\" content=\"index, follow, max-snippet:-1, max-image-preview:large, max-video-preview:-1\" \/>\n<link rel=\"canonical\" href=\"https:\/\/pfeifenundzigarren.de\/es\/Produkt\/handgeschnitzte-teekannen-freehand-pfeife\/\" \/>\n<meta property=\"og:locale\" content=\"es_ES\" \/>\n<meta property=\"og:type\" content=\"article\" \/>\n<meta property=\"og:title\" content=\"handgeschnitzte Teekannen-Freehand-Pfeife\" \/>\n<meta property=\"og:description\" content=\"Diese wundersch\u00f6ne und einzigartige handgeschnitzte Teekannen-Freehand-Pfeife wird von unseren Meisterhandwerkern gefertigt. Es handelt sich um eine sorgf\u00e4ltig von Hand geschnitzte\" \/>\n<meta property=\"og:url\" content=\"https:\/\/pfeifenundzigarren.de\/es\/Produkt\/handgeschnitzte-teekannen-freehand-pfeife\/\" \/>\n<meta property=\"og:site_name\" content=\"Der beste Onlineshop f\u00fcr Pfeifen und Zigarrenzubeh\u00f6r in Deutschland\" \/>\n<meta property=\"article:modified_time\" content=\"2024-10-06T03:17:14+00:00\" \/>\n<meta property=\"og:image\" content=\"https:\/\/pfeifenundzigarren.de\/wp-content\/uploads\/2024\/10\/ma70208s3c1k.jpg\" \/>\n\t<meta property=\"og:image:width\" content=\"1000\" \/>\n\t<meta property=\"og:image:height\" content=\"1000\" \/>\n\t<meta property=\"og:image:type\" content=\"image\/jpeg\" \/>\n<meta name=\"twitter:card\" content=\"summary_large_image\" \/>\n<meta name=\"twitter:label1\" content=\"Tiempo de lectura\" \/>\n\t<meta name=\"twitter:data1\" content=\"1 minuto\" \/>\n<script type=\"application\/ld+json\" class=\"yoast-schema-graph\">{\"@context\":\"https:\\\/\\\/schema.org\",\"@graph\":[{\"@type\":\"WebPage\",\"@id\":\"https:\\\/\\\/pfeifenundzigarren.de\\\/Produkt\\\/handgeschnitzte-teekannen-freehand-pfeife\\\/\",\"url\":\"https:\\\/\\\/pfeifenundzigarren.de\\\/Produkt\\\/handgeschnitzte-teekannen-freehand-pfeife\\\/\",\"name\":\"handgeschnitzte Teekannen-Freehand-Pfeife - Der beste Onlineshop f\u00fcr Pfeifen und Zigarrenzubeh\u00f6r in Deutschland\",\"isPartOf\":{\"@id\":\"https:\\\/\\\/pfeifenundzigarren.de\\\/#website\"},\"primaryImageOfPage\":{\"@id\":\"https:\\\/\\\/pfeifenundzigarren.de\\\/Produkt\\\/handgeschnitzte-teekannen-freehand-pfeife\\\/#primaryimage\"},\"image\":{\"@id\":\"https:\\\/\\\/pfeifenundzigarren.de\\\/Produkt\\\/handgeschnitzte-teekannen-freehand-pfeife\\\/#primaryimage\"},\"thumbnailUrl\":\"https:\\\/\\\/pfeifenundzigarren.de\\\/wp-content\\\/uploads\\\/2024\\\/10\\\/ma70208s3c1k.jpg\",\"datePublished\":\"2024-10-06T00:44:56+00:00\",\"dateModified\":\"2024-10-06T03:17:14+00:00\",\"breadcrumb\":{\"@id\":\"https:\\\/\\\/pfeifenundzigarren.de\\\/Produkt\\\/handgeschnitzte-teekannen-freehand-pfeife\\\/#breadcrumb\"},\"inLanguage\":\"es\",\"potentialAction\":[{\"@type\":\"ReadAction\",\"target\":[\"https:\\\/\\\/pfeifenundzigarren.de\\\/Produkt\\\/handgeschnitzte-teekannen-freehand-pfeife\\\/\"]}]},{\"@type\":\"ImageObject\",\"inLanguage\":\"es\",\"@id\":\"https:\\\/\\\/pfeifenundzigarren.de\\\/Produkt\\\/handgeschnitzte-teekannen-freehand-pfeife\\\/#primaryimage\",\"url\":\"https:\\\/\\\/pfeifenundzigarren.de\\\/wp-content\\\/uploads\\\/2024\\\/10\\\/ma70208s3c1k.jpg\",\"contentUrl\":\"https:\\\/\\\/pfeifenundzigarren.de\\\/wp-content\\\/uploads\\\/2024\\\/10\\\/ma70208s3c1k.jpg\",\"width\":1000,\"height\":1000},{\"@type\":\"BreadcrumbList\",\"@id\":\"https:\\\/\\\/pfeifenundzigarren.de\\\/Produkt\\\/handgeschnitzte-teekannen-freehand-pfeife\\\/#breadcrumb\",\"itemListElement\":[{\"@type\":\"ListItem\",\"position\":1,\"name\":\"Home\",\"item\":\"https:\\\/\\\/pfeifenundzigarren.de\\\/\"},{\"@type\":\"ListItem\",\"position\":2,\"name\":\"Shop\",\"item\":\"https:\\\/\\\/pfeifenundzigarren.de\\\/shop\\\/\"},{\"@type\":\"ListItem\",\"position\":3,\"name\":\"handgeschnitzte Teekannen-Freehand-Pfeife\"}]},{\"@type\":\"WebSite\",\"@id\":\"https:\\\/\\\/pfeifenundzigarren.de\\\/#website\",\"url\":\"https:\\\/\\\/pfeifenundzigarren.de\\\/\",\"name\":\"Der beste Onlineshop f\u00fcr Pfeifen und Zigarrenzubeh\u00f6r in Deutschland\",\"description\":\"\",\"publisher\":{\"@id\":\"https:\\\/\\\/pfeifenundzigarren.de\\\/#organization\"},\"potentialAction\":[{\"@type\":\"SearchAction\",\"target\":{\"@type\":\"EntryPoint\",\"urlTemplate\":\"https:\\\/\\\/pfeifenundzigarren.de\\\/?s={search_term_string}\"},\"query-input\":{\"@type\":\"PropertyValueSpecification\",\"valueRequired\":true,\"valueName\":\"search_term_string\"}}],\"inLanguage\":\"es\"},{\"@type\":\"Organization\",\"@id\":\"https:\\\/\\\/pfeifenundzigarren.de\\\/#organization\",\"name\":\"Der beste Onlineshop f\u00fcr Pfeifen und Zigarrenzubeh\u00f6r in Deutschland\",\"url\":\"https:\\\/\\\/pfeifenundzigarren.de\\\/\",\"logo\":{\"@type\":\"ImageObject\",\"inLanguage\":\"es\",\"@id\":\"https:\\\/\\\/pfeifenundzigarren.de\\\/#\\\/schema\\\/logo\\\/image\\\/\",\"url\":\"https:\\\/\\\/pfeifenundzigarren.de\\\/wp-content\\\/uploads\\\/2024\\\/09\\\/cropped-Luxury-and-Vintage-Ornamental-Coffee-Shop-Logo.png\",\"contentUrl\":\"https:\\\/\\\/pfeifenundzigarren.de\\\/wp-content\\\/uploads\\\/2024\\\/09\\\/cropped-Luxury-and-Vintage-Ornamental-Coffee-Shop-Logo.png\",\"width\":512,\"height\":512,\"caption\":\"Der beste Onlineshop f\u00fcr Pfeifen und Zigarrenzubeh\u00f6r in Deutschland\"},\"image\":{\"@id\":\"https:\\\/\\\/pfeifenundzigarren.de\\\/#\\\/schema\\\/logo\\\/image\\\/\"}}]}<\/script>\n<!-- \/ Yoast SEO Premium plugin. -->","yoast_head_json":{"title":"handgeschnitzte Teekannen-Freehand-Pfeife - Der beste Onlineshop f\u00fcr Pfeifen und Zigarrenzubeh\u00f6r in Deutschland","robots":{"index":"index","follow":"follow","max-snippet":"max-snippet:-1","max-image-preview":"max-image-preview:large","max-video-preview":"max-video-preview:-1"},"canonical":"https:\/\/pfeifenundzigarren.de\/es\/Produkt\/handgeschnitzte-teekannen-freehand-pfeife\/","og_locale":"es_ES","og_type":"article","og_title":"handgeschnitzte Teekannen-Freehand-Pfeife","og_description":"Diese wundersch\u00f6ne und einzigartige handgeschnitzte Teekannen-Freehand-Pfeife wird von unseren Meisterhandwerkern gefertigt. Es handelt sich um eine sorgf\u00e4ltig von Hand geschnitzte","og_url":"https:\/\/pfeifenundzigarren.de\/es\/Produkt\/handgeschnitzte-teekannen-freehand-pfeife\/","og_site_name":"Der beste Onlineshop f\u00fcr Pfeifen und Zigarrenzubeh\u00f6r in Deutschland","article_modified_time":"2024-10-06T03:17:14+00:00","og_image":[{"width":1000,"height":1000,"url":"https:\/\/pfeifenundzigarren.de\/wp-content\/uploads\/2024\/10\/ma70208s3c1k.jpg","type":"image\/jpeg"}],"twitter_card":"summary_large_image","twitter_misc":{"Tiempo de lectura":"1 minuto"},"schema":{"@context":"https:\/\/schema.org","@graph":[{"@type":"WebPage","@id":"https:\/\/pfeifenundzigarren.de\/Produkt\/handgeschnitzte-teekannen-freehand-pfeife\/","url":"https:\/\/pfeifenundzigarren.de\/Produkt\/handgeschnitzte-teekannen-freehand-pfeife\/","name":"handgeschnitzte Teekannen-Freehand-Pfeife - Der beste Onlineshop f\u00fcr Pfeifen und Zigarrenzubeh\u00f6r in Deutschland","isPartOf":{"@id":"https:\/\/pfeifenundzigarren.de\/#website"},"primaryImageOfPage":{"@id":"https:\/\/pfeifenundzigarren.de\/Produkt\/handgeschnitzte-teekannen-freehand-pfeife\/#primaryimage"},"image":{"@id":"https:\/\/pfeifenundzigarren.de\/Produkt\/handgeschnitzte-teekannen-freehand-pfeife\/#primaryimage"},"thumbnailUrl":"https:\/\/pfeifenundzigarren.de\/wp-content\/uploads\/2024\/10\/ma70208s3c1k.jpg","datePublished":"2024-10-06T00:44:56+00:00","dateModified":"2024-10-06T03:17:14+00:00","breadcrumb":{"@id":"https:\/\/pfeifenundzigarren.de\/Produkt\/handgeschnitzte-teekannen-freehand-pfeife\/#breadcrumb"},"inLanguage":"es","potentialAction":[{"@type":"ReadAction","target":["https:\/\/pfeifenundzigarren.de\/Produkt\/handgeschnitzte-teekannen-freehand-pfeife\/"]}]},{"@type":"ImageObject","inLanguage":"es","@id":"https:\/\/pfeifenundzigarren.de\/Produkt\/handgeschnitzte-teekannen-freehand-pfeife\/#primaryimage","url":"https:\/\/pfeifenundzigarren.de\/wp-content\/uploads\/2024\/10\/ma70208s3c1k.jpg","contentUrl":"https:\/\/pfeifenundzigarren.de\/wp-content\/uploads\/2024\/10\/ma70208s3c1k.jpg","width":1000,"height":1000},{"@type":"BreadcrumbList","@id":"https:\/\/pfeifenundzigarren.de\/Produkt\/handgeschnitzte-teekannen-freehand-pfeife\/#breadcrumb","itemListElement":[{"@type":"ListItem","position":1,"name":"Home","item":"https:\/\/pfeifenundzigarren.de\/"},{"@type":"ListItem","position":2,"name":"Shop","item":"https:\/\/pfeifenundzigarren.de\/shop\/"},{"@type":"ListItem","position":3,"name":"handgeschnitzte Teekannen-Freehand-Pfeife"}]},{"@type":"WebSite","@id":"https:\/\/pfeifenundzigarren.de\/#website","url":"https:\/\/pfeifenundzigarren.de\/","name":"La mejor tienda en l\u00ednea de pipas y accesorios para puros de Alemania","description":"","publisher":{"@id":"https:\/\/pfeifenundzigarren.de\/#organization"},"potentialAction":[{"@type":"SearchAction","target":{"@type":"EntryPoint","urlTemplate":"https:\/\/pfeifenundzigarren.de\/?s={search_term_string}"},"query-input":{"@type":"PropertyValueSpecification","valueRequired":true,"valueName":"search_term_string"}}],"inLanguage":"es"},{"@type":"Organization","@id":"https:\/\/pfeifenundzigarren.de\/#organization","name":"La mejor tienda en l\u00ednea de pipas y accesorios para puros de Alemania","url":"https:\/\/pfeifenundzigarren.de\/","logo":{"@type":"ImageObject","inLanguage":"es","@id":"https:\/\/pfeifenundzigarren.de\/#\/schema\/logo\/image\/","url":"https:\/\/pfeifenundzigarren.de\/wp-content\/uploads\/2024\/09\/cropped-Luxury-and-Vintage-Ornamental-Coffee-Shop-Logo.png","contentUrl":"https:\/\/pfeifenundzigarren.de\/wp-content\/uploads\/2024\/09\/cropped-Luxury-and-Vintage-Ornamental-Coffee-Shop-Logo.png","width":512,"height":512,"caption":"Der beste Onlineshop f\u00fcr Pfeifen und Zigarrenzubeh\u00f6r in Deutschland"},"image":{"@id":"https:\/\/pfeifenundzigarren.de\/#\/schema\/logo\/image\/"}}]}},"_links":{"self":[{"href":"https:\/\/pfeifenundzigarren.de\/es\/wp-json\/wp\/v2\/product\/4302","targetHints":{"allow":["GET"]}}],"collection":[{"href":"https:\/\/pfeifenundzigarren.de\/es\/wp-json\/wp\/v2\/product"}],"about":[{"href":"https:\/\/pfeifenundzigarren.de\/es\/wp-json\/wp\/v2\/types\/product"}],"replies":[{"embeddable":true,"href":"https:\/\/pfeifenundzigarren.de\/es\/wp-json\/wp\/v2\/comments?post=4302"}],"version-history":[{"count":0,"href":"https:\/\/pfeifenundzigarren.de\/es\/wp-json\/wp\/v2\/product\/4302\/revisions"}],"wp:featuredmedia":[{"embeddable":true,"href":"https:\/\/pfeifenundzigarren.de\/es\/wp-json\/wp\/v2\/media\/4367"}],"wp:attachment":[{"href":"https:\/\/pfeifenundzigarren.de\/es\/wp-json\/wp\/v2\/media?parent=4302"}],"wp:term":[{"taxonomy":"product_brand","embeddable":true,"href":"https:\/\/pfeifenundzigarren.de\/es\/wp-json\/wp\/v2\/product_brand?post=4302"},{"taxonomy":"product_cat","embeddable":true,"href":"https:\/\/pfeifenundzigarren.de\/es\/wp-json\/wp\/v2\/product_cat?post=4302"},{"taxonomy":"product_tag","embeddable":true,"href":"https:\/\/pfeifenundzigarren.de\/es\/wp-json\/wp\/v2\/product_tag?post=4302"}],"curies":[{"name":"wp","href":"https:\/\/api.w.org\/{rel}","templated":true}]}}