{"id":4301,"date":"2024-10-06T02:44:56","date_gmt":"2024-10-06T00:44:56","guid":{"rendered":"https:\/\/pfeifenundzigarren.de\/?post_type=product&#038;p=4301"},"modified":"2024-10-06T05:11:15","modified_gmt":"2024-10-06T03:11:15","slug":"freehand-pfeife-mit-modernem-karpfen-design","status":"publish","type":"product","link":"https:\/\/pfeifenundzigarren.de\/es\/Produkt\/freehand-pfeife-mit-modernem-karpfen-design\/","title":{"rendered":"Silbato a mano alzada con moderno dise\u00f1o de carpa"},"content":{"rendered":"<p><iframe title=\"MUXIANG Pipa de Fumar de Carpa de Dise\u00f1o Moderno de Briar Tallada a Mano (Origen: La Carpa Salta Sobre la Puerta del Drag\u00f3n) #diy\" width=\"500\" height=\"281\" src=\"https:\/\/www.youtube.com\/embed\/u9RUe8S61zs?feature=oembed\" frameborder=\"0\" allow=\"accelerometer; autoplay; clipboard-write; encrypted-media; gyroscope; picture-in-picture; web-share\" referrerpolicy=\"strict-origin-when-cross-origin\" allowfullscreen><\/iframe><\/p>\n<p>Seg\u00fan la leyenda, un <strong>Carpa<\/strong>que nada con \u00e9xito r\u00edo arriba y cruza el <strong>Puerta del Drag\u00f3n<\/strong> salta dentro de un drag\u00f3n. Hist\u00f3ricamente, esta met\u00e1fora simbolizaba la <strong>Estado de avance<\/strong>que un erudito chino alcanza tras completar las rigurosas etapas del <strong>Oposiciones en China<\/strong> hab\u00eda superado.<\/p>\n<p>\u3010Informaci\u00f3n sobre el producto\u3011<\/p>\n<ul>\n<li>Molde: <strong>Silbato para carpas<\/strong><\/li>\n<li>N\u00famero de modelo: <strong>ma50571<\/strong><\/li>\n<li>Marca: <strong>MUXIANG<\/strong><\/li>\n<li>Material: madera, <strong>Briar<\/strong><\/li>\n<li>Material de la boquilla: <strong>Cumberland<\/strong><\/li>\n<li>Montaje militar boquilla de tubo<\/li>\n<li>Tipo curvo<\/li>\n<li>Superficie: <strong>Liso y arenado<\/strong><\/li>\n<li>Taladro: <strong>3 mm<\/strong><\/li>\n<\/ul>\n<p>Estos <strong>Silbato a mano alzada<\/strong> con modernos <strong>Dise\u00f1o de carpas<\/strong> es una obra maestra de la artesan\u00eda.<\/p>","protected":false},"excerpt":{"rendered":"<p>Seg\u00fan la leyenda, una carpa que consigue nadar r\u00edo arriba y saltar la puerta del drag\u00f3n se transforma en drag\u00f3n. Hist\u00f3ricamente<\/p>","protected":false},"featured_media":4355,"comment_status":"closed","ping_status":"closed","template":"","meta":[],"product_brand":[],"product_cat":[74,70],"product_tag":[],"class_list":{"0":"post-4301","1":"product","2":"type-product","3":"status-publish","4":"has-post-thumbnail","6":"product_cat-freehand-pfeifen","7":"product_cat-pfeife","9":"first","10":"instock","11":"sale","12":"shipping-taxable","13":"purchasable","14":"product-type-variable","15":"wvs-archive-product-wrapper"},"yoast_head":"<!-- This site is optimized with the Yoast SEO Premium plugin v26.7 (Yoast SEO v26.7) - https:\/\/yoast.com\/wordpress\/plugins\/seo\/ -->\n<title>Freehand-Pfeife mit modernem Karpfen-Design - Der beste Onlineshop f\u00fcr Pfeifen und Zigarrenzubeh\u00f6r in Deutschland<\/title>\n<meta name=\"robots\" content=\"index, follow, max-snippet:-1, max-image-preview:large, max-video-preview:-1\" \/>\n<link rel=\"canonical\" href=\"https:\/\/pfeifenundzigarren.de\/es\/Produkt\/freehand-pfeife-mit-modernem-karpfen-design\/\" \/>\n<meta property=\"og:locale\" content=\"es_ES\" \/>\n<meta property=\"og:type\" content=\"article\" \/>\n<meta property=\"og:title\" content=\"Freehand-Pfeife mit modernem Karpfen-Design\" \/>\n<meta property=\"og:description\" content=\"Der Legende nach verwandelt sich ein Karpfen, der erfolgreich stromaufw\u00e4rts schwimmt und \u00fcber das Drachentor springt, in einen Drachen. Historisch\" \/>\n<meta property=\"og:url\" content=\"https:\/\/pfeifenundzigarren.de\/es\/Produkt\/freehand-pfeife-mit-modernem-karpfen-design\/\" \/>\n<meta property=\"og:site_name\" content=\"Der beste Onlineshop f\u00fcr Pfeifen und Zigarrenzubeh\u00f6r in Deutschland\" \/>\n<meta property=\"article:modified_time\" content=\"2024-10-06T03:11:15+00:00\" \/>\n<meta property=\"og:image\" content=\"https:\/\/pfeifenundzigarren.de\/wp-content\/uploads\/2024\/10\/ma50571h1w1k.jpg\" \/>\n\t<meta property=\"og:image:width\" content=\"1000\" \/>\n\t<meta property=\"og:image:height\" content=\"1000\" \/>\n\t<meta property=\"og:image:type\" content=\"image\/jpeg\" \/>\n<meta name=\"twitter:card\" content=\"summary_large_image\" \/>\n<script type=\"application\/ld+json\" class=\"yoast-schema-graph\">{\"@context\":\"https:\/\/schema.org\",\"@graph\":[{\"@type\":\"WebPage\",\"@id\":\"https:\/\/pfeifenundzigarren.de\/es\/Produkt\/freehand-pfeife-mit-modernem-karpfen-design\/\",\"url\":\"https:\/\/pfeifenundzigarren.de\/es\/Produkt\/freehand-pfeife-mit-modernem-karpfen-design\/\",\"name\":\"Freehand-Pfeife mit modernem Karpfen-Design - Der beste Onlineshop f\u00fcr Pfeifen und Zigarrenzubeh\u00f6r in Deutschland\",\"isPartOf\":{\"@id\":\"https:\/\/pfeifenundzigarren.de\/#website\"},\"primaryImageOfPage\":{\"@id\":\"https:\/\/pfeifenundzigarren.de\/es\/Produkt\/freehand-pfeife-mit-modernem-karpfen-design\/#primaryimage\"},\"image\":{\"@id\":\"https:\/\/pfeifenundzigarren.de\/es\/Produkt\/freehand-pfeife-mit-modernem-karpfen-design\/#primaryimage\"},\"thumbnailUrl\":\"https:\/\/pfeifenundzigarren.de\/wp-content\/uploads\/2024\/10\/ma50571h1w1k.jpg\",\"datePublished\":\"2024-10-06T00:44:56+00:00\",\"dateModified\":\"2024-10-06T03:11:15+00:00\",\"breadcrumb\":{\"@id\":\"https:\/\/pfeifenundzigarren.de\/es\/Produkt\/freehand-pfeife-mit-modernem-karpfen-design\/#breadcrumb\"},\"inLanguage\":\"es\",\"potentialAction\":[{\"@type\":\"ReadAction\",\"target\":[\"https:\/\/pfeifenundzigarren.de\/es\/Produkt\/freehand-pfeife-mit-modernem-karpfen-design\/\"]}]},{\"@type\":\"ImageObject\",\"inLanguage\":\"es\",\"@id\":\"https:\/\/pfeifenundzigarren.de\/es\/Produkt\/freehand-pfeife-mit-modernem-karpfen-design\/#primaryimage\",\"url\":\"https:\/\/pfeifenundzigarren.de\/wp-content\/uploads\/2024\/10\/ma50571h1w1k.jpg\",\"contentUrl\":\"https:\/\/pfeifenundzigarren.de\/wp-content\/uploads\/2024\/10\/ma50571h1w1k.jpg\",\"width\":1000,\"height\":1000,\"caption\":\"Freehand-Pfeife mit modernem Karpfen-Design\"},{\"@type\":\"BreadcrumbList\",\"@id\":\"https:\/\/pfeifenundzigarren.de\/es\/Produkt\/freehand-pfeife-mit-modernem-karpfen-design\/#breadcrumb\",\"itemListElement\":[{\"@type\":\"ListItem\",\"position\":1,\"name\":\"Home\",\"item\":\"https:\/\/pfeifenundzigarren.de\/\"},{\"@type\":\"ListItem\",\"position\":2,\"name\":\"Shop\",\"item\":\"https:\/\/pfeifenundzigarren.de\/shop\/\"},{\"@type\":\"ListItem\",\"position\":3,\"name\":\"Freehand-Pfeife mit modernem Karpfen-Design\"}]},{\"@type\":\"WebSite\",\"@id\":\"https:\/\/pfeifenundzigarren.de\/#website\",\"url\":\"https:\/\/pfeifenundzigarren.de\/\",\"name\":\"Der beste Onlineshop f\u00fcr Pfeifen und Zigarrenzubeh\u00f6r in Deutschland\",\"description\":\"\",\"publisher\":{\"@id\":\"https:\/\/pfeifenundzigarren.de\/#organization\"},\"potentialAction\":[{\"@type\":\"SearchAction\",\"target\":{\"@type\":\"EntryPoint\",\"urlTemplate\":\"https:\/\/pfeifenundzigarren.de\/?s={search_term_string}\"},\"query-input\":{\"@type\":\"PropertyValueSpecification\",\"valueRequired\":true,\"valueName\":\"search_term_string\"}}],\"inLanguage\":\"es\"},{\"@type\":\"Organization\",\"@id\":\"https:\/\/pfeifenundzigarren.de\/#organization\",\"name\":\"Der beste Onlineshop f\u00fcr Pfeifen und Zigarrenzubeh\u00f6r in Deutschland\",\"url\":\"https:\/\/pfeifenundzigarren.de\/\",\"logo\":{\"@type\":\"ImageObject\",\"inLanguage\":\"es\",\"@id\":\"https:\/\/pfeifenundzigarren.de\/#\/schema\/logo\/image\/\",\"url\":\"https:\/\/pfeifenundzigarren.de\/wp-content\/uploads\/2024\/09\/cropped-Luxury-and-Vintage-Ornamental-Coffee-Shop-Logo.png\",\"contentUrl\":\"https:\/\/pfeifenundzigarren.de\/wp-content\/uploads\/2024\/09\/cropped-Luxury-and-Vintage-Ornamental-Coffee-Shop-Logo.png\",\"width\":512,\"height\":512,\"caption\":\"Der beste Onlineshop f\u00fcr Pfeifen und Zigarrenzubeh\u00f6r in Deutschland\"},\"image\":{\"@id\":\"https:\/\/pfeifenundzigarren.de\/#\/schema\/logo\/image\/\"}}]}<\/script>\n<!-- \/ Yoast SEO Premium plugin. -->","yoast_head_json":{"title":"Freehand-Pfeife mit modernem Karpfen-Design - Der beste Onlineshop f\u00fcr Pfeifen und Zigarrenzubeh\u00f6r in Deutschland","robots":{"index":"index","follow":"follow","max-snippet":"max-snippet:-1","max-image-preview":"max-image-preview:large","max-video-preview":"max-video-preview:-1"},"canonical":"https:\/\/pfeifenundzigarren.de\/es\/Produkt\/freehand-pfeife-mit-modernem-karpfen-design\/","og_locale":"es_ES","og_type":"article","og_title":"Freehand-Pfeife mit modernem Karpfen-Design","og_description":"Der Legende nach verwandelt sich ein Karpfen, der erfolgreich stromaufw\u00e4rts schwimmt und \u00fcber das Drachentor springt, in einen Drachen. Historisch","og_url":"https:\/\/pfeifenundzigarren.de\/es\/Produkt\/freehand-pfeife-mit-modernem-karpfen-design\/","og_site_name":"Der beste Onlineshop f\u00fcr Pfeifen und Zigarrenzubeh\u00f6r in Deutschland","article_modified_time":"2024-10-06T03:11:15+00:00","og_image":[{"width":1000,"height":1000,"url":"https:\/\/pfeifenundzigarren.de\/wp-content\/uploads\/2024\/10\/ma50571h1w1k.jpg","type":"image\/jpeg"}],"twitter_card":"summary_large_image","schema":{"@context":"https:\/\/schema.org","@graph":[{"@type":"WebPage","@id":"https:\/\/pfeifenundzigarren.de\/es\/Produkt\/freehand-pfeife-mit-modernem-karpfen-design\/","url":"https:\/\/pfeifenundzigarren.de\/es\/Produkt\/freehand-pfeife-mit-modernem-karpfen-design\/","name":"Freehand-Pfeife mit modernem Karpfen-Design - Der beste Onlineshop f\u00fcr Pfeifen und Zigarrenzubeh\u00f6r in Deutschland","isPartOf":{"@id":"https:\/\/pfeifenundzigarren.de\/#website"},"primaryImageOfPage":{"@id":"https:\/\/pfeifenundzigarren.de\/es\/Produkt\/freehand-pfeife-mit-modernem-karpfen-design\/#primaryimage"},"image":{"@id":"https:\/\/pfeifenundzigarren.de\/es\/Produkt\/freehand-pfeife-mit-modernem-karpfen-design\/#primaryimage"},"thumbnailUrl":"https:\/\/pfeifenundzigarren.de\/wp-content\/uploads\/2024\/10\/ma50571h1w1k.jpg","datePublished":"2024-10-06T00:44:56+00:00","dateModified":"2024-10-06T03:11:15+00:00","breadcrumb":{"@id":"https:\/\/pfeifenundzigarren.de\/es\/Produkt\/freehand-pfeife-mit-modernem-karpfen-design\/#breadcrumb"},"inLanguage":"es","potentialAction":[{"@type":"ReadAction","target":["https:\/\/pfeifenundzigarren.de\/es\/Produkt\/freehand-pfeife-mit-modernem-karpfen-design\/"]}]},{"@type":"ImageObject","inLanguage":"es","@id":"https:\/\/pfeifenundzigarren.de\/es\/Produkt\/freehand-pfeife-mit-modernem-karpfen-design\/#primaryimage","url":"https:\/\/pfeifenundzigarren.de\/wp-content\/uploads\/2024\/10\/ma50571h1w1k.jpg","contentUrl":"https:\/\/pfeifenundzigarren.de\/wp-content\/uploads\/2024\/10\/ma50571h1w1k.jpg","width":1000,"height":1000,"caption":"Freehand-Pfeife mit modernem Karpfen-Design"},{"@type":"BreadcrumbList","@id":"https:\/\/pfeifenundzigarren.de\/es\/Produkt\/freehand-pfeife-mit-modernem-karpfen-design\/#breadcrumb","itemListElement":[{"@type":"ListItem","position":1,"name":"Home","item":"https:\/\/pfeifenundzigarren.de\/"},{"@type":"ListItem","position":2,"name":"Shop","item":"https:\/\/pfeifenundzigarren.de\/shop\/"},{"@type":"ListItem","position":3,"name":"Freehand-Pfeife mit modernem Karpfen-Design"}]},{"@type":"WebSite","@id":"https:\/\/pfeifenundzigarren.de\/#website","url":"https:\/\/pfeifenundzigarren.de\/","name":"La mejor tienda en l\u00ednea de pipas y accesorios para puros de Alemania","description":"","publisher":{"@id":"https:\/\/pfeifenundzigarren.de\/#organization"},"potentialAction":[{"@type":"SearchAction","target":{"@type":"EntryPoint","urlTemplate":"https:\/\/pfeifenundzigarren.de\/?s={search_term_string}"},"query-input":{"@type":"PropertyValueSpecification","valueRequired":true,"valueName":"search_term_string"}}],"inLanguage":"es"},{"@type":"Organization","@id":"https:\/\/pfeifenundzigarren.de\/#organization","name":"La mejor tienda en l\u00ednea de pipas y accesorios para puros de Alemania","url":"https:\/\/pfeifenundzigarren.de\/","logo":{"@type":"ImageObject","inLanguage":"es","@id":"https:\/\/pfeifenundzigarren.de\/#\/schema\/logo\/image\/","url":"https:\/\/pfeifenundzigarren.de\/wp-content\/uploads\/2024\/09\/cropped-Luxury-and-Vintage-Ornamental-Coffee-Shop-Logo.png","contentUrl":"https:\/\/pfeifenundzigarren.de\/wp-content\/uploads\/2024\/09\/cropped-Luxury-and-Vintage-Ornamental-Coffee-Shop-Logo.png","width":512,"height":512,"caption":"Der beste Onlineshop f\u00fcr Pfeifen und Zigarrenzubeh\u00f6r in Deutschland"},"image":{"@id":"https:\/\/pfeifenundzigarren.de\/#\/schema\/logo\/image\/"}}]}},"_links":{"self":[{"href":"https:\/\/pfeifenundzigarren.de\/es\/wp-json\/wp\/v2\/product\/4301","targetHints":{"allow":["GET"]}}],"collection":[{"href":"https:\/\/pfeifenundzigarren.de\/es\/wp-json\/wp\/v2\/product"}],"about":[{"href":"https:\/\/pfeifenundzigarren.de\/es\/wp-json\/wp\/v2\/types\/product"}],"replies":[{"embeddable":true,"href":"https:\/\/pfeifenundzigarren.de\/es\/wp-json\/wp\/v2\/comments?post=4301"}],"version-history":[{"count":0,"href":"https:\/\/pfeifenundzigarren.de\/es\/wp-json\/wp\/v2\/product\/4301\/revisions"}],"wp:featuredmedia":[{"embeddable":true,"href":"https:\/\/pfeifenundzigarren.de\/es\/wp-json\/wp\/v2\/media\/4355"}],"wp:attachment":[{"href":"https:\/\/pfeifenundzigarren.de\/es\/wp-json\/wp\/v2\/media?parent=4301"}],"wp:term":[{"taxonomy":"product_brand","embeddable":true,"href":"https:\/\/pfeifenundzigarren.de\/es\/wp-json\/wp\/v2\/product_brand?post=4301"},{"taxonomy":"product_cat","embeddable":true,"href":"https:\/\/pfeifenundzigarren.de\/es\/wp-json\/wp\/v2\/product_cat?post=4301"},{"taxonomy":"product_tag","embeddable":true,"href":"https:\/\/pfeifenundzigarren.de\/es\/wp-json\/wp\/v2\/product_tag?post=4301"}],"curies":[{"name":"wp","href":"https:\/\/api.w.org\/{rel}","templated":true}]}}