{"id":4284,"date":"2024-10-05T16:12:12","date_gmt":"2024-10-05T14:12:12","guid":{"rendered":"https:\/\/pfeifenundzigarren.de\/Produkt\/tragbarer-wasserdichter-befeuchter-fuer-humidor\/"},"modified":"2026-01-20T08:15:58","modified_gmt":"2026-01-20T07:15:58","slug":"tragbarer-wasserdichter-befeuchter-fuer-humidor","status":"publish","type":"product","link":"https:\/\/pfeifenundzigarren.de\/es\/Produkt\/tragbarer-wasserdichter-befeuchter-fuer-humidor\/","title":{"rendered":"Humidificador port\u00e1til impermeable para humidor"},"content":{"rendered":"<div class=\"product-specs-list-container\">\n<ul class=\"product-specs-list util-clearfix\">\n<li class=\"product-prop line-limit-length\"><span\n\t\t\t\t\t\t\t\t\tclass=\"property-title\">Material:&nbsp;<\/span><span\n\t\t\t\t\t\t\t\t\tclass=\"property-desc line-limit-length\">pl\u00e1sticos<\/span>\n\t\t\t\t\t\t<\/li>\n<li class=\"product-prop line-limit-length\"><span\n\t\t\t\t\t\t\t\t\tclass=\"property-title\">N\u00famero de modelo:&nbsp;<\/span><span\n\t\t\t\t\t\t\t\t\tclass=\"property-desc line-limit-length\">Humidificador de puros<\/span>\n\t\t\t\t\t\t<\/li>\n<li class=\"product-prop line-limit-length\"><span\n\t\t\t\t\t\t\t\t\tclass=\"property-title\">Origen:&nbsp;<\/span><span\n\t\t\t\t\t\t\t\t\tclass=\"property-desc line-limit-length\">China continental<\/span>\n\t\t\t\t\t\t<\/li>\n<li class=\"product-prop line-limit-length\"><span\n\t\t\t\t\t\t\t\t\tclass=\"property-title\">color:&nbsp;<\/span><span\n\t\t\t\t\t\t\t\t\tclass=\"property-desc line-limit-length\">Negro, Amarillo<\/span>\n\t\t\t\t\t\t<\/li>\n<li class=\"product-prop line-limit-length\"><span\n\t\t\t\t\t\t\t\t\tclass=\"property-title\">peinado:&nbsp;<\/span><span\n\t\t\t\t\t\t\t\t\tclass=\"property-desc line-limit-length\">sencillez<\/span>\n\t\t\t\t\t\t<\/li>\n<\/ul><\/div>\n<div class=\"detailmodule_html\">\n<div class=\"detail-desc-decorate-richtext\">\n<div id=\"offer-template-0\"><span style=\"font-size:16.0pt;\">&nbsp;<img decoding=\"async\" alt=\"undefined\" referrerpolicy=\"no-referrer\" src=\"https:\/\/ae01.alicdn.com\/kf\/S918e0ca50c574548a5bc35d6a81c14feb.jpg\"><br class=\"img-brk\"><br \/>\n<img decoding=\"async\" alt=\"undefined\" referrerpolicy=\"no-referrer\" src=\"https:\/\/ae01.alicdn.com\/kf\/S34e90e999b4b4addbadb2dda893f5cc78.jpg\"><br class=\"img-brk\"><br \/>\n<img decoding=\"async\" alt=\"undefined\" referrerpolicy=\"no-referrer\" src=\"https:\/\/ae01.alicdn.com\/kf\/S3843312cf1e94cac9027443d1f1b018do.jpg\"><br class=\"img-brk\"><br \/>\n<img decoding=\"async\" alt=\"undefined\" referrerpolicy=\"no-referrer\" src=\"https:\/\/ae01.alicdn.com\/kf\/S94b6f26bf7c241d8966f454b663da13cM.jpg\"><br class=\"img-brk\"><br \/>\n<img decoding=\"async\" alt=\"undefined\" referrerpolicy=\"no-referrer\" src=\"https:\/\/ae01.alicdn.com\/kf\/Sd1e85ca4b59a445abfee3e203101a250W.jpg\"><br class=\"img-brk\"><br \/>\n<img decoding=\"async\" alt=\"undefined\" referrerpolicy=\"no-referrer\" src=\"https:\/\/ae01.alicdn.com\/kf\/Se541a20b50594f60ace2b4f19718e788Z.jpg\"><br class=\"img-brk\"><br \/>\n<img decoding=\"async\" alt=\"undefined\" referrerpolicy=\"no-referrer\" src=\"https:\/\/ae01.alicdn.com\/kf\/S80b750b50874492cb03699a06dceeecc8.jpg\"><br class=\"img-brk\"><br \/>\n<img decoding=\"async\" alt=\"undefined\" referrerpolicy=\"no-referrer\" src=\"https:\/\/ae01.alicdn.com\/kf\/Sff54992de9534b32be9d61996b3778f0d.jpg\"><br class=\"img-brk\"><br \/>\n<img decoding=\"async\" alt=\"undefined\" referrerpolicy=\"no-referrer\" src=\"https:\/\/ae01.alicdn.com\/kf\/Se69d7185df4045be9b4044ef3342ca33q.jpg\"><img decoding=\"async\" alt=\"undefined\" referrerpolicy=\"no-referrer\" src=\"https:\/\/ae01.alicdn.com\/kf\/S0e43b23adf854502a88d094884375f09a.jpg\"><br class=\"img-brk\"><br \/>\n<img decoding=\"async\" alt=\"undefined\" referrerpolicy=\"no-referrer\" src=\"https:\/\/ae01.alicdn.com\/kf\/Sdbbfc11957274d3f900f90e44559ddd0v.jpg\"><br class=\"img-brk\"><br \/>\n<img decoding=\"async\" alt=\"undefined\" referrerpolicy=\"no-referrer\" src=\"https:\/\/ae01.alicdn.com\/kf\/Sed98517261b544c9a45e9490df8d2da71.jpg\"><br class=\"img-brk\"><br \/>\n<img decoding=\"async\" alt=\"undefined\" referrerpolicy=\"no-referrer\" src=\"https:\/\/ae01.alicdn.com\/kf\/Sfc6c2bff2773492097dc10a7d0f31243y.jpg\"><br class=\"img-brk\"><br \/>\n<img decoding=\"async\" alt=\"undefined\" referrerpolicy=\"no-referrer\" src=\"https:\/\/ae01.alicdn.com\/kf\/S0cd5d7a89f084b548ecea7ec159faecca.jpg\"><br class=\"img-brk\"><br \/>\n<img decoding=\"async\" alt=\"undefined\" referrerpolicy=\"no-referrer\" src=\"https:\/\/ae01.alicdn.com\/kf\/Sb48790f5a7a24ad6a5aebc3babd7b1b93.jpg\"><img decoding=\"async\" alt=\"undefined\" referrerpolicy=\"no-referrer\" src=\"https:\/\/ae01.alicdn.com\/kf\/S15237e8d1a134eef9948f7bd968eb7a4t.jpg\"><\/span><\/div>\n<\/div>\n<\/div>","protected":false},"excerpt":{"rendered":"<p>Material: pl\u00e1stico N\u00famero de modelo: Humidificador de puros Origen: China continental color: negro, amarillo peinado: sencillo &nbsp;<\/p>","protected":false},"featured_media":4285,"comment_status":"open","ping_status":"closed","template":"","meta":[],"product_brand":[],"product_cat":[764,78],"product_tag":[],"class_list":{"0":"post-4284","1":"product","2":"type-product","3":"status-publish","4":"has-post-thumbnail","6":"product_cat-travel-humidor","7":"product_cat-zigarren-humidor","9":"first","10":"instock","11":"sale","12":"shipping-taxable","13":"purchasable","14":"product-type-variable","15":"wvs-archive-product-wrapper"},"yoast_head":"<!-- This site is optimized with the Yoast SEO Premium plugin v26.7 (Yoast SEO v27.4) - https:\/\/yoast.com\/product\/yoast-seo-premium-wordpress\/ -->\n<title>Tragbarer wasserdichter Befeuchter f\u00fcr Humidor - Der beste Onlineshop f\u00fcr Pfeifen und Zigarrenzubeh\u00f6r in Deutschland<\/title>\n<meta name=\"robots\" content=\"index, follow, max-snippet:-1, max-image-preview:large, max-video-preview:-1\" \/>\n<link rel=\"canonical\" href=\"https:\/\/pfeifenundzigarren.de\/es\/Produkt\/tragbarer-wasserdichter-befeuchter-fuer-humidor\/\" \/>\n<meta property=\"og:locale\" content=\"es_ES\" \/>\n<meta property=\"og:type\" content=\"article\" \/>\n<meta property=\"og:title\" content=\"Tragbarer wasserdichter Befeuchter f\u00fcr Humidor\" \/>\n<meta property=\"og:description\" content=\"Material:&nbsp;plastics Model Number:&nbsp;Cigar Humidor Origin:&nbsp;Mainland China color:&nbsp;Black, Yellow hairstyle:&nbsp;simplicity &nbsp;\" \/>\n<meta property=\"og:url\" content=\"https:\/\/pfeifenundzigarren.de\/es\/Produkt\/tragbarer-wasserdichter-befeuchter-fuer-humidor\/\" \/>\n<meta property=\"og:site_name\" content=\"Der beste Onlineshop f\u00fcr Pfeifen und Zigarrenzubeh\u00f6r in Deutschland\" \/>\n<meta property=\"article:modified_time\" content=\"2026-01-20T07:15:58+00:00\" \/>\n<meta property=\"og:image\" content=\"https:\/\/pfeifenundzigarren.de\/wp-content\/uploads\/2024\/10\/kf-S55bfea44ccbd45f78b4d1d9d262db220n-Portable-Waterproof-Cigar-Humidor-Pressure-Resistant-Plastic-Travel-Cigar-Humidor-Case-10pcs-Double-Layer-with-Hygrometer.webp\" \/>\n\t<meta property=\"og:image:width\" content=\"800\" \/>\n\t<meta property=\"og:image:height\" content=\"800\" \/>\n\t<meta property=\"og:image:type\" content=\"image\/webp\" \/>\n<meta name=\"twitter:card\" content=\"summary_large_image\" \/>\n<script type=\"application\/ld+json\" class=\"yoast-schema-graph\">{\"@context\":\"https:\\\/\\\/schema.org\",\"@graph\":[{\"@type\":\"WebPage\",\"@id\":\"https:\\\/\\\/pfeifenundzigarren.de\\\/Produkt\\\/tragbarer-wasserdichter-befeuchter-fuer-humidor\\\/\",\"url\":\"https:\\\/\\\/pfeifenundzigarren.de\\\/Produkt\\\/tragbarer-wasserdichter-befeuchter-fuer-humidor\\\/\",\"name\":\"Tragbarer wasserdichter Befeuchter f\u00fcr Humidor - Der beste Onlineshop f\u00fcr Pfeifen und Zigarrenzubeh\u00f6r in Deutschland\",\"isPartOf\":{\"@id\":\"https:\\\/\\\/lime-nightingale-562313.hostingersite.com\\\/#website\"},\"primaryImageOfPage\":{\"@id\":\"https:\\\/\\\/pfeifenundzigarren.de\\\/Produkt\\\/tragbarer-wasserdichter-befeuchter-fuer-humidor\\\/#primaryimage\"},\"image\":{\"@id\":\"https:\\\/\\\/pfeifenundzigarren.de\\\/Produkt\\\/tragbarer-wasserdichter-befeuchter-fuer-humidor\\\/#primaryimage\"},\"thumbnailUrl\":\"https:\\\/\\\/pfeifenundzigarren.de\\\/wp-content\\\/uploads\\\/2024\\\/10\\\/kf-S55bfea44ccbd45f78b4d1d9d262db220n-Portable-Waterproof-Cigar-Humidor-Pressure-Resistant-Plastic-Travel-Cigar-Humidor-Case-10pcs-Double-Layer-with-Hygrometer.webp\",\"datePublished\":\"2024-10-05T14:12:12+00:00\",\"dateModified\":\"2026-01-20T07:15:58+00:00\",\"breadcrumb\":{\"@id\":\"https:\\\/\\\/pfeifenundzigarren.de\\\/Produkt\\\/tragbarer-wasserdichter-befeuchter-fuer-humidor\\\/#breadcrumb\"},\"inLanguage\":\"es\",\"potentialAction\":[{\"@type\":\"ReadAction\",\"target\":[\"https:\\\/\\\/pfeifenundzigarren.de\\\/Produkt\\\/tragbarer-wasserdichter-befeuchter-fuer-humidor\\\/\"]}]},{\"@type\":\"ImageObject\",\"inLanguage\":\"es\",\"@id\":\"https:\\\/\\\/pfeifenundzigarren.de\\\/Produkt\\\/tragbarer-wasserdichter-befeuchter-fuer-humidor\\\/#primaryimage\",\"url\":\"https:\\\/\\\/pfeifenundzigarren.de\\\/wp-content\\\/uploads\\\/2024\\\/10\\\/kf-S55bfea44ccbd45f78b4d1d9d262db220n-Portable-Waterproof-Cigar-Humidor-Pressure-Resistant-Plastic-Travel-Cigar-Humidor-Case-10pcs-Double-Layer-with-Hygrometer.webp\",\"contentUrl\":\"https:\\\/\\\/pfeifenundzigarren.de\\\/wp-content\\\/uploads\\\/2024\\\/10\\\/kf-S55bfea44ccbd45f78b4d1d9d262db220n-Portable-Waterproof-Cigar-Humidor-Pressure-Resistant-Plastic-Travel-Cigar-Humidor-Case-10pcs-Double-Layer-with-Hygrometer.webp\",\"width\":800,\"height\":800},{\"@type\":\"BreadcrumbList\",\"@id\":\"https:\\\/\\\/pfeifenundzigarren.de\\\/Produkt\\\/tragbarer-wasserdichter-befeuchter-fuer-humidor\\\/#breadcrumb\",\"itemListElement\":[{\"@type\":\"ListItem\",\"position\":1,\"name\":\"Home\",\"item\":\"https:\\\/\\\/lime-nightingale-562313.hostingersite.com\\\/\"},{\"@type\":\"ListItem\",\"position\":2,\"name\":\"Shop\",\"item\":\"https:\\\/\\\/lime-nightingale-562313.hostingersite.com\\\/shop\\\/\"},{\"@type\":\"ListItem\",\"position\":3,\"name\":\"Tragbarer wasserdichter Befeuchter f\u00fcr Humidor\"}]},{\"@type\":\"WebSite\",\"@id\":\"https:\\\/\\\/lime-nightingale-562313.hostingersite.com\\\/#website\",\"url\":\"https:\\\/\\\/lime-nightingale-562313.hostingersite.com\\\/\",\"name\":\"Der beste Onlineshop f\u00fcr Pfeifen und Zigarrenzubeh\u00f6r in Deutschland\",\"description\":\"\",\"publisher\":{\"@id\":\"https:\\\/\\\/lime-nightingale-562313.hostingersite.com\\\/#organization\"},\"potentialAction\":[{\"@type\":\"SearchAction\",\"target\":{\"@type\":\"EntryPoint\",\"urlTemplate\":\"https:\\\/\\\/lime-nightingale-562313.hostingersite.com\\\/?s={search_term_string}\"},\"query-input\":{\"@type\":\"PropertyValueSpecification\",\"valueRequired\":true,\"valueName\":\"search_term_string\"}}],\"inLanguage\":\"es\"},{\"@type\":\"Organization\",\"@id\":\"https:\\\/\\\/lime-nightingale-562313.hostingersite.com\\\/#organization\",\"name\":\"Der beste Onlineshop f\u00fcr Pfeifen und Zigarrenzubeh\u00f6r in Deutschland\",\"url\":\"https:\\\/\\\/lime-nightingale-562313.hostingersite.com\\\/\",\"logo\":{\"@type\":\"ImageObject\",\"inLanguage\":\"es\",\"@id\":\"https:\\\/\\\/lime-nightingale-562313.hostingersite.com\\\/#\\\/schema\\\/logo\\\/image\\\/\",\"url\":\"https:\\\/\\\/pfeifenundzigarren.de\\\/wp-content\\\/uploads\\\/2024\\\/09\\\/cropped-Luxury-and-Vintage-Ornamental-Coffee-Shop-Logo.png\",\"contentUrl\":\"https:\\\/\\\/pfeifenundzigarren.de\\\/wp-content\\\/uploads\\\/2024\\\/09\\\/cropped-Luxury-and-Vintage-Ornamental-Coffee-Shop-Logo.png\",\"width\":512,\"height\":512,\"caption\":\"Der beste Onlineshop f\u00fcr Pfeifen und Zigarrenzubeh\u00f6r in Deutschland\"},\"image\":{\"@id\":\"https:\\\/\\\/lime-nightingale-562313.hostingersite.com\\\/#\\\/schema\\\/logo\\\/image\\\/\"}}]}<\/script>\n<!-- \/ Yoast SEO Premium plugin. -->","yoast_head_json":{"title":"Tragbarer wasserdichter Befeuchter f\u00fcr Humidor - Der beste Onlineshop f\u00fcr Pfeifen und Zigarrenzubeh\u00f6r in Deutschland","robots":{"index":"index","follow":"follow","max-snippet":"max-snippet:-1","max-image-preview":"max-image-preview:large","max-video-preview":"max-video-preview:-1"},"canonical":"https:\/\/pfeifenundzigarren.de\/es\/Produkt\/tragbarer-wasserdichter-befeuchter-fuer-humidor\/","og_locale":"es_ES","og_type":"article","og_title":"Tragbarer wasserdichter Befeuchter f\u00fcr Humidor","og_description":"Material:&nbsp;plastics Model Number:&nbsp;Cigar Humidor Origin:&nbsp;Mainland China color:&nbsp;Black, Yellow hairstyle:&nbsp;simplicity &nbsp;","og_url":"https:\/\/pfeifenundzigarren.de\/es\/Produkt\/tragbarer-wasserdichter-befeuchter-fuer-humidor\/","og_site_name":"Der beste Onlineshop f\u00fcr Pfeifen und Zigarrenzubeh\u00f6r in Deutschland","article_modified_time":"2026-01-20T07:15:58+00:00","og_image":[{"width":800,"height":800,"url":"https:\/\/pfeifenundzigarren.de\/wp-content\/uploads\/2024\/10\/kf-S55bfea44ccbd45f78b4d1d9d262db220n-Portable-Waterproof-Cigar-Humidor-Pressure-Resistant-Plastic-Travel-Cigar-Humidor-Case-10pcs-Double-Layer-with-Hygrometer.webp","type":"image\/webp"}],"twitter_card":"summary_large_image","schema":{"@context":"https:\/\/schema.org","@graph":[{"@type":"WebPage","@id":"https:\/\/pfeifenundzigarren.de\/Produkt\/tragbarer-wasserdichter-befeuchter-fuer-humidor\/","url":"https:\/\/pfeifenundzigarren.de\/Produkt\/tragbarer-wasserdichter-befeuchter-fuer-humidor\/","name":"Tragbarer wasserdichter Befeuchter f\u00fcr Humidor - Der beste Onlineshop f\u00fcr Pfeifen und Zigarrenzubeh\u00f6r in Deutschland","isPartOf":{"@id":"https:\/\/lime-nightingale-562313.hostingersite.com\/#website"},"primaryImageOfPage":{"@id":"https:\/\/pfeifenundzigarren.de\/Produkt\/tragbarer-wasserdichter-befeuchter-fuer-humidor\/#primaryimage"},"image":{"@id":"https:\/\/pfeifenundzigarren.de\/Produkt\/tragbarer-wasserdichter-befeuchter-fuer-humidor\/#primaryimage"},"thumbnailUrl":"https:\/\/pfeifenundzigarren.de\/wp-content\/uploads\/2024\/10\/kf-S55bfea44ccbd45f78b4d1d9d262db220n-Portable-Waterproof-Cigar-Humidor-Pressure-Resistant-Plastic-Travel-Cigar-Humidor-Case-10pcs-Double-Layer-with-Hygrometer.webp","datePublished":"2024-10-05T14:12:12+00:00","dateModified":"2026-01-20T07:15:58+00:00","breadcrumb":{"@id":"https:\/\/pfeifenundzigarren.de\/Produkt\/tragbarer-wasserdichter-befeuchter-fuer-humidor\/#breadcrumb"},"inLanguage":"es","potentialAction":[{"@type":"ReadAction","target":["https:\/\/pfeifenundzigarren.de\/Produkt\/tragbarer-wasserdichter-befeuchter-fuer-humidor\/"]}]},{"@type":"ImageObject","inLanguage":"es","@id":"https:\/\/pfeifenundzigarren.de\/Produkt\/tragbarer-wasserdichter-befeuchter-fuer-humidor\/#primaryimage","url":"https:\/\/pfeifenundzigarren.de\/wp-content\/uploads\/2024\/10\/kf-S55bfea44ccbd45f78b4d1d9d262db220n-Portable-Waterproof-Cigar-Humidor-Pressure-Resistant-Plastic-Travel-Cigar-Humidor-Case-10pcs-Double-Layer-with-Hygrometer.webp","contentUrl":"https:\/\/pfeifenundzigarren.de\/wp-content\/uploads\/2024\/10\/kf-S55bfea44ccbd45f78b4d1d9d262db220n-Portable-Waterproof-Cigar-Humidor-Pressure-Resistant-Plastic-Travel-Cigar-Humidor-Case-10pcs-Double-Layer-with-Hygrometer.webp","width":800,"height":800},{"@type":"BreadcrumbList","@id":"https:\/\/pfeifenundzigarren.de\/Produkt\/tragbarer-wasserdichter-befeuchter-fuer-humidor\/#breadcrumb","itemListElement":[{"@type":"ListItem","position":1,"name":"Home","item":"https:\/\/lime-nightingale-562313.hostingersite.com\/"},{"@type":"ListItem","position":2,"name":"Shop","item":"https:\/\/lime-nightingale-562313.hostingersite.com\/shop\/"},{"@type":"ListItem","position":3,"name":"Tragbarer wasserdichter Befeuchter f\u00fcr Humidor"}]},{"@type":"WebSite","@id":"https:\/\/lime-nightingale-562313.hostingersite.com\/#website","url":"https:\/\/lime-nightingale-562313.hostingersite.com\/","name":"La mejor tienda en l\u00ednea de pipas y accesorios para puros de Alemania","description":"","publisher":{"@id":"https:\/\/lime-nightingale-562313.hostingersite.com\/#organization"},"potentialAction":[{"@type":"SearchAction","target":{"@type":"EntryPoint","urlTemplate":"https:\/\/lime-nightingale-562313.hostingersite.com\/?s={search_term_string}"},"query-input":{"@type":"PropertyValueSpecification","valueRequired":true,"valueName":"search_term_string"}}],"inLanguage":"es"},{"@type":"Organization","@id":"https:\/\/lime-nightingale-562313.hostingersite.com\/#organization","name":"La mejor tienda en l\u00ednea de pipas y accesorios para puros de Alemania","url":"https:\/\/lime-nightingale-562313.hostingersite.com\/","logo":{"@type":"ImageObject","inLanguage":"es","@id":"https:\/\/lime-nightingale-562313.hostingersite.com\/#\/schema\/logo\/image\/","url":"https:\/\/pfeifenundzigarren.de\/wp-content\/uploads\/2024\/09\/cropped-Luxury-and-Vintage-Ornamental-Coffee-Shop-Logo.png","contentUrl":"https:\/\/pfeifenundzigarren.de\/wp-content\/uploads\/2024\/09\/cropped-Luxury-and-Vintage-Ornamental-Coffee-Shop-Logo.png","width":512,"height":512,"caption":"Der beste Onlineshop f\u00fcr Pfeifen und Zigarrenzubeh\u00f6r in Deutschland"},"image":{"@id":"https:\/\/lime-nightingale-562313.hostingersite.com\/#\/schema\/logo\/image\/"}}]}},"_links":{"self":[{"href":"https:\/\/pfeifenundzigarren.de\/es\/wp-json\/wp\/v2\/product\/4284","targetHints":{"allow":["GET"]}}],"collection":[{"href":"https:\/\/pfeifenundzigarren.de\/es\/wp-json\/wp\/v2\/product"}],"about":[{"href":"https:\/\/pfeifenundzigarren.de\/es\/wp-json\/wp\/v2\/types\/product"}],"replies":[{"embeddable":true,"href":"https:\/\/pfeifenundzigarren.de\/es\/wp-json\/wp\/v2\/comments?post=4284"}],"version-history":[{"count":0,"href":"https:\/\/pfeifenundzigarren.de\/es\/wp-json\/wp\/v2\/product\/4284\/revisions"}],"wp:featuredmedia":[{"embeddable":true,"href":"https:\/\/pfeifenundzigarren.de\/es\/wp-json\/wp\/v2\/media\/4285"}],"wp:attachment":[{"href":"https:\/\/pfeifenundzigarren.de\/es\/wp-json\/wp\/v2\/media?parent=4284"}],"wp:term":[{"taxonomy":"product_brand","embeddable":true,"href":"https:\/\/pfeifenundzigarren.de\/es\/wp-json\/wp\/v2\/product_brand?post=4284"},{"taxonomy":"product_cat","embeddable":true,"href":"https:\/\/pfeifenundzigarren.de\/es\/wp-json\/wp\/v2\/product_cat?post=4284"},{"taxonomy":"product_tag","embeddable":true,"href":"https:\/\/pfeifenundzigarren.de\/es\/wp-json\/wp\/v2\/product_tag?post=4284"}],"curies":[{"name":"wp","href":"https:\/\/api.w.org\/{rel}","templated":true}]}}