{"id":4213,"date":"2024-09-25T09:24:58","date_gmt":"2024-09-25T07:24:58","guid":{"rendered":"https:\/\/pfeifenundzigarren.de\/?post_type=product&#038;p=4213"},"modified":"2024-09-25T09:59:30","modified_gmt":"2024-09-25T07:59:30","slug":"tabakpfeife-apfelkopf-mit-zubehoer","status":"publish","type":"product","link":"https:\/\/pfeifenundzigarren.de\/es\/Produkt\/tabakpfeife-apfelkopf-mit-zubehoer\/","title":{"rendered":"Pipa de tabaco cazoleta de manzana con accesorios"},"content":{"rendered":"<h3>Par\u00e1metros del producto<\/h3>\n<ul>\n<li><strong>Nombre del producto<\/strong>: Pipa de manzana de bamb\u00fa y madera de brezo<\/li>\n<li><strong>Material<\/strong>:\n<ul>\n<li>Cazoleta: Madera de brezo madurada de Espa\u00f1a<\/li>\n<li>Mango: dise\u00f1o de bamb\u00fa para un tacto natural<\/li>\n<li>Boquilla: Boquilla de alta calidad hecha a mano con material ecol\u00f3gico en color verde<\/li>\n<\/ul>\n<\/li>\n<li><strong>Dise\u00f1o<\/strong>Combinaci\u00f3n de cuenco en forma de manzana y mango de bamb\u00fa, dise\u00f1o \u00fanico que es a la vez est\u00e9tico y funcional.<\/li>\n<li><strong>Colores<\/strong>Nuevas combinaciones de colores que crean una experiencia visual m\u00e1s subjetiva y combinan arte y funcionalidad.<\/li>\n<li><strong>Dimensiones<\/strong>:\n<ul>\n<li>Longitud total: 156 mm<\/li>\n<li>Di\u00e1metro de la cazoleta: 42 mm<\/li>\n<li>Altura de la cazoleta: 30 mm<\/li>\n<li>Di\u00e1metro interior del tubo: 19 mm<\/li>\n<li>Profundidad de la cazoleta: 22 mm<\/li>\n<\/ul>\n<\/li>\n<li><strong>Peso<\/strong>: 26 g<\/li>\n<li><strong>Tratamiento<\/strong>Cada pipa est\u00e1 hecha a mano con madera de brezo espa\u00f1ol envejecida durante al menos 12 a\u00f1os y cuidadosamente pulida para garantizar la m\u00e1xima calidad y atenci\u00f3n al detalle.<\/li>\n<\/ul>\n<h3>Lista de accesorios<\/h3>\n<ul>\n<li>10 Limpiador<\/li>\n<li>2 boquillas de goma<\/li>\n<li>2 tamices met\u00e1licos<\/li>\n<li>1 tamper<\/li>\n<li>1 bolsa de terciopelo<\/li>\n<li>Caja de regalo de alta calidad<\/li>\n<\/ul>","protected":false},"excerpt":{"rendered":"<p>Produktparameter Produktname: Bruy\u00e8reholz-Bambus-Apfel-Pfeife Material: Pfeifenkopf: Gereiftes Bruy\u00e8reholz aus Spanien Stiel: Bambusdesign f\u00fcr eine nat\u00fcrliche Haptik Mundst\u00fcck: Hochwertiges handgefertigtes Mundst\u00fcck aus<\/p>","protected":false},"featured_media":4219,"comment_status":"open","ping_status":"closed","template":"","meta":[],"product_brand":[],"product_cat":[86],"product_tag":[],"class_list":{"0":"post-4213","1":"product","2":"type-product","3":"status-publish","4":"has-post-thumbnail","6":"product_cat-bruyere-pfeifen","8":"first","9":"instock","10":"sale","11":"shipping-taxable","12":"purchasable","13":"product-type-simple"},"yoast_head":"<!-- This site is optimized with the Yoast SEO Premium plugin v26.7 (Yoast SEO v27.4) - https:\/\/yoast.com\/product\/yoast-seo-premium-wordpress\/ -->\n<title>Tabakpfeife Apfelkopf mit Zubeh\u00f6r - Der beste Onlineshop f\u00fcr Pfeifen und Zigarrenzubeh\u00f6r in Deutschland<\/title>\n<meta name=\"robots\" content=\"index, follow, max-snippet:-1, max-image-preview:large, max-video-preview:-1\" \/>\n<link rel=\"canonical\" href=\"https:\/\/pfeifenundzigarren.de\/es\/Produkt\/tabakpfeife-apfelkopf-mit-zubehoer\/\" \/>\n<meta property=\"og:locale\" content=\"es_ES\" \/>\n<meta property=\"og:type\" content=\"article\" \/>\n<meta property=\"og:title\" content=\"Tabakpfeife Apfelkopf mit Zubeh\u00f6r\" \/>\n<meta property=\"og:description\" content=\"Produktparameter Produktname: Bruy\u00e8reholz-Bambus-Apfel-Pfeife Material: Pfeifenkopf: Gereiftes Bruy\u00e8reholz aus Spanien Stiel: Bambusdesign f\u00fcr eine nat\u00fcrliche Haptik Mundst\u00fcck: Hochwertiges handgefertigtes Mundst\u00fcck aus\" \/>\n<meta property=\"og:url\" content=\"https:\/\/pfeifenundzigarren.de\/es\/Produkt\/tabakpfeife-apfelkopf-mit-zubehoer\/\" \/>\n<meta property=\"og:site_name\" content=\"Der beste Onlineshop f\u00fcr Pfeifen und Zigarrenzubeh\u00f6r in Deutschland\" \/>\n<meta property=\"article:modified_time\" content=\"2024-09-25T07:59:30+00:00\" \/>\n<meta property=\"og:image\" content=\"https:\/\/pfeifenundzigarren.de\/wp-content\/uploads\/2024\/09\/b84074b0-307b-477b-90ee-ce708b3e3e3c.png\" \/>\n\t<meta property=\"og:image:width\" content=\"800\" \/>\n\t<meta property=\"og:image:height\" content=\"800\" \/>\n\t<meta property=\"og:image:type\" content=\"image\/png\" \/>\n<meta name=\"twitter:card\" content=\"summary_large_image\" \/>\n<meta name=\"twitter:label1\" content=\"Tiempo de lectura\" \/>\n\t<meta name=\"twitter:data1\" content=\"1 minuto\" \/>\n<script type=\"application\/ld+json\" class=\"yoast-schema-graph\">{\"@context\":\"https:\\\/\\\/schema.org\",\"@graph\":[{\"@type\":\"WebPage\",\"@id\":\"https:\\\/\\\/pfeifenundzigarren.de\\\/Produkt\\\/tabakpfeife-apfelkopf-mit-zubehoer\\\/\",\"url\":\"https:\\\/\\\/pfeifenundzigarren.de\\\/Produkt\\\/tabakpfeife-apfelkopf-mit-zubehoer\\\/\",\"name\":\"Tabakpfeife Apfelkopf mit Zubeh\u00f6r - Der beste Onlineshop f\u00fcr Pfeifen und Zigarrenzubeh\u00f6r in Deutschland\",\"isPartOf\":{\"@id\":\"https:\\\/\\\/pfeifenundzigarren.de\\\/#website\"},\"primaryImageOfPage\":{\"@id\":\"https:\\\/\\\/pfeifenundzigarren.de\\\/Produkt\\\/tabakpfeife-apfelkopf-mit-zubehoer\\\/#primaryimage\"},\"image\":{\"@id\":\"https:\\\/\\\/pfeifenundzigarren.de\\\/Produkt\\\/tabakpfeife-apfelkopf-mit-zubehoer\\\/#primaryimage\"},\"thumbnailUrl\":\"https:\\\/\\\/pfeifenundzigarren.de\\\/wp-content\\\/uploads\\\/2024\\\/09\\\/b84074b0-307b-477b-90ee-ce708b3e3e3c.png\",\"datePublished\":\"2024-09-25T07:24:58+00:00\",\"dateModified\":\"2024-09-25T07:59:30+00:00\",\"breadcrumb\":{\"@id\":\"https:\\\/\\\/pfeifenundzigarren.de\\\/Produkt\\\/tabakpfeife-apfelkopf-mit-zubehoer\\\/#breadcrumb\"},\"inLanguage\":\"es\",\"potentialAction\":[{\"@type\":\"ReadAction\",\"target\":[\"https:\\\/\\\/pfeifenundzigarren.de\\\/Produkt\\\/tabakpfeife-apfelkopf-mit-zubehoer\\\/\"]}]},{\"@type\":\"ImageObject\",\"inLanguage\":\"es\",\"@id\":\"https:\\\/\\\/pfeifenundzigarren.de\\\/Produkt\\\/tabakpfeife-apfelkopf-mit-zubehoer\\\/#primaryimage\",\"url\":\"https:\\\/\\\/pfeifenundzigarren.de\\\/wp-content\\\/uploads\\\/2024\\\/09\\\/b84074b0-307b-477b-90ee-ce708b3e3e3c.png\",\"contentUrl\":\"https:\\\/\\\/pfeifenundzigarren.de\\\/wp-content\\\/uploads\\\/2024\\\/09\\\/b84074b0-307b-477b-90ee-ce708b3e3e3c.png\",\"width\":800,\"height\":800},{\"@type\":\"BreadcrumbList\",\"@id\":\"https:\\\/\\\/pfeifenundzigarren.de\\\/Produkt\\\/tabakpfeife-apfelkopf-mit-zubehoer\\\/#breadcrumb\",\"itemListElement\":[{\"@type\":\"ListItem\",\"position\":1,\"name\":\"Home\",\"item\":\"https:\\\/\\\/pfeifenundzigarren.de\\\/\"},{\"@type\":\"ListItem\",\"position\":2,\"name\":\"Shop\",\"item\":\"https:\\\/\\\/pfeifenundzigarren.de\\\/shop\\\/\"},{\"@type\":\"ListItem\",\"position\":3,\"name\":\"Tabakpfeife Apfelkopf mit Zubeh\u00f6r\"}]},{\"@type\":\"WebSite\",\"@id\":\"https:\\\/\\\/pfeifenundzigarren.de\\\/#website\",\"url\":\"https:\\\/\\\/pfeifenundzigarren.de\\\/\",\"name\":\"Der beste Onlineshop f\u00fcr Pfeifen und Zigarrenzubeh\u00f6r in Deutschland\",\"description\":\"\",\"publisher\":{\"@id\":\"https:\\\/\\\/pfeifenundzigarren.de\\\/#organization\"},\"potentialAction\":[{\"@type\":\"SearchAction\",\"target\":{\"@type\":\"EntryPoint\",\"urlTemplate\":\"https:\\\/\\\/pfeifenundzigarren.de\\\/?s={search_term_string}\"},\"query-input\":{\"@type\":\"PropertyValueSpecification\",\"valueRequired\":true,\"valueName\":\"search_term_string\"}}],\"inLanguage\":\"es\"},{\"@type\":\"Organization\",\"@id\":\"https:\\\/\\\/pfeifenundzigarren.de\\\/#organization\",\"name\":\"Der beste Onlineshop f\u00fcr Pfeifen und Zigarrenzubeh\u00f6r in Deutschland\",\"url\":\"https:\\\/\\\/pfeifenundzigarren.de\\\/\",\"logo\":{\"@type\":\"ImageObject\",\"inLanguage\":\"es\",\"@id\":\"https:\\\/\\\/pfeifenundzigarren.de\\\/#\\\/schema\\\/logo\\\/image\\\/\",\"url\":\"https:\\\/\\\/pfeifenundzigarren.de\\\/wp-content\\\/uploads\\\/2024\\\/09\\\/cropped-Luxury-and-Vintage-Ornamental-Coffee-Shop-Logo.png\",\"contentUrl\":\"https:\\\/\\\/pfeifenundzigarren.de\\\/wp-content\\\/uploads\\\/2024\\\/09\\\/cropped-Luxury-and-Vintage-Ornamental-Coffee-Shop-Logo.png\",\"width\":512,\"height\":512,\"caption\":\"Der beste Onlineshop f\u00fcr Pfeifen und Zigarrenzubeh\u00f6r in Deutschland\"},\"image\":{\"@id\":\"https:\\\/\\\/pfeifenundzigarren.de\\\/#\\\/schema\\\/logo\\\/image\\\/\"}}]}<\/script>\n<!-- \/ Yoast SEO Premium plugin. -->","yoast_head_json":{"title":"Tabakpfeife Apfelkopf mit Zubeh\u00f6r - Der beste Onlineshop f\u00fcr Pfeifen und Zigarrenzubeh\u00f6r in Deutschland","robots":{"index":"index","follow":"follow","max-snippet":"max-snippet:-1","max-image-preview":"max-image-preview:large","max-video-preview":"max-video-preview:-1"},"canonical":"https:\/\/pfeifenundzigarren.de\/es\/Produkt\/tabakpfeife-apfelkopf-mit-zubehoer\/","og_locale":"es_ES","og_type":"article","og_title":"Tabakpfeife Apfelkopf mit Zubeh\u00f6r","og_description":"Produktparameter Produktname: Bruy\u00e8reholz-Bambus-Apfel-Pfeife Material: Pfeifenkopf: Gereiftes Bruy\u00e8reholz aus Spanien Stiel: Bambusdesign f\u00fcr eine nat\u00fcrliche Haptik Mundst\u00fcck: Hochwertiges handgefertigtes Mundst\u00fcck aus","og_url":"https:\/\/pfeifenundzigarren.de\/es\/Produkt\/tabakpfeife-apfelkopf-mit-zubehoer\/","og_site_name":"Der beste Onlineshop f\u00fcr Pfeifen und Zigarrenzubeh\u00f6r in Deutschland","article_modified_time":"2024-09-25T07:59:30+00:00","og_image":[{"width":800,"height":800,"url":"https:\/\/pfeifenundzigarren.de\/wp-content\/uploads\/2024\/09\/b84074b0-307b-477b-90ee-ce708b3e3e3c.png","type":"image\/png"}],"twitter_card":"summary_large_image","twitter_misc":{"Tiempo de lectura":"1 minuto"},"schema":{"@context":"https:\/\/schema.org","@graph":[{"@type":"WebPage","@id":"https:\/\/pfeifenundzigarren.de\/Produkt\/tabakpfeife-apfelkopf-mit-zubehoer\/","url":"https:\/\/pfeifenundzigarren.de\/Produkt\/tabakpfeife-apfelkopf-mit-zubehoer\/","name":"Tabakpfeife Apfelkopf mit Zubeh\u00f6r - Der beste Onlineshop f\u00fcr Pfeifen und Zigarrenzubeh\u00f6r in Deutschland","isPartOf":{"@id":"https:\/\/pfeifenundzigarren.de\/#website"},"primaryImageOfPage":{"@id":"https:\/\/pfeifenundzigarren.de\/Produkt\/tabakpfeife-apfelkopf-mit-zubehoer\/#primaryimage"},"image":{"@id":"https:\/\/pfeifenundzigarren.de\/Produkt\/tabakpfeife-apfelkopf-mit-zubehoer\/#primaryimage"},"thumbnailUrl":"https:\/\/pfeifenundzigarren.de\/wp-content\/uploads\/2024\/09\/b84074b0-307b-477b-90ee-ce708b3e3e3c.png","datePublished":"2024-09-25T07:24:58+00:00","dateModified":"2024-09-25T07:59:30+00:00","breadcrumb":{"@id":"https:\/\/pfeifenundzigarren.de\/Produkt\/tabakpfeife-apfelkopf-mit-zubehoer\/#breadcrumb"},"inLanguage":"es","potentialAction":[{"@type":"ReadAction","target":["https:\/\/pfeifenundzigarren.de\/Produkt\/tabakpfeife-apfelkopf-mit-zubehoer\/"]}]},{"@type":"ImageObject","inLanguage":"es","@id":"https:\/\/pfeifenundzigarren.de\/Produkt\/tabakpfeife-apfelkopf-mit-zubehoer\/#primaryimage","url":"https:\/\/pfeifenundzigarren.de\/wp-content\/uploads\/2024\/09\/b84074b0-307b-477b-90ee-ce708b3e3e3c.png","contentUrl":"https:\/\/pfeifenundzigarren.de\/wp-content\/uploads\/2024\/09\/b84074b0-307b-477b-90ee-ce708b3e3e3c.png","width":800,"height":800},{"@type":"BreadcrumbList","@id":"https:\/\/pfeifenundzigarren.de\/Produkt\/tabakpfeife-apfelkopf-mit-zubehoer\/#breadcrumb","itemListElement":[{"@type":"ListItem","position":1,"name":"Home","item":"https:\/\/pfeifenundzigarren.de\/"},{"@type":"ListItem","position":2,"name":"Shop","item":"https:\/\/pfeifenundzigarren.de\/shop\/"},{"@type":"ListItem","position":3,"name":"Tabakpfeife Apfelkopf mit Zubeh\u00f6r"}]},{"@type":"WebSite","@id":"https:\/\/pfeifenundzigarren.de\/#website","url":"https:\/\/pfeifenundzigarren.de\/","name":"La mejor tienda en l\u00ednea de pipas y accesorios para puros de Alemania","description":"","publisher":{"@id":"https:\/\/pfeifenundzigarren.de\/#organization"},"potentialAction":[{"@type":"SearchAction","target":{"@type":"EntryPoint","urlTemplate":"https:\/\/pfeifenundzigarren.de\/?s={search_term_string}"},"query-input":{"@type":"PropertyValueSpecification","valueRequired":true,"valueName":"search_term_string"}}],"inLanguage":"es"},{"@type":"Organization","@id":"https:\/\/pfeifenundzigarren.de\/#organization","name":"La mejor tienda en l\u00ednea de pipas y accesorios para puros de Alemania","url":"https:\/\/pfeifenundzigarren.de\/","logo":{"@type":"ImageObject","inLanguage":"es","@id":"https:\/\/pfeifenundzigarren.de\/#\/schema\/logo\/image\/","url":"https:\/\/pfeifenundzigarren.de\/wp-content\/uploads\/2024\/09\/cropped-Luxury-and-Vintage-Ornamental-Coffee-Shop-Logo.png","contentUrl":"https:\/\/pfeifenundzigarren.de\/wp-content\/uploads\/2024\/09\/cropped-Luxury-and-Vintage-Ornamental-Coffee-Shop-Logo.png","width":512,"height":512,"caption":"Der beste Onlineshop f\u00fcr Pfeifen und Zigarrenzubeh\u00f6r in Deutschland"},"image":{"@id":"https:\/\/pfeifenundzigarren.de\/#\/schema\/logo\/image\/"}}]}},"_links":{"self":[{"href":"https:\/\/pfeifenundzigarren.de\/es\/wp-json\/wp\/v2\/product\/4213","targetHints":{"allow":["GET"]}}],"collection":[{"href":"https:\/\/pfeifenundzigarren.de\/es\/wp-json\/wp\/v2\/product"}],"about":[{"href":"https:\/\/pfeifenundzigarren.de\/es\/wp-json\/wp\/v2\/types\/product"}],"replies":[{"embeddable":true,"href":"https:\/\/pfeifenundzigarren.de\/es\/wp-json\/wp\/v2\/comments?post=4213"}],"version-history":[{"count":0,"href":"https:\/\/pfeifenundzigarren.de\/es\/wp-json\/wp\/v2\/product\/4213\/revisions"}],"wp:featuredmedia":[{"embeddable":true,"href":"https:\/\/pfeifenundzigarren.de\/es\/wp-json\/wp\/v2\/media\/4219"}],"wp:attachment":[{"href":"https:\/\/pfeifenundzigarren.de\/es\/wp-json\/wp\/v2\/media?parent=4213"}],"wp:term":[{"taxonomy":"product_brand","embeddable":true,"href":"https:\/\/pfeifenundzigarren.de\/es\/wp-json\/wp\/v2\/product_brand?post=4213"},{"taxonomy":"product_cat","embeddable":true,"href":"https:\/\/pfeifenundzigarren.de\/es\/wp-json\/wp\/v2\/product_cat?post=4213"},{"taxonomy":"product_tag","embeddable":true,"href":"https:\/\/pfeifenundzigarren.de\/es\/wp-json\/wp\/v2\/product_tag?post=4213"}],"curies":[{"name":"wp","href":"https:\/\/api.w.org\/{rel}","templated":true}]}}