{"id":4205,"date":"2024-09-25T06:00:06","date_gmt":"2024-09-25T04:00:06","guid":{"rendered":"https:\/\/pfeifenundzigarren.de\/?post_type=product&#038;p=4205"},"modified":"2024-09-27T16:00:57","modified_gmt":"2024-09-27T14:00:57","slug":"blaue-lange-pfeife","status":"publish","type":"product","link":"https:\/\/pfeifenundzigarren.de\/es\/Produkt\/blaue-lange-pfeife\/","title":{"rendered":"Tubo largo azul"},"content":{"rendered":"<ol>\n<li><strong>Dimensiones<\/strong>:\n<ul>\n<li>Longitud total: 198 mm<\/li>\n<li>Altura del silbato: 64 mm<\/li>\n<li>Di\u00e1metro interior del tubo: 15 mm<\/li>\n<li>Di\u00e1metro exterior del tubo: 30 mm<\/li>\n<li>Altura del cuerpo del tubo: 55 mm<\/li>\n<li>Peso: 26 g<\/li>\n<\/ul>\n<\/li>\n<li><strong>Material y dise\u00f1o<\/strong>:\n<ul>\n<li><strong>Madera de brezo<\/strong><br \/>\nLa pipa es de madera de brezo de grano fino, gran resistencia al calor y buena absorci\u00f3n de agua.<\/li>\n<li><strong>Grano claro y fino<\/strong><br \/>\nProceso de coloraci\u00f3n pulido a mano con m\u00e1s de 1400 granos, lo que hace que el grano sea m\u00e1s claro y fino.<\/li>\n<li><strong>Dise\u00f1o de punta de varilla met\u00e1lica de 3 mm<\/strong><br \/>\nExcelente resistencia a la tracci\u00f3n, f\u00e1cil de desmontar, no necesita filtro.<\/li>\n<li><strong>Cazoleta apta para alimentos<\/strong><br \/>\nPulido a mano con caucho importado de Alemania, seguro y fiable en su uso.<\/li>\n<\/ul>\n<\/li>\n<\/ol>","protected":false},"excerpt":{"rendered":"<p>Dimensiones: Longitud total: 198 mm Altura del tubo: 64 mm Di\u00e1metro interior del tubo: 15 mm Di\u00e1metro exterior del tubo: 30 mm Altura<\/p>","protected":false},"featured_media":4210,"comment_status":"open","ping_status":"closed","template":"","meta":[],"product_brand":[],"product_cat":[86,72,75,70],"product_tag":[],"class_list":{"0":"post-4205","1":"product","2":"type-product","3":"status-publish","4":"has-post-thumbnail","6":"product_cat-bruyere-pfeifen","7":"product_cat-gandalf-pfeife","8":"product_cat-holz-pfeife","9":"product_cat-pfeife","11":"first","12":"instock","13":"sale","14":"shipping-taxable","15":"purchasable","16":"product-type-simple"},"yoast_head":"<!-- This site is optimized with the Yoast SEO Premium plugin v26.7 (Yoast SEO v27.4) - https:\/\/yoast.com\/product\/yoast-seo-premium-wordpress\/ -->\n<title>Blaue lange Pfeife - Der beste Onlineshop f\u00fcr Pfeifen und Zigarrenzubeh\u00f6r in Deutschland<\/title>\n<meta name=\"robots\" content=\"index, follow, max-snippet:-1, max-image-preview:large, max-video-preview:-1\" \/>\n<link rel=\"canonical\" href=\"https:\/\/pfeifenundzigarren.de\/es\/Produkt\/blaue-lange-pfeife\/\" \/>\n<meta property=\"og:locale\" content=\"es_ES\" \/>\n<meta property=\"og:type\" content=\"article\" \/>\n<meta property=\"og:title\" content=\"Blaue lange Pfeife\" \/>\n<meta property=\"og:description\" content=\"Abmessungen: Gesamtl\u00e4nge: 198 mm H\u00f6he der Pfeife: 64 mm Innendurchmesser der Pfeife: 15 mm Au\u00dfendurchmesser der Pfeife: 30 mm H\u00f6he\" \/>\n<meta property=\"og:url\" content=\"https:\/\/pfeifenundzigarren.de\/es\/Produkt\/blaue-lange-pfeife\/\" \/>\n<meta property=\"og:site_name\" content=\"Der beste Onlineshop f\u00fcr Pfeifen und Zigarrenzubeh\u00f6r in Deutschland\" \/>\n<meta property=\"article:modified_time\" content=\"2024-09-27T14:00:57+00:00\" \/>\n<meta property=\"og:image\" content=\"https:\/\/pfeifenundzigarren.de\/wp-content\/uploads\/2024\/09\/bedd3823-22a4-456d-b2fc-4fc2239c1744-1.png\" \/>\n\t<meta property=\"og:image:width\" content=\"800\" \/>\n\t<meta property=\"og:image:height\" content=\"800\" \/>\n\t<meta property=\"og:image:type\" content=\"image\/png\" \/>\n<meta name=\"twitter:card\" content=\"summary_large_image\" \/>\n<script type=\"application\/ld+json\" class=\"yoast-schema-graph\">{\"@context\":\"https:\\\/\\\/schema.org\",\"@graph\":[{\"@type\":\"WebPage\",\"@id\":\"https:\\\/\\\/pfeifenundzigarren.de\\\/Produkt\\\/blaue-lange-pfeife\\\/\",\"url\":\"https:\\\/\\\/pfeifenundzigarren.de\\\/Produkt\\\/blaue-lange-pfeife\\\/\",\"name\":\"Blaue lange Pfeife - Der beste Onlineshop f\u00fcr Pfeifen und Zigarrenzubeh\u00f6r in Deutschland\",\"isPartOf\":{\"@id\":\"https:\\\/\\\/pfeifenundzigarren.de\\\/#website\"},\"primaryImageOfPage\":{\"@id\":\"https:\\\/\\\/pfeifenundzigarren.de\\\/Produkt\\\/blaue-lange-pfeife\\\/#primaryimage\"},\"image\":{\"@id\":\"https:\\\/\\\/pfeifenundzigarren.de\\\/Produkt\\\/blaue-lange-pfeife\\\/#primaryimage\"},\"thumbnailUrl\":\"https:\\\/\\\/pfeifenundzigarren.de\\\/wp-content\\\/uploads\\\/2024\\\/09\\\/bedd3823-22a4-456d-b2fc-4fc2239c1744-1.png\",\"datePublished\":\"2024-09-25T04:00:06+00:00\",\"dateModified\":\"2024-09-27T14:00:57+00:00\",\"breadcrumb\":{\"@id\":\"https:\\\/\\\/pfeifenundzigarren.de\\\/Produkt\\\/blaue-lange-pfeife\\\/#breadcrumb\"},\"inLanguage\":\"es\",\"potentialAction\":[{\"@type\":\"ReadAction\",\"target\":[\"https:\\\/\\\/pfeifenundzigarren.de\\\/Produkt\\\/blaue-lange-pfeife\\\/\"]}]},{\"@type\":\"ImageObject\",\"inLanguage\":\"es\",\"@id\":\"https:\\\/\\\/pfeifenundzigarren.de\\\/Produkt\\\/blaue-lange-pfeife\\\/#primaryimage\",\"url\":\"https:\\\/\\\/pfeifenundzigarren.de\\\/wp-content\\\/uploads\\\/2024\\\/09\\\/bedd3823-22a4-456d-b2fc-4fc2239c1744-1.png\",\"contentUrl\":\"https:\\\/\\\/pfeifenundzigarren.de\\\/wp-content\\\/uploads\\\/2024\\\/09\\\/bedd3823-22a4-456d-b2fc-4fc2239c1744-1.png\",\"width\":800,\"height\":800},{\"@type\":\"BreadcrumbList\",\"@id\":\"https:\\\/\\\/pfeifenundzigarren.de\\\/Produkt\\\/blaue-lange-pfeife\\\/#breadcrumb\",\"itemListElement\":[{\"@type\":\"ListItem\",\"position\":1,\"name\":\"Home\",\"item\":\"https:\\\/\\\/pfeifenundzigarren.de\\\/\"},{\"@type\":\"ListItem\",\"position\":2,\"name\":\"Shop\",\"item\":\"https:\\\/\\\/pfeifenundzigarren.de\\\/shop\\\/\"},{\"@type\":\"ListItem\",\"position\":3,\"name\":\"Blaue lange Pfeife\"}]},{\"@type\":\"WebSite\",\"@id\":\"https:\\\/\\\/pfeifenundzigarren.de\\\/#website\",\"url\":\"https:\\\/\\\/pfeifenundzigarren.de\\\/\",\"name\":\"Der beste Onlineshop f\u00fcr Pfeifen und Zigarrenzubeh\u00f6r in Deutschland\",\"description\":\"\",\"publisher\":{\"@id\":\"https:\\\/\\\/pfeifenundzigarren.de\\\/#organization\"},\"potentialAction\":[{\"@type\":\"SearchAction\",\"target\":{\"@type\":\"EntryPoint\",\"urlTemplate\":\"https:\\\/\\\/pfeifenundzigarren.de\\\/?s={search_term_string}\"},\"query-input\":{\"@type\":\"PropertyValueSpecification\",\"valueRequired\":true,\"valueName\":\"search_term_string\"}}],\"inLanguage\":\"es\"},{\"@type\":\"Organization\",\"@id\":\"https:\\\/\\\/pfeifenundzigarren.de\\\/#organization\",\"name\":\"Der beste Onlineshop f\u00fcr Pfeifen und Zigarrenzubeh\u00f6r in Deutschland\",\"url\":\"https:\\\/\\\/pfeifenundzigarren.de\\\/\",\"logo\":{\"@type\":\"ImageObject\",\"inLanguage\":\"es\",\"@id\":\"https:\\\/\\\/pfeifenundzigarren.de\\\/#\\\/schema\\\/logo\\\/image\\\/\",\"url\":\"https:\\\/\\\/pfeifenundzigarren.de\\\/wp-content\\\/uploads\\\/2024\\\/09\\\/cropped-Luxury-and-Vintage-Ornamental-Coffee-Shop-Logo.png\",\"contentUrl\":\"https:\\\/\\\/pfeifenundzigarren.de\\\/wp-content\\\/uploads\\\/2024\\\/09\\\/cropped-Luxury-and-Vintage-Ornamental-Coffee-Shop-Logo.png\",\"width\":512,\"height\":512,\"caption\":\"Der beste Onlineshop f\u00fcr Pfeifen und Zigarrenzubeh\u00f6r in Deutschland\"},\"image\":{\"@id\":\"https:\\\/\\\/pfeifenundzigarren.de\\\/#\\\/schema\\\/logo\\\/image\\\/\"}}]}<\/script>\n<!-- \/ Yoast SEO Premium plugin. -->","yoast_head_json":{"title":"Blaue lange Pfeife - Der beste Onlineshop f\u00fcr Pfeifen und Zigarrenzubeh\u00f6r in Deutschland","robots":{"index":"index","follow":"follow","max-snippet":"max-snippet:-1","max-image-preview":"max-image-preview:large","max-video-preview":"max-video-preview:-1"},"canonical":"https:\/\/pfeifenundzigarren.de\/es\/Produkt\/blaue-lange-pfeife\/","og_locale":"es_ES","og_type":"article","og_title":"Blaue lange Pfeife","og_description":"Abmessungen: Gesamtl\u00e4nge: 198 mm H\u00f6he der Pfeife: 64 mm Innendurchmesser der Pfeife: 15 mm Au\u00dfendurchmesser der Pfeife: 30 mm H\u00f6he","og_url":"https:\/\/pfeifenundzigarren.de\/es\/Produkt\/blaue-lange-pfeife\/","og_site_name":"Der beste Onlineshop f\u00fcr Pfeifen und Zigarrenzubeh\u00f6r in Deutschland","article_modified_time":"2024-09-27T14:00:57+00:00","og_image":[{"width":800,"height":800,"url":"https:\/\/pfeifenundzigarren.de\/wp-content\/uploads\/2024\/09\/bedd3823-22a4-456d-b2fc-4fc2239c1744-1.png","type":"image\/png"}],"twitter_card":"summary_large_image","schema":{"@context":"https:\/\/schema.org","@graph":[{"@type":"WebPage","@id":"https:\/\/pfeifenundzigarren.de\/Produkt\/blaue-lange-pfeife\/","url":"https:\/\/pfeifenundzigarren.de\/Produkt\/blaue-lange-pfeife\/","name":"Blaue lange Pfeife - Der beste Onlineshop f\u00fcr Pfeifen und Zigarrenzubeh\u00f6r in Deutschland","isPartOf":{"@id":"https:\/\/pfeifenundzigarren.de\/#website"},"primaryImageOfPage":{"@id":"https:\/\/pfeifenundzigarren.de\/Produkt\/blaue-lange-pfeife\/#primaryimage"},"image":{"@id":"https:\/\/pfeifenundzigarren.de\/Produkt\/blaue-lange-pfeife\/#primaryimage"},"thumbnailUrl":"https:\/\/pfeifenundzigarren.de\/wp-content\/uploads\/2024\/09\/bedd3823-22a4-456d-b2fc-4fc2239c1744-1.png","datePublished":"2024-09-25T04:00:06+00:00","dateModified":"2024-09-27T14:00:57+00:00","breadcrumb":{"@id":"https:\/\/pfeifenundzigarren.de\/Produkt\/blaue-lange-pfeife\/#breadcrumb"},"inLanguage":"es","potentialAction":[{"@type":"ReadAction","target":["https:\/\/pfeifenundzigarren.de\/Produkt\/blaue-lange-pfeife\/"]}]},{"@type":"ImageObject","inLanguage":"es","@id":"https:\/\/pfeifenundzigarren.de\/Produkt\/blaue-lange-pfeife\/#primaryimage","url":"https:\/\/pfeifenundzigarren.de\/wp-content\/uploads\/2024\/09\/bedd3823-22a4-456d-b2fc-4fc2239c1744-1.png","contentUrl":"https:\/\/pfeifenundzigarren.de\/wp-content\/uploads\/2024\/09\/bedd3823-22a4-456d-b2fc-4fc2239c1744-1.png","width":800,"height":800},{"@type":"BreadcrumbList","@id":"https:\/\/pfeifenundzigarren.de\/Produkt\/blaue-lange-pfeife\/#breadcrumb","itemListElement":[{"@type":"ListItem","position":1,"name":"Home","item":"https:\/\/pfeifenundzigarren.de\/"},{"@type":"ListItem","position":2,"name":"Shop","item":"https:\/\/pfeifenundzigarren.de\/shop\/"},{"@type":"ListItem","position":3,"name":"Blaue lange Pfeife"}]},{"@type":"WebSite","@id":"https:\/\/pfeifenundzigarren.de\/#website","url":"https:\/\/pfeifenundzigarren.de\/","name":"La mejor tienda en l\u00ednea de pipas y accesorios para puros de Alemania","description":"","publisher":{"@id":"https:\/\/pfeifenundzigarren.de\/#organization"},"potentialAction":[{"@type":"SearchAction","target":{"@type":"EntryPoint","urlTemplate":"https:\/\/pfeifenundzigarren.de\/?s={search_term_string}"},"query-input":{"@type":"PropertyValueSpecification","valueRequired":true,"valueName":"search_term_string"}}],"inLanguage":"es"},{"@type":"Organization","@id":"https:\/\/pfeifenundzigarren.de\/#organization","name":"La mejor tienda en l\u00ednea de pipas y accesorios para puros de Alemania","url":"https:\/\/pfeifenundzigarren.de\/","logo":{"@type":"ImageObject","inLanguage":"es","@id":"https:\/\/pfeifenundzigarren.de\/#\/schema\/logo\/image\/","url":"https:\/\/pfeifenundzigarren.de\/wp-content\/uploads\/2024\/09\/cropped-Luxury-and-Vintage-Ornamental-Coffee-Shop-Logo.png","contentUrl":"https:\/\/pfeifenundzigarren.de\/wp-content\/uploads\/2024\/09\/cropped-Luxury-and-Vintage-Ornamental-Coffee-Shop-Logo.png","width":512,"height":512,"caption":"Der beste Onlineshop f\u00fcr Pfeifen und Zigarrenzubeh\u00f6r in Deutschland"},"image":{"@id":"https:\/\/pfeifenundzigarren.de\/#\/schema\/logo\/image\/"}}]}},"_links":{"self":[{"href":"https:\/\/pfeifenundzigarren.de\/es\/wp-json\/wp\/v2\/product\/4205","targetHints":{"allow":["GET"]}}],"collection":[{"href":"https:\/\/pfeifenundzigarren.de\/es\/wp-json\/wp\/v2\/product"}],"about":[{"href":"https:\/\/pfeifenundzigarren.de\/es\/wp-json\/wp\/v2\/types\/product"}],"replies":[{"embeddable":true,"href":"https:\/\/pfeifenundzigarren.de\/es\/wp-json\/wp\/v2\/comments?post=4205"}],"version-history":[{"count":0,"href":"https:\/\/pfeifenundzigarren.de\/es\/wp-json\/wp\/v2\/product\/4205\/revisions"}],"wp:featuredmedia":[{"embeddable":true,"href":"https:\/\/pfeifenundzigarren.de\/es\/wp-json\/wp\/v2\/media\/4210"}],"wp:attachment":[{"href":"https:\/\/pfeifenundzigarren.de\/es\/wp-json\/wp\/v2\/media?parent=4205"}],"wp:term":[{"taxonomy":"product_brand","embeddable":true,"href":"https:\/\/pfeifenundzigarren.de\/es\/wp-json\/wp\/v2\/product_brand?post=4205"},{"taxonomy":"product_cat","embeddable":true,"href":"https:\/\/pfeifenundzigarren.de\/es\/wp-json\/wp\/v2\/product_cat?post=4205"},{"taxonomy":"product_tag","embeddable":true,"href":"https:\/\/pfeifenundzigarren.de\/es\/wp-json\/wp\/v2\/product_tag?post=4205"}],"curies":[{"name":"wp","href":"https:\/\/api.w.org\/{rel}","templated":true}]}}