{"id":4189,"date":"2024-09-25T05:49:27","date_gmt":"2024-09-25T03:49:27","guid":{"rendered":"https:\/\/pfeifenundzigarren.de\/?post_type=product&#038;p=4189"},"modified":"2024-09-25T05:55:05","modified_gmt":"2024-09-25T03:55:05","slug":"handgefertigte-bruyereholz-apple-pfeife-mit-hornring","status":"publish","type":"product","link":"https:\/\/pfeifenundzigarren.de\/es\/Produkt\/handgefertigte-bruyereholz-apple-pfeife-mit-hornring\/","title":{"rendered":"Pipa Apple de madera de brezo hecha a mano con anillo de cuerno"},"content":{"rendered":"<div data-elementor-type=\"product-post\" data-elementor-id=\"4189\" class=\"elementor elementor-4189\" data-elementor-post-type=\"product\">\n\t\t\t\t<div class=\"wd-negative-gap elementor-element elementor-element-7f61f895 e-flex e-con-boxed e-con e-parent\" data-id=\"7f61f895\" data-element_type=\"container\" data-e-type=\"container\">\n\t\t\t\t\t<div class=\"e-con-inner\">\n\t\t\t\t<div class=\"elementor-element elementor-element-32a61476 color-scheme-inherit text-left elementor-widget elementor-widget-text-editor\" data-id=\"32a61476\" data-element_type=\"widget\" data-e-type=\"widget\" data-widget_type=\"text-editor.default\">\n\t\t\t\t<div class=\"elementor-widget-container\">\n\t\t\t\t\t\t\t\t\t<h3>Par\u00e1metros del producto<\/h3>\r\n<ul>\r\n \t<li><strong>Longitud total:<\/strong>\u00a0148 mm<\/li>\r\n \t<li><strong>Di\u00e1metro exterior de la cabeza:<\/strong>\u00a043 mm<\/li>\r\n \t<li><strong>Di\u00e1metro interior de la cabeza:<\/strong>\u00a020 mm<\/li>\r\n \t<li><strong>Altura de la cabeza:<\/strong>\u00a030 mm<\/li>\r\n \t<li><strong>Profundidad de la c\u00e1mara de tabaco:<\/strong>\u00a023 mm<\/li>\r\n \t<li><strong>Peso:<\/strong>\u00a031 g<\/li>\r\n<\/ul>\t\t\t\t\t\t\t\t<\/div>\n\t\t\t\t<\/div>\n\t\t\t\t\t<\/div>\n\t\t\t\t<\/div>\n\t\t<div class=\"wd-negative-gap elementor-element elementor-element-69034ea e-flex e-con-boxed e-con e-parent\" data-id=\"69034ea\" data-element_type=\"container\" data-e-type=\"container\">\n\t\t\t\t\t<div class=\"e-con-inner\">\n\t\t\t\t<div class=\"elementor-element elementor-element-012d557 elementor-widget elementor-widget-image\" data-id=\"012d557\" data-element_type=\"widget\" data-e-type=\"widget\" data-widget_type=\"image.default\">\n\t\t\t\t<div class=\"elementor-widget-container\">\n\t\t\t\t\t\t\t\t\t\t\t\t\t\t\t<img fetchpriority=\"high\" decoding=\"async\" width=\"790\" height=\"1016\" src=\"https:\/\/pfeifenundzigarren.de\/wp-content\/uploads\/2024\/09\/536d8124-8e7e-4a73-adca-f8de19e93f7f.jpg\" class=\"attachment-large size-large wp-image-4198 wvs-archive-product-image\" alt=\"Bruy\u00e8reholz-Apple-Pfeife\" srcset=\"https:\/\/pfeifenundzigarren.de\/wp-content\/uploads\/2024\/09\/536d8124-8e7e-4a73-adca-f8de19e93f7f.jpg 790w, https:\/\/pfeifenundzigarren.de\/wp-content\/uploads\/2024\/09\/536d8124-8e7e-4a73-adca-f8de19e93f7f-150x193.jpg 150w, https:\/\/pfeifenundzigarren.de\/wp-content\/uploads\/2024\/09\/536d8124-8e7e-4a73-adca-f8de19e93f7f-233x300.jpg 233w, https:\/\/pfeifenundzigarren.de\/wp-content\/uploads\/2024\/09\/536d8124-8e7e-4a73-adca-f8de19e93f7f-768x988.jpg 768w\" sizes=\"(max-width: 790px) 100vw, 790px\" \/>\t\t\t\t\t\t\t\t\t\t\t\t\t\t\t<\/div>\n\t\t\t\t<\/div>\n\t\t\t\t\t<\/div>\n\t\t\t\t<\/div>\n\t\t<div class=\"wd-negative-gap elementor-element elementor-element-f5f0e4c e-flex e-con-boxed e-con e-parent\" data-id=\"f5f0e4c\" data-element_type=\"container\" data-e-type=\"container\">\n\t\t\t\t\t<div class=\"e-con-inner\">\n\t\t\t\t<div class=\"elementor-element elementor-element-51f4a2d elementor-widget elementor-widget-image\" data-id=\"51f4a2d\" data-element_type=\"widget\" data-e-type=\"widget\" data-widget_type=\"image.default\">\n\t\t\t\t<div class=\"elementor-widget-container\">\n\t\t\t\t\t\t\t\t\t\t\t\t\t\t\t<img decoding=\"async\" width=\"790\" height=\"863\" src=\"https:\/\/pfeifenundzigarren.de\/wp-content\/uploads\/2024\/09\/270c91ec-5ba1-48d2-b2dd-856f3a61cfd1.jpg\" class=\"attachment-large size-large wp-image-4199 wvs-archive-product-image\" alt=\"Bruy\u00e8reholz-Apple-Pfeife\" srcset=\"https:\/\/pfeifenundzigarren.de\/wp-content\/uploads\/2024\/09\/270c91ec-5ba1-48d2-b2dd-856f3a61cfd1.jpg 790w, https:\/\/pfeifenundzigarren.de\/wp-content\/uploads\/2024\/09\/270c91ec-5ba1-48d2-b2dd-856f3a61cfd1-150x164.jpg 150w, https:\/\/pfeifenundzigarren.de\/wp-content\/uploads\/2024\/09\/270c91ec-5ba1-48d2-b2dd-856f3a61cfd1-275x300.jpg 275w, https:\/\/pfeifenundzigarren.de\/wp-content\/uploads\/2024\/09\/270c91ec-5ba1-48d2-b2dd-856f3a61cfd1-768x839.jpg 768w\" sizes=\"(max-width: 790px) 100vw, 790px\" \/>\t\t\t\t\t\t\t\t\t\t\t\t\t\t\t<\/div>\n\t\t\t\t<\/div>\n\t\t\t\t\t<\/div>\n\t\t\t\t<\/div>\n\t\t\t\t<\/div>","protected":false},"excerpt":{"rendered":"<p>Par\u00e1metros del producto Longitud total: 148 mm Di\u00e1metro exterior del cabezal: 43 mm Di\u00e1metro interior del cabezal: 20 mm Altura del cabezal: 30 mm Profundidad de la c\u00e1mara de tabaco: 23 mm Peso: 31 g<\/p>","protected":false},"featured_media":4190,"comment_status":"open","ping_status":"closed","template":"","meta":[],"product_brand":[],"product_cat":[86,70],"product_tag":[],"class_list":{"0":"post-4189","1":"product","2":"type-product","3":"status-publish","4":"has-post-thumbnail","6":"product_cat-bruyere-pfeifen","7":"product_cat-pfeife","9":"first","10":"instock","11":"sale","12":"shipping-taxable","13":"purchasable","14":"product-type-simple"},"yoast_head":"<!-- This site is optimized with the Yoast SEO Premium plugin v26.7 (Yoast SEO v27.4) - https:\/\/yoast.com\/product\/yoast-seo-premium-wordpress\/ -->\n<title>Handgefertigte Bruy\u00e8reholz-Apple-Pfeife mit Hornring - Der beste Onlineshop f\u00fcr Pfeifen und Zigarrenzubeh\u00f6r in Deutschland<\/title>\n<meta name=\"robots\" content=\"index, follow, max-snippet:-1, max-image-preview:large, max-video-preview:-1\" \/>\n<link rel=\"canonical\" href=\"https:\/\/pfeifenundzigarren.de\/es\/Produkt\/handgefertigte-bruyereholz-apple-pfeife-mit-hornring\/\" \/>\n<meta property=\"og:locale\" content=\"es_ES\" \/>\n<meta property=\"og:type\" content=\"article\" \/>\n<meta property=\"og:title\" content=\"Handgefertigte Bruy\u00e8reholz-Apple-Pfeife mit Hornring\" \/>\n<meta property=\"og:description\" content=\"Produktparameter Gesamtl\u00e4nge:\u00a0148 mm Au\u00dfendurchmesser des Kopfes:\u00a043 mm Innendurchmesser des Kopfes:\u00a020 mm Kopfh\u00f6he:\u00a030 mm Tiefe der Tabakkammer:\u00a023 mm Gewicht:\u00a031 g\" \/>\n<meta property=\"og:url\" content=\"https:\/\/pfeifenundzigarren.de\/es\/Produkt\/handgefertigte-bruyereholz-apple-pfeife-mit-hornring\/\" \/>\n<meta property=\"og:site_name\" content=\"Der beste Onlineshop f\u00fcr Pfeifen und Zigarrenzubeh\u00f6r in Deutschland\" \/>\n<meta property=\"article:modified_time\" content=\"2024-09-25T03:55:05+00:00\" \/>\n<meta property=\"og:image\" content=\"https:\/\/pfeifenundzigarren.de\/wp-content\/uploads\/2024\/09\/69717130-7bb1-494a-812b-74e265390834.png\" \/>\n\t<meta property=\"og:image:width\" content=\"800\" \/>\n\t<meta property=\"og:image:height\" content=\"800\" \/>\n\t<meta property=\"og:image:type\" content=\"image\/png\" \/>\n<meta name=\"twitter:card\" content=\"summary_large_image\" \/>\n<script type=\"application\/ld+json\" class=\"yoast-schema-graph\">{\"@context\":\"https:\\\/\\\/schema.org\",\"@graph\":[{\"@type\":\"WebPage\",\"@id\":\"https:\\\/\\\/pfeifenundzigarren.de\\\/Produkt\\\/handgefertigte-bruyereholz-apple-pfeife-mit-hornring\\\/\",\"url\":\"https:\\\/\\\/pfeifenundzigarren.de\\\/Produkt\\\/handgefertigte-bruyereholz-apple-pfeife-mit-hornring\\\/\",\"name\":\"Handgefertigte Bruy\u00e8reholz-Apple-Pfeife mit Hornring - Der beste Onlineshop f\u00fcr Pfeifen und Zigarrenzubeh\u00f6r in Deutschland\",\"isPartOf\":{\"@id\":\"https:\\\/\\\/pfeifenundzigarren.de\\\/#website\"},\"primaryImageOfPage\":{\"@id\":\"https:\\\/\\\/pfeifenundzigarren.de\\\/Produkt\\\/handgefertigte-bruyereholz-apple-pfeife-mit-hornring\\\/#primaryimage\"},\"image\":{\"@id\":\"https:\\\/\\\/pfeifenundzigarren.de\\\/Produkt\\\/handgefertigte-bruyereholz-apple-pfeife-mit-hornring\\\/#primaryimage\"},\"thumbnailUrl\":\"https:\\\/\\\/pfeifenundzigarren.de\\\/wp-content\\\/uploads\\\/2024\\\/09\\\/69717130-7bb1-494a-812b-74e265390834.png\",\"datePublished\":\"2024-09-25T03:49:27+00:00\",\"dateModified\":\"2024-09-25T03:55:05+00:00\",\"breadcrumb\":{\"@id\":\"https:\\\/\\\/pfeifenundzigarren.de\\\/Produkt\\\/handgefertigte-bruyereholz-apple-pfeife-mit-hornring\\\/#breadcrumb\"},\"inLanguage\":\"es\",\"potentialAction\":[{\"@type\":\"ReadAction\",\"target\":[\"https:\\\/\\\/pfeifenundzigarren.de\\\/Produkt\\\/handgefertigte-bruyereholz-apple-pfeife-mit-hornring\\\/\"]}]},{\"@type\":\"ImageObject\",\"inLanguage\":\"es\",\"@id\":\"https:\\\/\\\/pfeifenundzigarren.de\\\/Produkt\\\/handgefertigte-bruyereholz-apple-pfeife-mit-hornring\\\/#primaryimage\",\"url\":\"https:\\\/\\\/pfeifenundzigarren.de\\\/wp-content\\\/uploads\\\/2024\\\/09\\\/69717130-7bb1-494a-812b-74e265390834.png\",\"contentUrl\":\"https:\\\/\\\/pfeifenundzigarren.de\\\/wp-content\\\/uploads\\\/2024\\\/09\\\/69717130-7bb1-494a-812b-74e265390834.png\",\"width\":800,\"height\":800,\"caption\":\"Handgefertigte Bruy\u00e8reholz-Apple-Pfeife mit Hornring\"},{\"@type\":\"BreadcrumbList\",\"@id\":\"https:\\\/\\\/pfeifenundzigarren.de\\\/Produkt\\\/handgefertigte-bruyereholz-apple-pfeife-mit-hornring\\\/#breadcrumb\",\"itemListElement\":[{\"@type\":\"ListItem\",\"position\":1,\"name\":\"Home\",\"item\":\"https:\\\/\\\/pfeifenundzigarren.de\\\/\"},{\"@type\":\"ListItem\",\"position\":2,\"name\":\"Shop\",\"item\":\"https:\\\/\\\/pfeifenundzigarren.de\\\/shop\\\/\"},{\"@type\":\"ListItem\",\"position\":3,\"name\":\"Handgefertigte Bruy\u00e8reholz-Apple-Pfeife mit Hornring\"}]},{\"@type\":\"WebSite\",\"@id\":\"https:\\\/\\\/pfeifenundzigarren.de\\\/#website\",\"url\":\"https:\\\/\\\/pfeifenundzigarren.de\\\/\",\"name\":\"Der beste Onlineshop f\u00fcr Pfeifen und Zigarrenzubeh\u00f6r in Deutschland\",\"description\":\"\",\"publisher\":{\"@id\":\"https:\\\/\\\/pfeifenundzigarren.de\\\/#organization\"},\"potentialAction\":[{\"@type\":\"SearchAction\",\"target\":{\"@type\":\"EntryPoint\",\"urlTemplate\":\"https:\\\/\\\/pfeifenundzigarren.de\\\/?s={search_term_string}\"},\"query-input\":{\"@type\":\"PropertyValueSpecification\",\"valueRequired\":true,\"valueName\":\"search_term_string\"}}],\"inLanguage\":\"es\"},{\"@type\":\"Organization\",\"@id\":\"https:\\\/\\\/pfeifenundzigarren.de\\\/#organization\",\"name\":\"Der beste Onlineshop f\u00fcr Pfeifen und Zigarrenzubeh\u00f6r in Deutschland\",\"url\":\"https:\\\/\\\/pfeifenundzigarren.de\\\/\",\"logo\":{\"@type\":\"ImageObject\",\"inLanguage\":\"es\",\"@id\":\"https:\\\/\\\/pfeifenundzigarren.de\\\/#\\\/schema\\\/logo\\\/image\\\/\",\"url\":\"https:\\\/\\\/pfeifenundzigarren.de\\\/wp-content\\\/uploads\\\/2024\\\/09\\\/cropped-Luxury-and-Vintage-Ornamental-Coffee-Shop-Logo.png\",\"contentUrl\":\"https:\\\/\\\/pfeifenundzigarren.de\\\/wp-content\\\/uploads\\\/2024\\\/09\\\/cropped-Luxury-and-Vintage-Ornamental-Coffee-Shop-Logo.png\",\"width\":512,\"height\":512,\"caption\":\"Der beste Onlineshop f\u00fcr Pfeifen und Zigarrenzubeh\u00f6r in Deutschland\"},\"image\":{\"@id\":\"https:\\\/\\\/pfeifenundzigarren.de\\\/#\\\/schema\\\/logo\\\/image\\\/\"}}]}<\/script>\n<!-- \/ Yoast SEO Premium plugin. -->","yoast_head_json":{"title":"Handgefertigte Bruy\u00e8reholz-Apple-Pfeife mit Hornring - Der beste Onlineshop f\u00fcr Pfeifen und Zigarrenzubeh\u00f6r in Deutschland","robots":{"index":"index","follow":"follow","max-snippet":"max-snippet:-1","max-image-preview":"max-image-preview:large","max-video-preview":"max-video-preview:-1"},"canonical":"https:\/\/pfeifenundzigarren.de\/es\/Produkt\/handgefertigte-bruyereholz-apple-pfeife-mit-hornring\/","og_locale":"es_ES","og_type":"article","og_title":"Handgefertigte Bruy\u00e8reholz-Apple-Pfeife mit Hornring","og_description":"Produktparameter Gesamtl\u00e4nge:\u00a0148 mm Au\u00dfendurchmesser des Kopfes:\u00a043 mm Innendurchmesser des Kopfes:\u00a020 mm Kopfh\u00f6he:\u00a030 mm Tiefe der Tabakkammer:\u00a023 mm Gewicht:\u00a031 g","og_url":"https:\/\/pfeifenundzigarren.de\/es\/Produkt\/handgefertigte-bruyereholz-apple-pfeife-mit-hornring\/","og_site_name":"Der beste Onlineshop f\u00fcr Pfeifen und Zigarrenzubeh\u00f6r in Deutschland","article_modified_time":"2024-09-25T03:55:05+00:00","og_image":[{"width":800,"height":800,"url":"https:\/\/pfeifenundzigarren.de\/wp-content\/uploads\/2024\/09\/69717130-7bb1-494a-812b-74e265390834.png","type":"image\/png"}],"twitter_card":"summary_large_image","schema":{"@context":"https:\/\/schema.org","@graph":[{"@type":"WebPage","@id":"https:\/\/pfeifenundzigarren.de\/Produkt\/handgefertigte-bruyereholz-apple-pfeife-mit-hornring\/","url":"https:\/\/pfeifenundzigarren.de\/Produkt\/handgefertigte-bruyereholz-apple-pfeife-mit-hornring\/","name":"Handgefertigte Bruy\u00e8reholz-Apple-Pfeife mit Hornring - Der beste Onlineshop f\u00fcr Pfeifen und Zigarrenzubeh\u00f6r in Deutschland","isPartOf":{"@id":"https:\/\/pfeifenundzigarren.de\/#website"},"primaryImageOfPage":{"@id":"https:\/\/pfeifenundzigarren.de\/Produkt\/handgefertigte-bruyereholz-apple-pfeife-mit-hornring\/#primaryimage"},"image":{"@id":"https:\/\/pfeifenundzigarren.de\/Produkt\/handgefertigte-bruyereholz-apple-pfeife-mit-hornring\/#primaryimage"},"thumbnailUrl":"https:\/\/pfeifenundzigarren.de\/wp-content\/uploads\/2024\/09\/69717130-7bb1-494a-812b-74e265390834.png","datePublished":"2024-09-25T03:49:27+00:00","dateModified":"2024-09-25T03:55:05+00:00","breadcrumb":{"@id":"https:\/\/pfeifenundzigarren.de\/Produkt\/handgefertigte-bruyereholz-apple-pfeife-mit-hornring\/#breadcrumb"},"inLanguage":"es","potentialAction":[{"@type":"ReadAction","target":["https:\/\/pfeifenundzigarren.de\/Produkt\/handgefertigte-bruyereholz-apple-pfeife-mit-hornring\/"]}]},{"@type":"ImageObject","inLanguage":"es","@id":"https:\/\/pfeifenundzigarren.de\/Produkt\/handgefertigte-bruyereholz-apple-pfeife-mit-hornring\/#primaryimage","url":"https:\/\/pfeifenundzigarren.de\/wp-content\/uploads\/2024\/09\/69717130-7bb1-494a-812b-74e265390834.png","contentUrl":"https:\/\/pfeifenundzigarren.de\/wp-content\/uploads\/2024\/09\/69717130-7bb1-494a-812b-74e265390834.png","width":800,"height":800,"caption":"Handgefertigte Bruy\u00e8reholz-Apple-Pfeife mit Hornring"},{"@type":"BreadcrumbList","@id":"https:\/\/pfeifenundzigarren.de\/Produkt\/handgefertigte-bruyereholz-apple-pfeife-mit-hornring\/#breadcrumb","itemListElement":[{"@type":"ListItem","position":1,"name":"Home","item":"https:\/\/pfeifenundzigarren.de\/"},{"@type":"ListItem","position":2,"name":"Shop","item":"https:\/\/pfeifenundzigarren.de\/shop\/"},{"@type":"ListItem","position":3,"name":"Handgefertigte Bruy\u00e8reholz-Apple-Pfeife mit Hornring"}]},{"@type":"WebSite","@id":"https:\/\/pfeifenundzigarren.de\/#website","url":"https:\/\/pfeifenundzigarren.de\/","name":"La mejor tienda en l\u00ednea de pipas y accesorios para puros de Alemania","description":"","publisher":{"@id":"https:\/\/pfeifenundzigarren.de\/#organization"},"potentialAction":[{"@type":"SearchAction","target":{"@type":"EntryPoint","urlTemplate":"https:\/\/pfeifenundzigarren.de\/?s={search_term_string}"},"query-input":{"@type":"PropertyValueSpecification","valueRequired":true,"valueName":"search_term_string"}}],"inLanguage":"es"},{"@type":"Organization","@id":"https:\/\/pfeifenundzigarren.de\/#organization","name":"La mejor tienda en l\u00ednea de pipas y accesorios para puros de Alemania","url":"https:\/\/pfeifenundzigarren.de\/","logo":{"@type":"ImageObject","inLanguage":"es","@id":"https:\/\/pfeifenundzigarren.de\/#\/schema\/logo\/image\/","url":"https:\/\/pfeifenundzigarren.de\/wp-content\/uploads\/2024\/09\/cropped-Luxury-and-Vintage-Ornamental-Coffee-Shop-Logo.png","contentUrl":"https:\/\/pfeifenundzigarren.de\/wp-content\/uploads\/2024\/09\/cropped-Luxury-and-Vintage-Ornamental-Coffee-Shop-Logo.png","width":512,"height":512,"caption":"Der beste Onlineshop f\u00fcr Pfeifen und Zigarrenzubeh\u00f6r in Deutschland"},"image":{"@id":"https:\/\/pfeifenundzigarren.de\/#\/schema\/logo\/image\/"}}]}},"_links":{"self":[{"href":"https:\/\/pfeifenundzigarren.de\/es\/wp-json\/wp\/v2\/product\/4189","targetHints":{"allow":["GET"]}}],"collection":[{"href":"https:\/\/pfeifenundzigarren.de\/es\/wp-json\/wp\/v2\/product"}],"about":[{"href":"https:\/\/pfeifenundzigarren.de\/es\/wp-json\/wp\/v2\/types\/product"}],"replies":[{"embeddable":true,"href":"https:\/\/pfeifenundzigarren.de\/es\/wp-json\/wp\/v2\/comments?post=4189"}],"version-history":[{"count":0,"href":"https:\/\/pfeifenundzigarren.de\/es\/wp-json\/wp\/v2\/product\/4189\/revisions"}],"wp:featuredmedia":[{"embeddable":true,"href":"https:\/\/pfeifenundzigarren.de\/es\/wp-json\/wp\/v2\/media\/4190"}],"wp:attachment":[{"href":"https:\/\/pfeifenundzigarren.de\/es\/wp-json\/wp\/v2\/media?parent=4189"}],"wp:term":[{"taxonomy":"product_brand","embeddable":true,"href":"https:\/\/pfeifenundzigarren.de\/es\/wp-json\/wp\/v2\/product_brand?post=4189"},{"taxonomy":"product_cat","embeddable":true,"href":"https:\/\/pfeifenundzigarren.de\/es\/wp-json\/wp\/v2\/product_cat?post=4189"},{"taxonomy":"product_tag","embeddable":true,"href":"https:\/\/pfeifenundzigarren.de\/es\/wp-json\/wp\/v2\/product_tag?post=4189"}],"curies":[{"name":"wp","href":"https:\/\/api.w.org\/{rel}","templated":true}]}}