{"id":4179,"date":"2024-09-25T05:32:03","date_gmt":"2024-09-25T03:32:03","guid":{"rendered":"https:\/\/pfeifenundzigarren.de\/?post_type=product&#038;p=4179"},"modified":"2024-09-25T05:42:14","modified_gmt":"2024-09-25T03:42:14","slug":"freehand-kavalierspfeife","status":"publish","type":"product","link":"https:\/\/pfeifenundzigarren.de\/es\/Produkt\/freehand-kavalierspfeife\/","title":{"rendered":"Pipa caballero a mano alzada"},"content":{"rendered":"<p><strong>Material:<\/strong><\/p>\n<ul>\n<li><strong>Tipo de madera:<\/strong>\u00a0Espa\u00f1ol\u00a0<strong>Madera de brezo<\/strong> - es conocido por su grano fino, su resistencia a las altas temperaturas y su excelente absorci\u00f3n de la humedad. Esto lo convierte en la opci\u00f3n ideal para\u00a0<strong>Tubos de caballero a mano alzada<\/strong>.<\/li>\n<li><strong>Boquilla:<\/strong>\u00a0Importado\u00a0<strong>Boquilla de \u00e9bano australiano<\/strong>\u00a0y caucho vulcanizado para un m\u00e1ximo confort y durabilidad. Esta combinaci\u00f3n proporciona al\u00a0<strong>Tuber\u00eda Cavalier<\/strong>\u00a0est\u00e9tica y funcionalidad \u00fanicas.<\/li>\n<\/ul>\n<p><strong>Dise\u00f1o:<\/strong><\/p>\n<ul>\n<li><strong>Estructura desmontable:<\/strong>\u00a0El dise\u00f1o sencillo e innovador del\u00a0<strong>Pipa caballero a mano alzada<\/strong>\u00a0permite una limpieza f\u00e1cil. La abertura del canal de humo de 3 mm de ancho garantiza una experiencia de ahumado intensa y agradable. Este <a href=\"https:\/\/pfeifenundzigarren.de\/es\/\">Tuber\u00eda<\/a> se desarroll\u00f3 especialmente para los amantes del\u00a0<strong>Estilo a mano alzada<\/strong>\u00a0desarrollado.<\/li>\n<li><strong>Est\u00e9tica:<\/strong>\u00a0El silbato est\u00e1 despu\u00e9s del\u00a0<strong>Proporci\u00f3n \u00e1urea<\/strong>\u00a0que crea un equilibrio y un aspecto armoniosos. La combinaci\u00f3n de colores y las l\u00edneas\u00a0<strong>Tuber\u00eda Cavalier<\/strong>\u00a0un aspecto juvenil y moderno que atrae tanto a coleccionistas como a fumadores apasionados.<\/li>\n<\/ul>\n<p><strong>Dimensiones de la pipa Freehand cavalier:<\/strong><\/p>\n<ul>\n<li>Longitud total: 158 mm<\/li>\n<li>Di\u00e1metro exterior del cabezal: 40 mm<\/li>\n<li>Di\u00e1metro interior de la cabeza: 20 mm<\/li>\n<li>Altura de la cabeza: 48 mm<\/li>\n<li>Altura de la c\u00e1mara de tabaco: 35 mm<\/li>\n<li>Peso: 64 g<\/li>\n<\/ul>\n<p><strong>Caracter\u00edsticas especiales:<\/strong><\/p>\n<ul>\n<li>Estos\u00a0<strong>Pipa caballero a mano alzada<\/strong>\u00a0es una r\u00e9plica detallada del estilo tradicional dan\u00e9s de pipa de caballero del siglo XIX. La fabricaci\u00f3n dura 4 d\u00edas y se lleva a cabo con el m\u00e1ximo cuidado y precisi\u00f3n para garantizar una experiencia de fumado perfecta.<\/li>\n<\/ul>\n<p><strong>Instrucciones de uso:<\/strong><\/p>\n<ol>\n<li>Utilizar s\u00f3lo fermentados\u00a0<strong>Tabaco de pipa<\/strong>sin cigarrillos ni otros tipos de tabaco inadecuados. Esto garantiza el rendimiento \u00f3ptimo de su\u00a0<strong>Tuber\u00eda Cavalier<\/strong>.<\/li>\n<li>Aseg\u00farese de utilizar la t\u00e9cnica de llenado correcta para evitar el sobrecalentamiento o una combusti\u00f3n desigual.<\/li>\n<li>Limpie el\u00a0<strong>Madera de brezo<\/strong>-Limpie bien la pipa despu\u00e9s de fumar para eliminar residuos y prolongar su vida \u00fatil.<\/li>\n<li>Al utilizar\u00a0<strong>Tubos de madera de brezo<\/strong>\u00a0hay que procurar que la tuber\u00eda est\u00e9 bien cuidada y no se mantenga demasiado h\u00fameda.<\/li>\n<\/ol>","protected":false},"excerpt":{"rendered":"<p>Material: Tipo de madera: madera de brezo espa\u00f1ol, conocida por su grano fino, su resistencia a las altas temperaturas y su excelente absorci\u00f3n de la humedad. Esto la convierte en una elecci\u00f3n ideal<\/p>","protected":false},"featured_media":4186,"comment_status":"open","ping_status":"closed","template":"","meta":[],"product_brand":[],"product_cat":[74,70],"product_tag":[],"class_list":{"0":"post-4179","1":"product","2":"type-product","3":"status-publish","4":"has-post-thumbnail","6":"product_cat-freehand-pfeifen","7":"product_cat-pfeife","9":"first","10":"instock","11":"sale","12":"shipping-taxable","13":"purchasable","14":"product-type-simple"},"yoast_head":"<!-- This site is optimized with the Yoast SEO Premium plugin v26.7 (Yoast SEO v27.4) - https:\/\/yoast.com\/product\/yoast-seo-premium-wordpress\/ -->\n<title>Freehand Kavalierspfeife - Der beste Onlineshop f\u00fcr Pfeifen und Zigarrenzubeh\u00f6r in Deutschland<\/title>\n<meta name=\"robots\" content=\"index, follow, max-snippet:-1, max-image-preview:large, max-video-preview:-1\" \/>\n<link rel=\"canonical\" href=\"https:\/\/pfeifenundzigarren.de\/es\/Produkt\/freehand-kavalierspfeife\/\" \/>\n<meta property=\"og:locale\" content=\"es_ES\" \/>\n<meta property=\"og:type\" content=\"article\" \/>\n<meta property=\"og:title\" content=\"Freehand Kavalierspfeife\" \/>\n<meta property=\"og:description\" content=\"Material: Holzart:\u00a0Spanisches\u00a0Bruy\u00e8reholz \u2013 bekannt f\u00fcr seine feinen Maserungen, hohe Temperaturbest\u00e4ndigkeit und hervorragende Feuchtigkeitsaufnahme. Dies macht es zu einer idealen Wahl\" \/>\n<meta property=\"og:url\" content=\"https:\/\/pfeifenundzigarren.de\/es\/Produkt\/freehand-kavalierspfeife\/\" \/>\n<meta property=\"og:site_name\" content=\"Der beste Onlineshop f\u00fcr Pfeifen und Zigarrenzubeh\u00f6r in Deutschland\" \/>\n<meta property=\"article:modified_time\" content=\"2024-09-25T03:42:14+00:00\" \/>\n<meta property=\"og:image\" content=\"https:\/\/pfeifenundzigarren.de\/wp-content\/uploads\/2024\/09\/6bb8c392-ad73-44aa-aaad-28b359d43148-1.png\" \/>\n\t<meta property=\"og:image:width\" content=\"800\" \/>\n\t<meta property=\"og:image:height\" content=\"800\" \/>\n\t<meta property=\"og:image:type\" content=\"image\/png\" \/>\n<meta name=\"twitter:card\" content=\"summary_large_image\" \/>\n<meta name=\"twitter:label1\" content=\"Tiempo de lectura\" \/>\n\t<meta name=\"twitter:data1\" content=\"1 minuto\" \/>\n<script type=\"application\/ld+json\" class=\"yoast-schema-graph\">{\"@context\":\"https:\\\/\\\/schema.org\",\"@graph\":[{\"@type\":\"WebPage\",\"@id\":\"https:\\\/\\\/pfeifenundzigarren.de\\\/Produkt\\\/freehand-kavalierspfeife\\\/\",\"url\":\"https:\\\/\\\/pfeifenundzigarren.de\\\/Produkt\\\/freehand-kavalierspfeife\\\/\",\"name\":\"Freehand Kavalierspfeife - Der beste Onlineshop f\u00fcr Pfeifen und Zigarrenzubeh\u00f6r in Deutschland\",\"isPartOf\":{\"@id\":\"https:\\\/\\\/pfeifenundzigarren.de\\\/#website\"},\"primaryImageOfPage\":{\"@id\":\"https:\\\/\\\/pfeifenundzigarren.de\\\/Produkt\\\/freehand-kavalierspfeife\\\/#primaryimage\"},\"image\":{\"@id\":\"https:\\\/\\\/pfeifenundzigarren.de\\\/Produkt\\\/freehand-kavalierspfeife\\\/#primaryimage\"},\"thumbnailUrl\":\"https:\\\/\\\/pfeifenundzigarren.de\\\/wp-content\\\/uploads\\\/2024\\\/09\\\/6bb8c392-ad73-44aa-aaad-28b359d43148-1.png\",\"datePublished\":\"2024-09-25T03:32:03+00:00\",\"dateModified\":\"2024-09-25T03:42:14+00:00\",\"breadcrumb\":{\"@id\":\"https:\\\/\\\/pfeifenundzigarren.de\\\/Produkt\\\/freehand-kavalierspfeife\\\/#breadcrumb\"},\"inLanguage\":\"es\",\"potentialAction\":[{\"@type\":\"ReadAction\",\"target\":[\"https:\\\/\\\/pfeifenundzigarren.de\\\/Produkt\\\/freehand-kavalierspfeife\\\/\"]}]},{\"@type\":\"ImageObject\",\"inLanguage\":\"es\",\"@id\":\"https:\\\/\\\/pfeifenundzigarren.de\\\/Produkt\\\/freehand-kavalierspfeife\\\/#primaryimage\",\"url\":\"https:\\\/\\\/pfeifenundzigarren.de\\\/wp-content\\\/uploads\\\/2024\\\/09\\\/6bb8c392-ad73-44aa-aaad-28b359d43148-1.png\",\"contentUrl\":\"https:\\\/\\\/pfeifenundzigarren.de\\\/wp-content\\\/uploads\\\/2024\\\/09\\\/6bb8c392-ad73-44aa-aaad-28b359d43148-1.png\",\"width\":800,\"height\":800},{\"@type\":\"BreadcrumbList\",\"@id\":\"https:\\\/\\\/pfeifenundzigarren.de\\\/Produkt\\\/freehand-kavalierspfeife\\\/#breadcrumb\",\"itemListElement\":[{\"@type\":\"ListItem\",\"position\":1,\"name\":\"Home\",\"item\":\"https:\\\/\\\/pfeifenundzigarren.de\\\/\"},{\"@type\":\"ListItem\",\"position\":2,\"name\":\"Shop\",\"item\":\"https:\\\/\\\/pfeifenundzigarren.de\\\/shop\\\/\"},{\"@type\":\"ListItem\",\"position\":3,\"name\":\"Freehand Kavalierspfeife\"}]},{\"@type\":\"WebSite\",\"@id\":\"https:\\\/\\\/pfeifenundzigarren.de\\\/#website\",\"url\":\"https:\\\/\\\/pfeifenundzigarren.de\\\/\",\"name\":\"Der beste Onlineshop f\u00fcr Pfeifen und Zigarrenzubeh\u00f6r in Deutschland\",\"description\":\"\",\"publisher\":{\"@id\":\"https:\\\/\\\/pfeifenundzigarren.de\\\/#organization\"},\"potentialAction\":[{\"@type\":\"SearchAction\",\"target\":{\"@type\":\"EntryPoint\",\"urlTemplate\":\"https:\\\/\\\/pfeifenundzigarren.de\\\/?s={search_term_string}\"},\"query-input\":{\"@type\":\"PropertyValueSpecification\",\"valueRequired\":true,\"valueName\":\"search_term_string\"}}],\"inLanguage\":\"es\"},{\"@type\":\"Organization\",\"@id\":\"https:\\\/\\\/pfeifenundzigarren.de\\\/#organization\",\"name\":\"Der beste Onlineshop f\u00fcr Pfeifen und Zigarrenzubeh\u00f6r in Deutschland\",\"url\":\"https:\\\/\\\/pfeifenundzigarren.de\\\/\",\"logo\":{\"@type\":\"ImageObject\",\"inLanguage\":\"es\",\"@id\":\"https:\\\/\\\/pfeifenundzigarren.de\\\/#\\\/schema\\\/logo\\\/image\\\/\",\"url\":\"https:\\\/\\\/pfeifenundzigarren.de\\\/wp-content\\\/uploads\\\/2024\\\/09\\\/cropped-Luxury-and-Vintage-Ornamental-Coffee-Shop-Logo.png\",\"contentUrl\":\"https:\\\/\\\/pfeifenundzigarren.de\\\/wp-content\\\/uploads\\\/2024\\\/09\\\/cropped-Luxury-and-Vintage-Ornamental-Coffee-Shop-Logo.png\",\"width\":512,\"height\":512,\"caption\":\"Der beste Onlineshop f\u00fcr Pfeifen und Zigarrenzubeh\u00f6r in Deutschland\"},\"image\":{\"@id\":\"https:\\\/\\\/pfeifenundzigarren.de\\\/#\\\/schema\\\/logo\\\/image\\\/\"}}]}<\/script>\n<!-- \/ Yoast SEO Premium plugin. -->","yoast_head_json":{"title":"Freehand Kavalierspfeife - Der beste Onlineshop f\u00fcr Pfeifen und Zigarrenzubeh\u00f6r in Deutschland","robots":{"index":"index","follow":"follow","max-snippet":"max-snippet:-1","max-image-preview":"max-image-preview:large","max-video-preview":"max-video-preview:-1"},"canonical":"https:\/\/pfeifenundzigarren.de\/es\/Produkt\/freehand-kavalierspfeife\/","og_locale":"es_ES","og_type":"article","og_title":"Freehand Kavalierspfeife","og_description":"Material: Holzart:\u00a0Spanisches\u00a0Bruy\u00e8reholz \u2013 bekannt f\u00fcr seine feinen Maserungen, hohe Temperaturbest\u00e4ndigkeit und hervorragende Feuchtigkeitsaufnahme. Dies macht es zu einer idealen Wahl","og_url":"https:\/\/pfeifenundzigarren.de\/es\/Produkt\/freehand-kavalierspfeife\/","og_site_name":"Der beste Onlineshop f\u00fcr Pfeifen und Zigarrenzubeh\u00f6r in Deutschland","article_modified_time":"2024-09-25T03:42:14+00:00","og_image":[{"width":800,"height":800,"url":"https:\/\/pfeifenundzigarren.de\/wp-content\/uploads\/2024\/09\/6bb8c392-ad73-44aa-aaad-28b359d43148-1.png","type":"image\/png"}],"twitter_card":"summary_large_image","twitter_misc":{"Tiempo de lectura":"1 minuto"},"schema":{"@context":"https:\/\/schema.org","@graph":[{"@type":"WebPage","@id":"https:\/\/pfeifenundzigarren.de\/Produkt\/freehand-kavalierspfeife\/","url":"https:\/\/pfeifenundzigarren.de\/Produkt\/freehand-kavalierspfeife\/","name":"Freehand Kavalierspfeife - Der beste Onlineshop f\u00fcr Pfeifen und Zigarrenzubeh\u00f6r in Deutschland","isPartOf":{"@id":"https:\/\/pfeifenundzigarren.de\/#website"},"primaryImageOfPage":{"@id":"https:\/\/pfeifenundzigarren.de\/Produkt\/freehand-kavalierspfeife\/#primaryimage"},"image":{"@id":"https:\/\/pfeifenundzigarren.de\/Produkt\/freehand-kavalierspfeife\/#primaryimage"},"thumbnailUrl":"https:\/\/pfeifenundzigarren.de\/wp-content\/uploads\/2024\/09\/6bb8c392-ad73-44aa-aaad-28b359d43148-1.png","datePublished":"2024-09-25T03:32:03+00:00","dateModified":"2024-09-25T03:42:14+00:00","breadcrumb":{"@id":"https:\/\/pfeifenundzigarren.de\/Produkt\/freehand-kavalierspfeife\/#breadcrumb"},"inLanguage":"es","potentialAction":[{"@type":"ReadAction","target":["https:\/\/pfeifenundzigarren.de\/Produkt\/freehand-kavalierspfeife\/"]}]},{"@type":"ImageObject","inLanguage":"es","@id":"https:\/\/pfeifenundzigarren.de\/Produkt\/freehand-kavalierspfeife\/#primaryimage","url":"https:\/\/pfeifenundzigarren.de\/wp-content\/uploads\/2024\/09\/6bb8c392-ad73-44aa-aaad-28b359d43148-1.png","contentUrl":"https:\/\/pfeifenundzigarren.de\/wp-content\/uploads\/2024\/09\/6bb8c392-ad73-44aa-aaad-28b359d43148-1.png","width":800,"height":800},{"@type":"BreadcrumbList","@id":"https:\/\/pfeifenundzigarren.de\/Produkt\/freehand-kavalierspfeife\/#breadcrumb","itemListElement":[{"@type":"ListItem","position":1,"name":"Home","item":"https:\/\/pfeifenundzigarren.de\/"},{"@type":"ListItem","position":2,"name":"Shop","item":"https:\/\/pfeifenundzigarren.de\/shop\/"},{"@type":"ListItem","position":3,"name":"Freehand Kavalierspfeife"}]},{"@type":"WebSite","@id":"https:\/\/pfeifenundzigarren.de\/#website","url":"https:\/\/pfeifenundzigarren.de\/","name":"La mejor tienda en l\u00ednea de pipas y accesorios para puros de Alemania","description":"","publisher":{"@id":"https:\/\/pfeifenundzigarren.de\/#organization"},"potentialAction":[{"@type":"SearchAction","target":{"@type":"EntryPoint","urlTemplate":"https:\/\/pfeifenundzigarren.de\/?s={search_term_string}"},"query-input":{"@type":"PropertyValueSpecification","valueRequired":true,"valueName":"search_term_string"}}],"inLanguage":"es"},{"@type":"Organization","@id":"https:\/\/pfeifenundzigarren.de\/#organization","name":"La mejor tienda en l\u00ednea de pipas y accesorios para puros de Alemania","url":"https:\/\/pfeifenundzigarren.de\/","logo":{"@type":"ImageObject","inLanguage":"es","@id":"https:\/\/pfeifenundzigarren.de\/#\/schema\/logo\/image\/","url":"https:\/\/pfeifenundzigarren.de\/wp-content\/uploads\/2024\/09\/cropped-Luxury-and-Vintage-Ornamental-Coffee-Shop-Logo.png","contentUrl":"https:\/\/pfeifenundzigarren.de\/wp-content\/uploads\/2024\/09\/cropped-Luxury-and-Vintage-Ornamental-Coffee-Shop-Logo.png","width":512,"height":512,"caption":"Der beste Onlineshop f\u00fcr Pfeifen und Zigarrenzubeh\u00f6r in Deutschland"},"image":{"@id":"https:\/\/pfeifenundzigarren.de\/#\/schema\/logo\/image\/"}}]}},"_links":{"self":[{"href":"https:\/\/pfeifenundzigarren.de\/es\/wp-json\/wp\/v2\/product\/4179","targetHints":{"allow":["GET"]}}],"collection":[{"href":"https:\/\/pfeifenundzigarren.de\/es\/wp-json\/wp\/v2\/product"}],"about":[{"href":"https:\/\/pfeifenundzigarren.de\/es\/wp-json\/wp\/v2\/types\/product"}],"replies":[{"embeddable":true,"href":"https:\/\/pfeifenundzigarren.de\/es\/wp-json\/wp\/v2\/comments?post=4179"}],"version-history":[{"count":0,"href":"https:\/\/pfeifenundzigarren.de\/es\/wp-json\/wp\/v2\/product\/4179\/revisions"}],"wp:featuredmedia":[{"embeddable":true,"href":"https:\/\/pfeifenundzigarren.de\/es\/wp-json\/wp\/v2\/media\/4186"}],"wp:attachment":[{"href":"https:\/\/pfeifenundzigarren.de\/es\/wp-json\/wp\/v2\/media?parent=4179"}],"wp:term":[{"taxonomy":"product_brand","embeddable":true,"href":"https:\/\/pfeifenundzigarren.de\/es\/wp-json\/wp\/v2\/product_brand?post=4179"},{"taxonomy":"product_cat","embeddable":true,"href":"https:\/\/pfeifenundzigarren.de\/es\/wp-json\/wp\/v2\/product_cat?post=4179"},{"taxonomy":"product_tag","embeddable":true,"href":"https:\/\/pfeifenundzigarren.de\/es\/wp-json\/wp\/v2\/product_tag?post=4179"}],"curies":[{"name":"wp","href":"https:\/\/api.w.org\/{rel}","templated":true}]}}