{"id":4144,"date":"2024-09-24T05:50:47","date_gmt":"2024-09-24T03:50:47","guid":{"rendered":"https:\/\/pfeifenundzigarren.de\/?post_type=product&#038;p=4144"},"modified":"2024-09-24T07:38:27","modified_gmt":"2024-09-24T05:38:27","slug":"freestyle-bruyere-hammerpfeife","status":"publish","type":"product","link":"https:\/\/pfeifenundzigarren.de\/es\/Produkt\/freestyle-bruyere-hammerpfeife\/","title":{"rendered":"Pipa martillo de brezo Freestyle"},"content":{"rendered":"<p><strong>Pipa martillo de brezo hecha a mano<\/strong><br \/>\nDe cabo a rabo\u00a0<strong>hecho a mano<\/strong>En\u00a0<strong>Pipa martillo de brezo Freestyle<\/strong>\u00a0se elabora con productos espa\u00f1oles\u00a0<strong>Madera de brezo<\/strong>\u00a0fabricados mediante un elaborado proceso. S\u00f3lo se utilizan maderas cuidadosamente seleccionadas con la veta adecuada. La madera se procesa en varias etapas -desde el pulido grueso hasta el fino- en las que se trabajan cuidadosamente los detalles. La madera se pule con m\u00e1s de 2.000 pasadas de lija para conseguir una superficie perfecta. La coloraci\u00f3n posterior se realiza meticulosamente a mano, de modo que el veteado natural de la madera de brezo se acent\u00faa clara y finamente. El cl\u00e1sico,\u00a0<strong>Tubo en L<\/strong>\u00a0irradia vitalidad y energ\u00eda y es perfecto para los fumadores preocupados por el estilo.<\/p>\n<p><strong>Canal de humos de 3 mm y dise\u00f1o enchufable<\/strong><br \/>\nEn\u00a0<strong>Pipa martillo de brezo Freestyle<\/strong>\u00a0es f\u00e1cil de desmontar gracias a su pr\u00e1ctico dise\u00f1o enchufable. No se recomienda el uso de filtros para minimizar\u00a0<strong>901TP3Recuperar el sabor original<\/strong>\u00a0para garantizar la mejor experiencia de fumado. El dise\u00f1o del tap\u00f3n tambi\u00e9n garantiza un excelente flujo de aire y ofrece una agradable experiencia de fumado que apreciar\u00e1n incluso los fumadores de pipa experimentados.<\/p>\n<p><strong>Detalles de la pipa martillo de brezo Freestyle<\/strong><br \/>\nLa cazoleta est\u00e1 inclinada hacia abajo en un \u00e1ngulo de 45 grados, lo que no s\u00f3lo acent\u00faa la est\u00e9tica, sino que tambi\u00e9n evita que el llenado excesivo de tabaco da\u00f1e en la pr\u00e1ctica el borde exterior de la pipa. La cuidadosa elaboraci\u00f3n a mano mediante t\u00e9cnicas de coloraci\u00f3n tradicionales europeas confiere a la\u00a0<strong>Pipa martillo de brezo Freestyle<\/strong>\u00a0una superficie naturalmente seca. La veta de la madera es clara y fina, y cada pipa presenta patrones individuales y \u00fanicos.<\/p>\n<p><strong>El producto acabado<\/strong><br \/>\nEn\u00a0<strong>Pipa martillo de brezo Freestyle<\/strong>\u00a0est\u00e1 equipada con una boquilla vulcanizada negra o verde importada de Alemania (alternativamente, una boquilla semivulcanizada). Ya sea por los materiales de alta calidad o por la meticulosa coloraci\u00f3n, este modelo hecho a mano supera claramente a las pipas fabricadas a m\u00e1quina en t\u00e9rminos de calidad y mano de obra.<\/p>","protected":false},"excerpt":{"rendered":"<p>Pipa de brezo Freestyle hecha a mano Hecho a mano de principio a fin: La pipa martillo de brezo Freestyle se fabrica con madera de brezo espa\u00f1ola envejecida importada mediante un elaborado proceso. S\u00f3lo maderas cuidadosamente seleccionadas<\/p>","protected":false},"featured_media":4147,"comment_status":"open","ping_status":"closed","template":"","meta":[],"product_brand":[],"product_cat":[70],"product_tag":[],"class_list":{"0":"post-4144","1":"product","2":"type-product","3":"status-publish","4":"has-post-thumbnail","6":"product_cat-pfeife","8":"first","9":"instock","10":"sale","11":"shipping-taxable","12":"purchasable","13":"product-type-simple"},"yoast_head":"<!-- This site is optimized with the Yoast SEO Premium plugin v26.7 (Yoast SEO v26.7) - https:\/\/yoast.com\/wordpress\/plugins\/seo\/ -->\n<title>Freestyle Bruy\u00e8re-Hammerpfeife - Der beste Onlineshop f\u00fcr Pfeifen und Zigarrenzubeh\u00f6r in Deutschland<\/title>\n<meta name=\"robots\" content=\"index, follow, max-snippet:-1, max-image-preview:large, max-video-preview:-1\" \/>\n<link rel=\"canonical\" href=\"https:\/\/pfeifenundzigarren.de\/es\/Produkt\/freestyle-bruyere-hammerpfeife\/\" \/>\n<meta property=\"og:locale\" content=\"es_ES\" \/>\n<meta property=\"og:type\" content=\"article\" \/>\n<meta property=\"og:title\" content=\"Freestyle Bruy\u00e8re-Hammerpfeife\" \/>\n<meta property=\"og:description\" content=\"Handgefertigte Freestyle Bruy\u00e8re-Hammerpfeife Durch und durch\u00a0handgefertigt: Die\u00a0Freestyle Bruy\u00e8re-Hammerpfeife\u00a0wird aus importiertem, gealtertem spanischen\u00a0Bruy\u00e8reholz\u00a0in einem aufwendigen Verfahren hergestellt. Nur sorgf\u00e4ltig ausgew\u00e4hlte H\u00f6lzer\" \/>\n<meta property=\"og:url\" content=\"https:\/\/pfeifenundzigarren.de\/es\/Produkt\/freestyle-bruyere-hammerpfeife\/\" \/>\n<meta property=\"og:site_name\" content=\"Der beste Onlineshop f\u00fcr Pfeifen und Zigarrenzubeh\u00f6r in Deutschland\" \/>\n<meta property=\"article:modified_time\" content=\"2024-09-24T05:38:27+00:00\" \/>\n<meta property=\"og:image\" content=\"https:\/\/pfeifenundzigarren.de\/wp-content\/uploads\/2024\/09\/bb49f3c3-d2dd-46ff-98be-24d84cb2dc3b.png\" \/>\n\t<meta property=\"og:image:width\" content=\"800\" \/>\n\t<meta property=\"og:image:height\" content=\"800\" \/>\n\t<meta property=\"og:image:type\" content=\"image\/png\" \/>\n<meta name=\"twitter:card\" content=\"summary_large_image\" \/>\n<meta name=\"twitter:label1\" content=\"Tiempo de lectura\" \/>\n\t<meta name=\"twitter:data1\" content=\"1 minuto\" \/>\n<script type=\"application\/ld+json\" class=\"yoast-schema-graph\">{\"@context\":\"https:\/\/schema.org\",\"@graph\":[{\"@type\":\"WebPage\",\"@id\":\"https:\/\/pfeifenundzigarren.de\/Produkt\/freestyle-bruyere-hammerpfeife\/\",\"url\":\"https:\/\/pfeifenundzigarren.de\/Produkt\/freestyle-bruyere-hammerpfeife\/\",\"name\":\"Freestyle Bruy\u00e8re-Hammerpfeife - Der beste Onlineshop f\u00fcr Pfeifen und Zigarrenzubeh\u00f6r in Deutschland\",\"isPartOf\":{\"@id\":\"https:\/\/pfeifenundzigarren.de\/#website\"},\"primaryImageOfPage\":{\"@id\":\"https:\/\/pfeifenundzigarren.de\/Produkt\/freestyle-bruyere-hammerpfeife\/#primaryimage\"},\"image\":{\"@id\":\"https:\/\/pfeifenundzigarren.de\/Produkt\/freestyle-bruyere-hammerpfeife\/#primaryimage\"},\"thumbnailUrl\":\"https:\/\/pfeifenundzigarren.de\/wp-content\/uploads\/2024\/09\/bb49f3c3-d2dd-46ff-98be-24d84cb2dc3b.png\",\"datePublished\":\"2024-09-24T03:50:47+00:00\",\"dateModified\":\"2024-09-24T05:38:27+00:00\",\"breadcrumb\":{\"@id\":\"https:\/\/pfeifenundzigarren.de\/Produkt\/freestyle-bruyere-hammerpfeife\/#breadcrumb\"},\"inLanguage\":\"es\",\"potentialAction\":[{\"@type\":\"ReadAction\",\"target\":[\"https:\/\/pfeifenundzigarren.de\/Produkt\/freestyle-bruyere-hammerpfeife\/\"]}]},{\"@type\":\"ImageObject\",\"inLanguage\":\"es\",\"@id\":\"https:\/\/pfeifenundzigarren.de\/Produkt\/freestyle-bruyere-hammerpfeife\/#primaryimage\",\"url\":\"https:\/\/pfeifenundzigarren.de\/wp-content\/uploads\/2024\/09\/bb49f3c3-d2dd-46ff-98be-24d84cb2dc3b.png\",\"contentUrl\":\"https:\/\/pfeifenundzigarren.de\/wp-content\/uploads\/2024\/09\/bb49f3c3-d2dd-46ff-98be-24d84cb2dc3b.png\",\"width\":800,\"height\":800},{\"@type\":\"BreadcrumbList\",\"@id\":\"https:\/\/pfeifenundzigarren.de\/Produkt\/freestyle-bruyere-hammerpfeife\/#breadcrumb\",\"itemListElement\":[{\"@type\":\"ListItem\",\"position\":1,\"name\":\"Home\",\"item\":\"https:\/\/pfeifenundzigarren.de\/\"},{\"@type\":\"ListItem\",\"position\":2,\"name\":\"Shop\",\"item\":\"https:\/\/pfeifenundzigarren.de\/shop\/\"},{\"@type\":\"ListItem\",\"position\":3,\"name\":\"Freestyle Bruy\u00e8re-Hammerpfeife\"}]},{\"@type\":\"WebSite\",\"@id\":\"https:\/\/pfeifenundzigarren.de\/#website\",\"url\":\"https:\/\/pfeifenundzigarren.de\/\",\"name\":\"Der beste Onlineshop f\u00fcr Pfeifen und Zigarrenzubeh\u00f6r in Deutschland\",\"description\":\"\",\"publisher\":{\"@id\":\"https:\/\/pfeifenundzigarren.de\/#organization\"},\"potentialAction\":[{\"@type\":\"SearchAction\",\"target\":{\"@type\":\"EntryPoint\",\"urlTemplate\":\"https:\/\/pfeifenundzigarren.de\/?s={search_term_string}\"},\"query-input\":{\"@type\":\"PropertyValueSpecification\",\"valueRequired\":true,\"valueName\":\"search_term_string\"}}],\"inLanguage\":\"es\"},{\"@type\":\"Organization\",\"@id\":\"https:\/\/pfeifenundzigarren.de\/#organization\",\"name\":\"Der beste Onlineshop f\u00fcr Pfeifen und Zigarrenzubeh\u00f6r in Deutschland\",\"url\":\"https:\/\/pfeifenundzigarren.de\/\",\"logo\":{\"@type\":\"ImageObject\",\"inLanguage\":\"es\",\"@id\":\"https:\/\/pfeifenundzigarren.de\/#\/schema\/logo\/image\/\",\"url\":\"https:\/\/pfeifenundzigarren.de\/wp-content\/uploads\/2024\/09\/cropped-Luxury-and-Vintage-Ornamental-Coffee-Shop-Logo.png\",\"contentUrl\":\"https:\/\/pfeifenundzigarren.de\/wp-content\/uploads\/2024\/09\/cropped-Luxury-and-Vintage-Ornamental-Coffee-Shop-Logo.png\",\"width\":512,\"height\":512,\"caption\":\"Der beste Onlineshop f\u00fcr Pfeifen und Zigarrenzubeh\u00f6r in Deutschland\"},\"image\":{\"@id\":\"https:\/\/pfeifenundzigarren.de\/#\/schema\/logo\/image\/\"}}]}<\/script>\n<!-- \/ Yoast SEO Premium plugin. -->","yoast_head_json":{"title":"Freestyle Bruy\u00e8re-Hammerpfeife - Der beste Onlineshop f\u00fcr Pfeifen und Zigarrenzubeh\u00f6r in Deutschland","robots":{"index":"index","follow":"follow","max-snippet":"max-snippet:-1","max-image-preview":"max-image-preview:large","max-video-preview":"max-video-preview:-1"},"canonical":"https:\/\/pfeifenundzigarren.de\/es\/Produkt\/freestyle-bruyere-hammerpfeife\/","og_locale":"es_ES","og_type":"article","og_title":"Freestyle Bruy\u00e8re-Hammerpfeife","og_description":"Handgefertigte Freestyle Bruy\u00e8re-Hammerpfeife Durch und durch\u00a0handgefertigt: Die\u00a0Freestyle Bruy\u00e8re-Hammerpfeife\u00a0wird aus importiertem, gealtertem spanischen\u00a0Bruy\u00e8reholz\u00a0in einem aufwendigen Verfahren hergestellt. Nur sorgf\u00e4ltig ausgew\u00e4hlte H\u00f6lzer","og_url":"https:\/\/pfeifenundzigarren.de\/es\/Produkt\/freestyle-bruyere-hammerpfeife\/","og_site_name":"Der beste Onlineshop f\u00fcr Pfeifen und Zigarrenzubeh\u00f6r in Deutschland","article_modified_time":"2024-09-24T05:38:27+00:00","og_image":[{"width":800,"height":800,"url":"https:\/\/pfeifenundzigarren.de\/wp-content\/uploads\/2024\/09\/bb49f3c3-d2dd-46ff-98be-24d84cb2dc3b.png","type":"image\/png"}],"twitter_card":"summary_large_image","twitter_misc":{"Tiempo de lectura":"1 minuto"},"schema":{"@context":"https:\/\/schema.org","@graph":[{"@type":"WebPage","@id":"https:\/\/pfeifenundzigarren.de\/Produkt\/freestyle-bruyere-hammerpfeife\/","url":"https:\/\/pfeifenundzigarren.de\/Produkt\/freestyle-bruyere-hammerpfeife\/","name":"Freestyle Bruy\u00e8re-Hammerpfeife - Der beste Onlineshop f\u00fcr Pfeifen und Zigarrenzubeh\u00f6r in Deutschland","isPartOf":{"@id":"https:\/\/pfeifenundzigarren.de\/#website"},"primaryImageOfPage":{"@id":"https:\/\/pfeifenundzigarren.de\/Produkt\/freestyle-bruyere-hammerpfeife\/#primaryimage"},"image":{"@id":"https:\/\/pfeifenundzigarren.de\/Produkt\/freestyle-bruyere-hammerpfeife\/#primaryimage"},"thumbnailUrl":"https:\/\/pfeifenundzigarren.de\/wp-content\/uploads\/2024\/09\/bb49f3c3-d2dd-46ff-98be-24d84cb2dc3b.png","datePublished":"2024-09-24T03:50:47+00:00","dateModified":"2024-09-24T05:38:27+00:00","breadcrumb":{"@id":"https:\/\/pfeifenundzigarren.de\/Produkt\/freestyle-bruyere-hammerpfeife\/#breadcrumb"},"inLanguage":"es","potentialAction":[{"@type":"ReadAction","target":["https:\/\/pfeifenundzigarren.de\/Produkt\/freestyle-bruyere-hammerpfeife\/"]}]},{"@type":"ImageObject","inLanguage":"es","@id":"https:\/\/pfeifenundzigarren.de\/Produkt\/freestyle-bruyere-hammerpfeife\/#primaryimage","url":"https:\/\/pfeifenundzigarren.de\/wp-content\/uploads\/2024\/09\/bb49f3c3-d2dd-46ff-98be-24d84cb2dc3b.png","contentUrl":"https:\/\/pfeifenundzigarren.de\/wp-content\/uploads\/2024\/09\/bb49f3c3-d2dd-46ff-98be-24d84cb2dc3b.png","width":800,"height":800},{"@type":"BreadcrumbList","@id":"https:\/\/pfeifenundzigarren.de\/Produkt\/freestyle-bruyere-hammerpfeife\/#breadcrumb","itemListElement":[{"@type":"ListItem","position":1,"name":"Home","item":"https:\/\/pfeifenundzigarren.de\/"},{"@type":"ListItem","position":2,"name":"Shop","item":"https:\/\/pfeifenundzigarren.de\/shop\/"},{"@type":"ListItem","position":3,"name":"Freestyle Bruy\u00e8re-Hammerpfeife"}]},{"@type":"WebSite","@id":"https:\/\/pfeifenundzigarren.de\/#website","url":"https:\/\/pfeifenundzigarren.de\/","name":"La mejor tienda en l\u00ednea de pipas y accesorios para puros de Alemania","description":"","publisher":{"@id":"https:\/\/pfeifenundzigarren.de\/#organization"},"potentialAction":[{"@type":"SearchAction","target":{"@type":"EntryPoint","urlTemplate":"https:\/\/pfeifenundzigarren.de\/?s={search_term_string}"},"query-input":{"@type":"PropertyValueSpecification","valueRequired":true,"valueName":"search_term_string"}}],"inLanguage":"es"},{"@type":"Organization","@id":"https:\/\/pfeifenundzigarren.de\/#organization","name":"La mejor tienda en l\u00ednea de pipas y accesorios para puros de Alemania","url":"https:\/\/pfeifenundzigarren.de\/","logo":{"@type":"ImageObject","inLanguage":"es","@id":"https:\/\/pfeifenundzigarren.de\/#\/schema\/logo\/image\/","url":"https:\/\/pfeifenundzigarren.de\/wp-content\/uploads\/2024\/09\/cropped-Luxury-and-Vintage-Ornamental-Coffee-Shop-Logo.png","contentUrl":"https:\/\/pfeifenundzigarren.de\/wp-content\/uploads\/2024\/09\/cropped-Luxury-and-Vintage-Ornamental-Coffee-Shop-Logo.png","width":512,"height":512,"caption":"Der beste Onlineshop f\u00fcr Pfeifen und Zigarrenzubeh\u00f6r in Deutschland"},"image":{"@id":"https:\/\/pfeifenundzigarren.de\/#\/schema\/logo\/image\/"}}]}},"_links":{"self":[{"href":"https:\/\/pfeifenundzigarren.de\/es\/wp-json\/wp\/v2\/product\/4144","targetHints":{"allow":["GET"]}}],"collection":[{"href":"https:\/\/pfeifenundzigarren.de\/es\/wp-json\/wp\/v2\/product"}],"about":[{"href":"https:\/\/pfeifenundzigarren.de\/es\/wp-json\/wp\/v2\/types\/product"}],"replies":[{"embeddable":true,"href":"https:\/\/pfeifenundzigarren.de\/es\/wp-json\/wp\/v2\/comments?post=4144"}],"version-history":[{"count":0,"href":"https:\/\/pfeifenundzigarren.de\/es\/wp-json\/wp\/v2\/product\/4144\/revisions"}],"wp:featuredmedia":[{"embeddable":true,"href":"https:\/\/pfeifenundzigarren.de\/es\/wp-json\/wp\/v2\/media\/4147"}],"wp:attachment":[{"href":"https:\/\/pfeifenundzigarren.de\/es\/wp-json\/wp\/v2\/media?parent=4144"}],"wp:term":[{"taxonomy":"product_brand","embeddable":true,"href":"https:\/\/pfeifenundzigarren.de\/es\/wp-json\/wp\/v2\/product_brand?post=4144"},{"taxonomy":"product_cat","embeddable":true,"href":"https:\/\/pfeifenundzigarren.de\/es\/wp-json\/wp\/v2\/product_cat?post=4144"},{"taxonomy":"product_tag","embeddable":true,"href":"https:\/\/pfeifenundzigarren.de\/es\/wp-json\/wp\/v2\/product_tag?post=4144"}],"curies":[{"name":"wp","href":"https:\/\/api.w.org\/{rel}","templated":true}]}}