{"id":4136,"date":"2024-09-24T05:22:10","date_gmt":"2024-09-24T03:22:10","guid":{"rendered":"https:\/\/pfeifenundzigarren.de\/?post_type=product&#038;p=4136"},"modified":"2024-09-24T05:37:24","modified_gmt":"2024-09-24T03:37:24","slug":"freehand-gebogene-pfeife-aus-importiertem-spanischem-bruyereholz","status":"publish","type":"product","link":"https:\/\/pfeifenundzigarren.de\/es\/Produkt\/freehand-gebogene-pfeife-aus-importiertem-spanischem-bruyereholz\/","title":{"rendered":"Pipa curvada a mano alzada de madera de brezo espa\u00f1ola importada"},"content":{"rendered":"<p>que est\u00e1 equipado con una boquilla vulcanizada. Independientemente de si se trata de la\u00a0<strong>Materiales utilizados<\/strong>que\u00a0<strong>detalles<\/strong>\u00a0o el\u00a0<strong>Colorear<\/strong>\u00a0estos\u00a0<strong>Pipa curvada a mano alzada de madera de brezo espa\u00f1ola importada<\/strong>\u00a0supera con creces a las pipas fabricadas a m\u00e1quina disponibles en el mercado. Seg\u00fan el grano, se clasifica en distintos niveles de calidad, entre ellos\u00a0<strong>Art\u00edculos premium y de coleccionista<\/strong>La experiencia de fumar tambi\u00e9n se tiene muy en cuenta.<\/p>\n<hr \/>\n<h3><strong>Hecho a mano con madera de brezo espa\u00f1ol<\/strong><\/h3>\n<p>Estos\u00a0<strong>Tubo curvado a mano alzada<\/strong>\u00a0consiste en un trabajo puramente manual, en el que la madera envejecida se almacena en un dep\u00f3sito.\u00a0<strong>Madera de brezo espa\u00f1ol<\/strong>\u00a0se selecciona cuidadosamente. S\u00f3lo se utiliza madera adecuada con la veta correcta para garantizar la alta calidad de la pipa. La madera se pule gruesa y finamente para garantizar la\u00a0<strong>detalles<\/strong>\u00a0y perfeccionar el car\u00e1cter \u00fanico de cada <a href=\"https:\/\/pfeifenundzigarren.de\/es\/\">Tuber\u00eda<\/a> destacar lo que les convierte en\u00a0<strong>Objeto de colecci\u00f3n<\/strong>\u00a0hace.<\/p>\n<hr \/>\n<h3><strong>Coloraci\u00f3n \u00fanica<\/strong><\/h3>\n<p>En funci\u00f3n de la selecci\u00f3n de\u00a0<strong>Grano de madera<\/strong>\u00a0el material se corta y se pule. El grano se selecciona cuidadosamente para optimizar la posici\u00f3n del corte. Este\u00a0<a href=\"https:\/\/pfeifenundzigarren.de\/es\/produktkategorie\/pfeife\/freehand-pfeifen\/\"><strong>Tuber\u00eda a mano alzada<\/strong><\/a>\u00a0se colorea una vez seg\u00fan la veta para resaltar la belleza natural de la madera. El sitio\u00a0<strong>T\u00e9cnica de coloraci\u00f3n<\/strong>\u00a0es crucial para la singularidad de cada pipa, convirti\u00e9ndola en una verdadera obra de arte.<\/p>\n<hr \/>\n<h3><strong>Finos detalles de la tuber\u00eda Freehand<\/strong><\/h3>\n<p>En\u00a0<strong>Cazoleta<\/strong>\u00a0este\u00a0<strong>Tubo curvado a mano alzada<\/strong>\u00a0est\u00e1 inclinada hacia abajo en un \u00e1ngulo de 45 grados, lo que no s\u00f3lo mejora la est\u00e9tica, sino que tambi\u00e9n evita que el llenado excesivo de tabaco da\u00f1e el borde exterior de la pipa en la pr\u00e1ctica. Este dise\u00f1o bien pensado convierte a la pipa en una valiosa compa\u00f1era para los fumadores exigentes que valoran\u00a0<strong>Funcionalidad y elegancia<\/strong>\u00a0laico.<\/p>","protected":false},"excerpt":{"rendered":"<p>equipada con una boquilla vulcanizada. Ya sea por los materiales utilizados, los detalles o el colorido, esta pipa curvada a mano alzada hecha de<\/p>","protected":false},"featured_media":4137,"comment_status":"open","ping_status":"closed","template":"","meta":[],"product_brand":[],"product_cat":[74],"product_tag":[],"class_list":{"0":"post-4136","1":"product","2":"type-product","3":"status-publish","4":"has-post-thumbnail","6":"product_cat-freehand-pfeifen","8":"first","9":"instock","10":"sale","11":"shipping-taxable","12":"purchasable","13":"product-type-simple"},"yoast_head":"<!-- This site is optimized with the Yoast SEO Premium plugin v26.7 (Yoast SEO v27.4) - https:\/\/yoast.com\/product\/yoast-seo-premium-wordpress\/ -->\n<title>Freehand gebogene Pfeife aus importiertem spanischem Bruy\u00e8reholz - Der beste Onlineshop f\u00fcr Pfeifen und Zigarrenzubeh\u00f6r in Deutschland<\/title>\n<meta name=\"robots\" content=\"index, follow, max-snippet:-1, max-image-preview:large, max-video-preview:-1\" \/>\n<link rel=\"canonical\" href=\"https:\/\/pfeifenundzigarren.de\/es\/Produkt\/freehand-gebogene-pfeife-aus-importiertem-spanischem-bruyereholz\/\" \/>\n<meta property=\"og:locale\" content=\"es_ES\" \/>\n<meta property=\"og:type\" content=\"article\" \/>\n<meta property=\"og:title\" content=\"Freehand gebogene Pfeife aus importiertem spanischem Bruy\u00e8reholz\" \/>\n<meta property=\"og:description\" content=\"die mit einem vulkanisierten Mundst\u00fcck ausgestattet ist. Egal, ob es sich um die\u00a0verwendeten Materialien, die\u00a0Details\u00a0oder die\u00a0F\u00e4rbung\u00a0handelt, diese\u00a0Freehand gebogene Pfeife aus\" \/>\n<meta property=\"og:url\" content=\"https:\/\/pfeifenundzigarren.de\/es\/Produkt\/freehand-gebogene-pfeife-aus-importiertem-spanischem-bruyereholz\/\" \/>\n<meta property=\"og:site_name\" content=\"Der beste Onlineshop f\u00fcr Pfeifen und Zigarrenzubeh\u00f6r in Deutschland\" \/>\n<meta property=\"article:modified_time\" content=\"2024-09-24T03:37:24+00:00\" \/>\n<meta property=\"og:image\" content=\"https:\/\/pfeifenundzigarren.de\/wp-content\/uploads\/2024\/09\/c9dcd176-c79a-4d55-88b5-bf72da758307-\u62f7\u8d1d.png\" \/>\n\t<meta property=\"og:image:width\" content=\"800\" \/>\n\t<meta property=\"og:image:height\" content=\"800\" \/>\n\t<meta property=\"og:image:type\" content=\"image\/png\" \/>\n<meta name=\"twitter:card\" content=\"summary_large_image\" \/>\n<meta name=\"twitter:label1\" content=\"Tiempo de lectura\" \/>\n\t<meta name=\"twitter:data1\" content=\"1 minuto\" \/>\n<script type=\"application\/ld+json\" class=\"yoast-schema-graph\">{\"@context\":\"https:\\\/\\\/schema.org\",\"@graph\":[{\"@type\":\"WebPage\",\"@id\":\"https:\\\/\\\/pfeifenundzigarren.de\\\/Produkt\\\/freehand-gebogene-pfeife-aus-importiertem-spanischem-bruyereholz\\\/\",\"url\":\"https:\\\/\\\/pfeifenundzigarren.de\\\/Produkt\\\/freehand-gebogene-pfeife-aus-importiertem-spanischem-bruyereholz\\\/\",\"name\":\"Freehand gebogene Pfeife aus importiertem spanischem Bruy\u00e8reholz - Der beste Onlineshop f\u00fcr Pfeifen und Zigarrenzubeh\u00f6r in Deutschland\",\"isPartOf\":{\"@id\":\"https:\\\/\\\/lime-nightingale-562313.hostingersite.com\\\/#website\"},\"primaryImageOfPage\":{\"@id\":\"https:\\\/\\\/pfeifenundzigarren.de\\\/Produkt\\\/freehand-gebogene-pfeife-aus-importiertem-spanischem-bruyereholz\\\/#primaryimage\"},\"image\":{\"@id\":\"https:\\\/\\\/pfeifenundzigarren.de\\\/Produkt\\\/freehand-gebogene-pfeife-aus-importiertem-spanischem-bruyereholz\\\/#primaryimage\"},\"thumbnailUrl\":\"https:\\\/\\\/pfeifenundzigarren.de\\\/wp-content\\\/uploads\\\/2024\\\/09\\\/c9dcd176-c79a-4d55-88b5-bf72da758307-\u62f7\u8d1d.png\",\"datePublished\":\"2024-09-24T03:22:10+00:00\",\"dateModified\":\"2024-09-24T03:37:24+00:00\",\"breadcrumb\":{\"@id\":\"https:\\\/\\\/pfeifenundzigarren.de\\\/Produkt\\\/freehand-gebogene-pfeife-aus-importiertem-spanischem-bruyereholz\\\/#breadcrumb\"},\"inLanguage\":\"es\",\"potentialAction\":[{\"@type\":\"ReadAction\",\"target\":[\"https:\\\/\\\/pfeifenundzigarren.de\\\/Produkt\\\/freehand-gebogene-pfeife-aus-importiertem-spanischem-bruyereholz\\\/\"]}]},{\"@type\":\"ImageObject\",\"inLanguage\":\"es\",\"@id\":\"https:\\\/\\\/pfeifenundzigarren.de\\\/Produkt\\\/freehand-gebogene-pfeife-aus-importiertem-spanischem-bruyereholz\\\/#primaryimage\",\"url\":\"https:\\\/\\\/pfeifenundzigarren.de\\\/wp-content\\\/uploads\\\/2024\\\/09\\\/c9dcd176-c79a-4d55-88b5-bf72da758307-\u62f7\u8d1d.png\",\"contentUrl\":\"https:\\\/\\\/pfeifenundzigarren.de\\\/wp-content\\\/uploads\\\/2024\\\/09\\\/c9dcd176-c79a-4d55-88b5-bf72da758307-\u62f7\u8d1d.png\",\"width\":800,\"height\":800,\"caption\":\"Freehand gebogene Pfeife aus importiertem spanischem Bruy\u00e8reholz\"},{\"@type\":\"BreadcrumbList\",\"@id\":\"https:\\\/\\\/pfeifenundzigarren.de\\\/Produkt\\\/freehand-gebogene-pfeife-aus-importiertem-spanischem-bruyereholz\\\/#breadcrumb\",\"itemListElement\":[{\"@type\":\"ListItem\",\"position\":1,\"name\":\"Home\",\"item\":\"https:\\\/\\\/lime-nightingale-562313.hostingersite.com\\\/\"},{\"@type\":\"ListItem\",\"position\":2,\"name\":\"Shop\",\"item\":\"https:\\\/\\\/lime-nightingale-562313.hostingersite.com\\\/shop\\\/\"},{\"@type\":\"ListItem\",\"position\":3,\"name\":\"Freehand gebogene Pfeife aus importiertem spanischem Bruy\u00e8reholz\"}]},{\"@type\":\"WebSite\",\"@id\":\"https:\\\/\\\/lime-nightingale-562313.hostingersite.com\\\/#website\",\"url\":\"https:\\\/\\\/lime-nightingale-562313.hostingersite.com\\\/\",\"name\":\"Der beste Onlineshop f\u00fcr Pfeifen und Zigarrenzubeh\u00f6r in Deutschland\",\"description\":\"\",\"publisher\":{\"@id\":\"https:\\\/\\\/lime-nightingale-562313.hostingersite.com\\\/#organization\"},\"potentialAction\":[{\"@type\":\"SearchAction\",\"target\":{\"@type\":\"EntryPoint\",\"urlTemplate\":\"https:\\\/\\\/lime-nightingale-562313.hostingersite.com\\\/?s={search_term_string}\"},\"query-input\":{\"@type\":\"PropertyValueSpecification\",\"valueRequired\":true,\"valueName\":\"search_term_string\"}}],\"inLanguage\":\"es\"},{\"@type\":\"Organization\",\"@id\":\"https:\\\/\\\/lime-nightingale-562313.hostingersite.com\\\/#organization\",\"name\":\"Der beste Onlineshop f\u00fcr Pfeifen und Zigarrenzubeh\u00f6r in Deutschland\",\"url\":\"https:\\\/\\\/lime-nightingale-562313.hostingersite.com\\\/\",\"logo\":{\"@type\":\"ImageObject\",\"inLanguage\":\"es\",\"@id\":\"https:\\\/\\\/lime-nightingale-562313.hostingersite.com\\\/#\\\/schema\\\/logo\\\/image\\\/\",\"url\":\"https:\\\/\\\/pfeifenundzigarren.de\\\/wp-content\\\/uploads\\\/2024\\\/09\\\/cropped-Luxury-and-Vintage-Ornamental-Coffee-Shop-Logo.png\",\"contentUrl\":\"https:\\\/\\\/pfeifenundzigarren.de\\\/wp-content\\\/uploads\\\/2024\\\/09\\\/cropped-Luxury-and-Vintage-Ornamental-Coffee-Shop-Logo.png\",\"width\":512,\"height\":512,\"caption\":\"Der beste Onlineshop f\u00fcr Pfeifen und Zigarrenzubeh\u00f6r in Deutschland\"},\"image\":{\"@id\":\"https:\\\/\\\/lime-nightingale-562313.hostingersite.com\\\/#\\\/schema\\\/logo\\\/image\\\/\"}}]}<\/script>\n<!-- \/ Yoast SEO Premium plugin. -->","yoast_head_json":{"title":"Freehand gebogene Pfeife aus importiertem spanischem Bruy\u00e8reholz - Der beste Onlineshop f\u00fcr Pfeifen und Zigarrenzubeh\u00f6r in Deutschland","robots":{"index":"index","follow":"follow","max-snippet":"max-snippet:-1","max-image-preview":"max-image-preview:large","max-video-preview":"max-video-preview:-1"},"canonical":"https:\/\/pfeifenundzigarren.de\/es\/Produkt\/freehand-gebogene-pfeife-aus-importiertem-spanischem-bruyereholz\/","og_locale":"es_ES","og_type":"article","og_title":"Freehand gebogene Pfeife aus importiertem spanischem Bruy\u00e8reholz","og_description":"die mit einem vulkanisierten Mundst\u00fcck ausgestattet ist. Egal, ob es sich um die\u00a0verwendeten Materialien, die\u00a0Details\u00a0oder die\u00a0F\u00e4rbung\u00a0handelt, diese\u00a0Freehand gebogene Pfeife aus","og_url":"https:\/\/pfeifenundzigarren.de\/es\/Produkt\/freehand-gebogene-pfeife-aus-importiertem-spanischem-bruyereholz\/","og_site_name":"Der beste Onlineshop f\u00fcr Pfeifen und Zigarrenzubeh\u00f6r in Deutschland","article_modified_time":"2024-09-24T03:37:24+00:00","og_image":[{"width":800,"height":800,"url":"https:\/\/pfeifenundzigarren.de\/wp-content\/uploads\/2024\/09\/c9dcd176-c79a-4d55-88b5-bf72da758307-\u62f7\u8d1d.png","type":"image\/png"}],"twitter_card":"summary_large_image","twitter_misc":{"Tiempo de lectura":"1 minuto"},"schema":{"@context":"https:\/\/schema.org","@graph":[{"@type":"WebPage","@id":"https:\/\/pfeifenundzigarren.de\/Produkt\/freehand-gebogene-pfeife-aus-importiertem-spanischem-bruyereholz\/","url":"https:\/\/pfeifenundzigarren.de\/Produkt\/freehand-gebogene-pfeife-aus-importiertem-spanischem-bruyereholz\/","name":"Freehand gebogene Pfeife aus importiertem spanischem Bruy\u00e8reholz - Der beste Onlineshop f\u00fcr Pfeifen und Zigarrenzubeh\u00f6r in Deutschland","isPartOf":{"@id":"https:\/\/lime-nightingale-562313.hostingersite.com\/#website"},"primaryImageOfPage":{"@id":"https:\/\/pfeifenundzigarren.de\/Produkt\/freehand-gebogene-pfeife-aus-importiertem-spanischem-bruyereholz\/#primaryimage"},"image":{"@id":"https:\/\/pfeifenundzigarren.de\/Produkt\/freehand-gebogene-pfeife-aus-importiertem-spanischem-bruyereholz\/#primaryimage"},"thumbnailUrl":"https:\/\/pfeifenundzigarren.de\/wp-content\/uploads\/2024\/09\/c9dcd176-c79a-4d55-88b5-bf72da758307-\u62f7\u8d1d.png","datePublished":"2024-09-24T03:22:10+00:00","dateModified":"2024-09-24T03:37:24+00:00","breadcrumb":{"@id":"https:\/\/pfeifenundzigarren.de\/Produkt\/freehand-gebogene-pfeife-aus-importiertem-spanischem-bruyereholz\/#breadcrumb"},"inLanguage":"es","potentialAction":[{"@type":"ReadAction","target":["https:\/\/pfeifenundzigarren.de\/Produkt\/freehand-gebogene-pfeife-aus-importiertem-spanischem-bruyereholz\/"]}]},{"@type":"ImageObject","inLanguage":"es","@id":"https:\/\/pfeifenundzigarren.de\/Produkt\/freehand-gebogene-pfeife-aus-importiertem-spanischem-bruyereholz\/#primaryimage","url":"https:\/\/pfeifenundzigarren.de\/wp-content\/uploads\/2024\/09\/c9dcd176-c79a-4d55-88b5-bf72da758307-\u62f7\u8d1d.png","contentUrl":"https:\/\/pfeifenundzigarren.de\/wp-content\/uploads\/2024\/09\/c9dcd176-c79a-4d55-88b5-bf72da758307-\u62f7\u8d1d.png","width":800,"height":800,"caption":"Freehand gebogene Pfeife aus importiertem spanischem Bruy\u00e8reholz"},{"@type":"BreadcrumbList","@id":"https:\/\/pfeifenundzigarren.de\/Produkt\/freehand-gebogene-pfeife-aus-importiertem-spanischem-bruyereholz\/#breadcrumb","itemListElement":[{"@type":"ListItem","position":1,"name":"Home","item":"https:\/\/lime-nightingale-562313.hostingersite.com\/"},{"@type":"ListItem","position":2,"name":"Shop","item":"https:\/\/lime-nightingale-562313.hostingersite.com\/shop\/"},{"@type":"ListItem","position":3,"name":"Freehand gebogene Pfeife aus importiertem spanischem Bruy\u00e8reholz"}]},{"@type":"WebSite","@id":"https:\/\/lime-nightingale-562313.hostingersite.com\/#website","url":"https:\/\/lime-nightingale-562313.hostingersite.com\/","name":"La mejor tienda en l\u00ednea de pipas y accesorios para puros de Alemania","description":"","publisher":{"@id":"https:\/\/lime-nightingale-562313.hostingersite.com\/#organization"},"potentialAction":[{"@type":"SearchAction","target":{"@type":"EntryPoint","urlTemplate":"https:\/\/lime-nightingale-562313.hostingersite.com\/?s={search_term_string}"},"query-input":{"@type":"PropertyValueSpecification","valueRequired":true,"valueName":"search_term_string"}}],"inLanguage":"es"},{"@type":"Organization","@id":"https:\/\/lime-nightingale-562313.hostingersite.com\/#organization","name":"La mejor tienda en l\u00ednea de pipas y accesorios para puros de Alemania","url":"https:\/\/lime-nightingale-562313.hostingersite.com\/","logo":{"@type":"ImageObject","inLanguage":"es","@id":"https:\/\/lime-nightingale-562313.hostingersite.com\/#\/schema\/logo\/image\/","url":"https:\/\/pfeifenundzigarren.de\/wp-content\/uploads\/2024\/09\/cropped-Luxury-and-Vintage-Ornamental-Coffee-Shop-Logo.png","contentUrl":"https:\/\/pfeifenundzigarren.de\/wp-content\/uploads\/2024\/09\/cropped-Luxury-and-Vintage-Ornamental-Coffee-Shop-Logo.png","width":512,"height":512,"caption":"Der beste Onlineshop f\u00fcr Pfeifen und Zigarrenzubeh\u00f6r in Deutschland"},"image":{"@id":"https:\/\/lime-nightingale-562313.hostingersite.com\/#\/schema\/logo\/image\/"}}]}},"_links":{"self":[{"href":"https:\/\/pfeifenundzigarren.de\/es\/wp-json\/wp\/v2\/product\/4136","targetHints":{"allow":["GET"]}}],"collection":[{"href":"https:\/\/pfeifenundzigarren.de\/es\/wp-json\/wp\/v2\/product"}],"about":[{"href":"https:\/\/pfeifenundzigarren.de\/es\/wp-json\/wp\/v2\/types\/product"}],"replies":[{"embeddable":true,"href":"https:\/\/pfeifenundzigarren.de\/es\/wp-json\/wp\/v2\/comments?post=4136"}],"version-history":[{"count":0,"href":"https:\/\/pfeifenundzigarren.de\/es\/wp-json\/wp\/v2\/product\/4136\/revisions"}],"wp:featuredmedia":[{"embeddable":true,"href":"https:\/\/pfeifenundzigarren.de\/es\/wp-json\/wp\/v2\/media\/4137"}],"wp:attachment":[{"href":"https:\/\/pfeifenundzigarren.de\/es\/wp-json\/wp\/v2\/media?parent=4136"}],"wp:term":[{"taxonomy":"product_brand","embeddable":true,"href":"https:\/\/pfeifenundzigarren.de\/es\/wp-json\/wp\/v2\/product_brand?post=4136"},{"taxonomy":"product_cat","embeddable":true,"href":"https:\/\/pfeifenundzigarren.de\/es\/wp-json\/wp\/v2\/product_cat?post=4136"},{"taxonomy":"product_tag","embeddable":true,"href":"https:\/\/pfeifenundzigarren.de\/es\/wp-json\/wp\/v2\/product_tag?post=4136"}],"curies":[{"name":"wp","href":"https:\/\/api.w.org\/{rel}","templated":true}]}}