{"id":4125,"date":"2024-09-24T04:34:07","date_gmt":"2024-09-24T02:34:07","guid":{"rendered":"https:\/\/pfeifenundzigarren.de\/?post_type=product&#038;p=4125"},"modified":"2024-09-24T05:04:10","modified_gmt":"2024-09-24T03:04:10","slug":"grosse-sherlock-holmes-handgefertigte-gebogene-pfeife","status":"publish","type":"product","link":"https:\/\/pfeifenundzigarren.de\/es\/Produkt\/grosse-sherlock-holmes-handgefertigte-gebogene-pfeife\/","title":{"rendered":"Gran pipa Sherlock Holmes curvada hecha a mano"},"content":{"rendered":"<div class=\"ChatMessage_chatMessage__xkgHx\" data-complete=\"true\">\n<div class=\"ChatMessage_messageRow__DHlnq\">\n<div class=\"ChatMessage_messageWrapper__4Ugd6\">\n<div class=\"Message_rowWithFooter__FShU6\">\n<div class=\"Message_row__ug_UU\">\n<div class=\"Message_leftSideMessageBubble__VPdk6\">\n<div class=\"Markdown_markdownContainer__Tz3HQ\">\n<p><iframe title=\"Gran pipa Sherlock Holmes curvada hecha a mano\" width=\"500\" height=\"375\" src=\"https:\/\/www.youtube.com\/embed\/UCZu3YkAEeY?feature=oembed\" frameborder=\"0\" allow=\"accelerometer; autoplay; clipboard-write; encrypted-media; gyroscope; picture-in-picture; web-share\" referrerpolicy=\"strict-origin-when-cross-origin\" allowfullscreen><\/iframe><\/p>\n<p>En\u00a0<strong>Dise\u00f1o perfecto de la cazoleta de la pipa<\/strong>\u00a0este\u00a0<strong>Gran pipa Sherlock Holmes curvada hecha a mano<\/strong>\u00a0mejora est\u00e9ticamente el \u00e1ngulo de visi\u00f3n. En la pr\u00e1ctica, evita que el tubo se caiga. La instalaci\u00f3n puede provocar atascos en la prolongaci\u00f3n exterior del tubo si no se hace correctamente. La elegante forma de la cintura no existe en el procesamiento del alambre y sigue siendo exclusiva de esta pipa hecha a mano. Gracias al estricto cumplimiento de la tecnolog\u00eda europea y americana de coloraci\u00f3n del t\u00e9, el color base es natural y seco, mientras que la textura es clara y fina. Cada regi\u00f3n de la pipa tiene caracter\u00edsticas diferentes y \u00fanicas.<\/p>\n<p>Un producto acabado, como el\u00a0<strong>Gran pipa Sherlock Holmes curvada hecha a mano<\/strong>es una pipa completa equipada con una boquilla Cumberland alemana importada. (Algunos vendedores poco fiables afirman que se trata de una boquilla Cumberland negra, pero no es el caso). Ya sea por los materiales utilizados o por detalles como la coloraci\u00f3n, esta <a href=\"https:\/\/pfeifenundzigarren.de\/es\/produktkategorie\/pfeife\/freehand-pfeifen\/\">pipa artesanal<\/a> supera con creces a los tubos fabricados a m\u00e1quina disponibles en el mercado. Antes de ser recoloreada y pulida, se somete a minuciosas pruebas para garantizar la m\u00e1xima calidad.<\/p>\n<h3>F\u00e1cil manejo y desmontaje<\/h3>\n<p>En\u00a0<strong>Gran pipa Sherlock Holmes curvada hecha a mano<\/strong>\u00a0se caracteriza por su f\u00e1cil desmontaje. No se recomienda el uso de filtros para permitir recuperar el sabor original del humo. El dise\u00f1o plano del tap\u00f3n ofrece una excelente sensaci\u00f3n de aspiraci\u00f3n, lo que hace que la pipa sea especialmente interesante para los fumadores exigentes.<\/p>\n<h3>Precisi\u00f3n artesanal<\/h3>\n<p>Estos\u00a0<strong>Pipa Sherlock Holmes hecha a mano<\/strong>\u00a0se fabrica mediante pulido puramente manual, sin m\u00e1quinas CNC. La boquilla es especialmente profunda, lo que garantiza una experiencia de fumado intensa. Adem\u00e1s, la boquilla est\u00e1 muy poco pulida, con un grosor inferior a 3,75 mm, lo que ofrece una experiencia de fumada extremadamente agradable y c\u00f3moda.<\/p>\n<\/div>\n<\/div>\n<\/div>\n<\/div>\n<\/div>\n<\/div>\n<\/div>","protected":false},"excerpt":{"rendered":"<p>El perfecto dise\u00f1o de la cazoleta de esta pipa curvada hecha a mano Great Sherlock Holmes mejora est\u00e9ticamente el \u00e1ngulo de visi\u00f3n. En la pr\u00e1ctica, evita que la pipa se caiga.<\/p>","protected":false},"featured_media":4128,"comment_status":"open","ping_status":"closed","template":"","meta":[],"product_brand":[],"product_cat":[70],"product_tag":[],"class_list":{"0":"post-4125","1":"product","2":"type-product","3":"status-publish","4":"has-post-thumbnail","6":"product_cat-pfeife","8":"first","9":"instock","10":"sale","11":"shipping-taxable","12":"purchasable","13":"product-type-variable","14":"wvs-archive-product-wrapper"},"yoast_head":"<!-- This site is optimized with the Yoast SEO Premium plugin v26.7 (Yoast SEO v27.4) - https:\/\/yoast.com\/product\/yoast-seo-premium-wordpress\/ -->\n<title>Gro\u00dfe Sherlock-Holmes handgefertigte gebogene Pfeife - Der beste Onlineshop f\u00fcr Pfeifen und Zigarrenzubeh\u00f6r in Deutschland<\/title>\n<meta name=\"robots\" content=\"index, follow, max-snippet:-1, max-image-preview:large, max-video-preview:-1\" \/>\n<link rel=\"canonical\" href=\"https:\/\/pfeifenundzigarren.de\/es\/Produkt\/grosse-sherlock-holmes-handgefertigte-gebogene-pfeife\/\" \/>\n<meta property=\"og:locale\" content=\"es_ES\" \/>\n<meta property=\"og:type\" content=\"article\" \/>\n<meta property=\"og:title\" content=\"Gro\u00dfe Sherlock-Holmes handgefertigte gebogene Pfeife\" \/>\n<meta property=\"og:description\" content=\"Das\u00a0perfekte Design der Pfeifenschale\u00a0dieser\u00a0Gro\u00dfe Sherlock-Holmes handgefertigte gebogene Pfeife\u00a0verbessert \u00e4sthetisch den Blickwinkel. In der Praxis verhindert es das Herunterfallen der Pfeife.\" \/>\n<meta property=\"og:url\" content=\"https:\/\/pfeifenundzigarren.de\/es\/Produkt\/grosse-sherlock-holmes-handgefertigte-gebogene-pfeife\/\" \/>\n<meta property=\"og:site_name\" content=\"Der beste Onlineshop f\u00fcr Pfeifen und Zigarrenzubeh\u00f6r in Deutschland\" \/>\n<meta property=\"article:modified_time\" content=\"2024-09-24T03:04:10+00:00\" \/>\n<meta property=\"og:image\" content=\"https:\/\/pfeifenundzigarren.de\/wp-content\/uploads\/2024\/09\/57f1f085-db47-4fd1-8b7b-b08fbacc5298.jpg\" \/>\n\t<meta property=\"og:image:width\" content=\"790\" \/>\n\t<meta property=\"og:image:height\" content=\"822\" \/>\n\t<meta property=\"og:image:type\" content=\"image\/jpeg\" \/>\n<meta name=\"twitter:card\" content=\"summary_large_image\" \/>\n<meta name=\"twitter:label1\" content=\"Tiempo de lectura\" \/>\n\t<meta name=\"twitter:data1\" content=\"2 minutos\" \/>\n<script type=\"application\/ld+json\" class=\"yoast-schema-graph\">{\"@context\":\"https:\\\/\\\/schema.org\",\"@graph\":[{\"@type\":\"WebPage\",\"@id\":\"https:\\\/\\\/pfeifenundzigarren.de\\\/Produkt\\\/grosse-sherlock-holmes-handgefertigte-gebogene-pfeife\\\/\",\"url\":\"https:\\\/\\\/pfeifenundzigarren.de\\\/Produkt\\\/grosse-sherlock-holmes-handgefertigte-gebogene-pfeife\\\/\",\"name\":\"Gro\u00dfe Sherlock-Holmes handgefertigte gebogene Pfeife - Der beste Onlineshop f\u00fcr Pfeifen und Zigarrenzubeh\u00f6r in Deutschland\",\"isPartOf\":{\"@id\":\"https:\\\/\\\/lime-nightingale-562313.hostingersite.com\\\/#website\"},\"primaryImageOfPage\":{\"@id\":\"https:\\\/\\\/pfeifenundzigarren.de\\\/Produkt\\\/grosse-sherlock-holmes-handgefertigte-gebogene-pfeife\\\/#primaryimage\"},\"image\":{\"@id\":\"https:\\\/\\\/pfeifenundzigarren.de\\\/Produkt\\\/grosse-sherlock-holmes-handgefertigte-gebogene-pfeife\\\/#primaryimage\"},\"thumbnailUrl\":\"https:\\\/\\\/pfeifenundzigarren.de\\\/wp-content\\\/uploads\\\/2024\\\/09\\\/57f1f085-db47-4fd1-8b7b-b08fbacc5298.jpg\",\"datePublished\":\"2024-09-24T02:34:07+00:00\",\"dateModified\":\"2024-09-24T03:04:10+00:00\",\"breadcrumb\":{\"@id\":\"https:\\\/\\\/pfeifenundzigarren.de\\\/Produkt\\\/grosse-sherlock-holmes-handgefertigte-gebogene-pfeife\\\/#breadcrumb\"},\"inLanguage\":\"es\",\"potentialAction\":[{\"@type\":\"ReadAction\",\"target\":[\"https:\\\/\\\/pfeifenundzigarren.de\\\/Produkt\\\/grosse-sherlock-holmes-handgefertigte-gebogene-pfeife\\\/\"]}]},{\"@type\":\"ImageObject\",\"inLanguage\":\"es\",\"@id\":\"https:\\\/\\\/pfeifenundzigarren.de\\\/Produkt\\\/grosse-sherlock-holmes-handgefertigte-gebogene-pfeife\\\/#primaryimage\",\"url\":\"https:\\\/\\\/pfeifenundzigarren.de\\\/wp-content\\\/uploads\\\/2024\\\/09\\\/57f1f085-db47-4fd1-8b7b-b08fbacc5298.jpg\",\"contentUrl\":\"https:\\\/\\\/pfeifenundzigarren.de\\\/wp-content\\\/uploads\\\/2024\\\/09\\\/57f1f085-db47-4fd1-8b7b-b08fbacc5298.jpg\",\"width\":790,\"height\":822},{\"@type\":\"BreadcrumbList\",\"@id\":\"https:\\\/\\\/pfeifenundzigarren.de\\\/Produkt\\\/grosse-sherlock-holmes-handgefertigte-gebogene-pfeife\\\/#breadcrumb\",\"itemListElement\":[{\"@type\":\"ListItem\",\"position\":1,\"name\":\"Home\",\"item\":\"https:\\\/\\\/lime-nightingale-562313.hostingersite.com\\\/\"},{\"@type\":\"ListItem\",\"position\":2,\"name\":\"Shop\",\"item\":\"https:\\\/\\\/lime-nightingale-562313.hostingersite.com\\\/shop\\\/\"},{\"@type\":\"ListItem\",\"position\":3,\"name\":\"Gro\u00dfe Sherlock-Holmes handgefertigte gebogene Pfeife\"}]},{\"@type\":\"WebSite\",\"@id\":\"https:\\\/\\\/lime-nightingale-562313.hostingersite.com\\\/#website\",\"url\":\"https:\\\/\\\/lime-nightingale-562313.hostingersite.com\\\/\",\"name\":\"Der beste Onlineshop f\u00fcr Pfeifen und Zigarrenzubeh\u00f6r in Deutschland\",\"description\":\"\",\"publisher\":{\"@id\":\"https:\\\/\\\/lime-nightingale-562313.hostingersite.com\\\/#organization\"},\"potentialAction\":[{\"@type\":\"SearchAction\",\"target\":{\"@type\":\"EntryPoint\",\"urlTemplate\":\"https:\\\/\\\/lime-nightingale-562313.hostingersite.com\\\/?s={search_term_string}\"},\"query-input\":{\"@type\":\"PropertyValueSpecification\",\"valueRequired\":true,\"valueName\":\"search_term_string\"}}],\"inLanguage\":\"es\"},{\"@type\":\"Organization\",\"@id\":\"https:\\\/\\\/lime-nightingale-562313.hostingersite.com\\\/#organization\",\"name\":\"Der beste Onlineshop f\u00fcr Pfeifen und Zigarrenzubeh\u00f6r in Deutschland\",\"url\":\"https:\\\/\\\/lime-nightingale-562313.hostingersite.com\\\/\",\"logo\":{\"@type\":\"ImageObject\",\"inLanguage\":\"es\",\"@id\":\"https:\\\/\\\/lime-nightingale-562313.hostingersite.com\\\/#\\\/schema\\\/logo\\\/image\\\/\",\"url\":\"https:\\\/\\\/pfeifenundzigarren.de\\\/wp-content\\\/uploads\\\/2024\\\/09\\\/cropped-Luxury-and-Vintage-Ornamental-Coffee-Shop-Logo.png\",\"contentUrl\":\"https:\\\/\\\/pfeifenundzigarren.de\\\/wp-content\\\/uploads\\\/2024\\\/09\\\/cropped-Luxury-and-Vintage-Ornamental-Coffee-Shop-Logo.png\",\"width\":512,\"height\":512,\"caption\":\"Der beste Onlineshop f\u00fcr Pfeifen und Zigarrenzubeh\u00f6r in Deutschland\"},\"image\":{\"@id\":\"https:\\\/\\\/lime-nightingale-562313.hostingersite.com\\\/#\\\/schema\\\/logo\\\/image\\\/\"}}]}<\/script>\n<!-- \/ Yoast SEO Premium plugin. -->","yoast_head_json":{"title":"Gro\u00dfe Sherlock-Holmes handgefertigte gebogene Pfeife - Der beste Onlineshop f\u00fcr Pfeifen und Zigarrenzubeh\u00f6r in Deutschland","robots":{"index":"index","follow":"follow","max-snippet":"max-snippet:-1","max-image-preview":"max-image-preview:large","max-video-preview":"max-video-preview:-1"},"canonical":"https:\/\/pfeifenundzigarren.de\/es\/Produkt\/grosse-sherlock-holmes-handgefertigte-gebogene-pfeife\/","og_locale":"es_ES","og_type":"article","og_title":"Gro\u00dfe Sherlock-Holmes handgefertigte gebogene Pfeife","og_description":"Das\u00a0perfekte Design der Pfeifenschale\u00a0dieser\u00a0Gro\u00dfe Sherlock-Holmes handgefertigte gebogene Pfeife\u00a0verbessert \u00e4sthetisch den Blickwinkel. In der Praxis verhindert es das Herunterfallen der Pfeife.","og_url":"https:\/\/pfeifenundzigarren.de\/es\/Produkt\/grosse-sherlock-holmes-handgefertigte-gebogene-pfeife\/","og_site_name":"Der beste Onlineshop f\u00fcr Pfeifen und Zigarrenzubeh\u00f6r in Deutschland","article_modified_time":"2024-09-24T03:04:10+00:00","og_image":[{"width":790,"height":822,"url":"https:\/\/pfeifenundzigarren.de\/wp-content\/uploads\/2024\/09\/57f1f085-db47-4fd1-8b7b-b08fbacc5298.jpg","type":"image\/jpeg"}],"twitter_card":"summary_large_image","twitter_misc":{"Tiempo de lectura":"2 minutos"},"schema":{"@context":"https:\/\/schema.org","@graph":[{"@type":"WebPage","@id":"https:\/\/pfeifenundzigarren.de\/Produkt\/grosse-sherlock-holmes-handgefertigte-gebogene-pfeife\/","url":"https:\/\/pfeifenundzigarren.de\/Produkt\/grosse-sherlock-holmes-handgefertigte-gebogene-pfeife\/","name":"Gro\u00dfe Sherlock-Holmes handgefertigte gebogene Pfeife - Der beste Onlineshop f\u00fcr Pfeifen und Zigarrenzubeh\u00f6r in Deutschland","isPartOf":{"@id":"https:\/\/lime-nightingale-562313.hostingersite.com\/#website"},"primaryImageOfPage":{"@id":"https:\/\/pfeifenundzigarren.de\/Produkt\/grosse-sherlock-holmes-handgefertigte-gebogene-pfeife\/#primaryimage"},"image":{"@id":"https:\/\/pfeifenundzigarren.de\/Produkt\/grosse-sherlock-holmes-handgefertigte-gebogene-pfeife\/#primaryimage"},"thumbnailUrl":"https:\/\/pfeifenundzigarren.de\/wp-content\/uploads\/2024\/09\/57f1f085-db47-4fd1-8b7b-b08fbacc5298.jpg","datePublished":"2024-09-24T02:34:07+00:00","dateModified":"2024-09-24T03:04:10+00:00","breadcrumb":{"@id":"https:\/\/pfeifenundzigarren.de\/Produkt\/grosse-sherlock-holmes-handgefertigte-gebogene-pfeife\/#breadcrumb"},"inLanguage":"es","potentialAction":[{"@type":"ReadAction","target":["https:\/\/pfeifenundzigarren.de\/Produkt\/grosse-sherlock-holmes-handgefertigte-gebogene-pfeife\/"]}]},{"@type":"ImageObject","inLanguage":"es","@id":"https:\/\/pfeifenundzigarren.de\/Produkt\/grosse-sherlock-holmes-handgefertigte-gebogene-pfeife\/#primaryimage","url":"https:\/\/pfeifenundzigarren.de\/wp-content\/uploads\/2024\/09\/57f1f085-db47-4fd1-8b7b-b08fbacc5298.jpg","contentUrl":"https:\/\/pfeifenundzigarren.de\/wp-content\/uploads\/2024\/09\/57f1f085-db47-4fd1-8b7b-b08fbacc5298.jpg","width":790,"height":822},{"@type":"BreadcrumbList","@id":"https:\/\/pfeifenundzigarren.de\/Produkt\/grosse-sherlock-holmes-handgefertigte-gebogene-pfeife\/#breadcrumb","itemListElement":[{"@type":"ListItem","position":1,"name":"Home","item":"https:\/\/lime-nightingale-562313.hostingersite.com\/"},{"@type":"ListItem","position":2,"name":"Shop","item":"https:\/\/lime-nightingale-562313.hostingersite.com\/shop\/"},{"@type":"ListItem","position":3,"name":"Gro\u00dfe Sherlock-Holmes handgefertigte gebogene Pfeife"}]},{"@type":"WebSite","@id":"https:\/\/lime-nightingale-562313.hostingersite.com\/#website","url":"https:\/\/lime-nightingale-562313.hostingersite.com\/","name":"La mejor tienda en l\u00ednea de pipas y accesorios para puros de Alemania","description":"","publisher":{"@id":"https:\/\/lime-nightingale-562313.hostingersite.com\/#organization"},"potentialAction":[{"@type":"SearchAction","target":{"@type":"EntryPoint","urlTemplate":"https:\/\/lime-nightingale-562313.hostingersite.com\/?s={search_term_string}"},"query-input":{"@type":"PropertyValueSpecification","valueRequired":true,"valueName":"search_term_string"}}],"inLanguage":"es"},{"@type":"Organization","@id":"https:\/\/lime-nightingale-562313.hostingersite.com\/#organization","name":"La mejor tienda en l\u00ednea de pipas y accesorios para puros de Alemania","url":"https:\/\/lime-nightingale-562313.hostingersite.com\/","logo":{"@type":"ImageObject","inLanguage":"es","@id":"https:\/\/lime-nightingale-562313.hostingersite.com\/#\/schema\/logo\/image\/","url":"https:\/\/pfeifenundzigarren.de\/wp-content\/uploads\/2024\/09\/cropped-Luxury-and-Vintage-Ornamental-Coffee-Shop-Logo.png","contentUrl":"https:\/\/pfeifenundzigarren.de\/wp-content\/uploads\/2024\/09\/cropped-Luxury-and-Vintage-Ornamental-Coffee-Shop-Logo.png","width":512,"height":512,"caption":"Der beste Onlineshop f\u00fcr Pfeifen und Zigarrenzubeh\u00f6r in Deutschland"},"image":{"@id":"https:\/\/lime-nightingale-562313.hostingersite.com\/#\/schema\/logo\/image\/"}}]}},"_links":{"self":[{"href":"https:\/\/pfeifenundzigarren.de\/es\/wp-json\/wp\/v2\/product\/4125","targetHints":{"allow":["GET"]}}],"collection":[{"href":"https:\/\/pfeifenundzigarren.de\/es\/wp-json\/wp\/v2\/product"}],"about":[{"href":"https:\/\/pfeifenundzigarren.de\/es\/wp-json\/wp\/v2\/types\/product"}],"replies":[{"embeddable":true,"href":"https:\/\/pfeifenundzigarren.de\/es\/wp-json\/wp\/v2\/comments?post=4125"}],"version-history":[{"count":0,"href":"https:\/\/pfeifenundzigarren.de\/es\/wp-json\/wp\/v2\/product\/4125\/revisions"}],"wp:featuredmedia":[{"embeddable":true,"href":"https:\/\/pfeifenundzigarren.de\/es\/wp-json\/wp\/v2\/media\/4128"}],"wp:attachment":[{"href":"https:\/\/pfeifenundzigarren.de\/es\/wp-json\/wp\/v2\/media?parent=4125"}],"wp:term":[{"taxonomy":"product_brand","embeddable":true,"href":"https:\/\/pfeifenundzigarren.de\/es\/wp-json\/wp\/v2\/product_brand?post=4125"},{"taxonomy":"product_cat","embeddable":true,"href":"https:\/\/pfeifenundzigarren.de\/es\/wp-json\/wp\/v2\/product_cat?post=4125"},{"taxonomy":"product_tag","embeddable":true,"href":"https:\/\/pfeifenundzigarren.de\/es\/wp-json\/wp\/v2\/product_tag?post=4125"}],"curies":[{"name":"wp","href":"https:\/\/api.w.org\/{rel}","templated":true}]}}