{"id":4110,"date":"2024-09-24T04:03:59","date_gmt":"2024-09-24T02:03:59","guid":{"rendered":"https:\/\/pfeifenundzigarren.de\/?post_type=product&#038;p=4110"},"modified":"2026-02-12T07:13:00","modified_gmt":"2026-02-12T06:13:00","slug":"grosse-bruyere-billardpfeife-mit-meerschaum-einsatz","status":"publish","type":"product","link":"https:\/\/pfeifenundzigarren.de\/es\/Produkt\/grosse-bruyere-billardpfeife-mit-meerschaum-einsatz\/","title":{"rendered":"Silbato de billar de brezo grande con inserci\u00f3n de espuma de mar"},"content":{"rendered":"<div data-elementor-type=\"product-post\" data-elementor-id=\"4110\" class=\"elementor elementor-4110\" data-elementor-post-type=\"product\">\n\t\t\t\t<div class=\"wd-negative-gap elementor-element elementor-element-9cf944e e-flex e-con-boxed e-con e-parent\" data-id=\"9cf944e\" data-element_type=\"container\" data-e-type=\"container\">\n\t\t\t\t\t<div class=\"e-con-inner\">\n\t\t\t\t<div class=\"elementor-element elementor-element-3d152f22 color-scheme-inherit text-left elementor-widget elementor-widget-text-editor\" data-id=\"3d152f22\" data-element_type=\"widget\" data-e-type=\"widget\" data-widget_type=\"text-editor.default\">\n\t\t\t\t<div class=\"elementor-widget-container\">\n\t\t\t\t\t\t\t\t\t<p><strong>Canal de tabaco de 3MM, dise\u00f1o de enchufe plano<\/strong><\/p><ul><li>Canal de tabaco de 3 mm, rectificado a mano sin m\u00e1quinas CNC. La perforaci\u00f3n es profunda y el corte del canal es muy fino, con un grosor aproximado de 3,75 mm.<\/li><li><strong>Hecho a mano<\/strong><br \/>Meticulosamente trabajada a mano, la madera de brezo espa\u00f1ol se selecciona primero en el almac\u00e9n y se limpia de impurezas. Se selecciona la madera con la veta adecuada y, a continuaci\u00f3n, se rematan cuidadosamente los detalles.<\/li><li><strong>Chorro de arena<\/strong><br \/>Una vez seleccionada la madera, se corta y lija. El tubo se corta en el lugar adecuado seg\u00fan la veta de la madera y luego se lija para resaltar mejor la veta.<\/li><\/ul>\t\t\t\t\t\t\t\t<\/div>\n\t\t\t\t<\/div>\n\t\t\t\t\t<\/div>\n\t\t\t\t<\/div>\n\t\t<div class=\"wd-negative-gap elementor-element elementor-element-f8c1c77 e-flex e-con-boxed e-con e-parent\" data-id=\"f8c1c77\" data-element_type=\"container\" data-e-type=\"container\">\n\t\t\t\t\t<div class=\"e-con-inner\">\n\t\t\t\t<div class=\"elementor-element elementor-element-da5444e elementor-widget elementor-widget-image\" data-id=\"da5444e\" data-element_type=\"widget\" data-e-type=\"widget\" data-widget_type=\"image.default\">\n\t\t\t\t<div class=\"elementor-widget-container\">\n\t\t\t\t\t\t\t\t\t\t\t\t\t\t\t<img fetchpriority=\"high\" decoding=\"async\" width=\"788\" height=\"1024\" src=\"https:\/\/pfeifenundzigarren.de\/wp-content\/uploads\/2024\/09\/14-1-788x1024.jpg\" class=\"attachment-large size-large wp-image-4120 wvs-archive-product-image\" alt=\"Bruy\u00e8re-Billardpfeife\" srcset=\"https:\/\/pfeifenundzigarren.de\/wp-content\/uploads\/2024\/09\/14-1-788x1024.jpg 788w, https:\/\/pfeifenundzigarren.de\/wp-content\/uploads\/2024\/09\/14-1-150x195.jpg 150w, https:\/\/pfeifenundzigarren.de\/wp-content\/uploads\/2024\/09\/14-1-231x300.jpg 231w, https:\/\/pfeifenundzigarren.de\/wp-content\/uploads\/2024\/09\/14-1-768x998.jpg 768w, https:\/\/pfeifenundzigarren.de\/wp-content\/uploads\/2024\/09\/14-1.jpg 790w\" sizes=\"(max-width: 788px) 100vw, 788px\" \/>\t\t\t\t\t\t\t\t\t\t\t\t\t\t\t<\/div>\n\t\t\t\t<\/div>\n\t\t\t\t\t<\/div>\n\t\t\t\t<\/div>\n\t\t<div class=\"wd-negative-gap elementor-element elementor-element-942e003 e-flex e-con-boxed e-con e-parent\" data-id=\"942e003\" data-element_type=\"container\" data-e-type=\"container\">\n\t\t\t\t\t<div class=\"e-con-inner\">\n\t\t\t\t<div class=\"elementor-element elementor-element-efed25f color-scheme-inherit text-left elementor-widget elementor-widget-text-editor\" data-id=\"efed25f\" data-element_type=\"widget\" data-e-type=\"widget\" data-widget_type=\"text-editor.default\">\n\t\t\t\t<div class=\"elementor-widget-container\">\n\t\t\t\t\t\t\t\t\t<ul><li><strong>Preguntas m\u00e1s frecuentes<\/strong><ol><li><strong>\u00bfPor qu\u00e9 mi pipa no parece tan brillante, a pesar de que se describ\u00eda como brillante?<\/strong><ul><li>Las tuber\u00edas brillantes no son necesariamente reflectantes, sino que tienen una superficie lisa. Independientemente del tipo de decoraci\u00f3n, el material del tubo en s\u00ed no es brillante. Para que la <strong>Silbato de billar de brezo grande con inserci\u00f3n de espuma de mar<\/strong> Para proteger el acabado natural y el efecto visual, a veces se aplica una capa de cera cuando las pipas salen de f\u00e1brica, que se desgasta con el tiempo y deja ver la veta natural de la madera. Las pipas brillantes se desgastan m\u00e1s r\u00e1pidamente porque se tocan con m\u00e1s frecuencia.<\/li><\/ul><\/li><li><strong>\u00bfPor qu\u00e9 sus pipas desti\u00f1en mientras que mis pipas anteriores de unos pocos d\u00f3lares no lo hac\u00edan?<\/strong><ul><li>La madera de brezo es de color claro por naturaleza, aunque las pipas de otros colores pueden acabarse con barniz. Nuestro concepto es preservar las caracter\u00edsticas de la madera de brezo y, por ello, utilizamos principalmente barnices al agua derivados de plantas naturales, en contraposici\u00f3n a los barnices al aceite. Los barnices al agua difieren significativamente de los barnices al aceite y son menos resistentes a la decoloraci\u00f3n. Las pipas de color oscuro son m\u00e1s resistentes a la decoloraci\u00f3n, pero es importante mantener la pipa seca y no utilizarla en ambientes h\u00famedos.<\/li><\/ul><\/li><\/ol><\/li><\/ul>\t\t\t\t\t\t\t\t<\/div>\n\t\t\t\t<\/div>\n\t\t\t\t\t<\/div>\n\t\t\t\t<\/div>\n\t\t<div class=\"wd-negative-gap elementor-element elementor-element-f54c913 e-flex e-con-boxed e-con e-parent\" data-id=\"f54c913\" data-element_type=\"container\" data-e-type=\"container\">\n\t\t\t\t\t<div class=\"e-con-inner\">\n\t\t\t\t<div class=\"elementor-element elementor-element-11a202e elementor-widget elementor-widget-image\" data-id=\"11a202e\" data-element_type=\"widget\" data-e-type=\"widget\" data-widget_type=\"image.default\">\n\t\t\t\t<div class=\"elementor-widget-container\">\n\t\t\t\t\t\t\t\t\t\t\t\t\t\t\t<img decoding=\"async\" width=\"790\" height=\"742\" src=\"https:\/\/pfeifenundzigarren.de\/wp-content\/uploads\/2024\/09\/18.jpg\" class=\"attachment-large size-large wp-image-4121 wvs-archive-product-image\" alt=\"Bruy\u00e8re-Billardpfeife\" srcset=\"https:\/\/pfeifenundzigarren.de\/wp-content\/uploads\/2024\/09\/18.jpg 790w, https:\/\/pfeifenundzigarren.de\/wp-content\/uploads\/2024\/09\/18-150x141.jpg 150w, https:\/\/pfeifenundzigarren.de\/wp-content\/uploads\/2024\/09\/18-300x282.jpg 300w, https:\/\/pfeifenundzigarren.de\/wp-content\/uploads\/2024\/09\/18-768x721.jpg 768w\" sizes=\"(max-width: 790px) 100vw, 790px\" \/>\t\t\t\t\t\t\t\t\t\t\t\t\t\t\t<\/div>\n\t\t\t\t<\/div>\n\t\t\t\t\t<\/div>\n\t\t\t\t<\/div>\n\t\t<div class=\"wd-negative-gap elementor-element elementor-element-1f9b864 e-flex e-con-boxed e-con e-parent\" data-id=\"1f9b864\" data-element_type=\"container\" data-e-type=\"container\">\n\t\t\t\t\t<div class=\"e-con-inner\">\n\t\t\t\t<div class=\"elementor-element elementor-element-8fb67d7 color-scheme-inherit text-left elementor-widget elementor-widget-text-editor\" data-id=\"8fb67d7\" data-element_type=\"widget\" data-e-type=\"widget\" data-widget_type=\"text-editor.default\">\n\t\t\t\t<div class=\"elementor-widget-container\">\n\t\t\t\t\t\t\t\t\t<ul><li><ol><li><ul><li><strong>Color y grano<\/strong><br \/>La madera de brezo es un material natural cuyo veteado var\u00eda enormemente. Por lo tanto, puede haber ligeras variaciones de color y veteado entre los productos mostrados y los suministrados.<\/li><li><strong>Con o sin capa de carb\u00f3n<\/strong><br \/>La capa de carbono es una decisi\u00f3n del fabricante. Mejora la longevidad del <strong>Silbato de billar de brezo grande con inserci\u00f3n de espuma de mar<\/strong> y protege contra el sobrecalentamiento. Los tubos de alta calidad y medios suelen tener una capa de carbono.<\/li><li><h2><strong>Instrucciones de uso<\/strong><\/h2><\/li><li><strong>Rellenar con tabaco<\/strong><br \/>Coloque la red del quemador en el fondo de la pipa y rellene el tabaco por capas: suelto, firme y luego duro.<\/li><li><strong>C\u00f3mo iluminar<\/strong><br \/>Encienda el tabaco sobre la superficie y presi\u00f3nelo ligeramente. Sople antes de encender y de nuevo despu\u00e9s de encender para que el tabaco brille uniformemente.<\/li><li><strong>C\u00f3mo limpiar<\/strong><br \/>Despu\u00e9s de fumar y enfriarse, utilice una herramienta 3 en 1 para limpiar la pipa. Evite utilizar objetos duros para limpiar la pipa.<\/li><\/ul><\/li><\/ol><\/li><\/ul><p>\u00a0<\/p>\t\t\t\t\t\t\t\t<\/div>\n\t\t\t\t<\/div>\n\t\t\t\t\t<\/div>\n\t\t\t\t<\/div>\n\t\t<div class=\"wd-negative-gap elementor-element elementor-element-77e509a e-flex e-con-boxed e-con e-parent\" data-id=\"77e509a\" data-element_type=\"container\" data-e-type=\"container\">\n\t\t\t\t\t<div class=\"e-con-inner\">\n\t\t\t\t<div class=\"elementor-element elementor-element-e756c76 elementor-widget elementor-widget-image\" data-id=\"e756c76\" data-element_type=\"widget\" data-e-type=\"widget\" data-widget_type=\"image.default\">\n\t\t\t\t<div class=\"elementor-widget-container\">\n\t\t\t\t\t\t\t\t\t\t\t\t\t\t\t<img decoding=\"async\" width=\"790\" height=\"801\" src=\"https:\/\/pfeifenundzigarren.de\/wp-content\/uploads\/2024\/09\/13-1.jpg\" class=\"attachment-large size-large wp-image-4119 wvs-archive-product-image\" alt=\"\" srcset=\"https:\/\/pfeifenundzigarren.de\/wp-content\/uploads\/2024\/09\/13-1.jpg 790w, https:\/\/pfeifenundzigarren.de\/wp-content\/uploads\/2024\/09\/13-1-150x152.jpg 150w, https:\/\/pfeifenundzigarren.de\/wp-content\/uploads\/2024\/09\/13-1-296x300.jpg 296w, https:\/\/pfeifenundzigarren.de\/wp-content\/uploads\/2024\/09\/13-1-768x779.jpg 768w, https:\/\/pfeifenundzigarren.de\/wp-content\/uploads\/2024\/09\/13-1-50x50.jpg 50w, https:\/\/pfeifenundzigarren.de\/wp-content\/uploads\/2024\/09\/13-1-100x100.jpg 100w\" sizes=\"(max-width: 790px) 100vw, 790px\">\t\t\t\t\t\t\t\t\t\t\t\t\t\t\t<\/div>\n\t\t\t\t<\/div>\n\t\t\t\t\t<\/div>\n\t\t\t\t<\/div>\n\t\t\t\t<\/div>","protected":false},"excerpt":{"rendered":"<p>Canal de tabaco de 3MM, dise\u00f1o de inserci\u00f3n plana Canal de tabaco de 3MM, rectificado a mano sin m\u00e1quinas CNC. La perforaci\u00f3n es profunda y el corte del canal es muy plano.<\/p>","protected":false},"featured_media":4111,"comment_status":"open","ping_status":"closed","template":"","meta":[],"product_brand":[],"product_cat":[86,380],"product_tag":[],"class_list":{"0":"post-4110","1":"product","2":"type-product","3":"status-publish","4":"has-post-thumbnail","6":"product_cat-bruyere-pfeifen","7":"product_cat-billard-pfeife","9":"first","10":"instock","11":"sale","12":"shipping-taxable","13":"purchasable","14":"product-type-simple"},"yoast_head":"<!-- This site is optimized with the Yoast SEO Premium plugin v26.7 (Yoast SEO v27.4) - https:\/\/yoast.com\/product\/yoast-seo-premium-wordpress\/ -->\n<title>Gro\u00dfe Bruy\u00e8re-Billardpfeife mit Meerschaum-Einsatz - Der beste Onlineshop f\u00fcr Pfeifen und Zigarrenzubeh\u00f6r in Deutschland<\/title>\n<meta name=\"robots\" content=\"index, follow, max-snippet:-1, max-image-preview:large, max-video-preview:-1\" \/>\n<link rel=\"canonical\" href=\"https:\/\/pfeifenundzigarren.de\/es\/Produkt\/grosse-bruyere-billardpfeife-mit-meerschaum-einsatz\/\" \/>\n<meta property=\"og:locale\" content=\"es_ES\" \/>\n<meta property=\"og:type\" content=\"article\" \/>\n<meta property=\"og:title\" content=\"Gro\u00dfe Bruy\u00e8re-Billardpfeife mit Meerschaum-Einsatz\" \/>\n<meta property=\"og:description\" content=\"3MM Tabakkanal, flaches Einsteckdesign 3MM Tabakkanal, handgeschliffen ohne CNC-Maschinen. Die Bohrung ist tief und der Schliff des Kanals ist sehr\" \/>\n<meta property=\"og:url\" content=\"https:\/\/pfeifenundzigarren.de\/es\/Produkt\/grosse-bruyere-billardpfeife-mit-meerschaum-einsatz\/\" \/>\n<meta property=\"og:site_name\" content=\"Der beste Onlineshop f\u00fcr Pfeifen und Zigarrenzubeh\u00f6r in Deutschland\" \/>\n<meta property=\"article:modified_time\" content=\"2026-02-12T06:13:00+00:00\" \/>\n<meta property=\"og:image\" content=\"https:\/\/pfeifenundzigarren.de\/wp-content\/uploads\/2024\/09\/c879c858-715a-4337-9183-79cf20e275ca.png\" \/>\n\t<meta property=\"og:image:width\" content=\"800\" \/>\n\t<meta property=\"og:image:height\" content=\"800\" \/>\n\t<meta property=\"og:image:type\" content=\"image\/png\" \/>\n<meta name=\"twitter:card\" content=\"summary_large_image\" \/>\n<meta name=\"twitter:label1\" content=\"Tiempo de lectura\" \/>\n\t<meta name=\"twitter:data1\" content=\"2 minutos\" \/>\n<script type=\"application\/ld+json\" class=\"yoast-schema-graph\">{\"@context\":\"https:\\\/\\\/schema.org\",\"@graph\":[{\"@type\":\"WebPage\",\"@id\":\"https:\\\/\\\/pfeifenundzigarren.de\\\/es\\\/Produkt\\\/grosse-bruyere-billardpfeife-mit-meerschaum-einsatz\\\/\",\"url\":\"https:\\\/\\\/pfeifenundzigarren.de\\\/es\\\/Produkt\\\/grosse-bruyere-billardpfeife-mit-meerschaum-einsatz\\\/\",\"name\":\"Gro\u00dfe Bruy\u00e8re-Billardpfeife mit Meerschaum-Einsatz - Der beste Onlineshop f\u00fcr Pfeifen und Zigarrenzubeh\u00f6r in Deutschland\",\"isPartOf\":{\"@id\":\"https:\\\/\\\/lime-nightingale-562313.hostingersite.com\\\/#website\"},\"primaryImageOfPage\":{\"@id\":\"https:\\\/\\\/pfeifenundzigarren.de\\\/es\\\/Produkt\\\/grosse-bruyere-billardpfeife-mit-meerschaum-einsatz\\\/#primaryimage\"},\"image\":{\"@id\":\"https:\\\/\\\/pfeifenundzigarren.de\\\/es\\\/Produkt\\\/grosse-bruyere-billardpfeife-mit-meerschaum-einsatz\\\/#primaryimage\"},\"thumbnailUrl\":\"https:\\\/\\\/pfeifenundzigarren.de\\\/wp-content\\\/uploads\\\/2024\\\/09\\\/c879c858-715a-4337-9183-79cf20e275ca.png\",\"datePublished\":\"2024-09-24T02:03:59+00:00\",\"dateModified\":\"2026-02-12T06:13:00+00:00\",\"breadcrumb\":{\"@id\":\"https:\\\/\\\/pfeifenundzigarren.de\\\/es\\\/Produkt\\\/grosse-bruyere-billardpfeife-mit-meerschaum-einsatz\\\/#breadcrumb\"},\"inLanguage\":\"es\",\"potentialAction\":[{\"@type\":\"ReadAction\",\"target\":[\"https:\\\/\\\/pfeifenundzigarren.de\\\/es\\\/Produkt\\\/grosse-bruyere-billardpfeife-mit-meerschaum-einsatz\\\/\"]}]},{\"@type\":\"ImageObject\",\"inLanguage\":\"es\",\"@id\":\"https:\\\/\\\/pfeifenundzigarren.de\\\/es\\\/Produkt\\\/grosse-bruyere-billardpfeife-mit-meerschaum-einsatz\\\/#primaryimage\",\"url\":\"https:\\\/\\\/pfeifenundzigarren.de\\\/wp-content\\\/uploads\\\/2024\\\/09\\\/c879c858-715a-4337-9183-79cf20e275ca.png\",\"contentUrl\":\"https:\\\/\\\/pfeifenundzigarren.de\\\/wp-content\\\/uploads\\\/2024\\\/09\\\/c879c858-715a-4337-9183-79cf20e275ca.png\",\"width\":800,\"height\":800,\"caption\":\"Gro\u00dfe Bruy\u00e8re-Billardpfeife mit Meerschaum-Einsatz\"},{\"@type\":\"BreadcrumbList\",\"@id\":\"https:\\\/\\\/pfeifenundzigarren.de\\\/es\\\/Produkt\\\/grosse-bruyere-billardpfeife-mit-meerschaum-einsatz\\\/#breadcrumb\",\"itemListElement\":[{\"@type\":\"ListItem\",\"position\":1,\"name\":\"Home\",\"item\":\"https:\\\/\\\/lime-nightingale-562313.hostingersite.com\\\/\"},{\"@type\":\"ListItem\",\"position\":2,\"name\":\"Shop\",\"item\":\"https:\\\/\\\/lime-nightingale-562313.hostingersite.com\\\/shop\\\/\"},{\"@type\":\"ListItem\",\"position\":3,\"name\":\"Gro\u00dfe Bruy\u00e8re-Billardpfeife mit Meerschaum-Einsatz\"}]},{\"@type\":\"WebSite\",\"@id\":\"https:\\\/\\\/lime-nightingale-562313.hostingersite.com\\\/#website\",\"url\":\"https:\\\/\\\/lime-nightingale-562313.hostingersite.com\\\/\",\"name\":\"Der beste Onlineshop f\u00fcr Pfeifen und Zigarrenzubeh\u00f6r in Deutschland\",\"description\":\"\",\"publisher\":{\"@id\":\"https:\\\/\\\/lime-nightingale-562313.hostingersite.com\\\/#organization\"},\"potentialAction\":[{\"@type\":\"SearchAction\",\"target\":{\"@type\":\"EntryPoint\",\"urlTemplate\":\"https:\\\/\\\/lime-nightingale-562313.hostingersite.com\\\/?s={search_term_string}\"},\"query-input\":{\"@type\":\"PropertyValueSpecification\",\"valueRequired\":true,\"valueName\":\"search_term_string\"}}],\"inLanguage\":\"es\"},{\"@type\":\"Organization\",\"@id\":\"https:\\\/\\\/lime-nightingale-562313.hostingersite.com\\\/#organization\",\"name\":\"Der beste Onlineshop f\u00fcr Pfeifen und Zigarrenzubeh\u00f6r in Deutschland\",\"url\":\"https:\\\/\\\/lime-nightingale-562313.hostingersite.com\\\/\",\"logo\":{\"@type\":\"ImageObject\",\"inLanguage\":\"es\",\"@id\":\"https:\\\/\\\/lime-nightingale-562313.hostingersite.com\\\/#\\\/schema\\\/logo\\\/image\\\/\",\"url\":\"https:\\\/\\\/pfeifenundzigarren.de\\\/wp-content\\\/uploads\\\/2024\\\/09\\\/cropped-Luxury-and-Vintage-Ornamental-Coffee-Shop-Logo.png\",\"contentUrl\":\"https:\\\/\\\/pfeifenundzigarren.de\\\/wp-content\\\/uploads\\\/2024\\\/09\\\/cropped-Luxury-and-Vintage-Ornamental-Coffee-Shop-Logo.png\",\"width\":512,\"height\":512,\"caption\":\"Der beste Onlineshop f\u00fcr Pfeifen und Zigarrenzubeh\u00f6r in Deutschland\"},\"image\":{\"@id\":\"https:\\\/\\\/lime-nightingale-562313.hostingersite.com\\\/#\\\/schema\\\/logo\\\/image\\\/\"}}]}<\/script>\n<!-- \/ Yoast SEO Premium plugin. -->","yoast_head_json":{"title":"Gro\u00dfe Bruy\u00e8re-Billardpfeife mit Meerschaum-Einsatz - Der beste Onlineshop f\u00fcr Pfeifen und Zigarrenzubeh\u00f6r in Deutschland","robots":{"index":"index","follow":"follow","max-snippet":"max-snippet:-1","max-image-preview":"max-image-preview:large","max-video-preview":"max-video-preview:-1"},"canonical":"https:\/\/pfeifenundzigarren.de\/es\/Produkt\/grosse-bruyere-billardpfeife-mit-meerschaum-einsatz\/","og_locale":"es_ES","og_type":"article","og_title":"Gro\u00dfe Bruy\u00e8re-Billardpfeife mit Meerschaum-Einsatz","og_description":"3MM Tabakkanal, flaches Einsteckdesign 3MM Tabakkanal, handgeschliffen ohne CNC-Maschinen. Die Bohrung ist tief und der Schliff des Kanals ist sehr","og_url":"https:\/\/pfeifenundzigarren.de\/es\/Produkt\/grosse-bruyere-billardpfeife-mit-meerschaum-einsatz\/","og_site_name":"Der beste Onlineshop f\u00fcr Pfeifen und Zigarrenzubeh\u00f6r in Deutschland","article_modified_time":"2026-02-12T06:13:00+00:00","og_image":[{"width":800,"height":800,"url":"https:\/\/pfeifenundzigarren.de\/wp-content\/uploads\/2024\/09\/c879c858-715a-4337-9183-79cf20e275ca.png","type":"image\/png"}],"twitter_card":"summary_large_image","twitter_misc":{"Tiempo de lectura":"2 minutos"},"schema":{"@context":"https:\/\/schema.org","@graph":[{"@type":"WebPage","@id":"https:\/\/pfeifenundzigarren.de\/es\/Produkt\/grosse-bruyere-billardpfeife-mit-meerschaum-einsatz\/","url":"https:\/\/pfeifenundzigarren.de\/es\/Produkt\/grosse-bruyere-billardpfeife-mit-meerschaum-einsatz\/","name":"Gro\u00dfe Bruy\u00e8re-Billardpfeife mit Meerschaum-Einsatz - Der beste Onlineshop f\u00fcr Pfeifen und Zigarrenzubeh\u00f6r in Deutschland","isPartOf":{"@id":"https:\/\/lime-nightingale-562313.hostingersite.com\/#website"},"primaryImageOfPage":{"@id":"https:\/\/pfeifenundzigarren.de\/es\/Produkt\/grosse-bruyere-billardpfeife-mit-meerschaum-einsatz\/#primaryimage"},"image":{"@id":"https:\/\/pfeifenundzigarren.de\/es\/Produkt\/grosse-bruyere-billardpfeife-mit-meerschaum-einsatz\/#primaryimage"},"thumbnailUrl":"https:\/\/pfeifenundzigarren.de\/wp-content\/uploads\/2024\/09\/c879c858-715a-4337-9183-79cf20e275ca.png","datePublished":"2024-09-24T02:03:59+00:00","dateModified":"2026-02-12T06:13:00+00:00","breadcrumb":{"@id":"https:\/\/pfeifenundzigarren.de\/es\/Produkt\/grosse-bruyere-billardpfeife-mit-meerschaum-einsatz\/#breadcrumb"},"inLanguage":"es","potentialAction":[{"@type":"ReadAction","target":["https:\/\/pfeifenundzigarren.de\/es\/Produkt\/grosse-bruyere-billardpfeife-mit-meerschaum-einsatz\/"]}]},{"@type":"ImageObject","inLanguage":"es","@id":"https:\/\/pfeifenundzigarren.de\/es\/Produkt\/grosse-bruyere-billardpfeife-mit-meerschaum-einsatz\/#primaryimage","url":"https:\/\/pfeifenundzigarren.de\/wp-content\/uploads\/2024\/09\/c879c858-715a-4337-9183-79cf20e275ca.png","contentUrl":"https:\/\/pfeifenundzigarren.de\/wp-content\/uploads\/2024\/09\/c879c858-715a-4337-9183-79cf20e275ca.png","width":800,"height":800,"caption":"Gro\u00dfe Bruy\u00e8re-Billardpfeife mit Meerschaum-Einsatz"},{"@type":"BreadcrumbList","@id":"https:\/\/pfeifenundzigarren.de\/es\/Produkt\/grosse-bruyere-billardpfeife-mit-meerschaum-einsatz\/#breadcrumb","itemListElement":[{"@type":"ListItem","position":1,"name":"Home","item":"https:\/\/lime-nightingale-562313.hostingersite.com\/"},{"@type":"ListItem","position":2,"name":"Shop","item":"https:\/\/lime-nightingale-562313.hostingersite.com\/shop\/"},{"@type":"ListItem","position":3,"name":"Gro\u00dfe Bruy\u00e8re-Billardpfeife mit Meerschaum-Einsatz"}]},{"@type":"WebSite","@id":"https:\/\/lime-nightingale-562313.hostingersite.com\/#website","url":"https:\/\/lime-nightingale-562313.hostingersite.com\/","name":"La mejor tienda en l\u00ednea de pipas y accesorios para puros de Alemania","description":"","publisher":{"@id":"https:\/\/lime-nightingale-562313.hostingersite.com\/#organization"},"potentialAction":[{"@type":"SearchAction","target":{"@type":"EntryPoint","urlTemplate":"https:\/\/lime-nightingale-562313.hostingersite.com\/?s={search_term_string}"},"query-input":{"@type":"PropertyValueSpecification","valueRequired":true,"valueName":"search_term_string"}}],"inLanguage":"es"},{"@type":"Organization","@id":"https:\/\/lime-nightingale-562313.hostingersite.com\/#organization","name":"La mejor tienda en l\u00ednea de pipas y accesorios para puros de Alemania","url":"https:\/\/lime-nightingale-562313.hostingersite.com\/","logo":{"@type":"ImageObject","inLanguage":"es","@id":"https:\/\/lime-nightingale-562313.hostingersite.com\/#\/schema\/logo\/image\/","url":"https:\/\/pfeifenundzigarren.de\/wp-content\/uploads\/2024\/09\/cropped-Luxury-and-Vintage-Ornamental-Coffee-Shop-Logo.png","contentUrl":"https:\/\/pfeifenundzigarren.de\/wp-content\/uploads\/2024\/09\/cropped-Luxury-and-Vintage-Ornamental-Coffee-Shop-Logo.png","width":512,"height":512,"caption":"Der beste Onlineshop f\u00fcr Pfeifen und Zigarrenzubeh\u00f6r in Deutschland"},"image":{"@id":"https:\/\/lime-nightingale-562313.hostingersite.com\/#\/schema\/logo\/image\/"}}]}},"_links":{"self":[{"href":"https:\/\/pfeifenundzigarren.de\/es\/wp-json\/wp\/v2\/product\/4110","targetHints":{"allow":["GET"]}}],"collection":[{"href":"https:\/\/pfeifenundzigarren.de\/es\/wp-json\/wp\/v2\/product"}],"about":[{"href":"https:\/\/pfeifenundzigarren.de\/es\/wp-json\/wp\/v2\/types\/product"}],"replies":[{"embeddable":true,"href":"https:\/\/pfeifenundzigarren.de\/es\/wp-json\/wp\/v2\/comments?post=4110"}],"version-history":[{"count":2,"href":"https:\/\/pfeifenundzigarren.de\/es\/wp-json\/wp\/v2\/product\/4110\/revisions"}],"predecessor-version":[{"id":10979,"href":"https:\/\/pfeifenundzigarren.de\/es\/wp-json\/wp\/v2\/product\/4110\/revisions\/10979"}],"wp:featuredmedia":[{"embeddable":true,"href":"https:\/\/pfeifenundzigarren.de\/es\/wp-json\/wp\/v2\/media\/4111"}],"wp:attachment":[{"href":"https:\/\/pfeifenundzigarren.de\/es\/wp-json\/wp\/v2\/media?parent=4110"}],"wp:term":[{"taxonomy":"product_brand","embeddable":true,"href":"https:\/\/pfeifenundzigarren.de\/es\/wp-json\/wp\/v2\/product_brand?post=4110"},{"taxonomy":"product_cat","embeddable":true,"href":"https:\/\/pfeifenundzigarren.de\/es\/wp-json\/wp\/v2\/product_cat?post=4110"},{"taxonomy":"product_tag","embeddable":true,"href":"https:\/\/pfeifenundzigarren.de\/es\/wp-json\/wp\/v2\/product_tag?post=4110"}],"curies":[{"name":"wp","href":"https:\/\/api.w.org\/{rel}","templated":true}]}}