{"id":3855,"date":"2024-09-23T02:16:06","date_gmt":"2024-09-23T00:16:06","guid":{"rendered":"https:\/\/pfeifenundzigarren.de\/?post_type=product&#038;p=3855"},"modified":"2025-07-29T03:53:39","modified_gmt":"2025-07-29T01:53:39","slug":"handgeschnitzte-briarholz-rosenpfeife-mit-langem-schaft","status":"publish","type":"product","link":"https:\/\/pfeifenundzigarren.de\/es\/Produkt\/handgeschnitzte-briarholz-rosenpfeife-mit-langem-schaft\/","title":{"rendered":"Pipa rosa de madera de brezo tallada a mano con ca\u00f1a larga"},"content":{"rendered":"<p><iframe title=\"MUXIANG Pipa tallada a mano de tallo largo en madera de brezo y rosa 1TP5Hecha a mano #allado en madera #odo bien #allado a mano\" width=\"500\" height=\"281\" src=\"https:\/\/www.youtube.com\/embed\/M_MhGCT7VEw?feature=oembed\" frameborder=\"0\" allow=\"accelerometer; autoplay; clipboard-write; encrypted-media; gyroscope; picture-in-picture; web-share\" referrerpolicy=\"strict-origin-when-cross-origin\" allowfullscreen><\/iframe><\/p>\n<ul>\n<li>Forma: Preciosa pipa de flor<br \/>\nN\u00famero de modelo: kah0006w3w1k<br \/>\nMaterial: madera, brezo<br \/>\nMaterial de la boquilla: Cumberland<br \/>\nRecto<br \/>\nTaladro: 3 mm<br \/>\nSoporte militar para boquilla de pipa<\/li>\n<\/ul>\n<p>El cuerpo de nuestro <strong>pipa rosa tallada a mano<\/strong> est\u00e1 fabricada con madera de brezo de alta calidad. Durante el proceso de fabricaci\u00f3n, nuestro maestro pipero Maximilian von <a href=\"https:\/\/pfeifenundzigarren.de\/es\/\">pipasycigarros<\/a> En primer lugar, elimine el exceso de madera con una escofina gruesa y trace el contorno b\u00e1sico de la cabeza, incluido el volumen total de la rosa y la distribuci\u00f3n aproximada de los p\u00e9talos.<\/p>\n<p>A continuaci\u00f3n, Maximilian utiliza un papel de lija fino para tallar lentamente la estructura tridimensional de los p\u00e9talos. El grosor, el \u00e1ngulo y la curvatura de cada capa de p\u00e9talos deben controlarse con precisi\u00f3n, lo que supone un reto especial para las habilidades de tallado de Maximilian.<\/p>\n<p>Una vez que los p\u00e9talos est\u00e1n esencialmente moldeados, Maximilian pule la superficie con papel de lija de diferentes granos (por ejemplo, de 120 a 600 mallas) para que quede lisa, preservando al mismo tiempo la textura natural de la madera de brezo. Este tipo de pulido no s\u00f3lo embellece la superficie, sino que tambi\u00e9n reduce la aspereza que se produce al fumar, garantizando as\u00ed un tacto agradable.<\/p>\n<p>En combinaci\u00f3n con el mango largo (aprox. 15-20 cm de longitud), el humo se enfr\u00eda de forma natural al fumarlo y la temperatura se reduce entre 10 y 20 \u00b0C, lo que evita que se muerda la lengua.<\/p>","protected":false},"excerpt":{"rendered":"<p>Forma: Hermosa pipa de flor N\u00famero de modelo: kah0006w3w1k Material: Madera, brezo Material de la boquilla: Cumberland Agujero recto: 3 mm Soporte de boquilla de pipa militar El cuerpo de nuestro tallado a mano<\/p>","protected":false},"featured_media":3895,"comment_status":"closed","ping_status":"closed","template":"","meta":[],"product_brand":[],"product_cat":[75],"product_tag":[],"class_list":{"0":"post-3855","1":"product","2":"type-product","3":"status-publish","4":"has-post-thumbnail","6":"product_cat-holz-pfeife","8":"first","9":"instock","10":"sale","11":"shipping-taxable","12":"purchasable","13":"product-type-simple"},"yoast_head":"<!-- This site is optimized with the Yoast SEO Premium plugin v26.7 (Yoast SEO v27.4) - https:\/\/yoast.com\/product\/yoast-seo-premium-wordpress\/ -->\n<title>Handgeschnitzte Briarholz-Rosenpfeife mit langem Schaft - Der beste Onlineshop f\u00fcr Pfeifen und Zigarrenzubeh\u00f6r in Deutschland<\/title>\n<meta name=\"robots\" content=\"index, follow, max-snippet:-1, max-image-preview:large, max-video-preview:-1\" \/>\n<link rel=\"canonical\" href=\"https:\/\/pfeifenundzigarren.de\/es\/Produkt\/handgeschnitzte-briarholz-rosenpfeife-mit-langem-schaft\/\" \/>\n<meta property=\"og:locale\" content=\"es_ES\" \/>\n<meta property=\"og:type\" content=\"article\" \/>\n<meta property=\"og:title\" content=\"Handgeschnitzte Briarholz-Rosenpfeife mit langem Schaft\" \/>\n<meta property=\"og:description\" content=\"Form: Sch\u00f6ne Blumenpfeife Modellnummer: kah0006w3w1k Material: Holz, Bruy\u00e8re Mundst\u00fcckmaterial: Cumberland Gerade Bohrung: 3 mm Milit\u00e4rische Pfeifenmundst\u00fcckhalterung Der Korpus unserer handgeschnitzten\" \/>\n<meta property=\"og:url\" content=\"https:\/\/pfeifenundzigarren.de\/es\/Produkt\/handgeschnitzte-briarholz-rosenpfeife-mit-langem-schaft\/\" \/>\n<meta property=\"og:site_name\" content=\"Der beste Onlineshop f\u00fcr Pfeifen und Zigarrenzubeh\u00f6r in Deutschland\" \/>\n<meta property=\"article:modified_time\" content=\"2025-07-29T01:53:39+00:00\" \/>\n<meta property=\"og:image\" content=\"https:\/\/pfeifenundzigarren.de\/wp-content\/uploads\/2024\/09\/DSC1167-\u62f7\u8d1d.png\" \/>\n\t<meta property=\"og:image:width\" content=\"800\" \/>\n\t<meta property=\"og:image:height\" content=\"800\" \/>\n\t<meta property=\"og:image:type\" content=\"image\/png\" \/>\n<meta name=\"twitter:card\" content=\"summary_large_image\" \/>\n<meta name=\"twitter:label1\" content=\"Tiempo de lectura\" \/>\n\t<meta name=\"twitter:data1\" content=\"1 minuto\" \/>\n<script type=\"application\/ld+json\" class=\"yoast-schema-graph\">{\"@context\":\"https:\\\/\\\/schema.org\",\"@graph\":[{\"@type\":\"WebPage\",\"@id\":\"https:\\\/\\\/pfeifenundzigarren.de\\\/Produkt\\\/handgeschnitzte-briarholz-rosenpfeife-mit-langem-schaft\\\/\",\"url\":\"https:\\\/\\\/pfeifenundzigarren.de\\\/Produkt\\\/handgeschnitzte-briarholz-rosenpfeife-mit-langem-schaft\\\/\",\"name\":\"Handgeschnitzte Briarholz-Rosenpfeife mit langem Schaft - Der beste Onlineshop f\u00fcr Pfeifen und Zigarrenzubeh\u00f6r in Deutschland\",\"isPartOf\":{\"@id\":\"https:\\\/\\\/pfeifenundzigarren.de\\\/#website\"},\"primaryImageOfPage\":{\"@id\":\"https:\\\/\\\/pfeifenundzigarren.de\\\/Produkt\\\/handgeschnitzte-briarholz-rosenpfeife-mit-langem-schaft\\\/#primaryimage\"},\"image\":{\"@id\":\"https:\\\/\\\/pfeifenundzigarren.de\\\/Produkt\\\/handgeschnitzte-briarholz-rosenpfeife-mit-langem-schaft\\\/#primaryimage\"},\"thumbnailUrl\":\"https:\\\/\\\/pfeifenundzigarren.de\\\/wp-content\\\/uploads\\\/2024\\\/09\\\/DSC1167-\u62f7\u8d1d.png\",\"datePublished\":\"2024-09-23T00:16:06+00:00\",\"dateModified\":\"2025-07-29T01:53:39+00:00\",\"breadcrumb\":{\"@id\":\"https:\\\/\\\/pfeifenundzigarren.de\\\/Produkt\\\/handgeschnitzte-briarholz-rosenpfeife-mit-langem-schaft\\\/#breadcrumb\"},\"inLanguage\":\"es\",\"potentialAction\":[{\"@type\":\"ReadAction\",\"target\":[\"https:\\\/\\\/pfeifenundzigarren.de\\\/Produkt\\\/handgeschnitzte-briarholz-rosenpfeife-mit-langem-schaft\\\/\"]}]},{\"@type\":\"ImageObject\",\"inLanguage\":\"es\",\"@id\":\"https:\\\/\\\/pfeifenundzigarren.de\\\/Produkt\\\/handgeschnitzte-briarholz-rosenpfeife-mit-langem-schaft\\\/#primaryimage\",\"url\":\"https:\\\/\\\/pfeifenundzigarren.de\\\/wp-content\\\/uploads\\\/2024\\\/09\\\/DSC1167-\u62f7\u8d1d.png\",\"contentUrl\":\"https:\\\/\\\/pfeifenundzigarren.de\\\/wp-content\\\/uploads\\\/2024\\\/09\\\/DSC1167-\u62f7\u8d1d.png\",\"width\":800,\"height\":800},{\"@type\":\"BreadcrumbList\",\"@id\":\"https:\\\/\\\/pfeifenundzigarren.de\\\/Produkt\\\/handgeschnitzte-briarholz-rosenpfeife-mit-langem-schaft\\\/#breadcrumb\",\"itemListElement\":[{\"@type\":\"ListItem\",\"position\":1,\"name\":\"Home\",\"item\":\"https:\\\/\\\/pfeifenundzigarren.de\\\/\"},{\"@type\":\"ListItem\",\"position\":2,\"name\":\"Shop\",\"item\":\"https:\\\/\\\/pfeifenundzigarren.de\\\/shop\\\/\"},{\"@type\":\"ListItem\",\"position\":3,\"name\":\"Handgeschnitzte Briarholz-Rosenpfeife mit langem Schaft\"}]},{\"@type\":\"WebSite\",\"@id\":\"https:\\\/\\\/pfeifenundzigarren.de\\\/#website\",\"url\":\"https:\\\/\\\/pfeifenundzigarren.de\\\/\",\"name\":\"Der beste Onlineshop f\u00fcr Pfeifen und Zigarrenzubeh\u00f6r in Deutschland\",\"description\":\"\",\"publisher\":{\"@id\":\"https:\\\/\\\/pfeifenundzigarren.de\\\/#organization\"},\"potentialAction\":[{\"@type\":\"SearchAction\",\"target\":{\"@type\":\"EntryPoint\",\"urlTemplate\":\"https:\\\/\\\/pfeifenundzigarren.de\\\/?s={search_term_string}\"},\"query-input\":{\"@type\":\"PropertyValueSpecification\",\"valueRequired\":true,\"valueName\":\"search_term_string\"}}],\"inLanguage\":\"es\"},{\"@type\":\"Organization\",\"@id\":\"https:\\\/\\\/pfeifenundzigarren.de\\\/#organization\",\"name\":\"Der beste Onlineshop f\u00fcr Pfeifen und Zigarrenzubeh\u00f6r in Deutschland\",\"url\":\"https:\\\/\\\/pfeifenundzigarren.de\\\/\",\"logo\":{\"@type\":\"ImageObject\",\"inLanguage\":\"es\",\"@id\":\"https:\\\/\\\/pfeifenundzigarren.de\\\/#\\\/schema\\\/logo\\\/image\\\/\",\"url\":\"https:\\\/\\\/pfeifenundzigarren.de\\\/wp-content\\\/uploads\\\/2024\\\/09\\\/cropped-Luxury-and-Vintage-Ornamental-Coffee-Shop-Logo.png\",\"contentUrl\":\"https:\\\/\\\/pfeifenundzigarren.de\\\/wp-content\\\/uploads\\\/2024\\\/09\\\/cropped-Luxury-and-Vintage-Ornamental-Coffee-Shop-Logo.png\",\"width\":512,\"height\":512,\"caption\":\"Der beste Onlineshop f\u00fcr Pfeifen und Zigarrenzubeh\u00f6r in Deutschland\"},\"image\":{\"@id\":\"https:\\\/\\\/pfeifenundzigarren.de\\\/#\\\/schema\\\/logo\\\/image\\\/\"}}]}<\/script>\n<!-- \/ Yoast SEO Premium plugin. -->","yoast_head_json":{"title":"Handgeschnitzte Briarholz-Rosenpfeife mit langem Schaft - Der beste Onlineshop f\u00fcr Pfeifen und Zigarrenzubeh\u00f6r in Deutschland","robots":{"index":"index","follow":"follow","max-snippet":"max-snippet:-1","max-image-preview":"max-image-preview:large","max-video-preview":"max-video-preview:-1"},"canonical":"https:\/\/pfeifenundzigarren.de\/es\/Produkt\/handgeschnitzte-briarholz-rosenpfeife-mit-langem-schaft\/","og_locale":"es_ES","og_type":"article","og_title":"Handgeschnitzte Briarholz-Rosenpfeife mit langem Schaft","og_description":"Form: Sch\u00f6ne Blumenpfeife Modellnummer: kah0006w3w1k Material: Holz, Bruy\u00e8re Mundst\u00fcckmaterial: Cumberland Gerade Bohrung: 3 mm Milit\u00e4rische Pfeifenmundst\u00fcckhalterung Der Korpus unserer handgeschnitzten","og_url":"https:\/\/pfeifenundzigarren.de\/es\/Produkt\/handgeschnitzte-briarholz-rosenpfeife-mit-langem-schaft\/","og_site_name":"Der beste Onlineshop f\u00fcr Pfeifen und Zigarrenzubeh\u00f6r in Deutschland","article_modified_time":"2025-07-29T01:53:39+00:00","og_image":[{"width":800,"height":800,"url":"https:\/\/pfeifenundzigarren.de\/wp-content\/uploads\/2024\/09\/DSC1167-\u62f7\u8d1d.png","type":"image\/png"}],"twitter_card":"summary_large_image","twitter_misc":{"Tiempo de lectura":"1 minuto"},"schema":{"@context":"https:\/\/schema.org","@graph":[{"@type":"WebPage","@id":"https:\/\/pfeifenundzigarren.de\/Produkt\/handgeschnitzte-briarholz-rosenpfeife-mit-langem-schaft\/","url":"https:\/\/pfeifenundzigarren.de\/Produkt\/handgeschnitzte-briarholz-rosenpfeife-mit-langem-schaft\/","name":"Handgeschnitzte Briarholz-Rosenpfeife mit langem Schaft - Der beste Onlineshop f\u00fcr Pfeifen und Zigarrenzubeh\u00f6r in Deutschland","isPartOf":{"@id":"https:\/\/pfeifenundzigarren.de\/#website"},"primaryImageOfPage":{"@id":"https:\/\/pfeifenundzigarren.de\/Produkt\/handgeschnitzte-briarholz-rosenpfeife-mit-langem-schaft\/#primaryimage"},"image":{"@id":"https:\/\/pfeifenundzigarren.de\/Produkt\/handgeschnitzte-briarholz-rosenpfeife-mit-langem-schaft\/#primaryimage"},"thumbnailUrl":"https:\/\/pfeifenundzigarren.de\/wp-content\/uploads\/2024\/09\/DSC1167-\u62f7\u8d1d.png","datePublished":"2024-09-23T00:16:06+00:00","dateModified":"2025-07-29T01:53:39+00:00","breadcrumb":{"@id":"https:\/\/pfeifenundzigarren.de\/Produkt\/handgeschnitzte-briarholz-rosenpfeife-mit-langem-schaft\/#breadcrumb"},"inLanguage":"es","potentialAction":[{"@type":"ReadAction","target":["https:\/\/pfeifenundzigarren.de\/Produkt\/handgeschnitzte-briarholz-rosenpfeife-mit-langem-schaft\/"]}]},{"@type":"ImageObject","inLanguage":"es","@id":"https:\/\/pfeifenundzigarren.de\/Produkt\/handgeschnitzte-briarholz-rosenpfeife-mit-langem-schaft\/#primaryimage","url":"https:\/\/pfeifenundzigarren.de\/wp-content\/uploads\/2024\/09\/DSC1167-\u62f7\u8d1d.png","contentUrl":"https:\/\/pfeifenundzigarren.de\/wp-content\/uploads\/2024\/09\/DSC1167-\u62f7\u8d1d.png","width":800,"height":800},{"@type":"BreadcrumbList","@id":"https:\/\/pfeifenundzigarren.de\/Produkt\/handgeschnitzte-briarholz-rosenpfeife-mit-langem-schaft\/#breadcrumb","itemListElement":[{"@type":"ListItem","position":1,"name":"Home","item":"https:\/\/pfeifenundzigarren.de\/"},{"@type":"ListItem","position":2,"name":"Shop","item":"https:\/\/pfeifenundzigarren.de\/shop\/"},{"@type":"ListItem","position":3,"name":"Handgeschnitzte Briarholz-Rosenpfeife mit langem Schaft"}]},{"@type":"WebSite","@id":"https:\/\/pfeifenundzigarren.de\/#website","url":"https:\/\/pfeifenundzigarren.de\/","name":"La mejor tienda en l\u00ednea de pipas y accesorios para puros de Alemania","description":"","publisher":{"@id":"https:\/\/pfeifenundzigarren.de\/#organization"},"potentialAction":[{"@type":"SearchAction","target":{"@type":"EntryPoint","urlTemplate":"https:\/\/pfeifenundzigarren.de\/?s={search_term_string}"},"query-input":{"@type":"PropertyValueSpecification","valueRequired":true,"valueName":"search_term_string"}}],"inLanguage":"es"},{"@type":"Organization","@id":"https:\/\/pfeifenundzigarren.de\/#organization","name":"La mejor tienda en l\u00ednea de pipas y accesorios para puros de Alemania","url":"https:\/\/pfeifenundzigarren.de\/","logo":{"@type":"ImageObject","inLanguage":"es","@id":"https:\/\/pfeifenundzigarren.de\/#\/schema\/logo\/image\/","url":"https:\/\/pfeifenundzigarren.de\/wp-content\/uploads\/2024\/09\/cropped-Luxury-and-Vintage-Ornamental-Coffee-Shop-Logo.png","contentUrl":"https:\/\/pfeifenundzigarren.de\/wp-content\/uploads\/2024\/09\/cropped-Luxury-and-Vintage-Ornamental-Coffee-Shop-Logo.png","width":512,"height":512,"caption":"Der beste Onlineshop f\u00fcr Pfeifen und Zigarrenzubeh\u00f6r in Deutschland"},"image":{"@id":"https:\/\/pfeifenundzigarren.de\/#\/schema\/logo\/image\/"}}]}},"_links":{"self":[{"href":"https:\/\/pfeifenundzigarren.de\/es\/wp-json\/wp\/v2\/product\/3855","targetHints":{"allow":["GET"]}}],"collection":[{"href":"https:\/\/pfeifenundzigarren.de\/es\/wp-json\/wp\/v2\/product"}],"about":[{"href":"https:\/\/pfeifenundzigarren.de\/es\/wp-json\/wp\/v2\/types\/product"}],"replies":[{"embeddable":true,"href":"https:\/\/pfeifenundzigarren.de\/es\/wp-json\/wp\/v2\/comments?post=3855"}],"version-history":[{"count":0,"href":"https:\/\/pfeifenundzigarren.de\/es\/wp-json\/wp\/v2\/product\/3855\/revisions"}],"wp:featuredmedia":[{"embeddable":true,"href":"https:\/\/pfeifenundzigarren.de\/es\/wp-json\/wp\/v2\/media\/3895"}],"wp:attachment":[{"href":"https:\/\/pfeifenundzigarren.de\/es\/wp-json\/wp\/v2\/media?parent=3855"}],"wp:term":[{"taxonomy":"product_brand","embeddable":true,"href":"https:\/\/pfeifenundzigarren.de\/es\/wp-json\/wp\/v2\/product_brand?post=3855"},{"taxonomy":"product_cat","embeddable":true,"href":"https:\/\/pfeifenundzigarren.de\/es\/wp-json\/wp\/v2\/product_cat?post=3855"},{"taxonomy":"product_tag","embeddable":true,"href":"https:\/\/pfeifenundzigarren.de\/es\/wp-json\/wp\/v2\/product_tag?post=3855"}],"curies":[{"name":"wp","href":"https:\/\/api.w.org\/{rel}","templated":true}]}}