{"id":3853,"date":"2024-09-23T02:16:06","date_gmt":"2024-09-23T00:16:06","guid":{"rendered":"https:\/\/pfeifenundzigarren.de\/?post_type=product&#038;p=3853"},"modified":"2024-09-24T14:18:08","modified_gmt":"2024-09-24T12:18:08","slug":"grosse-kammer-briarholz-ganoderma-lucidum-typ-raucherpiefe-mit-cumberland-mundstueck","status":"publish","type":"product","link":"https:\/\/pfeifenundzigarren.de\/es\/Produkt\/grosse-kammer-briarholz-ganoderma-lucidum-typ-raucherpiefe-mit-cumberland-mundstueck\/","title":{"rendered":"Pipa de fumar de gran c\u00e1mara de madera de brezo tipo Ganoderma lucidum con boquilla Cumberland"},"content":{"rendered":"<p><iframe title=\"MUXIANG Pipa de fumar de gran c\u00e1mara de brezo tipo Ganoderma Lucidum con boquilla de Cumberland1TP5Hecha a mano\" width=\"500\" height=\"281\" src=\"https:\/\/www.youtube.com\/embed\/b_p0tsGUbOg?feature=oembed\" frameborder=\"0\" allow=\"accelerometer; autoplay; clipboard-write; encrypted-media; gyroscope; picture-in-picture; web-share\" referrerpolicy=\"strict-origin-when-cross-origin\" allowfullscreen><\/iframe><\/p>\n<p>Forma: Pipa de Ganoderma lucidum<br \/>\nN\u00famero de modelo: Fa50463<br \/>\nMaterial: madera, brezo<br \/>\nMaterial de la boquilla: Cumberland<br \/>\nCurva<br \/>\nTaladro: filtro de 3 mm<br \/>\nSoporte militar para boquilla de pipa<\/p>","protected":false},"excerpt":{"rendered":"<p>Forma: Pipa de Ganoderma lucidum N\u00famero de modelo: Fa50463 Material: Madera, brezo Material de la boquilla: Cumberland Curva Agujero: 3 mm filtro Soporte de boquilla de pipa militar<\/p>","protected":false},"featured_media":2792,"comment_status":"closed","ping_status":"closed","template":"","meta":[],"product_brand":[],"product_cat":[70],"product_tag":[],"class_list":{"0":"post-3853","1":"product","2":"type-product","3":"status-publish","4":"has-post-thumbnail","6":"product_cat-pfeife","8":"first","9":"instock","10":"sale","11":"shipping-taxable","12":"purchasable","13":"product-type-simple"},"yoast_head":"<!-- This site is optimized with the Yoast SEO Premium plugin v26.7 (Yoast SEO v27.4) - https:\/\/yoast.com\/product\/yoast-seo-premium-wordpress\/ -->\n<title>Gro\u00dfe Kammer-Briarholz-Ganoderma-Lucidum-Typ-Raucherpiefe mit Cumberland-Mundst\u00fcck - Der beste Onlineshop f\u00fcr Pfeifen und Zigarrenzubeh\u00f6r in Deutschland<\/title>\n<meta name=\"robots\" content=\"index, follow, max-snippet:-1, max-image-preview:large, max-video-preview:-1\" \/>\n<link rel=\"canonical\" href=\"https:\/\/lime-nightingale-562313.hostingersite.com\/es\/Produkt\/grosse-kammer-briarholz-ganoderma-lucidum-typ-raucherpiefe-mit-cumberland-mundstueck\/\" \/>\n<meta property=\"og:locale\" content=\"es_ES\" \/>\n<meta property=\"og:type\" content=\"article\" \/>\n<meta property=\"og:title\" content=\"Gro\u00dfe Kammer-Briarholz-Ganoderma-Lucidum-Typ-Raucherpiefe mit Cumberland-Mundst\u00fcck\" \/>\n<meta property=\"og:description\" content=\"Form: Ganoderma-Lucidum-Pfeife Modellnummer: Fa50463 Material: Holz, Bruy\u00e8re Mundst\u00fcckmaterial: Cumberland Gebogen Bohrung: 3-mm-Filter Milit\u00e4rische Pfeifenmundst\u00fcckhalterung\" \/>\n<meta property=\"og:url\" content=\"https:\/\/lime-nightingale-562313.hostingersite.com\/es\/Produkt\/grosse-kammer-briarholz-ganoderma-lucidum-typ-raucherpiefe-mit-cumberland-mundstueck\/\" \/>\n<meta property=\"og:site_name\" content=\"Der beste Onlineshop f\u00fcr Pfeifen und Zigarrenzubeh\u00f6r in Deutschland\" \/>\n<meta property=\"article:modified_time\" content=\"2024-09-24T12:18:08+00:00\" \/>\n<meta property=\"og:image\" content=\"https:\/\/lime-nightingale-562313.hostingersite.com\/wp-content\/uploads\/2024\/09\/006.jpg\" \/>\n\t<meta property=\"og:image:width\" content=\"800\" \/>\n\t<meta property=\"og:image:height\" content=\"800\" \/>\n\t<meta property=\"og:image:type\" content=\"image\/jpeg\" \/>\n<meta name=\"twitter:card\" content=\"summary_large_image\" \/>\n<script type=\"application\/ld+json\" class=\"yoast-schema-graph\">{\"@context\":\"https:\\\/\\\/schema.org\",\"@graph\":[{\"@type\":\"WebPage\",\"@id\":\"https:\\\/\\\/lime-nightingale-562313.hostingersite.com\\\/es\\\/Produkt\\\/grosse-kammer-briarholz-ganoderma-lucidum-typ-raucherpiefe-mit-cumberland-mundstueck\\\/\",\"url\":\"https:\\\/\\\/lime-nightingale-562313.hostingersite.com\\\/es\\\/Produkt\\\/grosse-kammer-briarholz-ganoderma-lucidum-typ-raucherpiefe-mit-cumberland-mundstueck\\\/\",\"name\":\"Gro\u00dfe Kammer-Briarholz-Ganoderma-Lucidum-Typ-Raucherpiefe mit Cumberland-Mundst\u00fcck - Der beste Onlineshop f\u00fcr Pfeifen und Zigarrenzubeh\u00f6r in Deutschland\",\"isPartOf\":{\"@id\":\"https:\\\/\\\/pfeifenundzigarren.de\\\/#website\"},\"primaryImageOfPage\":{\"@id\":\"https:\\\/\\\/lime-nightingale-562313.hostingersite.com\\\/es\\\/Produkt\\\/grosse-kammer-briarholz-ganoderma-lucidum-typ-raucherpiefe-mit-cumberland-mundstueck\\\/#primaryimage\"},\"image\":{\"@id\":\"https:\\\/\\\/lime-nightingale-562313.hostingersite.com\\\/es\\\/Produkt\\\/grosse-kammer-briarholz-ganoderma-lucidum-typ-raucherpiefe-mit-cumberland-mundstueck\\\/#primaryimage\"},\"thumbnailUrl\":\"https:\\\/\\\/pfeifenundzigarren.de\\\/wp-content\\\/uploads\\\/2024\\\/09\\\/006.jpg\",\"datePublished\":\"2024-09-23T00:16:06+00:00\",\"dateModified\":\"2024-09-24T12:18:08+00:00\",\"breadcrumb\":{\"@id\":\"https:\\\/\\\/lime-nightingale-562313.hostingersite.com\\\/es\\\/Produkt\\\/grosse-kammer-briarholz-ganoderma-lucidum-typ-raucherpiefe-mit-cumberland-mundstueck\\\/#breadcrumb\"},\"inLanguage\":\"es\",\"potentialAction\":[{\"@type\":\"ReadAction\",\"target\":[\"https:\\\/\\\/lime-nightingale-562313.hostingersite.com\\\/es\\\/Produkt\\\/grosse-kammer-briarholz-ganoderma-lucidum-typ-raucherpiefe-mit-cumberland-mundstueck\\\/\"]}]},{\"@type\":\"ImageObject\",\"inLanguage\":\"es\",\"@id\":\"https:\\\/\\\/lime-nightingale-562313.hostingersite.com\\\/es\\\/Produkt\\\/grosse-kammer-briarholz-ganoderma-lucidum-typ-raucherpiefe-mit-cumberland-mundstueck\\\/#primaryimage\",\"url\":\"https:\\\/\\\/pfeifenundzigarren.de\\\/wp-content\\\/uploads\\\/2024\\\/09\\\/006.jpg\",\"contentUrl\":\"https:\\\/\\\/pfeifenundzigarren.de\\\/wp-content\\\/uploads\\\/2024\\\/09\\\/006.jpg\",\"width\":800,\"height\":800,\"caption\":\"Gro\u00dfe Kammer-Briarholz-Ganoderma-Lucidum-Typ-Raucherpiefe mit Cumberland-Mundst\u00fcck\"},{\"@type\":\"BreadcrumbList\",\"@id\":\"https:\\\/\\\/lime-nightingale-562313.hostingersite.com\\\/es\\\/Produkt\\\/grosse-kammer-briarholz-ganoderma-lucidum-typ-raucherpiefe-mit-cumberland-mundstueck\\\/#breadcrumb\",\"itemListElement\":[{\"@type\":\"ListItem\",\"position\":1,\"name\":\"Home\",\"item\":\"https:\\\/\\\/pfeifenundzigarren.de\\\/\"},{\"@type\":\"ListItem\",\"position\":2,\"name\":\"Shop\",\"item\":\"https:\\\/\\\/pfeifenundzigarren.de\\\/shop\\\/\"},{\"@type\":\"ListItem\",\"position\":3,\"name\":\"Gro\u00dfe Kammer-Briarholz-Ganoderma-Lucidum-Typ-Raucherpiefe mit Cumberland-Mundst\u00fcck\"}]},{\"@type\":\"WebSite\",\"@id\":\"https:\\\/\\\/pfeifenundzigarren.de\\\/#website\",\"url\":\"https:\\\/\\\/pfeifenundzigarren.de\\\/\",\"name\":\"Der beste Onlineshop f\u00fcr Pfeifen und Zigarrenzubeh\u00f6r in Deutschland\",\"description\":\"\",\"publisher\":{\"@id\":\"https:\\\/\\\/pfeifenundzigarren.de\\\/#organization\"},\"potentialAction\":[{\"@type\":\"SearchAction\",\"target\":{\"@type\":\"EntryPoint\",\"urlTemplate\":\"https:\\\/\\\/pfeifenundzigarren.de\\\/?s={search_term_string}\"},\"query-input\":{\"@type\":\"PropertyValueSpecification\",\"valueRequired\":true,\"valueName\":\"search_term_string\"}}],\"inLanguage\":\"es\"},{\"@type\":\"Organization\",\"@id\":\"https:\\\/\\\/pfeifenundzigarren.de\\\/#organization\",\"name\":\"Der beste Onlineshop f\u00fcr Pfeifen und Zigarrenzubeh\u00f6r in Deutschland\",\"url\":\"https:\\\/\\\/pfeifenundzigarren.de\\\/\",\"logo\":{\"@type\":\"ImageObject\",\"inLanguage\":\"es\",\"@id\":\"https:\\\/\\\/pfeifenundzigarren.de\\\/#\\\/schema\\\/logo\\\/image\\\/\",\"url\":\"https:\\\/\\\/pfeifenundzigarren.de\\\/wp-content\\\/uploads\\\/2024\\\/09\\\/cropped-Luxury-and-Vintage-Ornamental-Coffee-Shop-Logo.png\",\"contentUrl\":\"https:\\\/\\\/pfeifenundzigarren.de\\\/wp-content\\\/uploads\\\/2024\\\/09\\\/cropped-Luxury-and-Vintage-Ornamental-Coffee-Shop-Logo.png\",\"width\":512,\"height\":512,\"caption\":\"Der beste Onlineshop f\u00fcr Pfeifen und Zigarrenzubeh\u00f6r in Deutschland\"},\"image\":{\"@id\":\"https:\\\/\\\/pfeifenundzigarren.de\\\/#\\\/schema\\\/logo\\\/image\\\/\"}}]}<\/script>\n<!-- \/ Yoast SEO Premium plugin. -->","yoast_head_json":{"title":"Gro\u00dfe Kammer-Briarholz-Ganoderma-Lucidum-Typ-Raucherpiefe mit Cumberland-Mundst\u00fcck - Der beste Onlineshop f\u00fcr Pfeifen und Zigarrenzubeh\u00f6r in Deutschland","robots":{"index":"index","follow":"follow","max-snippet":"max-snippet:-1","max-image-preview":"max-image-preview:large","max-video-preview":"max-video-preview:-1"},"canonical":"https:\/\/lime-nightingale-562313.hostingersite.com\/es\/Produkt\/grosse-kammer-briarholz-ganoderma-lucidum-typ-raucherpiefe-mit-cumberland-mundstueck\/","og_locale":"es_ES","og_type":"article","og_title":"Gro\u00dfe Kammer-Briarholz-Ganoderma-Lucidum-Typ-Raucherpiefe mit Cumberland-Mundst\u00fcck","og_description":"Form: Ganoderma-Lucidum-Pfeife Modellnummer: Fa50463 Material: Holz, Bruy\u00e8re Mundst\u00fcckmaterial: Cumberland Gebogen Bohrung: 3-mm-Filter Milit\u00e4rische Pfeifenmundst\u00fcckhalterung","og_url":"https:\/\/lime-nightingale-562313.hostingersite.com\/es\/Produkt\/grosse-kammer-briarholz-ganoderma-lucidum-typ-raucherpiefe-mit-cumberland-mundstueck\/","og_site_name":"Der beste Onlineshop f\u00fcr Pfeifen und Zigarrenzubeh\u00f6r in Deutschland","article_modified_time":"2024-09-24T12:18:08+00:00","og_image":[{"width":800,"height":800,"url":"https:\/\/lime-nightingale-562313.hostingersite.com\/wp-content\/uploads\/2024\/09\/006.jpg","type":"image\/jpeg"}],"twitter_card":"summary_large_image","schema":{"@context":"https:\/\/schema.org","@graph":[{"@type":"WebPage","@id":"https:\/\/lime-nightingale-562313.hostingersite.com\/es\/Produkt\/grosse-kammer-briarholz-ganoderma-lucidum-typ-raucherpiefe-mit-cumberland-mundstueck\/","url":"https:\/\/lime-nightingale-562313.hostingersite.com\/es\/Produkt\/grosse-kammer-briarholz-ganoderma-lucidum-typ-raucherpiefe-mit-cumberland-mundstueck\/","name":"Gro\u00dfe Kammer-Briarholz-Ganoderma-Lucidum-Typ-Raucherpiefe mit Cumberland-Mundst\u00fcck - Der beste Onlineshop f\u00fcr Pfeifen und Zigarrenzubeh\u00f6r in Deutschland","isPartOf":{"@id":"https:\/\/pfeifenundzigarren.de\/#website"},"primaryImageOfPage":{"@id":"https:\/\/lime-nightingale-562313.hostingersite.com\/es\/Produkt\/grosse-kammer-briarholz-ganoderma-lucidum-typ-raucherpiefe-mit-cumberland-mundstueck\/#primaryimage"},"image":{"@id":"https:\/\/lime-nightingale-562313.hostingersite.com\/es\/Produkt\/grosse-kammer-briarholz-ganoderma-lucidum-typ-raucherpiefe-mit-cumberland-mundstueck\/#primaryimage"},"thumbnailUrl":"https:\/\/pfeifenundzigarren.de\/wp-content\/uploads\/2024\/09\/006.jpg","datePublished":"2024-09-23T00:16:06+00:00","dateModified":"2024-09-24T12:18:08+00:00","breadcrumb":{"@id":"https:\/\/lime-nightingale-562313.hostingersite.com\/es\/Produkt\/grosse-kammer-briarholz-ganoderma-lucidum-typ-raucherpiefe-mit-cumberland-mundstueck\/#breadcrumb"},"inLanguage":"es","potentialAction":[{"@type":"ReadAction","target":["https:\/\/lime-nightingale-562313.hostingersite.com\/es\/Produkt\/grosse-kammer-briarholz-ganoderma-lucidum-typ-raucherpiefe-mit-cumberland-mundstueck\/"]}]},{"@type":"ImageObject","inLanguage":"es","@id":"https:\/\/lime-nightingale-562313.hostingersite.com\/es\/Produkt\/grosse-kammer-briarholz-ganoderma-lucidum-typ-raucherpiefe-mit-cumberland-mundstueck\/#primaryimage","url":"https:\/\/pfeifenundzigarren.de\/wp-content\/uploads\/2024\/09\/006.jpg","contentUrl":"https:\/\/pfeifenundzigarren.de\/wp-content\/uploads\/2024\/09\/006.jpg","width":800,"height":800,"caption":"Gro\u00dfe Kammer-Briarholz-Ganoderma-Lucidum-Typ-Raucherpiefe mit Cumberland-Mundst\u00fcck"},{"@type":"BreadcrumbList","@id":"https:\/\/lime-nightingale-562313.hostingersite.com\/es\/Produkt\/grosse-kammer-briarholz-ganoderma-lucidum-typ-raucherpiefe-mit-cumberland-mundstueck\/#breadcrumb","itemListElement":[{"@type":"ListItem","position":1,"name":"Home","item":"https:\/\/pfeifenundzigarren.de\/"},{"@type":"ListItem","position":2,"name":"Shop","item":"https:\/\/pfeifenundzigarren.de\/shop\/"},{"@type":"ListItem","position":3,"name":"Gro\u00dfe Kammer-Briarholz-Ganoderma-Lucidum-Typ-Raucherpiefe mit Cumberland-Mundst\u00fcck"}]},{"@type":"WebSite","@id":"https:\/\/pfeifenundzigarren.de\/#website","url":"https:\/\/pfeifenundzigarren.de\/","name":"La mejor tienda en l\u00ednea de pipas y accesorios para puros de Alemania","description":"","publisher":{"@id":"https:\/\/pfeifenundzigarren.de\/#organization"},"potentialAction":[{"@type":"SearchAction","target":{"@type":"EntryPoint","urlTemplate":"https:\/\/pfeifenundzigarren.de\/?s={search_term_string}"},"query-input":{"@type":"PropertyValueSpecification","valueRequired":true,"valueName":"search_term_string"}}],"inLanguage":"es"},{"@type":"Organization","@id":"https:\/\/pfeifenundzigarren.de\/#organization","name":"La mejor tienda en l\u00ednea de pipas y accesorios para puros de Alemania","url":"https:\/\/pfeifenundzigarren.de\/","logo":{"@type":"ImageObject","inLanguage":"es","@id":"https:\/\/pfeifenundzigarren.de\/#\/schema\/logo\/image\/","url":"https:\/\/pfeifenundzigarren.de\/wp-content\/uploads\/2024\/09\/cropped-Luxury-and-Vintage-Ornamental-Coffee-Shop-Logo.png","contentUrl":"https:\/\/pfeifenundzigarren.de\/wp-content\/uploads\/2024\/09\/cropped-Luxury-and-Vintage-Ornamental-Coffee-Shop-Logo.png","width":512,"height":512,"caption":"Der beste Onlineshop f\u00fcr Pfeifen und Zigarrenzubeh\u00f6r in Deutschland"},"image":{"@id":"https:\/\/pfeifenundzigarren.de\/#\/schema\/logo\/image\/"}}]}},"_links":{"self":[{"href":"https:\/\/pfeifenundzigarren.de\/es\/wp-json\/wp\/v2\/product\/3853","targetHints":{"allow":["GET"]}}],"collection":[{"href":"https:\/\/pfeifenundzigarren.de\/es\/wp-json\/wp\/v2\/product"}],"about":[{"href":"https:\/\/pfeifenundzigarren.de\/es\/wp-json\/wp\/v2\/types\/product"}],"replies":[{"embeddable":true,"href":"https:\/\/pfeifenundzigarren.de\/es\/wp-json\/wp\/v2\/comments?post=3853"}],"version-history":[{"count":0,"href":"https:\/\/pfeifenundzigarren.de\/es\/wp-json\/wp\/v2\/product\/3853\/revisions"}],"wp:featuredmedia":[{"embeddable":true,"href":"https:\/\/pfeifenundzigarren.de\/es\/wp-json\/wp\/v2\/media\/2792"}],"wp:attachment":[{"href":"https:\/\/pfeifenundzigarren.de\/es\/wp-json\/wp\/v2\/media?parent=3853"}],"wp:term":[{"taxonomy":"product_brand","embeddable":true,"href":"https:\/\/pfeifenundzigarren.de\/es\/wp-json\/wp\/v2\/product_brand?post=3853"},{"taxonomy":"product_cat","embeddable":true,"href":"https:\/\/pfeifenundzigarren.de\/es\/wp-json\/wp\/v2\/product_cat?post=3853"},{"taxonomy":"product_tag","embeddable":true,"href":"https:\/\/pfeifenundzigarren.de\/es\/wp-json\/wp\/v2\/product_tag?post=3853"}],"curies":[{"name":"wp","href":"https:\/\/api.w.org\/{rel}","templated":true}]}}