{"id":3852,"date":"2024-09-23T02:16:06","date_gmt":"2024-09-23T00:16:06","guid":{"rendered":"https:\/\/pfeifenundzigarren.de\/?post_type=product&#038;p=3852"},"modified":"2024-09-24T14:16:56","modified_gmt":"2024-09-24T12:16:56","slug":"hochwertige-handwerklich-gefertigte-briarholzpfeifen-zum-rauchen","status":"publish","type":"product","link":"https:\/\/pfeifenundzigarren.de\/es\/Produkt\/hochwertige-handwerklich-gefertigte-briarholzpfeifen-zum-rauchen\/","title":{"rendered":"Pipas artesanales de madera de brezo de alta calidad para fumar"},"content":{"rendered":"<div class=\"product-specs-list-container\">\n<ul class=\"product-specs-list util-clearfix\">\n<li><b><\/b>Forma: Pipa de bamb\u00fa hecha a mano<br \/>\nN\u00famero de modelo: ha70158<br \/>\nMaterial: madera, brezo<br \/>\nMaterial de la ca\u00f1a: madera de boj (imitaci\u00f3n de madera de boj tallada en forma de bamb\u00fa)<br \/>\nMaterial de la boquilla: caucho vulcanizado<br \/>\nTipo curvo<br \/>\nTaladro: 3 mm<br \/>\nOrigen: China continental<\/li>\n<\/ul>\n<\/div>\n<p><img decoding=\"async\" src=\"https:\/\/ae01.alicdn.com\/kf\/S69f3b829606f4d68badaea6313de75baU.jpg\" alt=\"\"><img decoding=\"async\" src=\"https:\/\/ae01.alicdn.com\/kf\/S2e88cd6557994971a28a3ed6e795dd448.jpg\" alt=\"\"><img decoding=\"async\" src=\"https:\/\/ae01.alicdn.com\/kf\/Sc47bd63955f74ce4a033b9f450131e782.jpg\" alt=\"\"><img decoding=\"async\" src=\"https:\/\/ae01.alicdn.com\/kf\/Sa3524f330d8744ecac5b4696d97a3554O.jpg\" alt=\"\"><img decoding=\"async\" src=\"https:\/\/ae01.alicdn.com\/kf\/Sb222d2699d8b49168f91503cd2b3906bG.jpg\" alt=\"\"><img decoding=\"async\" src=\"https:\/\/ae01.alicdn.com\/kf\/Sb33587d4727c450b82b919540936db20X.jpg\" alt=\"\"><img decoding=\"async\" src=\"https:\/\/ae01.alicdn.com\/kf\/S7faf38b378a946d49b18e8f1153e3257e.jpg\" alt=\"\"><img decoding=\"async\" src=\"https:\/\/ae01.alicdn.com\/kf\/Sd8dcec65767942bbbaefd5387559f03fI.jpg\" alt=\"\"><\/p>\n<p><img decoding=\"async\" src=\"https:\/\/ae01.alicdn.com\/kf\/S37e69cfb96c44839b91a5dcaa5fc32de1.jpg\" alt=\"\"><\/p>\n<p>ha70158Q1h1h\uff1a<\/p>\n<p><img decoding=\"async\" src=\"https:\/\/ae01.alicdn.com\/kf\/Sb8140e814762448699cace740b31be94f.jpg\" alt=\"\"><img decoding=\"async\" src=\"https:\/\/ae01.alicdn.com\/kf\/Sc5d559de32484c989ec8553a35f0fdb7K.jpg\" alt=\"\"><img decoding=\"async\" src=\"https:\/\/ae01.alicdn.com\/kf\/Sad2a9e49677c48ea8ceccdfa7e915c767.jpg\" alt=\"\"><img decoding=\"async\" src=\"https:\/\/ae01.alicdn.com\/kf\/Sc9f535a631d94a40afedaee60dd72f1bl.jpg\" alt=\"\"><img decoding=\"async\" src=\"https:\/\/ae01.alicdn.com\/kf\/Sb02253f605d54565bc5e2b26d9bbb6b7j.jpg\" alt=\"\"><img decoding=\"async\" src=\"https:\/\/ae01.alicdn.com\/kf\/S55fb44cfa42d4636a70e2390f7176f406.jpg\" alt=\"\"><img decoding=\"async\" src=\"https:\/\/ae01.alicdn.com\/kf\/S969f692965234eb9bc2773cc237848b0V.jpg\" alt=\"\"><\/p>\n<p><img decoding=\"async\" src=\"https:\/\/ae01.alicdn.com\/kf\/S4a863a9d9ae14d8caefb79a0028f7ac1V.jpg\" alt=\"\"><\/p>","protected":false},"excerpt":{"rendered":"<p>Forma: Pipa de bamb\u00fa hecha a mano N\u00famero de modelo: ha70158 Material: madera, brezo Material de la ca\u00f1a: boj (imitaci\u00f3n de boj tallado en forma de bamb\u00fa) Material de la boquilla: caucho vulcanizado Tipo curvo<\/p>","protected":false},"featured_media":3884,"comment_status":"closed","ping_status":"closed","template":"","meta":[],"product_brand":[],"product_cat":[74],"product_tag":[],"class_list":{"0":"post-3852","1":"product","2":"type-product","3":"status-publish","4":"has-post-thumbnail","6":"product_cat-freehand-pfeifen","8":"first","9":"instock","10":"sale","11":"shipping-taxable","12":"purchasable","13":"product-type-simple"},"yoast_head":"<!-- This site is optimized with the Yoast SEO Premium plugin v26.7 (Yoast SEO v27.4) - https:\/\/yoast.com\/product\/yoast-seo-premium-wordpress\/ -->\n<title>Hochwertige handwerklich gefertigte Briarholzpfeifen zum Rauchen - Der beste Onlineshop f\u00fcr Pfeifen und Zigarrenzubeh\u00f6r in Deutschland<\/title>\n<meta name=\"robots\" content=\"index, follow, max-snippet:-1, max-image-preview:large, max-video-preview:-1\" \/>\n<link rel=\"canonical\" href=\"https:\/\/pfeifenundzigarren.de\/es\/Produkt\/hochwertige-handwerklich-gefertigte-briarholzpfeifen-zum-rauchen\/\" \/>\n<meta property=\"og:locale\" content=\"es_ES\" \/>\n<meta property=\"og:type\" content=\"article\" \/>\n<meta property=\"og:title\" content=\"Hochwertige handwerklich gefertigte Briarholzpfeifen zum Rauchen\" \/>\n<meta property=\"og:description\" content=\"Form: Handgefertigte Bambuspfeife Modellnummer: ha70158 Material: Holz, Bruy\u00e8re Schaftmaterial: Buchsbaum (Buchsbaum nachgeahmt in Bambusform geschnitzt) Mundst\u00fcckmaterial: vulkanisierter Gummi Gebogener Typ\" \/>\n<meta property=\"og:url\" content=\"https:\/\/pfeifenundzigarren.de\/es\/Produkt\/hochwertige-handwerklich-gefertigte-briarholzpfeifen-zum-rauchen\/\" \/>\n<meta property=\"og:site_name\" content=\"Der beste Onlineshop f\u00fcr Pfeifen und Zigarrenzubeh\u00f6r in Deutschland\" \/>\n<meta property=\"article:modified_time\" content=\"2024-09-24T12:16:56+00:00\" \/>\n<meta property=\"og:image\" content=\"https:\/\/pfeifenundzigarren.de\/wp-content\/uploads\/2024\/09\/kf-Sb8140e814762448699cace740b31be94f-MUXIANG-handmade-briar-tobacco-pipe-classic-curve-handle-pipe-solid-wood-bowl-3mm-pipe-channel-father.webp\" \/>\n\t<meta property=\"og:image:width\" content=\"800\" \/>\n\t<meta property=\"og:image:height\" content=\"800\" \/>\n\t<meta property=\"og:image:type\" content=\"image\/webp\" \/>\n<meta name=\"twitter:card\" content=\"summary_large_image\" \/>\n<script type=\"application\/ld+json\" class=\"yoast-schema-graph\">{\"@context\":\"https:\\\/\\\/schema.org\",\"@graph\":[{\"@type\":\"WebPage\",\"@id\":\"https:\\\/\\\/pfeifenundzigarren.de\\\/Produkt\\\/hochwertige-handwerklich-gefertigte-briarholzpfeifen-zum-rauchen\\\/\",\"url\":\"https:\\\/\\\/pfeifenundzigarren.de\\\/Produkt\\\/hochwertige-handwerklich-gefertigte-briarholzpfeifen-zum-rauchen\\\/\",\"name\":\"Hochwertige handwerklich gefertigte Briarholzpfeifen zum Rauchen - Der beste Onlineshop f\u00fcr Pfeifen und Zigarrenzubeh\u00f6r in Deutschland\",\"isPartOf\":{\"@id\":\"https:\\\/\\\/lime-nightingale-562313.hostingersite.com\\\/#website\"},\"primaryImageOfPage\":{\"@id\":\"https:\\\/\\\/pfeifenundzigarren.de\\\/Produkt\\\/hochwertige-handwerklich-gefertigte-briarholzpfeifen-zum-rauchen\\\/#primaryimage\"},\"image\":{\"@id\":\"https:\\\/\\\/pfeifenundzigarren.de\\\/Produkt\\\/hochwertige-handwerklich-gefertigte-briarholzpfeifen-zum-rauchen\\\/#primaryimage\"},\"thumbnailUrl\":\"https:\\\/\\\/pfeifenundzigarren.de\\\/wp-content\\\/uploads\\\/2024\\\/09\\\/kf-Sb8140e814762448699cace740b31be94f-MUXIANG-handmade-briar-tobacco-pipe-classic-curve-handle-pipe-solid-wood-bowl-3mm-pipe-channel-father.webp\",\"datePublished\":\"2024-09-23T00:16:06+00:00\",\"dateModified\":\"2024-09-24T12:16:56+00:00\",\"breadcrumb\":{\"@id\":\"https:\\\/\\\/pfeifenundzigarren.de\\\/Produkt\\\/hochwertige-handwerklich-gefertigte-briarholzpfeifen-zum-rauchen\\\/#breadcrumb\"},\"inLanguage\":\"es\",\"potentialAction\":[{\"@type\":\"ReadAction\",\"target\":[\"https:\\\/\\\/pfeifenundzigarren.de\\\/Produkt\\\/hochwertige-handwerklich-gefertigte-briarholzpfeifen-zum-rauchen\\\/\"]}]},{\"@type\":\"ImageObject\",\"inLanguage\":\"es\",\"@id\":\"https:\\\/\\\/pfeifenundzigarren.de\\\/Produkt\\\/hochwertige-handwerklich-gefertigte-briarholzpfeifen-zum-rauchen\\\/#primaryimage\",\"url\":\"https:\\\/\\\/pfeifenundzigarren.de\\\/wp-content\\\/uploads\\\/2024\\\/09\\\/kf-Sb8140e814762448699cace740b31be94f-MUXIANG-handmade-briar-tobacco-pipe-classic-curve-handle-pipe-solid-wood-bowl-3mm-pipe-channel-father.webp\",\"contentUrl\":\"https:\\\/\\\/pfeifenundzigarren.de\\\/wp-content\\\/uploads\\\/2024\\\/09\\\/kf-Sb8140e814762448699cace740b31be94f-MUXIANG-handmade-briar-tobacco-pipe-classic-curve-handle-pipe-solid-wood-bowl-3mm-pipe-channel-father.webp\",\"width\":800,\"height\":800,\"caption\":\"Hochwertige handwerklich gefertigte Briarholzpfeifen zum Rauchen\"},{\"@type\":\"BreadcrumbList\",\"@id\":\"https:\\\/\\\/pfeifenundzigarren.de\\\/Produkt\\\/hochwertige-handwerklich-gefertigte-briarholzpfeifen-zum-rauchen\\\/#breadcrumb\",\"itemListElement\":[{\"@type\":\"ListItem\",\"position\":1,\"name\":\"Home\",\"item\":\"https:\\\/\\\/lime-nightingale-562313.hostingersite.com\\\/\"},{\"@type\":\"ListItem\",\"position\":2,\"name\":\"Shop\",\"item\":\"https:\\\/\\\/lime-nightingale-562313.hostingersite.com\\\/shop\\\/\"},{\"@type\":\"ListItem\",\"position\":3,\"name\":\"Hochwertige handwerklich gefertigte Briarholzpfeifen zum Rauchen\"}]},{\"@type\":\"WebSite\",\"@id\":\"https:\\\/\\\/lime-nightingale-562313.hostingersite.com\\\/#website\",\"url\":\"https:\\\/\\\/lime-nightingale-562313.hostingersite.com\\\/\",\"name\":\"Der beste Onlineshop f\u00fcr Pfeifen und Zigarrenzubeh\u00f6r in Deutschland\",\"description\":\"\",\"publisher\":{\"@id\":\"https:\\\/\\\/lime-nightingale-562313.hostingersite.com\\\/#organization\"},\"potentialAction\":[{\"@type\":\"SearchAction\",\"target\":{\"@type\":\"EntryPoint\",\"urlTemplate\":\"https:\\\/\\\/lime-nightingale-562313.hostingersite.com\\\/?s={search_term_string}\"},\"query-input\":{\"@type\":\"PropertyValueSpecification\",\"valueRequired\":true,\"valueName\":\"search_term_string\"}}],\"inLanguage\":\"es\"},{\"@type\":\"Organization\",\"@id\":\"https:\\\/\\\/lime-nightingale-562313.hostingersite.com\\\/#organization\",\"name\":\"Der beste Onlineshop f\u00fcr Pfeifen und Zigarrenzubeh\u00f6r in Deutschland\",\"url\":\"https:\\\/\\\/lime-nightingale-562313.hostingersite.com\\\/\",\"logo\":{\"@type\":\"ImageObject\",\"inLanguage\":\"es\",\"@id\":\"https:\\\/\\\/lime-nightingale-562313.hostingersite.com\\\/#\\\/schema\\\/logo\\\/image\\\/\",\"url\":\"https:\\\/\\\/pfeifenundzigarren.de\\\/wp-content\\\/uploads\\\/2024\\\/09\\\/cropped-Luxury-and-Vintage-Ornamental-Coffee-Shop-Logo.png\",\"contentUrl\":\"https:\\\/\\\/pfeifenundzigarren.de\\\/wp-content\\\/uploads\\\/2024\\\/09\\\/cropped-Luxury-and-Vintage-Ornamental-Coffee-Shop-Logo.png\",\"width\":512,\"height\":512,\"caption\":\"Der beste Onlineshop f\u00fcr Pfeifen und Zigarrenzubeh\u00f6r in Deutschland\"},\"image\":{\"@id\":\"https:\\\/\\\/lime-nightingale-562313.hostingersite.com\\\/#\\\/schema\\\/logo\\\/image\\\/\"}}]}<\/script>\n<!-- \/ Yoast SEO Premium plugin. -->","yoast_head_json":{"title":"Hochwertige handwerklich gefertigte Briarholzpfeifen zum Rauchen - Der beste Onlineshop f\u00fcr Pfeifen und Zigarrenzubeh\u00f6r in Deutschland","robots":{"index":"index","follow":"follow","max-snippet":"max-snippet:-1","max-image-preview":"max-image-preview:large","max-video-preview":"max-video-preview:-1"},"canonical":"https:\/\/pfeifenundzigarren.de\/es\/Produkt\/hochwertige-handwerklich-gefertigte-briarholzpfeifen-zum-rauchen\/","og_locale":"es_ES","og_type":"article","og_title":"Hochwertige handwerklich gefertigte Briarholzpfeifen zum Rauchen","og_description":"Form: Handgefertigte Bambuspfeife Modellnummer: ha70158 Material: Holz, Bruy\u00e8re Schaftmaterial: Buchsbaum (Buchsbaum nachgeahmt in Bambusform geschnitzt) Mundst\u00fcckmaterial: vulkanisierter Gummi Gebogener Typ","og_url":"https:\/\/pfeifenundzigarren.de\/es\/Produkt\/hochwertige-handwerklich-gefertigte-briarholzpfeifen-zum-rauchen\/","og_site_name":"Der beste Onlineshop f\u00fcr Pfeifen und Zigarrenzubeh\u00f6r in Deutschland","article_modified_time":"2024-09-24T12:16:56+00:00","og_image":[{"width":800,"height":800,"url":"https:\/\/pfeifenundzigarren.de\/wp-content\/uploads\/2024\/09\/kf-Sb8140e814762448699cace740b31be94f-MUXIANG-handmade-briar-tobacco-pipe-classic-curve-handle-pipe-solid-wood-bowl-3mm-pipe-channel-father.webp","type":"image\/webp"}],"twitter_card":"summary_large_image","schema":{"@context":"https:\/\/schema.org","@graph":[{"@type":"WebPage","@id":"https:\/\/pfeifenundzigarren.de\/Produkt\/hochwertige-handwerklich-gefertigte-briarholzpfeifen-zum-rauchen\/","url":"https:\/\/pfeifenundzigarren.de\/Produkt\/hochwertige-handwerklich-gefertigte-briarholzpfeifen-zum-rauchen\/","name":"Hochwertige handwerklich gefertigte Briarholzpfeifen zum Rauchen - Der beste Onlineshop f\u00fcr Pfeifen und Zigarrenzubeh\u00f6r in Deutschland","isPartOf":{"@id":"https:\/\/lime-nightingale-562313.hostingersite.com\/#website"},"primaryImageOfPage":{"@id":"https:\/\/pfeifenundzigarren.de\/Produkt\/hochwertige-handwerklich-gefertigte-briarholzpfeifen-zum-rauchen\/#primaryimage"},"image":{"@id":"https:\/\/pfeifenundzigarren.de\/Produkt\/hochwertige-handwerklich-gefertigte-briarholzpfeifen-zum-rauchen\/#primaryimage"},"thumbnailUrl":"https:\/\/pfeifenundzigarren.de\/wp-content\/uploads\/2024\/09\/kf-Sb8140e814762448699cace740b31be94f-MUXIANG-handmade-briar-tobacco-pipe-classic-curve-handle-pipe-solid-wood-bowl-3mm-pipe-channel-father.webp","datePublished":"2024-09-23T00:16:06+00:00","dateModified":"2024-09-24T12:16:56+00:00","breadcrumb":{"@id":"https:\/\/pfeifenundzigarren.de\/Produkt\/hochwertige-handwerklich-gefertigte-briarholzpfeifen-zum-rauchen\/#breadcrumb"},"inLanguage":"es","potentialAction":[{"@type":"ReadAction","target":["https:\/\/pfeifenundzigarren.de\/Produkt\/hochwertige-handwerklich-gefertigte-briarholzpfeifen-zum-rauchen\/"]}]},{"@type":"ImageObject","inLanguage":"es","@id":"https:\/\/pfeifenundzigarren.de\/Produkt\/hochwertige-handwerklich-gefertigte-briarholzpfeifen-zum-rauchen\/#primaryimage","url":"https:\/\/pfeifenundzigarren.de\/wp-content\/uploads\/2024\/09\/kf-Sb8140e814762448699cace740b31be94f-MUXIANG-handmade-briar-tobacco-pipe-classic-curve-handle-pipe-solid-wood-bowl-3mm-pipe-channel-father.webp","contentUrl":"https:\/\/pfeifenundzigarren.de\/wp-content\/uploads\/2024\/09\/kf-Sb8140e814762448699cace740b31be94f-MUXIANG-handmade-briar-tobacco-pipe-classic-curve-handle-pipe-solid-wood-bowl-3mm-pipe-channel-father.webp","width":800,"height":800,"caption":"Hochwertige handwerklich gefertigte Briarholzpfeifen zum Rauchen"},{"@type":"BreadcrumbList","@id":"https:\/\/pfeifenundzigarren.de\/Produkt\/hochwertige-handwerklich-gefertigte-briarholzpfeifen-zum-rauchen\/#breadcrumb","itemListElement":[{"@type":"ListItem","position":1,"name":"Home","item":"https:\/\/lime-nightingale-562313.hostingersite.com\/"},{"@type":"ListItem","position":2,"name":"Shop","item":"https:\/\/lime-nightingale-562313.hostingersite.com\/shop\/"},{"@type":"ListItem","position":3,"name":"Hochwertige handwerklich gefertigte Briarholzpfeifen zum Rauchen"}]},{"@type":"WebSite","@id":"https:\/\/lime-nightingale-562313.hostingersite.com\/#website","url":"https:\/\/lime-nightingale-562313.hostingersite.com\/","name":"La mejor tienda en l\u00ednea de pipas y accesorios para puros de Alemania","description":"","publisher":{"@id":"https:\/\/lime-nightingale-562313.hostingersite.com\/#organization"},"potentialAction":[{"@type":"SearchAction","target":{"@type":"EntryPoint","urlTemplate":"https:\/\/lime-nightingale-562313.hostingersite.com\/?s={search_term_string}"},"query-input":{"@type":"PropertyValueSpecification","valueRequired":true,"valueName":"search_term_string"}}],"inLanguage":"es"},{"@type":"Organization","@id":"https:\/\/lime-nightingale-562313.hostingersite.com\/#organization","name":"La mejor tienda en l\u00ednea de pipas y accesorios para puros de Alemania","url":"https:\/\/lime-nightingale-562313.hostingersite.com\/","logo":{"@type":"ImageObject","inLanguage":"es","@id":"https:\/\/lime-nightingale-562313.hostingersite.com\/#\/schema\/logo\/image\/","url":"https:\/\/pfeifenundzigarren.de\/wp-content\/uploads\/2024\/09\/cropped-Luxury-and-Vintage-Ornamental-Coffee-Shop-Logo.png","contentUrl":"https:\/\/pfeifenundzigarren.de\/wp-content\/uploads\/2024\/09\/cropped-Luxury-and-Vintage-Ornamental-Coffee-Shop-Logo.png","width":512,"height":512,"caption":"Der beste Onlineshop f\u00fcr Pfeifen und Zigarrenzubeh\u00f6r in Deutschland"},"image":{"@id":"https:\/\/lime-nightingale-562313.hostingersite.com\/#\/schema\/logo\/image\/"}}]}},"_links":{"self":[{"href":"https:\/\/pfeifenundzigarren.de\/es\/wp-json\/wp\/v2\/product\/3852","targetHints":{"allow":["GET"]}}],"collection":[{"href":"https:\/\/pfeifenundzigarren.de\/es\/wp-json\/wp\/v2\/product"}],"about":[{"href":"https:\/\/pfeifenundzigarren.de\/es\/wp-json\/wp\/v2\/types\/product"}],"replies":[{"embeddable":true,"href":"https:\/\/pfeifenundzigarren.de\/es\/wp-json\/wp\/v2\/comments?post=3852"}],"version-history":[{"count":0,"href":"https:\/\/pfeifenundzigarren.de\/es\/wp-json\/wp\/v2\/product\/3852\/revisions"}],"wp:featuredmedia":[{"embeddable":true,"href":"https:\/\/pfeifenundzigarren.de\/es\/wp-json\/wp\/v2\/media\/3884"}],"wp:attachment":[{"href":"https:\/\/pfeifenundzigarren.de\/es\/wp-json\/wp\/v2\/media?parent=3852"}],"wp:term":[{"taxonomy":"product_brand","embeddable":true,"href":"https:\/\/pfeifenundzigarren.de\/es\/wp-json\/wp\/v2\/product_brand?post=3852"},{"taxonomy":"product_cat","embeddable":true,"href":"https:\/\/pfeifenundzigarren.de\/es\/wp-json\/wp\/v2\/product_cat?post=3852"},{"taxonomy":"product_tag","embeddable":true,"href":"https:\/\/pfeifenundzigarren.de\/es\/wp-json\/wp\/v2\/product_tag?post=3852"}],"curies":[{"name":"wp","href":"https:\/\/api.w.org\/{rel}","templated":true}]}}