{"id":3715,"date":"2024-09-19T10:56:01","date_gmt":"2024-09-19T08:56:01","guid":{"rendered":"https:\/\/pfeifenundzigarren.de\/?post_type=product&#038;p=3715"},"modified":"2026-02-08T02:30:45","modified_gmt":"2026-02-08T01:30:45","slug":"freehand-luxus-pfeife","status":"publish","type":"product","link":"https:\/\/pfeifenundzigarren.de\/es\/Produkt\/freehand-luxus-pfeife\/","title":{"rendered":"Tuber\u00eda de lujo a mano alzada"},"content":{"rendered":"<p>Si usted <a href=\"https:\/\/pfeifenundzigarren.de\/es\/produktkategorie\/pfeife\/\">Dise\u00f1os de tuber\u00edas convencionales<\/a> ya no le inspiran, \u00bfpor qu\u00e9 no prueba nuestro<strong> Silbato de estilo libre<\/strong>!<\/p>\n<p>En la producci\u00f3n de estos <strong>tubo a mano alzada<\/strong> nuestros fabricantes de pipas tienen que registrar con precisi\u00f3n la direcci\u00f3n de crecimiento de la madera de brezo cuando la cortan a medida. \u00bfPor qu\u00e9? En primer lugar, fabricar una pipa perfecta es mucho m\u00e1s dif\u00edcil de lo que se piensa; en segundo lugar, la madera s\u00f3lo puede trabajarse de manera que se cree una hermosa forma de pipa y el veteado se muestre de la mejor manera si el veteado natural es perfectamente recto.<\/p>\n<p>Las l\u00edneas de nuestro<strong> tuber\u00eda de lujo<\/strong> se estrechan suavemente hacia arriba para formar una boquilla de filigrana que reproduce a la perfecci\u00f3n la silueta cl\u00e1sica de un volc\u00e1n. Esta forma \"volc\u00e1nica\" no s\u00f3lo hace que la pipa sea muy reconocible, sino que tambi\u00e9n garantiza una excelente sensaci\u00f3n en la mano y un equilibrio \u00f3ptimo gracias a la amplia base.<\/p>\n<p>Tambi\u00e9n concedemos gran importancia al m\u00e1s alto nivel de refinamiento en los detalles artesanales. En la transici\u00f3n entre el cuello y la boquilla hay un anillo decorativo claramente definido. \u00bfQuiz\u00e1 le parezca superfluo? En absoluto. Esta ingeniosa decoraci\u00f3n mejora la transici\u00f3n r\u00edtmica del cuerpo de madera a la boquilla y rompe la monoton\u00eda visual.<\/p>","protected":false},"excerpt":{"rendered":"<p>Wenn Sie herk\u00f6mmliche Pfeifendesigns nicht mehr begeistern, probieren Sie doch unsere Freestyle-Pfeife! Bei der Herstellung dieser freehand pfeife m\u00fcssen unsere<\/p>","protected":false},"featured_media":3719,"comment_status":"open","ping_status":"closed","template":"","meta":[],"product_brand":[],"product_cat":[74],"product_tag":[],"class_list":{"0":"post-3715","1":"product","2":"type-product","3":"status-publish","4":"has-post-thumbnail","6":"product_cat-freehand-pfeifen","8":"first","9":"instock","10":"sale","11":"shipping-taxable","12":"purchasable","13":"product-type-simple"},"yoast_head":"<!-- This site is optimized with the Yoast SEO Premium plugin v26.7 (Yoast SEO v27.4) - https:\/\/yoast.com\/product\/yoast-seo-premium-wordpress\/ -->\n<title>Freehand Luxus Pfeife - Der beste Onlineshop f\u00fcr Pfeifen und Zigarrenzubeh\u00f6r in Deutschland<\/title>\n<meta name=\"robots\" content=\"index, follow, max-snippet:-1, max-image-preview:large, max-video-preview:-1\" \/>\n<link rel=\"canonical\" href=\"https:\/\/pfeifenundzigarren.de\/es\/Produkt\/freehand-luxus-pfeife\/\" \/>\n<meta property=\"og:locale\" content=\"es_ES\" \/>\n<meta property=\"og:type\" content=\"article\" \/>\n<meta property=\"og:title\" content=\"Freehand Luxus Pfeife\" \/>\n<meta property=\"og:description\" content=\"Wenn Sie herk\u00f6mmliche Pfeifendesigns nicht mehr begeistern, probieren Sie doch unsere Freestyle-Pfeife! Bei der Herstellung dieser freehand pfeife m\u00fcssen unsere\" \/>\n<meta property=\"og:url\" content=\"https:\/\/pfeifenundzigarren.de\/es\/Produkt\/freehand-luxus-pfeife\/\" \/>\n<meta property=\"og:site_name\" content=\"Der beste Onlineshop f\u00fcr Pfeifen und Zigarrenzubeh\u00f6r in Deutschland\" \/>\n<meta property=\"article:modified_time\" content=\"2026-02-08T01:30:45+00:00\" \/>\n<meta property=\"og:image\" content=\"https:\/\/pfeifenundzigarren.de\/wp-content\/uploads\/2024\/09\/c5dc95ce-5103-4c89-a0f4-ff285999e806.png\" \/>\n\t<meta property=\"og:image:width\" content=\"800\" \/>\n\t<meta property=\"og:image:height\" content=\"800\" \/>\n\t<meta property=\"og:image:type\" content=\"image\/png\" \/>\n<meta name=\"twitter:card\" content=\"summary_large_image\" \/>\n<meta name=\"twitter:label1\" content=\"Tiempo de lectura\" \/>\n\t<meta name=\"twitter:data1\" content=\"2 minutos\" \/>\n<script type=\"application\/ld+json\" class=\"yoast-schema-graph\">{\"@context\":\"https:\\\/\\\/schema.org\",\"@graph\":[{\"@type\":\"WebPage\",\"@id\":\"https:\\\/\\\/pfeifenundzigarren.de\\\/es\\\/Produkt\\\/freehand-luxus-pfeife\\\/\",\"url\":\"https:\\\/\\\/pfeifenundzigarren.de\\\/es\\\/Produkt\\\/freehand-luxus-pfeife\\\/\",\"name\":\"Freehand Luxus Pfeife - Der beste Onlineshop f\u00fcr Pfeifen und Zigarrenzubeh\u00f6r in Deutschland\",\"isPartOf\":{\"@id\":\"https:\\\/\\\/lime-nightingale-562313.hostingersite.com\\\/#website\"},\"primaryImageOfPage\":{\"@id\":\"https:\\\/\\\/pfeifenundzigarren.de\\\/es\\\/Produkt\\\/freehand-luxus-pfeife\\\/#primaryimage\"},\"image\":{\"@id\":\"https:\\\/\\\/pfeifenundzigarren.de\\\/es\\\/Produkt\\\/freehand-luxus-pfeife\\\/#primaryimage\"},\"thumbnailUrl\":\"https:\\\/\\\/pfeifenundzigarren.de\\\/wp-content\\\/uploads\\\/2024\\\/09\\\/c5dc95ce-5103-4c89-a0f4-ff285999e806.png\",\"datePublished\":\"2024-09-19T08:56:01+00:00\",\"dateModified\":\"2026-02-08T01:30:45+00:00\",\"breadcrumb\":{\"@id\":\"https:\\\/\\\/pfeifenundzigarren.de\\\/es\\\/Produkt\\\/freehand-luxus-pfeife\\\/#breadcrumb\"},\"inLanguage\":\"es\",\"potentialAction\":[{\"@type\":\"ReadAction\",\"target\":[\"https:\\\/\\\/pfeifenundzigarren.de\\\/es\\\/Produkt\\\/freehand-luxus-pfeife\\\/\"]}]},{\"@type\":\"ImageObject\",\"inLanguage\":\"es\",\"@id\":\"https:\\\/\\\/pfeifenundzigarren.de\\\/es\\\/Produkt\\\/freehand-luxus-pfeife\\\/#primaryimage\",\"url\":\"https:\\\/\\\/pfeifenundzigarren.de\\\/wp-content\\\/uploads\\\/2024\\\/09\\\/c5dc95ce-5103-4c89-a0f4-ff285999e806.png\",\"contentUrl\":\"https:\\\/\\\/pfeifenundzigarren.de\\\/wp-content\\\/uploads\\\/2024\\\/09\\\/c5dc95ce-5103-4c89-a0f4-ff285999e806.png\",\"width\":800,\"height\":800,\"caption\":\"Freehand Luxus Pfeife\"},{\"@type\":\"BreadcrumbList\",\"@id\":\"https:\\\/\\\/pfeifenundzigarren.de\\\/es\\\/Produkt\\\/freehand-luxus-pfeife\\\/#breadcrumb\",\"itemListElement\":[{\"@type\":\"ListItem\",\"position\":1,\"name\":\"Home\",\"item\":\"https:\\\/\\\/lime-nightingale-562313.hostingersite.com\\\/\"},{\"@type\":\"ListItem\",\"position\":2,\"name\":\"Shop\",\"item\":\"https:\\\/\\\/lime-nightingale-562313.hostingersite.com\\\/shop\\\/\"},{\"@type\":\"ListItem\",\"position\":3,\"name\":\"Freehand Luxus Pfeife\"}]},{\"@type\":\"WebSite\",\"@id\":\"https:\\\/\\\/lime-nightingale-562313.hostingersite.com\\\/#website\",\"url\":\"https:\\\/\\\/lime-nightingale-562313.hostingersite.com\\\/\",\"name\":\"Der beste Onlineshop f\u00fcr Pfeifen und Zigarrenzubeh\u00f6r in Deutschland\",\"description\":\"\",\"publisher\":{\"@id\":\"https:\\\/\\\/lime-nightingale-562313.hostingersite.com\\\/#organization\"},\"potentialAction\":[{\"@type\":\"SearchAction\",\"target\":{\"@type\":\"EntryPoint\",\"urlTemplate\":\"https:\\\/\\\/lime-nightingale-562313.hostingersite.com\\\/?s={search_term_string}\"},\"query-input\":{\"@type\":\"PropertyValueSpecification\",\"valueRequired\":true,\"valueName\":\"search_term_string\"}}],\"inLanguage\":\"es\"},{\"@type\":\"Organization\",\"@id\":\"https:\\\/\\\/lime-nightingale-562313.hostingersite.com\\\/#organization\",\"name\":\"Der beste Onlineshop f\u00fcr Pfeifen und Zigarrenzubeh\u00f6r in Deutschland\",\"url\":\"https:\\\/\\\/lime-nightingale-562313.hostingersite.com\\\/\",\"logo\":{\"@type\":\"ImageObject\",\"inLanguage\":\"es\",\"@id\":\"https:\\\/\\\/lime-nightingale-562313.hostingersite.com\\\/#\\\/schema\\\/logo\\\/image\\\/\",\"url\":\"https:\\\/\\\/pfeifenundzigarren.de\\\/wp-content\\\/uploads\\\/2024\\\/09\\\/cropped-Luxury-and-Vintage-Ornamental-Coffee-Shop-Logo.png\",\"contentUrl\":\"https:\\\/\\\/pfeifenundzigarren.de\\\/wp-content\\\/uploads\\\/2024\\\/09\\\/cropped-Luxury-and-Vintage-Ornamental-Coffee-Shop-Logo.png\",\"width\":512,\"height\":512,\"caption\":\"Der beste Onlineshop f\u00fcr Pfeifen und Zigarrenzubeh\u00f6r in Deutschland\"},\"image\":{\"@id\":\"https:\\\/\\\/lime-nightingale-562313.hostingersite.com\\\/#\\\/schema\\\/logo\\\/image\\\/\"}}]}<\/script>\n<!-- \/ Yoast SEO Premium plugin. -->","yoast_head_json":{"title":"Freehand Luxus Pfeife - Der beste Onlineshop f\u00fcr Pfeifen und Zigarrenzubeh\u00f6r in Deutschland","robots":{"index":"index","follow":"follow","max-snippet":"max-snippet:-1","max-image-preview":"max-image-preview:large","max-video-preview":"max-video-preview:-1"},"canonical":"https:\/\/pfeifenundzigarren.de\/es\/Produkt\/freehand-luxus-pfeife\/","og_locale":"es_ES","og_type":"article","og_title":"Freehand Luxus Pfeife","og_description":"Wenn Sie herk\u00f6mmliche Pfeifendesigns nicht mehr begeistern, probieren Sie doch unsere Freestyle-Pfeife! Bei der Herstellung dieser freehand pfeife m\u00fcssen unsere","og_url":"https:\/\/pfeifenundzigarren.de\/es\/Produkt\/freehand-luxus-pfeife\/","og_site_name":"Der beste Onlineshop f\u00fcr Pfeifen und Zigarrenzubeh\u00f6r in Deutschland","article_modified_time":"2026-02-08T01:30:45+00:00","og_image":[{"width":800,"height":800,"url":"https:\/\/pfeifenundzigarren.de\/wp-content\/uploads\/2024\/09\/c5dc95ce-5103-4c89-a0f4-ff285999e806.png","type":"image\/png"}],"twitter_card":"summary_large_image","twitter_misc":{"Tiempo de lectura":"2 minutos"},"schema":{"@context":"https:\/\/schema.org","@graph":[{"@type":"WebPage","@id":"https:\/\/pfeifenundzigarren.de\/es\/Produkt\/freehand-luxus-pfeife\/","url":"https:\/\/pfeifenundzigarren.de\/es\/Produkt\/freehand-luxus-pfeife\/","name":"Freehand Luxus Pfeife - Der beste Onlineshop f\u00fcr Pfeifen und Zigarrenzubeh\u00f6r in Deutschland","isPartOf":{"@id":"https:\/\/lime-nightingale-562313.hostingersite.com\/#website"},"primaryImageOfPage":{"@id":"https:\/\/pfeifenundzigarren.de\/es\/Produkt\/freehand-luxus-pfeife\/#primaryimage"},"image":{"@id":"https:\/\/pfeifenundzigarren.de\/es\/Produkt\/freehand-luxus-pfeife\/#primaryimage"},"thumbnailUrl":"https:\/\/pfeifenundzigarren.de\/wp-content\/uploads\/2024\/09\/c5dc95ce-5103-4c89-a0f4-ff285999e806.png","datePublished":"2024-09-19T08:56:01+00:00","dateModified":"2026-02-08T01:30:45+00:00","breadcrumb":{"@id":"https:\/\/pfeifenundzigarren.de\/es\/Produkt\/freehand-luxus-pfeife\/#breadcrumb"},"inLanguage":"es","potentialAction":[{"@type":"ReadAction","target":["https:\/\/pfeifenundzigarren.de\/es\/Produkt\/freehand-luxus-pfeife\/"]}]},{"@type":"ImageObject","inLanguage":"es","@id":"https:\/\/pfeifenundzigarren.de\/es\/Produkt\/freehand-luxus-pfeife\/#primaryimage","url":"https:\/\/pfeifenundzigarren.de\/wp-content\/uploads\/2024\/09\/c5dc95ce-5103-4c89-a0f4-ff285999e806.png","contentUrl":"https:\/\/pfeifenundzigarren.de\/wp-content\/uploads\/2024\/09\/c5dc95ce-5103-4c89-a0f4-ff285999e806.png","width":800,"height":800,"caption":"Freehand Luxus Pfeife"},{"@type":"BreadcrumbList","@id":"https:\/\/pfeifenundzigarren.de\/es\/Produkt\/freehand-luxus-pfeife\/#breadcrumb","itemListElement":[{"@type":"ListItem","position":1,"name":"Home","item":"https:\/\/lime-nightingale-562313.hostingersite.com\/"},{"@type":"ListItem","position":2,"name":"Shop","item":"https:\/\/lime-nightingale-562313.hostingersite.com\/shop\/"},{"@type":"ListItem","position":3,"name":"Freehand Luxus Pfeife"}]},{"@type":"WebSite","@id":"https:\/\/lime-nightingale-562313.hostingersite.com\/#website","url":"https:\/\/lime-nightingale-562313.hostingersite.com\/","name":"La mejor tienda en l\u00ednea de pipas y accesorios para puros de Alemania","description":"","publisher":{"@id":"https:\/\/lime-nightingale-562313.hostingersite.com\/#organization"},"potentialAction":[{"@type":"SearchAction","target":{"@type":"EntryPoint","urlTemplate":"https:\/\/lime-nightingale-562313.hostingersite.com\/?s={search_term_string}"},"query-input":{"@type":"PropertyValueSpecification","valueRequired":true,"valueName":"search_term_string"}}],"inLanguage":"es"},{"@type":"Organization","@id":"https:\/\/lime-nightingale-562313.hostingersite.com\/#organization","name":"La mejor tienda en l\u00ednea de pipas y accesorios para puros de Alemania","url":"https:\/\/lime-nightingale-562313.hostingersite.com\/","logo":{"@type":"ImageObject","inLanguage":"es","@id":"https:\/\/lime-nightingale-562313.hostingersite.com\/#\/schema\/logo\/image\/","url":"https:\/\/pfeifenundzigarren.de\/wp-content\/uploads\/2024\/09\/cropped-Luxury-and-Vintage-Ornamental-Coffee-Shop-Logo.png","contentUrl":"https:\/\/pfeifenundzigarren.de\/wp-content\/uploads\/2024\/09\/cropped-Luxury-and-Vintage-Ornamental-Coffee-Shop-Logo.png","width":512,"height":512,"caption":"Der beste Onlineshop f\u00fcr Pfeifen und Zigarrenzubeh\u00f6r in Deutschland"},"image":{"@id":"https:\/\/lime-nightingale-562313.hostingersite.com\/#\/schema\/logo\/image\/"}}]}},"_links":{"self":[{"href":"https:\/\/pfeifenundzigarren.de\/es\/wp-json\/wp\/v2\/product\/3715","targetHints":{"allow":["GET"]}}],"collection":[{"href":"https:\/\/pfeifenundzigarren.de\/es\/wp-json\/wp\/v2\/product"}],"about":[{"href":"https:\/\/pfeifenundzigarren.de\/es\/wp-json\/wp\/v2\/types\/product"}],"replies":[{"embeddable":true,"href":"https:\/\/pfeifenundzigarren.de\/es\/wp-json\/wp\/v2\/comments?post=3715"}],"version-history":[{"count":2,"href":"https:\/\/pfeifenundzigarren.de\/es\/wp-json\/wp\/v2\/product\/3715\/revisions"}],"predecessor-version":[{"id":10475,"href":"https:\/\/pfeifenundzigarren.de\/es\/wp-json\/wp\/v2\/product\/3715\/revisions\/10475"}],"wp:featuredmedia":[{"embeddable":true,"href":"https:\/\/pfeifenundzigarren.de\/es\/wp-json\/wp\/v2\/media\/3719"}],"wp:attachment":[{"href":"https:\/\/pfeifenundzigarren.de\/es\/wp-json\/wp\/v2\/media?parent=3715"}],"wp:term":[{"taxonomy":"product_brand","embeddable":true,"href":"https:\/\/pfeifenundzigarren.de\/es\/wp-json\/wp\/v2\/product_brand?post=3715"},{"taxonomy":"product_cat","embeddable":true,"href":"https:\/\/pfeifenundzigarren.de\/es\/wp-json\/wp\/v2\/product_cat?post=3715"},{"taxonomy":"product_tag","embeddable":true,"href":"https:\/\/pfeifenundzigarren.de\/es\/wp-json\/wp\/v2\/product_tag?post=3715"}],"curies":[{"name":"wp","href":"https:\/\/api.w.org\/{rel}","templated":true}]}}