{"id":3660,"date":"2024-09-19T09:25:19","date_gmt":"2024-09-19T07:25:19","guid":{"rendered":"https:\/\/pfeifenundzigarren.de\/?post_type=product&#038;p=3660"},"modified":"2024-09-25T07:57:57","modified_gmt":"2024-09-25T05:57:57","slug":"traditionelle-daenische-bruyere-apfelpfeife","status":"publish","type":"product","link":"https:\/\/pfeifenundzigarren.de\/es\/Produkt\/traditionelle-daenische-bruyere-apfelpfeife\/","title":{"rendered":"Pipa de manzana de brezo tradicional danesa"},"content":{"rendered":"<div data-elementor-type=\"product-post\" data-elementor-id=\"3660\" class=\"elementor elementor-3660\" data-elementor-post-type=\"product\">\n\t\t\t\t<div class=\"wd-negative-gap elementor-element elementor-element-333e43a0 e-flex e-con-boxed e-con e-parent\" data-id=\"333e43a0\" data-element_type=\"container\" data-e-type=\"container\">\n\t\t\t\t\t<div class=\"e-con-inner\">\n\t\t\t\t<div class=\"elementor-element elementor-element-25a74970 color-scheme-inherit text-left elementor-widget elementor-widget-text-editor\" data-id=\"25a74970\" data-element_type=\"widget\" data-e-type=\"widget\" data-widget_type=\"text-editor.default\">\n\t\t\t\t<div class=\"elementor-widget-container\">\n\t\t\t\t\t\t\t\t\t<ul>\r\n \t<li><strong>Longitud del cuerpo del tubo<\/strong>: 147 mm<\/li>\r\n \t<li><strong>Altura de la cazoleta<\/strong>: 41 mm<\/li>\r\n \t<li><strong>Profundidad de la cazoleta<\/strong>31 mm<\/li>\r\n \t<li><strong>Di\u00e1metro interior de la cazoleta<\/strong>20 mm<\/li>\r\n \t<li><strong>Di\u00e1metro exterior de la cazoleta<\/strong>: 46 mm<\/li>\r\n \t<li><strong>Longitud de la boquilla<\/strong>: 51 mm<\/li>\r\n<\/ul>\t\t\t\t\t\t\t\t<\/div>\n\t\t\t\t<\/div>\n\t\t\t\t\t<\/div>\n\t\t\t\t<\/div>\n\t\t<div class=\"wd-negative-gap elementor-element elementor-element-4c68208 e-flex e-con-boxed e-con e-parent\" data-id=\"4c68208\" data-element_type=\"container\" data-e-type=\"container\">\n\t\t\t\t\t<div class=\"e-con-inner\">\n\t\t\t\t<div class=\"elementor-element elementor-element-9d4dcf7 elementor-widget elementor-widget-image\" data-id=\"9d4dcf7\" data-element_type=\"widget\" data-e-type=\"widget\" data-widget_type=\"image.default\">\n\t\t\t\t<div class=\"elementor-widget-container\">\n\t\t\t\t\t\t\t\t\t\t\t\t\t\t\t<img fetchpriority=\"high\" decoding=\"async\" width=\"800\" height=\"800\" src=\"https:\/\/pfeifenundzigarren.de\/wp-content\/uploads\/2024\/09\/240e7127-fc11-49d4-b5b1-8a27d8845760.jpg\" class=\"attachment-large size-large wp-image-3666 wvs-archive-product-image\" alt=\"Bruy\u00e8re-Apfelpfeife\" srcset=\"https:\/\/pfeifenundzigarren.de\/wp-content\/uploads\/2024\/09\/240e7127-fc11-49d4-b5b1-8a27d8845760.jpg 800w, https:\/\/pfeifenundzigarren.de\/wp-content\/uploads\/2024\/09\/240e7127-fc11-49d4-b5b1-8a27d8845760-150x150.jpg 150w, https:\/\/pfeifenundzigarren.de\/wp-content\/uploads\/2024\/09\/240e7127-fc11-49d4-b5b1-8a27d8845760-300x300.jpg 300w, https:\/\/pfeifenundzigarren.de\/wp-content\/uploads\/2024\/09\/240e7127-fc11-49d4-b5b1-8a27d8845760-768x768.jpg 768w, https:\/\/pfeifenundzigarren.de\/wp-content\/uploads\/2024\/09\/240e7127-fc11-49d4-b5b1-8a27d8845760-50x50.jpg 50w, https:\/\/pfeifenundzigarren.de\/wp-content\/uploads\/2024\/09\/240e7127-fc11-49d4-b5b1-8a27d8845760-100x100.jpg 100w\" sizes=\"(max-width: 800px) 100vw, 800px\" \/>\t\t\t\t\t\t\t\t\t\t\t\t\t\t\t<\/div>\n\t\t\t\t<\/div>\n\t\t\t\t\t<\/div>\n\t\t\t\t<\/div>\n\t\t<div class=\"wd-negative-gap elementor-element elementor-element-229151d e-flex e-con-boxed e-con e-parent\" data-id=\"229151d\" data-element_type=\"container\" data-e-type=\"container\">\n\t\t\t\t\t<div class=\"e-con-inner\">\n\t\t\t\t<div class=\"elementor-element elementor-element-fad987f elementor-widget elementor-widget-image\" data-id=\"fad987f\" data-element_type=\"widget\" data-e-type=\"widget\" data-widget_type=\"image.default\">\n\t\t\t\t<div class=\"elementor-widget-container\">\n\t\t\t\t\t\t\t\t\t\t\t\t\t\t\t<img decoding=\"async\" width=\"800\" height=\"800\" src=\"https:\/\/pfeifenundzigarren.de\/wp-content\/uploads\/2024\/09\/0cfda41c-14dd-44a4-870b-32270d44f75d.jpg\" class=\"attachment-large size-large wp-image-3667 wvs-archive-product-image\" alt=\"Bruy\u00e8re-Apfelpfeife\" srcset=\"https:\/\/pfeifenundzigarren.de\/wp-content\/uploads\/2024\/09\/0cfda41c-14dd-44a4-870b-32270d44f75d.jpg 800w, https:\/\/pfeifenundzigarren.de\/wp-content\/uploads\/2024\/09\/0cfda41c-14dd-44a4-870b-32270d44f75d-150x150.jpg 150w, https:\/\/pfeifenundzigarren.de\/wp-content\/uploads\/2024\/09\/0cfda41c-14dd-44a4-870b-32270d44f75d-300x300.jpg 300w, https:\/\/pfeifenundzigarren.de\/wp-content\/uploads\/2024\/09\/0cfda41c-14dd-44a4-870b-32270d44f75d-768x768.jpg 768w, https:\/\/pfeifenundzigarren.de\/wp-content\/uploads\/2024\/09\/0cfda41c-14dd-44a4-870b-32270d44f75d-50x50.jpg 50w, https:\/\/pfeifenundzigarren.de\/wp-content\/uploads\/2024\/09\/0cfda41c-14dd-44a4-870b-32270d44f75d-100x100.jpg 100w\" sizes=\"(max-width: 800px) 100vw, 800px\" \/>\t\t\t\t\t\t\t\t\t\t\t\t\t\t\t<\/div>\n\t\t\t\t<\/div>\n\t\t\t\t\t<\/div>\n\t\t\t\t<\/div>\n\t\t<div class=\"wd-negative-gap elementor-element elementor-element-b02d899 e-flex e-con-boxed e-con e-parent\" data-id=\"b02d899\" data-element_type=\"container\" data-e-type=\"container\">\n\t\t\t\t\t<div class=\"e-con-inner\">\n\t\t\t\t<div class=\"elementor-element elementor-element-e90629b elementor-widget elementor-widget-image\" data-id=\"e90629b\" data-element_type=\"widget\" data-e-type=\"widget\" data-widget_type=\"image.default\">\n\t\t\t\t<div class=\"elementor-widget-container\">\n\t\t\t\t\t\t\t\t\t\t\t\t\t\t\t<img decoding=\"async\" width=\"800\" height=\"800\" src=\"https:\/\/pfeifenundzigarren.de\/wp-content\/uploads\/2024\/09\/6bd97185-6cfa-42ee-8b7d-e77b300b7b8f.jpg\" class=\"attachment-large size-large wp-image-3668 wvs-archive-product-image\" alt=\"Bruy\u00e8re-Apfelpfeife\" srcset=\"https:\/\/pfeifenundzigarren.de\/wp-content\/uploads\/2024\/09\/6bd97185-6cfa-42ee-8b7d-e77b300b7b8f.jpg 800w, https:\/\/pfeifenundzigarren.de\/wp-content\/uploads\/2024\/09\/6bd97185-6cfa-42ee-8b7d-e77b300b7b8f-150x150.jpg 150w, https:\/\/pfeifenundzigarren.de\/wp-content\/uploads\/2024\/09\/6bd97185-6cfa-42ee-8b7d-e77b300b7b8f-300x300.jpg 300w, https:\/\/pfeifenundzigarren.de\/wp-content\/uploads\/2024\/09\/6bd97185-6cfa-42ee-8b7d-e77b300b7b8f-768x768.jpg 768w, https:\/\/pfeifenundzigarren.de\/wp-content\/uploads\/2024\/09\/6bd97185-6cfa-42ee-8b7d-e77b300b7b8f-50x50.jpg 50w, https:\/\/pfeifenundzigarren.de\/wp-content\/uploads\/2024\/09\/6bd97185-6cfa-42ee-8b7d-e77b300b7b8f-100x100.jpg 100w\" sizes=\"(max-width: 800px) 100vw, 800px\" \/>\t\t\t\t\t\t\t\t\t\t\t\t\t\t\t<\/div>\n\t\t\t\t<\/div>\n\t\t\t\t\t<\/div>\n\t\t\t\t<\/div>\n\t\t<div class=\"wd-negative-gap elementor-element elementor-element-0472aec e-flex e-con-boxed e-con e-parent\" data-id=\"0472aec\" data-element_type=\"container\" data-e-type=\"container\">\n\t\t\t\t\t<div class=\"e-con-inner\">\n\t\t\t\t<div class=\"elementor-element elementor-element-ed547e6 elementor-widget elementor-widget-image\" data-id=\"ed547e6\" data-element_type=\"widget\" data-e-type=\"widget\" data-widget_type=\"image.default\">\n\t\t\t\t<div class=\"elementor-widget-container\">\n\t\t\t\t\t\t\t\t\t\t\t\t\t\t\t<img loading=\"lazy\" decoding=\"async\" width=\"800\" height=\"800\" src=\"https:\/\/pfeifenundzigarren.de\/wp-content\/uploads\/2024\/09\/65d203f1-7c50-4691-979a-66751eb3c51a.jpg\" class=\"attachment-large size-large wp-image-3669 wvs-archive-product-image\" alt=\"Bruy\u00e8re-Apfelpfeife\" srcset=\"https:\/\/pfeifenundzigarren.de\/wp-content\/uploads\/2024\/09\/65d203f1-7c50-4691-979a-66751eb3c51a.jpg 800w, https:\/\/pfeifenundzigarren.de\/wp-content\/uploads\/2024\/09\/65d203f1-7c50-4691-979a-66751eb3c51a-150x150.jpg 150w, https:\/\/pfeifenundzigarren.de\/wp-content\/uploads\/2024\/09\/65d203f1-7c50-4691-979a-66751eb3c51a-300x300.jpg 300w, https:\/\/pfeifenundzigarren.de\/wp-content\/uploads\/2024\/09\/65d203f1-7c50-4691-979a-66751eb3c51a-768x768.jpg 768w, https:\/\/pfeifenundzigarren.de\/wp-content\/uploads\/2024\/09\/65d203f1-7c50-4691-979a-66751eb3c51a-50x50.jpg 50w, https:\/\/pfeifenundzigarren.de\/wp-content\/uploads\/2024\/09\/65d203f1-7c50-4691-979a-66751eb3c51a-100x100.jpg 100w\" sizes=\"(max-width: 800px) 100vw, 800px\" \/>\t\t\t\t\t\t\t\t\t\t\t\t\t\t\t<\/div>\n\t\t\t\t<\/div>\n\t\t\t\t\t<\/div>\n\t\t\t\t<\/div>\n\t\t\t\t<\/div>","protected":false},"excerpt":{"rendered":"<p>Longitud del cuerpo del tubo: 147 mm Altura de la cazoleta: 41 mm Profundidad de la cazoleta: 31 mm Di\u00e1metro interior de la cazoleta: 20 mm<\/p>","protected":false},"featured_media":3661,"comment_status":"open","ping_status":"closed","template":"","meta":[],"product_brand":[],"product_cat":[86],"product_tag":[],"class_list":{"0":"post-3660","1":"product","2":"type-product","3":"status-publish","4":"has-post-thumbnail","6":"product_cat-bruyere-pfeifen","8":"first","9":"instock","10":"sale","11":"shipping-taxable","12":"purchasable","13":"product-type-simple"},"yoast_head":"<!-- This site is optimized with the Yoast SEO Premium plugin v26.7 (Yoast SEO v26.7) - https:\/\/yoast.com\/wordpress\/plugins\/seo\/ -->\n<title>Traditionelle d\u00e4nische Bruy\u00e8re-Apfelpfeife - Der beste Onlineshop f\u00fcr Pfeifen und Zigarrenzubeh\u00f6r in Deutschland<\/title>\n<meta name=\"robots\" content=\"index, follow, max-snippet:-1, max-image-preview:large, max-video-preview:-1\" \/>\n<link rel=\"canonical\" href=\"https:\/\/pfeifenundzigarren.de\/es\/Produkt\/traditionelle-daenische-bruyere-apfelpfeife\/\" \/>\n<meta property=\"og:locale\" content=\"es_ES\" \/>\n<meta property=\"og:type\" content=\"article\" \/>\n<meta property=\"og:title\" content=\"Traditionelle d\u00e4nische Bruy\u00e8re-Apfelpfeife\" \/>\n<meta property=\"og:description\" content=\"L\u00e4nge des Pfeifenk\u00f6rpers: 147 mm H\u00f6he des Pfeifenkopfs: 41 mm Tiefe des Pfeifenkopfs: 31 mm Innendurchmesser des Pfeifenkopfs: 20 mm\" \/>\n<meta property=\"og:url\" content=\"https:\/\/pfeifenundzigarren.de\/es\/Produkt\/traditionelle-daenische-bruyere-apfelpfeife\/\" \/>\n<meta property=\"og:site_name\" content=\"Der beste Onlineshop f\u00fcr Pfeifen und Zigarrenzubeh\u00f6r in Deutschland\" \/>\n<meta property=\"article:modified_time\" content=\"2024-09-25T05:57:57+00:00\" \/>\n<meta property=\"og:image\" content=\"https:\/\/pfeifenundzigarren.de\/wp-content\/uploads\/2024\/09\/826c8024-97c9-4efc-9c09-6e2f0cfd35d2.jpg\" \/>\n\t<meta property=\"og:image:width\" content=\"800\" \/>\n\t<meta property=\"og:image:height\" content=\"800\" \/>\n\t<meta property=\"og:image:type\" content=\"image\/jpeg\" \/>\n<meta name=\"twitter:card\" content=\"summary_large_image\" \/>\n<script type=\"application\/ld+json\" class=\"yoast-schema-graph\">{\"@context\":\"https:\/\/schema.org\",\"@graph\":[{\"@type\":\"WebPage\",\"@id\":\"https:\/\/pfeifenundzigarren.de\/Produkt\/traditionelle-daenische-bruyere-apfelpfeife\/\",\"url\":\"https:\/\/pfeifenundzigarren.de\/Produkt\/traditionelle-daenische-bruyere-apfelpfeife\/\",\"name\":\"Traditionelle d\u00e4nische Bruy\u00e8re-Apfelpfeife - Der beste Onlineshop f\u00fcr Pfeifen und Zigarrenzubeh\u00f6r in Deutschland\",\"isPartOf\":{\"@id\":\"https:\/\/pfeifenundzigarren.de\/#website\"},\"primaryImageOfPage\":{\"@id\":\"https:\/\/pfeifenundzigarren.de\/Produkt\/traditionelle-daenische-bruyere-apfelpfeife\/#primaryimage\"},\"image\":{\"@id\":\"https:\/\/pfeifenundzigarren.de\/Produkt\/traditionelle-daenische-bruyere-apfelpfeife\/#primaryimage\"},\"thumbnailUrl\":\"https:\/\/pfeifenundzigarren.de\/wp-content\/uploads\/2024\/09\/826c8024-97c9-4efc-9c09-6e2f0cfd35d2.jpg\",\"datePublished\":\"2024-09-19T07:25:19+00:00\",\"dateModified\":\"2024-09-25T05:57:57+00:00\",\"breadcrumb\":{\"@id\":\"https:\/\/pfeifenundzigarren.de\/Produkt\/traditionelle-daenische-bruyere-apfelpfeife\/#breadcrumb\"},\"inLanguage\":\"es\",\"potentialAction\":[{\"@type\":\"ReadAction\",\"target\":[\"https:\/\/pfeifenundzigarren.de\/Produkt\/traditionelle-daenische-bruyere-apfelpfeife\/\"]}]},{\"@type\":\"ImageObject\",\"inLanguage\":\"es\",\"@id\":\"https:\/\/pfeifenundzigarren.de\/Produkt\/traditionelle-daenische-bruyere-apfelpfeife\/#primaryimage\",\"url\":\"https:\/\/pfeifenundzigarren.de\/wp-content\/uploads\/2024\/09\/826c8024-97c9-4efc-9c09-6e2f0cfd35d2.jpg\",\"contentUrl\":\"https:\/\/pfeifenundzigarren.de\/wp-content\/uploads\/2024\/09\/826c8024-97c9-4efc-9c09-6e2f0cfd35d2.jpg\",\"width\":800,\"height\":800,\"caption\":\"Traditionelle d\u00e4nische Bruy\u00e8re-Apfelpfeife\"},{\"@type\":\"BreadcrumbList\",\"@id\":\"https:\/\/pfeifenundzigarren.de\/Produkt\/traditionelle-daenische-bruyere-apfelpfeife\/#breadcrumb\",\"itemListElement\":[{\"@type\":\"ListItem\",\"position\":1,\"name\":\"Home\",\"item\":\"https:\/\/pfeifenundzigarren.de\/\"},{\"@type\":\"ListItem\",\"position\":2,\"name\":\"Shop\",\"item\":\"https:\/\/pfeifenundzigarren.de\/shop\/\"},{\"@type\":\"ListItem\",\"position\":3,\"name\":\"Traditionelle d\u00e4nische Bruy\u00e8re-Apfelpfeife\"}]},{\"@type\":\"WebSite\",\"@id\":\"https:\/\/pfeifenundzigarren.de\/#website\",\"url\":\"https:\/\/pfeifenundzigarren.de\/\",\"name\":\"Der beste Onlineshop f\u00fcr Pfeifen und Zigarrenzubeh\u00f6r in Deutschland\",\"description\":\"\",\"publisher\":{\"@id\":\"https:\/\/pfeifenundzigarren.de\/#organization\"},\"potentialAction\":[{\"@type\":\"SearchAction\",\"target\":{\"@type\":\"EntryPoint\",\"urlTemplate\":\"https:\/\/pfeifenundzigarren.de\/?s={search_term_string}\"},\"query-input\":{\"@type\":\"PropertyValueSpecification\",\"valueRequired\":true,\"valueName\":\"search_term_string\"}}],\"inLanguage\":\"es\"},{\"@type\":\"Organization\",\"@id\":\"https:\/\/pfeifenundzigarren.de\/#organization\",\"name\":\"Der beste Onlineshop f\u00fcr Pfeifen und Zigarrenzubeh\u00f6r in Deutschland\",\"url\":\"https:\/\/pfeifenundzigarren.de\/\",\"logo\":{\"@type\":\"ImageObject\",\"inLanguage\":\"es\",\"@id\":\"https:\/\/pfeifenundzigarren.de\/#\/schema\/logo\/image\/\",\"url\":\"https:\/\/pfeifenundzigarren.de\/wp-content\/uploads\/2024\/09\/cropped-Luxury-and-Vintage-Ornamental-Coffee-Shop-Logo.png\",\"contentUrl\":\"https:\/\/pfeifenundzigarren.de\/wp-content\/uploads\/2024\/09\/cropped-Luxury-and-Vintage-Ornamental-Coffee-Shop-Logo.png\",\"width\":512,\"height\":512,\"caption\":\"Der beste Onlineshop f\u00fcr Pfeifen und Zigarrenzubeh\u00f6r in Deutschland\"},\"image\":{\"@id\":\"https:\/\/pfeifenundzigarren.de\/#\/schema\/logo\/image\/\"}}]}<\/script>\n<!-- \/ Yoast SEO Premium plugin. -->","yoast_head_json":{"title":"Traditionelle d\u00e4nische Bruy\u00e8re-Apfelpfeife - Der beste Onlineshop f\u00fcr Pfeifen und Zigarrenzubeh\u00f6r in Deutschland","robots":{"index":"index","follow":"follow","max-snippet":"max-snippet:-1","max-image-preview":"max-image-preview:large","max-video-preview":"max-video-preview:-1"},"canonical":"https:\/\/pfeifenundzigarren.de\/es\/Produkt\/traditionelle-daenische-bruyere-apfelpfeife\/","og_locale":"es_ES","og_type":"article","og_title":"Traditionelle d\u00e4nische Bruy\u00e8re-Apfelpfeife","og_description":"L\u00e4nge des Pfeifenk\u00f6rpers: 147 mm H\u00f6he des Pfeifenkopfs: 41 mm Tiefe des Pfeifenkopfs: 31 mm Innendurchmesser des Pfeifenkopfs: 20 mm","og_url":"https:\/\/pfeifenundzigarren.de\/es\/Produkt\/traditionelle-daenische-bruyere-apfelpfeife\/","og_site_name":"Der beste Onlineshop f\u00fcr Pfeifen und Zigarrenzubeh\u00f6r in Deutschland","article_modified_time":"2024-09-25T05:57:57+00:00","og_image":[{"width":800,"height":800,"url":"https:\/\/pfeifenundzigarren.de\/wp-content\/uploads\/2024\/09\/826c8024-97c9-4efc-9c09-6e2f0cfd35d2.jpg","type":"image\/jpeg"}],"twitter_card":"summary_large_image","schema":{"@context":"https:\/\/schema.org","@graph":[{"@type":"WebPage","@id":"https:\/\/pfeifenundzigarren.de\/Produkt\/traditionelle-daenische-bruyere-apfelpfeife\/","url":"https:\/\/pfeifenundzigarren.de\/Produkt\/traditionelle-daenische-bruyere-apfelpfeife\/","name":"Traditionelle d\u00e4nische Bruy\u00e8re-Apfelpfeife - Der beste Onlineshop f\u00fcr Pfeifen und Zigarrenzubeh\u00f6r in Deutschland","isPartOf":{"@id":"https:\/\/pfeifenundzigarren.de\/#website"},"primaryImageOfPage":{"@id":"https:\/\/pfeifenundzigarren.de\/Produkt\/traditionelle-daenische-bruyere-apfelpfeife\/#primaryimage"},"image":{"@id":"https:\/\/pfeifenundzigarren.de\/Produkt\/traditionelle-daenische-bruyere-apfelpfeife\/#primaryimage"},"thumbnailUrl":"https:\/\/pfeifenundzigarren.de\/wp-content\/uploads\/2024\/09\/826c8024-97c9-4efc-9c09-6e2f0cfd35d2.jpg","datePublished":"2024-09-19T07:25:19+00:00","dateModified":"2024-09-25T05:57:57+00:00","breadcrumb":{"@id":"https:\/\/pfeifenundzigarren.de\/Produkt\/traditionelle-daenische-bruyere-apfelpfeife\/#breadcrumb"},"inLanguage":"es","potentialAction":[{"@type":"ReadAction","target":["https:\/\/pfeifenundzigarren.de\/Produkt\/traditionelle-daenische-bruyere-apfelpfeife\/"]}]},{"@type":"ImageObject","inLanguage":"es","@id":"https:\/\/pfeifenundzigarren.de\/Produkt\/traditionelle-daenische-bruyere-apfelpfeife\/#primaryimage","url":"https:\/\/pfeifenundzigarren.de\/wp-content\/uploads\/2024\/09\/826c8024-97c9-4efc-9c09-6e2f0cfd35d2.jpg","contentUrl":"https:\/\/pfeifenundzigarren.de\/wp-content\/uploads\/2024\/09\/826c8024-97c9-4efc-9c09-6e2f0cfd35d2.jpg","width":800,"height":800,"caption":"Traditionelle d\u00e4nische Bruy\u00e8re-Apfelpfeife"},{"@type":"BreadcrumbList","@id":"https:\/\/pfeifenundzigarren.de\/Produkt\/traditionelle-daenische-bruyere-apfelpfeife\/#breadcrumb","itemListElement":[{"@type":"ListItem","position":1,"name":"Home","item":"https:\/\/pfeifenundzigarren.de\/"},{"@type":"ListItem","position":2,"name":"Shop","item":"https:\/\/pfeifenundzigarren.de\/shop\/"},{"@type":"ListItem","position":3,"name":"Traditionelle d\u00e4nische Bruy\u00e8re-Apfelpfeife"}]},{"@type":"WebSite","@id":"https:\/\/pfeifenundzigarren.de\/#website","url":"https:\/\/pfeifenundzigarren.de\/","name":"La mejor tienda en l\u00ednea de pipas y accesorios para puros de Alemania","description":"","publisher":{"@id":"https:\/\/pfeifenundzigarren.de\/#organization"},"potentialAction":[{"@type":"SearchAction","target":{"@type":"EntryPoint","urlTemplate":"https:\/\/pfeifenundzigarren.de\/?s={search_term_string}"},"query-input":{"@type":"PropertyValueSpecification","valueRequired":true,"valueName":"search_term_string"}}],"inLanguage":"es"},{"@type":"Organization","@id":"https:\/\/pfeifenundzigarren.de\/#organization","name":"La mejor tienda en l\u00ednea de pipas y accesorios para puros de Alemania","url":"https:\/\/pfeifenundzigarren.de\/","logo":{"@type":"ImageObject","inLanguage":"es","@id":"https:\/\/pfeifenundzigarren.de\/#\/schema\/logo\/image\/","url":"https:\/\/pfeifenundzigarren.de\/wp-content\/uploads\/2024\/09\/cropped-Luxury-and-Vintage-Ornamental-Coffee-Shop-Logo.png","contentUrl":"https:\/\/pfeifenundzigarren.de\/wp-content\/uploads\/2024\/09\/cropped-Luxury-and-Vintage-Ornamental-Coffee-Shop-Logo.png","width":512,"height":512,"caption":"Der beste Onlineshop f\u00fcr Pfeifen und Zigarrenzubeh\u00f6r in Deutschland"},"image":{"@id":"https:\/\/pfeifenundzigarren.de\/#\/schema\/logo\/image\/"}}]}},"_links":{"self":[{"href":"https:\/\/pfeifenundzigarren.de\/es\/wp-json\/wp\/v2\/product\/3660","targetHints":{"allow":["GET"]}}],"collection":[{"href":"https:\/\/pfeifenundzigarren.de\/es\/wp-json\/wp\/v2\/product"}],"about":[{"href":"https:\/\/pfeifenundzigarren.de\/es\/wp-json\/wp\/v2\/types\/product"}],"replies":[{"embeddable":true,"href":"https:\/\/pfeifenundzigarren.de\/es\/wp-json\/wp\/v2\/comments?post=3660"}],"version-history":[{"count":0,"href":"https:\/\/pfeifenundzigarren.de\/es\/wp-json\/wp\/v2\/product\/3660\/revisions"}],"wp:featuredmedia":[{"embeddable":true,"href":"https:\/\/pfeifenundzigarren.de\/es\/wp-json\/wp\/v2\/media\/3661"}],"wp:attachment":[{"href":"https:\/\/pfeifenundzigarren.de\/es\/wp-json\/wp\/v2\/media?parent=3660"}],"wp:term":[{"taxonomy":"product_brand","embeddable":true,"href":"https:\/\/pfeifenundzigarren.de\/es\/wp-json\/wp\/v2\/product_brand?post=3660"},{"taxonomy":"product_cat","embeddable":true,"href":"https:\/\/pfeifenundzigarren.de\/es\/wp-json\/wp\/v2\/product_cat?post=3660"},{"taxonomy":"product_tag","embeddable":true,"href":"https:\/\/pfeifenundzigarren.de\/es\/wp-json\/wp\/v2\/product_tag?post=3660"}],"curies":[{"name":"wp","href":"https:\/\/api.w.org\/{rel}","templated":true}]}}