{"id":3626,"date":"2024-09-19T08:56:11","date_gmt":"2024-09-19T06:56:11","guid":{"rendered":"https:\/\/pfeifenundzigarren.de\/?post_type=product&#038;p=3626"},"modified":"2024-09-25T07:11:23","modified_gmt":"2024-09-25T05:11:23","slug":"importierte-freehand-bruyerepfeife-fuer-herren","status":"publish","type":"product","link":"https:\/\/pfeifenundzigarren.de\/es\/Produkt\/importierte-freehand-bruyerepfeife-fuer-herren\/","title":{"rendered":"Pipa de brezo importada para hombre"},"content":{"rendered":"<div data-elementor-type=\"product-post\" data-elementor-id=\"3626\" class=\"elementor elementor-3626\" data-elementor-post-type=\"product\">\n\t\t\t\t<div class=\"wd-negative-gap elementor-element elementor-element-33f85545 e-flex e-con-boxed e-con e-parent\" data-id=\"33f85545\" data-element_type=\"container\" data-e-type=\"container\">\n\t\t\t\t\t<div class=\"e-con-inner\">\n\t\t\t\t<div class=\"elementor-element elementor-element-2126195b color-scheme-inherit text-left elementor-widget elementor-widget-text-editor\" data-id=\"2126195b\" data-element_type=\"widget\" data-e-type=\"widget\" data-widget_type=\"text-editor.default\">\n\t\t\t\t<div class=\"elementor-widget-container\">\n\t\t\t\t\t\t\t\t\t<ul>\r\n \t<li><strong>Longitud del cuerpo del tubo<\/strong>: 156 mm<\/li>\r\n \t<li><strong>Altura del cuerpo del tubo<\/strong>: 48 mm<\/li>\r\n \t<li><strong>Profundidad de la cazoleta<\/strong>29 mm<\/li>\r\n \t<li><strong>Di\u00e1metro interior de la cazoleta<\/strong>: 19 mm<\/li>\r\n \t<li><strong>Di\u00e1metro exterior de la cazoleta<\/strong>: 53 mm<\/li>\r\n \t<li><strong>Longitud de la boquilla<\/strong>: 74 mm<\/li>\r\n \t<li><strong>Di\u00e1metro del canal de humo<\/strong>: 3 mm<\/li>\r\n<\/ul>\t\t\t\t\t\t\t\t<\/div>\n\t\t\t\t<\/div>\n\t\t\t\t\t<\/div>\n\t\t\t\t<\/div>\n\t\t<div class=\"wd-negative-gap elementor-element elementor-element-f1ac401 e-flex e-con-boxed e-con e-parent\" data-id=\"f1ac401\" data-element_type=\"container\" data-e-type=\"container\">\n\t\t\t\t\t<div class=\"e-con-inner\">\n\t\t\t\t<div class=\"elementor-element elementor-element-aa8d6c2 elementor-widget elementor-widget-image\" data-id=\"aa8d6c2\" data-element_type=\"widget\" data-e-type=\"widget\" data-widget_type=\"image.default\">\n\t\t\t\t<div class=\"elementor-widget-container\">\n\t\t\t\t\t\t\t\t\t\t\t\t\t\t\t<img fetchpriority=\"high\" decoding=\"async\" width=\"744\" height=\"1024\" src=\"https:\/\/pfeifenundzigarren.de\/wp-content\/uploads\/2024\/09\/a42d09f8-e551-410d-ac51-f44a6247fb9b-744x1024.jpg\" class=\"attachment-large size-large wp-image-3636 wvs-archive-product-image\" alt=\"Herrenpfeife\" srcset=\"https:\/\/pfeifenundzigarren.de\/wp-content\/uploads\/2024\/09\/a42d09f8-e551-410d-ac51-f44a6247fb9b-744x1024.jpg 744w, https:\/\/pfeifenundzigarren.de\/wp-content\/uploads\/2024\/09\/a42d09f8-e551-410d-ac51-f44a6247fb9b-150x207.jpg 150w, https:\/\/pfeifenundzigarren.de\/wp-content\/uploads\/2024\/09\/a42d09f8-e551-410d-ac51-f44a6247fb9b-218x300.jpg 218w, https:\/\/pfeifenundzigarren.de\/wp-content\/uploads\/2024\/09\/a42d09f8-e551-410d-ac51-f44a6247fb9b-768x1058.jpg 768w, https:\/\/pfeifenundzigarren.de\/wp-content\/uploads\/2024\/09\/a42d09f8-e551-410d-ac51-f44a6247fb9b.jpg 790w\" sizes=\"(max-width: 744px) 100vw, 744px\" \/>\t\t\t\t\t\t\t\t\t\t\t\t\t\t\t<\/div>\n\t\t\t\t<\/div>\n\t\t\t\t\t<\/div>\n\t\t\t\t<\/div>\n\t\t<div class=\"wd-negative-gap elementor-element elementor-element-6787b01 e-flex e-con-boxed e-con e-parent\" data-id=\"6787b01\" data-element_type=\"container\" data-e-type=\"container\">\n\t\t\t\t\t<div class=\"e-con-inner\">\n\t\t\t\t<div class=\"elementor-element elementor-element-f68d086 elementor-widget elementor-widget-image\" data-id=\"f68d086\" data-element_type=\"widget\" data-e-type=\"widget\" data-widget_type=\"image.default\">\n\t\t\t\t<div class=\"elementor-widget-container\">\n\t\t\t\t\t\t\t\t\t\t\t\t\t\t\t<img decoding=\"async\" width=\"737\" height=\"1024\" src=\"https:\/\/pfeifenundzigarren.de\/wp-content\/uploads\/2024\/09\/f5896d47-f765-480d-b905-2faaf96a3d1c-737x1024.jpg\" class=\"attachment-large size-large wp-image-3637 wvs-archive-product-image\" alt=\"Herrenpfeife\" srcset=\"https:\/\/pfeifenundzigarren.de\/wp-content\/uploads\/2024\/09\/f5896d47-f765-480d-b905-2faaf96a3d1c-737x1024.jpg 737w, https:\/\/pfeifenundzigarren.de\/wp-content\/uploads\/2024\/09\/f5896d47-f765-480d-b905-2faaf96a3d1c-150x208.jpg 150w, https:\/\/pfeifenundzigarren.de\/wp-content\/uploads\/2024\/09\/f5896d47-f765-480d-b905-2faaf96a3d1c-216x300.jpg 216w, https:\/\/pfeifenundzigarren.de\/wp-content\/uploads\/2024\/09\/f5896d47-f765-480d-b905-2faaf96a3d1c-768x1066.jpg 768w, https:\/\/pfeifenundzigarren.de\/wp-content\/uploads\/2024\/09\/f5896d47-f765-480d-b905-2faaf96a3d1c.jpg 790w\" sizes=\"(max-width: 737px) 100vw, 737px\" \/>\t\t\t\t\t\t\t\t\t\t\t\t\t\t\t<\/div>\n\t\t\t\t<\/div>\n\t\t\t\t\t<\/div>\n\t\t\t\t<\/div>\n\t\t\t\t<\/div>","protected":false},"excerpt":{"rendered":"<p>Longitud del cuerpo del tubo: 156 mm Altura del cuerpo del tubo: 48 mm Profundidad de la cazoleta: 29 mm Di\u00e1metro interior de la cazoleta: 19 mm<\/p>","protected":false},"featured_media":3632,"comment_status":"open","ping_status":"closed","template":"","meta":[],"product_brand":[],"product_cat":[74],"product_tag":[],"class_list":{"0":"post-3626","1":"product","2":"type-product","3":"status-publish","4":"has-post-thumbnail","6":"product_cat-freehand-pfeifen","8":"first","9":"instock","10":"shipping-taxable","11":"purchasable","12":"product-type-simple"},"yoast_head":"<!-- This site is optimized with the Yoast SEO Premium plugin v26.7 (Yoast SEO v26.7) - https:\/\/yoast.com\/wordpress\/plugins\/seo\/ -->\n<title>Importierte Freehand-Bruy\u00e8repfeife f\u00fcr Herren - Der beste Onlineshop f\u00fcr Pfeifen und Zigarrenzubeh\u00f6r in Deutschland<\/title>\n<meta name=\"robots\" content=\"index, follow, max-snippet:-1, max-image-preview:large, max-video-preview:-1\" \/>\n<link rel=\"canonical\" href=\"https:\/\/pfeifenundzigarren.de\/es\/Produkt\/importierte-freehand-bruyerepfeife-fuer-herren\/\" \/>\n<meta property=\"og:locale\" content=\"es_ES\" \/>\n<meta property=\"og:type\" content=\"article\" \/>\n<meta property=\"og:title\" content=\"Importierte Freehand-Bruy\u00e8repfeife f\u00fcr Herren\" \/>\n<meta property=\"og:description\" content=\"L\u00e4nge des Pfeifenk\u00f6rpers: 156 mm H\u00f6he des Pfeifenk\u00f6rpers: 48 mm Tiefe des Pfeifenkopfs: 29 mm Innendurchmesser des Pfeifenkopfs: 19 mm\" \/>\n<meta property=\"og:url\" content=\"https:\/\/pfeifenundzigarren.de\/es\/Produkt\/importierte-freehand-bruyerepfeife-fuer-herren\/\" \/>\n<meta property=\"og:site_name\" content=\"Der beste Onlineshop f\u00fcr Pfeifen und Zigarrenzubeh\u00f6r in Deutschland\" \/>\n<meta property=\"article:modified_time\" content=\"2024-09-25T05:11:23+00:00\" \/>\n<meta property=\"og:image\" content=\"https:\/\/pfeifenundzigarren.de\/wp-content\/uploads\/2024\/09\/e276e437-b295-4348-b5fa-d087d3dd1786.png\" \/>\n\t<meta property=\"og:image:width\" content=\"800\" \/>\n\t<meta property=\"og:image:height\" content=\"800\" \/>\n\t<meta property=\"og:image:type\" content=\"image\/png\" \/>\n<meta name=\"twitter:card\" content=\"summary_large_image\" \/>\n<script type=\"application\/ld+json\" class=\"yoast-schema-graph\">{\"@context\":\"https:\/\/schema.org\",\"@graph\":[{\"@type\":\"WebPage\",\"@id\":\"https:\/\/pfeifenundzigarren.de\/Produkt\/importierte-freehand-bruyerepfeife-fuer-herren\/\",\"url\":\"https:\/\/pfeifenundzigarren.de\/Produkt\/importierte-freehand-bruyerepfeife-fuer-herren\/\",\"name\":\"Importierte Freehand-Bruy\u00e8repfeife f\u00fcr Herren - Der beste Onlineshop f\u00fcr Pfeifen und Zigarrenzubeh\u00f6r in Deutschland\",\"isPartOf\":{\"@id\":\"https:\/\/pfeifenundzigarren.de\/#website\"},\"primaryImageOfPage\":{\"@id\":\"https:\/\/pfeifenundzigarren.de\/Produkt\/importierte-freehand-bruyerepfeife-fuer-herren\/#primaryimage\"},\"image\":{\"@id\":\"https:\/\/pfeifenundzigarren.de\/Produkt\/importierte-freehand-bruyerepfeife-fuer-herren\/#primaryimage\"},\"thumbnailUrl\":\"https:\/\/pfeifenundzigarren.de\/wp-content\/uploads\/2024\/09\/e276e437-b295-4348-b5fa-d087d3dd1786.png\",\"datePublished\":\"2024-09-19T06:56:11+00:00\",\"dateModified\":\"2024-09-25T05:11:23+00:00\",\"breadcrumb\":{\"@id\":\"https:\/\/pfeifenundzigarren.de\/Produkt\/importierte-freehand-bruyerepfeife-fuer-herren\/#breadcrumb\"},\"inLanguage\":\"es\",\"potentialAction\":[{\"@type\":\"ReadAction\",\"target\":[\"https:\/\/pfeifenundzigarren.de\/Produkt\/importierte-freehand-bruyerepfeife-fuer-herren\/\"]}]},{\"@type\":\"ImageObject\",\"inLanguage\":\"es\",\"@id\":\"https:\/\/pfeifenundzigarren.de\/Produkt\/importierte-freehand-bruyerepfeife-fuer-herren\/#primaryimage\",\"url\":\"https:\/\/pfeifenundzigarren.de\/wp-content\/uploads\/2024\/09\/e276e437-b295-4348-b5fa-d087d3dd1786.png\",\"contentUrl\":\"https:\/\/pfeifenundzigarren.de\/wp-content\/uploads\/2024\/09\/e276e437-b295-4348-b5fa-d087d3dd1786.png\",\"width\":800,\"height\":800,\"caption\":\"Importierte Freehand-Bruy\u00e8repfeife f\u00fcr Herren\"},{\"@type\":\"BreadcrumbList\",\"@id\":\"https:\/\/pfeifenundzigarren.de\/Produkt\/importierte-freehand-bruyerepfeife-fuer-herren\/#breadcrumb\",\"itemListElement\":[{\"@type\":\"ListItem\",\"position\":1,\"name\":\"Home\",\"item\":\"https:\/\/pfeifenundzigarren.de\/\"},{\"@type\":\"ListItem\",\"position\":2,\"name\":\"Shop\",\"item\":\"https:\/\/pfeifenundzigarren.de\/shop\/\"},{\"@type\":\"ListItem\",\"position\":3,\"name\":\"Importierte Freehand-Bruy\u00e8repfeife f\u00fcr Herren\"}]},{\"@type\":\"WebSite\",\"@id\":\"https:\/\/pfeifenundzigarren.de\/#website\",\"url\":\"https:\/\/pfeifenundzigarren.de\/\",\"name\":\"Der beste Onlineshop f\u00fcr Pfeifen und Zigarrenzubeh\u00f6r in Deutschland\",\"description\":\"\",\"publisher\":{\"@id\":\"https:\/\/pfeifenundzigarren.de\/#organization\"},\"potentialAction\":[{\"@type\":\"SearchAction\",\"target\":{\"@type\":\"EntryPoint\",\"urlTemplate\":\"https:\/\/pfeifenundzigarren.de\/?s={search_term_string}\"},\"query-input\":{\"@type\":\"PropertyValueSpecification\",\"valueRequired\":true,\"valueName\":\"search_term_string\"}}],\"inLanguage\":\"es\"},{\"@type\":\"Organization\",\"@id\":\"https:\/\/pfeifenundzigarren.de\/#organization\",\"name\":\"Der beste Onlineshop f\u00fcr Pfeifen und Zigarrenzubeh\u00f6r in Deutschland\",\"url\":\"https:\/\/pfeifenundzigarren.de\/\",\"logo\":{\"@type\":\"ImageObject\",\"inLanguage\":\"es\",\"@id\":\"https:\/\/pfeifenundzigarren.de\/#\/schema\/logo\/image\/\",\"url\":\"https:\/\/pfeifenundzigarren.de\/wp-content\/uploads\/2024\/09\/cropped-Luxury-and-Vintage-Ornamental-Coffee-Shop-Logo.png\",\"contentUrl\":\"https:\/\/pfeifenundzigarren.de\/wp-content\/uploads\/2024\/09\/cropped-Luxury-and-Vintage-Ornamental-Coffee-Shop-Logo.png\",\"width\":512,\"height\":512,\"caption\":\"Der beste Onlineshop f\u00fcr Pfeifen und Zigarrenzubeh\u00f6r in Deutschland\"},\"image\":{\"@id\":\"https:\/\/pfeifenundzigarren.de\/#\/schema\/logo\/image\/\"}}]}<\/script>\n<!-- \/ Yoast SEO Premium plugin. -->","yoast_head_json":{"title":"Importierte Freehand-Bruy\u00e8repfeife f\u00fcr Herren - Der beste Onlineshop f\u00fcr Pfeifen und Zigarrenzubeh\u00f6r in Deutschland","robots":{"index":"index","follow":"follow","max-snippet":"max-snippet:-1","max-image-preview":"max-image-preview:large","max-video-preview":"max-video-preview:-1"},"canonical":"https:\/\/pfeifenundzigarren.de\/es\/Produkt\/importierte-freehand-bruyerepfeife-fuer-herren\/","og_locale":"es_ES","og_type":"article","og_title":"Importierte Freehand-Bruy\u00e8repfeife f\u00fcr Herren","og_description":"L\u00e4nge des Pfeifenk\u00f6rpers: 156 mm H\u00f6he des Pfeifenk\u00f6rpers: 48 mm Tiefe des Pfeifenkopfs: 29 mm Innendurchmesser des Pfeifenkopfs: 19 mm","og_url":"https:\/\/pfeifenundzigarren.de\/es\/Produkt\/importierte-freehand-bruyerepfeife-fuer-herren\/","og_site_name":"Der beste Onlineshop f\u00fcr Pfeifen und Zigarrenzubeh\u00f6r in Deutschland","article_modified_time":"2024-09-25T05:11:23+00:00","og_image":[{"width":800,"height":800,"url":"https:\/\/pfeifenundzigarren.de\/wp-content\/uploads\/2024\/09\/e276e437-b295-4348-b5fa-d087d3dd1786.png","type":"image\/png"}],"twitter_card":"summary_large_image","schema":{"@context":"https:\/\/schema.org","@graph":[{"@type":"WebPage","@id":"https:\/\/pfeifenundzigarren.de\/Produkt\/importierte-freehand-bruyerepfeife-fuer-herren\/","url":"https:\/\/pfeifenundzigarren.de\/Produkt\/importierte-freehand-bruyerepfeife-fuer-herren\/","name":"Importierte Freehand-Bruy\u00e8repfeife f\u00fcr Herren - Der beste Onlineshop f\u00fcr Pfeifen und Zigarrenzubeh\u00f6r in Deutschland","isPartOf":{"@id":"https:\/\/pfeifenundzigarren.de\/#website"},"primaryImageOfPage":{"@id":"https:\/\/pfeifenundzigarren.de\/Produkt\/importierte-freehand-bruyerepfeife-fuer-herren\/#primaryimage"},"image":{"@id":"https:\/\/pfeifenundzigarren.de\/Produkt\/importierte-freehand-bruyerepfeife-fuer-herren\/#primaryimage"},"thumbnailUrl":"https:\/\/pfeifenundzigarren.de\/wp-content\/uploads\/2024\/09\/e276e437-b295-4348-b5fa-d087d3dd1786.png","datePublished":"2024-09-19T06:56:11+00:00","dateModified":"2024-09-25T05:11:23+00:00","breadcrumb":{"@id":"https:\/\/pfeifenundzigarren.de\/Produkt\/importierte-freehand-bruyerepfeife-fuer-herren\/#breadcrumb"},"inLanguage":"es","potentialAction":[{"@type":"ReadAction","target":["https:\/\/pfeifenundzigarren.de\/Produkt\/importierte-freehand-bruyerepfeife-fuer-herren\/"]}]},{"@type":"ImageObject","inLanguage":"es","@id":"https:\/\/pfeifenundzigarren.de\/Produkt\/importierte-freehand-bruyerepfeife-fuer-herren\/#primaryimage","url":"https:\/\/pfeifenundzigarren.de\/wp-content\/uploads\/2024\/09\/e276e437-b295-4348-b5fa-d087d3dd1786.png","contentUrl":"https:\/\/pfeifenundzigarren.de\/wp-content\/uploads\/2024\/09\/e276e437-b295-4348-b5fa-d087d3dd1786.png","width":800,"height":800,"caption":"Importierte Freehand-Bruy\u00e8repfeife f\u00fcr Herren"},{"@type":"BreadcrumbList","@id":"https:\/\/pfeifenundzigarren.de\/Produkt\/importierte-freehand-bruyerepfeife-fuer-herren\/#breadcrumb","itemListElement":[{"@type":"ListItem","position":1,"name":"Home","item":"https:\/\/pfeifenundzigarren.de\/"},{"@type":"ListItem","position":2,"name":"Shop","item":"https:\/\/pfeifenundzigarren.de\/shop\/"},{"@type":"ListItem","position":3,"name":"Importierte Freehand-Bruy\u00e8repfeife f\u00fcr Herren"}]},{"@type":"WebSite","@id":"https:\/\/pfeifenundzigarren.de\/#website","url":"https:\/\/pfeifenundzigarren.de\/","name":"La mejor tienda en l\u00ednea de pipas y accesorios para puros de Alemania","description":"","publisher":{"@id":"https:\/\/pfeifenundzigarren.de\/#organization"},"potentialAction":[{"@type":"SearchAction","target":{"@type":"EntryPoint","urlTemplate":"https:\/\/pfeifenundzigarren.de\/?s={search_term_string}"},"query-input":{"@type":"PropertyValueSpecification","valueRequired":true,"valueName":"search_term_string"}}],"inLanguage":"es"},{"@type":"Organization","@id":"https:\/\/pfeifenundzigarren.de\/#organization","name":"La mejor tienda en l\u00ednea de pipas y accesorios para puros de Alemania","url":"https:\/\/pfeifenundzigarren.de\/","logo":{"@type":"ImageObject","inLanguage":"es","@id":"https:\/\/pfeifenundzigarren.de\/#\/schema\/logo\/image\/","url":"https:\/\/pfeifenundzigarren.de\/wp-content\/uploads\/2024\/09\/cropped-Luxury-and-Vintage-Ornamental-Coffee-Shop-Logo.png","contentUrl":"https:\/\/pfeifenundzigarren.de\/wp-content\/uploads\/2024\/09\/cropped-Luxury-and-Vintage-Ornamental-Coffee-Shop-Logo.png","width":512,"height":512,"caption":"Der beste Onlineshop f\u00fcr Pfeifen und Zigarrenzubeh\u00f6r in Deutschland"},"image":{"@id":"https:\/\/pfeifenundzigarren.de\/#\/schema\/logo\/image\/"}}]}},"_links":{"self":[{"href":"https:\/\/pfeifenundzigarren.de\/es\/wp-json\/wp\/v2\/product\/3626","targetHints":{"allow":["GET"]}}],"collection":[{"href":"https:\/\/pfeifenundzigarren.de\/es\/wp-json\/wp\/v2\/product"}],"about":[{"href":"https:\/\/pfeifenundzigarren.de\/es\/wp-json\/wp\/v2\/types\/product"}],"replies":[{"embeddable":true,"href":"https:\/\/pfeifenundzigarren.de\/es\/wp-json\/wp\/v2\/comments?post=3626"}],"version-history":[{"count":0,"href":"https:\/\/pfeifenundzigarren.de\/es\/wp-json\/wp\/v2\/product\/3626\/revisions"}],"wp:featuredmedia":[{"embeddable":true,"href":"https:\/\/pfeifenundzigarren.de\/es\/wp-json\/wp\/v2\/media\/3632"}],"wp:attachment":[{"href":"https:\/\/pfeifenundzigarren.de\/es\/wp-json\/wp\/v2\/media?parent=3626"}],"wp:term":[{"taxonomy":"product_brand","embeddable":true,"href":"https:\/\/pfeifenundzigarren.de\/es\/wp-json\/wp\/v2\/product_brand?post=3626"},{"taxonomy":"product_cat","embeddable":true,"href":"https:\/\/pfeifenundzigarren.de\/es\/wp-json\/wp\/v2\/product_cat?post=3626"},{"taxonomy":"product_tag","embeddable":true,"href":"https:\/\/pfeifenundzigarren.de\/es\/wp-json\/wp\/v2\/product_tag?post=3626"}],"curies":[{"name":"wp","href":"https:\/\/api.w.org\/{rel}","templated":true}]}}