{"id":3612,"date":"2024-09-19T08:41:14","date_gmt":"2024-09-19T06:41:14","guid":{"rendered":"https:\/\/pfeifenundzigarren.de\/?post_type=product&#038;p=3612"},"modified":"2024-09-25T07:11:23","modified_gmt":"2024-09-25T05:11:23","slug":"freehand-full-bent-bruyerepfeife","status":"publish","type":"product","link":"https:\/\/pfeifenundzigarren.de\/es\/Produkt\/freehand-full-bent-bruyerepfeife\/","title":{"rendered":"Pipa de brezo Freehand Full Bent"},"content":{"rendered":"<div data-elementor-type=\"product-post\" data-elementor-id=\"3612\" class=\"elementor elementor-3612\" data-elementor-post-type=\"product\">\n\t\t\t\t<div class=\"wd-negative-gap elementor-element elementor-element-54bfd7d2 e-flex e-con-boxed e-con e-parent\" data-id=\"54bfd7d2\" data-element_type=\"container\" data-e-type=\"container\">\n\t\t\t\t\t<div class=\"e-con-inner\">\n\t\t\t\t<div class=\"elementor-element elementor-element-145d4b87 color-scheme-inherit text-left elementor-widget elementor-widget-text-editor\" data-id=\"145d4b87\" data-element_type=\"widget\" data-e-type=\"widget\" data-widget_type=\"text-editor.default\">\n\t\t\t\t<div class=\"elementor-widget-container\">\n\t\t\t\t\t\t\t\t\t<strong>Par\u00e1metros del producto<\/strong>\r\n<ul>\r\n \t<li><strong>Longitud del cuerpo del tubo<\/strong>: 137 mm<\/li>\r\n \t<li><strong>Altura del cuerpo del tubo<\/strong>: 68 mm<\/li>\r\n \t<li><strong>Profundidad de la cazoleta<\/strong>: 52 mm<\/li>\r\n \t<li><strong>Di\u00e1metro interior de la cazoleta<\/strong>: 19 mm<\/li>\r\n \t<li><strong>Di\u00e1metro exterior de la cazoleta<\/strong>: 48 mm<\/li>\r\n \t<li><strong>Longitud de la boquilla<\/strong>: 63 mm<\/li>\r\n \t<li><strong>Di\u00e1metro del canal de humo<\/strong>: 3 mm<\/li>\r\n<\/ul>\t\t\t\t\t\t\t\t<\/div>\n\t\t\t\t<\/div>\n\t\t\t\t\t<\/div>\n\t\t\t\t<\/div>\n\t\t<div class=\"wd-negative-gap elementor-element elementor-element-53475c8 e-flex e-con-boxed e-con e-parent\" data-id=\"53475c8\" data-element_type=\"container\" data-e-type=\"container\">\n\t\t\t\t\t<div class=\"e-con-inner\">\n\t\t\t\t<div class=\"elementor-element elementor-element-ff8edfe elementor-widget elementor-widget-image\" data-id=\"ff8edfe\" data-element_type=\"widget\" data-e-type=\"widget\" data-widget_type=\"image.default\">\n\t\t\t\t<div class=\"elementor-widget-container\">\n\t\t\t\t\t\t\t\t\t\t\t\t\t\t\t<img fetchpriority=\"high\" decoding=\"async\" width=\"737\" height=\"1024\" src=\"https:\/\/pfeifenundzigarren.de\/wp-content\/uploads\/2024\/09\/075c63e2-c831-4297-8fce-3eafe6b00437-737x1024.jpg\" class=\"attachment-large size-large wp-image-3621 wvs-archive-product-image\" alt=\"Full Bent pfeife\" srcset=\"https:\/\/pfeifenundzigarren.de\/wp-content\/uploads\/2024\/09\/075c63e2-c831-4297-8fce-3eafe6b00437-737x1024.jpg 737w, https:\/\/pfeifenundzigarren.de\/wp-content\/uploads\/2024\/09\/075c63e2-c831-4297-8fce-3eafe6b00437-150x208.jpg 150w, https:\/\/pfeifenundzigarren.de\/wp-content\/uploads\/2024\/09\/075c63e2-c831-4297-8fce-3eafe6b00437-216x300.jpg 216w, https:\/\/pfeifenundzigarren.de\/wp-content\/uploads\/2024\/09\/075c63e2-c831-4297-8fce-3eafe6b00437-768x1066.jpg 768w, https:\/\/pfeifenundzigarren.de\/wp-content\/uploads\/2024\/09\/075c63e2-c831-4297-8fce-3eafe6b00437.jpg 790w\" sizes=\"(max-width: 737px) 100vw, 737px\" \/>\t\t\t\t\t\t\t\t\t\t\t\t\t\t\t<\/div>\n\t\t\t\t<\/div>\n\t\t\t\t\t<\/div>\n\t\t\t\t<\/div>\n\t\t<div class=\"wd-negative-gap elementor-element elementor-element-97950f0 e-flex e-con-boxed e-con e-parent\" data-id=\"97950f0\" data-element_type=\"container\" data-e-type=\"container\">\n\t\t\t\t\t<div class=\"e-con-inner\">\n\t\t\t\t<div class=\"elementor-element elementor-element-0572062 elementor-widget elementor-widget-image\" data-id=\"0572062\" data-element_type=\"widget\" data-e-type=\"widget\" data-widget_type=\"image.default\">\n\t\t\t\t<div class=\"elementor-widget-container\">\n\t\t\t\t\t\t\t\t\t\t\t\t\t\t\t<img decoding=\"async\" width=\"744\" height=\"1024\" src=\"https:\/\/pfeifenundzigarren.de\/wp-content\/uploads\/2024\/09\/2ae50899-37f1-4007-8973-414b405ac4d6-744x1024.jpg\" class=\"attachment-large size-large wp-image-3622 wvs-archive-product-image\" alt=\"Full Bent pfeife\" srcset=\"https:\/\/pfeifenundzigarren.de\/wp-content\/uploads\/2024\/09\/2ae50899-37f1-4007-8973-414b405ac4d6-744x1024.jpg 744w, https:\/\/pfeifenundzigarren.de\/wp-content\/uploads\/2024\/09\/2ae50899-37f1-4007-8973-414b405ac4d6-150x207.jpg 150w, https:\/\/pfeifenundzigarren.de\/wp-content\/uploads\/2024\/09\/2ae50899-37f1-4007-8973-414b405ac4d6-218x300.jpg 218w, https:\/\/pfeifenundzigarren.de\/wp-content\/uploads\/2024\/09\/2ae50899-37f1-4007-8973-414b405ac4d6-768x1058.jpg 768w, https:\/\/pfeifenundzigarren.de\/wp-content\/uploads\/2024\/09\/2ae50899-37f1-4007-8973-414b405ac4d6.jpg 790w\" sizes=\"(max-width: 744px) 100vw, 744px\" \/>\t\t\t\t\t\t\t\t\t\t\t\t\t\t\t<\/div>\n\t\t\t\t<\/div>\n\t\t\t\t\t<\/div>\n\t\t\t\t<\/div>\n\t\t\t\t<\/div>","protected":false},"excerpt":{"rendered":"<p>Par\u00e1metros del producto Longitud del cuerpo del tubo: 137 mm Altura del cuerpo del tubo: 68 mm Profundidad de la cazoleta: 52 mm Di\u00e1metro interior de la cazoleta: 19<\/p>","protected":false},"featured_media":3614,"comment_status":"open","ping_status":"closed","template":"","meta":[],"product_brand":[],"product_cat":[74,86],"product_tag":[],"class_list":{"0":"post-3612","1":"product","2":"type-product","3":"status-publish","4":"has-post-thumbnail","6":"product_cat-freehand-pfeifen","7":"product_cat-bruyere-pfeifen","9":"first","10":"instock","11":"sale","12":"shipping-taxable","13":"purchasable","14":"product-type-simple"},"yoast_head":"<!-- This site is optimized with the Yoast SEO Premium plugin v26.7 (Yoast SEO v26.7) - https:\/\/yoast.com\/wordpress\/plugins\/seo\/ -->\n<title>Freehand Full Bent Bruy\u00e8repfeife - Der beste Onlineshop f\u00fcr Pfeifen und Zigarrenzubeh\u00f6r in Deutschland<\/title>\n<meta name=\"robots\" content=\"index, follow, max-snippet:-1, max-image-preview:large, max-video-preview:-1\" \/>\n<link rel=\"canonical\" href=\"https:\/\/pfeifenundzigarren.de\/es\/Produkt\/freehand-full-bent-bruyerepfeife\/\" \/>\n<meta property=\"og:locale\" content=\"es_ES\" \/>\n<meta property=\"og:type\" content=\"article\" \/>\n<meta property=\"og:title\" content=\"Freehand Full Bent Bruy\u00e8repfeife\" \/>\n<meta property=\"og:description\" content=\"Produktparameter L\u00e4nge des Pfeifenk\u00f6rpers: 137 mm H\u00f6he des Pfeifenk\u00f6rpers: 68 mm Tiefe des Pfeifenkopfs: 52 mm Innendurchmesser des Pfeifenkopfs: 19\" \/>\n<meta property=\"og:url\" content=\"https:\/\/pfeifenundzigarren.de\/es\/Produkt\/freehand-full-bent-bruyerepfeife\/\" \/>\n<meta property=\"og:site_name\" content=\"Der beste Onlineshop f\u00fcr Pfeifen und Zigarrenzubeh\u00f6r in Deutschland\" \/>\n<meta property=\"article:modified_time\" content=\"2024-09-25T05:11:23+00:00\" \/>\n<meta property=\"og:image\" content=\"https:\/\/pfeifenundzigarren.de\/wp-content\/uploads\/2024\/09\/936cb254-5c7c-4e73-9ab4-13a8d79a3f2a.png\" \/>\n\t<meta property=\"og:image:width\" content=\"800\" \/>\n\t<meta property=\"og:image:height\" content=\"800\" \/>\n\t<meta property=\"og:image:type\" content=\"image\/png\" \/>\n<meta name=\"twitter:card\" content=\"summary_large_image\" \/>\n<script type=\"application\/ld+json\" class=\"yoast-schema-graph\">{\"@context\":\"https:\/\/schema.org\",\"@graph\":[{\"@type\":\"WebPage\",\"@id\":\"https:\/\/pfeifenundzigarren.de\/Produkt\/freehand-full-bent-bruyerepfeife\/\",\"url\":\"https:\/\/pfeifenundzigarren.de\/Produkt\/freehand-full-bent-bruyerepfeife\/\",\"name\":\"Freehand Full Bent Bruy\u00e8repfeife - Der beste Onlineshop f\u00fcr Pfeifen und Zigarrenzubeh\u00f6r in Deutschland\",\"isPartOf\":{\"@id\":\"https:\/\/pfeifenundzigarren.de\/#website\"},\"primaryImageOfPage\":{\"@id\":\"https:\/\/pfeifenundzigarren.de\/Produkt\/freehand-full-bent-bruyerepfeife\/#primaryimage\"},\"image\":{\"@id\":\"https:\/\/pfeifenundzigarren.de\/Produkt\/freehand-full-bent-bruyerepfeife\/#primaryimage\"},\"thumbnailUrl\":\"https:\/\/pfeifenundzigarren.de\/wp-content\/uploads\/2024\/09\/936cb254-5c7c-4e73-9ab4-13a8d79a3f2a.png\",\"datePublished\":\"2024-09-19T06:41:14+00:00\",\"dateModified\":\"2024-09-25T05:11:23+00:00\",\"breadcrumb\":{\"@id\":\"https:\/\/pfeifenundzigarren.de\/Produkt\/freehand-full-bent-bruyerepfeife\/#breadcrumb\"},\"inLanguage\":\"es\",\"potentialAction\":[{\"@type\":\"ReadAction\",\"target\":[\"https:\/\/pfeifenundzigarren.de\/Produkt\/freehand-full-bent-bruyerepfeife\/\"]}]},{\"@type\":\"ImageObject\",\"inLanguage\":\"es\",\"@id\":\"https:\/\/pfeifenundzigarren.de\/Produkt\/freehand-full-bent-bruyerepfeife\/#primaryimage\",\"url\":\"https:\/\/pfeifenundzigarren.de\/wp-content\/uploads\/2024\/09\/936cb254-5c7c-4e73-9ab4-13a8d79a3f2a.png\",\"contentUrl\":\"https:\/\/pfeifenundzigarren.de\/wp-content\/uploads\/2024\/09\/936cb254-5c7c-4e73-9ab4-13a8d79a3f2a.png\",\"width\":800,\"height\":800,\"caption\":\"Freehand Full Bent Bruy\u00e8repfeife\"},{\"@type\":\"BreadcrumbList\",\"@id\":\"https:\/\/pfeifenundzigarren.de\/Produkt\/freehand-full-bent-bruyerepfeife\/#breadcrumb\",\"itemListElement\":[{\"@type\":\"ListItem\",\"position\":1,\"name\":\"Home\",\"item\":\"https:\/\/pfeifenundzigarren.de\/\"},{\"@type\":\"ListItem\",\"position\":2,\"name\":\"Shop\",\"item\":\"https:\/\/pfeifenundzigarren.de\/shop\/\"},{\"@type\":\"ListItem\",\"position\":3,\"name\":\"Freehand Full Bent Bruy\u00e8repfeife\"}]},{\"@type\":\"WebSite\",\"@id\":\"https:\/\/pfeifenundzigarren.de\/#website\",\"url\":\"https:\/\/pfeifenundzigarren.de\/\",\"name\":\"Der beste Onlineshop f\u00fcr Pfeifen und Zigarrenzubeh\u00f6r in Deutschland\",\"description\":\"\",\"publisher\":{\"@id\":\"https:\/\/pfeifenundzigarren.de\/#organization\"},\"potentialAction\":[{\"@type\":\"SearchAction\",\"target\":{\"@type\":\"EntryPoint\",\"urlTemplate\":\"https:\/\/pfeifenundzigarren.de\/?s={search_term_string}\"},\"query-input\":{\"@type\":\"PropertyValueSpecification\",\"valueRequired\":true,\"valueName\":\"search_term_string\"}}],\"inLanguage\":\"es\"},{\"@type\":\"Organization\",\"@id\":\"https:\/\/pfeifenundzigarren.de\/#organization\",\"name\":\"Der beste Onlineshop f\u00fcr Pfeifen und Zigarrenzubeh\u00f6r in Deutschland\",\"url\":\"https:\/\/pfeifenundzigarren.de\/\",\"logo\":{\"@type\":\"ImageObject\",\"inLanguage\":\"es\",\"@id\":\"https:\/\/pfeifenundzigarren.de\/#\/schema\/logo\/image\/\",\"url\":\"https:\/\/pfeifenundzigarren.de\/wp-content\/uploads\/2024\/09\/cropped-Luxury-and-Vintage-Ornamental-Coffee-Shop-Logo.png\",\"contentUrl\":\"https:\/\/pfeifenundzigarren.de\/wp-content\/uploads\/2024\/09\/cropped-Luxury-and-Vintage-Ornamental-Coffee-Shop-Logo.png\",\"width\":512,\"height\":512,\"caption\":\"Der beste Onlineshop f\u00fcr Pfeifen und Zigarrenzubeh\u00f6r in Deutschland\"},\"image\":{\"@id\":\"https:\/\/pfeifenundzigarren.de\/#\/schema\/logo\/image\/\"}}]}<\/script>\n<!-- \/ Yoast SEO Premium plugin. -->","yoast_head_json":{"title":"Freehand Full Bent Bruy\u00e8repfeife - Der beste Onlineshop f\u00fcr Pfeifen und Zigarrenzubeh\u00f6r in Deutschland","robots":{"index":"index","follow":"follow","max-snippet":"max-snippet:-1","max-image-preview":"max-image-preview:large","max-video-preview":"max-video-preview:-1"},"canonical":"https:\/\/pfeifenundzigarren.de\/es\/Produkt\/freehand-full-bent-bruyerepfeife\/","og_locale":"es_ES","og_type":"article","og_title":"Freehand Full Bent Bruy\u00e8repfeife","og_description":"Produktparameter L\u00e4nge des Pfeifenk\u00f6rpers: 137 mm H\u00f6he des Pfeifenk\u00f6rpers: 68 mm Tiefe des Pfeifenkopfs: 52 mm Innendurchmesser des Pfeifenkopfs: 19","og_url":"https:\/\/pfeifenundzigarren.de\/es\/Produkt\/freehand-full-bent-bruyerepfeife\/","og_site_name":"Der beste Onlineshop f\u00fcr Pfeifen und Zigarrenzubeh\u00f6r in Deutschland","article_modified_time":"2024-09-25T05:11:23+00:00","og_image":[{"width":800,"height":800,"url":"https:\/\/pfeifenundzigarren.de\/wp-content\/uploads\/2024\/09\/936cb254-5c7c-4e73-9ab4-13a8d79a3f2a.png","type":"image\/png"}],"twitter_card":"summary_large_image","schema":{"@context":"https:\/\/schema.org","@graph":[{"@type":"WebPage","@id":"https:\/\/pfeifenundzigarren.de\/Produkt\/freehand-full-bent-bruyerepfeife\/","url":"https:\/\/pfeifenundzigarren.de\/Produkt\/freehand-full-bent-bruyerepfeife\/","name":"Freehand Full Bent Bruy\u00e8repfeife - Der beste Onlineshop f\u00fcr Pfeifen und Zigarrenzubeh\u00f6r in Deutschland","isPartOf":{"@id":"https:\/\/pfeifenundzigarren.de\/#website"},"primaryImageOfPage":{"@id":"https:\/\/pfeifenundzigarren.de\/Produkt\/freehand-full-bent-bruyerepfeife\/#primaryimage"},"image":{"@id":"https:\/\/pfeifenundzigarren.de\/Produkt\/freehand-full-bent-bruyerepfeife\/#primaryimage"},"thumbnailUrl":"https:\/\/pfeifenundzigarren.de\/wp-content\/uploads\/2024\/09\/936cb254-5c7c-4e73-9ab4-13a8d79a3f2a.png","datePublished":"2024-09-19T06:41:14+00:00","dateModified":"2024-09-25T05:11:23+00:00","breadcrumb":{"@id":"https:\/\/pfeifenundzigarren.de\/Produkt\/freehand-full-bent-bruyerepfeife\/#breadcrumb"},"inLanguage":"es","potentialAction":[{"@type":"ReadAction","target":["https:\/\/pfeifenundzigarren.de\/Produkt\/freehand-full-bent-bruyerepfeife\/"]}]},{"@type":"ImageObject","inLanguage":"es","@id":"https:\/\/pfeifenundzigarren.de\/Produkt\/freehand-full-bent-bruyerepfeife\/#primaryimage","url":"https:\/\/pfeifenundzigarren.de\/wp-content\/uploads\/2024\/09\/936cb254-5c7c-4e73-9ab4-13a8d79a3f2a.png","contentUrl":"https:\/\/pfeifenundzigarren.de\/wp-content\/uploads\/2024\/09\/936cb254-5c7c-4e73-9ab4-13a8d79a3f2a.png","width":800,"height":800,"caption":"Freehand Full Bent Bruy\u00e8repfeife"},{"@type":"BreadcrumbList","@id":"https:\/\/pfeifenundzigarren.de\/Produkt\/freehand-full-bent-bruyerepfeife\/#breadcrumb","itemListElement":[{"@type":"ListItem","position":1,"name":"Home","item":"https:\/\/pfeifenundzigarren.de\/"},{"@type":"ListItem","position":2,"name":"Shop","item":"https:\/\/pfeifenundzigarren.de\/shop\/"},{"@type":"ListItem","position":3,"name":"Freehand Full Bent Bruy\u00e8repfeife"}]},{"@type":"WebSite","@id":"https:\/\/pfeifenundzigarren.de\/#website","url":"https:\/\/pfeifenundzigarren.de\/","name":"La mejor tienda en l\u00ednea de pipas y accesorios para puros de Alemania","description":"","publisher":{"@id":"https:\/\/pfeifenundzigarren.de\/#organization"},"potentialAction":[{"@type":"SearchAction","target":{"@type":"EntryPoint","urlTemplate":"https:\/\/pfeifenundzigarren.de\/?s={search_term_string}"},"query-input":{"@type":"PropertyValueSpecification","valueRequired":true,"valueName":"search_term_string"}}],"inLanguage":"es"},{"@type":"Organization","@id":"https:\/\/pfeifenundzigarren.de\/#organization","name":"La mejor tienda en l\u00ednea de pipas y accesorios para puros de Alemania","url":"https:\/\/pfeifenundzigarren.de\/","logo":{"@type":"ImageObject","inLanguage":"es","@id":"https:\/\/pfeifenundzigarren.de\/#\/schema\/logo\/image\/","url":"https:\/\/pfeifenundzigarren.de\/wp-content\/uploads\/2024\/09\/cropped-Luxury-and-Vintage-Ornamental-Coffee-Shop-Logo.png","contentUrl":"https:\/\/pfeifenundzigarren.de\/wp-content\/uploads\/2024\/09\/cropped-Luxury-and-Vintage-Ornamental-Coffee-Shop-Logo.png","width":512,"height":512,"caption":"Der beste Onlineshop f\u00fcr Pfeifen und Zigarrenzubeh\u00f6r in Deutschland"},"image":{"@id":"https:\/\/pfeifenundzigarren.de\/#\/schema\/logo\/image\/"}}]}},"_links":{"self":[{"href":"https:\/\/pfeifenundzigarren.de\/es\/wp-json\/wp\/v2\/product\/3612","targetHints":{"allow":["GET"]}}],"collection":[{"href":"https:\/\/pfeifenundzigarren.de\/es\/wp-json\/wp\/v2\/product"}],"about":[{"href":"https:\/\/pfeifenundzigarren.de\/es\/wp-json\/wp\/v2\/types\/product"}],"replies":[{"embeddable":true,"href":"https:\/\/pfeifenundzigarren.de\/es\/wp-json\/wp\/v2\/comments?post=3612"}],"version-history":[{"count":0,"href":"https:\/\/pfeifenundzigarren.de\/es\/wp-json\/wp\/v2\/product\/3612\/revisions"}],"wp:featuredmedia":[{"embeddable":true,"href":"https:\/\/pfeifenundzigarren.de\/es\/wp-json\/wp\/v2\/media\/3614"}],"wp:attachment":[{"href":"https:\/\/pfeifenundzigarren.de\/es\/wp-json\/wp\/v2\/media?parent=3612"}],"wp:term":[{"taxonomy":"product_brand","embeddable":true,"href":"https:\/\/pfeifenundzigarren.de\/es\/wp-json\/wp\/v2\/product_brand?post=3612"},{"taxonomy":"product_cat","embeddable":true,"href":"https:\/\/pfeifenundzigarren.de\/es\/wp-json\/wp\/v2\/product_cat?post=3612"},{"taxonomy":"product_tag","embeddable":true,"href":"https:\/\/pfeifenundzigarren.de\/es\/wp-json\/wp\/v2\/product_tag?post=3612"}],"curies":[{"name":"wp","href":"https:\/\/api.w.org\/{rel}","templated":true}]}}