{"id":3579,"date":"2024-09-19T07:54:19","date_gmt":"2024-09-19T05:54:19","guid":{"rendered":"https:\/\/pfeifenundzigarren.de\/?post_type=product&#038;p=3579"},"modified":"2024-09-25T07:11:23","modified_gmt":"2024-09-25T05:11:23","slug":"weihnachtliche-freehand-pfeife-in-kuerbisform","status":"publish","type":"product","link":"https:\/\/pfeifenundzigarren.de\/es\/Produkt\/weihnachtliche-freehand-pfeife-in-kuerbisform\/","title":{"rendered":"Pipa navide\u00f1a a mano alzada en forma de calabaza"},"content":{"rendered":"<div data-elementor-type=\"product-post\" data-elementor-id=\"3579\" class=\"elementor elementor-3579\" data-elementor-post-type=\"product\">\n\t\t\t\t<div class=\"wd-negative-gap elementor-element elementor-element-22e417e1 e-flex e-con-boxed e-con e-parent\" data-id=\"22e417e1\" data-element_type=\"container\" data-e-type=\"container\">\n\t\t\t\t\t<div class=\"e-con-inner\">\n\t\t\t\t<div class=\"elementor-element elementor-element-f596fcf color-scheme-inherit text-left elementor-widget elementor-widget-text-editor\" data-id=\"f596fcf\" data-element_type=\"widget\" data-e-type=\"widget\" data-widget_type=\"text-editor.default\">\n\t\t\t\t<div class=\"elementor-widget-container\">\n\t\t\t\t\t\t\t\t\t<ul>\r\n \t<li><strong>Longitud total:<\/strong>\u00a0154 mm<\/li>\r\n \t<li><strong>Altura de la cazoleta de la pipa:<\/strong>\u00a043 mm<\/li>\r\n \t<li><strong>Profundidad de la cazoleta de la pipa:<\/strong>\u00a032 mm<\/li>\r\n \t<li><strong>Di\u00e1metro interior de la cazoleta:<\/strong>\u00a021 mm<\/li>\r\n \t<li><strong>Di\u00e1metro exterior de la cazoleta del tubo:<\/strong>\u00a037 mm<\/li>\r\n \t<li><strong>Longitud de la boquilla:<\/strong>\u00a065 mm<\/li>\r\n \t<li><strong>Di\u00e1metro del canal de humo:<\/strong>\u00a03 mm<\/li>\r\n<\/ul>\t\t\t\t\t\t\t\t<\/div>\n\t\t\t\t<\/div>\n\t\t\t\t\t<\/div>\n\t\t\t\t<\/div>\n\t\t<div class=\"wd-negative-gap elementor-element elementor-element-49c497d e-flex e-con-boxed e-con e-parent\" data-id=\"49c497d\" data-element_type=\"container\" data-e-type=\"container\">\n\t\t\t\t\t<div class=\"e-con-inner\">\n\t\t\t\t<div class=\"elementor-element elementor-element-2b1e24b elementor-widget elementor-widget-image\" data-id=\"2b1e24b\" data-element_type=\"widget\" data-e-type=\"widget\" data-widget_type=\"image.default\">\n\t\t\t\t<div class=\"elementor-widget-container\">\n\t\t\t\t\t\t\t\t\t\t\t\t\t\t\t<img fetchpriority=\"high\" decoding=\"async\" width=\"737\" height=\"1024\" src=\"https:\/\/pfeifenundzigarren.de\/wp-content\/uploads\/2024\/09\/501f005a-881b-4a65-9459-aa4907d24ade-737x1024.jpg\" class=\"attachment-large size-large wp-image-3586 wvs-archive-product-image\" alt=\"\" srcset=\"https:\/\/pfeifenundzigarren.de\/wp-content\/uploads\/2024\/09\/501f005a-881b-4a65-9459-aa4907d24ade-737x1024.jpg 737w, https:\/\/pfeifenundzigarren.de\/wp-content\/uploads\/2024\/09\/501f005a-881b-4a65-9459-aa4907d24ade-150x208.jpg 150w, https:\/\/pfeifenundzigarren.de\/wp-content\/uploads\/2024\/09\/501f005a-881b-4a65-9459-aa4907d24ade-216x300.jpg 216w, https:\/\/pfeifenundzigarren.de\/wp-content\/uploads\/2024\/09\/501f005a-881b-4a65-9459-aa4907d24ade-768x1066.jpg 768w, https:\/\/pfeifenundzigarren.de\/wp-content\/uploads\/2024\/09\/501f005a-881b-4a65-9459-aa4907d24ade.jpg 790w\" sizes=\"(max-width: 737px) 100vw, 737px\">\t\t\t\t\t\t\t\t\t\t\t\t\t\t\t<\/div>\n\t\t\t\t<\/div>\n\t\t\t\t\t<\/div>\n\t\t\t\t<\/div>\n\t\t<div class=\"wd-negative-gap elementor-element elementor-element-f960e3f e-flex e-con-boxed e-con e-parent\" data-id=\"f960e3f\" data-element_type=\"container\" data-e-type=\"container\">\n\t\t\t\t\t<div class=\"e-con-inner\">\n\t\t\t\t<div class=\"elementor-element elementor-element-db2e077 elementor-widget elementor-widget-image\" data-id=\"db2e077\" data-element_type=\"widget\" data-e-type=\"widget\" data-widget_type=\"image.default\">\n\t\t\t\t<div class=\"elementor-widget-container\">\n\t\t\t\t\t\t\t\t\t\t\t\t\t\t\t<img decoding=\"async\" width=\"744\" height=\"1024\" src=\"https:\/\/pfeifenundzigarren.de\/wp-content\/uploads\/2024\/09\/567dba8c-6ca6-4b6e-8712-9cd13221f17d-744x1024.jpg\" class=\"attachment-large size-large wp-image-3587 wvs-archive-product-image\" alt=\"\" srcset=\"https:\/\/pfeifenundzigarren.de\/wp-content\/uploads\/2024\/09\/567dba8c-6ca6-4b6e-8712-9cd13221f17d-744x1024.jpg 744w, https:\/\/pfeifenundzigarren.de\/wp-content\/uploads\/2024\/09\/567dba8c-6ca6-4b6e-8712-9cd13221f17d-150x207.jpg 150w, https:\/\/pfeifenundzigarren.de\/wp-content\/uploads\/2024\/09\/567dba8c-6ca6-4b6e-8712-9cd13221f17d-218x300.jpg 218w, https:\/\/pfeifenundzigarren.de\/wp-content\/uploads\/2024\/09\/567dba8c-6ca6-4b6e-8712-9cd13221f17d-768x1058.jpg 768w, https:\/\/pfeifenundzigarren.de\/wp-content\/uploads\/2024\/09\/567dba8c-6ca6-4b6e-8712-9cd13221f17d.jpg 790w\" sizes=\"(max-width: 744px) 100vw, 744px\">\t\t\t\t\t\t\t\t\t\t\t\t\t\t\t<\/div>\n\t\t\t\t<\/div>\n\t\t\t\t\t<\/div>\n\t\t\t\t<\/div>\n\t\t\t\t<\/div>","protected":false},"excerpt":{"rendered":"<p>Longitud total: 154 mm Altura de la cazoleta: 43 mm Profundidad de la cazoleta: 32 mm Di\u00e1metro interior de la cazoleta: 21 mm Di\u00e1metro exterior de la cazoleta: 37 mm Longitud de la cazoleta: 37 mm<\/p>","protected":false},"featured_media":3584,"comment_status":"open","ping_status":"closed","template":"","meta":[],"product_brand":[],"product_cat":[74],"product_tag":[],"class_list":{"0":"post-3579","1":"product","2":"type-product","3":"status-publish","4":"has-post-thumbnail","6":"product_cat-freehand-pfeifen","8":"first","9":"instock","10":"sale","11":"shipping-taxable","12":"purchasable","13":"product-type-simple"},"yoast_head":"<!-- This site is optimized with the Yoast SEO Premium plugin v26.7 (Yoast SEO v26.7) - https:\/\/yoast.com\/wordpress\/plugins\/seo\/ -->\n<title>Weihnachtliche Freehand-Pfeife in K\u00fcrbisform - Der beste Onlineshop f\u00fcr Pfeifen und Zigarrenzubeh\u00f6r in Deutschland<\/title>\n<meta name=\"robots\" content=\"index, follow, max-snippet:-1, max-image-preview:large, max-video-preview:-1\" \/>\n<link rel=\"canonical\" href=\"https:\/\/pfeifenundzigarren.de\/es\/Produkt\/weihnachtliche-freehand-pfeife-in-kuerbisform\/\" \/>\n<meta property=\"og:locale\" content=\"es_ES\" \/>\n<meta property=\"og:type\" content=\"article\" \/>\n<meta property=\"og:title\" content=\"Weihnachtliche Freehand-Pfeife in K\u00fcrbisform\" \/>\n<meta property=\"og:description\" content=\"Gesamtl\u00e4nge:\u00a0154 mm H\u00f6he des Pfeifenkopfs:\u00a043 mm Tiefe des Pfeifenkopfs:\u00a032 mm Innendurchmesser des Pfeifenkopfs:\u00a021 mm Au\u00dfendurchmesser des Pfeifenkopfs:\u00a037 mm L\u00e4nge des\" \/>\n<meta property=\"og:url\" content=\"https:\/\/pfeifenundzigarren.de\/es\/Produkt\/weihnachtliche-freehand-pfeife-in-kuerbisform\/\" \/>\n<meta property=\"og:site_name\" content=\"Der beste Onlineshop f\u00fcr Pfeifen und Zigarrenzubeh\u00f6r in Deutschland\" \/>\n<meta property=\"article:modified_time\" content=\"2024-09-25T05:11:23+00:00\" \/>\n<meta property=\"og:image\" content=\"https:\/\/pfeifenundzigarren.de\/wp-content\/uploads\/2024\/09\/c0005045-3121-401a-af84-c761b02c52f6.png\" \/>\n\t<meta property=\"og:image:width\" content=\"800\" \/>\n\t<meta property=\"og:image:height\" content=\"800\" \/>\n\t<meta property=\"og:image:type\" content=\"image\/png\" \/>\n<meta name=\"twitter:card\" content=\"summary_large_image\" \/>\n<script type=\"application\/ld+json\" class=\"yoast-schema-graph\">{\"@context\":\"https:\/\/schema.org\",\"@graph\":[{\"@type\":\"WebPage\",\"@id\":\"https:\/\/pfeifenundzigarren.de\/Produkt\/weihnachtliche-freehand-pfeife-in-kuerbisform\/\",\"url\":\"https:\/\/pfeifenundzigarren.de\/Produkt\/weihnachtliche-freehand-pfeife-in-kuerbisform\/\",\"name\":\"Weihnachtliche Freehand-Pfeife in K\u00fcrbisform - Der beste Onlineshop f\u00fcr Pfeifen und Zigarrenzubeh\u00f6r in Deutschland\",\"isPartOf\":{\"@id\":\"https:\/\/pfeifenundzigarren.de\/#website\"},\"primaryImageOfPage\":{\"@id\":\"https:\/\/pfeifenundzigarren.de\/Produkt\/weihnachtliche-freehand-pfeife-in-kuerbisform\/#primaryimage\"},\"image\":{\"@id\":\"https:\/\/pfeifenundzigarren.de\/Produkt\/weihnachtliche-freehand-pfeife-in-kuerbisform\/#primaryimage\"},\"thumbnailUrl\":\"https:\/\/pfeifenundzigarren.de\/wp-content\/uploads\/2024\/09\/c0005045-3121-401a-af84-c761b02c52f6.png\",\"datePublished\":\"2024-09-19T05:54:19+00:00\",\"dateModified\":\"2024-09-25T05:11:23+00:00\",\"breadcrumb\":{\"@id\":\"https:\/\/pfeifenundzigarren.de\/Produkt\/weihnachtliche-freehand-pfeife-in-kuerbisform\/#breadcrumb\"},\"inLanguage\":\"es\",\"potentialAction\":[{\"@type\":\"ReadAction\",\"target\":[\"https:\/\/pfeifenundzigarren.de\/Produkt\/weihnachtliche-freehand-pfeife-in-kuerbisform\/\"]}]},{\"@type\":\"ImageObject\",\"inLanguage\":\"es\",\"@id\":\"https:\/\/pfeifenundzigarren.de\/Produkt\/weihnachtliche-freehand-pfeife-in-kuerbisform\/#primaryimage\",\"url\":\"https:\/\/pfeifenundzigarren.de\/wp-content\/uploads\/2024\/09\/c0005045-3121-401a-af84-c761b02c52f6.png\",\"contentUrl\":\"https:\/\/pfeifenundzigarren.de\/wp-content\/uploads\/2024\/09\/c0005045-3121-401a-af84-c761b02c52f6.png\",\"width\":800,\"height\":800},{\"@type\":\"BreadcrumbList\",\"@id\":\"https:\/\/pfeifenundzigarren.de\/Produkt\/weihnachtliche-freehand-pfeife-in-kuerbisform\/#breadcrumb\",\"itemListElement\":[{\"@type\":\"ListItem\",\"position\":1,\"name\":\"Home\",\"item\":\"https:\/\/pfeifenundzigarren.de\/\"},{\"@type\":\"ListItem\",\"position\":2,\"name\":\"Shop\",\"item\":\"https:\/\/pfeifenundzigarren.de\/shop\/\"},{\"@type\":\"ListItem\",\"position\":3,\"name\":\"Weihnachtliche Freehand-Pfeife in K\u00fcrbisform\"}]},{\"@type\":\"WebSite\",\"@id\":\"https:\/\/pfeifenundzigarren.de\/#website\",\"url\":\"https:\/\/pfeifenundzigarren.de\/\",\"name\":\"Der beste Onlineshop f\u00fcr Pfeifen und Zigarrenzubeh\u00f6r in Deutschland\",\"description\":\"\",\"publisher\":{\"@id\":\"https:\/\/pfeifenundzigarren.de\/#organization\"},\"potentialAction\":[{\"@type\":\"SearchAction\",\"target\":{\"@type\":\"EntryPoint\",\"urlTemplate\":\"https:\/\/pfeifenundzigarren.de\/?s={search_term_string}\"},\"query-input\":{\"@type\":\"PropertyValueSpecification\",\"valueRequired\":true,\"valueName\":\"search_term_string\"}}],\"inLanguage\":\"es\"},{\"@type\":\"Organization\",\"@id\":\"https:\/\/pfeifenundzigarren.de\/#organization\",\"name\":\"Der beste Onlineshop f\u00fcr Pfeifen und Zigarrenzubeh\u00f6r in Deutschland\",\"url\":\"https:\/\/pfeifenundzigarren.de\/\",\"logo\":{\"@type\":\"ImageObject\",\"inLanguage\":\"es\",\"@id\":\"https:\/\/pfeifenundzigarren.de\/#\/schema\/logo\/image\/\",\"url\":\"https:\/\/pfeifenundzigarren.de\/wp-content\/uploads\/2024\/09\/cropped-Luxury-and-Vintage-Ornamental-Coffee-Shop-Logo.png\",\"contentUrl\":\"https:\/\/pfeifenundzigarren.de\/wp-content\/uploads\/2024\/09\/cropped-Luxury-and-Vintage-Ornamental-Coffee-Shop-Logo.png\",\"width\":512,\"height\":512,\"caption\":\"Der beste Onlineshop f\u00fcr Pfeifen und Zigarrenzubeh\u00f6r in Deutschland\"},\"image\":{\"@id\":\"https:\/\/pfeifenundzigarren.de\/#\/schema\/logo\/image\/\"}}]}<\/script>\n<!-- \/ Yoast SEO Premium plugin. -->","yoast_head_json":{"title":"Weihnachtliche Freehand-Pfeife in K\u00fcrbisform - Der beste Onlineshop f\u00fcr Pfeifen und Zigarrenzubeh\u00f6r in Deutschland","robots":{"index":"index","follow":"follow","max-snippet":"max-snippet:-1","max-image-preview":"max-image-preview:large","max-video-preview":"max-video-preview:-1"},"canonical":"https:\/\/pfeifenundzigarren.de\/es\/Produkt\/weihnachtliche-freehand-pfeife-in-kuerbisform\/","og_locale":"es_ES","og_type":"article","og_title":"Weihnachtliche Freehand-Pfeife in K\u00fcrbisform","og_description":"Gesamtl\u00e4nge:\u00a0154 mm H\u00f6he des Pfeifenkopfs:\u00a043 mm Tiefe des Pfeifenkopfs:\u00a032 mm Innendurchmesser des Pfeifenkopfs:\u00a021 mm Au\u00dfendurchmesser des Pfeifenkopfs:\u00a037 mm L\u00e4nge des","og_url":"https:\/\/pfeifenundzigarren.de\/es\/Produkt\/weihnachtliche-freehand-pfeife-in-kuerbisform\/","og_site_name":"Der beste Onlineshop f\u00fcr Pfeifen und Zigarrenzubeh\u00f6r in Deutschland","article_modified_time":"2024-09-25T05:11:23+00:00","og_image":[{"width":800,"height":800,"url":"https:\/\/pfeifenundzigarren.de\/wp-content\/uploads\/2024\/09\/c0005045-3121-401a-af84-c761b02c52f6.png","type":"image\/png"}],"twitter_card":"summary_large_image","schema":{"@context":"https:\/\/schema.org","@graph":[{"@type":"WebPage","@id":"https:\/\/pfeifenundzigarren.de\/Produkt\/weihnachtliche-freehand-pfeife-in-kuerbisform\/","url":"https:\/\/pfeifenundzigarren.de\/Produkt\/weihnachtliche-freehand-pfeife-in-kuerbisform\/","name":"Weihnachtliche Freehand-Pfeife in K\u00fcrbisform - Der beste Onlineshop f\u00fcr Pfeifen und Zigarrenzubeh\u00f6r in Deutschland","isPartOf":{"@id":"https:\/\/pfeifenundzigarren.de\/#website"},"primaryImageOfPage":{"@id":"https:\/\/pfeifenundzigarren.de\/Produkt\/weihnachtliche-freehand-pfeife-in-kuerbisform\/#primaryimage"},"image":{"@id":"https:\/\/pfeifenundzigarren.de\/Produkt\/weihnachtliche-freehand-pfeife-in-kuerbisform\/#primaryimage"},"thumbnailUrl":"https:\/\/pfeifenundzigarren.de\/wp-content\/uploads\/2024\/09\/c0005045-3121-401a-af84-c761b02c52f6.png","datePublished":"2024-09-19T05:54:19+00:00","dateModified":"2024-09-25T05:11:23+00:00","breadcrumb":{"@id":"https:\/\/pfeifenundzigarren.de\/Produkt\/weihnachtliche-freehand-pfeife-in-kuerbisform\/#breadcrumb"},"inLanguage":"es","potentialAction":[{"@type":"ReadAction","target":["https:\/\/pfeifenundzigarren.de\/Produkt\/weihnachtliche-freehand-pfeife-in-kuerbisform\/"]}]},{"@type":"ImageObject","inLanguage":"es","@id":"https:\/\/pfeifenundzigarren.de\/Produkt\/weihnachtliche-freehand-pfeife-in-kuerbisform\/#primaryimage","url":"https:\/\/pfeifenundzigarren.de\/wp-content\/uploads\/2024\/09\/c0005045-3121-401a-af84-c761b02c52f6.png","contentUrl":"https:\/\/pfeifenundzigarren.de\/wp-content\/uploads\/2024\/09\/c0005045-3121-401a-af84-c761b02c52f6.png","width":800,"height":800},{"@type":"BreadcrumbList","@id":"https:\/\/pfeifenundzigarren.de\/Produkt\/weihnachtliche-freehand-pfeife-in-kuerbisform\/#breadcrumb","itemListElement":[{"@type":"ListItem","position":1,"name":"Home","item":"https:\/\/pfeifenundzigarren.de\/"},{"@type":"ListItem","position":2,"name":"Shop","item":"https:\/\/pfeifenundzigarren.de\/shop\/"},{"@type":"ListItem","position":3,"name":"Weihnachtliche Freehand-Pfeife in K\u00fcrbisform"}]},{"@type":"WebSite","@id":"https:\/\/pfeifenundzigarren.de\/#website","url":"https:\/\/pfeifenundzigarren.de\/","name":"La mejor tienda en l\u00ednea de pipas y accesorios para puros de Alemania","description":"","publisher":{"@id":"https:\/\/pfeifenundzigarren.de\/#organization"},"potentialAction":[{"@type":"SearchAction","target":{"@type":"EntryPoint","urlTemplate":"https:\/\/pfeifenundzigarren.de\/?s={search_term_string}"},"query-input":{"@type":"PropertyValueSpecification","valueRequired":true,"valueName":"search_term_string"}}],"inLanguage":"es"},{"@type":"Organization","@id":"https:\/\/pfeifenundzigarren.de\/#organization","name":"La mejor tienda en l\u00ednea de pipas y accesorios para puros de Alemania","url":"https:\/\/pfeifenundzigarren.de\/","logo":{"@type":"ImageObject","inLanguage":"es","@id":"https:\/\/pfeifenundzigarren.de\/#\/schema\/logo\/image\/","url":"https:\/\/pfeifenundzigarren.de\/wp-content\/uploads\/2024\/09\/cropped-Luxury-and-Vintage-Ornamental-Coffee-Shop-Logo.png","contentUrl":"https:\/\/pfeifenundzigarren.de\/wp-content\/uploads\/2024\/09\/cropped-Luxury-and-Vintage-Ornamental-Coffee-Shop-Logo.png","width":512,"height":512,"caption":"Der beste Onlineshop f\u00fcr Pfeifen und Zigarrenzubeh\u00f6r in Deutschland"},"image":{"@id":"https:\/\/pfeifenundzigarren.de\/#\/schema\/logo\/image\/"}}]}},"_links":{"self":[{"href":"https:\/\/pfeifenundzigarren.de\/es\/wp-json\/wp\/v2\/product\/3579","targetHints":{"allow":["GET"]}}],"collection":[{"href":"https:\/\/pfeifenundzigarren.de\/es\/wp-json\/wp\/v2\/product"}],"about":[{"href":"https:\/\/pfeifenundzigarren.de\/es\/wp-json\/wp\/v2\/types\/product"}],"replies":[{"embeddable":true,"href":"https:\/\/pfeifenundzigarren.de\/es\/wp-json\/wp\/v2\/comments?post=3579"}],"version-history":[{"count":0,"href":"https:\/\/pfeifenundzigarren.de\/es\/wp-json\/wp\/v2\/product\/3579\/revisions"}],"wp:featuredmedia":[{"embeddable":true,"href":"https:\/\/pfeifenundzigarren.de\/es\/wp-json\/wp\/v2\/media\/3584"}],"wp:attachment":[{"href":"https:\/\/pfeifenundzigarren.de\/es\/wp-json\/wp\/v2\/media?parent=3579"}],"wp:term":[{"taxonomy":"product_brand","embeddable":true,"href":"https:\/\/pfeifenundzigarren.de\/es\/wp-json\/wp\/v2\/product_brand?post=3579"},{"taxonomy":"product_cat","embeddable":true,"href":"https:\/\/pfeifenundzigarren.de\/es\/wp-json\/wp\/v2\/product_cat?post=3579"},{"taxonomy":"product_tag","embeddable":true,"href":"https:\/\/pfeifenundzigarren.de\/es\/wp-json\/wp\/v2\/product_tag?post=3579"}],"curies":[{"name":"wp","href":"https:\/\/api.w.org\/{rel}","templated":true}]}}