{"id":3553,"date":"2024-09-19T05:45:11","date_gmt":"2024-09-19T03:45:11","guid":{"rendered":"https:\/\/pfeifenundzigarren.de\/?post_type=product&#038;p=3553"},"modified":"2025-10-10T05:36:56","modified_gmt":"2025-10-10T03:36:56","slug":"handgefertigte-apfel-pfeife-mit-hornring","status":"publish","type":"product","link":"https:\/\/pfeifenundzigarren.de\/es\/Produkt\/handgefertigte-apfel-pfeife-mit-hornring\/","title":{"rendered":"Silbato de manzana hecho a mano con anillo de cuerno"},"content":{"rendered":"<p><strong>Par\u00e1metros del producto<\/strong><\/p>\n<ul>\n<li><strong>Di\u00e1metro exterior:<\/strong>\u00a050 mm<\/li>\n<li><strong>Di\u00e1metro interior:<\/strong>\u00a020 mm<\/li>\n<li><strong>Longitud total de la tuber\u00eda:<\/strong>\u00a0133 mm<\/li>\n<li><strong>Altura de la cazoleta de la pipa:<\/strong>\u00a049 mm<\/li>\n<li><strong>Profundidad de la cazoleta de la pipa:<\/strong>\u00a034 mm<\/li>\n<li><strong>Longitud de la boquilla:<\/strong>\u00a047 mm<\/li>\n<\/ul>\n<p>El cuerpo de este<strong> pipa de brezo hecha a mano<\/strong> est\u00e1 tallada en madera de brezo italiano madurado de alta calidad y moldeada con maestr\u00eda en la cl\u00e1sica forma de manzana. Para resaltar el suave y delicado veteado natural de la madera de brezo, que acent\u00faa su excelente textura y suave brillo, la superficie de la pipa de manzana se lija y pule varias veces.<\/p>\n<p>El anillo decorativo del <strong>Silbato de madera para manzanas<\/strong> est\u00e1 hecha de aut\u00e9ntico cuerno de b\u00fafalo de agua incrustado a mano. Una junta de mortaja y espiga perfectamente torneada une el anillo al mango. Para soportar las tensiones causadas por los diferentes coeficientes de dilataci\u00f3n t\u00e9rmica de la madera de brezo y de cuerno sin romperse ni desintegrarse en la uni\u00f3n, la ranura del mango de brezo y la espiga del anillo de cuerno se fabrican con tolerancias extremadamente ajustadas. Adem\u00e1s, la costura se disimula mediante una t\u00e9cnica de rebaje que acent\u00faa la forma redonda del mango. <strong>Tubo semicurvo de manzana<\/strong> y se mejora la estabilidad estructural.<\/p>\n<p>La marcada textura natural del anillo de cuerno de vacuno contrasta armoniosamente con el c\u00e1lido color marr\u00f3n intenso. <a href=\"https:\/\/pfeifenundzigarren.de\/es\/produktkategorie\/pfeife\/holz-pfeife\/bruyere-pfeifen\/\">Madera de brezo<\/a>. Este contraste realza el tacto de la madera de brezo y al mismo tiempo equilibra las suaves curvas de la pipa Apple Half-Bent.<\/p>\n<p>Para un cuidado esmerado, puede aplicar aceite de camelia para mantener el brillo del cuerno del ganado y prolongar su vida \u00fatil. Con el tiempo, los cuernos tienden a agrietarse debido a la sequedad. El aceite de camelia es rico en \u00e1cido oleico y otros antioxidantes y restaura la elasticidad penetrando en la capa c\u00f3rnea y reponiendo los aceites naturales perdidos.<\/p>","protected":false},"excerpt":{"rendered":"<p>Par\u00e1metros del producto Di\u00e1metro exterior: 50 mm Di\u00e1metro interior: 20 mm Longitud total de la pipa: 133 mm Altura de la cazoleta: 49 mm Profundidad de la cazoleta: 34 mm Longitud de la boquilla: 47<\/p>","protected":false},"featured_media":3554,"comment_status":"open","ping_status":"closed","template":"","meta":[],"product_brand":[],"product_cat":[86],"product_tag":[],"class_list":{"0":"post-3553","1":"product","2":"type-product","3":"status-publish","4":"has-post-thumbnail","6":"product_cat-bruyere-pfeifen","8":"first","9":"instock","10":"sale","11":"shipping-taxable","12":"purchasable","13":"product-type-simple"},"yoast_head":"<!-- This site is optimized with the Yoast SEO Premium plugin v26.7 (Yoast SEO v27.4) - https:\/\/yoast.com\/product\/yoast-seo-premium-wordpress\/ -->\n<title>Handgefertigte Apfel-Pfeife mit Hornring - Der beste Onlineshop f\u00fcr Pfeifen und Zigarrenzubeh\u00f6r in Deutschland<\/title>\n<meta name=\"robots\" content=\"index, follow, max-snippet:-1, max-image-preview:large, max-video-preview:-1\" \/>\n<link rel=\"canonical\" href=\"https:\/\/pfeifenundzigarren.de\/es\/Produkt\/handgefertigte-apfel-pfeife-mit-hornring\/\" \/>\n<meta property=\"og:locale\" content=\"es_ES\" \/>\n<meta property=\"og:type\" content=\"article\" \/>\n<meta property=\"og:title\" content=\"Handgefertigte Apfel-Pfeife mit Hornring\" \/>\n<meta property=\"og:description\" content=\"Produktparameter Au\u00dfendurchmesser:\u00a050 mm Innendurchmesser:\u00a020 mm Gesamtl\u00e4nge der Pfeife:\u00a0133 mm H\u00f6he des Pfeifenkopfs:\u00a049 mm Tiefe des Pfeifenkopfs:\u00a034 mm L\u00e4nge des Mundst\u00fccks:\u00a047\" \/>\n<meta property=\"og:url\" content=\"https:\/\/pfeifenundzigarren.de\/es\/Produkt\/handgefertigte-apfel-pfeife-mit-hornring\/\" \/>\n<meta property=\"og:site_name\" content=\"Der beste Onlineshop f\u00fcr Pfeifen und Zigarrenzubeh\u00f6r in Deutschland\" \/>\n<meta property=\"article:modified_time\" content=\"2025-10-10T03:36:56+00:00\" \/>\n<meta property=\"og:image\" content=\"https:\/\/pfeifenundzigarren.de\/wp-content\/uploads\/2024\/09\/fbdb8181-bb23-469b-bbb0-eef737ce270b.jpg\" \/>\n\t<meta property=\"og:image:width\" content=\"800\" \/>\n\t<meta property=\"og:image:height\" content=\"800\" \/>\n\t<meta property=\"og:image:type\" content=\"image\/jpeg\" \/>\n<meta name=\"twitter:card\" content=\"summary_large_image\" \/>\n<meta name=\"twitter:label1\" content=\"Tiempo de lectura\" \/>\n\t<meta name=\"twitter:data1\" content=\"1 minuto\" \/>\n<script type=\"application\/ld+json\" class=\"yoast-schema-graph\">{\"@context\":\"https:\\\/\\\/schema.org\",\"@graph\":[{\"@type\":\"WebPage\",\"@id\":\"https:\\\/\\\/pfeifenundzigarren.de\\\/Produkt\\\/handgefertigte-apfel-pfeife-mit-hornring\\\/\",\"url\":\"https:\\\/\\\/pfeifenundzigarren.de\\\/Produkt\\\/handgefertigte-apfel-pfeife-mit-hornring\\\/\",\"name\":\"Handgefertigte Apfel-Pfeife mit Hornring - Der beste Onlineshop f\u00fcr Pfeifen und Zigarrenzubeh\u00f6r in Deutschland\",\"isPartOf\":{\"@id\":\"https:\\\/\\\/pfeifenundzigarren.de\\\/#website\"},\"primaryImageOfPage\":{\"@id\":\"https:\\\/\\\/pfeifenundzigarren.de\\\/Produkt\\\/handgefertigte-apfel-pfeife-mit-hornring\\\/#primaryimage\"},\"image\":{\"@id\":\"https:\\\/\\\/pfeifenundzigarren.de\\\/Produkt\\\/handgefertigte-apfel-pfeife-mit-hornring\\\/#primaryimage\"},\"thumbnailUrl\":\"https:\\\/\\\/pfeifenundzigarren.de\\\/wp-content\\\/uploads\\\/2024\\\/09\\\/fbdb8181-bb23-469b-bbb0-eef737ce270b.jpg\",\"datePublished\":\"2024-09-19T03:45:11+00:00\",\"dateModified\":\"2025-10-10T03:36:56+00:00\",\"breadcrumb\":{\"@id\":\"https:\\\/\\\/pfeifenundzigarren.de\\\/Produkt\\\/handgefertigte-apfel-pfeife-mit-hornring\\\/#breadcrumb\"},\"inLanguage\":\"es\",\"potentialAction\":[{\"@type\":\"ReadAction\",\"target\":[\"https:\\\/\\\/pfeifenundzigarren.de\\\/Produkt\\\/handgefertigte-apfel-pfeife-mit-hornring\\\/\"]}]},{\"@type\":\"ImageObject\",\"inLanguage\":\"es\",\"@id\":\"https:\\\/\\\/pfeifenundzigarren.de\\\/Produkt\\\/handgefertigte-apfel-pfeife-mit-hornring\\\/#primaryimage\",\"url\":\"https:\\\/\\\/pfeifenundzigarren.de\\\/wp-content\\\/uploads\\\/2024\\\/09\\\/fbdb8181-bb23-469b-bbb0-eef737ce270b.jpg\",\"contentUrl\":\"https:\\\/\\\/pfeifenundzigarren.de\\\/wp-content\\\/uploads\\\/2024\\\/09\\\/fbdb8181-bb23-469b-bbb0-eef737ce270b.jpg\",\"width\":800,\"height\":800,\"caption\":\"Handgefertigte Apfel-Pfeife mit Hornring\"},{\"@type\":\"BreadcrumbList\",\"@id\":\"https:\\\/\\\/pfeifenundzigarren.de\\\/Produkt\\\/handgefertigte-apfel-pfeife-mit-hornring\\\/#breadcrumb\",\"itemListElement\":[{\"@type\":\"ListItem\",\"position\":1,\"name\":\"Home\",\"item\":\"https:\\\/\\\/pfeifenundzigarren.de\\\/\"},{\"@type\":\"ListItem\",\"position\":2,\"name\":\"Shop\",\"item\":\"https:\\\/\\\/pfeifenundzigarren.de\\\/shop\\\/\"},{\"@type\":\"ListItem\",\"position\":3,\"name\":\"Handgefertigte Apfel-Pfeife mit Hornring\"}]},{\"@type\":\"WebSite\",\"@id\":\"https:\\\/\\\/pfeifenundzigarren.de\\\/#website\",\"url\":\"https:\\\/\\\/pfeifenundzigarren.de\\\/\",\"name\":\"Der beste Onlineshop f\u00fcr Pfeifen und Zigarrenzubeh\u00f6r in Deutschland\",\"description\":\"\",\"publisher\":{\"@id\":\"https:\\\/\\\/pfeifenundzigarren.de\\\/#organization\"},\"potentialAction\":[{\"@type\":\"SearchAction\",\"target\":{\"@type\":\"EntryPoint\",\"urlTemplate\":\"https:\\\/\\\/pfeifenundzigarren.de\\\/?s={search_term_string}\"},\"query-input\":{\"@type\":\"PropertyValueSpecification\",\"valueRequired\":true,\"valueName\":\"search_term_string\"}}],\"inLanguage\":\"es\"},{\"@type\":\"Organization\",\"@id\":\"https:\\\/\\\/pfeifenundzigarren.de\\\/#organization\",\"name\":\"Der beste Onlineshop f\u00fcr Pfeifen und Zigarrenzubeh\u00f6r in Deutschland\",\"url\":\"https:\\\/\\\/pfeifenundzigarren.de\\\/\",\"logo\":{\"@type\":\"ImageObject\",\"inLanguage\":\"es\",\"@id\":\"https:\\\/\\\/pfeifenundzigarren.de\\\/#\\\/schema\\\/logo\\\/image\\\/\",\"url\":\"https:\\\/\\\/pfeifenundzigarren.de\\\/wp-content\\\/uploads\\\/2024\\\/09\\\/cropped-Luxury-and-Vintage-Ornamental-Coffee-Shop-Logo.png\",\"contentUrl\":\"https:\\\/\\\/pfeifenundzigarren.de\\\/wp-content\\\/uploads\\\/2024\\\/09\\\/cropped-Luxury-and-Vintage-Ornamental-Coffee-Shop-Logo.png\",\"width\":512,\"height\":512,\"caption\":\"Der beste Onlineshop f\u00fcr Pfeifen und Zigarrenzubeh\u00f6r in Deutschland\"},\"image\":{\"@id\":\"https:\\\/\\\/pfeifenundzigarren.de\\\/#\\\/schema\\\/logo\\\/image\\\/\"}}]}<\/script>\n<!-- \/ Yoast SEO Premium plugin. -->","yoast_head_json":{"title":"Handgefertigte Apfel-Pfeife mit Hornring - Der beste Onlineshop f\u00fcr Pfeifen und Zigarrenzubeh\u00f6r in Deutschland","robots":{"index":"index","follow":"follow","max-snippet":"max-snippet:-1","max-image-preview":"max-image-preview:large","max-video-preview":"max-video-preview:-1"},"canonical":"https:\/\/pfeifenundzigarren.de\/es\/Produkt\/handgefertigte-apfel-pfeife-mit-hornring\/","og_locale":"es_ES","og_type":"article","og_title":"Handgefertigte Apfel-Pfeife mit Hornring","og_description":"Produktparameter Au\u00dfendurchmesser:\u00a050 mm Innendurchmesser:\u00a020 mm Gesamtl\u00e4nge der Pfeife:\u00a0133 mm H\u00f6he des Pfeifenkopfs:\u00a049 mm Tiefe des Pfeifenkopfs:\u00a034 mm L\u00e4nge des Mundst\u00fccks:\u00a047","og_url":"https:\/\/pfeifenundzigarren.de\/es\/Produkt\/handgefertigte-apfel-pfeife-mit-hornring\/","og_site_name":"Der beste Onlineshop f\u00fcr Pfeifen und Zigarrenzubeh\u00f6r in Deutschland","article_modified_time":"2025-10-10T03:36:56+00:00","og_image":[{"width":800,"height":800,"url":"https:\/\/pfeifenundzigarren.de\/wp-content\/uploads\/2024\/09\/fbdb8181-bb23-469b-bbb0-eef737ce270b.jpg","type":"image\/jpeg"}],"twitter_card":"summary_large_image","twitter_misc":{"Tiempo de lectura":"1 minuto"},"schema":{"@context":"https:\/\/schema.org","@graph":[{"@type":"WebPage","@id":"https:\/\/pfeifenundzigarren.de\/Produkt\/handgefertigte-apfel-pfeife-mit-hornring\/","url":"https:\/\/pfeifenundzigarren.de\/Produkt\/handgefertigte-apfel-pfeife-mit-hornring\/","name":"Handgefertigte Apfel-Pfeife mit Hornring - Der beste Onlineshop f\u00fcr Pfeifen und Zigarrenzubeh\u00f6r in Deutschland","isPartOf":{"@id":"https:\/\/pfeifenundzigarren.de\/#website"},"primaryImageOfPage":{"@id":"https:\/\/pfeifenundzigarren.de\/Produkt\/handgefertigte-apfel-pfeife-mit-hornring\/#primaryimage"},"image":{"@id":"https:\/\/pfeifenundzigarren.de\/Produkt\/handgefertigte-apfel-pfeife-mit-hornring\/#primaryimage"},"thumbnailUrl":"https:\/\/pfeifenundzigarren.de\/wp-content\/uploads\/2024\/09\/fbdb8181-bb23-469b-bbb0-eef737ce270b.jpg","datePublished":"2024-09-19T03:45:11+00:00","dateModified":"2025-10-10T03:36:56+00:00","breadcrumb":{"@id":"https:\/\/pfeifenundzigarren.de\/Produkt\/handgefertigte-apfel-pfeife-mit-hornring\/#breadcrumb"},"inLanguage":"es","potentialAction":[{"@type":"ReadAction","target":["https:\/\/pfeifenundzigarren.de\/Produkt\/handgefertigte-apfel-pfeife-mit-hornring\/"]}]},{"@type":"ImageObject","inLanguage":"es","@id":"https:\/\/pfeifenundzigarren.de\/Produkt\/handgefertigte-apfel-pfeife-mit-hornring\/#primaryimage","url":"https:\/\/pfeifenundzigarren.de\/wp-content\/uploads\/2024\/09\/fbdb8181-bb23-469b-bbb0-eef737ce270b.jpg","contentUrl":"https:\/\/pfeifenundzigarren.de\/wp-content\/uploads\/2024\/09\/fbdb8181-bb23-469b-bbb0-eef737ce270b.jpg","width":800,"height":800,"caption":"Handgefertigte Apfel-Pfeife mit Hornring"},{"@type":"BreadcrumbList","@id":"https:\/\/pfeifenundzigarren.de\/Produkt\/handgefertigte-apfel-pfeife-mit-hornring\/#breadcrumb","itemListElement":[{"@type":"ListItem","position":1,"name":"Home","item":"https:\/\/pfeifenundzigarren.de\/"},{"@type":"ListItem","position":2,"name":"Shop","item":"https:\/\/pfeifenundzigarren.de\/shop\/"},{"@type":"ListItem","position":3,"name":"Handgefertigte Apfel-Pfeife mit Hornring"}]},{"@type":"WebSite","@id":"https:\/\/pfeifenundzigarren.de\/#website","url":"https:\/\/pfeifenundzigarren.de\/","name":"La mejor tienda en l\u00ednea de pipas y accesorios para puros de Alemania","description":"","publisher":{"@id":"https:\/\/pfeifenundzigarren.de\/#organization"},"potentialAction":[{"@type":"SearchAction","target":{"@type":"EntryPoint","urlTemplate":"https:\/\/pfeifenundzigarren.de\/?s={search_term_string}"},"query-input":{"@type":"PropertyValueSpecification","valueRequired":true,"valueName":"search_term_string"}}],"inLanguage":"es"},{"@type":"Organization","@id":"https:\/\/pfeifenundzigarren.de\/#organization","name":"La mejor tienda en l\u00ednea de pipas y accesorios para puros de Alemania","url":"https:\/\/pfeifenundzigarren.de\/","logo":{"@type":"ImageObject","inLanguage":"es","@id":"https:\/\/pfeifenundzigarren.de\/#\/schema\/logo\/image\/","url":"https:\/\/pfeifenundzigarren.de\/wp-content\/uploads\/2024\/09\/cropped-Luxury-and-Vintage-Ornamental-Coffee-Shop-Logo.png","contentUrl":"https:\/\/pfeifenundzigarren.de\/wp-content\/uploads\/2024\/09\/cropped-Luxury-and-Vintage-Ornamental-Coffee-Shop-Logo.png","width":512,"height":512,"caption":"Der beste Onlineshop f\u00fcr Pfeifen und Zigarrenzubeh\u00f6r in Deutschland"},"image":{"@id":"https:\/\/pfeifenundzigarren.de\/#\/schema\/logo\/image\/"}}]}},"_links":{"self":[{"href":"https:\/\/pfeifenundzigarren.de\/es\/wp-json\/wp\/v2\/product\/3553","targetHints":{"allow":["GET"]}}],"collection":[{"href":"https:\/\/pfeifenundzigarren.de\/es\/wp-json\/wp\/v2\/product"}],"about":[{"href":"https:\/\/pfeifenundzigarren.de\/es\/wp-json\/wp\/v2\/types\/product"}],"replies":[{"embeddable":true,"href":"https:\/\/pfeifenundzigarren.de\/es\/wp-json\/wp\/v2\/comments?post=3553"}],"version-history":[{"count":0,"href":"https:\/\/pfeifenundzigarren.de\/es\/wp-json\/wp\/v2\/product\/3553\/revisions"}],"wp:featuredmedia":[{"embeddable":true,"href":"https:\/\/pfeifenundzigarren.de\/es\/wp-json\/wp\/v2\/media\/3554"}],"wp:attachment":[{"href":"https:\/\/pfeifenundzigarren.de\/es\/wp-json\/wp\/v2\/media?parent=3553"}],"wp:term":[{"taxonomy":"product_brand","embeddable":true,"href":"https:\/\/pfeifenundzigarren.de\/es\/wp-json\/wp\/v2\/product_brand?post=3553"},{"taxonomy":"product_cat","embeddable":true,"href":"https:\/\/pfeifenundzigarren.de\/es\/wp-json\/wp\/v2\/product_cat?post=3553"},{"taxonomy":"product_tag","embeddable":true,"href":"https:\/\/pfeifenundzigarren.de\/es\/wp-json\/wp\/v2\/product_tag?post=3553"}],"curies":[{"name":"wp","href":"https:\/\/api.w.org\/{rel}","templated":true}]}}