{"id":3349,"date":"2024-09-18T09:56:57","date_gmt":"2024-09-18T07:56:57","guid":{"rendered":"https:\/\/pfeifenundzigarren.de\/Produkt\/dublin-briarholz-tabakpfeife\/"},"modified":"2026-02-08T02:54:31","modified_gmt":"2026-02-08T01:54:31","slug":"dublin-briarholz-tabakpfeife","status":"publish","type":"product","link":"https:\/\/pfeifenundzigarren.de\/es\/Produkt\/dublin-briarholz-tabakpfeife\/","title":{"rendered":"Pipa de tabaco de madera de brezo de Dubl\u00edn"},"content":{"rendered":"<p><strong>Par\u00e1metros del producto<\/strong><\/p>\n<ul>\n<li><strong>Di\u00e1metro interior (inner diam):<\/strong>\u00a017 mm (0,67 pulgadas)<\/li>\n<li><strong>Di\u00e1metro exterior<\/strong>\u00a031 mm (1,22 pulgadas)<\/li>\n<li><strong>Profundidad de la cabeza (profundidad de la cubeta):<\/strong>\u00a01,42 pulgadas (36 mm)<\/li>\n<li><strong>Altura:<\/strong>\u00a051 mm (2,01 pulgadas)<\/li>\n<li><strong>Longitud de la boquilla (longitud de la boquilla):<\/strong>\u00a089 mm (3,50 pulgadas)<\/li>\n<li><strong>Longitud total<\/strong>\u00a0158 mm (6,22 pulgadas)<\/li>\n<li><strong>Peso:<\/strong>\u00a030 g<\/li>\n<\/ul>\n<p>Este D<strong>pipa de tabaco con forma de ublin<\/strong> impresiona por su excepcional veteado de madera flameada, que se despliega magn\u00edficamente sobre la superficie lisa y de color contrastado. El veteado se eleva armoniosamente junto con la curvatura exterior caracter\u00edstica de la pipa y, a continuaci\u00f3n, estalla literalmente en una estructura rugosa en forma de meseta en el borde de la cazoleta, lo que confiere al aspecto visual una fuerte presencia y dinamismo y subraya de forma impresionante la belleza natural de la madera, as\u00ed como la artesan\u00eda.<\/p>\n<p>La pipa tiene una forma dublinesa h\u00e1bilmente curvada, con una transici\u00f3n ajustada y precisa de la cazoleta a la ca\u00f1a. El v\u00e1stago se eleva bruscamente y conecta con una ca\u00f1a curvada. <a href=\"https:\/\/pfeifenundzigarren.de\/es\/produktkategorie\/pfeifen-zubehoer\/pfeifen-mundstueck\/\">Boquilla para pipa recta<\/a> de vulcanita negra. En la parte delantera, la cazoleta descansa sobre un potente pie en voladizo y tiene unas paredes gruesas y envolventes que se estrechan hacia un borde ancho y plano. Este borde ancho da a una c\u00e1mara espaciosa que est\u00e1 bien aislada para garantizar una experiencia de fumada c\u00f3moda y fresca durante largas sesiones.<\/p>\n<p>En<strong> Pipa de tabaco de madera de brezo de Dubl\u00edn<\/strong>La forma de la pipa se caracteriza por su sencilla y cl\u00e1sica forma c\u00f3nica con una cazoleta muy abierta. Esta forma facilita el llenado con diferentes tipos de tabaco y garantiza una combusti\u00f3n uniforme, proporcionando una simbiosis perfecta de manejo pr\u00e1ctico y dise\u00f1o est\u00e9tico.<\/p>\n<p><img decoding=\"async\" src=\"https:\/\/ae01.alicdn.com\/kf\/S3690bcbba4a44b958b0200ea6695e1eeP.jpg\" alt=\"\"><img decoding=\"async\" src=\"https:\/\/ae01.alicdn.com\/kf\/S0588bac8139e4119b9b7143b69dfb7b8N.jpg\" alt=\"\"><img decoding=\"async\" src=\"https:\/\/ae01.alicdn.com\/kf\/S32ac304f350b48e9bb6411b33c1bac7cV.jpg\" alt=\"\"><img decoding=\"async\" src=\"https:\/\/ae01.alicdn.com\/kf\/S89211a29401443a1825bd64954ca13c1i.jpg\" alt=\"\"><img decoding=\"async\" src=\"https:\/\/ae01.alicdn.com\/kf\/S584d475c02f14d1ebe2be1b6424c33a9f.jpg\" alt=\"\"><img decoding=\"async\" src=\"https:\/\/ae01.alicdn.com\/kf\/Sc765071aa8b94cd5a73a6fe1370323876.jpg\" alt=\"\"><img decoding=\"async\" src=\"https:\/\/ae01.alicdn.com\/kf\/Scb9f2f4e665f4640a8db59363d9f5564S.jpg\" alt=\"\"><\/p>\n<p>&nbsp;<\/p>","protected":false},"excerpt":{"rendered":"<p>Par\u00e1metros del producto Di\u00e1metro interior (di\u00e1metro interno): 0,67 pulgadas (17 mm) Di\u00e1metro exterior (di\u00e1metro externo): 1,22 pulgadas (31 mm) Profundidad de la cubeta: 1,42 pulgadas (36 mm) Altura<\/p>","protected":false},"featured_media":3350,"comment_status":"open","ping_status":"closed","template":"","meta":[],"product_brand":[],"product_cat":[86,824],"product_tag":[],"class_list":{"0":"post-3349","1":"product","2":"type-product","3":"status-publish","4":"has-post-thumbnail","6":"product_cat-bruyere-pfeifen","7":"product_cat-dublin-pfeifen","9":"first","10":"instock","11":"sale","12":"shipping-taxable","13":"purchasable","14":"product-type-variable","15":"wvs-archive-product-wrapper"},"yoast_head":"<!-- This site is optimized with the Yoast SEO Premium plugin v26.7 (Yoast SEO v27.4) - https:\/\/yoast.com\/product\/yoast-seo-premium-wordpress\/ -->\n<title>Dublin-Briarholz-Tabakpfeife - Der beste Onlineshop f\u00fcr Pfeifen und Zigarrenzubeh\u00f6r in Deutschland<\/title>\n<meta name=\"robots\" content=\"index, follow, max-snippet:-1, max-image-preview:large, max-video-preview:-1\" \/>\n<link rel=\"canonical\" href=\"https:\/\/pfeifenundzigarren.de\/es\/Produkt\/dublin-briarholz-tabakpfeife\/\" \/>\n<meta property=\"og:locale\" content=\"es_ES\" \/>\n<meta property=\"og:type\" content=\"article\" \/>\n<meta property=\"og:title\" content=\"Dublin-Briarholz-Tabakpfeife\" \/>\n<meta property=\"og:description\" content=\"Produktparameter Innendurchmesser (inner diam):\u00a00,67 Zoll (17 mm) Au\u00dfendurchmesser (outside diam):\u00a01,22 Zoll (31 mm) Kopftiefe (bowl depth):\u00a01,42 Zoll (36 mm) H\u00f6he\" \/>\n<meta property=\"og:url\" content=\"https:\/\/pfeifenundzigarren.de\/es\/Produkt\/dublin-briarholz-tabakpfeife\/\" \/>\n<meta property=\"og:site_name\" content=\"Der beste Onlineshop f\u00fcr Pfeifen und Zigarrenzubeh\u00f6r in Deutschland\" \/>\n<meta property=\"article:modified_time\" content=\"2026-02-08T01:54:31+00:00\" \/>\n<meta property=\"og:image\" content=\"https:\/\/pfeifenundzigarren.de\/wp-content\/uploads\/2024\/09\/kf-S7df16877dc444613bfbd568cd1b36a0be-MUXIANG-Dublin-briar-tobacco-pipe-vulcanized-rubber-straight-handle-3mm-pipe-channel-with-silver-metal-ring.webp\" \/>\n\t<meta property=\"og:image:width\" content=\"1000\" \/>\n\t<meta property=\"og:image:height\" content=\"1000\" \/>\n\t<meta property=\"og:image:type\" content=\"image\/webp\" \/>\n<meta name=\"twitter:card\" content=\"summary_large_image\" \/>\n<meta name=\"twitter:label1\" content=\"Tiempo de lectura\" \/>\n\t<meta name=\"twitter:data1\" content=\"1 minuto\" \/>\n<script type=\"application\/ld+json\" class=\"yoast-schema-graph\">{\"@context\":\"https:\\\/\\\/schema.org\",\"@graph\":[{\"@type\":\"WebPage\",\"@id\":\"https:\\\/\\\/pfeifenundzigarren.de\\\/Produkt\\\/dublin-briarholz-tabakpfeife\\\/\",\"url\":\"https:\\\/\\\/pfeifenundzigarren.de\\\/Produkt\\\/dublin-briarholz-tabakpfeife\\\/\",\"name\":\"Dublin-Briarholz-Tabakpfeife - Der beste Onlineshop f\u00fcr Pfeifen und Zigarrenzubeh\u00f6r in Deutschland\",\"isPartOf\":{\"@id\":\"https:\\\/\\\/pfeifenundzigarren.de\\\/#website\"},\"primaryImageOfPage\":{\"@id\":\"https:\\\/\\\/pfeifenundzigarren.de\\\/Produkt\\\/dublin-briarholz-tabakpfeife\\\/#primaryimage\"},\"image\":{\"@id\":\"https:\\\/\\\/pfeifenundzigarren.de\\\/Produkt\\\/dublin-briarholz-tabakpfeife\\\/#primaryimage\"},\"thumbnailUrl\":\"https:\\\/\\\/pfeifenundzigarren.de\\\/wp-content\\\/uploads\\\/2024\\\/09\\\/kf-S7df16877dc444613bfbd568cd1b36a0be-MUXIANG-Dublin-briar-tobacco-pipe-vulcanized-rubber-straight-handle-3mm-pipe-channel-with-silver-metal-ring.webp\",\"datePublished\":\"2024-09-18T07:56:57+00:00\",\"dateModified\":\"2026-02-08T01:54:31+00:00\",\"breadcrumb\":{\"@id\":\"https:\\\/\\\/pfeifenundzigarren.de\\\/Produkt\\\/dublin-briarholz-tabakpfeife\\\/#breadcrumb\"},\"inLanguage\":\"es\",\"potentialAction\":[{\"@type\":\"ReadAction\",\"target\":[\"https:\\\/\\\/pfeifenundzigarren.de\\\/Produkt\\\/dublin-briarholz-tabakpfeife\\\/\"]}]},{\"@type\":\"ImageObject\",\"inLanguage\":\"es\",\"@id\":\"https:\\\/\\\/pfeifenundzigarren.de\\\/Produkt\\\/dublin-briarholz-tabakpfeife\\\/#primaryimage\",\"url\":\"https:\\\/\\\/pfeifenundzigarren.de\\\/wp-content\\\/uploads\\\/2024\\\/09\\\/kf-S7df16877dc444613bfbd568cd1b36a0be-MUXIANG-Dublin-briar-tobacco-pipe-vulcanized-rubber-straight-handle-3mm-pipe-channel-with-silver-metal-ring.webp\",\"contentUrl\":\"https:\\\/\\\/pfeifenundzigarren.de\\\/wp-content\\\/uploads\\\/2024\\\/09\\\/kf-S7df16877dc444613bfbd568cd1b36a0be-MUXIANG-Dublin-briar-tobacco-pipe-vulcanized-rubber-straight-handle-3mm-pipe-channel-with-silver-metal-ring.webp\",\"width\":1000,\"height\":1000,\"caption\":\"Dublin-Briarholz-Tabakpfeife\"},{\"@type\":\"BreadcrumbList\",\"@id\":\"https:\\\/\\\/pfeifenundzigarren.de\\\/Produkt\\\/dublin-briarholz-tabakpfeife\\\/#breadcrumb\",\"itemListElement\":[{\"@type\":\"ListItem\",\"position\":1,\"name\":\"Home\",\"item\":\"https:\\\/\\\/pfeifenundzigarren.de\\\/\"},{\"@type\":\"ListItem\",\"position\":2,\"name\":\"Shop\",\"item\":\"https:\\\/\\\/pfeifenundzigarren.de\\\/shop\\\/\"},{\"@type\":\"ListItem\",\"position\":3,\"name\":\"Dublin-Briarholz-Tabakpfeife\"}]},{\"@type\":\"WebSite\",\"@id\":\"https:\\\/\\\/pfeifenundzigarren.de\\\/#website\",\"url\":\"https:\\\/\\\/pfeifenundzigarren.de\\\/\",\"name\":\"Der beste Onlineshop f\u00fcr Pfeifen und Zigarrenzubeh\u00f6r in Deutschland\",\"description\":\"\",\"publisher\":{\"@id\":\"https:\\\/\\\/pfeifenundzigarren.de\\\/#organization\"},\"potentialAction\":[{\"@type\":\"SearchAction\",\"target\":{\"@type\":\"EntryPoint\",\"urlTemplate\":\"https:\\\/\\\/pfeifenundzigarren.de\\\/?s={search_term_string}\"},\"query-input\":{\"@type\":\"PropertyValueSpecification\",\"valueRequired\":true,\"valueName\":\"search_term_string\"}}],\"inLanguage\":\"es\"},{\"@type\":\"Organization\",\"@id\":\"https:\\\/\\\/pfeifenundzigarren.de\\\/#organization\",\"name\":\"Der beste Onlineshop f\u00fcr Pfeifen und Zigarrenzubeh\u00f6r in Deutschland\",\"url\":\"https:\\\/\\\/pfeifenundzigarren.de\\\/\",\"logo\":{\"@type\":\"ImageObject\",\"inLanguage\":\"es\",\"@id\":\"https:\\\/\\\/pfeifenundzigarren.de\\\/#\\\/schema\\\/logo\\\/image\\\/\",\"url\":\"https:\\\/\\\/pfeifenundzigarren.de\\\/wp-content\\\/uploads\\\/2024\\\/09\\\/cropped-Luxury-and-Vintage-Ornamental-Coffee-Shop-Logo.png\",\"contentUrl\":\"https:\\\/\\\/pfeifenundzigarren.de\\\/wp-content\\\/uploads\\\/2024\\\/09\\\/cropped-Luxury-and-Vintage-Ornamental-Coffee-Shop-Logo.png\",\"width\":512,\"height\":512,\"caption\":\"Der beste Onlineshop f\u00fcr Pfeifen und Zigarrenzubeh\u00f6r in Deutschland\"},\"image\":{\"@id\":\"https:\\\/\\\/pfeifenundzigarren.de\\\/#\\\/schema\\\/logo\\\/image\\\/\"}}]}<\/script>\n<!-- \/ Yoast SEO Premium plugin. -->","yoast_head_json":{"title":"Dublin-Briarholz-Tabakpfeife - Der beste Onlineshop f\u00fcr Pfeifen und Zigarrenzubeh\u00f6r in Deutschland","robots":{"index":"index","follow":"follow","max-snippet":"max-snippet:-1","max-image-preview":"max-image-preview:large","max-video-preview":"max-video-preview:-1"},"canonical":"https:\/\/pfeifenundzigarren.de\/es\/Produkt\/dublin-briarholz-tabakpfeife\/","og_locale":"es_ES","og_type":"article","og_title":"Dublin-Briarholz-Tabakpfeife","og_description":"Produktparameter Innendurchmesser (inner diam):\u00a00,67 Zoll (17 mm) Au\u00dfendurchmesser (outside diam):\u00a01,22 Zoll (31 mm) Kopftiefe (bowl depth):\u00a01,42 Zoll (36 mm) H\u00f6he","og_url":"https:\/\/pfeifenundzigarren.de\/es\/Produkt\/dublin-briarholz-tabakpfeife\/","og_site_name":"Der beste Onlineshop f\u00fcr Pfeifen und Zigarrenzubeh\u00f6r in Deutschland","article_modified_time":"2026-02-08T01:54:31+00:00","og_image":[{"width":1000,"height":1000,"url":"https:\/\/pfeifenundzigarren.de\/wp-content\/uploads\/2024\/09\/kf-S7df16877dc444613bfbd568cd1b36a0be-MUXIANG-Dublin-briar-tobacco-pipe-vulcanized-rubber-straight-handle-3mm-pipe-channel-with-silver-metal-ring.webp","type":"image\/webp"}],"twitter_card":"summary_large_image","twitter_misc":{"Tiempo de lectura":"1 minuto"},"schema":{"@context":"https:\/\/schema.org","@graph":[{"@type":"WebPage","@id":"https:\/\/pfeifenundzigarren.de\/Produkt\/dublin-briarholz-tabakpfeife\/","url":"https:\/\/pfeifenundzigarren.de\/Produkt\/dublin-briarholz-tabakpfeife\/","name":"Dublin-Briarholz-Tabakpfeife - Der beste Onlineshop f\u00fcr Pfeifen und Zigarrenzubeh\u00f6r in Deutschland","isPartOf":{"@id":"https:\/\/pfeifenundzigarren.de\/#website"},"primaryImageOfPage":{"@id":"https:\/\/pfeifenundzigarren.de\/Produkt\/dublin-briarholz-tabakpfeife\/#primaryimage"},"image":{"@id":"https:\/\/pfeifenundzigarren.de\/Produkt\/dublin-briarholz-tabakpfeife\/#primaryimage"},"thumbnailUrl":"https:\/\/pfeifenundzigarren.de\/wp-content\/uploads\/2024\/09\/kf-S7df16877dc444613bfbd568cd1b36a0be-MUXIANG-Dublin-briar-tobacco-pipe-vulcanized-rubber-straight-handle-3mm-pipe-channel-with-silver-metal-ring.webp","datePublished":"2024-09-18T07:56:57+00:00","dateModified":"2026-02-08T01:54:31+00:00","breadcrumb":{"@id":"https:\/\/pfeifenundzigarren.de\/Produkt\/dublin-briarholz-tabakpfeife\/#breadcrumb"},"inLanguage":"es","potentialAction":[{"@type":"ReadAction","target":["https:\/\/pfeifenundzigarren.de\/Produkt\/dublin-briarholz-tabakpfeife\/"]}]},{"@type":"ImageObject","inLanguage":"es","@id":"https:\/\/pfeifenundzigarren.de\/Produkt\/dublin-briarholz-tabakpfeife\/#primaryimage","url":"https:\/\/pfeifenundzigarren.de\/wp-content\/uploads\/2024\/09\/kf-S7df16877dc444613bfbd568cd1b36a0be-MUXIANG-Dublin-briar-tobacco-pipe-vulcanized-rubber-straight-handle-3mm-pipe-channel-with-silver-metal-ring.webp","contentUrl":"https:\/\/pfeifenundzigarren.de\/wp-content\/uploads\/2024\/09\/kf-S7df16877dc444613bfbd568cd1b36a0be-MUXIANG-Dublin-briar-tobacco-pipe-vulcanized-rubber-straight-handle-3mm-pipe-channel-with-silver-metal-ring.webp","width":1000,"height":1000,"caption":"Dublin-Briarholz-Tabakpfeife"},{"@type":"BreadcrumbList","@id":"https:\/\/pfeifenundzigarren.de\/Produkt\/dublin-briarholz-tabakpfeife\/#breadcrumb","itemListElement":[{"@type":"ListItem","position":1,"name":"Home","item":"https:\/\/pfeifenundzigarren.de\/"},{"@type":"ListItem","position":2,"name":"Shop","item":"https:\/\/pfeifenundzigarren.de\/shop\/"},{"@type":"ListItem","position":3,"name":"Dublin-Briarholz-Tabakpfeife"}]},{"@type":"WebSite","@id":"https:\/\/pfeifenundzigarren.de\/#website","url":"https:\/\/pfeifenundzigarren.de\/","name":"La mejor tienda en l\u00ednea de pipas y accesorios para puros de Alemania","description":"","publisher":{"@id":"https:\/\/pfeifenundzigarren.de\/#organization"},"potentialAction":[{"@type":"SearchAction","target":{"@type":"EntryPoint","urlTemplate":"https:\/\/pfeifenundzigarren.de\/?s={search_term_string}"},"query-input":{"@type":"PropertyValueSpecification","valueRequired":true,"valueName":"search_term_string"}}],"inLanguage":"es"},{"@type":"Organization","@id":"https:\/\/pfeifenundzigarren.de\/#organization","name":"La mejor tienda en l\u00ednea de pipas y accesorios para puros de Alemania","url":"https:\/\/pfeifenundzigarren.de\/","logo":{"@type":"ImageObject","inLanguage":"es","@id":"https:\/\/pfeifenundzigarren.de\/#\/schema\/logo\/image\/","url":"https:\/\/pfeifenundzigarren.de\/wp-content\/uploads\/2024\/09\/cropped-Luxury-and-Vintage-Ornamental-Coffee-Shop-Logo.png","contentUrl":"https:\/\/pfeifenundzigarren.de\/wp-content\/uploads\/2024\/09\/cropped-Luxury-and-Vintage-Ornamental-Coffee-Shop-Logo.png","width":512,"height":512,"caption":"Der beste Onlineshop f\u00fcr Pfeifen und Zigarrenzubeh\u00f6r in Deutschland"},"image":{"@id":"https:\/\/pfeifenundzigarren.de\/#\/schema\/logo\/image\/"}}]}},"_links":{"self":[{"href":"https:\/\/pfeifenundzigarren.de\/es\/wp-json\/wp\/v2\/product\/3349","targetHints":{"allow":["GET"]}}],"collection":[{"href":"https:\/\/pfeifenundzigarren.de\/es\/wp-json\/wp\/v2\/product"}],"about":[{"href":"https:\/\/pfeifenundzigarren.de\/es\/wp-json\/wp\/v2\/types\/product"}],"replies":[{"embeddable":true,"href":"https:\/\/pfeifenundzigarren.de\/es\/wp-json\/wp\/v2\/comments?post=3349"}],"version-history":[{"count":1,"href":"https:\/\/pfeifenundzigarren.de\/es\/wp-json\/wp\/v2\/product\/3349\/revisions"}],"predecessor-version":[{"id":10483,"href":"https:\/\/pfeifenundzigarren.de\/es\/wp-json\/wp\/v2\/product\/3349\/revisions\/10483"}],"wp:featuredmedia":[{"embeddable":true,"href":"https:\/\/pfeifenundzigarren.de\/es\/wp-json\/wp\/v2\/media\/3350"}],"wp:attachment":[{"href":"https:\/\/pfeifenundzigarren.de\/es\/wp-json\/wp\/v2\/media?parent=3349"}],"wp:term":[{"taxonomy":"product_brand","embeddable":true,"href":"https:\/\/pfeifenundzigarren.de\/es\/wp-json\/wp\/v2\/product_brand?post=3349"},{"taxonomy":"product_cat","embeddable":true,"href":"https:\/\/pfeifenundzigarren.de\/es\/wp-json\/wp\/v2\/product_cat?post=3349"},{"taxonomy":"product_tag","embeddable":true,"href":"https:\/\/pfeifenundzigarren.de\/es\/wp-json\/wp\/v2\/product_tag?post=3349"}],"curies":[{"name":"wp","href":"https:\/\/api.w.org\/{rel}","templated":true}]}}