{"id":3318,"date":"2024-09-18T09:49:17","date_gmt":"2024-09-18T07:49:17","guid":{"rendered":"https:\/\/pfeifenundzigarren.de\/Produkt\/gandalf-pfeife-aus-geschnitztem-bruyere-holz\/"},"modified":"2025-09-20T07:46:54","modified_gmt":"2025-09-20T05:46:54","slug":"gandalf-pfeife-aus-geschnitztem-bruyere-holz","status":"publish","type":"product","link":"https:\/\/pfeifenundzigarren.de\/es\/Produkt\/gandalf-pfeife-aus-geschnitztem-bruyere-holz\/","title":{"rendered":"Pipa Gandalf de madera de brezo tallada"},"content":{"rendered":"<p><strong>Par\u00e1metros del producto<\/strong><\/p>\n<ul>\n<li><strong>Di\u00e1metro interior (inner diam):<\/strong>\u00a020 mm (0,79 pulgadas)<\/li>\n<li><strong>Di\u00e1metro exterior<\/strong>\u00a037 mm (1,46 pulgadas)<\/li>\n<li><strong>Profundidad de la cabeza (profundidad de la cubeta):<\/strong>\u00a038 mm (1,50 pulgadas)<\/li>\n<li><strong>Altura:<\/strong>\u00a047 mm (1,85 pulgadas)<\/li>\n<li><strong>Longitud de la boquilla (longitud de la boquilla):<\/strong>\u00a075 mm (2,95 pulgadas)<\/li>\n<li><strong>Longitud total<\/strong>\u00a0151 mm (5,94 pulgadas)<\/li>\n<li><strong>Peso:<\/strong>\u00a039 g<\/li>\n<li><strong>Hecho a mano con madera de brezo italiana de primera calidad<\/strong><\/li>\n<li><strong>Dise\u00f1o tipo Bent<\/strong><\/li>\n<li><strong>M\u00e9todo de env\u00edo r\u00e1pido<\/strong><\/li>\n<li><strong>Material:<\/strong>\u00a0Madera de brezo<\/li>\n<li><strong>Filtrar:<\/strong>\u00a09 mm<\/li>\n<\/ul>\n<p>ly en t\u00e9rminos de densidad y grano.<img decoding=\"async\" src=\"https:\/\/ae01.alicdn.com\/kf\/S9908a95fbe5d483cae3580c1a27e0299N.jpg\" alt=\"\"><img decoding=\"async\" src=\"https:\/\/ae01.alicdn.com\/kf\/Sc8e95841adc2429e9a8c3797204d736aE.jpg\" alt=\"\"><img decoding=\"async\" src=\"https:\/\/ae01.alicdn.com\/kf\/S8e86c3a97e734799bc27c82bb8c4ec1ax.jpg\" alt=\"\"><img decoding=\"async\" src=\"https:\/\/ae01.alicdn.com\/kf\/Sda5a1e1e77314025914a1df5c2cd421fU.jpg\" alt=\"\"><img decoding=\"async\" src=\"https:\/\/ae01.alicdn.com\/kf\/Scbc7f92716414e76a752c58cd2195594b.jpg\" alt=\"\"><img decoding=\"async\" src=\"https:\/\/ae01.alicdn.com\/kf\/Scf80761d5a7845ad8fa3c4a5cdfa3b9by.jpg\" alt=\"\"><img decoding=\"async\" src=\"https:\/\/ae01.alicdn.com\/kf\/S9675e9121931475db3f05d28c76fe26fl.jpg\" alt=\"\"><img decoding=\"async\" src=\"https:\/\/ae01.alicdn.com\/kf\/S80852db8c1d64ac8b84810cca7e76a438.jpg\" alt=\"\"><img decoding=\"async\" src=\"https:\/\/ae01.alicdn.com\/kf\/S0db848cc5eb645bcb624dd7a01ac10a98.jpg\" alt=\"\"><img decoding=\"async\" src=\"https:\/\/ae01.alicdn.com\/kf\/S13752442c7b24a47947dcfb9d2dcb1fbD.jpg\" alt=\"\"><img decoding=\"async\" src=\"https:\/\/ae01.alicdn.com\/kf\/Sb1b612b1918f4646ac2f1b00ba30bd076.jpg\" alt=\"\"><img decoding=\"async\" src=\"https:\/\/ae01.alicdn.com\/kf\/S85fb34688f4a45dfbf049abccc447de40.jpg\" alt=\"\"><img decoding=\"async\" src=\"https:\/\/ae01.alicdn.com\/kf\/Se763b44aca7d4b6c91663184c9e3e7f3m.jpg\" alt=\"\"><img decoding=\"async\" src=\"https:\/\/ae01.alicdn.com\/kf\/Scab924b5c768456ea4af12975f2231d8B.jpg\" alt=\"\"><\/p>","protected":false},"excerpt":{"rendered":"<p>Par\u00e1metros del producto Di\u00e1metro interior (di\u00e1metro interno): 0,79 pulgadas (20 mm) Di\u00e1metro exterior (di\u00e1metro externo): 1,46 pulgadas (37 mm) Profundidad de la cubeta: 1,50 pulgadas (38 mm) Altura<\/p>","protected":false},"featured_media":3319,"comment_status":"open","ping_status":"closed","template":"","meta":[],"product_brand":[],"product_cat":[86,72],"product_tag":[],"class_list":{"0":"post-3318","1":"product","2":"type-product","3":"status-publish","4":"has-post-thumbnail","6":"product_cat-bruyere-pfeifen","7":"product_cat-gandalf-pfeife","9":"first","10":"instock","11":"sale","12":"shipping-taxable","13":"purchasable","14":"product-type-simple"},"yoast_head":"<!-- This site is optimized with the Yoast SEO Premium plugin v26.7 (Yoast SEO v27.4) - https:\/\/yoast.com\/product\/yoast-seo-premium-wordpress\/ -->\n<title>Gandalf-Pfeife aus geschnitztem Bruy\u00e8re-Holz - Der beste Onlineshop f\u00fcr Pfeifen und Zigarrenzubeh\u00f6r in Deutschland<\/title>\n<meta name=\"robots\" content=\"index, follow, max-snippet:-1, max-image-preview:large, max-video-preview:-1\" \/>\n<link rel=\"canonical\" href=\"https:\/\/pfeifenundzigarren.de\/es\/Produkt\/gandalf-pfeife-aus-geschnitztem-bruyere-holz\/\" \/>\n<meta property=\"og:locale\" content=\"es_ES\" \/>\n<meta property=\"og:type\" content=\"article\" \/>\n<meta property=\"og:title\" content=\"Gandalf-Pfeife aus geschnitztem Bruy\u00e8re-Holz\" \/>\n<meta property=\"og:description\" content=\"Produktparameter Innendurchmesser (inner diam):\u00a00,79 Zoll (20 mm) Au\u00dfendurchmesser (outside diam):\u00a01,46 Zoll (37 mm) Kopftiefe (bowl depth):\u00a01,50 Zoll (38 mm) H\u00f6he\" \/>\n<meta property=\"og:url\" content=\"https:\/\/pfeifenundzigarren.de\/es\/Produkt\/gandalf-pfeife-aus-geschnitztem-bruyere-holz\/\" \/>\n<meta property=\"og:site_name\" content=\"Der beste Onlineshop f\u00fcr Pfeifen und Zigarrenzubeh\u00f6r in Deutschland\" \/>\n<meta property=\"article:modified_time\" content=\"2025-09-20T05:46:54+00:00\" \/>\n<meta property=\"og:image\" content=\"https:\/\/pfeifenundzigarren.de\/wp-content\/uploads\/2024\/09\/kf-S221893dc39154a8e99d54566ee6750b8B-MUXIANG-Classic-Handmade-Briar-Wood-Pipe-Free-Type-Mouthpiece-Smoking-Pipe-for-Smoking-Newest.webp\" \/>\n\t<meta property=\"og:image:width\" content=\"1000\" \/>\n\t<meta property=\"og:image:height\" content=\"1000\" \/>\n\t<meta property=\"og:image:type\" content=\"image\/webp\" \/>\n<meta name=\"twitter:card\" content=\"summary_large_image\" \/>\n<script type=\"application\/ld+json\" class=\"yoast-schema-graph\">{\"@context\":\"https:\\\/\\\/schema.org\",\"@graph\":[{\"@type\":\"WebPage\",\"@id\":\"https:\\\/\\\/pfeifenundzigarren.de\\\/Produkt\\\/gandalf-pfeife-aus-geschnitztem-bruyere-holz\\\/\",\"url\":\"https:\\\/\\\/pfeifenundzigarren.de\\\/Produkt\\\/gandalf-pfeife-aus-geschnitztem-bruyere-holz\\\/\",\"name\":\"Gandalf-Pfeife aus geschnitztem Bruy\u00e8re-Holz - Der beste Onlineshop f\u00fcr Pfeifen und Zigarrenzubeh\u00f6r in Deutschland\",\"isPartOf\":{\"@id\":\"https:\\\/\\\/lime-nightingale-562313.hostingersite.com\\\/#website\"},\"primaryImageOfPage\":{\"@id\":\"https:\\\/\\\/pfeifenundzigarren.de\\\/Produkt\\\/gandalf-pfeife-aus-geschnitztem-bruyere-holz\\\/#primaryimage\"},\"image\":{\"@id\":\"https:\\\/\\\/pfeifenundzigarren.de\\\/Produkt\\\/gandalf-pfeife-aus-geschnitztem-bruyere-holz\\\/#primaryimage\"},\"thumbnailUrl\":\"https:\\\/\\\/pfeifenundzigarren.de\\\/wp-content\\\/uploads\\\/2024\\\/09\\\/kf-S221893dc39154a8e99d54566ee6750b8B-MUXIANG-Classic-Handmade-Briar-Wood-Pipe-Free-Type-Mouthpiece-Smoking-Pipe-for-Smoking-Newest.webp\",\"datePublished\":\"2024-09-18T07:49:17+00:00\",\"dateModified\":\"2025-09-20T05:46:54+00:00\",\"breadcrumb\":{\"@id\":\"https:\\\/\\\/pfeifenundzigarren.de\\\/Produkt\\\/gandalf-pfeife-aus-geschnitztem-bruyere-holz\\\/#breadcrumb\"},\"inLanguage\":\"es\",\"potentialAction\":[{\"@type\":\"ReadAction\",\"target\":[\"https:\\\/\\\/pfeifenundzigarren.de\\\/Produkt\\\/gandalf-pfeife-aus-geschnitztem-bruyere-holz\\\/\"]}]},{\"@type\":\"ImageObject\",\"inLanguage\":\"es\",\"@id\":\"https:\\\/\\\/pfeifenundzigarren.de\\\/Produkt\\\/gandalf-pfeife-aus-geschnitztem-bruyere-holz\\\/#primaryimage\",\"url\":\"https:\\\/\\\/pfeifenundzigarren.de\\\/wp-content\\\/uploads\\\/2024\\\/09\\\/kf-S221893dc39154a8e99d54566ee6750b8B-MUXIANG-Classic-Handmade-Briar-Wood-Pipe-Free-Type-Mouthpiece-Smoking-Pipe-for-Smoking-Newest.webp\",\"contentUrl\":\"https:\\\/\\\/pfeifenundzigarren.de\\\/wp-content\\\/uploads\\\/2024\\\/09\\\/kf-S221893dc39154a8e99d54566ee6750b8B-MUXIANG-Classic-Handmade-Briar-Wood-Pipe-Free-Type-Mouthpiece-Smoking-Pipe-for-Smoking-Newest.webp\",\"width\":1000,\"height\":1000,\"caption\":\"Gandalf-Pfeife aus geschnitztem Bruy\u00e8re-Holz\"},{\"@type\":\"BreadcrumbList\",\"@id\":\"https:\\\/\\\/pfeifenundzigarren.de\\\/Produkt\\\/gandalf-pfeife-aus-geschnitztem-bruyere-holz\\\/#breadcrumb\",\"itemListElement\":[{\"@type\":\"ListItem\",\"position\":1,\"name\":\"Home\",\"item\":\"https:\\\/\\\/lime-nightingale-562313.hostingersite.com\\\/\"},{\"@type\":\"ListItem\",\"position\":2,\"name\":\"Shop\",\"item\":\"https:\\\/\\\/lime-nightingale-562313.hostingersite.com\\\/shop\\\/\"},{\"@type\":\"ListItem\",\"position\":3,\"name\":\"Gandalf-Pfeife aus geschnitztem Bruy\u00e8re-Holz\"}]},{\"@type\":\"WebSite\",\"@id\":\"https:\\\/\\\/lime-nightingale-562313.hostingersite.com\\\/#website\",\"url\":\"https:\\\/\\\/lime-nightingale-562313.hostingersite.com\\\/\",\"name\":\"Der beste Onlineshop f\u00fcr Pfeifen und Zigarrenzubeh\u00f6r in Deutschland\",\"description\":\"\",\"publisher\":{\"@id\":\"https:\\\/\\\/lime-nightingale-562313.hostingersite.com\\\/#organization\"},\"potentialAction\":[{\"@type\":\"SearchAction\",\"target\":{\"@type\":\"EntryPoint\",\"urlTemplate\":\"https:\\\/\\\/lime-nightingale-562313.hostingersite.com\\\/?s={search_term_string}\"},\"query-input\":{\"@type\":\"PropertyValueSpecification\",\"valueRequired\":true,\"valueName\":\"search_term_string\"}}],\"inLanguage\":\"es\"},{\"@type\":\"Organization\",\"@id\":\"https:\\\/\\\/lime-nightingale-562313.hostingersite.com\\\/#organization\",\"name\":\"Der beste Onlineshop f\u00fcr Pfeifen und Zigarrenzubeh\u00f6r in Deutschland\",\"url\":\"https:\\\/\\\/lime-nightingale-562313.hostingersite.com\\\/\",\"logo\":{\"@type\":\"ImageObject\",\"inLanguage\":\"es\",\"@id\":\"https:\\\/\\\/lime-nightingale-562313.hostingersite.com\\\/#\\\/schema\\\/logo\\\/image\\\/\",\"url\":\"https:\\\/\\\/pfeifenundzigarren.de\\\/wp-content\\\/uploads\\\/2024\\\/09\\\/cropped-Luxury-and-Vintage-Ornamental-Coffee-Shop-Logo.png\",\"contentUrl\":\"https:\\\/\\\/pfeifenundzigarren.de\\\/wp-content\\\/uploads\\\/2024\\\/09\\\/cropped-Luxury-and-Vintage-Ornamental-Coffee-Shop-Logo.png\",\"width\":512,\"height\":512,\"caption\":\"Der beste Onlineshop f\u00fcr Pfeifen und Zigarrenzubeh\u00f6r in Deutschland\"},\"image\":{\"@id\":\"https:\\\/\\\/lime-nightingale-562313.hostingersite.com\\\/#\\\/schema\\\/logo\\\/image\\\/\"}}]}<\/script>\n<!-- \/ Yoast SEO Premium plugin. -->","yoast_head_json":{"title":"Gandalf-Pfeife aus geschnitztem Bruy\u00e8re-Holz - Der beste Onlineshop f\u00fcr Pfeifen und Zigarrenzubeh\u00f6r in Deutschland","robots":{"index":"index","follow":"follow","max-snippet":"max-snippet:-1","max-image-preview":"max-image-preview:large","max-video-preview":"max-video-preview:-1"},"canonical":"https:\/\/pfeifenundzigarren.de\/es\/Produkt\/gandalf-pfeife-aus-geschnitztem-bruyere-holz\/","og_locale":"es_ES","og_type":"article","og_title":"Gandalf-Pfeife aus geschnitztem Bruy\u00e8re-Holz","og_description":"Produktparameter Innendurchmesser (inner diam):\u00a00,79 Zoll (20 mm) Au\u00dfendurchmesser (outside diam):\u00a01,46 Zoll (37 mm) Kopftiefe (bowl depth):\u00a01,50 Zoll (38 mm) H\u00f6he","og_url":"https:\/\/pfeifenundzigarren.de\/es\/Produkt\/gandalf-pfeife-aus-geschnitztem-bruyere-holz\/","og_site_name":"Der beste Onlineshop f\u00fcr Pfeifen und Zigarrenzubeh\u00f6r in Deutschland","article_modified_time":"2025-09-20T05:46:54+00:00","og_image":[{"width":1000,"height":1000,"url":"https:\/\/pfeifenundzigarren.de\/wp-content\/uploads\/2024\/09\/kf-S221893dc39154a8e99d54566ee6750b8B-MUXIANG-Classic-Handmade-Briar-Wood-Pipe-Free-Type-Mouthpiece-Smoking-Pipe-for-Smoking-Newest.webp","type":"image\/webp"}],"twitter_card":"summary_large_image","schema":{"@context":"https:\/\/schema.org","@graph":[{"@type":"WebPage","@id":"https:\/\/pfeifenundzigarren.de\/Produkt\/gandalf-pfeife-aus-geschnitztem-bruyere-holz\/","url":"https:\/\/pfeifenundzigarren.de\/Produkt\/gandalf-pfeife-aus-geschnitztem-bruyere-holz\/","name":"Gandalf-Pfeife aus geschnitztem Bruy\u00e8re-Holz - Der beste Onlineshop f\u00fcr Pfeifen und Zigarrenzubeh\u00f6r in Deutschland","isPartOf":{"@id":"https:\/\/lime-nightingale-562313.hostingersite.com\/#website"},"primaryImageOfPage":{"@id":"https:\/\/pfeifenundzigarren.de\/Produkt\/gandalf-pfeife-aus-geschnitztem-bruyere-holz\/#primaryimage"},"image":{"@id":"https:\/\/pfeifenundzigarren.de\/Produkt\/gandalf-pfeife-aus-geschnitztem-bruyere-holz\/#primaryimage"},"thumbnailUrl":"https:\/\/pfeifenundzigarren.de\/wp-content\/uploads\/2024\/09\/kf-S221893dc39154a8e99d54566ee6750b8B-MUXIANG-Classic-Handmade-Briar-Wood-Pipe-Free-Type-Mouthpiece-Smoking-Pipe-for-Smoking-Newest.webp","datePublished":"2024-09-18T07:49:17+00:00","dateModified":"2025-09-20T05:46:54+00:00","breadcrumb":{"@id":"https:\/\/pfeifenundzigarren.de\/Produkt\/gandalf-pfeife-aus-geschnitztem-bruyere-holz\/#breadcrumb"},"inLanguage":"es","potentialAction":[{"@type":"ReadAction","target":["https:\/\/pfeifenundzigarren.de\/Produkt\/gandalf-pfeife-aus-geschnitztem-bruyere-holz\/"]}]},{"@type":"ImageObject","inLanguage":"es","@id":"https:\/\/pfeifenundzigarren.de\/Produkt\/gandalf-pfeife-aus-geschnitztem-bruyere-holz\/#primaryimage","url":"https:\/\/pfeifenundzigarren.de\/wp-content\/uploads\/2024\/09\/kf-S221893dc39154a8e99d54566ee6750b8B-MUXIANG-Classic-Handmade-Briar-Wood-Pipe-Free-Type-Mouthpiece-Smoking-Pipe-for-Smoking-Newest.webp","contentUrl":"https:\/\/pfeifenundzigarren.de\/wp-content\/uploads\/2024\/09\/kf-S221893dc39154a8e99d54566ee6750b8B-MUXIANG-Classic-Handmade-Briar-Wood-Pipe-Free-Type-Mouthpiece-Smoking-Pipe-for-Smoking-Newest.webp","width":1000,"height":1000,"caption":"Gandalf-Pfeife aus geschnitztem Bruy\u00e8re-Holz"},{"@type":"BreadcrumbList","@id":"https:\/\/pfeifenundzigarren.de\/Produkt\/gandalf-pfeife-aus-geschnitztem-bruyere-holz\/#breadcrumb","itemListElement":[{"@type":"ListItem","position":1,"name":"Home","item":"https:\/\/lime-nightingale-562313.hostingersite.com\/"},{"@type":"ListItem","position":2,"name":"Shop","item":"https:\/\/lime-nightingale-562313.hostingersite.com\/shop\/"},{"@type":"ListItem","position":3,"name":"Gandalf-Pfeife aus geschnitztem Bruy\u00e8re-Holz"}]},{"@type":"WebSite","@id":"https:\/\/lime-nightingale-562313.hostingersite.com\/#website","url":"https:\/\/lime-nightingale-562313.hostingersite.com\/","name":"La mejor tienda en l\u00ednea de pipas y accesorios para puros de Alemania","description":"","publisher":{"@id":"https:\/\/lime-nightingale-562313.hostingersite.com\/#organization"},"potentialAction":[{"@type":"SearchAction","target":{"@type":"EntryPoint","urlTemplate":"https:\/\/lime-nightingale-562313.hostingersite.com\/?s={search_term_string}"},"query-input":{"@type":"PropertyValueSpecification","valueRequired":true,"valueName":"search_term_string"}}],"inLanguage":"es"},{"@type":"Organization","@id":"https:\/\/lime-nightingale-562313.hostingersite.com\/#organization","name":"La mejor tienda en l\u00ednea de pipas y accesorios para puros de Alemania","url":"https:\/\/lime-nightingale-562313.hostingersite.com\/","logo":{"@type":"ImageObject","inLanguage":"es","@id":"https:\/\/lime-nightingale-562313.hostingersite.com\/#\/schema\/logo\/image\/","url":"https:\/\/pfeifenundzigarren.de\/wp-content\/uploads\/2024\/09\/cropped-Luxury-and-Vintage-Ornamental-Coffee-Shop-Logo.png","contentUrl":"https:\/\/pfeifenundzigarren.de\/wp-content\/uploads\/2024\/09\/cropped-Luxury-and-Vintage-Ornamental-Coffee-Shop-Logo.png","width":512,"height":512,"caption":"Der beste Onlineshop f\u00fcr Pfeifen und Zigarrenzubeh\u00f6r in Deutschland"},"image":{"@id":"https:\/\/lime-nightingale-562313.hostingersite.com\/#\/schema\/logo\/image\/"}}]}},"_links":{"self":[{"href":"https:\/\/pfeifenundzigarren.de\/es\/wp-json\/wp\/v2\/product\/3318","targetHints":{"allow":["GET"]}}],"collection":[{"href":"https:\/\/pfeifenundzigarren.de\/es\/wp-json\/wp\/v2\/product"}],"about":[{"href":"https:\/\/pfeifenundzigarren.de\/es\/wp-json\/wp\/v2\/types\/product"}],"replies":[{"embeddable":true,"href":"https:\/\/pfeifenundzigarren.de\/es\/wp-json\/wp\/v2\/comments?post=3318"}],"version-history":[{"count":1,"href":"https:\/\/pfeifenundzigarren.de\/es\/wp-json\/wp\/v2\/product\/3318\/revisions"}],"predecessor-version":[{"id":11725,"href":"https:\/\/pfeifenundzigarren.de\/es\/wp-json\/wp\/v2\/product\/3318\/revisions\/11725"}],"wp:featuredmedia":[{"embeddable":true,"href":"https:\/\/pfeifenundzigarren.de\/es\/wp-json\/wp\/v2\/media\/3319"}],"wp:attachment":[{"href":"https:\/\/pfeifenundzigarren.de\/es\/wp-json\/wp\/v2\/media?parent=3318"}],"wp:term":[{"taxonomy":"product_brand","embeddable":true,"href":"https:\/\/pfeifenundzigarren.de\/es\/wp-json\/wp\/v2\/product_brand?post=3318"},{"taxonomy":"product_cat","embeddable":true,"href":"https:\/\/pfeifenundzigarren.de\/es\/wp-json\/wp\/v2\/product_cat?post=3318"},{"taxonomy":"product_tag","embeddable":true,"href":"https:\/\/pfeifenundzigarren.de\/es\/wp-json\/wp\/v2\/product_tag?post=3318"}],"curies":[{"name":"wp","href":"https:\/\/api.w.org\/{rel}","templated":true}]}}