{"id":3271,"date":"2024-09-18T09:34:03","date_gmt":"2024-09-18T07:34:03","guid":{"rendered":"https:\/\/pfeifenundzigarren.de\/Produkt\/bulldog-pfeife-mit-geradem-mundstueck\/"},"modified":"2025-09-20T09:40:40","modified_gmt":"2025-09-20T07:40:40","slug":"bulldog-pfeife-mit-geradem-mundstueck","status":"publish","type":"product","link":"https:\/\/pfeifenundzigarren.de\/es\/Produkt\/bulldog-pfeife-mit-geradem-mundstueck\/","title":{"rendered":"Silbato Bulldog con boquilla recta"},"content":{"rendered":"<ul>\n<li><strong>Longitud de la boquilla:<\/strong>\u00a084 mm<\/li>\n<li><strong>Longitud total de la tuber\u00eda:<\/strong>\u00a0151 mm<\/li>\n<li><strong>Di\u00e1metro exterior de la cabeza:<\/strong>\u00a029 mm<\/li>\n<li><strong>Di\u00e1metro interior de la cabeza:<\/strong>\u00a018 mm<\/li>\n<li><strong>Profundidad de la cabeza:<\/strong>\u00a024 mm<\/li>\n<li><strong>Altura de la cabeza:<\/strong>\u00a030 mm<\/li>\n<\/ul>\n<p><img decoding=\"async\" src=\"https:\/\/ae01.alicdn.com\/kf\/S46c01e76c4524d97a6beb110127960ceC.jpg\" alt=\"\"><img decoding=\"async\" src=\"https:\/\/ae01.alicdn.com\/kf\/S74bd592cdfdc4387b5d89f9ddf2e38ecO.jpg\" alt=\"\"><img decoding=\"async\" src=\"https:\/\/ae01.alicdn.com\/kf\/S453eb2beae084ecab1d7534389f10084i.jpg\" alt=\"\"><img decoding=\"async\" src=\"https:\/\/ae01.alicdn.com\/kf\/S58ede0e35d2a4437828b3fe03344aac9c.jpg\" alt=\"\"><img decoding=\"async\" src=\"https:\/\/ae01.alicdn.com\/kf\/S6d86469986394141a846cd56fb885eces.jpg\" alt=\"\"><img decoding=\"async\" src=\"https:\/\/ae01.alicdn.com\/kf\/S1f2fe9054e2f4b28a9903bf106a3139eX.jpg\" alt=\"\"><img decoding=\"async\" src=\"https:\/\/ae01.alicdn.com\/kf\/S9c376b18dc044695b04d8f1fee798b894.jpg\" alt=\"\"><img decoding=\"async\" src=\"https:\/\/ae01.alicdn.com\/kf\/S94d19b2bb60b434d86be61c66f437d8fA.jpg\" alt=\"\"><img decoding=\"async\" src=\"https:\/\/ae01.alicdn.com\/kf\/Sebb4c4a580f349b79de57ab71f861d9bF.jpg\" alt=\"\"><\/p>","protected":false},"excerpt":{"rendered":"<p>Longitud de la boquilla: 84 mm Longitud total del tubo: 151 mm Di\u00e1metro exterior de la cazoleta: 29 mm Di\u00e1metro interior de la cazoleta: 18 mm Profundidad de la cazoleta: 24 mm Altura de la cazoleta: 30 mm<\/p>","protected":false},"featured_media":3272,"comment_status":"open","ping_status":"closed","template":"","meta":[],"product_brand":[],"product_cat":[86,381],"product_tag":[],"class_list":{"0":"post-3271","1":"product","2":"type-product","3":"status-publish","4":"has-post-thumbnail","6":"product_cat-bruyere-pfeifen","7":"product_cat-bulldog-pfeife","9":"first","10":"instock","11":"sale","12":"shipping-taxable","13":"purchasable","14":"product-type-simple"},"yoast_head":"<!-- This site is optimized with the Yoast SEO Premium plugin v26.7 (Yoast SEO v27.4) - https:\/\/yoast.com\/product\/yoast-seo-premium-wordpress\/ -->\n<title>Bulldog Pfeife mit geradem Mundst\u00fcck - Der beste Onlineshop f\u00fcr Pfeifen und Zigarrenzubeh\u00f6r in Deutschland<\/title>\n<meta name=\"robots\" content=\"index, follow, max-snippet:-1, max-image-preview:large, max-video-preview:-1\" \/>\n<link rel=\"canonical\" href=\"https:\/\/pfeifenundzigarren.de\/es\/Produkt\/bulldog-pfeife-mit-geradem-mundstueck\/\" \/>\n<meta property=\"og:locale\" content=\"es_ES\" \/>\n<meta property=\"og:type\" content=\"article\" \/>\n<meta property=\"og:title\" content=\"Bulldog Pfeife mit geradem Mundst\u00fcck\" \/>\n<meta property=\"og:description\" content=\"L\u00e4nge des Mundst\u00fccks:\u00a084 mm Gesamtl\u00e4nge der Pfeife:\u00a0151 mm Au\u00dfendurchmesser des Kopfs:\u00a029 mm Innendurchmesser des Kopfs:\u00a018 mm Kopftiefe:\u00a024 mm Kopfh\u00f6he:\u00a030 mm\" \/>\n<meta property=\"og:url\" content=\"https:\/\/pfeifenundzigarren.de\/es\/Produkt\/bulldog-pfeife-mit-geradem-mundstueck\/\" \/>\n<meta property=\"og:site_name\" content=\"Der beste Onlineshop f\u00fcr Pfeifen und Zigarrenzubeh\u00f6r in Deutschland\" \/>\n<meta property=\"article:modified_time\" content=\"2025-09-20T07:40:40+00:00\" \/>\n<meta property=\"og:image\" content=\"https:\/\/pfeifenundzigarren.de\/wp-content\/uploads\/2024\/09\/kf-S453eb2beae084ecab1d7534389f10084i-Briar-pipe-Bulldog-Tobacco-Pipe-Double-Waistline-Design-Beginner-s-Smoker-s-Pipe-Vulcanized-Rubber-Mouth.webp\" \/>\n\t<meta property=\"og:image:width\" content=\"1000\" \/>\n\t<meta property=\"og:image:height\" content=\"1000\" \/>\n\t<meta property=\"og:image:type\" content=\"image\/webp\" \/>\n<meta name=\"twitter:card\" content=\"summary_large_image\" \/>\n<script type=\"application\/ld+json\" class=\"yoast-schema-graph\">{\"@context\":\"https:\\\/\\\/schema.org\",\"@graph\":[{\"@type\":\"WebPage\",\"@id\":\"https:\\\/\\\/pfeifenundzigarren.de\\\/Produkt\\\/bulldog-pfeife-mit-geradem-mundstueck\\\/\",\"url\":\"https:\\\/\\\/pfeifenundzigarren.de\\\/Produkt\\\/bulldog-pfeife-mit-geradem-mundstueck\\\/\",\"name\":\"Bulldog Pfeife mit geradem Mundst\u00fcck - Der beste Onlineshop f\u00fcr Pfeifen und Zigarrenzubeh\u00f6r in Deutschland\",\"isPartOf\":{\"@id\":\"https:\\\/\\\/pfeifenundzigarren.de\\\/#website\"},\"primaryImageOfPage\":{\"@id\":\"https:\\\/\\\/pfeifenundzigarren.de\\\/Produkt\\\/bulldog-pfeife-mit-geradem-mundstueck\\\/#primaryimage\"},\"image\":{\"@id\":\"https:\\\/\\\/pfeifenundzigarren.de\\\/Produkt\\\/bulldog-pfeife-mit-geradem-mundstueck\\\/#primaryimage\"},\"thumbnailUrl\":\"https:\\\/\\\/pfeifenundzigarren.de\\\/wp-content\\\/uploads\\\/2024\\\/09\\\/kf-S453eb2beae084ecab1d7534389f10084i-Briar-pipe-Bulldog-Tobacco-Pipe-Double-Waistline-Design-Beginner-s-Smoker-s-Pipe-Vulcanized-Rubber-Mouth.webp\",\"datePublished\":\"2024-09-18T07:34:03+00:00\",\"dateModified\":\"2025-09-20T07:40:40+00:00\",\"breadcrumb\":{\"@id\":\"https:\\\/\\\/pfeifenundzigarren.de\\\/Produkt\\\/bulldog-pfeife-mit-geradem-mundstueck\\\/#breadcrumb\"},\"inLanguage\":\"es\",\"potentialAction\":[{\"@type\":\"ReadAction\",\"target\":[\"https:\\\/\\\/pfeifenundzigarren.de\\\/Produkt\\\/bulldog-pfeife-mit-geradem-mundstueck\\\/\"]}]},{\"@type\":\"ImageObject\",\"inLanguage\":\"es\",\"@id\":\"https:\\\/\\\/pfeifenundzigarren.de\\\/Produkt\\\/bulldog-pfeife-mit-geradem-mundstueck\\\/#primaryimage\",\"url\":\"https:\\\/\\\/pfeifenundzigarren.de\\\/wp-content\\\/uploads\\\/2024\\\/09\\\/kf-S453eb2beae084ecab1d7534389f10084i-Briar-pipe-Bulldog-Tobacco-Pipe-Double-Waistline-Design-Beginner-s-Smoker-s-Pipe-Vulcanized-Rubber-Mouth.webp\",\"contentUrl\":\"https:\\\/\\\/pfeifenundzigarren.de\\\/wp-content\\\/uploads\\\/2024\\\/09\\\/kf-S453eb2beae084ecab1d7534389f10084i-Briar-pipe-Bulldog-Tobacco-Pipe-Double-Waistline-Design-Beginner-s-Smoker-s-Pipe-Vulcanized-Rubber-Mouth.webp\",\"width\":1000,\"height\":1000,\"caption\":\"Bulldog Pfeife mit geradem Mundst\u00fcck\"},{\"@type\":\"BreadcrumbList\",\"@id\":\"https:\\\/\\\/pfeifenundzigarren.de\\\/Produkt\\\/bulldog-pfeife-mit-geradem-mundstueck\\\/#breadcrumb\",\"itemListElement\":[{\"@type\":\"ListItem\",\"position\":1,\"name\":\"Home\",\"item\":\"https:\\\/\\\/pfeifenundzigarren.de\\\/\"},{\"@type\":\"ListItem\",\"position\":2,\"name\":\"Shop\",\"item\":\"https:\\\/\\\/pfeifenundzigarren.de\\\/shop\\\/\"},{\"@type\":\"ListItem\",\"position\":3,\"name\":\"Bulldog Pfeife mit geradem Mundst\u00fcck\"}]},{\"@type\":\"WebSite\",\"@id\":\"https:\\\/\\\/pfeifenundzigarren.de\\\/#website\",\"url\":\"https:\\\/\\\/pfeifenundzigarren.de\\\/\",\"name\":\"Der beste Onlineshop f\u00fcr Pfeifen und Zigarrenzubeh\u00f6r in Deutschland\",\"description\":\"\",\"publisher\":{\"@id\":\"https:\\\/\\\/pfeifenundzigarren.de\\\/#organization\"},\"potentialAction\":[{\"@type\":\"SearchAction\",\"target\":{\"@type\":\"EntryPoint\",\"urlTemplate\":\"https:\\\/\\\/pfeifenundzigarren.de\\\/?s={search_term_string}\"},\"query-input\":{\"@type\":\"PropertyValueSpecification\",\"valueRequired\":true,\"valueName\":\"search_term_string\"}}],\"inLanguage\":\"es\"},{\"@type\":\"Organization\",\"@id\":\"https:\\\/\\\/pfeifenundzigarren.de\\\/#organization\",\"name\":\"Der beste Onlineshop f\u00fcr Pfeifen und Zigarrenzubeh\u00f6r in Deutschland\",\"url\":\"https:\\\/\\\/pfeifenundzigarren.de\\\/\",\"logo\":{\"@type\":\"ImageObject\",\"inLanguage\":\"es\",\"@id\":\"https:\\\/\\\/pfeifenundzigarren.de\\\/#\\\/schema\\\/logo\\\/image\\\/\",\"url\":\"https:\\\/\\\/pfeifenundzigarren.de\\\/wp-content\\\/uploads\\\/2024\\\/09\\\/cropped-Luxury-and-Vintage-Ornamental-Coffee-Shop-Logo.png\",\"contentUrl\":\"https:\\\/\\\/pfeifenundzigarren.de\\\/wp-content\\\/uploads\\\/2024\\\/09\\\/cropped-Luxury-and-Vintage-Ornamental-Coffee-Shop-Logo.png\",\"width\":512,\"height\":512,\"caption\":\"Der beste Onlineshop f\u00fcr Pfeifen und Zigarrenzubeh\u00f6r in Deutschland\"},\"image\":{\"@id\":\"https:\\\/\\\/pfeifenundzigarren.de\\\/#\\\/schema\\\/logo\\\/image\\\/\"}}]}<\/script>\n<!-- \/ Yoast SEO Premium plugin. -->","yoast_head_json":{"title":"Bulldog Pfeife mit geradem Mundst\u00fcck - Der beste Onlineshop f\u00fcr Pfeifen und Zigarrenzubeh\u00f6r in Deutschland","robots":{"index":"index","follow":"follow","max-snippet":"max-snippet:-1","max-image-preview":"max-image-preview:large","max-video-preview":"max-video-preview:-1"},"canonical":"https:\/\/pfeifenundzigarren.de\/es\/Produkt\/bulldog-pfeife-mit-geradem-mundstueck\/","og_locale":"es_ES","og_type":"article","og_title":"Bulldog Pfeife mit geradem Mundst\u00fcck","og_description":"L\u00e4nge des Mundst\u00fccks:\u00a084 mm Gesamtl\u00e4nge der Pfeife:\u00a0151 mm Au\u00dfendurchmesser des Kopfs:\u00a029 mm Innendurchmesser des Kopfs:\u00a018 mm Kopftiefe:\u00a024 mm Kopfh\u00f6he:\u00a030 mm","og_url":"https:\/\/pfeifenundzigarren.de\/es\/Produkt\/bulldog-pfeife-mit-geradem-mundstueck\/","og_site_name":"Der beste Onlineshop f\u00fcr Pfeifen und Zigarrenzubeh\u00f6r in Deutschland","article_modified_time":"2025-09-20T07:40:40+00:00","og_image":[{"width":1000,"height":1000,"url":"https:\/\/pfeifenundzigarren.de\/wp-content\/uploads\/2024\/09\/kf-S453eb2beae084ecab1d7534389f10084i-Briar-pipe-Bulldog-Tobacco-Pipe-Double-Waistline-Design-Beginner-s-Smoker-s-Pipe-Vulcanized-Rubber-Mouth.webp","type":"image\/webp"}],"twitter_card":"summary_large_image","schema":{"@context":"https:\/\/schema.org","@graph":[{"@type":"WebPage","@id":"https:\/\/pfeifenundzigarren.de\/Produkt\/bulldog-pfeife-mit-geradem-mundstueck\/","url":"https:\/\/pfeifenundzigarren.de\/Produkt\/bulldog-pfeife-mit-geradem-mundstueck\/","name":"Bulldog Pfeife mit geradem Mundst\u00fcck - Der beste Onlineshop f\u00fcr Pfeifen und Zigarrenzubeh\u00f6r in Deutschland","isPartOf":{"@id":"https:\/\/pfeifenundzigarren.de\/#website"},"primaryImageOfPage":{"@id":"https:\/\/pfeifenundzigarren.de\/Produkt\/bulldog-pfeife-mit-geradem-mundstueck\/#primaryimage"},"image":{"@id":"https:\/\/pfeifenundzigarren.de\/Produkt\/bulldog-pfeife-mit-geradem-mundstueck\/#primaryimage"},"thumbnailUrl":"https:\/\/pfeifenundzigarren.de\/wp-content\/uploads\/2024\/09\/kf-S453eb2beae084ecab1d7534389f10084i-Briar-pipe-Bulldog-Tobacco-Pipe-Double-Waistline-Design-Beginner-s-Smoker-s-Pipe-Vulcanized-Rubber-Mouth.webp","datePublished":"2024-09-18T07:34:03+00:00","dateModified":"2025-09-20T07:40:40+00:00","breadcrumb":{"@id":"https:\/\/pfeifenundzigarren.de\/Produkt\/bulldog-pfeife-mit-geradem-mundstueck\/#breadcrumb"},"inLanguage":"es","potentialAction":[{"@type":"ReadAction","target":["https:\/\/pfeifenundzigarren.de\/Produkt\/bulldog-pfeife-mit-geradem-mundstueck\/"]}]},{"@type":"ImageObject","inLanguage":"es","@id":"https:\/\/pfeifenundzigarren.de\/Produkt\/bulldog-pfeife-mit-geradem-mundstueck\/#primaryimage","url":"https:\/\/pfeifenundzigarren.de\/wp-content\/uploads\/2024\/09\/kf-S453eb2beae084ecab1d7534389f10084i-Briar-pipe-Bulldog-Tobacco-Pipe-Double-Waistline-Design-Beginner-s-Smoker-s-Pipe-Vulcanized-Rubber-Mouth.webp","contentUrl":"https:\/\/pfeifenundzigarren.de\/wp-content\/uploads\/2024\/09\/kf-S453eb2beae084ecab1d7534389f10084i-Briar-pipe-Bulldog-Tobacco-Pipe-Double-Waistline-Design-Beginner-s-Smoker-s-Pipe-Vulcanized-Rubber-Mouth.webp","width":1000,"height":1000,"caption":"Bulldog Pfeife mit geradem Mundst\u00fcck"},{"@type":"BreadcrumbList","@id":"https:\/\/pfeifenundzigarren.de\/Produkt\/bulldog-pfeife-mit-geradem-mundstueck\/#breadcrumb","itemListElement":[{"@type":"ListItem","position":1,"name":"Home","item":"https:\/\/pfeifenundzigarren.de\/"},{"@type":"ListItem","position":2,"name":"Shop","item":"https:\/\/pfeifenundzigarren.de\/shop\/"},{"@type":"ListItem","position":3,"name":"Bulldog Pfeife mit geradem Mundst\u00fcck"}]},{"@type":"WebSite","@id":"https:\/\/pfeifenundzigarren.de\/#website","url":"https:\/\/pfeifenundzigarren.de\/","name":"La mejor tienda en l\u00ednea de pipas y accesorios para puros de Alemania","description":"","publisher":{"@id":"https:\/\/pfeifenundzigarren.de\/#organization"},"potentialAction":[{"@type":"SearchAction","target":{"@type":"EntryPoint","urlTemplate":"https:\/\/pfeifenundzigarren.de\/?s={search_term_string}"},"query-input":{"@type":"PropertyValueSpecification","valueRequired":true,"valueName":"search_term_string"}}],"inLanguage":"es"},{"@type":"Organization","@id":"https:\/\/pfeifenundzigarren.de\/#organization","name":"La mejor tienda en l\u00ednea de pipas y accesorios para puros de Alemania","url":"https:\/\/pfeifenundzigarren.de\/","logo":{"@type":"ImageObject","inLanguage":"es","@id":"https:\/\/pfeifenundzigarren.de\/#\/schema\/logo\/image\/","url":"https:\/\/pfeifenundzigarren.de\/wp-content\/uploads\/2024\/09\/cropped-Luxury-and-Vintage-Ornamental-Coffee-Shop-Logo.png","contentUrl":"https:\/\/pfeifenundzigarren.de\/wp-content\/uploads\/2024\/09\/cropped-Luxury-and-Vintage-Ornamental-Coffee-Shop-Logo.png","width":512,"height":512,"caption":"Der beste Onlineshop f\u00fcr Pfeifen und Zigarrenzubeh\u00f6r in Deutschland"},"image":{"@id":"https:\/\/pfeifenundzigarren.de\/#\/schema\/logo\/image\/"}}]}},"_links":{"self":[{"href":"https:\/\/pfeifenundzigarren.de\/es\/wp-json\/wp\/v2\/product\/3271","targetHints":{"allow":["GET"]}}],"collection":[{"href":"https:\/\/pfeifenundzigarren.de\/es\/wp-json\/wp\/v2\/product"}],"about":[{"href":"https:\/\/pfeifenundzigarren.de\/es\/wp-json\/wp\/v2\/types\/product"}],"replies":[{"embeddable":true,"href":"https:\/\/pfeifenundzigarren.de\/es\/wp-json\/wp\/v2\/comments?post=3271"}],"version-history":[{"count":0,"href":"https:\/\/pfeifenundzigarren.de\/es\/wp-json\/wp\/v2\/product\/3271\/revisions"}],"wp:featuredmedia":[{"embeddable":true,"href":"https:\/\/pfeifenundzigarren.de\/es\/wp-json\/wp\/v2\/media\/3272"}],"wp:attachment":[{"href":"https:\/\/pfeifenundzigarren.de\/es\/wp-json\/wp\/v2\/media?parent=3271"}],"wp:term":[{"taxonomy":"product_brand","embeddable":true,"href":"https:\/\/pfeifenundzigarren.de\/es\/wp-json\/wp\/v2\/product_brand?post=3271"},{"taxonomy":"product_cat","embeddable":true,"href":"https:\/\/pfeifenundzigarren.de\/es\/wp-json\/wp\/v2\/product_cat?post=3271"},{"taxonomy":"product_tag","embeddable":true,"href":"https:\/\/pfeifenundzigarren.de\/es\/wp-json\/wp\/v2\/product_tag?post=3271"}],"curies":[{"name":"wp","href":"https:\/\/api.w.org\/{rel}","templated":true}]}}