{"id":3256,"date":"2024-09-18T09:23:38","date_gmt":"2024-09-18T07:23:38","guid":{"rendered":"https:\/\/pfeifenundzigarren.de\/Produkt\/klassische-bruyereholz-chevalier-pfeife\/"},"modified":"2024-09-18T11:01:22","modified_gmt":"2024-09-18T09:01:22","slug":"klassische-bruyereholz-chevalier-pfeife","status":"publish","type":"product","link":"https:\/\/pfeifenundzigarren.de\/es\/Produkt\/klassische-bruyereholz-chevalier-pfeife\/","title":{"rendered":"Pipa Chevalier cl\u00e1sica de madera de brezo"},"content":{"rendered":"<ul>\n<li><strong>Longitud total de la tuber\u00eda:<\/strong>\u00a0171 mm<\/li>\n<li><strong>Altura de la cabeza:<\/strong>\u00a050 mm<\/li>\n<li><strong>Profundidad de la cabeza:<\/strong>\u00a040 mm<\/li>\n<li><strong>Di\u00e1metro interior de la cabeza:<\/strong>\u00a019,5 mm<\/li>\n<li><strong>Di\u00e1metro exterior de la cabeza:<\/strong>\u00a036 mm<\/li>\n<li><strong>Longitud de la boquilla:<\/strong>\u00a0101 mm<\/li>\n<li><strong>Di\u00e1metro del canal del tubo:<\/strong>\u00a03 mm<\/li>\n<\/ul>\n<p>&nbsp;<\/p>\n<p><img fetchpriority=\"high\" decoding=\"async\" src=\"https:\/\/ae01.alicdn.com\/kf\/S20faafd3cb3b4b48b290792a5c4f9ebfl.jpg\" width=\"800\" height=\"800\" alt=\"\"><img decoding=\"async\" src=\"https:\/\/ae01.alicdn.com\/kf\/S84ef6bc4805c43a7872d3da61cdc8aaar.jpg\" alt=\"\"><img decoding=\"async\" src=\"https:\/\/ae01.alicdn.com\/kf\/S8d8dde1464514923a06d38e74bba0e77B.jpg\" width=\"800\" height=\"800\" alt=\"\"><img decoding=\"async\" src=\"https:\/\/ae01.alicdn.com\/kf\/Se04a4c3301e04455836d2046370e98eaD.jpg\" alt=\"\"><\/p>\n<p><img decoding=\"async\" src=\"https:\/\/ae01.alicdn.com\/kf\/S259e916ed2f041528cf2b3c70b95d6d3s.jpg\" alt=\"\"><\/p>\n<p>Briar Cavalier (4103) (2018)<\/p>\n<p>N\u00famero de producto: 002-210-0009<\/p>\n<p>Historia de la pipa Briar. Antes de 1917, nunca se hab\u00edan fabricado pipas con acabados arenados, y la mente innovadora de Alfred Dunhill cre\u00f3 posiblemente el acabado m\u00e1s popular para pipas hoy en d\u00eda cuando present\u00f3 la Shell Briar. Con su paleta de colores oscuros y reservados y su deliciosa textura, no es de extra\u00f1ar que siga estando disponible m\u00e1s de un siglo despu\u00e9s.<\/p>","protected":false},"excerpt":{"rendered":"<p>Longitud total del tubo: 171 mm Altura de la cazoleta: 50 mm Profundidad de la cazoleta: 40 mm Di\u00e1metro interior de la cazoleta: 19,5 mm Di\u00e1metro exterior de la cazoleta: 36 mm Longitud de la boquilla: 101 mm<\/p>","protected":false},"featured_media":3257,"comment_status":"open","ping_status":"closed","template":"","meta":[],"product_brand":[],"product_cat":[86],"product_tag":[],"class_list":{"0":"post-3256","1":"product","2":"type-product","3":"status-publish","4":"has-post-thumbnail","6":"product_cat-bruyere-pfeifen","8":"first","9":"instock","10":"sale","11":"shipping-taxable","12":"purchasable","13":"product-type-variable","14":"wvs-archive-product-wrapper"},"yoast_head":"<!-- This site is optimized with the Yoast SEO Premium plugin v26.7 (Yoast SEO v27.4) - https:\/\/yoast.com\/product\/yoast-seo-premium-wordpress\/ -->\n<title>Klassische Bruy\u00e8reholz Chevalier Pfeife - Der beste Onlineshop f\u00fcr Pfeifen und Zigarrenzubeh\u00f6r in Deutschland<\/title>\n<meta name=\"robots\" content=\"index, follow, max-snippet:-1, max-image-preview:large, max-video-preview:-1\" \/>\n<link rel=\"canonical\" href=\"https:\/\/pfeifenundzigarren.de\/es\/Produkt\/klassische-bruyereholz-chevalier-pfeife\/\" \/>\n<meta property=\"og:locale\" content=\"es_ES\" \/>\n<meta property=\"og:type\" content=\"article\" \/>\n<meta property=\"og:title\" content=\"Klassische Bruy\u00e8reholz Chevalier Pfeife\" \/>\n<meta property=\"og:description\" content=\"Gesamtl\u00e4nge der Pfeife:\u00a0171 mm Kopfh\u00f6he:\u00a050 mm Kopftiefe:\u00a040 mm Innendurchmesser des Kopfs:\u00a019,5 mm Au\u00dfendurchmesser des Kopfs:\u00a036 mm L\u00e4nge des Mundst\u00fccks:\u00a0101 mm\" \/>\n<meta property=\"og:url\" content=\"https:\/\/pfeifenundzigarren.de\/es\/Produkt\/klassische-bruyereholz-chevalier-pfeife\/\" \/>\n<meta property=\"og:site_name\" content=\"Der beste Onlineshop f\u00fcr Pfeifen und Zigarrenzubeh\u00f6r in Deutschland\" \/>\n<meta property=\"article:modified_time\" content=\"2024-09-18T09:01:22+00:00\" \/>\n<meta property=\"og:image\" content=\"https:\/\/pfeifenundzigarren.de\/wp-content\/uploads\/2024\/09\/kf-S47065792deee4149b10d7f31ff876a6aN-MUXIANG-classic-Cavalier-tobacco-wood-pipe-briar-pipe-detachable-pipe-with-base.webp\" \/>\n\t<meta property=\"og:image:width\" content=\"800\" \/>\n\t<meta property=\"og:image:height\" content=\"800\" \/>\n\t<meta property=\"og:image:type\" content=\"image\/webp\" \/>\n<meta name=\"twitter:card\" content=\"summary_large_image\" \/>\n<script type=\"application\/ld+json\" class=\"yoast-schema-graph\">{\"@context\":\"https:\\\/\\\/schema.org\",\"@graph\":[{\"@type\":\"WebPage\",\"@id\":\"https:\\\/\\\/pfeifenundzigarren.de\\\/Produkt\\\/klassische-bruyereholz-chevalier-pfeife\\\/\",\"url\":\"https:\\\/\\\/pfeifenundzigarren.de\\\/Produkt\\\/klassische-bruyereholz-chevalier-pfeife\\\/\",\"name\":\"Klassische Bruy\u00e8reholz Chevalier Pfeife - Der beste Onlineshop f\u00fcr Pfeifen und Zigarrenzubeh\u00f6r in Deutschland\",\"isPartOf\":{\"@id\":\"https:\\\/\\\/pfeifenundzigarren.de\\\/#website\"},\"primaryImageOfPage\":{\"@id\":\"https:\\\/\\\/pfeifenundzigarren.de\\\/Produkt\\\/klassische-bruyereholz-chevalier-pfeife\\\/#primaryimage\"},\"image\":{\"@id\":\"https:\\\/\\\/pfeifenundzigarren.de\\\/Produkt\\\/klassische-bruyereholz-chevalier-pfeife\\\/#primaryimage\"},\"thumbnailUrl\":\"https:\\\/\\\/pfeifenundzigarren.de\\\/wp-content\\\/uploads\\\/2024\\\/09\\\/kf-S47065792deee4149b10d7f31ff876a6aN-MUXIANG-classic-Cavalier-tobacco-wood-pipe-briar-pipe-detachable-pipe-with-base.webp\",\"datePublished\":\"2024-09-18T07:23:38+00:00\",\"dateModified\":\"2024-09-18T09:01:22+00:00\",\"breadcrumb\":{\"@id\":\"https:\\\/\\\/pfeifenundzigarren.de\\\/Produkt\\\/klassische-bruyereholz-chevalier-pfeife\\\/#breadcrumb\"},\"inLanguage\":\"es\",\"potentialAction\":[{\"@type\":\"ReadAction\",\"target\":[\"https:\\\/\\\/pfeifenundzigarren.de\\\/Produkt\\\/klassische-bruyereholz-chevalier-pfeife\\\/\"]}]},{\"@type\":\"ImageObject\",\"inLanguage\":\"es\",\"@id\":\"https:\\\/\\\/pfeifenundzigarren.de\\\/Produkt\\\/klassische-bruyereholz-chevalier-pfeife\\\/#primaryimage\",\"url\":\"https:\\\/\\\/pfeifenundzigarren.de\\\/wp-content\\\/uploads\\\/2024\\\/09\\\/kf-S47065792deee4149b10d7f31ff876a6aN-MUXIANG-classic-Cavalier-tobacco-wood-pipe-briar-pipe-detachable-pipe-with-base.webp\",\"contentUrl\":\"https:\\\/\\\/pfeifenundzigarren.de\\\/wp-content\\\/uploads\\\/2024\\\/09\\\/kf-S47065792deee4149b10d7f31ff876a6aN-MUXIANG-classic-Cavalier-tobacco-wood-pipe-briar-pipe-detachable-pipe-with-base.webp\",\"width\":800,\"height\":800,\"caption\":\"Klassische Bruy\u00e8reholz Chevalier Pfeife\"},{\"@type\":\"BreadcrumbList\",\"@id\":\"https:\\\/\\\/pfeifenundzigarren.de\\\/Produkt\\\/klassische-bruyereholz-chevalier-pfeife\\\/#breadcrumb\",\"itemListElement\":[{\"@type\":\"ListItem\",\"position\":1,\"name\":\"Home\",\"item\":\"https:\\\/\\\/pfeifenundzigarren.de\\\/\"},{\"@type\":\"ListItem\",\"position\":2,\"name\":\"Shop\",\"item\":\"https:\\\/\\\/pfeifenundzigarren.de\\\/shop\\\/\"},{\"@type\":\"ListItem\",\"position\":3,\"name\":\"Klassische Bruy\u00e8reholz Chevalier Pfeife\"}]},{\"@type\":\"WebSite\",\"@id\":\"https:\\\/\\\/pfeifenundzigarren.de\\\/#website\",\"url\":\"https:\\\/\\\/pfeifenundzigarren.de\\\/\",\"name\":\"Der beste Onlineshop f\u00fcr Pfeifen und Zigarrenzubeh\u00f6r in Deutschland\",\"description\":\"\",\"publisher\":{\"@id\":\"https:\\\/\\\/pfeifenundzigarren.de\\\/#organization\"},\"potentialAction\":[{\"@type\":\"SearchAction\",\"target\":{\"@type\":\"EntryPoint\",\"urlTemplate\":\"https:\\\/\\\/pfeifenundzigarren.de\\\/?s={search_term_string}\"},\"query-input\":{\"@type\":\"PropertyValueSpecification\",\"valueRequired\":true,\"valueName\":\"search_term_string\"}}],\"inLanguage\":\"es\"},{\"@type\":\"Organization\",\"@id\":\"https:\\\/\\\/pfeifenundzigarren.de\\\/#organization\",\"name\":\"Der beste Onlineshop f\u00fcr Pfeifen und Zigarrenzubeh\u00f6r in Deutschland\",\"url\":\"https:\\\/\\\/pfeifenundzigarren.de\\\/\",\"logo\":{\"@type\":\"ImageObject\",\"inLanguage\":\"es\",\"@id\":\"https:\\\/\\\/pfeifenundzigarren.de\\\/#\\\/schema\\\/logo\\\/image\\\/\",\"url\":\"https:\\\/\\\/pfeifenundzigarren.de\\\/wp-content\\\/uploads\\\/2024\\\/09\\\/cropped-Luxury-and-Vintage-Ornamental-Coffee-Shop-Logo.png\",\"contentUrl\":\"https:\\\/\\\/pfeifenundzigarren.de\\\/wp-content\\\/uploads\\\/2024\\\/09\\\/cropped-Luxury-and-Vintage-Ornamental-Coffee-Shop-Logo.png\",\"width\":512,\"height\":512,\"caption\":\"Der beste Onlineshop f\u00fcr Pfeifen und Zigarrenzubeh\u00f6r in Deutschland\"},\"image\":{\"@id\":\"https:\\\/\\\/pfeifenundzigarren.de\\\/#\\\/schema\\\/logo\\\/image\\\/\"}}]}<\/script>\n<!-- \/ Yoast SEO Premium plugin. -->","yoast_head_json":{"title":"Klassische Bruy\u00e8reholz Chevalier Pfeife - Der beste Onlineshop f\u00fcr Pfeifen und Zigarrenzubeh\u00f6r in Deutschland","robots":{"index":"index","follow":"follow","max-snippet":"max-snippet:-1","max-image-preview":"max-image-preview:large","max-video-preview":"max-video-preview:-1"},"canonical":"https:\/\/pfeifenundzigarren.de\/es\/Produkt\/klassische-bruyereholz-chevalier-pfeife\/","og_locale":"es_ES","og_type":"article","og_title":"Klassische Bruy\u00e8reholz Chevalier Pfeife","og_description":"Gesamtl\u00e4nge der Pfeife:\u00a0171 mm Kopfh\u00f6he:\u00a050 mm Kopftiefe:\u00a040 mm Innendurchmesser des Kopfs:\u00a019,5 mm Au\u00dfendurchmesser des Kopfs:\u00a036 mm L\u00e4nge des Mundst\u00fccks:\u00a0101 mm","og_url":"https:\/\/pfeifenundzigarren.de\/es\/Produkt\/klassische-bruyereholz-chevalier-pfeife\/","og_site_name":"Der beste Onlineshop f\u00fcr Pfeifen und Zigarrenzubeh\u00f6r in Deutschland","article_modified_time":"2024-09-18T09:01:22+00:00","og_image":[{"width":800,"height":800,"url":"https:\/\/pfeifenundzigarren.de\/wp-content\/uploads\/2024\/09\/kf-S47065792deee4149b10d7f31ff876a6aN-MUXIANG-classic-Cavalier-tobacco-wood-pipe-briar-pipe-detachable-pipe-with-base.webp","type":"image\/webp"}],"twitter_card":"summary_large_image","schema":{"@context":"https:\/\/schema.org","@graph":[{"@type":"WebPage","@id":"https:\/\/pfeifenundzigarren.de\/Produkt\/klassische-bruyereholz-chevalier-pfeife\/","url":"https:\/\/pfeifenundzigarren.de\/Produkt\/klassische-bruyereholz-chevalier-pfeife\/","name":"Klassische Bruy\u00e8reholz Chevalier Pfeife - Der beste Onlineshop f\u00fcr Pfeifen und Zigarrenzubeh\u00f6r in Deutschland","isPartOf":{"@id":"https:\/\/pfeifenundzigarren.de\/#website"},"primaryImageOfPage":{"@id":"https:\/\/pfeifenundzigarren.de\/Produkt\/klassische-bruyereholz-chevalier-pfeife\/#primaryimage"},"image":{"@id":"https:\/\/pfeifenundzigarren.de\/Produkt\/klassische-bruyereholz-chevalier-pfeife\/#primaryimage"},"thumbnailUrl":"https:\/\/pfeifenundzigarren.de\/wp-content\/uploads\/2024\/09\/kf-S47065792deee4149b10d7f31ff876a6aN-MUXIANG-classic-Cavalier-tobacco-wood-pipe-briar-pipe-detachable-pipe-with-base.webp","datePublished":"2024-09-18T07:23:38+00:00","dateModified":"2024-09-18T09:01:22+00:00","breadcrumb":{"@id":"https:\/\/pfeifenundzigarren.de\/Produkt\/klassische-bruyereholz-chevalier-pfeife\/#breadcrumb"},"inLanguage":"es","potentialAction":[{"@type":"ReadAction","target":["https:\/\/pfeifenundzigarren.de\/Produkt\/klassische-bruyereholz-chevalier-pfeife\/"]}]},{"@type":"ImageObject","inLanguage":"es","@id":"https:\/\/pfeifenundzigarren.de\/Produkt\/klassische-bruyereholz-chevalier-pfeife\/#primaryimage","url":"https:\/\/pfeifenundzigarren.de\/wp-content\/uploads\/2024\/09\/kf-S47065792deee4149b10d7f31ff876a6aN-MUXIANG-classic-Cavalier-tobacco-wood-pipe-briar-pipe-detachable-pipe-with-base.webp","contentUrl":"https:\/\/pfeifenundzigarren.de\/wp-content\/uploads\/2024\/09\/kf-S47065792deee4149b10d7f31ff876a6aN-MUXIANG-classic-Cavalier-tobacco-wood-pipe-briar-pipe-detachable-pipe-with-base.webp","width":800,"height":800,"caption":"Klassische Bruy\u00e8reholz Chevalier Pfeife"},{"@type":"BreadcrumbList","@id":"https:\/\/pfeifenundzigarren.de\/Produkt\/klassische-bruyereholz-chevalier-pfeife\/#breadcrumb","itemListElement":[{"@type":"ListItem","position":1,"name":"Home","item":"https:\/\/pfeifenundzigarren.de\/"},{"@type":"ListItem","position":2,"name":"Shop","item":"https:\/\/pfeifenundzigarren.de\/shop\/"},{"@type":"ListItem","position":3,"name":"Klassische Bruy\u00e8reholz Chevalier Pfeife"}]},{"@type":"WebSite","@id":"https:\/\/pfeifenundzigarren.de\/#website","url":"https:\/\/pfeifenundzigarren.de\/","name":"La mejor tienda en l\u00ednea de pipas y accesorios para puros de Alemania","description":"","publisher":{"@id":"https:\/\/pfeifenundzigarren.de\/#organization"},"potentialAction":[{"@type":"SearchAction","target":{"@type":"EntryPoint","urlTemplate":"https:\/\/pfeifenundzigarren.de\/?s={search_term_string}"},"query-input":{"@type":"PropertyValueSpecification","valueRequired":true,"valueName":"search_term_string"}}],"inLanguage":"es"},{"@type":"Organization","@id":"https:\/\/pfeifenundzigarren.de\/#organization","name":"La mejor tienda en l\u00ednea de pipas y accesorios para puros de Alemania","url":"https:\/\/pfeifenundzigarren.de\/","logo":{"@type":"ImageObject","inLanguage":"es","@id":"https:\/\/pfeifenundzigarren.de\/#\/schema\/logo\/image\/","url":"https:\/\/pfeifenundzigarren.de\/wp-content\/uploads\/2024\/09\/cropped-Luxury-and-Vintage-Ornamental-Coffee-Shop-Logo.png","contentUrl":"https:\/\/pfeifenundzigarren.de\/wp-content\/uploads\/2024\/09\/cropped-Luxury-and-Vintage-Ornamental-Coffee-Shop-Logo.png","width":512,"height":512,"caption":"Der beste Onlineshop f\u00fcr Pfeifen und Zigarrenzubeh\u00f6r in Deutschland"},"image":{"@id":"https:\/\/pfeifenundzigarren.de\/#\/schema\/logo\/image\/"}}]}},"_links":{"self":[{"href":"https:\/\/pfeifenundzigarren.de\/es\/wp-json\/wp\/v2\/product\/3256","targetHints":{"allow":["GET"]}}],"collection":[{"href":"https:\/\/pfeifenundzigarren.de\/es\/wp-json\/wp\/v2\/product"}],"about":[{"href":"https:\/\/pfeifenundzigarren.de\/es\/wp-json\/wp\/v2\/types\/product"}],"replies":[{"embeddable":true,"href":"https:\/\/pfeifenundzigarren.de\/es\/wp-json\/wp\/v2\/comments?post=3256"}],"version-history":[{"count":0,"href":"https:\/\/pfeifenundzigarren.de\/es\/wp-json\/wp\/v2\/product\/3256\/revisions"}],"wp:featuredmedia":[{"embeddable":true,"href":"https:\/\/pfeifenundzigarren.de\/es\/wp-json\/wp\/v2\/media\/3257"}],"wp:attachment":[{"href":"https:\/\/pfeifenundzigarren.de\/es\/wp-json\/wp\/v2\/media?parent=3256"}],"wp:term":[{"taxonomy":"product_brand","embeddable":true,"href":"https:\/\/pfeifenundzigarren.de\/es\/wp-json\/wp\/v2\/product_brand?post=3256"},{"taxonomy":"product_cat","embeddable":true,"href":"https:\/\/pfeifenundzigarren.de\/es\/wp-json\/wp\/v2\/product_cat?post=3256"},{"taxonomy":"product_tag","embeddable":true,"href":"https:\/\/pfeifenundzigarren.de\/es\/wp-json\/wp\/v2\/product_tag?post=3256"}],"curies":[{"name":"wp","href":"https:\/\/api.w.org\/{rel}","templated":true}]}}