{"id":3104,"date":"2024-09-18T08:11:22","date_gmt":"2024-09-18T06:11:22","guid":{"rendered":"https:\/\/pfeifenundzigarren.de\/Produkt\/herr-der-ringe-gandalf-pfeife\/"},"modified":"2026-02-13T03:04:45","modified_gmt":"2026-02-13T02:04:45","slug":"herr-der-ringe-gandalf-pfeife","status":"publish","type":"product","link":"https:\/\/pfeifenundzigarren.de\/es\/Produkt\/herr-der-ringe-gandalf-pfeife\/","title":{"rendered":"Pipa Gandalf de El Se\u00f1or de los Anillos"},"content":{"rendered":"<p>Forma: Forma curva<br \/>\nN\u00famero de modelo: aa0055s<br \/>\nMaterial: madera de brezo<br \/>\nFiltro: 9 mm<br \/>\nTipo: Hecho a mano<br \/>\nAcabado: Liso<br \/>\nModelo: Pipa de tabaco<\/p>\n<p>\u3010Informaci\u00f3n sobre el producto\u3011<\/p>\n<p>\u3010Material\u3011<br \/>\n\u25cf Cuerpo del tubo: 100% <a href=\"https:\/\/pfeifenundzigarren.de\/es\/produktkategorie\/pfeife\/holz-pfeife\/bruyere-pfeifen\/\">Madera de brezo<\/a><br \/>\nTub\u00e9rculo de ra\u00edz de brezo seleccionado de la costa mediterr\u00e1nea, es bello y duradero, con un atractivo veteado de madera, absorbente del calor y del agua. Sin duda, la madera de brezo es elegida como la mejor madera para la fabricaci\u00f3n de pipas.<br \/>\n\u25cf Material de la boquilla: Material acr\u00edlico de alta calidad apto para alimentos.<br \/>\n\u25cf Color: Debido al color natural de la madera de brezo, el color de la pipa puede variar.<br \/>\n\u25cf La pipa de tabaco se puede desmontar f\u00e1cilmente, lo que hace que la limpieza sea muy c\u00f3moda. Hay un filtro de humo en el centro que filtra sustancias nocivas como el vapor de aceite y el aceite de humo, lo que hace que fumar sea m\u00e1s saludable.<br \/>\n\u25cf Material de alta calidad y mano de obra exquisita: puramente hecho a mano, hecho de ra\u00edz de brezo de alta calidad, bien procesado y suave en la superficie, muy duradero; el pulido elaborado asegura que se vea a\u00fan m\u00e1s delicado y hermoso.<br \/>\n\u25cf Filtro adaptable: Apto para filtro de carb\u00f3n activado de 9 mm.<br \/>\n\u25cf Capa de carbono preestablecida: La capa de carbono negro en el interior del tubo es la capa de carbono preestablecida, que sirve como retardante de llama, aislamiento t\u00e9rmico y protecci\u00f3n de la tuber\u00eda.<\/p>\n<div class=\"detailmodule_text-image\">\n<div><img decoding=\"async\" class=\"detail-desc-decorate-image\" style=\"margin-bottom: 10px;\" src=\"https:\/\/ae01.alicdn.com\/kf\/S3b2b797b6c7e4c839d93a0c9005d7f2cz.jpg\" alt=\"\"><\/div>\n<\/div>\n<div class=\"detailmodule_text-image\">\n<div><img decoding=\"async\" class=\"detail-desc-decorate-image\" src=\"https:\/\/ae01.alicdn.com\/kf\/S94c0e34dc8d3415ea1569143dada56019.jpg\" alt=\"\"><\/div>\n<\/div>\n<div class=\"detailmodule_text-image\">\n<div><img decoding=\"async\" class=\"detail-desc-decorate-image\" src=\"https:\/\/ae01.alicdn.com\/kf\/S7a7223eaf8eb471284e8148a72026a543.jpg\" alt=\"\"><img decoding=\"async\" class=\"detail-desc-decorate-image\" src=\"https:\/\/ae01.alicdn.com\/kf\/Sff0b40f474b74238bcf61e1e7c04f5fc1.jpg\" alt=\"\"><\/div>\n<div>\n<p>\u3010Capa de carbono preestablecida\u3011<\/p>\n<p>La capa de carbono negro del interior de la tuber\u00eda es la capa de carbono preestablecida que sirve como retardante de llama, aislamiento t\u00e9rmico y protecci\u00f3n de la tuber\u00eda.<\/p>\n<\/div>\n<\/div>\n<div class=\"detailmodule_text-image\">\n<div><img decoding=\"async\" class=\"detail-desc-decorate-image\" src=\"https:\/\/ae01.alicdn.com\/kf\/S7597fcd52db04d4ba126e9871fe944e7B.jpg\" alt=\"\"><\/div>\n<\/div>\n<div class=\"detailmodule_text-image\">\n<div><img decoding=\"async\" class=\"detail-desc-decorate-image\" src=\"https:\/\/ae01.alicdn.com\/kf\/S6e8ea865353742e0863d10919054be69K.jpg\" alt=\"\"><img decoding=\"async\" class=\"detail-desc-decorate-image\" src=\"https:\/\/ae01.alicdn.com\/kf\/S7d4c4c3f590142499744459e1ffa9c7aG.jpg\" alt=\"\"><\/div>\n<\/div>\n<div class=\"detailmodule_text-image\">\n<div><img decoding=\"async\" class=\"detail-desc-decorate-image\" src=\"https:\/\/ae01.alicdn.com\/kf\/S110da132a0ca4cb7888616a13cd49b5eU.jpg\" alt=\"\"><\/div>\n<\/div>\n<div class=\"detailmodule_text-image\">\n<p>\u3010Recibir\u00e1s\u3011<\/p>\n<p>Presta atenci\u00f3n a:<\/p>\n<p>La imagen es s\u00f3lo de referencia.<\/p>\n<p>\u25b6Whistle<br \/>\n- 1 x cuerpo de pipa de tabaco de madera de brezo<br \/>\n- 1 boquilla<br \/>\n\u25b6Juego de herramientas de 10 piezas de regalo.<br \/>\n- 2 x bit<br \/>\n- 1 x soporte de tubo<br \/>\n- 1 aldaba de corcho<br \/>\n- 1 x compa\u00f1ero fumador<br \/>\n- 1 x red de combusti\u00f3n<br \/>\n- 1 bolsa de tela<br \/>\n- 2 filtros de carb\u00f3n de 9 mm<br \/>\n- 1 cepillo para tubos<br \/>\n- 10 x limpiador<br \/>\n- 2 x red met\u00e1lica<\/p>\n<div><img decoding=\"async\" class=\"detail-desc-decorate-image\" src=\"https:\/\/ae01.alicdn.com\/kf\/Sd6b8867faaaa48d89d9d25bc1eea9886F.jpg\" alt=\"\"><\/div>\n<\/div>\n<p>&nbsp;<\/p>","protected":false},"excerpt":{"rendered":"<p>Forma: Forma curva N\u00famero de modelo: aa0055s Material: Madera de brezo Filtro: 9mm Tipo: Hecho a mano Acabado: Liso Modelo: Pipa de tabaco \u3010Informaci\u00f3n del producto\u3011. \u3010Material\u3011 Cuerpo de la pipa: 100%<\/p>","protected":false},"featured_media":3105,"comment_status":"open","ping_status":"closed","template":"","meta":[],"product_brand":[],"product_cat":[337,86,72],"product_tag":[],"class_list":{"0":"post-3104","1":"product","2":"type-product","3":"status-publish","4":"has-post-thumbnail","6":"product_cat-9mm-filter-pfeifen","7":"product_cat-bruyere-pfeifen","8":"product_cat-gandalf-pfeife","10":"first","11":"instock","12":"sale","13":"shipping-taxable","14":"purchasable","15":"product-type-simple"},"yoast_head":"<!-- This site is optimized with the Yoast SEO Premium plugin v26.7 (Yoast SEO v27.4) - https:\/\/yoast.com\/product\/yoast-seo-premium-wordpress\/ -->\n<title>Herr der Ringe Gandalf Pfeife - Der beste Onlineshop f\u00fcr Pfeifen und Zigarrenzubeh\u00f6r in Deutschland<\/title>\n<meta name=\"robots\" content=\"index, follow, max-snippet:-1, max-image-preview:large, max-video-preview:-1\" \/>\n<link rel=\"canonical\" href=\"https:\/\/pfeifenundzigarren.de\/es\/Produkt\/herr-der-ringe-gandalf-pfeife\/\" \/>\n<meta property=\"og:locale\" content=\"es_ES\" \/>\n<meta property=\"og:type\" content=\"article\" \/>\n<meta property=\"og:title\" content=\"Herr der Ringe Gandalf Pfeife\" \/>\n<meta property=\"og:description\" content=\"Form: Gebogene Form Modellnummer: aa0055s Material: Bruy\u00e8re-Holz Filter: 9mm Typ: Handgefertigt Finish: Glatt Modell: Tabakpfeife \u3010Produktinformationen\u3011 \u3010Material\u3011 \u25cf Pfeifenk\u00f6rper: 100%\" \/>\n<meta property=\"og:url\" content=\"https:\/\/pfeifenundzigarren.de\/es\/Produkt\/herr-der-ringe-gandalf-pfeife\/\" \/>\n<meta property=\"og:site_name\" content=\"Der beste Onlineshop f\u00fcr Pfeifen und Zigarrenzubeh\u00f6r in Deutschland\" \/>\n<meta property=\"article:modified_time\" content=\"2026-02-13T02:04:45+00:00\" \/>\n<meta property=\"og:image\" content=\"https:\/\/pfeifenundzigarren.de\/wp-content\/uploads\/2024\/09\/kf-S495c637bf4084e069f28a2b2bbc751c0m-MUXIANG-Handmade-Briar-Wood-Long-Stem-Tobacco-Pipe-Bent-Stem-Mouthpieces-Pipe-for-Smoking-with-9mm.webp\" \/>\n\t<meta property=\"og:image:width\" content=\"800\" \/>\n\t<meta property=\"og:image:height\" content=\"800\" \/>\n\t<meta property=\"og:image:type\" content=\"image\/webp\" \/>\n<meta name=\"twitter:card\" content=\"summary_large_image\" \/>\n<meta name=\"twitter:label1\" content=\"Tiempo de lectura\" \/>\n\t<meta name=\"twitter:data1\" content=\"4 minutos\" \/>\n<script type=\"application\/ld+json\" class=\"yoast-schema-graph\">{\"@context\":\"https:\\\/\\\/schema.org\",\"@graph\":[{\"@type\":\"WebPage\",\"@id\":\"https:\\\/\\\/pfeifenundzigarren.de\\\/Produkt\\\/herr-der-ringe-gandalf-pfeife\\\/\",\"url\":\"https:\\\/\\\/pfeifenundzigarren.de\\\/Produkt\\\/herr-der-ringe-gandalf-pfeife\\\/\",\"name\":\"Herr der Ringe Gandalf Pfeife - Der beste Onlineshop f\u00fcr Pfeifen und Zigarrenzubeh\u00f6r in Deutschland\",\"isPartOf\":{\"@id\":\"https:\\\/\\\/lime-nightingale-562313.hostingersite.com\\\/#website\"},\"primaryImageOfPage\":{\"@id\":\"https:\\\/\\\/pfeifenundzigarren.de\\\/Produkt\\\/herr-der-ringe-gandalf-pfeife\\\/#primaryimage\"},\"image\":{\"@id\":\"https:\\\/\\\/pfeifenundzigarren.de\\\/Produkt\\\/herr-der-ringe-gandalf-pfeife\\\/#primaryimage\"},\"thumbnailUrl\":\"https:\\\/\\\/pfeifenundzigarren.de\\\/wp-content\\\/uploads\\\/2024\\\/09\\\/kf-S495c637bf4084e069f28a2b2bbc751c0m-MUXIANG-Handmade-Briar-Wood-Long-Stem-Tobacco-Pipe-Bent-Stem-Mouthpieces-Pipe-for-Smoking-with-9mm.webp\",\"datePublished\":\"2024-09-18T06:11:22+00:00\",\"dateModified\":\"2026-02-13T02:04:45+00:00\",\"breadcrumb\":{\"@id\":\"https:\\\/\\\/pfeifenundzigarren.de\\\/Produkt\\\/herr-der-ringe-gandalf-pfeife\\\/#breadcrumb\"},\"inLanguage\":\"es\",\"potentialAction\":[{\"@type\":\"ReadAction\",\"target\":[\"https:\\\/\\\/pfeifenundzigarren.de\\\/Produkt\\\/herr-der-ringe-gandalf-pfeife\\\/\"]}]},{\"@type\":\"ImageObject\",\"inLanguage\":\"es\",\"@id\":\"https:\\\/\\\/pfeifenundzigarren.de\\\/Produkt\\\/herr-der-ringe-gandalf-pfeife\\\/#primaryimage\",\"url\":\"https:\\\/\\\/pfeifenundzigarren.de\\\/wp-content\\\/uploads\\\/2024\\\/09\\\/kf-S495c637bf4084e069f28a2b2bbc751c0m-MUXIANG-Handmade-Briar-Wood-Long-Stem-Tobacco-Pipe-Bent-Stem-Mouthpieces-Pipe-for-Smoking-with-9mm.webp\",\"contentUrl\":\"https:\\\/\\\/pfeifenundzigarren.de\\\/wp-content\\\/uploads\\\/2024\\\/09\\\/kf-S495c637bf4084e069f28a2b2bbc751c0m-MUXIANG-Handmade-Briar-Wood-Long-Stem-Tobacco-Pipe-Bent-Stem-Mouthpieces-Pipe-for-Smoking-with-9mm.webp\",\"width\":800,\"height\":800,\"caption\":\"Herr der Ringe Gandalf Pfeife\"},{\"@type\":\"BreadcrumbList\",\"@id\":\"https:\\\/\\\/pfeifenundzigarren.de\\\/Produkt\\\/herr-der-ringe-gandalf-pfeife\\\/#breadcrumb\",\"itemListElement\":[{\"@type\":\"ListItem\",\"position\":1,\"name\":\"Home\",\"item\":\"https:\\\/\\\/lime-nightingale-562313.hostingersite.com\\\/\"},{\"@type\":\"ListItem\",\"position\":2,\"name\":\"Shop\",\"item\":\"https:\\\/\\\/lime-nightingale-562313.hostingersite.com\\\/shop\\\/\"},{\"@type\":\"ListItem\",\"position\":3,\"name\":\"Herr der Ringe Gandalf Pfeife\"}]},{\"@type\":\"WebSite\",\"@id\":\"https:\\\/\\\/lime-nightingale-562313.hostingersite.com\\\/#website\",\"url\":\"https:\\\/\\\/lime-nightingale-562313.hostingersite.com\\\/\",\"name\":\"Der beste Onlineshop f\u00fcr Pfeifen und Zigarrenzubeh\u00f6r in Deutschland\",\"description\":\"\",\"publisher\":{\"@id\":\"https:\\\/\\\/lime-nightingale-562313.hostingersite.com\\\/#organization\"},\"potentialAction\":[{\"@type\":\"SearchAction\",\"target\":{\"@type\":\"EntryPoint\",\"urlTemplate\":\"https:\\\/\\\/lime-nightingale-562313.hostingersite.com\\\/?s={search_term_string}\"},\"query-input\":{\"@type\":\"PropertyValueSpecification\",\"valueRequired\":true,\"valueName\":\"search_term_string\"}}],\"inLanguage\":\"es\"},{\"@type\":\"Organization\",\"@id\":\"https:\\\/\\\/lime-nightingale-562313.hostingersite.com\\\/#organization\",\"name\":\"Der beste Onlineshop f\u00fcr Pfeifen und Zigarrenzubeh\u00f6r in Deutschland\",\"url\":\"https:\\\/\\\/lime-nightingale-562313.hostingersite.com\\\/\",\"logo\":{\"@type\":\"ImageObject\",\"inLanguage\":\"es\",\"@id\":\"https:\\\/\\\/lime-nightingale-562313.hostingersite.com\\\/#\\\/schema\\\/logo\\\/image\\\/\",\"url\":\"https:\\\/\\\/pfeifenundzigarren.de\\\/wp-content\\\/uploads\\\/2024\\\/09\\\/cropped-Luxury-and-Vintage-Ornamental-Coffee-Shop-Logo.png\",\"contentUrl\":\"https:\\\/\\\/pfeifenundzigarren.de\\\/wp-content\\\/uploads\\\/2024\\\/09\\\/cropped-Luxury-and-Vintage-Ornamental-Coffee-Shop-Logo.png\",\"width\":512,\"height\":512,\"caption\":\"Der beste Onlineshop f\u00fcr Pfeifen und Zigarrenzubeh\u00f6r in Deutschland\"},\"image\":{\"@id\":\"https:\\\/\\\/lime-nightingale-562313.hostingersite.com\\\/#\\\/schema\\\/logo\\\/image\\\/\"}}]}<\/script>\n<!-- \/ Yoast SEO Premium plugin. -->","yoast_head_json":{"title":"Herr der Ringe Gandalf Pfeife - Der beste Onlineshop f\u00fcr Pfeifen und Zigarrenzubeh\u00f6r in Deutschland","robots":{"index":"index","follow":"follow","max-snippet":"max-snippet:-1","max-image-preview":"max-image-preview:large","max-video-preview":"max-video-preview:-1"},"canonical":"https:\/\/pfeifenundzigarren.de\/es\/Produkt\/herr-der-ringe-gandalf-pfeife\/","og_locale":"es_ES","og_type":"article","og_title":"Herr der Ringe Gandalf Pfeife","og_description":"Form: Gebogene Form Modellnummer: aa0055s Material: Bruy\u00e8re-Holz Filter: 9mm Typ: Handgefertigt Finish: Glatt Modell: Tabakpfeife \u3010Produktinformationen\u3011 \u3010Material\u3011 \u25cf Pfeifenk\u00f6rper: 100%","og_url":"https:\/\/pfeifenundzigarren.de\/es\/Produkt\/herr-der-ringe-gandalf-pfeife\/","og_site_name":"Der beste Onlineshop f\u00fcr Pfeifen und Zigarrenzubeh\u00f6r in Deutschland","article_modified_time":"2026-02-13T02:04:45+00:00","og_image":[{"width":800,"height":800,"url":"https:\/\/pfeifenundzigarren.de\/wp-content\/uploads\/2024\/09\/kf-S495c637bf4084e069f28a2b2bbc751c0m-MUXIANG-Handmade-Briar-Wood-Long-Stem-Tobacco-Pipe-Bent-Stem-Mouthpieces-Pipe-for-Smoking-with-9mm.webp","type":"image\/webp"}],"twitter_card":"summary_large_image","twitter_misc":{"Tiempo de lectura":"4 minutos"},"schema":{"@context":"https:\/\/schema.org","@graph":[{"@type":"WebPage","@id":"https:\/\/pfeifenundzigarren.de\/Produkt\/herr-der-ringe-gandalf-pfeife\/","url":"https:\/\/pfeifenundzigarren.de\/Produkt\/herr-der-ringe-gandalf-pfeife\/","name":"Herr der Ringe Gandalf Pfeife - Der beste Onlineshop f\u00fcr Pfeifen und Zigarrenzubeh\u00f6r in Deutschland","isPartOf":{"@id":"https:\/\/lime-nightingale-562313.hostingersite.com\/#website"},"primaryImageOfPage":{"@id":"https:\/\/pfeifenundzigarren.de\/Produkt\/herr-der-ringe-gandalf-pfeife\/#primaryimage"},"image":{"@id":"https:\/\/pfeifenundzigarren.de\/Produkt\/herr-der-ringe-gandalf-pfeife\/#primaryimage"},"thumbnailUrl":"https:\/\/pfeifenundzigarren.de\/wp-content\/uploads\/2024\/09\/kf-S495c637bf4084e069f28a2b2bbc751c0m-MUXIANG-Handmade-Briar-Wood-Long-Stem-Tobacco-Pipe-Bent-Stem-Mouthpieces-Pipe-for-Smoking-with-9mm.webp","datePublished":"2024-09-18T06:11:22+00:00","dateModified":"2026-02-13T02:04:45+00:00","breadcrumb":{"@id":"https:\/\/pfeifenundzigarren.de\/Produkt\/herr-der-ringe-gandalf-pfeife\/#breadcrumb"},"inLanguage":"es","potentialAction":[{"@type":"ReadAction","target":["https:\/\/pfeifenundzigarren.de\/Produkt\/herr-der-ringe-gandalf-pfeife\/"]}]},{"@type":"ImageObject","inLanguage":"es","@id":"https:\/\/pfeifenundzigarren.de\/Produkt\/herr-der-ringe-gandalf-pfeife\/#primaryimage","url":"https:\/\/pfeifenundzigarren.de\/wp-content\/uploads\/2024\/09\/kf-S495c637bf4084e069f28a2b2bbc751c0m-MUXIANG-Handmade-Briar-Wood-Long-Stem-Tobacco-Pipe-Bent-Stem-Mouthpieces-Pipe-for-Smoking-with-9mm.webp","contentUrl":"https:\/\/pfeifenundzigarren.de\/wp-content\/uploads\/2024\/09\/kf-S495c637bf4084e069f28a2b2bbc751c0m-MUXIANG-Handmade-Briar-Wood-Long-Stem-Tobacco-Pipe-Bent-Stem-Mouthpieces-Pipe-for-Smoking-with-9mm.webp","width":800,"height":800,"caption":"Herr der Ringe Gandalf Pfeife"},{"@type":"BreadcrumbList","@id":"https:\/\/pfeifenundzigarren.de\/Produkt\/herr-der-ringe-gandalf-pfeife\/#breadcrumb","itemListElement":[{"@type":"ListItem","position":1,"name":"Home","item":"https:\/\/lime-nightingale-562313.hostingersite.com\/"},{"@type":"ListItem","position":2,"name":"Shop","item":"https:\/\/lime-nightingale-562313.hostingersite.com\/shop\/"},{"@type":"ListItem","position":3,"name":"Herr der Ringe Gandalf Pfeife"}]},{"@type":"WebSite","@id":"https:\/\/lime-nightingale-562313.hostingersite.com\/#website","url":"https:\/\/lime-nightingale-562313.hostingersite.com\/","name":"La mejor tienda en l\u00ednea de pipas y accesorios para puros de Alemania","description":"","publisher":{"@id":"https:\/\/lime-nightingale-562313.hostingersite.com\/#organization"},"potentialAction":[{"@type":"SearchAction","target":{"@type":"EntryPoint","urlTemplate":"https:\/\/lime-nightingale-562313.hostingersite.com\/?s={search_term_string}"},"query-input":{"@type":"PropertyValueSpecification","valueRequired":true,"valueName":"search_term_string"}}],"inLanguage":"es"},{"@type":"Organization","@id":"https:\/\/lime-nightingale-562313.hostingersite.com\/#organization","name":"La mejor tienda en l\u00ednea de pipas y accesorios para puros de Alemania","url":"https:\/\/lime-nightingale-562313.hostingersite.com\/","logo":{"@type":"ImageObject","inLanguage":"es","@id":"https:\/\/lime-nightingale-562313.hostingersite.com\/#\/schema\/logo\/image\/","url":"https:\/\/pfeifenundzigarren.de\/wp-content\/uploads\/2024\/09\/cropped-Luxury-and-Vintage-Ornamental-Coffee-Shop-Logo.png","contentUrl":"https:\/\/pfeifenundzigarren.de\/wp-content\/uploads\/2024\/09\/cropped-Luxury-and-Vintage-Ornamental-Coffee-Shop-Logo.png","width":512,"height":512,"caption":"Der beste Onlineshop f\u00fcr Pfeifen und Zigarrenzubeh\u00f6r in Deutschland"},"image":{"@id":"https:\/\/lime-nightingale-562313.hostingersite.com\/#\/schema\/logo\/image\/"}}]}},"_links":{"self":[{"href":"https:\/\/pfeifenundzigarren.de\/es\/wp-json\/wp\/v2\/product\/3104","targetHints":{"allow":["GET"]}}],"collection":[{"href":"https:\/\/pfeifenundzigarren.de\/es\/wp-json\/wp\/v2\/product"}],"about":[{"href":"https:\/\/pfeifenundzigarren.de\/es\/wp-json\/wp\/v2\/types\/product"}],"replies":[{"embeddable":true,"href":"https:\/\/pfeifenundzigarren.de\/es\/wp-json\/wp\/v2\/comments?post=3104"}],"version-history":[{"count":2,"href":"https:\/\/pfeifenundzigarren.de\/es\/wp-json\/wp\/v2\/product\/3104\/revisions"}],"predecessor-version":[{"id":10965,"href":"https:\/\/pfeifenundzigarren.de\/es\/wp-json\/wp\/v2\/product\/3104\/revisions\/10965"}],"wp:featuredmedia":[{"embeddable":true,"href":"https:\/\/pfeifenundzigarren.de\/es\/wp-json\/wp\/v2\/media\/3105"}],"wp:attachment":[{"href":"https:\/\/pfeifenundzigarren.de\/es\/wp-json\/wp\/v2\/media?parent=3104"}],"wp:term":[{"taxonomy":"product_brand","embeddable":true,"href":"https:\/\/pfeifenundzigarren.de\/es\/wp-json\/wp\/v2\/product_brand?post=3104"},{"taxonomy":"product_cat","embeddable":true,"href":"https:\/\/pfeifenundzigarren.de\/es\/wp-json\/wp\/v2\/product_cat?post=3104"},{"taxonomy":"product_tag","embeddable":true,"href":"https:\/\/pfeifenundzigarren.de\/es\/wp-json\/wp\/v2\/product_tag?post=3104"}],"curies":[{"name":"wp","href":"https:\/\/api.w.org\/{rel}","templated":true}]}}