{"id":2921,"date":"2024-09-14T14:28:52","date_gmt":"2024-09-14T12:28:52","guid":{"rendered":"https:\/\/pfeifenundzigarren.de\/Produkt\/handgemachtes-bruyereholz-pfeifen-einsteigerset\/"},"modified":"2026-02-14T14:51:20","modified_gmt":"2026-02-14T13:51:20","slug":"handgemachtes-bruyereholz-pfeifen-einsteigerset","status":"publish","type":"product","link":"https:\/\/pfeifenundzigarren.de\/es\/Produkt\/handgemachtes-bruyereholz-pfeifen-einsteigerset\/","title":{"rendered":"Set de iniciaci\u00f3n a la pipa de madera de brezo hecha a mano"},"content":{"rendered":"<div class=\"product-specs-list-container\">\n<ul class=\"product-specs-list util-clearfix\">\n<li class=\"product-prop line-limit-length\"><\/li>\n<\/ul>\n<\/div>\n<p><img decoding=\"async\" src=\"https:\/\/ae01.alicdn.com\/kf\/S9f182be80f5b49bcb2854460c6fcdb0b2.jpg\" alt=\"\"><img decoding=\"async\" src=\"https:\/\/ae01.alicdn.com\/kf\/Sa624f566c95c4816aebbc4d71186db9bk.jpg\" alt=\"\"><img decoding=\"async\" src=\"https:\/\/ae01.alicdn.com\/kf\/S85dbf3afcae24b4f928e50cd12c974e2W.jpg\" alt=\"\"><img decoding=\"async\" src=\"https:\/\/ae01.alicdn.com\/kf\/Sc5e724f6a6844ce8ac44280dfec2d807I.jpg\" alt=\"\"><img decoding=\"async\" src=\"https:\/\/ae01.alicdn.com\/kf\/Sd3179bc0974d4752ba968c8463847d2e9.jpg\" alt=\"\"><img decoding=\"async\" src=\"https:\/\/ae01.alicdn.com\/kf\/S7309c97d1ebb4089982e01cc7cbd22e9z.jpg\" alt=\"\"><img decoding=\"async\" src=\"https:\/\/ae01.alicdn.com\/kf\/Saa8db831ec22450ea11cf380fc8bf621q.jpg\" alt=\"\"><\/p>","protected":false},"excerpt":{"rendered":"","protected":false},"featured_media":2922,"comment_status":"open","ping_status":"closed","template":"","meta":[],"product_brand":[],"product_cat":[86],"product_tag":[],"class_list":{"0":"post-2921","1":"product","2":"type-product","3":"status-publish","4":"has-post-thumbnail","6":"product_cat-bruyere-pfeifen","8":"first","9":"instock","10":"sale","11":"shipping-taxable","12":"purchasable","13":"product-type-variable","14":"wvs-archive-product-wrapper"},"yoast_head":"<!-- This site is optimized with the Yoast SEO Premium plugin v26.7 (Yoast SEO v26.7) - https:\/\/yoast.com\/wordpress\/plugins\/seo\/ -->\n<title>Handgemachtes Bruy\u00e8reholz-Pfeifen-Einsteigerset - Der beste Onlineshop f\u00fcr Pfeifen und Zigarrenzubeh\u00f6r in Deutschland<\/title>\n<meta name=\"robots\" content=\"index, follow, max-snippet:-1, max-image-preview:large, max-video-preview:-1\" \/>\n<link rel=\"canonical\" href=\"https:\/\/pfeifenundzigarren.de\/es\/Produkt\/handgemachtes-bruyereholz-pfeifen-einsteigerset\/\" \/>\n<meta property=\"og:locale\" content=\"es_ES\" \/>\n<meta property=\"og:type\" content=\"article\" \/>\n<meta property=\"og:title\" content=\"Handgemachtes Bruy\u00e8reholz-Pfeifen-Einsteigerset\" \/>\n<meta property=\"og:url\" content=\"https:\/\/pfeifenundzigarren.de\/es\/Produkt\/handgemachtes-bruyereholz-pfeifen-einsteigerset\/\" \/>\n<meta property=\"og:site_name\" content=\"Der beste Onlineshop f\u00fcr Pfeifen und Zigarrenzubeh\u00f6r in Deutschland\" \/>\n<meta property=\"article:modified_time\" content=\"2026-02-14T13:51:20+00:00\" \/>\n<meta property=\"og:image\" content=\"https:\/\/pfeifenundzigarren.de\/wp-content\/uploads\/2024\/09\/kf-Saa8db831ec22450ea11cf380fc8bf621q-MUXIANG-Handmade-briar-tobacco-pipe-curved-handle-tomato-pipe-Colorful-vulcanized-rubber-pipe-mouth-Thick-bowl.webp\" \/>\n\t<meta property=\"og:image:width\" content=\"1000\" \/>\n\t<meta property=\"og:image:height\" content=\"1000\" \/>\n\t<meta property=\"og:image:type\" content=\"image\/webp\" \/>\n<meta name=\"twitter:card\" content=\"summary_large_image\" \/>\n<script type=\"application\/ld+json\" class=\"yoast-schema-graph\">{\"@context\":\"https:\/\/schema.org\",\"@graph\":[{\"@type\":\"WebPage\",\"@id\":\"https:\/\/pfeifenundzigarren.de\/Produkt\/handgemachtes-bruyereholz-pfeifen-einsteigerset\/\",\"url\":\"https:\/\/pfeifenundzigarren.de\/Produkt\/handgemachtes-bruyereholz-pfeifen-einsteigerset\/\",\"name\":\"Handgemachtes Bruy\u00e8reholz-Pfeifen-Einsteigerset - Der beste Onlineshop f\u00fcr Pfeifen und Zigarrenzubeh\u00f6r in Deutschland\",\"isPartOf\":{\"@id\":\"https:\/\/lime-nightingale-562313.hostingersite.com\/es\/#website\"},\"primaryImageOfPage\":{\"@id\":\"https:\/\/pfeifenundzigarren.de\/Produkt\/handgemachtes-bruyereholz-pfeifen-einsteigerset\/#primaryimage\"},\"image\":{\"@id\":\"https:\/\/pfeifenundzigarren.de\/Produkt\/handgemachtes-bruyereholz-pfeifen-einsteigerset\/#primaryimage\"},\"thumbnailUrl\":\"https:\/\/pfeifenundzigarren.de\/wp-content\/uploads\/2024\/09\/kf-Saa8db831ec22450ea11cf380fc8bf621q-MUXIANG-Handmade-briar-tobacco-pipe-curved-handle-tomato-pipe-Colorful-vulcanized-rubber-pipe-mouth-Thick-bowl.webp\",\"datePublished\":\"2024-09-14T12:28:52+00:00\",\"dateModified\":\"2026-02-14T13:51:20+00:00\",\"breadcrumb\":{\"@id\":\"https:\/\/pfeifenundzigarren.de\/Produkt\/handgemachtes-bruyereholz-pfeifen-einsteigerset\/#breadcrumb\"},\"inLanguage\":\"es\",\"potentialAction\":[{\"@type\":\"ReadAction\",\"target\":[\"https:\/\/pfeifenundzigarren.de\/Produkt\/handgemachtes-bruyereholz-pfeifen-einsteigerset\/\"]}]},{\"@type\":\"ImageObject\",\"inLanguage\":\"es\",\"@id\":\"https:\/\/pfeifenundzigarren.de\/Produkt\/handgemachtes-bruyereholz-pfeifen-einsteigerset\/#primaryimage\",\"url\":\"https:\/\/pfeifenundzigarren.de\/wp-content\/uploads\/2024\/09\/kf-Saa8db831ec22450ea11cf380fc8bf621q-MUXIANG-Handmade-briar-tobacco-pipe-curved-handle-tomato-pipe-Colorful-vulcanized-rubber-pipe-mouth-Thick-bowl.webp\",\"contentUrl\":\"https:\/\/pfeifenundzigarren.de\/wp-content\/uploads\/2024\/09\/kf-Saa8db831ec22450ea11cf380fc8bf621q-MUXIANG-Handmade-briar-tobacco-pipe-curved-handle-tomato-pipe-Colorful-vulcanized-rubber-pipe-mouth-Thick-bowl.webp\",\"width\":1000,\"height\":1000,\"caption\":\"Handgemachtes Bruy\u00e8reholz-Pfeifen-Einsteigerset\"},{\"@type\":\"BreadcrumbList\",\"@id\":\"https:\/\/pfeifenundzigarren.de\/Produkt\/handgemachtes-bruyereholz-pfeifen-einsteigerset\/#breadcrumb\",\"itemListElement\":[{\"@type\":\"ListItem\",\"position\":1,\"name\":\"Home\",\"item\":\"https:\/\/lime-nightingale-562313.hostingersite.com\/es\/\"},{\"@type\":\"ListItem\",\"position\":2,\"name\":\"Shop\",\"item\":\"https:\/\/lime-nightingale-562313.hostingersite.com\/es\/shop\/\"},{\"@type\":\"ListItem\",\"position\":3,\"name\":\"Handgemachtes Bruy\u00e8reholz-Pfeifen-Einsteigerset\"}]},{\"@type\":\"WebSite\",\"@id\":\"https:\/\/lime-nightingale-562313.hostingersite.com\/es\/#website\",\"url\":\"https:\/\/lime-nightingale-562313.hostingersite.com\/es\/\",\"name\":\"Der beste Onlineshop f\u00fcr Pfeifen und Zigarrenzubeh\u00f6r in Deutschland\",\"description\":\"\",\"publisher\":{\"@id\":\"https:\/\/lime-nightingale-562313.hostingersite.com\/es\/#organization\"},\"potentialAction\":[{\"@type\":\"SearchAction\",\"target\":{\"@type\":\"EntryPoint\",\"urlTemplate\":\"https:\/\/lime-nightingale-562313.hostingersite.com\/es\/?s={search_term_string}\"},\"query-input\":{\"@type\":\"PropertyValueSpecification\",\"valueRequired\":true,\"valueName\":\"search_term_string\"}}],\"inLanguage\":\"es\"},{\"@type\":\"Organization\",\"@id\":\"https:\/\/lime-nightingale-562313.hostingersite.com\/es\/#organization\",\"name\":\"Der beste Onlineshop f\u00fcr Pfeifen und Zigarrenzubeh\u00f6r in Deutschland\",\"url\":\"https:\/\/lime-nightingale-562313.hostingersite.com\/es\/\",\"logo\":{\"@type\":\"ImageObject\",\"inLanguage\":\"es\",\"@id\":\"https:\/\/lime-nightingale-562313.hostingersite.com\/es\/#\/schema\/logo\/image\/\",\"url\":\"https:\/\/pfeifenundzigarren.de\/wp-content\/uploads\/2024\/09\/cropped-Luxury-and-Vintage-Ornamental-Coffee-Shop-Logo.png\",\"contentUrl\":\"https:\/\/pfeifenundzigarren.de\/wp-content\/uploads\/2024\/09\/cropped-Luxury-and-Vintage-Ornamental-Coffee-Shop-Logo.png\",\"width\":512,\"height\":512,\"caption\":\"Der beste Onlineshop f\u00fcr Pfeifen und Zigarrenzubeh\u00f6r in Deutschland\"},\"image\":{\"@id\":\"https:\/\/lime-nightingale-562313.hostingersite.com\/es\/#\/schema\/logo\/image\/\"}}]}<\/script>\n<!-- \/ Yoast SEO Premium plugin. -->","yoast_head_json":{"title":"Handgemachtes Bruy\u00e8reholz-Pfeifen-Einsteigerset - Der beste Onlineshop f\u00fcr Pfeifen und Zigarrenzubeh\u00f6r in Deutschland","robots":{"index":"index","follow":"follow","max-snippet":"max-snippet:-1","max-image-preview":"max-image-preview:large","max-video-preview":"max-video-preview:-1"},"canonical":"https:\/\/pfeifenundzigarren.de\/es\/Produkt\/handgemachtes-bruyereholz-pfeifen-einsteigerset\/","og_locale":"es_ES","og_type":"article","og_title":"Handgemachtes Bruy\u00e8reholz-Pfeifen-Einsteigerset","og_url":"https:\/\/pfeifenundzigarren.de\/es\/Produkt\/handgemachtes-bruyereholz-pfeifen-einsteigerset\/","og_site_name":"Der beste Onlineshop f\u00fcr Pfeifen und Zigarrenzubeh\u00f6r in Deutschland","article_modified_time":"2026-02-14T13:51:20+00:00","og_image":[{"width":1000,"height":1000,"url":"https:\/\/pfeifenundzigarren.de\/wp-content\/uploads\/2024\/09\/kf-Saa8db831ec22450ea11cf380fc8bf621q-MUXIANG-Handmade-briar-tobacco-pipe-curved-handle-tomato-pipe-Colorful-vulcanized-rubber-pipe-mouth-Thick-bowl.webp","type":"image\/webp"}],"twitter_card":"summary_large_image","schema":{"@context":"https:\/\/schema.org","@graph":[{"@type":"WebPage","@id":"https:\/\/pfeifenundzigarren.de\/Produkt\/handgemachtes-bruyereholz-pfeifen-einsteigerset\/","url":"https:\/\/pfeifenundzigarren.de\/Produkt\/handgemachtes-bruyereholz-pfeifen-einsteigerset\/","name":"Handgemachtes Bruy\u00e8reholz-Pfeifen-Einsteigerset - Der beste Onlineshop f\u00fcr Pfeifen und Zigarrenzubeh\u00f6r in Deutschland","isPartOf":{"@id":"https:\/\/lime-nightingale-562313.hostingersite.com\/es\/#website"},"primaryImageOfPage":{"@id":"https:\/\/pfeifenundzigarren.de\/Produkt\/handgemachtes-bruyereholz-pfeifen-einsteigerset\/#primaryimage"},"image":{"@id":"https:\/\/pfeifenundzigarren.de\/Produkt\/handgemachtes-bruyereholz-pfeifen-einsteigerset\/#primaryimage"},"thumbnailUrl":"https:\/\/pfeifenundzigarren.de\/wp-content\/uploads\/2024\/09\/kf-Saa8db831ec22450ea11cf380fc8bf621q-MUXIANG-Handmade-briar-tobacco-pipe-curved-handle-tomato-pipe-Colorful-vulcanized-rubber-pipe-mouth-Thick-bowl.webp","datePublished":"2024-09-14T12:28:52+00:00","dateModified":"2026-02-14T13:51:20+00:00","breadcrumb":{"@id":"https:\/\/pfeifenundzigarren.de\/Produkt\/handgemachtes-bruyereholz-pfeifen-einsteigerset\/#breadcrumb"},"inLanguage":"es","potentialAction":[{"@type":"ReadAction","target":["https:\/\/pfeifenundzigarren.de\/Produkt\/handgemachtes-bruyereholz-pfeifen-einsteigerset\/"]}]},{"@type":"ImageObject","inLanguage":"es","@id":"https:\/\/pfeifenundzigarren.de\/Produkt\/handgemachtes-bruyereholz-pfeifen-einsteigerset\/#primaryimage","url":"https:\/\/pfeifenundzigarren.de\/wp-content\/uploads\/2024\/09\/kf-Saa8db831ec22450ea11cf380fc8bf621q-MUXIANG-Handmade-briar-tobacco-pipe-curved-handle-tomato-pipe-Colorful-vulcanized-rubber-pipe-mouth-Thick-bowl.webp","contentUrl":"https:\/\/pfeifenundzigarren.de\/wp-content\/uploads\/2024\/09\/kf-Saa8db831ec22450ea11cf380fc8bf621q-MUXIANG-Handmade-briar-tobacco-pipe-curved-handle-tomato-pipe-Colorful-vulcanized-rubber-pipe-mouth-Thick-bowl.webp","width":1000,"height":1000,"caption":"Handgemachtes Bruy\u00e8reholz-Pfeifen-Einsteigerset"},{"@type":"BreadcrumbList","@id":"https:\/\/pfeifenundzigarren.de\/Produkt\/handgemachtes-bruyereholz-pfeifen-einsteigerset\/#breadcrumb","itemListElement":[{"@type":"ListItem","position":1,"name":"Home","item":"https:\/\/lime-nightingale-562313.hostingersite.com\/es\/"},{"@type":"ListItem","position":2,"name":"Shop","item":"https:\/\/lime-nightingale-562313.hostingersite.com\/es\/shop\/"},{"@type":"ListItem","position":3,"name":"Handgemachtes Bruy\u00e8reholz-Pfeifen-Einsteigerset"}]},{"@type":"WebSite","@id":"https:\/\/lime-nightingale-562313.hostingersite.com\/es\/#website","url":"https:\/\/lime-nightingale-562313.hostingersite.com\/es\/","name":"La mejor tienda en l\u00ednea de pipas y accesorios para puros de Alemania","description":"","publisher":{"@id":"https:\/\/lime-nightingale-562313.hostingersite.com\/es\/#organization"},"potentialAction":[{"@type":"SearchAction","target":{"@type":"EntryPoint","urlTemplate":"https:\/\/lime-nightingale-562313.hostingersite.com\/es\/?s={search_term_string}"},"query-input":{"@type":"PropertyValueSpecification","valueRequired":true,"valueName":"search_term_string"}}],"inLanguage":"es"},{"@type":"Organization","@id":"https:\/\/lime-nightingale-562313.hostingersite.com\/es\/#organization","name":"La mejor tienda en l\u00ednea de pipas y accesorios para puros de Alemania","url":"https:\/\/lime-nightingale-562313.hostingersite.com\/es\/","logo":{"@type":"ImageObject","inLanguage":"es","@id":"https:\/\/lime-nightingale-562313.hostingersite.com\/es\/#\/schema\/logo\/image\/","url":"https:\/\/pfeifenundzigarren.de\/wp-content\/uploads\/2024\/09\/cropped-Luxury-and-Vintage-Ornamental-Coffee-Shop-Logo.png","contentUrl":"https:\/\/pfeifenundzigarren.de\/wp-content\/uploads\/2024\/09\/cropped-Luxury-and-Vintage-Ornamental-Coffee-Shop-Logo.png","width":512,"height":512,"caption":"Der beste Onlineshop f\u00fcr Pfeifen und Zigarrenzubeh\u00f6r in Deutschland"},"image":{"@id":"https:\/\/lime-nightingale-562313.hostingersite.com\/es\/#\/schema\/logo\/image\/"}}]}},"_links":{"self":[{"href":"https:\/\/pfeifenundzigarren.de\/es\/wp-json\/wp\/v2\/product\/2921","targetHints":{"allow":["GET"]}}],"collection":[{"href":"https:\/\/pfeifenundzigarren.de\/es\/wp-json\/wp\/v2\/product"}],"about":[{"href":"https:\/\/pfeifenundzigarren.de\/es\/wp-json\/wp\/v2\/types\/product"}],"replies":[{"embeddable":true,"href":"https:\/\/pfeifenundzigarren.de\/es\/wp-json\/wp\/v2\/comments?post=2921"}],"version-history":[{"count":0,"href":"https:\/\/pfeifenundzigarren.de\/es\/wp-json\/wp\/v2\/product\/2921\/revisions"}],"wp:featuredmedia":[{"embeddable":true,"href":"https:\/\/pfeifenundzigarren.de\/es\/wp-json\/wp\/v2\/media\/2922"}],"wp:attachment":[{"href":"https:\/\/pfeifenundzigarren.de\/es\/wp-json\/wp\/v2\/media?parent=2921"}],"wp:term":[{"taxonomy":"product_brand","embeddable":true,"href":"https:\/\/pfeifenundzigarren.de\/es\/wp-json\/wp\/v2\/product_brand?post=2921"},{"taxonomy":"product_cat","embeddable":true,"href":"https:\/\/pfeifenundzigarren.de\/es\/wp-json\/wp\/v2\/product_cat?post=2921"},{"taxonomy":"product_tag","embeddable":true,"href":"https:\/\/pfeifenundzigarren.de\/es\/wp-json\/wp\/v2\/product_tag?post=2921"}],"curies":[{"name":"wp","href":"https:\/\/api.w.org\/{rel}","templated":true}]}}