{"id":2912,"date":"2024-09-14T14:20:47","date_gmt":"2024-09-14T12:20:47","guid":{"rendered":"https:\/\/pfeifenundzigarren.de\/Produkt\/handgemachte-personalisierte-bruyerepfeife\/"},"modified":"2024-09-14T16:03:05","modified_gmt":"2024-09-14T14:03:05","slug":"handgemachte-personalisierte-bruyerepfeife","status":"publish","type":"product","link":"https:\/\/pfeifenundzigarren.de\/es\/Produkt\/handgemachte-personalisierte-bruyerepfeife\/","title":{"rendered":"Pipa de brezo personalizada hecha a mano"},"content":{"rendered":"<p>&nbsp;<\/p>\n<p><img decoding=\"async\" src=\"https:\/\/ae01.alicdn.com\/kf\/S315c1d34849647908567432425ef82b3f.jpg\" alt=\"\"><img decoding=\"async\" src=\"https:\/\/ae01.alicdn.com\/kf\/S2c021017424440e69aca036c3a63ba9aJ.jpg\" alt=\"\"><img decoding=\"async\" src=\"https:\/\/ae01.alicdn.com\/kf\/S466d0d7ecbe94bd288111619309f960aO.jpg\" alt=\"\"><img decoding=\"async\" src=\"https:\/\/ae01.alicdn.com\/kf\/Sc06bcf930c444d9b86e28d22d29164a7s.jpg\" alt=\"\"><img decoding=\"async\" src=\"https:\/\/ae01.alicdn.com\/kf\/S845dd9ebd3394bac982cecfb5b3fcd49x.jpg\" alt=\"\"><img decoding=\"async\" src=\"https:\/\/ae01.alicdn.com\/kf\/S3ae910aa63ef48eeb6cf5fcad019f21fe.jpg\" alt=\"\"><img decoding=\"async\" src=\"https:\/\/ae01.alicdn.com\/kf\/S52d6216bf44d4b6c8f6298a4601a2c2eA.jpg\" alt=\"\"><img decoding=\"async\" src=\"https:\/\/ae01.alicdn.com\/kf\/S101f0279f7814f0c9d823c6935f0ab01P.jpg\" alt=\"\"><img decoding=\"async\" src=\"https:\/\/ae01.alicdn.com\/kf\/Sad0699f0752e4e0d86b1b8941ff4560fM.jpg\" alt=\"\"><\/p>","protected":false},"excerpt":{"rendered":"<p>&nbsp;<\/p>","protected":false},"featured_media":2913,"comment_status":"open","ping_status":"closed","template":"","meta":[],"product_brand":[],"product_cat":[86],"product_tag":[],"class_list":{"0":"post-2912","1":"product","2":"type-product","3":"status-publish","4":"has-post-thumbnail","6":"product_cat-bruyere-pfeifen","8":"first","9":"instock","10":"sale","11":"shipping-taxable","12":"purchasable","13":"product-type-variable","14":"wvs-archive-product-wrapper"},"yoast_head":"<!-- This site is optimized with the Yoast SEO Premium plugin v26.7 (Yoast SEO v26.7) - https:\/\/yoast.com\/wordpress\/plugins\/seo\/ -->\n<title>Handgemachte personalisierte Bruy\u00e8repfeife - Der beste Onlineshop f\u00fcr Pfeifen und Zigarrenzubeh\u00f6r in Deutschland<\/title>\n<meta name=\"robots\" content=\"index, follow, max-snippet:-1, max-image-preview:large, max-video-preview:-1\" \/>\n<link rel=\"canonical\" href=\"https:\/\/pfeifenundzigarren.de\/es\/Produkt\/handgemachte-personalisierte-bruyerepfeife\/\" \/>\n<meta property=\"og:locale\" content=\"es_ES\" \/>\n<meta property=\"og:type\" content=\"article\" \/>\n<meta property=\"og:title\" content=\"Handgemachte personalisierte Bruy\u00e8repfeife\" \/>\n<meta property=\"og:description\" content=\"&nbsp;\" \/>\n<meta property=\"og:url\" content=\"https:\/\/pfeifenundzigarren.de\/es\/Produkt\/handgemachte-personalisierte-bruyerepfeife\/\" \/>\n<meta property=\"og:site_name\" content=\"Der beste Onlineshop f\u00fcr Pfeifen und Zigarrenzubeh\u00f6r in Deutschland\" \/>\n<meta property=\"article:modified_time\" content=\"2024-09-14T14:03:05+00:00\" \/>\n<meta property=\"og:image\" content=\"https:\/\/pfeifenundzigarren.de\/wp-content\/uploads\/2024\/09\/kf-Sad0699f0752e4e0d86b1b8941ff4560fM-MUXIANG-Briar-Horn-Tobacco-Pipe-Handmade-Vulcanized-Rubber-Pipe-Freestyle-Smoking-Pipe-3mm-Pipe-Channel-Father.webp\" \/>\n\t<meta property=\"og:image:width\" content=\"1000\" \/>\n\t<meta property=\"og:image:height\" content=\"1000\" \/>\n\t<meta property=\"og:image:type\" content=\"image\/webp\" \/>\n<meta name=\"twitter:card\" content=\"summary_large_image\" \/>\n<script type=\"application\/ld+json\" class=\"yoast-schema-graph\">{\"@context\":\"https:\/\/schema.org\",\"@graph\":[{\"@type\":\"WebPage\",\"@id\":\"https:\/\/pfeifenundzigarren.de\/Produkt\/handgemachte-personalisierte-bruyerepfeife\/\",\"url\":\"https:\/\/pfeifenundzigarren.de\/Produkt\/handgemachte-personalisierte-bruyerepfeife\/\",\"name\":\"Handgemachte personalisierte Bruy\u00e8repfeife - Der beste Onlineshop f\u00fcr Pfeifen und Zigarrenzubeh\u00f6r in Deutschland\",\"isPartOf\":{\"@id\":\"https:\/\/lime-nightingale-562313.hostingersite.com\/es\/#website\"},\"primaryImageOfPage\":{\"@id\":\"https:\/\/pfeifenundzigarren.de\/Produkt\/handgemachte-personalisierte-bruyerepfeife\/#primaryimage\"},\"image\":{\"@id\":\"https:\/\/pfeifenundzigarren.de\/Produkt\/handgemachte-personalisierte-bruyerepfeife\/#primaryimage\"},\"thumbnailUrl\":\"https:\/\/pfeifenundzigarren.de\/wp-content\/uploads\/2024\/09\/kf-Sad0699f0752e4e0d86b1b8941ff4560fM-MUXIANG-Briar-Horn-Tobacco-Pipe-Handmade-Vulcanized-Rubber-Pipe-Freestyle-Smoking-Pipe-3mm-Pipe-Channel-Father.webp\",\"datePublished\":\"2024-09-14T12:20:47+00:00\",\"dateModified\":\"2024-09-14T14:03:05+00:00\",\"breadcrumb\":{\"@id\":\"https:\/\/pfeifenundzigarren.de\/Produkt\/handgemachte-personalisierte-bruyerepfeife\/#breadcrumb\"},\"inLanguage\":\"es\",\"potentialAction\":[{\"@type\":\"ReadAction\",\"target\":[\"https:\/\/pfeifenundzigarren.de\/Produkt\/handgemachte-personalisierte-bruyerepfeife\/\"]}]},{\"@type\":\"ImageObject\",\"inLanguage\":\"es\",\"@id\":\"https:\/\/pfeifenundzigarren.de\/Produkt\/handgemachte-personalisierte-bruyerepfeife\/#primaryimage\",\"url\":\"https:\/\/pfeifenundzigarren.de\/wp-content\/uploads\/2024\/09\/kf-Sad0699f0752e4e0d86b1b8941ff4560fM-MUXIANG-Briar-Horn-Tobacco-Pipe-Handmade-Vulcanized-Rubber-Pipe-Freestyle-Smoking-Pipe-3mm-Pipe-Channel-Father.webp\",\"contentUrl\":\"https:\/\/pfeifenundzigarren.de\/wp-content\/uploads\/2024\/09\/kf-Sad0699f0752e4e0d86b1b8941ff4560fM-MUXIANG-Briar-Horn-Tobacco-Pipe-Handmade-Vulcanized-Rubber-Pipe-Freestyle-Smoking-Pipe-3mm-Pipe-Channel-Father.webp\",\"width\":1000,\"height\":1000,\"caption\":\"Handgemachte personalisierte Bruy\u00e8repfeife\"},{\"@type\":\"BreadcrumbList\",\"@id\":\"https:\/\/pfeifenundzigarren.de\/Produkt\/handgemachte-personalisierte-bruyerepfeife\/#breadcrumb\",\"itemListElement\":[{\"@type\":\"ListItem\",\"position\":1,\"name\":\"Home\",\"item\":\"https:\/\/lime-nightingale-562313.hostingersite.com\/es\/\"},{\"@type\":\"ListItem\",\"position\":2,\"name\":\"Shop\",\"item\":\"https:\/\/lime-nightingale-562313.hostingersite.com\/es\/shop\/\"},{\"@type\":\"ListItem\",\"position\":3,\"name\":\"Handgemachte personalisierte Bruy\u00e8repfeife\"}]},{\"@type\":\"WebSite\",\"@id\":\"https:\/\/lime-nightingale-562313.hostingersite.com\/es\/#website\",\"url\":\"https:\/\/lime-nightingale-562313.hostingersite.com\/es\/\",\"name\":\"Der beste Onlineshop f\u00fcr Pfeifen und Zigarrenzubeh\u00f6r in Deutschland\",\"description\":\"\",\"publisher\":{\"@id\":\"https:\/\/lime-nightingale-562313.hostingersite.com\/es\/#organization\"},\"potentialAction\":[{\"@type\":\"SearchAction\",\"target\":{\"@type\":\"EntryPoint\",\"urlTemplate\":\"https:\/\/lime-nightingale-562313.hostingersite.com\/es\/?s={search_term_string}\"},\"query-input\":{\"@type\":\"PropertyValueSpecification\",\"valueRequired\":true,\"valueName\":\"search_term_string\"}}],\"inLanguage\":\"es\"},{\"@type\":\"Organization\",\"@id\":\"https:\/\/lime-nightingale-562313.hostingersite.com\/es\/#organization\",\"name\":\"Der beste Onlineshop f\u00fcr Pfeifen und Zigarrenzubeh\u00f6r in Deutschland\",\"url\":\"https:\/\/lime-nightingale-562313.hostingersite.com\/es\/\",\"logo\":{\"@type\":\"ImageObject\",\"inLanguage\":\"es\",\"@id\":\"https:\/\/lime-nightingale-562313.hostingersite.com\/es\/#\/schema\/logo\/image\/\",\"url\":\"https:\/\/pfeifenundzigarren.de\/wp-content\/uploads\/2024\/09\/cropped-Luxury-and-Vintage-Ornamental-Coffee-Shop-Logo.png\",\"contentUrl\":\"https:\/\/pfeifenundzigarren.de\/wp-content\/uploads\/2024\/09\/cropped-Luxury-and-Vintage-Ornamental-Coffee-Shop-Logo.png\",\"width\":512,\"height\":512,\"caption\":\"Der beste Onlineshop f\u00fcr Pfeifen und Zigarrenzubeh\u00f6r in Deutschland\"},\"image\":{\"@id\":\"https:\/\/lime-nightingale-562313.hostingersite.com\/es\/#\/schema\/logo\/image\/\"}}]}<\/script>\n<!-- \/ Yoast SEO Premium plugin. -->","yoast_head_json":{"title":"Handgemachte personalisierte Bruy\u00e8repfeife - Der beste Onlineshop f\u00fcr Pfeifen und Zigarrenzubeh\u00f6r in Deutschland","robots":{"index":"index","follow":"follow","max-snippet":"max-snippet:-1","max-image-preview":"max-image-preview:large","max-video-preview":"max-video-preview:-1"},"canonical":"https:\/\/pfeifenundzigarren.de\/es\/Produkt\/handgemachte-personalisierte-bruyerepfeife\/","og_locale":"es_ES","og_type":"article","og_title":"Handgemachte personalisierte Bruy\u00e8repfeife","og_description":"&nbsp;","og_url":"https:\/\/pfeifenundzigarren.de\/es\/Produkt\/handgemachte-personalisierte-bruyerepfeife\/","og_site_name":"Der beste Onlineshop f\u00fcr Pfeifen und Zigarrenzubeh\u00f6r in Deutschland","article_modified_time":"2024-09-14T14:03:05+00:00","og_image":[{"width":1000,"height":1000,"url":"https:\/\/pfeifenundzigarren.de\/wp-content\/uploads\/2024\/09\/kf-Sad0699f0752e4e0d86b1b8941ff4560fM-MUXIANG-Briar-Horn-Tobacco-Pipe-Handmade-Vulcanized-Rubber-Pipe-Freestyle-Smoking-Pipe-3mm-Pipe-Channel-Father.webp","type":"image\/webp"}],"twitter_card":"summary_large_image","schema":{"@context":"https:\/\/schema.org","@graph":[{"@type":"WebPage","@id":"https:\/\/pfeifenundzigarren.de\/Produkt\/handgemachte-personalisierte-bruyerepfeife\/","url":"https:\/\/pfeifenundzigarren.de\/Produkt\/handgemachte-personalisierte-bruyerepfeife\/","name":"Handgemachte personalisierte Bruy\u00e8repfeife - Der beste Onlineshop f\u00fcr Pfeifen und Zigarrenzubeh\u00f6r in Deutschland","isPartOf":{"@id":"https:\/\/lime-nightingale-562313.hostingersite.com\/es\/#website"},"primaryImageOfPage":{"@id":"https:\/\/pfeifenundzigarren.de\/Produkt\/handgemachte-personalisierte-bruyerepfeife\/#primaryimage"},"image":{"@id":"https:\/\/pfeifenundzigarren.de\/Produkt\/handgemachte-personalisierte-bruyerepfeife\/#primaryimage"},"thumbnailUrl":"https:\/\/pfeifenundzigarren.de\/wp-content\/uploads\/2024\/09\/kf-Sad0699f0752e4e0d86b1b8941ff4560fM-MUXIANG-Briar-Horn-Tobacco-Pipe-Handmade-Vulcanized-Rubber-Pipe-Freestyle-Smoking-Pipe-3mm-Pipe-Channel-Father.webp","datePublished":"2024-09-14T12:20:47+00:00","dateModified":"2024-09-14T14:03:05+00:00","breadcrumb":{"@id":"https:\/\/pfeifenundzigarren.de\/Produkt\/handgemachte-personalisierte-bruyerepfeife\/#breadcrumb"},"inLanguage":"es","potentialAction":[{"@type":"ReadAction","target":["https:\/\/pfeifenundzigarren.de\/Produkt\/handgemachte-personalisierte-bruyerepfeife\/"]}]},{"@type":"ImageObject","inLanguage":"es","@id":"https:\/\/pfeifenundzigarren.de\/Produkt\/handgemachte-personalisierte-bruyerepfeife\/#primaryimage","url":"https:\/\/pfeifenundzigarren.de\/wp-content\/uploads\/2024\/09\/kf-Sad0699f0752e4e0d86b1b8941ff4560fM-MUXIANG-Briar-Horn-Tobacco-Pipe-Handmade-Vulcanized-Rubber-Pipe-Freestyle-Smoking-Pipe-3mm-Pipe-Channel-Father.webp","contentUrl":"https:\/\/pfeifenundzigarren.de\/wp-content\/uploads\/2024\/09\/kf-Sad0699f0752e4e0d86b1b8941ff4560fM-MUXIANG-Briar-Horn-Tobacco-Pipe-Handmade-Vulcanized-Rubber-Pipe-Freestyle-Smoking-Pipe-3mm-Pipe-Channel-Father.webp","width":1000,"height":1000,"caption":"Handgemachte personalisierte Bruy\u00e8repfeife"},{"@type":"BreadcrumbList","@id":"https:\/\/pfeifenundzigarren.de\/Produkt\/handgemachte-personalisierte-bruyerepfeife\/#breadcrumb","itemListElement":[{"@type":"ListItem","position":1,"name":"Home","item":"https:\/\/lime-nightingale-562313.hostingersite.com\/es\/"},{"@type":"ListItem","position":2,"name":"Shop","item":"https:\/\/lime-nightingale-562313.hostingersite.com\/es\/shop\/"},{"@type":"ListItem","position":3,"name":"Handgemachte personalisierte Bruy\u00e8repfeife"}]},{"@type":"WebSite","@id":"https:\/\/lime-nightingale-562313.hostingersite.com\/es\/#website","url":"https:\/\/lime-nightingale-562313.hostingersite.com\/es\/","name":"La mejor tienda en l\u00ednea de pipas y accesorios para puros de Alemania","description":"","publisher":{"@id":"https:\/\/lime-nightingale-562313.hostingersite.com\/es\/#organization"},"potentialAction":[{"@type":"SearchAction","target":{"@type":"EntryPoint","urlTemplate":"https:\/\/lime-nightingale-562313.hostingersite.com\/es\/?s={search_term_string}"},"query-input":{"@type":"PropertyValueSpecification","valueRequired":true,"valueName":"search_term_string"}}],"inLanguage":"es"},{"@type":"Organization","@id":"https:\/\/lime-nightingale-562313.hostingersite.com\/es\/#organization","name":"La mejor tienda en l\u00ednea de pipas y accesorios para puros de Alemania","url":"https:\/\/lime-nightingale-562313.hostingersite.com\/es\/","logo":{"@type":"ImageObject","inLanguage":"es","@id":"https:\/\/lime-nightingale-562313.hostingersite.com\/es\/#\/schema\/logo\/image\/","url":"https:\/\/pfeifenundzigarren.de\/wp-content\/uploads\/2024\/09\/cropped-Luxury-and-Vintage-Ornamental-Coffee-Shop-Logo.png","contentUrl":"https:\/\/pfeifenundzigarren.de\/wp-content\/uploads\/2024\/09\/cropped-Luxury-and-Vintage-Ornamental-Coffee-Shop-Logo.png","width":512,"height":512,"caption":"Der beste Onlineshop f\u00fcr Pfeifen und Zigarrenzubeh\u00f6r in Deutschland"},"image":{"@id":"https:\/\/lime-nightingale-562313.hostingersite.com\/es\/#\/schema\/logo\/image\/"}}]}},"_links":{"self":[{"href":"https:\/\/pfeifenundzigarren.de\/es\/wp-json\/wp\/v2\/product\/2912","targetHints":{"allow":["GET"]}}],"collection":[{"href":"https:\/\/pfeifenundzigarren.de\/es\/wp-json\/wp\/v2\/product"}],"about":[{"href":"https:\/\/pfeifenundzigarren.de\/es\/wp-json\/wp\/v2\/types\/product"}],"replies":[{"embeddable":true,"href":"https:\/\/pfeifenundzigarren.de\/es\/wp-json\/wp\/v2\/comments?post=2912"}],"version-history":[{"count":0,"href":"https:\/\/pfeifenundzigarren.de\/es\/wp-json\/wp\/v2\/product\/2912\/revisions"}],"wp:featuredmedia":[{"embeddable":true,"href":"https:\/\/pfeifenundzigarren.de\/es\/wp-json\/wp\/v2\/media\/2913"}],"wp:attachment":[{"href":"https:\/\/pfeifenundzigarren.de\/es\/wp-json\/wp\/v2\/media?parent=2912"}],"wp:term":[{"taxonomy":"product_brand","embeddable":true,"href":"https:\/\/pfeifenundzigarren.de\/es\/wp-json\/wp\/v2\/product_brand?post=2912"},{"taxonomy":"product_cat","embeddable":true,"href":"https:\/\/pfeifenundzigarren.de\/es\/wp-json\/wp\/v2\/product_cat?post=2912"},{"taxonomy":"product_tag","embeddable":true,"href":"https:\/\/pfeifenundzigarren.de\/es\/wp-json\/wp\/v2\/product_tag?post=2912"}],"curies":[{"name":"wp","href":"https:\/\/api.w.org\/{rel}","templated":true}]}}