{"id":2894,"date":"2024-09-14T12:07:16","date_gmt":"2024-09-14T10:07:16","guid":{"rendered":"https:\/\/pfeifenundzigarren.de\/Produkt\/handgefertigte-sandstrahlpfeife-mit-geschnitztem-gebogenem-griff\/"},"modified":"2026-02-04T08:51:07","modified_gmt":"2026-02-04T07:51:07","slug":"handgefertigte-sandstrahlpfeife-mit-geschnitztem-gebogenem-griff","status":"publish","type":"product","link":"https:\/\/pfeifenundzigarren.de\/es\/Produkt\/handgefertigte-sandstrahlpfeife-mit-geschnitztem-gebogenem-griff\/","title":{"rendered":"Pipa de chorro de arena hecha a mano con mango curvo tallado"},"content":{"rendered":"<p>El alma de este<strong> Tuber\u00eda de chorro de arena<\/strong> radica en su exclusivo proceso de arenado. Mediante el arenado, eliminamos con precisi\u00f3n las zonas m\u00e1s blandas y superfluas de la madera de brezo y, al mismo tiempo, conservamos el llamativo y duro veteado.<\/p>\n<p>Hemos hecho grandes progresos en la reducci\u00f3n del peso. No te cansar\u00e1s ni siquiera cuando juegues durante largos periodos, ya que el peso se ha reducido en torno a 15-20 % para el mismo tama\u00f1o.<\/p>\n<p>Como representante de la <a href=\"https:\/\/pfeifenundzigarren.de\/es\/produktkategorie\/pfeife\/freehand-pfeifen\/\"><strong>Tuber\u00edas a mano alzada<\/strong> <\/a>de MUXIANG, hemos dado el dise\u00f1o de la boquilla de este<strong> Tuber\u00eda de chorro de arena<\/strong> el mayor cuidado.<\/p>\n<p>Preservar la belleza natural del <strong>tubo de brezo con chorro de arena<\/strong> hemos dotado a la boquilla de una artesan\u00eda de filigrana. Est\u00e1 hecha de acr\u00edlico de alta calidad, y hemos a\u00f1adido art\u00edsticos anillos de plata torneados a mano en el punto de conexi\u00f3n, que crean una atractiva transici\u00f3n visual entre la superficie arenada y la boquilla.<\/p>\n<p>Adem\u00e1s, sabemos que el alma de un excelente <strong>Pipa con anillo de plata<\/strong> en el conducto de aire. Desarrollamos cuidadosamente la estructura \u00f3ptima del canal de aire y nos esforzamos por conseguir formas \u00fanicas. Cada boquilla se personaliza para garantizar una combinaci\u00f3n perfecta de forma y flujo de aire, haciendo que cada calada sea un placer.<\/p>\n<p><img decoding=\"async\" src=\"https:\/\/ae01.alicdn.com\/kf\/Se2fc3a9aa19846fdbe27450a71b128b4U.jpg\" alt=\"\"><img decoding=\"async\" src=\"https:\/\/ae01.alicdn.com\/kf\/Sa92b0814087d49c8a9531185013696f0N.jpg\" alt=\"\"><img decoding=\"async\" src=\"https:\/\/ae01.alicdn.com\/kf\/Scea65495bafa4251a0f1db5dc56b2f29z.jpg\" alt=\"\"><img decoding=\"async\" src=\"https:\/\/ae01.alicdn.com\/kf\/Sce3c3235251e464a882760ef39e2cac5n.jpg\" alt=\"\"><img decoding=\"async\" src=\"https:\/\/ae01.alicdn.com\/kf\/Sdff0aa81e5b44bcfacb1b98310e4ba902.jpg\" alt=\"\"><img decoding=\"async\" src=\"https:\/\/ae01.alicdn.com\/kf\/Sf615e6ae63b142b39c579d2ec30bdfe20.jpg\" alt=\"\"><img decoding=\"async\" src=\"https:\/\/ae01.alicdn.com\/kf\/Sd0c4bac9e7c741bdb1718dbfda1f251aP.jpg\" alt=\"\"><img decoding=\"async\" src=\"https:\/\/ae01.alicdn.com\/kf\/Scda375f0b0a14ed7b714c53a37c45155D.jpg\" alt=\"\"><\/p>","protected":false},"excerpt":{"rendered":"<p>Die Seele dieser Sandstrahlpfeife liegt in ihrem einzigartigen Sandstrahlverfahren. Durch das Sandstrahlen entfernen wir pr\u00e4zise die weicheren, \u00fcberfl\u00fcssigen Bereiche des<\/p>","protected":false},"featured_media":2895,"comment_status":"open","ping_status":"closed","template":"","meta":[],"product_brand":[],"product_cat":[86],"product_tag":[],"class_list":{"0":"post-2894","1":"product","2":"type-product","3":"status-publish","4":"has-post-thumbnail","6":"product_cat-bruyere-pfeifen","8":"first","9":"instock","10":"sale","11":"shipping-taxable","12":"purchasable","13":"product-type-variable","14":"wvs-archive-product-wrapper"},"yoast_head":"<!-- This site is optimized with the Yoast SEO Premium plugin v26.7 (Yoast SEO v26.7) - https:\/\/yoast.com\/wordpress\/plugins\/seo\/ -->\n<title>Handgefertigte Sandstrahlpfeife mit geschnitztem, gebogenem Griff - Der beste Onlineshop f\u00fcr Pfeifen und Zigarrenzubeh\u00f6r in Deutschland<\/title>\n<meta name=\"robots\" content=\"index, follow, max-snippet:-1, max-image-preview:large, max-video-preview:-1\" \/>\n<link rel=\"canonical\" href=\"https:\/\/pfeifenundzigarren.de\/es\/Produkt\/handgefertigte-sandstrahlpfeife-mit-geschnitztem-gebogenem-griff\/\" \/>\n<meta property=\"og:locale\" content=\"es_ES\" \/>\n<meta property=\"og:type\" content=\"article\" \/>\n<meta property=\"og:title\" content=\"Handgefertigte Sandstrahlpfeife mit geschnitztem, gebogenem Griff\" \/>\n<meta property=\"og:description\" content=\"Die Seele dieser Sandstrahlpfeife liegt in ihrem einzigartigen Sandstrahlverfahren. Durch das Sandstrahlen entfernen wir pr\u00e4zise die weicheren, \u00fcberfl\u00fcssigen Bereiche des\" \/>\n<meta property=\"og:url\" content=\"https:\/\/pfeifenundzigarren.de\/es\/Produkt\/handgefertigte-sandstrahlpfeife-mit-geschnitztem-gebogenem-griff\/\" \/>\n<meta property=\"og:site_name\" content=\"Der beste Onlineshop f\u00fcr Pfeifen und Zigarrenzubeh\u00f6r in Deutschland\" \/>\n<meta property=\"article:modified_time\" content=\"2026-02-04T07:51:07+00:00\" \/>\n<meta property=\"og:image\" content=\"https:\/\/pfeifenundzigarren.de\/wp-content\/uploads\/2024\/09\/kf-Scda375f0b0a14ed7b714c53a37c45155D-JIBILL-briar-tobacco-pipe-hand-carved-sandblasted-pipe-curved-handle-flower-pipe-Castro-large-pipe-20mm.webp\" \/>\n\t<meta property=\"og:image:width\" content=\"800\" \/>\n\t<meta property=\"og:image:height\" content=\"800\" \/>\n\t<meta property=\"og:image:type\" content=\"image\/webp\" \/>\n<meta name=\"twitter:card\" content=\"summary_large_image\" \/>\n<meta name=\"twitter:label1\" content=\"Tiempo de lectura\" \/>\n\t<meta name=\"twitter:data1\" content=\"3 minutos\" \/>\n<script type=\"application\/ld+json\" class=\"yoast-schema-graph\">{\"@context\":\"https:\/\/schema.org\",\"@graph\":[{\"@type\":\"WebPage\",\"@id\":\"https:\/\/pfeifenundzigarren.de\/es\/Produkt\/handgefertigte-sandstrahlpfeife-mit-geschnitztem-gebogenem-griff\/\",\"url\":\"https:\/\/pfeifenundzigarren.de\/es\/Produkt\/handgefertigte-sandstrahlpfeife-mit-geschnitztem-gebogenem-griff\/\",\"name\":\"Handgefertigte Sandstrahlpfeife mit geschnitztem, gebogenem Griff - Der beste Onlineshop f\u00fcr Pfeifen und Zigarrenzubeh\u00f6r in Deutschland\",\"isPartOf\":{\"@id\":\"https:\/\/lime-nightingale-562313.hostingersite.com\/es\/#website\"},\"primaryImageOfPage\":{\"@id\":\"https:\/\/pfeifenundzigarren.de\/es\/Produkt\/handgefertigte-sandstrahlpfeife-mit-geschnitztem-gebogenem-griff\/#primaryimage\"},\"image\":{\"@id\":\"https:\/\/pfeifenundzigarren.de\/es\/Produkt\/handgefertigte-sandstrahlpfeife-mit-geschnitztem-gebogenem-griff\/#primaryimage\"},\"thumbnailUrl\":\"https:\/\/pfeifenundzigarren.de\/wp-content\/uploads\/2024\/09\/kf-Scda375f0b0a14ed7b714c53a37c45155D-JIBILL-briar-tobacco-pipe-hand-carved-sandblasted-pipe-curved-handle-flower-pipe-Castro-large-pipe-20mm.webp\",\"datePublished\":\"2024-09-14T10:07:16+00:00\",\"dateModified\":\"2026-02-04T07:51:07+00:00\",\"breadcrumb\":{\"@id\":\"https:\/\/pfeifenundzigarren.de\/es\/Produkt\/handgefertigte-sandstrahlpfeife-mit-geschnitztem-gebogenem-griff\/#breadcrumb\"},\"inLanguage\":\"es\",\"potentialAction\":[{\"@type\":\"ReadAction\",\"target\":[\"https:\/\/pfeifenundzigarren.de\/es\/Produkt\/handgefertigte-sandstrahlpfeife-mit-geschnitztem-gebogenem-griff\/\"]}]},{\"@type\":\"ImageObject\",\"inLanguage\":\"es\",\"@id\":\"https:\/\/pfeifenundzigarren.de\/es\/Produkt\/handgefertigte-sandstrahlpfeife-mit-geschnitztem-gebogenem-griff\/#primaryimage\",\"url\":\"https:\/\/pfeifenundzigarren.de\/wp-content\/uploads\/2024\/09\/kf-Scda375f0b0a14ed7b714c53a37c45155D-JIBILL-briar-tobacco-pipe-hand-carved-sandblasted-pipe-curved-handle-flower-pipe-Castro-large-pipe-20mm.webp\",\"contentUrl\":\"https:\/\/pfeifenundzigarren.de\/wp-content\/uploads\/2024\/09\/kf-Scda375f0b0a14ed7b714c53a37c45155D-JIBILL-briar-tobacco-pipe-hand-carved-sandblasted-pipe-curved-handle-flower-pipe-Castro-large-pipe-20mm.webp\",\"width\":800,\"height\":800},{\"@type\":\"BreadcrumbList\",\"@id\":\"https:\/\/pfeifenundzigarren.de\/es\/Produkt\/handgefertigte-sandstrahlpfeife-mit-geschnitztem-gebogenem-griff\/#breadcrumb\",\"itemListElement\":[{\"@type\":\"ListItem\",\"position\":1,\"name\":\"Home\",\"item\":\"https:\/\/lime-nightingale-562313.hostingersite.com\/es\/\"},{\"@type\":\"ListItem\",\"position\":2,\"name\":\"Shop\",\"item\":\"https:\/\/lime-nightingale-562313.hostingersite.com\/es\/shop\/\"},{\"@type\":\"ListItem\",\"position\":3,\"name\":\"Handgefertigte Sandstrahlpfeife mit geschnitztem, gebogenem Griff\"}]},{\"@type\":\"WebSite\",\"@id\":\"https:\/\/lime-nightingale-562313.hostingersite.com\/es\/#website\",\"url\":\"https:\/\/lime-nightingale-562313.hostingersite.com\/es\/\",\"name\":\"Der beste Onlineshop f\u00fcr Pfeifen und Zigarrenzubeh\u00f6r in Deutschland\",\"description\":\"\",\"publisher\":{\"@id\":\"https:\/\/lime-nightingale-562313.hostingersite.com\/es\/#organization\"},\"potentialAction\":[{\"@type\":\"SearchAction\",\"target\":{\"@type\":\"EntryPoint\",\"urlTemplate\":\"https:\/\/lime-nightingale-562313.hostingersite.com\/es\/?s={search_term_string}\"},\"query-input\":{\"@type\":\"PropertyValueSpecification\",\"valueRequired\":true,\"valueName\":\"search_term_string\"}}],\"inLanguage\":\"es\"},{\"@type\":\"Organization\",\"@id\":\"https:\/\/lime-nightingale-562313.hostingersite.com\/es\/#organization\",\"name\":\"Der beste Onlineshop f\u00fcr Pfeifen und Zigarrenzubeh\u00f6r in Deutschland\",\"url\":\"https:\/\/lime-nightingale-562313.hostingersite.com\/es\/\",\"logo\":{\"@type\":\"ImageObject\",\"inLanguage\":\"es\",\"@id\":\"https:\/\/lime-nightingale-562313.hostingersite.com\/es\/#\/schema\/logo\/image\/\",\"url\":\"https:\/\/pfeifenundzigarren.de\/wp-content\/uploads\/2024\/09\/cropped-Luxury-and-Vintage-Ornamental-Coffee-Shop-Logo.png\",\"contentUrl\":\"https:\/\/pfeifenundzigarren.de\/wp-content\/uploads\/2024\/09\/cropped-Luxury-and-Vintage-Ornamental-Coffee-Shop-Logo.png\",\"width\":512,\"height\":512,\"caption\":\"Der beste Onlineshop f\u00fcr Pfeifen und Zigarrenzubeh\u00f6r in Deutschland\"},\"image\":{\"@id\":\"https:\/\/lime-nightingale-562313.hostingersite.com\/es\/#\/schema\/logo\/image\/\"}}]}<\/script>\n<!-- \/ Yoast SEO Premium plugin. -->","yoast_head_json":{"title":"Handgefertigte Sandstrahlpfeife mit geschnitztem, gebogenem Griff - Der beste Onlineshop f\u00fcr Pfeifen und Zigarrenzubeh\u00f6r in Deutschland","robots":{"index":"index","follow":"follow","max-snippet":"max-snippet:-1","max-image-preview":"max-image-preview:large","max-video-preview":"max-video-preview:-1"},"canonical":"https:\/\/pfeifenundzigarren.de\/es\/Produkt\/handgefertigte-sandstrahlpfeife-mit-geschnitztem-gebogenem-griff\/","og_locale":"es_ES","og_type":"article","og_title":"Handgefertigte Sandstrahlpfeife mit geschnitztem, gebogenem Griff","og_description":"Die Seele dieser Sandstrahlpfeife liegt in ihrem einzigartigen Sandstrahlverfahren. Durch das Sandstrahlen entfernen wir pr\u00e4zise die weicheren, \u00fcberfl\u00fcssigen Bereiche des","og_url":"https:\/\/pfeifenundzigarren.de\/es\/Produkt\/handgefertigte-sandstrahlpfeife-mit-geschnitztem-gebogenem-griff\/","og_site_name":"Der beste Onlineshop f\u00fcr Pfeifen und Zigarrenzubeh\u00f6r in Deutschland","article_modified_time":"2026-02-04T07:51:07+00:00","og_image":[{"width":800,"height":800,"url":"https:\/\/pfeifenundzigarren.de\/wp-content\/uploads\/2024\/09\/kf-Scda375f0b0a14ed7b714c53a37c45155D-JIBILL-briar-tobacco-pipe-hand-carved-sandblasted-pipe-curved-handle-flower-pipe-Castro-large-pipe-20mm.webp","type":"image\/webp"}],"twitter_card":"summary_large_image","twitter_misc":{"Tiempo de lectura":"3 minutos"},"schema":{"@context":"https:\/\/schema.org","@graph":[{"@type":"WebPage","@id":"https:\/\/pfeifenundzigarren.de\/es\/Produkt\/handgefertigte-sandstrahlpfeife-mit-geschnitztem-gebogenem-griff\/","url":"https:\/\/pfeifenundzigarren.de\/es\/Produkt\/handgefertigte-sandstrahlpfeife-mit-geschnitztem-gebogenem-griff\/","name":"Handgefertigte Sandstrahlpfeife mit geschnitztem, gebogenem Griff - Der beste Onlineshop f\u00fcr Pfeifen und Zigarrenzubeh\u00f6r in Deutschland","isPartOf":{"@id":"https:\/\/lime-nightingale-562313.hostingersite.com\/es\/#website"},"primaryImageOfPage":{"@id":"https:\/\/pfeifenundzigarren.de\/es\/Produkt\/handgefertigte-sandstrahlpfeife-mit-geschnitztem-gebogenem-griff\/#primaryimage"},"image":{"@id":"https:\/\/pfeifenundzigarren.de\/es\/Produkt\/handgefertigte-sandstrahlpfeife-mit-geschnitztem-gebogenem-griff\/#primaryimage"},"thumbnailUrl":"https:\/\/pfeifenundzigarren.de\/wp-content\/uploads\/2024\/09\/kf-Scda375f0b0a14ed7b714c53a37c45155D-JIBILL-briar-tobacco-pipe-hand-carved-sandblasted-pipe-curved-handle-flower-pipe-Castro-large-pipe-20mm.webp","datePublished":"2024-09-14T10:07:16+00:00","dateModified":"2026-02-04T07:51:07+00:00","breadcrumb":{"@id":"https:\/\/pfeifenundzigarren.de\/es\/Produkt\/handgefertigte-sandstrahlpfeife-mit-geschnitztem-gebogenem-griff\/#breadcrumb"},"inLanguage":"es","potentialAction":[{"@type":"ReadAction","target":["https:\/\/pfeifenundzigarren.de\/es\/Produkt\/handgefertigte-sandstrahlpfeife-mit-geschnitztem-gebogenem-griff\/"]}]},{"@type":"ImageObject","inLanguage":"es","@id":"https:\/\/pfeifenundzigarren.de\/es\/Produkt\/handgefertigte-sandstrahlpfeife-mit-geschnitztem-gebogenem-griff\/#primaryimage","url":"https:\/\/pfeifenundzigarren.de\/wp-content\/uploads\/2024\/09\/kf-Scda375f0b0a14ed7b714c53a37c45155D-JIBILL-briar-tobacco-pipe-hand-carved-sandblasted-pipe-curved-handle-flower-pipe-Castro-large-pipe-20mm.webp","contentUrl":"https:\/\/pfeifenundzigarren.de\/wp-content\/uploads\/2024\/09\/kf-Scda375f0b0a14ed7b714c53a37c45155D-JIBILL-briar-tobacco-pipe-hand-carved-sandblasted-pipe-curved-handle-flower-pipe-Castro-large-pipe-20mm.webp","width":800,"height":800},{"@type":"BreadcrumbList","@id":"https:\/\/pfeifenundzigarren.de\/es\/Produkt\/handgefertigte-sandstrahlpfeife-mit-geschnitztem-gebogenem-griff\/#breadcrumb","itemListElement":[{"@type":"ListItem","position":1,"name":"Home","item":"https:\/\/lime-nightingale-562313.hostingersite.com\/es\/"},{"@type":"ListItem","position":2,"name":"Shop","item":"https:\/\/lime-nightingale-562313.hostingersite.com\/es\/shop\/"},{"@type":"ListItem","position":3,"name":"Handgefertigte Sandstrahlpfeife mit geschnitztem, gebogenem Griff"}]},{"@type":"WebSite","@id":"https:\/\/lime-nightingale-562313.hostingersite.com\/es\/#website","url":"https:\/\/lime-nightingale-562313.hostingersite.com\/es\/","name":"La mejor tienda en l\u00ednea de pipas y accesorios para puros de Alemania","description":"","publisher":{"@id":"https:\/\/lime-nightingale-562313.hostingersite.com\/es\/#organization"},"potentialAction":[{"@type":"SearchAction","target":{"@type":"EntryPoint","urlTemplate":"https:\/\/lime-nightingale-562313.hostingersite.com\/es\/?s={search_term_string}"},"query-input":{"@type":"PropertyValueSpecification","valueRequired":true,"valueName":"search_term_string"}}],"inLanguage":"es"},{"@type":"Organization","@id":"https:\/\/lime-nightingale-562313.hostingersite.com\/es\/#organization","name":"La mejor tienda en l\u00ednea de pipas y accesorios para puros de Alemania","url":"https:\/\/lime-nightingale-562313.hostingersite.com\/es\/","logo":{"@type":"ImageObject","inLanguage":"es","@id":"https:\/\/lime-nightingale-562313.hostingersite.com\/es\/#\/schema\/logo\/image\/","url":"https:\/\/pfeifenundzigarren.de\/wp-content\/uploads\/2024\/09\/cropped-Luxury-and-Vintage-Ornamental-Coffee-Shop-Logo.png","contentUrl":"https:\/\/pfeifenundzigarren.de\/wp-content\/uploads\/2024\/09\/cropped-Luxury-and-Vintage-Ornamental-Coffee-Shop-Logo.png","width":512,"height":512,"caption":"Der beste Onlineshop f\u00fcr Pfeifen und Zigarrenzubeh\u00f6r in Deutschland"},"image":{"@id":"https:\/\/lime-nightingale-562313.hostingersite.com\/es\/#\/schema\/logo\/image\/"}}]}},"_links":{"self":[{"href":"https:\/\/pfeifenundzigarren.de\/es\/wp-json\/wp\/v2\/product\/2894","targetHints":{"allow":["GET"]}}],"collection":[{"href":"https:\/\/pfeifenundzigarren.de\/es\/wp-json\/wp\/v2\/product"}],"about":[{"href":"https:\/\/pfeifenundzigarren.de\/es\/wp-json\/wp\/v2\/types\/product"}],"replies":[{"embeddable":true,"href":"https:\/\/pfeifenundzigarren.de\/es\/wp-json\/wp\/v2\/comments?post=2894"}],"version-history":[{"count":0,"href":"https:\/\/pfeifenundzigarren.de\/es\/wp-json\/wp\/v2\/product\/2894\/revisions"}],"wp:featuredmedia":[{"embeddable":true,"href":"https:\/\/pfeifenundzigarren.de\/es\/wp-json\/wp\/v2\/media\/2895"}],"wp:attachment":[{"href":"https:\/\/pfeifenundzigarren.de\/es\/wp-json\/wp\/v2\/media?parent=2894"}],"wp:term":[{"taxonomy":"product_brand","embeddable":true,"href":"https:\/\/pfeifenundzigarren.de\/es\/wp-json\/wp\/v2\/product_brand?post=2894"},{"taxonomy":"product_cat","embeddable":true,"href":"https:\/\/pfeifenundzigarren.de\/es\/wp-json\/wp\/v2\/product_cat?post=2894"},{"taxonomy":"product_tag","embeddable":true,"href":"https:\/\/pfeifenundzigarren.de\/es\/wp-json\/wp\/v2\/product_tag?post=2894"}],"curies":[{"name":"wp","href":"https:\/\/api.w.org\/{rel}","templated":true}]}}