{"id":2875,"date":"2024-09-14T11:53:48","date_gmt":"2024-09-14T09:53:48","guid":{"rendered":"https:\/\/pfeifenundzigarren.de\/Produkt\/handgefertigte-bruyere-pfeife-mit-dicker-schale-und-tomatenform\/"},"modified":"2024-09-14T12:00:29","modified_gmt":"2024-09-14T10:00:29","slug":"handgefertigte-bruyere-pfeife-mit-dicker-schale-und-tomatenform","status":"publish","type":"product","link":"https:\/\/pfeifenundzigarren.de\/es\/Produkt\/handgefertigte-bruyere-pfeife-mit-dicker-schale-und-tomatenform\/","title":{"rendered":"Pipa de brezo hecha a mano con cazoleta gruesa y forma de tomate"},"content":{"rendered":"<div class=\"product-specs-list-container\">\n<ul class=\"product-specs-list util-clearfix\">\n<li><strong>Longitud de la boquilla:<\/strong>\u00a056,6 mm (2,23 pulgadas)<\/li>\n<li><strong>Di\u00e1metro interior:<\/strong>\u00a020 mm (0,79 pulgadas)<\/li>\n<li><strong>Di\u00e1metro exterior:<\/strong>\u00a045,7 mm (1,80 pulgadas)<\/li>\n<li><strong>Profundidad de la cabeza:<\/strong>\u00a035 mm (1,37 pulgadas)<\/li>\n<li><strong>Altura:<\/strong>\u00a040,5 mm (1,59 pulgadas)<\/li>\n<li><strong>Longitud total:<\/strong>\u00a0131,5 mm (5,18 pulgadas)<\/li>\n<li><strong>Peso:<\/strong>\u00a064 g<\/li>\n<li class=\"product-prop line-limit-length\"><\/li>\n<\/ul>\n<\/div>\n<p>&nbsp;<\/p>\n<p><img decoding=\"async\" src=\"https:\/\/ae01.alicdn.com\/kf\/S65cf18c74048431093ef2d2c4d670879x.jpg\" alt=\"\"><img decoding=\"async\" src=\"https:\/\/ae01.alicdn.com\/kf\/Sa2f752a04ef24a00a19972e2e3deda93O.jpg\" alt=\"\"><img decoding=\"async\" src=\"https:\/\/ae01.alicdn.com\/kf\/S2af5f8dcfe55457d975210c94f347caac.jpg\" alt=\"\"><img decoding=\"async\" src=\"https:\/\/ae01.alicdn.com\/kf\/S5a66235867a548208f0981d6322f2e61Z.jpg\" alt=\"\"><img decoding=\"async\" src=\"https:\/\/ae01.alicdn.com\/kf\/S5092f39a343b4b90b6ddc16a13bc12ec6.jpg\" alt=\"\"><img decoding=\"async\" src=\"https:\/\/ae01.alicdn.com\/kf\/S3b7a9cc892db449fa0bad6eab85321e2p.jpg\" alt=\"\"><img decoding=\"async\" src=\"https:\/\/ae01.alicdn.com\/kf\/S54bb4805a59d4816a0e0a4666444089cH.jpg\" alt=\"\"><img decoding=\"async\" src=\"https:\/\/ae01.alicdn.com\/kf\/S51f1d8d1aef34d78baae0debb5614e3e5.jpg\" alt=\"\"><img decoding=\"async\" src=\"https:\/\/ae01.alicdn.com\/kf\/S72e3667923594e7fbfcf3ea93661a6f3R.jpg\" alt=\"\"><img decoding=\"async\" src=\"https:\/\/ae01.alicdn.com\/kf\/S4b57598ed860443e8e86428ace5d3f04f.jpg\" alt=\"\"><\/p>","protected":false},"excerpt":{"rendered":"<p>Longitud de la boquilla: 56,6 mm (2,23 pulgadas) Di\u00e1metro interior: 20 mm (0,79 pulgadas) Di\u00e1metro exterior: 45,7 mm (1,80 pulgadas) Profundidad del cabezal: 35 mm (1,37 pulgadas)<\/p>","protected":false},"featured_media":2876,"comment_status":"open","ping_status":"closed","template":"","meta":[],"product_brand":[],"product_cat":[86],"product_tag":[],"class_list":{"0":"post-2875","1":"product","2":"type-product","3":"status-publish","4":"has-post-thumbnail","6":"product_cat-bruyere-pfeifen","8":"first","9":"instock","10":"sale","11":"shipping-taxable","12":"purchasable","13":"product-type-variable","14":"wvs-archive-product-wrapper"},"yoast_head":"<!-- This site is optimized with the Yoast SEO Premium plugin v26.7 (Yoast SEO v26.7) - https:\/\/yoast.com\/wordpress\/plugins\/seo\/ -->\n<title>Handgefertigte Bruy\u00e8re-Pfeife mit dicker Schale und Tomatenform - Der beste Onlineshop f\u00fcr Pfeifen und Zigarrenzubeh\u00f6r in Deutschland<\/title>\n<meta name=\"robots\" content=\"index, follow, max-snippet:-1, max-image-preview:large, max-video-preview:-1\" \/>\n<link rel=\"canonical\" href=\"https:\/\/pfeifenundzigarren.de\/es\/Produkt\/handgefertigte-bruyere-pfeife-mit-dicker-schale-und-tomatenform\/\" \/>\n<meta property=\"og:locale\" content=\"es_ES\" \/>\n<meta property=\"og:type\" content=\"article\" \/>\n<meta property=\"og:title\" content=\"Handgefertigte Bruy\u00e8re-Pfeife mit dicker Schale und Tomatenform\" \/>\n<meta property=\"og:description\" content=\"L\u00e4nge des Mundst\u00fccks:\u00a02,23 Zoll (56,6 mm) Innendurchmesser:\u00a00,79 Zoll (20 mm) Au\u00dfendurchmesser:\u00a01,80 Zoll (45,7 mm) Tiefe des Kopfes:\u00a01,37 Zoll (35 mm)\" \/>\n<meta property=\"og:url\" content=\"https:\/\/pfeifenundzigarren.de\/es\/Produkt\/handgefertigte-bruyere-pfeife-mit-dicker-schale-und-tomatenform\/\" \/>\n<meta property=\"og:site_name\" content=\"Der beste Onlineshop f\u00fcr Pfeifen und Zigarrenzubeh\u00f6r in Deutschland\" \/>\n<meta property=\"article:modified_time\" content=\"2024-09-14T10:00:29+00:00\" \/>\n<meta property=\"og:image\" content=\"https:\/\/pfeifenundzigarren.de\/wp-content\/uploads\/2024\/09\/kf-S4b57598ed860443e8e86428ace5d3f04f-MUXIANG-briar-Wood-Handmade-Tobacco-Pipe-Tomato-Pipe-Thick-Bowl-Wall-Bowl-Diameter-20mm-father-Gift.webp\" \/>\n\t<meta property=\"og:image:width\" content=\"1000\" \/>\n\t<meta property=\"og:image:height\" content=\"1000\" \/>\n\t<meta property=\"og:image:type\" content=\"image\/webp\" \/>\n<meta name=\"twitter:card\" content=\"summary_large_image\" \/>\n<script type=\"application\/ld+json\" class=\"yoast-schema-graph\">{\"@context\":\"https:\/\/schema.org\",\"@graph\":[{\"@type\":\"WebPage\",\"@id\":\"https:\/\/pfeifenundzigarren.de\/es\/Produkt\/handgefertigte-bruyere-pfeife-mit-dicker-schale-und-tomatenform\/\",\"url\":\"https:\/\/pfeifenundzigarren.de\/es\/Produkt\/handgefertigte-bruyere-pfeife-mit-dicker-schale-und-tomatenform\/\",\"name\":\"Handgefertigte Bruy\u00e8re-Pfeife mit dicker Schale und Tomatenform - Der beste Onlineshop f\u00fcr Pfeifen und Zigarrenzubeh\u00f6r in Deutschland\",\"isPartOf\":{\"@id\":\"https:\/\/lime-nightingale-562313.hostingersite.com\/es\/#website\"},\"primaryImageOfPage\":{\"@id\":\"https:\/\/pfeifenundzigarren.de\/es\/Produkt\/handgefertigte-bruyere-pfeife-mit-dicker-schale-und-tomatenform\/#primaryimage\"},\"image\":{\"@id\":\"https:\/\/pfeifenundzigarren.de\/es\/Produkt\/handgefertigte-bruyere-pfeife-mit-dicker-schale-und-tomatenform\/#primaryimage\"},\"thumbnailUrl\":\"https:\/\/pfeifenundzigarren.de\/wp-content\/uploads\/2024\/09\/kf-S4b57598ed860443e8e86428ace5d3f04f-MUXIANG-briar-Wood-Handmade-Tobacco-Pipe-Tomato-Pipe-Thick-Bowl-Wall-Bowl-Diameter-20mm-father-Gift.webp\",\"datePublished\":\"2024-09-14T09:53:48+00:00\",\"dateModified\":\"2024-09-14T10:00:29+00:00\",\"breadcrumb\":{\"@id\":\"https:\/\/pfeifenundzigarren.de\/es\/Produkt\/handgefertigte-bruyere-pfeife-mit-dicker-schale-und-tomatenform\/#breadcrumb\"},\"inLanguage\":\"es\",\"potentialAction\":[{\"@type\":\"ReadAction\",\"target\":[\"https:\/\/pfeifenundzigarren.de\/es\/Produkt\/handgefertigte-bruyere-pfeife-mit-dicker-schale-und-tomatenform\/\"]}]},{\"@type\":\"ImageObject\",\"inLanguage\":\"es\",\"@id\":\"https:\/\/pfeifenundzigarren.de\/es\/Produkt\/handgefertigte-bruyere-pfeife-mit-dicker-schale-und-tomatenform\/#primaryimage\",\"url\":\"https:\/\/pfeifenundzigarren.de\/wp-content\/uploads\/2024\/09\/kf-S4b57598ed860443e8e86428ace5d3f04f-MUXIANG-briar-Wood-Handmade-Tobacco-Pipe-Tomato-Pipe-Thick-Bowl-Wall-Bowl-Diameter-20mm-father-Gift.webp\",\"contentUrl\":\"https:\/\/pfeifenundzigarren.de\/wp-content\/uploads\/2024\/09\/kf-S4b57598ed860443e8e86428ace5d3f04f-MUXIANG-briar-Wood-Handmade-Tobacco-Pipe-Tomato-Pipe-Thick-Bowl-Wall-Bowl-Diameter-20mm-father-Gift.webp\",\"width\":1000,\"height\":1000,\"caption\":\"Handgefertigte Bruy\u00e8re-Pfeife mit dicker Schale und Tomatenform\"},{\"@type\":\"BreadcrumbList\",\"@id\":\"https:\/\/pfeifenundzigarren.de\/es\/Produkt\/handgefertigte-bruyere-pfeife-mit-dicker-schale-und-tomatenform\/#breadcrumb\",\"itemListElement\":[{\"@type\":\"ListItem\",\"position\":1,\"name\":\"Home\",\"item\":\"https:\/\/lime-nightingale-562313.hostingersite.com\/es\/\"},{\"@type\":\"ListItem\",\"position\":2,\"name\":\"Shop\",\"item\":\"https:\/\/lime-nightingale-562313.hostingersite.com\/es\/shop\/\"},{\"@type\":\"ListItem\",\"position\":3,\"name\":\"Handgefertigte Bruy\u00e8re-Pfeife mit dicker Schale und Tomatenform\"}]},{\"@type\":\"WebSite\",\"@id\":\"https:\/\/lime-nightingale-562313.hostingersite.com\/es\/#website\",\"url\":\"https:\/\/lime-nightingale-562313.hostingersite.com\/es\/\",\"name\":\"Der beste Onlineshop f\u00fcr Pfeifen und Zigarrenzubeh\u00f6r in Deutschland\",\"description\":\"\",\"publisher\":{\"@id\":\"https:\/\/lime-nightingale-562313.hostingersite.com\/es\/#organization\"},\"potentialAction\":[{\"@type\":\"SearchAction\",\"target\":{\"@type\":\"EntryPoint\",\"urlTemplate\":\"https:\/\/lime-nightingale-562313.hostingersite.com\/es\/?s={search_term_string}\"},\"query-input\":{\"@type\":\"PropertyValueSpecification\",\"valueRequired\":true,\"valueName\":\"search_term_string\"}}],\"inLanguage\":\"es\"},{\"@type\":\"Organization\",\"@id\":\"https:\/\/lime-nightingale-562313.hostingersite.com\/es\/#organization\",\"name\":\"Der beste Onlineshop f\u00fcr Pfeifen und Zigarrenzubeh\u00f6r in Deutschland\",\"url\":\"https:\/\/lime-nightingale-562313.hostingersite.com\/es\/\",\"logo\":{\"@type\":\"ImageObject\",\"inLanguage\":\"es\",\"@id\":\"https:\/\/lime-nightingale-562313.hostingersite.com\/es\/#\/schema\/logo\/image\/\",\"url\":\"https:\/\/pfeifenundzigarren.de\/wp-content\/uploads\/2024\/09\/cropped-Luxury-and-Vintage-Ornamental-Coffee-Shop-Logo.png\",\"contentUrl\":\"https:\/\/pfeifenundzigarren.de\/wp-content\/uploads\/2024\/09\/cropped-Luxury-and-Vintage-Ornamental-Coffee-Shop-Logo.png\",\"width\":512,\"height\":512,\"caption\":\"Der beste Onlineshop f\u00fcr Pfeifen und Zigarrenzubeh\u00f6r in Deutschland\"},\"image\":{\"@id\":\"https:\/\/lime-nightingale-562313.hostingersite.com\/es\/#\/schema\/logo\/image\/\"}}]}<\/script>\n<!-- \/ Yoast SEO Premium plugin. -->","yoast_head_json":{"title":"Handgefertigte Bruy\u00e8re-Pfeife mit dicker Schale und Tomatenform - Der beste Onlineshop f\u00fcr Pfeifen und Zigarrenzubeh\u00f6r in Deutschland","robots":{"index":"index","follow":"follow","max-snippet":"max-snippet:-1","max-image-preview":"max-image-preview:large","max-video-preview":"max-video-preview:-1"},"canonical":"https:\/\/pfeifenundzigarren.de\/es\/Produkt\/handgefertigte-bruyere-pfeife-mit-dicker-schale-und-tomatenform\/","og_locale":"es_ES","og_type":"article","og_title":"Handgefertigte Bruy\u00e8re-Pfeife mit dicker Schale und Tomatenform","og_description":"L\u00e4nge des Mundst\u00fccks:\u00a02,23 Zoll (56,6 mm) Innendurchmesser:\u00a00,79 Zoll (20 mm) Au\u00dfendurchmesser:\u00a01,80 Zoll (45,7 mm) Tiefe des Kopfes:\u00a01,37 Zoll (35 mm)","og_url":"https:\/\/pfeifenundzigarren.de\/es\/Produkt\/handgefertigte-bruyere-pfeife-mit-dicker-schale-und-tomatenform\/","og_site_name":"Der beste Onlineshop f\u00fcr Pfeifen und Zigarrenzubeh\u00f6r in Deutschland","article_modified_time":"2024-09-14T10:00:29+00:00","og_image":[{"width":1000,"height":1000,"url":"https:\/\/pfeifenundzigarren.de\/wp-content\/uploads\/2024\/09\/kf-S4b57598ed860443e8e86428ace5d3f04f-MUXIANG-briar-Wood-Handmade-Tobacco-Pipe-Tomato-Pipe-Thick-Bowl-Wall-Bowl-Diameter-20mm-father-Gift.webp","type":"image\/webp"}],"twitter_card":"summary_large_image","schema":{"@context":"https:\/\/schema.org","@graph":[{"@type":"WebPage","@id":"https:\/\/pfeifenundzigarren.de\/es\/Produkt\/handgefertigte-bruyere-pfeife-mit-dicker-schale-und-tomatenform\/","url":"https:\/\/pfeifenundzigarren.de\/es\/Produkt\/handgefertigte-bruyere-pfeife-mit-dicker-schale-und-tomatenform\/","name":"Handgefertigte Bruy\u00e8re-Pfeife mit dicker Schale und Tomatenform - Der beste Onlineshop f\u00fcr Pfeifen und Zigarrenzubeh\u00f6r in Deutschland","isPartOf":{"@id":"https:\/\/lime-nightingale-562313.hostingersite.com\/es\/#website"},"primaryImageOfPage":{"@id":"https:\/\/pfeifenundzigarren.de\/es\/Produkt\/handgefertigte-bruyere-pfeife-mit-dicker-schale-und-tomatenform\/#primaryimage"},"image":{"@id":"https:\/\/pfeifenundzigarren.de\/es\/Produkt\/handgefertigte-bruyere-pfeife-mit-dicker-schale-und-tomatenform\/#primaryimage"},"thumbnailUrl":"https:\/\/pfeifenundzigarren.de\/wp-content\/uploads\/2024\/09\/kf-S4b57598ed860443e8e86428ace5d3f04f-MUXIANG-briar-Wood-Handmade-Tobacco-Pipe-Tomato-Pipe-Thick-Bowl-Wall-Bowl-Diameter-20mm-father-Gift.webp","datePublished":"2024-09-14T09:53:48+00:00","dateModified":"2024-09-14T10:00:29+00:00","breadcrumb":{"@id":"https:\/\/pfeifenundzigarren.de\/es\/Produkt\/handgefertigte-bruyere-pfeife-mit-dicker-schale-und-tomatenform\/#breadcrumb"},"inLanguage":"es","potentialAction":[{"@type":"ReadAction","target":["https:\/\/pfeifenundzigarren.de\/es\/Produkt\/handgefertigte-bruyere-pfeife-mit-dicker-schale-und-tomatenform\/"]}]},{"@type":"ImageObject","inLanguage":"es","@id":"https:\/\/pfeifenundzigarren.de\/es\/Produkt\/handgefertigte-bruyere-pfeife-mit-dicker-schale-und-tomatenform\/#primaryimage","url":"https:\/\/pfeifenundzigarren.de\/wp-content\/uploads\/2024\/09\/kf-S4b57598ed860443e8e86428ace5d3f04f-MUXIANG-briar-Wood-Handmade-Tobacco-Pipe-Tomato-Pipe-Thick-Bowl-Wall-Bowl-Diameter-20mm-father-Gift.webp","contentUrl":"https:\/\/pfeifenundzigarren.de\/wp-content\/uploads\/2024\/09\/kf-S4b57598ed860443e8e86428ace5d3f04f-MUXIANG-briar-Wood-Handmade-Tobacco-Pipe-Tomato-Pipe-Thick-Bowl-Wall-Bowl-Diameter-20mm-father-Gift.webp","width":1000,"height":1000,"caption":"Handgefertigte Bruy\u00e8re-Pfeife mit dicker Schale und Tomatenform"},{"@type":"BreadcrumbList","@id":"https:\/\/pfeifenundzigarren.de\/es\/Produkt\/handgefertigte-bruyere-pfeife-mit-dicker-schale-und-tomatenform\/#breadcrumb","itemListElement":[{"@type":"ListItem","position":1,"name":"Home","item":"https:\/\/lime-nightingale-562313.hostingersite.com\/es\/"},{"@type":"ListItem","position":2,"name":"Shop","item":"https:\/\/lime-nightingale-562313.hostingersite.com\/es\/shop\/"},{"@type":"ListItem","position":3,"name":"Handgefertigte Bruy\u00e8re-Pfeife mit dicker Schale und Tomatenform"}]},{"@type":"WebSite","@id":"https:\/\/lime-nightingale-562313.hostingersite.com\/es\/#website","url":"https:\/\/lime-nightingale-562313.hostingersite.com\/es\/","name":"La mejor tienda en l\u00ednea de pipas y accesorios para puros de Alemania","description":"","publisher":{"@id":"https:\/\/lime-nightingale-562313.hostingersite.com\/es\/#organization"},"potentialAction":[{"@type":"SearchAction","target":{"@type":"EntryPoint","urlTemplate":"https:\/\/lime-nightingale-562313.hostingersite.com\/es\/?s={search_term_string}"},"query-input":{"@type":"PropertyValueSpecification","valueRequired":true,"valueName":"search_term_string"}}],"inLanguage":"es"},{"@type":"Organization","@id":"https:\/\/lime-nightingale-562313.hostingersite.com\/es\/#organization","name":"La mejor tienda en l\u00ednea de pipas y accesorios para puros de Alemania","url":"https:\/\/lime-nightingale-562313.hostingersite.com\/es\/","logo":{"@type":"ImageObject","inLanguage":"es","@id":"https:\/\/lime-nightingale-562313.hostingersite.com\/es\/#\/schema\/logo\/image\/","url":"https:\/\/pfeifenundzigarren.de\/wp-content\/uploads\/2024\/09\/cropped-Luxury-and-Vintage-Ornamental-Coffee-Shop-Logo.png","contentUrl":"https:\/\/pfeifenundzigarren.de\/wp-content\/uploads\/2024\/09\/cropped-Luxury-and-Vintage-Ornamental-Coffee-Shop-Logo.png","width":512,"height":512,"caption":"Der beste Onlineshop f\u00fcr Pfeifen und Zigarrenzubeh\u00f6r in Deutschland"},"image":{"@id":"https:\/\/lime-nightingale-562313.hostingersite.com\/es\/#\/schema\/logo\/image\/"}}]}},"_links":{"self":[{"href":"https:\/\/pfeifenundzigarren.de\/es\/wp-json\/wp\/v2\/product\/2875","targetHints":{"allow":["GET"]}}],"collection":[{"href":"https:\/\/pfeifenundzigarren.de\/es\/wp-json\/wp\/v2\/product"}],"about":[{"href":"https:\/\/pfeifenundzigarren.de\/es\/wp-json\/wp\/v2\/types\/product"}],"replies":[{"embeddable":true,"href":"https:\/\/pfeifenundzigarren.de\/es\/wp-json\/wp\/v2\/comments?post=2875"}],"version-history":[{"count":0,"href":"https:\/\/pfeifenundzigarren.de\/es\/wp-json\/wp\/v2\/product\/2875\/revisions"}],"wp:featuredmedia":[{"embeddable":true,"href":"https:\/\/pfeifenundzigarren.de\/es\/wp-json\/wp\/v2\/media\/2876"}],"wp:attachment":[{"href":"https:\/\/pfeifenundzigarren.de\/es\/wp-json\/wp\/v2\/media?parent=2875"}],"wp:term":[{"taxonomy":"product_brand","embeddable":true,"href":"https:\/\/pfeifenundzigarren.de\/es\/wp-json\/wp\/v2\/product_brand?post=2875"},{"taxonomy":"product_cat","embeddable":true,"href":"https:\/\/pfeifenundzigarren.de\/es\/wp-json\/wp\/v2\/product_cat?post=2875"},{"taxonomy":"product_tag","embeddable":true,"href":"https:\/\/pfeifenundzigarren.de\/es\/wp-json\/wp\/v2\/product_tag?post=2875"}],"curies":[{"name":"wp","href":"https:\/\/api.w.org\/{rel}","templated":true}]}}