{"id":2313,"date":"2024-09-09T03:31:19","date_gmt":"2024-09-09T01:31:19","guid":{"rendered":"https:\/\/pfeifenundzigarren.de\/Produkt\/6-6%e5%8a%a0%e4%bb%91%e9%9b%aa%e8%8c%84%e4%bf%9d%e6%b9%bf%e6%9f%9c%ef%bc%8c270%e6%94%af%e9%9b%aa%e8%8c%84%e5%ae%b9%e9%87%8f%ef%bc%8c%e5%b8%a6%e5%8a%a0%e7%83%ad%e5%92%8c%e5%88%b6%e5%86%b7%e6%b8%a9\/"},"modified":"2026-03-24T01:05:29","modified_gmt":"2026-03-24T00:05:29","slug":"kompakter-elektrischer-humidor-fuer-zuhause","status":"publish","type":"product","link":"https:\/\/pfeifenundzigarren.de\/es\/Produkt\/kompakter-elektrischer-humidor-fuer-zuhause\/","title":{"rendered":"Humidificador el\u00e9ctrico compacto para el hogar"},"content":{"rendered":"<div><img decoding=\"async\" src=\"http:\/\/pfeifenundzigarren.de\/wp-content\/uploads\/2024\/09\/1725267703557-81355d3323464fc28eb6b7b0a69bce3b-goods.jpeg\" alt=\"\"><\/div>\n<div><img decoding=\"async\" src=\"http:\/\/pfeifenundzigarren.de\/wp-content\/uploads\/2024\/09\/1725267700840-d8c5001d5f0f4dc68646855939e93f66-goods.jpeg\" alt=\"\"><\/div>\n<div><img decoding=\"async\" src=\"http:\/\/pfeifenundzigarren.de\/wp-content\/uploads\/2024\/09\/1725267704534-9fcf5b0dc98b4e3fac64019b32af8144-goods.jpeg\" alt=\"\"><\/div>\n<div><img decoding=\"async\" src=\"http:\/\/pfeifenundzigarren.de\/wp-content\/uploads\/2024\/09\/1725267699964-2a3cececfcd54938bda806963cfbff01-goods.jpeg\" alt=\"\"><\/div>\n<div><img decoding=\"async\" src=\"http:\/\/pfeifenundzigarren.de\/wp-content\/uploads\/2024\/09\/1725267702868-b86cbdc85fc746748791881b909dfc02-goods.jpeg\" alt=\"\"><\/div>\n<div><img decoding=\"async\" src=\"http:\/\/pfeifenundzigarren.de\/wp-content\/uploads\/2024\/09\/1725267702229-6d9de8a2902a4878b6eacc0cc2136744-goods.jpeg\" alt=\"\"><\/div>","protected":false},"excerpt":{"rendered":"","protected":false},"featured_media":2432,"comment_status":"open","ping_status":"closed","template":"","meta":[],"product_brand":[],"product_cat":[79,70],"product_tag":[],"class_list":{"0":"post-2313","1":"product","2":"type-product","3":"status-publish","4":"has-post-thumbnail","6":"product_cat-humidor-schrank","7":"product_cat-pfeife","9":"first","10":"instock","11":"sale","12":"shipping-taxable","13":"purchasable","14":"product-type-simple"},"yoast_head":"<!-- This site is optimized with the Yoast SEO Premium plugin v26.7 (Yoast SEO v26.7) - https:\/\/yoast.com\/wordpress\/plugins\/seo\/ -->\n<title>Kompakter elektrischer Humidor f\u00fcr Zuhause - Der beste Onlineshop f\u00fcr Pfeifen und Zigarrenzubeh\u00f6r in Deutschland<\/title>\n<meta name=\"robots\" content=\"index, follow, max-snippet:-1, max-image-preview:large, max-video-preview:-1\" \/>\n<link rel=\"canonical\" href=\"https:\/\/pfeifenundzigarren.de\/es\/Produkt\/kompakter-elektrischer-humidor-fuer-zuhause\/\" \/>\n<meta property=\"og:locale\" content=\"es_ES\" \/>\n<meta property=\"og:type\" content=\"article\" \/>\n<meta property=\"og:title\" content=\"Kompakter elektrischer Humidor f\u00fcr Zuhause\" \/>\n<meta property=\"og:url\" content=\"https:\/\/pfeifenundzigarren.de\/es\/Produkt\/kompakter-elektrischer-humidor-fuer-zuhause\/\" \/>\n<meta property=\"og:site_name\" content=\"Der beste Onlineshop f\u00fcr Pfeifen und Zigarrenzubeh\u00f6r in Deutschland\" \/>\n<meta property=\"article:modified_time\" content=\"2026-03-24T00:05:29+00:00\" \/>\n<meta property=\"og:image\" content=\"https:\/\/pfeifenundzigarren.de\/wp-content\/uploads\/2024\/09\/1725267703557-81355d3323464fc28eb6b7b0a69bce3b-goods.jpeg\" \/>\n\t<meta property=\"og:image:width\" content=\"800\" \/>\n\t<meta property=\"og:image:height\" content=\"800\" \/>\n\t<meta property=\"og:image:type\" content=\"image\/jpeg\" \/>\n<meta name=\"twitter:card\" content=\"summary_large_image\" \/>\n<meta name=\"twitter:label1\" content=\"Tiempo de lectura\" \/>\n\t<meta name=\"twitter:data1\" content=\"2 minutos\" \/>\n<script type=\"application\/ld+json\" class=\"yoast-schema-graph\">{\"@context\":\"https:\/\/schema.org\",\"@graph\":[{\"@type\":\"WebPage\",\"@id\":\"https:\/\/pfeifenundzigarren.de\/Produkt\/kompakter-elektrischer-humidor-fuer-zuhause\/\",\"url\":\"https:\/\/pfeifenundzigarren.de\/Produkt\/kompakter-elektrischer-humidor-fuer-zuhause\/\",\"name\":\"Kompakter elektrischer Humidor f\u00fcr Zuhause - Der beste Onlineshop f\u00fcr Pfeifen und Zigarrenzubeh\u00f6r in Deutschland\",\"isPartOf\":{\"@id\":\"https:\/\/pfeifenundzigarren.de\/#website\"},\"primaryImageOfPage\":{\"@id\":\"https:\/\/pfeifenundzigarren.de\/Produkt\/kompakter-elektrischer-humidor-fuer-zuhause\/#primaryimage\"},\"image\":{\"@id\":\"https:\/\/pfeifenundzigarren.de\/Produkt\/kompakter-elektrischer-humidor-fuer-zuhause\/#primaryimage\"},\"thumbnailUrl\":\"https:\/\/pfeifenundzigarren.de\/wp-content\/uploads\/2024\/09\/1725267703557-81355d3323464fc28eb6b7b0a69bce3b-goods.jpeg\",\"datePublished\":\"2024-09-09T01:31:19+00:00\",\"dateModified\":\"2026-03-24T00:05:29+00:00\",\"breadcrumb\":{\"@id\":\"https:\/\/pfeifenundzigarren.de\/Produkt\/kompakter-elektrischer-humidor-fuer-zuhause\/#breadcrumb\"},\"inLanguage\":\"es\",\"potentialAction\":[{\"@type\":\"ReadAction\",\"target\":[\"https:\/\/pfeifenundzigarren.de\/Produkt\/kompakter-elektrischer-humidor-fuer-zuhause\/\"]}]},{\"@type\":\"ImageObject\",\"inLanguage\":\"es\",\"@id\":\"https:\/\/pfeifenundzigarren.de\/Produkt\/kompakter-elektrischer-humidor-fuer-zuhause\/#primaryimage\",\"url\":\"https:\/\/pfeifenundzigarren.de\/wp-content\/uploads\/2024\/09\/1725267703557-81355d3323464fc28eb6b7b0a69bce3b-goods.jpeg\",\"contentUrl\":\"https:\/\/pfeifenundzigarren.de\/wp-content\/uploads\/2024\/09\/1725267703557-81355d3323464fc28eb6b7b0a69bce3b-goods.jpeg\",\"width\":800,\"height\":800,\"caption\":\"Kompakter elektrischer Humidor f\u00fcr Zuhause\"},{\"@type\":\"BreadcrumbList\",\"@id\":\"https:\/\/pfeifenundzigarren.de\/Produkt\/kompakter-elektrischer-humidor-fuer-zuhause\/#breadcrumb\",\"itemListElement\":[{\"@type\":\"ListItem\",\"position\":1,\"name\":\"Home\",\"item\":\"https:\/\/pfeifenundzigarren.de\/\"},{\"@type\":\"ListItem\",\"position\":2,\"name\":\"Shop\",\"item\":\"https:\/\/pfeifenundzigarren.de\/shop\/\"},{\"@type\":\"ListItem\",\"position\":3,\"name\":\"Kompakter elektrischer Humidor f\u00fcr Zuhause\"}]},{\"@type\":\"WebSite\",\"@id\":\"https:\/\/pfeifenundzigarren.de\/#website\",\"url\":\"https:\/\/pfeifenundzigarren.de\/\",\"name\":\"Der beste Onlineshop f\u00fcr Pfeifen und Zigarrenzubeh\u00f6r in Deutschland\",\"description\":\"\",\"publisher\":{\"@id\":\"https:\/\/pfeifenundzigarren.de\/#organization\"},\"potentialAction\":[{\"@type\":\"SearchAction\",\"target\":{\"@type\":\"EntryPoint\",\"urlTemplate\":\"https:\/\/pfeifenundzigarren.de\/?s={search_term_string}\"},\"query-input\":{\"@type\":\"PropertyValueSpecification\",\"valueRequired\":true,\"valueName\":\"search_term_string\"}}],\"inLanguage\":\"es\"},{\"@type\":\"Organization\",\"@id\":\"https:\/\/pfeifenundzigarren.de\/#organization\",\"name\":\"Der beste Onlineshop f\u00fcr Pfeifen und Zigarrenzubeh\u00f6r in Deutschland\",\"url\":\"https:\/\/pfeifenundzigarren.de\/\",\"logo\":{\"@type\":\"ImageObject\",\"inLanguage\":\"es\",\"@id\":\"https:\/\/pfeifenundzigarren.de\/#\/schema\/logo\/image\/\",\"url\":\"https:\/\/pfeifenundzigarren.de\/wp-content\/uploads\/2024\/09\/cropped-Luxury-and-Vintage-Ornamental-Coffee-Shop-Logo.png\",\"contentUrl\":\"https:\/\/pfeifenundzigarren.de\/wp-content\/uploads\/2024\/09\/cropped-Luxury-and-Vintage-Ornamental-Coffee-Shop-Logo.png\",\"width\":512,\"height\":512,\"caption\":\"Der beste Onlineshop f\u00fcr Pfeifen und Zigarrenzubeh\u00f6r in Deutschland\"},\"image\":{\"@id\":\"https:\/\/pfeifenundzigarren.de\/#\/schema\/logo\/image\/\"}}]}<\/script>\n<!-- \/ Yoast SEO Premium plugin. -->","yoast_head_json":{"title":"Kompakter elektrischer Humidor f\u00fcr Zuhause - Der beste Onlineshop f\u00fcr Pfeifen und Zigarrenzubeh\u00f6r in Deutschland","robots":{"index":"index","follow":"follow","max-snippet":"max-snippet:-1","max-image-preview":"max-image-preview:large","max-video-preview":"max-video-preview:-1"},"canonical":"https:\/\/pfeifenundzigarren.de\/es\/Produkt\/kompakter-elektrischer-humidor-fuer-zuhause\/","og_locale":"es_ES","og_type":"article","og_title":"Kompakter elektrischer Humidor f\u00fcr Zuhause","og_url":"https:\/\/pfeifenundzigarren.de\/es\/Produkt\/kompakter-elektrischer-humidor-fuer-zuhause\/","og_site_name":"Der beste Onlineshop f\u00fcr Pfeifen und Zigarrenzubeh\u00f6r in Deutschland","article_modified_time":"2026-03-24T00:05:29+00:00","og_image":[{"width":800,"height":800,"url":"https:\/\/pfeifenundzigarren.de\/wp-content\/uploads\/2024\/09\/1725267703557-81355d3323464fc28eb6b7b0a69bce3b-goods.jpeg","type":"image\/jpeg"}],"twitter_card":"summary_large_image","twitter_misc":{"Tiempo de lectura":"2 minutos"},"schema":{"@context":"https:\/\/schema.org","@graph":[{"@type":"WebPage","@id":"https:\/\/pfeifenundzigarren.de\/Produkt\/kompakter-elektrischer-humidor-fuer-zuhause\/","url":"https:\/\/pfeifenundzigarren.de\/Produkt\/kompakter-elektrischer-humidor-fuer-zuhause\/","name":"Kompakter elektrischer Humidor f\u00fcr Zuhause - Der beste Onlineshop f\u00fcr Pfeifen und Zigarrenzubeh\u00f6r in Deutschland","isPartOf":{"@id":"https:\/\/pfeifenundzigarren.de\/#website"},"primaryImageOfPage":{"@id":"https:\/\/pfeifenundzigarren.de\/Produkt\/kompakter-elektrischer-humidor-fuer-zuhause\/#primaryimage"},"image":{"@id":"https:\/\/pfeifenundzigarren.de\/Produkt\/kompakter-elektrischer-humidor-fuer-zuhause\/#primaryimage"},"thumbnailUrl":"https:\/\/pfeifenundzigarren.de\/wp-content\/uploads\/2024\/09\/1725267703557-81355d3323464fc28eb6b7b0a69bce3b-goods.jpeg","datePublished":"2024-09-09T01:31:19+00:00","dateModified":"2026-03-24T00:05:29+00:00","breadcrumb":{"@id":"https:\/\/pfeifenundzigarren.de\/Produkt\/kompakter-elektrischer-humidor-fuer-zuhause\/#breadcrumb"},"inLanguage":"es","potentialAction":[{"@type":"ReadAction","target":["https:\/\/pfeifenundzigarren.de\/Produkt\/kompakter-elektrischer-humidor-fuer-zuhause\/"]}]},{"@type":"ImageObject","inLanguage":"es","@id":"https:\/\/pfeifenundzigarren.de\/Produkt\/kompakter-elektrischer-humidor-fuer-zuhause\/#primaryimage","url":"https:\/\/pfeifenundzigarren.de\/wp-content\/uploads\/2024\/09\/1725267703557-81355d3323464fc28eb6b7b0a69bce3b-goods.jpeg","contentUrl":"https:\/\/pfeifenundzigarren.de\/wp-content\/uploads\/2024\/09\/1725267703557-81355d3323464fc28eb6b7b0a69bce3b-goods.jpeg","width":800,"height":800,"caption":"Kompakter elektrischer Humidor f\u00fcr Zuhause"},{"@type":"BreadcrumbList","@id":"https:\/\/pfeifenundzigarren.de\/Produkt\/kompakter-elektrischer-humidor-fuer-zuhause\/#breadcrumb","itemListElement":[{"@type":"ListItem","position":1,"name":"Home","item":"https:\/\/pfeifenundzigarren.de\/"},{"@type":"ListItem","position":2,"name":"Shop","item":"https:\/\/pfeifenundzigarren.de\/shop\/"},{"@type":"ListItem","position":3,"name":"Kompakter elektrischer Humidor f\u00fcr Zuhause"}]},{"@type":"WebSite","@id":"https:\/\/pfeifenundzigarren.de\/#website","url":"https:\/\/pfeifenundzigarren.de\/","name":"La mejor tienda en l\u00ednea de pipas y accesorios para puros de Alemania","description":"","publisher":{"@id":"https:\/\/pfeifenundzigarren.de\/#organization"},"potentialAction":[{"@type":"SearchAction","target":{"@type":"EntryPoint","urlTemplate":"https:\/\/pfeifenundzigarren.de\/?s={search_term_string}"},"query-input":{"@type":"PropertyValueSpecification","valueRequired":true,"valueName":"search_term_string"}}],"inLanguage":"es"},{"@type":"Organization","@id":"https:\/\/pfeifenundzigarren.de\/#organization","name":"La mejor tienda en l\u00ednea de pipas y accesorios para puros de Alemania","url":"https:\/\/pfeifenundzigarren.de\/","logo":{"@type":"ImageObject","inLanguage":"es","@id":"https:\/\/pfeifenundzigarren.de\/#\/schema\/logo\/image\/","url":"https:\/\/pfeifenundzigarren.de\/wp-content\/uploads\/2024\/09\/cropped-Luxury-and-Vintage-Ornamental-Coffee-Shop-Logo.png","contentUrl":"https:\/\/pfeifenundzigarren.de\/wp-content\/uploads\/2024\/09\/cropped-Luxury-and-Vintage-Ornamental-Coffee-Shop-Logo.png","width":512,"height":512,"caption":"Der beste Onlineshop f\u00fcr Pfeifen und Zigarrenzubeh\u00f6r in Deutschland"},"image":{"@id":"https:\/\/pfeifenundzigarren.de\/#\/schema\/logo\/image\/"}}]}},"_links":{"self":[{"href":"https:\/\/pfeifenundzigarren.de\/es\/wp-json\/wp\/v2\/product\/2313","targetHints":{"allow":["GET"]}}],"collection":[{"href":"https:\/\/pfeifenundzigarren.de\/es\/wp-json\/wp\/v2\/product"}],"about":[{"href":"https:\/\/pfeifenundzigarren.de\/es\/wp-json\/wp\/v2\/types\/product"}],"replies":[{"embeddable":true,"href":"https:\/\/pfeifenundzigarren.de\/es\/wp-json\/wp\/v2\/comments?post=2313"}],"version-history":[{"count":1,"href":"https:\/\/pfeifenundzigarren.de\/es\/wp-json\/wp\/v2\/product\/2313\/revisions"}],"predecessor-version":[{"id":10978,"href":"https:\/\/pfeifenundzigarren.de\/es\/wp-json\/wp\/v2\/product\/2313\/revisions\/10978"}],"wp:featuredmedia":[{"embeddable":true,"href":"https:\/\/pfeifenundzigarren.de\/es\/wp-json\/wp\/v2\/media\/2432"}],"wp:attachment":[{"href":"https:\/\/pfeifenundzigarren.de\/es\/wp-json\/wp\/v2\/media?parent=2313"}],"wp:term":[{"taxonomy":"product_brand","embeddable":true,"href":"https:\/\/pfeifenundzigarren.de\/es\/wp-json\/wp\/v2\/product_brand?post=2313"},{"taxonomy":"product_cat","embeddable":true,"href":"https:\/\/pfeifenundzigarren.de\/es\/wp-json\/wp\/v2\/product_cat?post=2313"},{"taxonomy":"product_tag","embeddable":true,"href":"https:\/\/pfeifenundzigarren.de\/es\/wp-json\/wp\/v2\/product_tag?post=2313"}],"curies":[{"name":"wp","href":"https:\/\/api.w.org\/{rel}","templated":true}]}}