{"id":2312,"date":"2024-09-09T03:31:18","date_gmt":"2024-09-09T01:31:18","guid":{"rendered":"https:\/\/pfeifenundzigarren.de\/Produkt\/%e5%b8%8c%e8%8f%b2%e9%9b%aa%e8%8c%84%e4%bf%9d%e6%b9%bf%e7%9b%92%e5%b8%a6%e6%b9%bf%e5%ba%a6%e8%ae%a1%e5%8a%a0%e6%b9%bf%e5%99%a8-2-%e6%8a%bd%e5%b1%89-%e9%9b%aa%e6%9d%be%e6%9c%a8-%e4%be%bf%e6%90%ba\/"},"modified":"2024-09-09T03:38:18","modified_gmt":"2024-09-09T01:38:18","slug":"kleiner-humidor-fuer-anfaenger","status":"publish","type":"product","link":"https:\/\/pfeifenundzigarren.de\/es\/Produkt\/kleiner-humidor-fuer-anfaenger\/","title":{"rendered":"Humidificador peque\u00f1o para principiantes"},"content":{"rendered":"<div><img decoding=\"async\" src=\"http:\/\/pfeifenundzigarren.de\/wp-content\/uploads\/2024\/09\/1723776197796-dc4e3b9538fc436992534c01dbd16772-goods.jpeg\" alt=\"\"><\/div>\n<div><img decoding=\"async\" src=\"http:\/\/pfeifenundzigarren.de\/wp-content\/uploads\/2024\/09\/1723776194897-2c36260e4bb64bf6ac99aaf32c54a7a8-goods.jpeg\" alt=\"\"><\/div>\n<div><img decoding=\"async\" src=\"http:\/\/pfeifenundzigarren.de\/wp-content\/uploads\/2024\/09\/1723776193011-767b45098f6f4f7d90a653e27fb7eed5-goods.jpeg\" alt=\"\"><\/div>\n<div><img decoding=\"async\" src=\"http:\/\/pfeifenundzigarren.de\/wp-content\/uploads\/2024\/09\/1723776195929-4b1645387b144edca461f70d7dd6b9bc-goods.jpeg\" alt=\"\"><\/div>\n<div><img decoding=\"async\" src=\"http:\/\/pfeifenundzigarren.de\/wp-content\/uploads\/2024\/09\/1723776198749-3f132a84990c4e6ab359c5baeee667b0-goods.jpeg\" alt=\"\"><\/div>\n<div><img decoding=\"async\" src=\"http:\/\/pfeifenundzigarren.de\/wp-content\/uploads\/2024\/09\/1723776194032-200aecd5d0c9452b94ef86a1246f63d4-goods.jpeg\" alt=\"\"><\/div>","protected":false},"excerpt":{"rendered":"","protected":false},"featured_media":2419,"comment_status":"open","ping_status":"closed","template":"","meta":[],"product_brand":[],"product_cat":[78],"product_tag":[],"class_list":{"0":"post-2312","1":"product","2":"type-product","3":"status-publish","4":"has-post-thumbnail","6":"product_cat-zigarren-humidor","8":"first","9":"instock","10":"sale","11":"shipping-taxable","12":"purchasable","13":"product-type-simple"},"yoast_head":"<!-- This site is optimized with the Yoast SEO Premium plugin v26.7 (Yoast SEO v27.4) - https:\/\/yoast.com\/product\/yoast-seo-premium-wordpress\/ -->\n<title>Kleiner Humidor f\u00fcr Anf\u00e4nger - Der beste Onlineshop f\u00fcr Pfeifen und Zigarrenzubeh\u00f6r in Deutschland<\/title>\n<meta name=\"robots\" content=\"index, follow, max-snippet:-1, max-image-preview:large, max-video-preview:-1\" \/>\n<link rel=\"canonical\" href=\"https:\/\/lime-nightingale-562313.hostingersite.com\/Produkt\/kleiner-humidor-fuer-anfaenger\/\" \/>\n<meta property=\"og:locale\" content=\"es_ES\" \/>\n<meta property=\"og:type\" content=\"article\" \/>\n<meta property=\"og:title\" content=\"Kleiner Humidor f\u00fcr Anf\u00e4nger\" \/>\n<meta property=\"og:url\" content=\"https:\/\/lime-nightingale-562313.hostingersite.com\/Produkt\/kleiner-humidor-fuer-anfaenger\/\" \/>\n<meta property=\"og:site_name\" content=\"Der beste Onlineshop f\u00fcr Pfeifen und Zigarrenzubeh\u00f6r in Deutschland\" \/>\n<meta property=\"article:modified_time\" content=\"2024-09-09T01:38:18+00:00\" \/>\n<meta property=\"og:image\" content=\"https:\/\/lime-nightingale-562313.hostingersite.com\/wp-content\/uploads\/2024\/09\/1723776197796-dc4e3b9538fc436992534c01dbd16772-goods.jpeg\" \/>\n\t<meta property=\"og:image:width\" content=\"800\" \/>\n\t<meta property=\"og:image:height\" content=\"800\" \/>\n\t<meta property=\"og:image:type\" content=\"image\/jpeg\" \/>\n<meta name=\"twitter:card\" content=\"summary_large_image\" \/>\n<script type=\"application\/ld+json\" class=\"yoast-schema-graph\">{\"@context\":\"https:\\\/\\\/schema.org\",\"@graph\":[{\"@type\":\"WebPage\",\"@id\":\"https:\\\/\\\/lime-nightingale-562313.hostingersite.com\\\/Produkt\\\/kleiner-humidor-fuer-anfaenger\\\/\",\"url\":\"https:\\\/\\\/lime-nightingale-562313.hostingersite.com\\\/Produkt\\\/kleiner-humidor-fuer-anfaenger\\\/\",\"name\":\"Kleiner Humidor f\u00fcr Anf\u00e4nger - Der beste Onlineshop f\u00fcr Pfeifen und Zigarrenzubeh\u00f6r in Deutschland\",\"isPartOf\":{\"@id\":\"https:\\\/\\\/pfeifenundzigarren.de\\\/#website\"},\"primaryImageOfPage\":{\"@id\":\"https:\\\/\\\/lime-nightingale-562313.hostingersite.com\\\/Produkt\\\/kleiner-humidor-fuer-anfaenger\\\/#primaryimage\"},\"image\":{\"@id\":\"https:\\\/\\\/lime-nightingale-562313.hostingersite.com\\\/Produkt\\\/kleiner-humidor-fuer-anfaenger\\\/#primaryimage\"},\"thumbnailUrl\":\"https:\\\/\\\/pfeifenundzigarren.de\\\/wp-content\\\/uploads\\\/2024\\\/09\\\/1723776197796-dc4e3b9538fc436992534c01dbd16772-goods.jpeg\",\"datePublished\":\"2024-09-09T01:31:18+00:00\",\"dateModified\":\"2024-09-09T01:38:18+00:00\",\"breadcrumb\":{\"@id\":\"https:\\\/\\\/lime-nightingale-562313.hostingersite.com\\\/Produkt\\\/kleiner-humidor-fuer-anfaenger\\\/#breadcrumb\"},\"inLanguage\":\"es\",\"potentialAction\":[{\"@type\":\"ReadAction\",\"target\":[\"https:\\\/\\\/lime-nightingale-562313.hostingersite.com\\\/Produkt\\\/kleiner-humidor-fuer-anfaenger\\\/\"]}]},{\"@type\":\"ImageObject\",\"inLanguage\":\"es\",\"@id\":\"https:\\\/\\\/lime-nightingale-562313.hostingersite.com\\\/Produkt\\\/kleiner-humidor-fuer-anfaenger\\\/#primaryimage\",\"url\":\"https:\\\/\\\/pfeifenundzigarren.de\\\/wp-content\\\/uploads\\\/2024\\\/09\\\/1723776197796-dc4e3b9538fc436992534c01dbd16772-goods.jpeg\",\"contentUrl\":\"https:\\\/\\\/pfeifenundzigarren.de\\\/wp-content\\\/uploads\\\/2024\\\/09\\\/1723776197796-dc4e3b9538fc436992534c01dbd16772-goods.jpeg\",\"width\":800,\"height\":800,\"caption\":\"Kleiner Humidor f\u00fcr Anf\u00e4nger\"},{\"@type\":\"BreadcrumbList\",\"@id\":\"https:\\\/\\\/lime-nightingale-562313.hostingersite.com\\\/Produkt\\\/kleiner-humidor-fuer-anfaenger\\\/#breadcrumb\",\"itemListElement\":[{\"@type\":\"ListItem\",\"position\":1,\"name\":\"Home\",\"item\":\"https:\\\/\\\/pfeifenundzigarren.de\\\/\"},{\"@type\":\"ListItem\",\"position\":2,\"name\":\"Shop\",\"item\":\"https:\\\/\\\/pfeifenundzigarren.de\\\/shop\\\/\"},{\"@type\":\"ListItem\",\"position\":3,\"name\":\"Kleiner Humidor f\u00fcr Anf\u00e4nger\"}]},{\"@type\":\"WebSite\",\"@id\":\"https:\\\/\\\/pfeifenundzigarren.de\\\/#website\",\"url\":\"https:\\\/\\\/pfeifenundzigarren.de\\\/\",\"name\":\"Der beste Onlineshop f\u00fcr Pfeifen und Zigarrenzubeh\u00f6r in Deutschland\",\"description\":\"\",\"publisher\":{\"@id\":\"https:\\\/\\\/pfeifenundzigarren.de\\\/#organization\"},\"potentialAction\":[{\"@type\":\"SearchAction\",\"target\":{\"@type\":\"EntryPoint\",\"urlTemplate\":\"https:\\\/\\\/pfeifenundzigarren.de\\\/?s={search_term_string}\"},\"query-input\":{\"@type\":\"PropertyValueSpecification\",\"valueRequired\":true,\"valueName\":\"search_term_string\"}}],\"inLanguage\":\"es\"},{\"@type\":\"Organization\",\"@id\":\"https:\\\/\\\/pfeifenundzigarren.de\\\/#organization\",\"name\":\"Der beste Onlineshop f\u00fcr Pfeifen und Zigarrenzubeh\u00f6r in Deutschland\",\"url\":\"https:\\\/\\\/pfeifenundzigarren.de\\\/\",\"logo\":{\"@type\":\"ImageObject\",\"inLanguage\":\"es\",\"@id\":\"https:\\\/\\\/pfeifenundzigarren.de\\\/#\\\/schema\\\/logo\\\/image\\\/\",\"url\":\"https:\\\/\\\/pfeifenundzigarren.de\\\/wp-content\\\/uploads\\\/2024\\\/09\\\/cropped-Luxury-and-Vintage-Ornamental-Coffee-Shop-Logo.png\",\"contentUrl\":\"https:\\\/\\\/pfeifenundzigarren.de\\\/wp-content\\\/uploads\\\/2024\\\/09\\\/cropped-Luxury-and-Vintage-Ornamental-Coffee-Shop-Logo.png\",\"width\":512,\"height\":512,\"caption\":\"Der beste Onlineshop f\u00fcr Pfeifen und Zigarrenzubeh\u00f6r in Deutschland\"},\"image\":{\"@id\":\"https:\\\/\\\/pfeifenundzigarren.de\\\/#\\\/schema\\\/logo\\\/image\\\/\"}}]}<\/script>\n<!-- \/ Yoast SEO Premium plugin. -->","yoast_head_json":{"title":"Kleiner Humidor f\u00fcr Anf\u00e4nger - Der beste Onlineshop f\u00fcr Pfeifen und Zigarrenzubeh\u00f6r in Deutschland","robots":{"index":"index","follow":"follow","max-snippet":"max-snippet:-1","max-image-preview":"max-image-preview:large","max-video-preview":"max-video-preview:-1"},"canonical":"https:\/\/lime-nightingale-562313.hostingersite.com\/Produkt\/kleiner-humidor-fuer-anfaenger\/","og_locale":"es_ES","og_type":"article","og_title":"Kleiner Humidor f\u00fcr Anf\u00e4nger","og_url":"https:\/\/lime-nightingale-562313.hostingersite.com\/Produkt\/kleiner-humidor-fuer-anfaenger\/","og_site_name":"Der beste Onlineshop f\u00fcr Pfeifen und Zigarrenzubeh\u00f6r in Deutschland","article_modified_time":"2024-09-09T01:38:18+00:00","og_image":[{"width":800,"height":800,"url":"https:\/\/lime-nightingale-562313.hostingersite.com\/wp-content\/uploads\/2024\/09\/1723776197796-dc4e3b9538fc436992534c01dbd16772-goods.jpeg","type":"image\/jpeg"}],"twitter_card":"summary_large_image","schema":{"@context":"https:\/\/schema.org","@graph":[{"@type":"WebPage","@id":"https:\/\/lime-nightingale-562313.hostingersite.com\/Produkt\/kleiner-humidor-fuer-anfaenger\/","url":"https:\/\/lime-nightingale-562313.hostingersite.com\/Produkt\/kleiner-humidor-fuer-anfaenger\/","name":"Kleiner Humidor f\u00fcr Anf\u00e4nger - Der beste Onlineshop f\u00fcr Pfeifen und Zigarrenzubeh\u00f6r in Deutschland","isPartOf":{"@id":"https:\/\/pfeifenundzigarren.de\/#website"},"primaryImageOfPage":{"@id":"https:\/\/lime-nightingale-562313.hostingersite.com\/Produkt\/kleiner-humidor-fuer-anfaenger\/#primaryimage"},"image":{"@id":"https:\/\/lime-nightingale-562313.hostingersite.com\/Produkt\/kleiner-humidor-fuer-anfaenger\/#primaryimage"},"thumbnailUrl":"https:\/\/pfeifenundzigarren.de\/wp-content\/uploads\/2024\/09\/1723776197796-dc4e3b9538fc436992534c01dbd16772-goods.jpeg","datePublished":"2024-09-09T01:31:18+00:00","dateModified":"2024-09-09T01:38:18+00:00","breadcrumb":{"@id":"https:\/\/lime-nightingale-562313.hostingersite.com\/Produkt\/kleiner-humidor-fuer-anfaenger\/#breadcrumb"},"inLanguage":"es","potentialAction":[{"@type":"ReadAction","target":["https:\/\/lime-nightingale-562313.hostingersite.com\/Produkt\/kleiner-humidor-fuer-anfaenger\/"]}]},{"@type":"ImageObject","inLanguage":"es","@id":"https:\/\/lime-nightingale-562313.hostingersite.com\/Produkt\/kleiner-humidor-fuer-anfaenger\/#primaryimage","url":"https:\/\/pfeifenundzigarren.de\/wp-content\/uploads\/2024\/09\/1723776197796-dc4e3b9538fc436992534c01dbd16772-goods.jpeg","contentUrl":"https:\/\/pfeifenundzigarren.de\/wp-content\/uploads\/2024\/09\/1723776197796-dc4e3b9538fc436992534c01dbd16772-goods.jpeg","width":800,"height":800,"caption":"Kleiner Humidor f\u00fcr Anf\u00e4nger"},{"@type":"BreadcrumbList","@id":"https:\/\/lime-nightingale-562313.hostingersite.com\/Produkt\/kleiner-humidor-fuer-anfaenger\/#breadcrumb","itemListElement":[{"@type":"ListItem","position":1,"name":"Home","item":"https:\/\/pfeifenundzigarren.de\/"},{"@type":"ListItem","position":2,"name":"Shop","item":"https:\/\/pfeifenundzigarren.de\/shop\/"},{"@type":"ListItem","position":3,"name":"Kleiner Humidor f\u00fcr Anf\u00e4nger"}]},{"@type":"WebSite","@id":"https:\/\/pfeifenundzigarren.de\/#website","url":"https:\/\/pfeifenundzigarren.de\/","name":"La mejor tienda en l\u00ednea de pipas y accesorios para puros de Alemania","description":"","publisher":{"@id":"https:\/\/pfeifenundzigarren.de\/#organization"},"potentialAction":[{"@type":"SearchAction","target":{"@type":"EntryPoint","urlTemplate":"https:\/\/pfeifenundzigarren.de\/?s={search_term_string}"},"query-input":{"@type":"PropertyValueSpecification","valueRequired":true,"valueName":"search_term_string"}}],"inLanguage":"es"},{"@type":"Organization","@id":"https:\/\/pfeifenundzigarren.de\/#organization","name":"La mejor tienda en l\u00ednea de pipas y accesorios para puros de Alemania","url":"https:\/\/pfeifenundzigarren.de\/","logo":{"@type":"ImageObject","inLanguage":"es","@id":"https:\/\/pfeifenundzigarren.de\/#\/schema\/logo\/image\/","url":"https:\/\/pfeifenundzigarren.de\/wp-content\/uploads\/2024\/09\/cropped-Luxury-and-Vintage-Ornamental-Coffee-Shop-Logo.png","contentUrl":"https:\/\/pfeifenundzigarren.de\/wp-content\/uploads\/2024\/09\/cropped-Luxury-and-Vintage-Ornamental-Coffee-Shop-Logo.png","width":512,"height":512,"caption":"Der beste Onlineshop f\u00fcr Pfeifen und Zigarrenzubeh\u00f6r in Deutschland"},"image":{"@id":"https:\/\/pfeifenundzigarren.de\/#\/schema\/logo\/image\/"}}]}},"_links":{"self":[{"href":"https:\/\/pfeifenundzigarren.de\/es\/wp-json\/wp\/v2\/product\/2312","targetHints":{"allow":["GET"]}}],"collection":[{"href":"https:\/\/pfeifenundzigarren.de\/es\/wp-json\/wp\/v2\/product"}],"about":[{"href":"https:\/\/pfeifenundzigarren.de\/es\/wp-json\/wp\/v2\/types\/product"}],"replies":[{"embeddable":true,"href":"https:\/\/pfeifenundzigarren.de\/es\/wp-json\/wp\/v2\/comments?post=2312"}],"version-history":[{"count":0,"href":"https:\/\/pfeifenundzigarren.de\/es\/wp-json\/wp\/v2\/product\/2312\/revisions"}],"wp:featuredmedia":[{"embeddable":true,"href":"https:\/\/pfeifenundzigarren.de\/es\/wp-json\/wp\/v2\/media\/2419"}],"wp:attachment":[{"href":"https:\/\/pfeifenundzigarren.de\/es\/wp-json\/wp\/v2\/media?parent=2312"}],"wp:term":[{"taxonomy":"product_brand","embeddable":true,"href":"https:\/\/pfeifenundzigarren.de\/es\/wp-json\/wp\/v2\/product_brand?post=2312"},{"taxonomy":"product_cat","embeddable":true,"href":"https:\/\/pfeifenundzigarren.de\/es\/wp-json\/wp\/v2\/product_cat?post=2312"},{"taxonomy":"product_tag","embeddable":true,"href":"https:\/\/pfeifenundzigarren.de\/es\/wp-json\/wp\/v2\/product_tag?post=2312"}],"curies":[{"name":"wp","href":"https:\/\/api.w.org\/{rel}","templated":true}]}}