{"id":2311,"date":"2024-09-09T03:31:18","date_gmt":"2024-09-09T01:31:18","guid":{"rendered":"https:\/\/pfeifenundzigarren.de\/Produkt\/25l%e7%94%b5%e5%8a%a8%e9%9b%aa%e8%8c%84%e7%9b%92led%e6%95%b0%e5%ad%97%e6%98%be%e7%a4%ba150%e6%94%af%e9%9b%aa%e8%8c%84%e5%82%a8%e8%97%8f%e6%9f%9c\/"},"modified":"2025-10-09T02:57:49","modified_gmt":"2025-10-09T00:57:49","slug":"elektrischer-zigarrenschrank-fuer-den-gewerblichen-gebrauch-mit-platz-fuer-150-zigarren","status":"publish","type":"product","link":"https:\/\/pfeifenundzigarren.de\/es\/Produkt\/elektrischer-zigarrenschrank-fuer-den-gewerblichen-gebrauch-mit-platz-fuer-150-zigarren\/","title":{"rendered":"Armario el\u00e9ctrico para puros de uso comercial con espacio para 150 puros"},"content":{"rendered":"<div>\n<p>Circulaci\u00f3n de aire y ventilaci\u00f3n<br \/>\nNuestra <strong>humidor comercial<\/strong> dispone de canales de ventilaci\u00f3n adicionales en las paredes delantera y trasera para garantizar una circulaci\u00f3n uniforme del aire. Al favorecer la circulaci\u00f3n del aire, estos canales ayudan a evitar el calentamiento localizado y la estratificaci\u00f3n de la humedad. La circulaci\u00f3n eficaz del aire humidificado entre todos los puros se ve reforzada por las rejillas de ventilaci\u00f3n adicionales situadas bajo las bandejas, que garantizan que cada puro se mantenga a la temperatura ideal.<\/p>\n<p>Sistema de control de la humedad<\/p>\n<p>Se recomienda llenar el recipiente con agua hasta la mitad para garantizar unas condiciones \u00f3ptimas. Esta t\u00e9cnica estabiliza la humedad y evita fluctuaciones que podr\u00edan afectar a la calidad de los puros. Un microprocesador y unos precisos sensores digitales controlan el dep\u00f3sito de agua incorporado para mantener una humedad relativa preestablecida de entre 65 % y 72 %. En entornos comerciales, este control preciso garantiza que los puros se mantengan frescos durante mucho tiempo. Gracias a la tecnolog\u00eda de semiconductores, este <strong>humidor m\u00e1s peque\u00f1o<\/strong> y extremadamente silencioso. Este funcionamiento silencioso es ideal para entornos comerciales.<\/p>\n<p>Nuestra <a href=\"https:\/\/pfeifenundzigarren.de\/es\/produktkategorie\/zigarren-zubehoer\/zigarren-humidor\/\"><strong>Humidificador moderno<\/strong><\/a> tambi\u00e9n tiene estantes de madera de cedro. La madera de cedro garantiza una humedad \u00f3ptima en el armario al absorber m\u00e1s humedad. Los puros se vuelven m\u00e1s suaves y su fragancia natural se libera lentamente. La mayor permeabilidad de la madera de cedro tambi\u00e9n mantiene alejados los olores y conserva el aroma natural de los puros.<\/p>\n<p>Sistema de almacenamiento de puros<\/p>\n<p>Los puros se mantienen frescos gracias al sistema integrado de gesti\u00f3n de la humedad, refrigeraci\u00f3n por ventilador, calefacci\u00f3n PTC y deshumidificaci\u00f3n del <strong>comercial <\/strong><a href=\"https:\/\/pfeifenundzigarren.de\/es\/Produkt\/humidor-elektrisch-temperatur\/\">humidor en condiciones \u00f3ptimas y garantizar una temperatura constante<\/a> y la humedad. Gracias a su aislamiento uniforme, este sistema integrado protege contra las fluctuaciones de temperatura que podr\u00edan da\u00f1ar los puros. Incluso en uso comercial, estas propiedades garantizan que los puros permanezcan intactos y frescos.<\/p>\n<p>&nbsp;<\/p>\n<\/div>\n<div><img decoding=\"async\" src=\"http:\/\/pfeifenundzigarren.de\/wp-content\/uploads\/2024\/09\/1717407808215-ba090859d6fd4a9fbb4a9ea90176b500-goods.png\" alt=\"\"><\/div>\n<div><img decoding=\"async\" src=\"http:\/\/pfeifenundzigarren.de\/wp-content\/uploads\/2024\/09\/1717407807917-04a3afb6de484adfb2f62b660478f51e-goods.png\" alt=\"\"><\/div>\n<div><img decoding=\"async\" src=\"http:\/\/pfeifenundzigarren.de\/wp-content\/uploads\/2024\/09\/1717407808107-82b4fba933ab4d788de28e2741ecbe23-goods.png\" alt=\"\"><\/div>\n<div><img decoding=\"async\" src=\"http:\/\/pfeifenundzigarren.de\/wp-content\/uploads\/2024\/09\/1717407808744-13959803afec4ff2abe7162ff9591314-goods.png\" alt=\"\"><\/div>\n<div><img decoding=\"async\" src=\"http:\/\/pfeifenundzigarren.de\/wp-content\/uploads\/2024\/09\/1717407808784-f8ac18ae72c345ca878546c54acffd0c-goods.png\" alt=\"\"><\/div>\n<div><img decoding=\"async\" src=\"http:\/\/pfeifenundzigarren.de\/wp-content\/uploads\/2024\/09\/1717407809007-29bfc762063244049be451def13e44f9-goods.png\" alt=\"\"><\/div>\n<div><img decoding=\"async\" src=\"http:\/\/pfeifenundzigarren.de\/wp-content\/uploads\/2024\/09\/1717407809029-4b461b383ef246b2a0b027ac823a647a-goods.png\" alt=\"\"><\/div>\n<div><img decoding=\"async\" src=\"http:\/\/pfeifenundzigarren.de\/wp-content\/uploads\/2024\/09\/1717407809084-ff9873e1adee47cc9c6b76c5bb059e4c-goods.png\" alt=\"\"><\/div>\n<div><img decoding=\"async\" src=\"http:\/\/pfeifenundzigarren.de\/wp-content\/uploads\/2024\/09\/1717407809282-fd63bdfb797e4f7292aa4b0377b1ef08-goods.png\" alt=\"\"><\/div>","protected":false},"excerpt":{"rendered":"<p>Circulaci\u00f3n de aire y ventilaci\u00f3n Nuestro humidor comercial cuenta con canales de ventilaci\u00f3n adicionales en la pared delantera y trasera para garantizar una circulaci\u00f3n uniforme del aire.<\/p>","protected":false},"featured_media":2400,"comment_status":"open","ping_status":"closed","template":"","meta":[],"product_brand":[],"product_cat":[79],"product_tag":[],"class_list":{"0":"post-2311","1":"product","2":"type-product","3":"status-publish","4":"has-post-thumbnail","6":"product_cat-humidor-schrank","8":"first","9":"instock","10":"sale","11":"shipping-taxable","12":"purchasable","13":"product-type-simple"},"yoast_head":"<!-- This site is optimized with the Yoast SEO Premium plugin v26.7 (Yoast SEO v27.4) - https:\/\/yoast.com\/product\/yoast-seo-premium-wordpress\/ -->\n<title>Elektrischer Zigarrenschrank f\u00fcr den gewerblichen Gebrauch mit Platz f\u00fcr 150 Zigarren - Der beste Onlineshop f\u00fcr Pfeifen und Zigarrenzubeh\u00f6r in Deutschland<\/title>\n<meta name=\"robots\" content=\"index, follow, max-snippet:-1, max-image-preview:large, max-video-preview:-1\" \/>\n<link rel=\"canonical\" href=\"https:\/\/pfeifenundzigarren.de\/es\/Produkt\/elektrischer-zigarrenschrank-fuer-den-gewerblichen-gebrauch-mit-platz-fuer-150-zigarren\/\" \/>\n<meta property=\"og:locale\" content=\"es_ES\" \/>\n<meta property=\"og:type\" content=\"article\" \/>\n<meta property=\"og:title\" content=\"Elektrischer Zigarrenschrank f\u00fcr den gewerblichen Gebrauch mit Platz f\u00fcr 150 Zigarren\" \/>\n<meta property=\"og:description\" content=\"Luftzirkulation und Bel\u00fcftung Unser kommerzieller Humidor verf\u00fcgt \u00fcber zus\u00e4tzliche Bel\u00fcftungskan\u00e4le an Vorder- und R\u00fcckwand, die eine gleichm\u00e4\u00dfige Luftzirkulation gew\u00e4hrleisten.Durch die\" \/>\n<meta property=\"og:url\" content=\"https:\/\/pfeifenundzigarren.de\/es\/Produkt\/elektrischer-zigarrenschrank-fuer-den-gewerblichen-gebrauch-mit-platz-fuer-150-zigarren\/\" \/>\n<meta property=\"og:site_name\" content=\"Der beste Onlineshop f\u00fcr Pfeifen und Zigarrenzubeh\u00f6r in Deutschland\" \/>\n<meta property=\"article:modified_time\" content=\"2025-10-09T00:57:49+00:00\" \/>\n<meta property=\"og:image\" content=\"https:\/\/pfeifenundzigarren.de\/wp-content\/uploads\/2024\/09\/1717407808215-ba090859d6fd4a9fbb4a9ea90176b500-goods.png\" \/>\n\t<meta property=\"og:image:width\" content=\"800\" \/>\n\t<meta property=\"og:image:height\" content=\"800\" \/>\n\t<meta property=\"og:image:type\" content=\"image\/png\" \/>\n<meta name=\"twitter:card\" content=\"summary_large_image\" \/>\n<meta name=\"twitter:label1\" content=\"Tiempo de lectura\" \/>\n\t<meta name=\"twitter:data1\" content=\"1 minuto\" \/>\n<script type=\"application\/ld+json\" class=\"yoast-schema-graph\">{\"@context\":\"https:\\\/\\\/schema.org\",\"@graph\":[{\"@type\":\"WebPage\",\"@id\":\"https:\\\/\\\/pfeifenundzigarren.de\\\/Produkt\\\/elektrischer-zigarrenschrank-fuer-den-gewerblichen-gebrauch-mit-platz-fuer-150-zigarren\\\/\",\"url\":\"https:\\\/\\\/pfeifenundzigarren.de\\\/Produkt\\\/elektrischer-zigarrenschrank-fuer-den-gewerblichen-gebrauch-mit-platz-fuer-150-zigarren\\\/\",\"name\":\"Elektrischer Zigarrenschrank f\u00fcr den gewerblichen Gebrauch mit Platz f\u00fcr 150 Zigarren - Der beste Onlineshop f\u00fcr Pfeifen und Zigarrenzubeh\u00f6r in Deutschland\",\"isPartOf\":{\"@id\":\"https:\\\/\\\/lime-nightingale-562313.hostingersite.com\\\/#website\"},\"primaryImageOfPage\":{\"@id\":\"https:\\\/\\\/pfeifenundzigarren.de\\\/Produkt\\\/elektrischer-zigarrenschrank-fuer-den-gewerblichen-gebrauch-mit-platz-fuer-150-zigarren\\\/#primaryimage\"},\"image\":{\"@id\":\"https:\\\/\\\/pfeifenundzigarren.de\\\/Produkt\\\/elektrischer-zigarrenschrank-fuer-den-gewerblichen-gebrauch-mit-platz-fuer-150-zigarren\\\/#primaryimage\"},\"thumbnailUrl\":\"https:\\\/\\\/pfeifenundzigarren.de\\\/wp-content\\\/uploads\\\/2024\\\/09\\\/1717407808215-ba090859d6fd4a9fbb4a9ea90176b500-goods.png\",\"datePublished\":\"2024-09-09T01:31:18+00:00\",\"dateModified\":\"2025-10-09T00:57:49+00:00\",\"breadcrumb\":{\"@id\":\"https:\\\/\\\/pfeifenundzigarren.de\\\/Produkt\\\/elektrischer-zigarrenschrank-fuer-den-gewerblichen-gebrauch-mit-platz-fuer-150-zigarren\\\/#breadcrumb\"},\"inLanguage\":\"es\",\"potentialAction\":[{\"@type\":\"ReadAction\",\"target\":[\"https:\\\/\\\/pfeifenundzigarren.de\\\/Produkt\\\/elektrischer-zigarrenschrank-fuer-den-gewerblichen-gebrauch-mit-platz-fuer-150-zigarren\\\/\"]}]},{\"@type\":\"ImageObject\",\"inLanguage\":\"es\",\"@id\":\"https:\\\/\\\/pfeifenundzigarren.de\\\/Produkt\\\/elektrischer-zigarrenschrank-fuer-den-gewerblichen-gebrauch-mit-platz-fuer-150-zigarren\\\/#primaryimage\",\"url\":\"https:\\\/\\\/pfeifenundzigarren.de\\\/wp-content\\\/uploads\\\/2024\\\/09\\\/1717407808215-ba090859d6fd4a9fbb4a9ea90176b500-goods.png\",\"contentUrl\":\"https:\\\/\\\/pfeifenundzigarren.de\\\/wp-content\\\/uploads\\\/2024\\\/09\\\/1717407808215-ba090859d6fd4a9fbb4a9ea90176b500-goods.png\",\"width\":800,\"height\":800,\"caption\":\"Elektrischer Zigarrenschrank f\u00fcr den gewerblichen Gebrauch mit Platz f\u00fcr 150 Zigarren\"},{\"@type\":\"BreadcrumbList\",\"@id\":\"https:\\\/\\\/pfeifenundzigarren.de\\\/Produkt\\\/elektrischer-zigarrenschrank-fuer-den-gewerblichen-gebrauch-mit-platz-fuer-150-zigarren\\\/#breadcrumb\",\"itemListElement\":[{\"@type\":\"ListItem\",\"position\":1,\"name\":\"Home\",\"item\":\"https:\\\/\\\/lime-nightingale-562313.hostingersite.com\\\/\"},{\"@type\":\"ListItem\",\"position\":2,\"name\":\"Shop\",\"item\":\"https:\\\/\\\/lime-nightingale-562313.hostingersite.com\\\/shop\\\/\"},{\"@type\":\"ListItem\",\"position\":3,\"name\":\"Elektrischer Zigarrenschrank f\u00fcr den gewerblichen Gebrauch mit Platz f\u00fcr 150 Zigarren\"}]},{\"@type\":\"WebSite\",\"@id\":\"https:\\\/\\\/lime-nightingale-562313.hostingersite.com\\\/#website\",\"url\":\"https:\\\/\\\/lime-nightingale-562313.hostingersite.com\\\/\",\"name\":\"Der beste Onlineshop f\u00fcr Pfeifen und Zigarrenzubeh\u00f6r in Deutschland\",\"description\":\"\",\"publisher\":{\"@id\":\"https:\\\/\\\/lime-nightingale-562313.hostingersite.com\\\/#organization\"},\"potentialAction\":[{\"@type\":\"SearchAction\",\"target\":{\"@type\":\"EntryPoint\",\"urlTemplate\":\"https:\\\/\\\/lime-nightingale-562313.hostingersite.com\\\/?s={search_term_string}\"},\"query-input\":{\"@type\":\"PropertyValueSpecification\",\"valueRequired\":true,\"valueName\":\"search_term_string\"}}],\"inLanguage\":\"es\"},{\"@type\":\"Organization\",\"@id\":\"https:\\\/\\\/lime-nightingale-562313.hostingersite.com\\\/#organization\",\"name\":\"Der beste Onlineshop f\u00fcr Pfeifen und Zigarrenzubeh\u00f6r in Deutschland\",\"url\":\"https:\\\/\\\/lime-nightingale-562313.hostingersite.com\\\/\",\"logo\":{\"@type\":\"ImageObject\",\"inLanguage\":\"es\",\"@id\":\"https:\\\/\\\/lime-nightingale-562313.hostingersite.com\\\/#\\\/schema\\\/logo\\\/image\\\/\",\"url\":\"https:\\\/\\\/pfeifenundzigarren.de\\\/wp-content\\\/uploads\\\/2024\\\/09\\\/cropped-Luxury-and-Vintage-Ornamental-Coffee-Shop-Logo.png\",\"contentUrl\":\"https:\\\/\\\/pfeifenundzigarren.de\\\/wp-content\\\/uploads\\\/2024\\\/09\\\/cropped-Luxury-and-Vintage-Ornamental-Coffee-Shop-Logo.png\",\"width\":512,\"height\":512,\"caption\":\"Der beste Onlineshop f\u00fcr Pfeifen und Zigarrenzubeh\u00f6r in Deutschland\"},\"image\":{\"@id\":\"https:\\\/\\\/lime-nightingale-562313.hostingersite.com\\\/#\\\/schema\\\/logo\\\/image\\\/\"}}]}<\/script>\n<!-- \/ Yoast SEO Premium plugin. -->","yoast_head_json":{"title":"Elektrischer Zigarrenschrank f\u00fcr den gewerblichen Gebrauch mit Platz f\u00fcr 150 Zigarren - Der beste Onlineshop f\u00fcr Pfeifen und Zigarrenzubeh\u00f6r in Deutschland","robots":{"index":"index","follow":"follow","max-snippet":"max-snippet:-1","max-image-preview":"max-image-preview:large","max-video-preview":"max-video-preview:-1"},"canonical":"https:\/\/pfeifenundzigarren.de\/es\/Produkt\/elektrischer-zigarrenschrank-fuer-den-gewerblichen-gebrauch-mit-platz-fuer-150-zigarren\/","og_locale":"es_ES","og_type":"article","og_title":"Elektrischer Zigarrenschrank f\u00fcr den gewerblichen Gebrauch mit Platz f\u00fcr 150 Zigarren","og_description":"Luftzirkulation und Bel\u00fcftung Unser kommerzieller Humidor verf\u00fcgt \u00fcber zus\u00e4tzliche Bel\u00fcftungskan\u00e4le an Vorder- und R\u00fcckwand, die eine gleichm\u00e4\u00dfige Luftzirkulation gew\u00e4hrleisten.Durch die","og_url":"https:\/\/pfeifenundzigarren.de\/es\/Produkt\/elektrischer-zigarrenschrank-fuer-den-gewerblichen-gebrauch-mit-platz-fuer-150-zigarren\/","og_site_name":"Der beste Onlineshop f\u00fcr Pfeifen und Zigarrenzubeh\u00f6r in Deutschland","article_modified_time":"2025-10-09T00:57:49+00:00","og_image":[{"width":800,"height":800,"url":"https:\/\/pfeifenundzigarren.de\/wp-content\/uploads\/2024\/09\/1717407808215-ba090859d6fd4a9fbb4a9ea90176b500-goods.png","type":"image\/png"}],"twitter_card":"summary_large_image","twitter_misc":{"Tiempo de lectura":"1 minuto"},"schema":{"@context":"https:\/\/schema.org","@graph":[{"@type":"WebPage","@id":"https:\/\/pfeifenundzigarren.de\/Produkt\/elektrischer-zigarrenschrank-fuer-den-gewerblichen-gebrauch-mit-platz-fuer-150-zigarren\/","url":"https:\/\/pfeifenundzigarren.de\/Produkt\/elektrischer-zigarrenschrank-fuer-den-gewerblichen-gebrauch-mit-platz-fuer-150-zigarren\/","name":"Elektrischer Zigarrenschrank f\u00fcr den gewerblichen Gebrauch mit Platz f\u00fcr 150 Zigarren - Der beste Onlineshop f\u00fcr Pfeifen und Zigarrenzubeh\u00f6r in Deutschland","isPartOf":{"@id":"https:\/\/lime-nightingale-562313.hostingersite.com\/#website"},"primaryImageOfPage":{"@id":"https:\/\/pfeifenundzigarren.de\/Produkt\/elektrischer-zigarrenschrank-fuer-den-gewerblichen-gebrauch-mit-platz-fuer-150-zigarren\/#primaryimage"},"image":{"@id":"https:\/\/pfeifenundzigarren.de\/Produkt\/elektrischer-zigarrenschrank-fuer-den-gewerblichen-gebrauch-mit-platz-fuer-150-zigarren\/#primaryimage"},"thumbnailUrl":"https:\/\/pfeifenundzigarren.de\/wp-content\/uploads\/2024\/09\/1717407808215-ba090859d6fd4a9fbb4a9ea90176b500-goods.png","datePublished":"2024-09-09T01:31:18+00:00","dateModified":"2025-10-09T00:57:49+00:00","breadcrumb":{"@id":"https:\/\/pfeifenundzigarren.de\/Produkt\/elektrischer-zigarrenschrank-fuer-den-gewerblichen-gebrauch-mit-platz-fuer-150-zigarren\/#breadcrumb"},"inLanguage":"es","potentialAction":[{"@type":"ReadAction","target":["https:\/\/pfeifenundzigarren.de\/Produkt\/elektrischer-zigarrenschrank-fuer-den-gewerblichen-gebrauch-mit-platz-fuer-150-zigarren\/"]}]},{"@type":"ImageObject","inLanguage":"es","@id":"https:\/\/pfeifenundzigarren.de\/Produkt\/elektrischer-zigarrenschrank-fuer-den-gewerblichen-gebrauch-mit-platz-fuer-150-zigarren\/#primaryimage","url":"https:\/\/pfeifenundzigarren.de\/wp-content\/uploads\/2024\/09\/1717407808215-ba090859d6fd4a9fbb4a9ea90176b500-goods.png","contentUrl":"https:\/\/pfeifenundzigarren.de\/wp-content\/uploads\/2024\/09\/1717407808215-ba090859d6fd4a9fbb4a9ea90176b500-goods.png","width":800,"height":800,"caption":"Elektrischer Zigarrenschrank f\u00fcr den gewerblichen Gebrauch mit Platz f\u00fcr 150 Zigarren"},{"@type":"BreadcrumbList","@id":"https:\/\/pfeifenundzigarren.de\/Produkt\/elektrischer-zigarrenschrank-fuer-den-gewerblichen-gebrauch-mit-platz-fuer-150-zigarren\/#breadcrumb","itemListElement":[{"@type":"ListItem","position":1,"name":"Home","item":"https:\/\/lime-nightingale-562313.hostingersite.com\/"},{"@type":"ListItem","position":2,"name":"Shop","item":"https:\/\/lime-nightingale-562313.hostingersite.com\/shop\/"},{"@type":"ListItem","position":3,"name":"Elektrischer Zigarrenschrank f\u00fcr den gewerblichen Gebrauch mit Platz f\u00fcr 150 Zigarren"}]},{"@type":"WebSite","@id":"https:\/\/lime-nightingale-562313.hostingersite.com\/#website","url":"https:\/\/lime-nightingale-562313.hostingersite.com\/","name":"La mejor tienda en l\u00ednea de pipas y accesorios para puros de Alemania","description":"","publisher":{"@id":"https:\/\/lime-nightingale-562313.hostingersite.com\/#organization"},"potentialAction":[{"@type":"SearchAction","target":{"@type":"EntryPoint","urlTemplate":"https:\/\/lime-nightingale-562313.hostingersite.com\/?s={search_term_string}"},"query-input":{"@type":"PropertyValueSpecification","valueRequired":true,"valueName":"search_term_string"}}],"inLanguage":"es"},{"@type":"Organization","@id":"https:\/\/lime-nightingale-562313.hostingersite.com\/#organization","name":"La mejor tienda en l\u00ednea de pipas y accesorios para puros de Alemania","url":"https:\/\/lime-nightingale-562313.hostingersite.com\/","logo":{"@type":"ImageObject","inLanguage":"es","@id":"https:\/\/lime-nightingale-562313.hostingersite.com\/#\/schema\/logo\/image\/","url":"https:\/\/pfeifenundzigarren.de\/wp-content\/uploads\/2024\/09\/cropped-Luxury-and-Vintage-Ornamental-Coffee-Shop-Logo.png","contentUrl":"https:\/\/pfeifenundzigarren.de\/wp-content\/uploads\/2024\/09\/cropped-Luxury-and-Vintage-Ornamental-Coffee-Shop-Logo.png","width":512,"height":512,"caption":"Der beste Onlineshop f\u00fcr Pfeifen und Zigarrenzubeh\u00f6r in Deutschland"},"image":{"@id":"https:\/\/lime-nightingale-562313.hostingersite.com\/#\/schema\/logo\/image\/"}}]}},"_links":{"self":[{"href":"https:\/\/pfeifenundzigarren.de\/es\/wp-json\/wp\/v2\/product\/2311","targetHints":{"allow":["GET"]}}],"collection":[{"href":"https:\/\/pfeifenundzigarren.de\/es\/wp-json\/wp\/v2\/product"}],"about":[{"href":"https:\/\/pfeifenundzigarren.de\/es\/wp-json\/wp\/v2\/types\/product"}],"replies":[{"embeddable":true,"href":"https:\/\/pfeifenundzigarren.de\/es\/wp-json\/wp\/v2\/comments?post=2311"}],"version-history":[{"count":0,"href":"https:\/\/pfeifenundzigarren.de\/es\/wp-json\/wp\/v2\/product\/2311\/revisions"}],"wp:featuredmedia":[{"embeddable":true,"href":"https:\/\/pfeifenundzigarren.de\/es\/wp-json\/wp\/v2\/media\/2400"}],"wp:attachment":[{"href":"https:\/\/pfeifenundzigarren.de\/es\/wp-json\/wp\/v2\/media?parent=2311"}],"wp:term":[{"taxonomy":"product_brand","embeddable":true,"href":"https:\/\/pfeifenundzigarren.de\/es\/wp-json\/wp\/v2\/product_brand?post=2311"},{"taxonomy":"product_cat","embeddable":true,"href":"https:\/\/pfeifenundzigarren.de\/es\/wp-json\/wp\/v2\/product_cat?post=2311"},{"taxonomy":"product_tag","embeddable":true,"href":"https:\/\/pfeifenundzigarren.de\/es\/wp-json\/wp\/v2\/product_tag?post=2311"}],"curies":[{"name":"wp","href":"https:\/\/api.w.org\/{rel}","templated":true}]}}