{"id":2308,"date":"2024-09-09T03:31:18","date_gmt":"2024-09-09T01:31:18","guid":{"rendered":"https:\/\/pfeifenundzigarren.de\/Produkt\/14-53-%e5%8a%a0%e4%bb%91%e9%9b%aa%e8%8c%84%e4%bf%9d%e6%b9%bf%e6%9f%9c%ef%bc%8c600-%e6%94%af%e9%9b%aa%e8%8c%84%e5%ae%b9%e9%87%8f%ef%bc%8c%e5%b8%a6%e5%8a%a0%e7%83%ad%e5%92%8c%e5%88%b6%e5%86%b7%e6%b8%"},"modified":"2025-10-09T02:57:23","modified_gmt":"2025-10-09T00:57:23","slug":"freistehender-zigarrenschrank-im-modernen-design-fuer-600-zigarren","status":"publish","type":"product","link":"https:\/\/pfeifenundzigarren.de\/es\/Produkt\/freistehender-zigarrenschrank-im-modernen-design-fuer-600-zigarren\/","title":{"rendered":"Armario para puros independiente de dise\u00f1o moderno para 600 puros"},"content":{"rendered":"<div><img decoding=\"async\" src=\"http:\/\/pfeifenundzigarren.de\/wp-content\/uploads\/2024\/09\/18d9f0d9-c7e2-492b-af21-485d86a974dc.jpg\" alt=\"\"><\/div>\n<div><img decoding=\"async\" src=\"http:\/\/pfeifenundzigarren.de\/wp-content\/uploads\/2024\/09\/bafa99bb-fb82-46df-91f9-5ed59d762490.jpg\" alt=\"\"><\/div>\n<div><img decoding=\"async\" src=\"http:\/\/pfeifenundzigarren.de\/wp-content\/uploads\/2024\/09\/c7e02c5f-3041-44d0-8765-160b3469e9ce.jpg\" alt=\"\"><\/div>\n<div><img decoding=\"async\" src=\"http:\/\/pfeifenundzigarren.de\/wp-content\/uploads\/2024\/09\/d00fa503-5009-4fb4-b22d-344bf4bbd093.jpg\" alt=\"\"><\/div>\n<div><img decoding=\"async\" src=\"http:\/\/pfeifenundzigarren.de\/wp-content\/uploads\/2024\/09\/2a587b2a-d7be-45d2-b53d-71f89ff8b017.jpg\" alt=\"\"><\/div>\n<div><img decoding=\"async\" src=\"http:\/\/pfeifenundzigarren.de\/wp-content\/uploads\/2024\/09\/d0bae897-48b2-4ca7-a221-439a4f93d681.jpg\" alt=\"\"><\/div>\n<div><img decoding=\"async\" src=\"http:\/\/pfeifenundzigarren.de\/wp-content\/uploads\/2024\/09\/afd42dd6-ff3b-4a83-acc7-24e0ec6490d4.jpg\" alt=\"\"><\/div>","protected":false},"excerpt":{"rendered":"","protected":false},"featured_media":2349,"comment_status":"open","ping_status":"closed","template":"","meta":[],"product_brand":[],"product_cat":[79,70],"product_tag":[],"class_list":{"0":"post-2308","1":"product","2":"type-product","3":"status-publish","4":"has-post-thumbnail","6":"product_cat-humidor-schrank","7":"product_cat-pfeife","9":"first","10":"instock","11":"sale","12":"shipping-taxable","13":"purchasable","14":"product-type-simple"},"yoast_head":"<!-- This site is optimized with the Yoast SEO Premium plugin v26.7 (Yoast SEO v27.4) - https:\/\/yoast.com\/product\/yoast-seo-premium-wordpress\/ -->\n<title>Freistehender Zigarrenschrank im modernen Design f\u00fcr 600 Zigarren - Der beste Onlineshop f\u00fcr Pfeifen und Zigarrenzubeh\u00f6r in Deutschland<\/title>\n<meta name=\"robots\" content=\"index, follow, max-snippet:-1, max-image-preview:large, max-video-preview:-1\" \/>\n<link rel=\"canonical\" href=\"https:\/\/pfeifenundzigarren.de\/es\/Produkt\/freistehender-zigarrenschrank-im-modernen-design-fuer-600-zigarren\/\" \/>\n<meta property=\"og:locale\" content=\"es_ES\" \/>\n<meta property=\"og:type\" content=\"article\" \/>\n<meta property=\"og:title\" content=\"Freistehender Zigarrenschrank im modernen Design f\u00fcr 600 Zigarren\" \/>\n<meta property=\"og:url\" content=\"https:\/\/pfeifenundzigarren.de\/es\/Produkt\/freistehender-zigarrenschrank-im-modernen-design-fuer-600-zigarren\/\" \/>\n<meta property=\"og:site_name\" content=\"Der beste Onlineshop f\u00fcr Pfeifen und Zigarrenzubeh\u00f6r in Deutschland\" \/>\n<meta property=\"article:modified_time\" content=\"2025-10-09T00:57:23+00:00\" \/>\n<meta property=\"og:image\" content=\"https:\/\/pfeifenundzigarren.de\/wp-content\/uploads\/2024\/09\/18d9f0d9-c7e2-492b-af21-485d86a974dc.jpg\" \/>\n\t<meta property=\"og:image:width\" content=\"1600\" \/>\n\t<meta property=\"og:image:height\" content=\"1600\" \/>\n\t<meta property=\"og:image:type\" content=\"image\/jpeg\" \/>\n<meta name=\"twitter:card\" content=\"summary_large_image\" \/>\n<script type=\"application\/ld+json\" class=\"yoast-schema-graph\">{\"@context\":\"https:\\\/\\\/schema.org\",\"@graph\":[{\"@type\":\"WebPage\",\"@id\":\"https:\\\/\\\/pfeifenundzigarren.de\\\/Produkt\\\/freistehender-zigarrenschrank-im-modernen-design-fuer-600-zigarren\\\/\",\"url\":\"https:\\\/\\\/pfeifenundzigarren.de\\\/Produkt\\\/freistehender-zigarrenschrank-im-modernen-design-fuer-600-zigarren\\\/\",\"name\":\"Freistehender Zigarrenschrank im modernen Design f\u00fcr 600 Zigarren - Der beste Onlineshop f\u00fcr Pfeifen und Zigarrenzubeh\u00f6r in Deutschland\",\"isPartOf\":{\"@id\":\"https:\\\/\\\/lime-nightingale-562313.hostingersite.com\\\/#website\"},\"primaryImageOfPage\":{\"@id\":\"https:\\\/\\\/pfeifenundzigarren.de\\\/Produkt\\\/freistehender-zigarrenschrank-im-modernen-design-fuer-600-zigarren\\\/#primaryimage\"},\"image\":{\"@id\":\"https:\\\/\\\/pfeifenundzigarren.de\\\/Produkt\\\/freistehender-zigarrenschrank-im-modernen-design-fuer-600-zigarren\\\/#primaryimage\"},\"thumbnailUrl\":\"https:\\\/\\\/pfeifenundzigarren.de\\\/wp-content\\\/uploads\\\/2024\\\/09\\\/18d9f0d9-c7e2-492b-af21-485d86a974dc.jpg\",\"datePublished\":\"2024-09-09T01:31:18+00:00\",\"dateModified\":\"2025-10-09T00:57:23+00:00\",\"breadcrumb\":{\"@id\":\"https:\\\/\\\/pfeifenundzigarren.de\\\/Produkt\\\/freistehender-zigarrenschrank-im-modernen-design-fuer-600-zigarren\\\/#breadcrumb\"},\"inLanguage\":\"es\",\"potentialAction\":[{\"@type\":\"ReadAction\",\"target\":[\"https:\\\/\\\/pfeifenundzigarren.de\\\/Produkt\\\/freistehender-zigarrenschrank-im-modernen-design-fuer-600-zigarren\\\/\"]}]},{\"@type\":\"ImageObject\",\"inLanguage\":\"es\",\"@id\":\"https:\\\/\\\/pfeifenundzigarren.de\\\/Produkt\\\/freistehender-zigarrenschrank-im-modernen-design-fuer-600-zigarren\\\/#primaryimage\",\"url\":\"https:\\\/\\\/pfeifenundzigarren.de\\\/wp-content\\\/uploads\\\/2024\\\/09\\\/18d9f0d9-c7e2-492b-af21-485d86a974dc.jpg\",\"contentUrl\":\"https:\\\/\\\/pfeifenundzigarren.de\\\/wp-content\\\/uploads\\\/2024\\\/09\\\/18d9f0d9-c7e2-492b-af21-485d86a974dc.jpg\",\"width\":1600,\"height\":1600,\"caption\":\"Freistehender Zigarrenschrank im modernen Design f\u00fcr 600 Zigarren\"},{\"@type\":\"BreadcrumbList\",\"@id\":\"https:\\\/\\\/pfeifenundzigarren.de\\\/Produkt\\\/freistehender-zigarrenschrank-im-modernen-design-fuer-600-zigarren\\\/#breadcrumb\",\"itemListElement\":[{\"@type\":\"ListItem\",\"position\":1,\"name\":\"Home\",\"item\":\"https:\\\/\\\/lime-nightingale-562313.hostingersite.com\\\/\"},{\"@type\":\"ListItem\",\"position\":2,\"name\":\"Shop\",\"item\":\"https:\\\/\\\/lime-nightingale-562313.hostingersite.com\\\/shop\\\/\"},{\"@type\":\"ListItem\",\"position\":3,\"name\":\"Freistehender Zigarrenschrank im modernen Design f\u00fcr 600 Zigarren\"}]},{\"@type\":\"WebSite\",\"@id\":\"https:\\\/\\\/lime-nightingale-562313.hostingersite.com\\\/#website\",\"url\":\"https:\\\/\\\/lime-nightingale-562313.hostingersite.com\\\/\",\"name\":\"Der beste Onlineshop f\u00fcr Pfeifen und Zigarrenzubeh\u00f6r in Deutschland\",\"description\":\"\",\"publisher\":{\"@id\":\"https:\\\/\\\/lime-nightingale-562313.hostingersite.com\\\/#organization\"},\"potentialAction\":[{\"@type\":\"SearchAction\",\"target\":{\"@type\":\"EntryPoint\",\"urlTemplate\":\"https:\\\/\\\/lime-nightingale-562313.hostingersite.com\\\/?s={search_term_string}\"},\"query-input\":{\"@type\":\"PropertyValueSpecification\",\"valueRequired\":true,\"valueName\":\"search_term_string\"}}],\"inLanguage\":\"es\"},{\"@type\":\"Organization\",\"@id\":\"https:\\\/\\\/lime-nightingale-562313.hostingersite.com\\\/#organization\",\"name\":\"Der beste Onlineshop f\u00fcr Pfeifen und Zigarrenzubeh\u00f6r in Deutschland\",\"url\":\"https:\\\/\\\/lime-nightingale-562313.hostingersite.com\\\/\",\"logo\":{\"@type\":\"ImageObject\",\"inLanguage\":\"es\",\"@id\":\"https:\\\/\\\/lime-nightingale-562313.hostingersite.com\\\/#\\\/schema\\\/logo\\\/image\\\/\",\"url\":\"https:\\\/\\\/pfeifenundzigarren.de\\\/wp-content\\\/uploads\\\/2024\\\/09\\\/cropped-Luxury-and-Vintage-Ornamental-Coffee-Shop-Logo.png\",\"contentUrl\":\"https:\\\/\\\/pfeifenundzigarren.de\\\/wp-content\\\/uploads\\\/2024\\\/09\\\/cropped-Luxury-and-Vintage-Ornamental-Coffee-Shop-Logo.png\",\"width\":512,\"height\":512,\"caption\":\"Der beste Onlineshop f\u00fcr Pfeifen und Zigarrenzubeh\u00f6r in Deutschland\"},\"image\":{\"@id\":\"https:\\\/\\\/lime-nightingale-562313.hostingersite.com\\\/#\\\/schema\\\/logo\\\/image\\\/\"}}]}<\/script>\n<!-- \/ Yoast SEO Premium plugin. -->","yoast_head_json":{"title":"Freistehender Zigarrenschrank im modernen Design f\u00fcr 600 Zigarren - Der beste Onlineshop f\u00fcr Pfeifen und Zigarrenzubeh\u00f6r in Deutschland","robots":{"index":"index","follow":"follow","max-snippet":"max-snippet:-1","max-image-preview":"max-image-preview:large","max-video-preview":"max-video-preview:-1"},"canonical":"https:\/\/pfeifenundzigarren.de\/es\/Produkt\/freistehender-zigarrenschrank-im-modernen-design-fuer-600-zigarren\/","og_locale":"es_ES","og_type":"article","og_title":"Freistehender Zigarrenschrank im modernen Design f\u00fcr 600 Zigarren","og_url":"https:\/\/pfeifenundzigarren.de\/es\/Produkt\/freistehender-zigarrenschrank-im-modernen-design-fuer-600-zigarren\/","og_site_name":"Der beste Onlineshop f\u00fcr Pfeifen und Zigarrenzubeh\u00f6r in Deutschland","article_modified_time":"2025-10-09T00:57:23+00:00","og_image":[{"width":1600,"height":1600,"url":"https:\/\/pfeifenundzigarren.de\/wp-content\/uploads\/2024\/09\/18d9f0d9-c7e2-492b-af21-485d86a974dc.jpg","type":"image\/jpeg"}],"twitter_card":"summary_large_image","schema":{"@context":"https:\/\/schema.org","@graph":[{"@type":"WebPage","@id":"https:\/\/pfeifenundzigarren.de\/Produkt\/freistehender-zigarrenschrank-im-modernen-design-fuer-600-zigarren\/","url":"https:\/\/pfeifenundzigarren.de\/Produkt\/freistehender-zigarrenschrank-im-modernen-design-fuer-600-zigarren\/","name":"Freistehender Zigarrenschrank im modernen Design f\u00fcr 600 Zigarren - Der beste Onlineshop f\u00fcr Pfeifen und Zigarrenzubeh\u00f6r in Deutschland","isPartOf":{"@id":"https:\/\/lime-nightingale-562313.hostingersite.com\/#website"},"primaryImageOfPage":{"@id":"https:\/\/pfeifenundzigarren.de\/Produkt\/freistehender-zigarrenschrank-im-modernen-design-fuer-600-zigarren\/#primaryimage"},"image":{"@id":"https:\/\/pfeifenundzigarren.de\/Produkt\/freistehender-zigarrenschrank-im-modernen-design-fuer-600-zigarren\/#primaryimage"},"thumbnailUrl":"https:\/\/pfeifenundzigarren.de\/wp-content\/uploads\/2024\/09\/18d9f0d9-c7e2-492b-af21-485d86a974dc.jpg","datePublished":"2024-09-09T01:31:18+00:00","dateModified":"2025-10-09T00:57:23+00:00","breadcrumb":{"@id":"https:\/\/pfeifenundzigarren.de\/Produkt\/freistehender-zigarrenschrank-im-modernen-design-fuer-600-zigarren\/#breadcrumb"},"inLanguage":"es","potentialAction":[{"@type":"ReadAction","target":["https:\/\/pfeifenundzigarren.de\/Produkt\/freistehender-zigarrenschrank-im-modernen-design-fuer-600-zigarren\/"]}]},{"@type":"ImageObject","inLanguage":"es","@id":"https:\/\/pfeifenundzigarren.de\/Produkt\/freistehender-zigarrenschrank-im-modernen-design-fuer-600-zigarren\/#primaryimage","url":"https:\/\/pfeifenundzigarren.de\/wp-content\/uploads\/2024\/09\/18d9f0d9-c7e2-492b-af21-485d86a974dc.jpg","contentUrl":"https:\/\/pfeifenundzigarren.de\/wp-content\/uploads\/2024\/09\/18d9f0d9-c7e2-492b-af21-485d86a974dc.jpg","width":1600,"height":1600,"caption":"Freistehender Zigarrenschrank im modernen Design f\u00fcr 600 Zigarren"},{"@type":"BreadcrumbList","@id":"https:\/\/pfeifenundzigarren.de\/Produkt\/freistehender-zigarrenschrank-im-modernen-design-fuer-600-zigarren\/#breadcrumb","itemListElement":[{"@type":"ListItem","position":1,"name":"Home","item":"https:\/\/lime-nightingale-562313.hostingersite.com\/"},{"@type":"ListItem","position":2,"name":"Shop","item":"https:\/\/lime-nightingale-562313.hostingersite.com\/shop\/"},{"@type":"ListItem","position":3,"name":"Freistehender Zigarrenschrank im modernen Design f\u00fcr 600 Zigarren"}]},{"@type":"WebSite","@id":"https:\/\/lime-nightingale-562313.hostingersite.com\/#website","url":"https:\/\/lime-nightingale-562313.hostingersite.com\/","name":"La mejor tienda en l\u00ednea de pipas y accesorios para puros de Alemania","description":"","publisher":{"@id":"https:\/\/lime-nightingale-562313.hostingersite.com\/#organization"},"potentialAction":[{"@type":"SearchAction","target":{"@type":"EntryPoint","urlTemplate":"https:\/\/lime-nightingale-562313.hostingersite.com\/?s={search_term_string}"},"query-input":{"@type":"PropertyValueSpecification","valueRequired":true,"valueName":"search_term_string"}}],"inLanguage":"es"},{"@type":"Organization","@id":"https:\/\/lime-nightingale-562313.hostingersite.com\/#organization","name":"La mejor tienda en l\u00ednea de pipas y accesorios para puros de Alemania","url":"https:\/\/lime-nightingale-562313.hostingersite.com\/","logo":{"@type":"ImageObject","inLanguage":"es","@id":"https:\/\/lime-nightingale-562313.hostingersite.com\/#\/schema\/logo\/image\/","url":"https:\/\/pfeifenundzigarren.de\/wp-content\/uploads\/2024\/09\/cropped-Luxury-and-Vintage-Ornamental-Coffee-Shop-Logo.png","contentUrl":"https:\/\/pfeifenundzigarren.de\/wp-content\/uploads\/2024\/09\/cropped-Luxury-and-Vintage-Ornamental-Coffee-Shop-Logo.png","width":512,"height":512,"caption":"Der beste Onlineshop f\u00fcr Pfeifen und Zigarrenzubeh\u00f6r in Deutschland"},"image":{"@id":"https:\/\/lime-nightingale-562313.hostingersite.com\/#\/schema\/logo\/image\/"}}]}},"_links":{"self":[{"href":"https:\/\/pfeifenundzigarren.de\/es\/wp-json\/wp\/v2\/product\/2308","targetHints":{"allow":["GET"]}}],"collection":[{"href":"https:\/\/pfeifenundzigarren.de\/es\/wp-json\/wp\/v2\/product"}],"about":[{"href":"https:\/\/pfeifenundzigarren.de\/es\/wp-json\/wp\/v2\/types\/product"}],"replies":[{"embeddable":true,"href":"https:\/\/pfeifenundzigarren.de\/es\/wp-json\/wp\/v2\/comments?post=2308"}],"version-history":[{"count":0,"href":"https:\/\/pfeifenundzigarren.de\/es\/wp-json\/wp\/v2\/product\/2308\/revisions"}],"wp:featuredmedia":[{"embeddable":true,"href":"https:\/\/pfeifenundzigarren.de\/es\/wp-json\/wp\/v2\/media\/2349"}],"wp:attachment":[{"href":"https:\/\/pfeifenundzigarren.de\/es\/wp-json\/wp\/v2\/media?parent=2308"}],"wp:term":[{"taxonomy":"product_brand","embeddable":true,"href":"https:\/\/pfeifenundzigarren.de\/es\/wp-json\/wp\/v2\/product_brand?post=2308"},{"taxonomy":"product_cat","embeddable":true,"href":"https:\/\/pfeifenundzigarren.de\/es\/wp-json\/wp\/v2\/product_cat?post=2308"},{"taxonomy":"product_tag","embeddable":true,"href":"https:\/\/pfeifenundzigarren.de\/es\/wp-json\/wp\/v2\/product_tag?post=2308"}],"curies":[{"name":"wp","href":"https:\/\/api.w.org\/{rel}","templated":true}]}}