{"id":1899,"date":"2024-09-08T02:28:55","date_gmt":"2024-09-08T00:28:55","guid":{"rendered":"https:\/\/pfeifenundzigarren.de\/?post_type=product&#038;p=1899"},"modified":"2026-02-06T02:51:13","modified_gmt":"2026-02-06T01:51:13","slug":"9mm-bruyere-tabakpfeife","status":"publish","type":"product","link":"https:\/\/pfeifenundzigarren.de\/es\/Produkt\/9mm-bruyere-tabakpfeife\/","title":{"rendered":"Pipa de tabaco de brezo de 9 mm"},"content":{"rendered":"<p>En el mundo de la fabricaci\u00f3n de pipas, hay pocos moldes que inviten tanto al tacto como \u00e9ste <strong>Pipa de tabaco de brezo de 9 mm<\/strong>. Es el m\u00e1s c\u00f3modo <strong>Pipa de tabaco<\/strong>nuestra marca <a href=\"https:\/\/pfeifenundzigarren.de\/es\/\">pipasycigarros<\/a> jam\u00e1s fabricado, hecho de la mejor madera de brezo, \u00a1cuyo tacto es sencillamente excepcional!<\/p>\n<p>El verdadero encanto de esta pipa en forma de tomate reside en la perfecta integraci\u00f3n de las vetas de la madera de brezo. La cazoleta de la pipa tiene la forma perfecta de un tomate; no subestime la artesan\u00eda de nuestros artesanos. Si busca una pipa verdaderamente excepcional<a href=\"https:\/\/pfeifenundzigarren.de\/es\/produktkategorie\/pfeife\/holz-pfeife\/bruyere-pfeifen\/\"> <strong>Tubo de brezo<\/strong><\/a> ser\u00e1 buscado por este <strong>Pipa de tabaco de 9 mm<\/strong> estar encantado. Nuestros artesanos cortan la madera de brezo a lo largo de la secci\u00f3n transversal durante el proceso de fabricaci\u00f3n. Esta t\u00e9cnica especial de corte convierte a la pipa en el lienzo perfecto para la veta \"ojo de p\u00e1jaro\". Esto da a la pipa su hermoso veteado de ojo de p\u00e1jaro.<\/p>\n<p>Aunque el cuenco es robusto, la transici\u00f3n al tallo sigue siendo elegante. Hemos creado una l\u00ednea fluida y sin fisuras entre el cuenco y el tallo, que recuerda la libertad art\u00edstica del estilo dan\u00e9s a mano alzada. Pero la belleza no es nada sin la funcionalidad. Dentro del tallo hay un dep\u00f3sito que recoge el exceso de humedad. En combinaci\u00f3n con nuestra boquilla c\u00f3nica y la boquilla P-Lip, este sistema reduce significativamente las quemaduras en la lengua y garantiza una experiencia de fumado siempre fresca y seca.<\/p>\n<p>Adem\u00e1s, la amplia c\u00e1mara de ahumado de esta pipa despliega a la perfecci\u00f3n los sabores complejos y de m\u00faltiples capas del tabaco Virginia o de las mezclas inglesas. La pipa en s\u00ed tambi\u00e9n es muy robusta y puede alojar f\u00e1cilmente una boquilla m\u00e1s gruesa con un filtro de 9 mm.<\/p>","protected":false},"excerpt":{"rendered":"<p>In der Welt der Pfeifenherstellung gibt es nur wenige Formen, die so sehr zum Anfassen einladen wie diese 9-mm-Bruy\u00e8re-Tabakpfeife. Sie<\/p>","protected":false},"featured_media":1998,"comment_status":"open","ping_status":"closed","template":"","meta":[],"product_brand":[],"product_cat":[70],"product_tag":[],"class_list":{"0":"post-1899","1":"product","2":"type-product","3":"status-publish","4":"has-post-thumbnail","6":"product_cat-pfeife","8":"first","9":"instock","10":"sale","11":"shipping-taxable","12":"purchasable","13":"product-type-variable","14":"wvs-archive-product-wrapper"},"yoast_head":"<!-- This site is optimized with the Yoast SEO Premium plugin v26.7 (Yoast SEO v26.7) - https:\/\/yoast.com\/wordpress\/plugins\/seo\/ -->\n<title>9mm Bruy\u00e8re Tabakpfeife - Der beste Onlineshop f\u00fcr Pfeifen und Zigarrenzubeh\u00f6r in Deutschland<\/title>\n<meta name=\"robots\" content=\"index, follow, max-snippet:-1, max-image-preview:large, max-video-preview:-1\" \/>\n<link rel=\"canonical\" href=\"https:\/\/pfeifenundzigarren.de\/es\/Produkt\/9mm-bruyere-tabakpfeife\/\" \/>\n<meta property=\"og:locale\" content=\"es_ES\" \/>\n<meta property=\"og:type\" content=\"article\" \/>\n<meta property=\"og:title\" content=\"9mm Bruy\u00e8re Tabakpfeife\" \/>\n<meta property=\"og:description\" content=\"In der Welt der Pfeifenherstellung gibt es nur wenige Formen, die so sehr zum Anfassen einladen wie diese 9-mm-Bruy\u00e8re-Tabakpfeife. Sie\" \/>\n<meta property=\"og:url\" content=\"https:\/\/pfeifenundzigarren.de\/es\/Produkt\/9mm-bruyere-tabakpfeife\/\" \/>\n<meta property=\"og:site_name\" content=\"Der beste Onlineshop f\u00fcr Pfeifen und Zigarrenzubeh\u00f6r in Deutschland\" \/>\n<meta property=\"article:modified_time\" content=\"2026-02-06T01:51:13+00:00\" \/>\n<meta property=\"og:image\" content=\"https:\/\/pfeifenundzigarren.de\/wp-content\/uploads\/2024\/09\/kf-S08508db33be3406d950de81e4d95a90co-Handmade-briar-tobacco-pipe-Holmes-curved-handle-pipe-acrylic-pipe-mouthpiece-9mm-pipe-channel-Father-gift.webp\" \/>\n\t<meta property=\"og:image:width\" content=\"1000\" \/>\n\t<meta property=\"og:image:height\" content=\"1000\" \/>\n\t<meta property=\"og:image:type\" content=\"image\/webp\" \/>\n<meta name=\"twitter:card\" content=\"summary_large_image\" \/>\n<meta name=\"twitter:label1\" content=\"Tiempo de lectura\" \/>\n\t<meta name=\"twitter:data1\" content=\"2 minutos\" \/>\n<script type=\"application\/ld+json\" class=\"yoast-schema-graph\">{\"@context\":\"https:\/\/schema.org\",\"@graph\":[{\"@type\":\"WebPage\",\"@id\":\"https:\/\/pfeifenundzigarren.de\/Produkt\/9mm-bruyere-tabakpfeife\/\",\"url\":\"https:\/\/pfeifenundzigarren.de\/Produkt\/9mm-bruyere-tabakpfeife\/\",\"name\":\"9mm Bruy\u00e8re Tabakpfeife - Der beste Onlineshop f\u00fcr Pfeifen und Zigarrenzubeh\u00f6r in Deutschland\",\"isPartOf\":{\"@id\":\"https:\/\/pfeifenundzigarren.de\/#website\"},\"primaryImageOfPage\":{\"@id\":\"https:\/\/pfeifenundzigarren.de\/Produkt\/9mm-bruyere-tabakpfeife\/#primaryimage\"},\"image\":{\"@id\":\"https:\/\/pfeifenundzigarren.de\/Produkt\/9mm-bruyere-tabakpfeife\/#primaryimage\"},\"thumbnailUrl\":\"https:\/\/pfeifenundzigarren.de\/wp-content\/uploads\/2024\/09\/kf-S08508db33be3406d950de81e4d95a90co-Handmade-briar-tobacco-pipe-Holmes-curved-handle-pipe-acrylic-pipe-mouthpiece-9mm-pipe-channel-Father-gift.webp\",\"datePublished\":\"2024-09-08T00:28:55+00:00\",\"dateModified\":\"2026-02-06T01:51:13+00:00\",\"breadcrumb\":{\"@id\":\"https:\/\/pfeifenundzigarren.de\/Produkt\/9mm-bruyere-tabakpfeife\/#breadcrumb\"},\"inLanguage\":\"es\",\"potentialAction\":[{\"@type\":\"ReadAction\",\"target\":[\"https:\/\/pfeifenundzigarren.de\/Produkt\/9mm-bruyere-tabakpfeife\/\"]}]},{\"@type\":\"ImageObject\",\"inLanguage\":\"es\",\"@id\":\"https:\/\/pfeifenundzigarren.de\/Produkt\/9mm-bruyere-tabakpfeife\/#primaryimage\",\"url\":\"https:\/\/pfeifenundzigarren.de\/wp-content\/uploads\/2024\/09\/kf-S08508db33be3406d950de81e4d95a90co-Handmade-briar-tobacco-pipe-Holmes-curved-handle-pipe-acrylic-pipe-mouthpiece-9mm-pipe-channel-Father-gift.webp\",\"contentUrl\":\"https:\/\/pfeifenundzigarren.de\/wp-content\/uploads\/2024\/09\/kf-S08508db33be3406d950de81e4d95a90co-Handmade-briar-tobacco-pipe-Holmes-curved-handle-pipe-acrylic-pipe-mouthpiece-9mm-pipe-channel-Father-gift.webp\",\"width\":1000,\"height\":1000,\"caption\":\"9mm Bruy\u00e8re Tabakpfeife\"},{\"@type\":\"BreadcrumbList\",\"@id\":\"https:\/\/pfeifenundzigarren.de\/Produkt\/9mm-bruyere-tabakpfeife\/#breadcrumb\",\"itemListElement\":[{\"@type\":\"ListItem\",\"position\":1,\"name\":\"Home\",\"item\":\"https:\/\/pfeifenundzigarren.de\/\"},{\"@type\":\"ListItem\",\"position\":2,\"name\":\"Shop\",\"item\":\"https:\/\/pfeifenundzigarren.de\/shop\/\"},{\"@type\":\"ListItem\",\"position\":3,\"name\":\"9mm Bruy\u00e8re Tabakpfeife\"}]},{\"@type\":\"WebSite\",\"@id\":\"https:\/\/pfeifenundzigarren.de\/#website\",\"url\":\"https:\/\/pfeifenundzigarren.de\/\",\"name\":\"Der beste Onlineshop f\u00fcr Pfeifen und Zigarrenzubeh\u00f6r in Deutschland\",\"description\":\"\",\"publisher\":{\"@id\":\"https:\/\/pfeifenundzigarren.de\/#organization\"},\"potentialAction\":[{\"@type\":\"SearchAction\",\"target\":{\"@type\":\"EntryPoint\",\"urlTemplate\":\"https:\/\/pfeifenundzigarren.de\/?s={search_term_string}\"},\"query-input\":{\"@type\":\"PropertyValueSpecification\",\"valueRequired\":true,\"valueName\":\"search_term_string\"}}],\"inLanguage\":\"es\"},{\"@type\":\"Organization\",\"@id\":\"https:\/\/pfeifenundzigarren.de\/#organization\",\"name\":\"Der beste Onlineshop f\u00fcr Pfeifen und Zigarrenzubeh\u00f6r in Deutschland\",\"url\":\"https:\/\/pfeifenundzigarren.de\/\",\"logo\":{\"@type\":\"ImageObject\",\"inLanguage\":\"es\",\"@id\":\"https:\/\/pfeifenundzigarren.de\/#\/schema\/logo\/image\/\",\"url\":\"https:\/\/pfeifenundzigarren.de\/wp-content\/uploads\/2024\/09\/cropped-Luxury-and-Vintage-Ornamental-Coffee-Shop-Logo.png\",\"contentUrl\":\"https:\/\/pfeifenundzigarren.de\/wp-content\/uploads\/2024\/09\/cropped-Luxury-and-Vintage-Ornamental-Coffee-Shop-Logo.png\",\"width\":512,\"height\":512,\"caption\":\"Der beste Onlineshop f\u00fcr Pfeifen und Zigarrenzubeh\u00f6r in Deutschland\"},\"image\":{\"@id\":\"https:\/\/pfeifenundzigarren.de\/#\/schema\/logo\/image\/\"}}]}<\/script>\n<!-- \/ Yoast SEO Premium plugin. -->","yoast_head_json":{"title":"9mm Bruy\u00e8re Tabakpfeife - Der beste Onlineshop f\u00fcr Pfeifen und Zigarrenzubeh\u00f6r in Deutschland","robots":{"index":"index","follow":"follow","max-snippet":"max-snippet:-1","max-image-preview":"max-image-preview:large","max-video-preview":"max-video-preview:-1"},"canonical":"https:\/\/pfeifenundzigarren.de\/es\/Produkt\/9mm-bruyere-tabakpfeife\/","og_locale":"es_ES","og_type":"article","og_title":"9mm Bruy\u00e8re Tabakpfeife","og_description":"In der Welt der Pfeifenherstellung gibt es nur wenige Formen, die so sehr zum Anfassen einladen wie diese 9-mm-Bruy\u00e8re-Tabakpfeife. Sie","og_url":"https:\/\/pfeifenundzigarren.de\/es\/Produkt\/9mm-bruyere-tabakpfeife\/","og_site_name":"Der beste Onlineshop f\u00fcr Pfeifen und Zigarrenzubeh\u00f6r in Deutschland","article_modified_time":"2026-02-06T01:51:13+00:00","og_image":[{"width":1000,"height":1000,"url":"https:\/\/pfeifenundzigarren.de\/wp-content\/uploads\/2024\/09\/kf-S08508db33be3406d950de81e4d95a90co-Handmade-briar-tobacco-pipe-Holmes-curved-handle-pipe-acrylic-pipe-mouthpiece-9mm-pipe-channel-Father-gift.webp","type":"image\/webp"}],"twitter_card":"summary_large_image","twitter_misc":{"Tiempo de lectura":"2 minutos"},"schema":{"@context":"https:\/\/schema.org","@graph":[{"@type":"WebPage","@id":"https:\/\/pfeifenundzigarren.de\/Produkt\/9mm-bruyere-tabakpfeife\/","url":"https:\/\/pfeifenundzigarren.de\/Produkt\/9mm-bruyere-tabakpfeife\/","name":"9mm Bruy\u00e8re Tabakpfeife - Der beste Onlineshop f\u00fcr Pfeifen und Zigarrenzubeh\u00f6r in Deutschland","isPartOf":{"@id":"https:\/\/pfeifenundzigarren.de\/#website"},"primaryImageOfPage":{"@id":"https:\/\/pfeifenundzigarren.de\/Produkt\/9mm-bruyere-tabakpfeife\/#primaryimage"},"image":{"@id":"https:\/\/pfeifenundzigarren.de\/Produkt\/9mm-bruyere-tabakpfeife\/#primaryimage"},"thumbnailUrl":"https:\/\/pfeifenundzigarren.de\/wp-content\/uploads\/2024\/09\/kf-S08508db33be3406d950de81e4d95a90co-Handmade-briar-tobacco-pipe-Holmes-curved-handle-pipe-acrylic-pipe-mouthpiece-9mm-pipe-channel-Father-gift.webp","datePublished":"2024-09-08T00:28:55+00:00","dateModified":"2026-02-06T01:51:13+00:00","breadcrumb":{"@id":"https:\/\/pfeifenundzigarren.de\/Produkt\/9mm-bruyere-tabakpfeife\/#breadcrumb"},"inLanguage":"es","potentialAction":[{"@type":"ReadAction","target":["https:\/\/pfeifenundzigarren.de\/Produkt\/9mm-bruyere-tabakpfeife\/"]}]},{"@type":"ImageObject","inLanguage":"es","@id":"https:\/\/pfeifenundzigarren.de\/Produkt\/9mm-bruyere-tabakpfeife\/#primaryimage","url":"https:\/\/pfeifenundzigarren.de\/wp-content\/uploads\/2024\/09\/kf-S08508db33be3406d950de81e4d95a90co-Handmade-briar-tobacco-pipe-Holmes-curved-handle-pipe-acrylic-pipe-mouthpiece-9mm-pipe-channel-Father-gift.webp","contentUrl":"https:\/\/pfeifenundzigarren.de\/wp-content\/uploads\/2024\/09\/kf-S08508db33be3406d950de81e4d95a90co-Handmade-briar-tobacco-pipe-Holmes-curved-handle-pipe-acrylic-pipe-mouthpiece-9mm-pipe-channel-Father-gift.webp","width":1000,"height":1000,"caption":"9mm Bruy\u00e8re Tabakpfeife"},{"@type":"BreadcrumbList","@id":"https:\/\/pfeifenundzigarren.de\/Produkt\/9mm-bruyere-tabakpfeife\/#breadcrumb","itemListElement":[{"@type":"ListItem","position":1,"name":"Home","item":"https:\/\/pfeifenundzigarren.de\/"},{"@type":"ListItem","position":2,"name":"Shop","item":"https:\/\/pfeifenundzigarren.de\/shop\/"},{"@type":"ListItem","position":3,"name":"9mm Bruy\u00e8re Tabakpfeife"}]},{"@type":"WebSite","@id":"https:\/\/pfeifenundzigarren.de\/#website","url":"https:\/\/pfeifenundzigarren.de\/","name":"La mejor tienda en l\u00ednea de pipas y accesorios para puros de Alemania","description":"","publisher":{"@id":"https:\/\/pfeifenundzigarren.de\/#organization"},"potentialAction":[{"@type":"SearchAction","target":{"@type":"EntryPoint","urlTemplate":"https:\/\/pfeifenundzigarren.de\/?s={search_term_string}"},"query-input":{"@type":"PropertyValueSpecification","valueRequired":true,"valueName":"search_term_string"}}],"inLanguage":"es"},{"@type":"Organization","@id":"https:\/\/pfeifenundzigarren.de\/#organization","name":"La mejor tienda en l\u00ednea de pipas y accesorios para puros de Alemania","url":"https:\/\/pfeifenundzigarren.de\/","logo":{"@type":"ImageObject","inLanguage":"es","@id":"https:\/\/pfeifenundzigarren.de\/#\/schema\/logo\/image\/","url":"https:\/\/pfeifenundzigarren.de\/wp-content\/uploads\/2024\/09\/cropped-Luxury-and-Vintage-Ornamental-Coffee-Shop-Logo.png","contentUrl":"https:\/\/pfeifenundzigarren.de\/wp-content\/uploads\/2024\/09\/cropped-Luxury-and-Vintage-Ornamental-Coffee-Shop-Logo.png","width":512,"height":512,"caption":"Der beste Onlineshop f\u00fcr Pfeifen und Zigarrenzubeh\u00f6r in Deutschland"},"image":{"@id":"https:\/\/pfeifenundzigarren.de\/#\/schema\/logo\/image\/"}}]}},"_links":{"self":[{"href":"https:\/\/pfeifenundzigarren.de\/es\/wp-json\/wp\/v2\/product\/1899","targetHints":{"allow":["GET"]}}],"collection":[{"href":"https:\/\/pfeifenundzigarren.de\/es\/wp-json\/wp\/v2\/product"}],"about":[{"href":"https:\/\/pfeifenundzigarren.de\/es\/wp-json\/wp\/v2\/types\/product"}],"replies":[{"embeddable":true,"href":"https:\/\/pfeifenundzigarren.de\/es\/wp-json\/wp\/v2\/comments?post=1899"}],"version-history":[{"count":3,"href":"https:\/\/pfeifenundzigarren.de\/es\/wp-json\/wp\/v2\/product\/1899\/revisions"}],"predecessor-version":[{"id":10467,"href":"https:\/\/pfeifenundzigarren.de\/es\/wp-json\/wp\/v2\/product\/1899\/revisions\/10467"}],"wp:featuredmedia":[{"embeddable":true,"href":"https:\/\/pfeifenundzigarren.de\/es\/wp-json\/wp\/v2\/media\/1998"}],"wp:attachment":[{"href":"https:\/\/pfeifenundzigarren.de\/es\/wp-json\/wp\/v2\/media?parent=1899"}],"wp:term":[{"taxonomy":"product_brand","embeddable":true,"href":"https:\/\/pfeifenundzigarren.de\/es\/wp-json\/wp\/v2\/product_brand?post=1899"},{"taxonomy":"product_cat","embeddable":true,"href":"https:\/\/pfeifenundzigarren.de\/es\/wp-json\/wp\/v2\/product_cat?post=1899"},{"taxonomy":"product_tag","embeddable":true,"href":"https:\/\/pfeifenundzigarren.de\/es\/wp-json\/wp\/v2\/product_tag?post=1899"}],"curies":[{"name":"wp","href":"https:\/\/api.w.org\/{rel}","templated":true}]}}