{"id":11830,"date":"2026-04-11T08:20:55","date_gmt":"2026-04-11T06:20:55","guid":{"rendered":"https:\/\/pfeifenundzigarren.de\/Produkt\/bent-volcano-einsteigerpfeife\/"},"modified":"2026-04-11T09:05:36","modified_gmt":"2026-04-11T07:05:36","slug":"bent-volcano-einsteigerpfeife","status":"publish","type":"product","link":"https:\/\/pfeifenundzigarren.de\/es\/Produkt\/bent-volcano-einsteigerpfeife\/","title":{"rendered":"Bent Volcano Einsteigerpfeife"},"content":{"rendered":"<p>Gesamtl\u00e4nge: 151 mm<br \/>\nKopfh\u00f6he: 43 mm<br \/>\nKammertiefe: 34 mm<br \/>\nKammerdurchmesser: 19 mm<br \/>\nKopfau\u00dfendurchmesser: 28 mm<br \/>\nMundst\u00fcckl\u00e4nge: 77 mm<br \/>\nFilterbohrung: 3 mm<br \/>\nMaterial: madera de brezo<\/p>\n<p><img decoding=\"async\" src=\"https:\/\/pfeifenundzigarren.de\/wp-content\/uploads\/2026\/04\/O1CN01E5K0do2Gtwlp36O7Z_2119809074.webp\" alt=\"\"><\/p>\n<p><img decoding=\"async\" src=\"https:\/\/pfeifenundzigarren.de\/wp-content\/uploads\/2026\/04\/O1CN01IlrWzY2Gtwln9MNv0_2119809074.webp\" alt=\"\"><\/p>","protected":false},"excerpt":{"rendered":"<p>Gesamtl\u00e4nge: 151 mm Kopfh\u00f6he: 43 mm Kammertiefe: 34 mm Kammerdurchmesser: 19 mm Kopfau\u00dfendurchmesser: 28 mm Mundst\u00fcckl\u00e4nge: 77 mm Filterbohrung: 3<\/p>","protected":false},"featured_media":11834,"comment_status":"open","ping_status":"closed","template":"","meta":[],"product_brand":[],"product_cat":[901,70],"product_tag":[],"class_list":{"0":"post-11830","1":"product","2":"type-product","3":"status-publish","4":"has-post-thumbnail","6":"product_cat-pfeifen-fuer-anfaenger","7":"product_cat-pfeife","9":"first","10":"instock","11":"sale","12":"shipping-taxable","13":"purchasable","14":"product-type-simple"},"yoast_head":"<!-- This site is optimized with the Yoast SEO Premium plugin v26.7 (Yoast SEO v26.7) - https:\/\/yoast.com\/wordpress\/plugins\/seo\/ -->\n<title>Bent Volcano Einsteigerpfeife - Der beste Onlineshop f\u00fcr Pfeifen und Zigarrenzubeh\u00f6r in Deutschland<\/title>\n<meta name=\"robots\" content=\"index, follow, max-snippet:-1, max-image-preview:large, max-video-preview:-1\" \/>\n<link rel=\"canonical\" href=\"https:\/\/pfeifenundzigarren.de\/es\/Produkt\/bent-volcano-einsteigerpfeife\/\" \/>\n<meta property=\"og:locale\" content=\"es_ES\" \/>\n<meta property=\"og:type\" content=\"article\" \/>\n<meta property=\"og:title\" content=\"Bent Volcano Einsteigerpfeife\" \/>\n<meta property=\"og:description\" content=\"Gesamtl\u00e4nge: 151 mm Kopfh\u00f6he: 43 mm Kammertiefe: 34 mm Kammerdurchmesser: 19 mm Kopfau\u00dfendurchmesser: 28 mm Mundst\u00fcckl\u00e4nge: 77 mm Filterbohrung: 3\" \/>\n<meta property=\"og:url\" content=\"https:\/\/pfeifenundzigarren.de\/es\/Produkt\/bent-volcano-einsteigerpfeife\/\" \/>\n<meta property=\"og:site_name\" content=\"Der beste Onlineshop f\u00fcr Pfeifen und Zigarrenzubeh\u00f6r in Deutschland\" \/>\n<meta property=\"article:modified_time\" content=\"2026-04-11T07:05:36+00:00\" \/>\n<meta property=\"og:image\" content=\"https:\/\/pfeifenundzigarren.de\/wp-content\/uploads\/2026\/04\/O1CN01kjzvss2GtwlkG7YGd_0-item_pic.webp\" \/>\n\t<meta property=\"og:image:width\" content=\"800\" \/>\n\t<meta property=\"og:image:height\" content=\"800\" \/>\n\t<meta property=\"og:image:type\" content=\"image\/webp\" \/>\n<meta name=\"twitter:card\" content=\"summary_large_image\" \/>\n<meta name=\"twitter:label1\" content=\"Tiempo de lectura\" \/>\n\t<meta name=\"twitter:data1\" content=\"1 minuto\" \/>\n<script type=\"application\/ld+json\" class=\"yoast-schema-graph\">{\"@context\":\"https:\/\/schema.org\",\"@graph\":[{\"@type\":\"WebPage\",\"@id\":\"https:\/\/pfeifenundzigarren.de\/Produkt\/bent-volcano-einsteigerpfeife\/\",\"url\":\"https:\/\/pfeifenundzigarren.de\/Produkt\/bent-volcano-einsteigerpfeife\/\",\"name\":\"Bent Volcano Einsteigerpfeife - Der beste Onlineshop f\u00fcr Pfeifen und Zigarrenzubeh\u00f6r in Deutschland\",\"isPartOf\":{\"@id\":\"https:\/\/pfeifenundzigarren.de\/#website\"},\"primaryImageOfPage\":{\"@id\":\"https:\/\/pfeifenundzigarren.de\/Produkt\/bent-volcano-einsteigerpfeife\/#primaryimage\"},\"image\":{\"@id\":\"https:\/\/pfeifenundzigarren.de\/Produkt\/bent-volcano-einsteigerpfeife\/#primaryimage\"},\"thumbnailUrl\":\"https:\/\/pfeifenundzigarren.de\/wp-content\/uploads\/2026\/04\/O1CN01kjzvss2GtwlkG7YGd_0-item_pic.webp\",\"datePublished\":\"2026-04-11T06:20:55+00:00\",\"dateModified\":\"2026-04-11T07:05:36+00:00\",\"breadcrumb\":{\"@id\":\"https:\/\/pfeifenundzigarren.de\/Produkt\/bent-volcano-einsteigerpfeife\/#breadcrumb\"},\"inLanguage\":\"es\",\"potentialAction\":[{\"@type\":\"ReadAction\",\"target\":[\"https:\/\/pfeifenundzigarren.de\/Produkt\/bent-volcano-einsteigerpfeife\/\"]}]},{\"@type\":\"ImageObject\",\"inLanguage\":\"es\",\"@id\":\"https:\/\/pfeifenundzigarren.de\/Produkt\/bent-volcano-einsteigerpfeife\/#primaryimage\",\"url\":\"https:\/\/pfeifenundzigarren.de\/wp-content\/uploads\/2026\/04\/O1CN01kjzvss2GtwlkG7YGd_0-item_pic.webp\",\"contentUrl\":\"https:\/\/pfeifenundzigarren.de\/wp-content\/uploads\/2026\/04\/O1CN01kjzvss2GtwlkG7YGd_0-item_pic.webp\",\"width\":800,\"height\":800,\"caption\":\"Bent Volcano Einsteigerpfeife\"},{\"@type\":\"BreadcrumbList\",\"@id\":\"https:\/\/pfeifenundzigarren.de\/Produkt\/bent-volcano-einsteigerpfeife\/#breadcrumb\",\"itemListElement\":[{\"@type\":\"ListItem\",\"position\":1,\"name\":\"Home\",\"item\":\"https:\/\/pfeifenundzigarren.de\/\"},{\"@type\":\"ListItem\",\"position\":2,\"name\":\"Shop\",\"item\":\"https:\/\/pfeifenundzigarren.de\/shop\/\"},{\"@type\":\"ListItem\",\"position\":3,\"name\":\"Bent Volcano Einsteigerpfeife\"}]},{\"@type\":\"WebSite\",\"@id\":\"https:\/\/pfeifenundzigarren.de\/#website\",\"url\":\"https:\/\/pfeifenundzigarren.de\/\",\"name\":\"Der beste Onlineshop f\u00fcr Pfeifen und Zigarrenzubeh\u00f6r in Deutschland\",\"description\":\"\",\"publisher\":{\"@id\":\"https:\/\/pfeifenundzigarren.de\/#organization\"},\"potentialAction\":[{\"@type\":\"SearchAction\",\"target\":{\"@type\":\"EntryPoint\",\"urlTemplate\":\"https:\/\/pfeifenundzigarren.de\/?s={search_term_string}\"},\"query-input\":{\"@type\":\"PropertyValueSpecification\",\"valueRequired\":true,\"valueName\":\"search_term_string\"}}],\"inLanguage\":\"es\"},{\"@type\":\"Organization\",\"@id\":\"https:\/\/pfeifenundzigarren.de\/#organization\",\"name\":\"Der beste Onlineshop f\u00fcr Pfeifen und Zigarrenzubeh\u00f6r in Deutschland\",\"url\":\"https:\/\/pfeifenundzigarren.de\/\",\"logo\":{\"@type\":\"ImageObject\",\"inLanguage\":\"es\",\"@id\":\"https:\/\/pfeifenundzigarren.de\/#\/schema\/logo\/image\/\",\"url\":\"https:\/\/pfeifenundzigarren.de\/wp-content\/uploads\/2024\/09\/cropped-Luxury-and-Vintage-Ornamental-Coffee-Shop-Logo.png\",\"contentUrl\":\"https:\/\/pfeifenundzigarren.de\/wp-content\/uploads\/2024\/09\/cropped-Luxury-and-Vintage-Ornamental-Coffee-Shop-Logo.png\",\"width\":512,\"height\":512,\"caption\":\"Der beste Onlineshop f\u00fcr Pfeifen und Zigarrenzubeh\u00f6r in Deutschland\"},\"image\":{\"@id\":\"https:\/\/pfeifenundzigarren.de\/#\/schema\/logo\/image\/\"}}]}<\/script>\n<!-- \/ Yoast SEO Premium plugin. -->","yoast_head_json":{"title":"Bent Volcano Einsteigerpfeife - Der beste Onlineshop f\u00fcr Pfeifen und Zigarrenzubeh\u00f6r in Deutschland","robots":{"index":"index","follow":"follow","max-snippet":"max-snippet:-1","max-image-preview":"max-image-preview:large","max-video-preview":"max-video-preview:-1"},"canonical":"https:\/\/pfeifenundzigarren.de\/es\/Produkt\/bent-volcano-einsteigerpfeife\/","og_locale":"es_ES","og_type":"article","og_title":"Bent Volcano Einsteigerpfeife","og_description":"Gesamtl\u00e4nge: 151 mm Kopfh\u00f6he: 43 mm Kammertiefe: 34 mm Kammerdurchmesser: 19 mm Kopfau\u00dfendurchmesser: 28 mm Mundst\u00fcckl\u00e4nge: 77 mm Filterbohrung: 3","og_url":"https:\/\/pfeifenundzigarren.de\/es\/Produkt\/bent-volcano-einsteigerpfeife\/","og_site_name":"Der beste Onlineshop f\u00fcr Pfeifen und Zigarrenzubeh\u00f6r in Deutschland","article_modified_time":"2026-04-11T07:05:36+00:00","og_image":[{"width":800,"height":800,"url":"https:\/\/pfeifenundzigarren.de\/wp-content\/uploads\/2026\/04\/O1CN01kjzvss2GtwlkG7YGd_0-item_pic.webp","type":"image\/webp"}],"twitter_card":"summary_large_image","twitter_misc":{"Tiempo de lectura":"1 minuto"},"schema":{"@context":"https:\/\/schema.org","@graph":[{"@type":"WebPage","@id":"https:\/\/pfeifenundzigarren.de\/Produkt\/bent-volcano-einsteigerpfeife\/","url":"https:\/\/pfeifenundzigarren.de\/Produkt\/bent-volcano-einsteigerpfeife\/","name":"Bent Volcano Einsteigerpfeife - Der beste Onlineshop f\u00fcr Pfeifen und Zigarrenzubeh\u00f6r in Deutschland","isPartOf":{"@id":"https:\/\/pfeifenundzigarren.de\/#website"},"primaryImageOfPage":{"@id":"https:\/\/pfeifenundzigarren.de\/Produkt\/bent-volcano-einsteigerpfeife\/#primaryimage"},"image":{"@id":"https:\/\/pfeifenundzigarren.de\/Produkt\/bent-volcano-einsteigerpfeife\/#primaryimage"},"thumbnailUrl":"https:\/\/pfeifenundzigarren.de\/wp-content\/uploads\/2026\/04\/O1CN01kjzvss2GtwlkG7YGd_0-item_pic.webp","datePublished":"2026-04-11T06:20:55+00:00","dateModified":"2026-04-11T07:05:36+00:00","breadcrumb":{"@id":"https:\/\/pfeifenundzigarren.de\/Produkt\/bent-volcano-einsteigerpfeife\/#breadcrumb"},"inLanguage":"es","potentialAction":[{"@type":"ReadAction","target":["https:\/\/pfeifenundzigarren.de\/Produkt\/bent-volcano-einsteigerpfeife\/"]}]},{"@type":"ImageObject","inLanguage":"es","@id":"https:\/\/pfeifenundzigarren.de\/Produkt\/bent-volcano-einsteigerpfeife\/#primaryimage","url":"https:\/\/pfeifenundzigarren.de\/wp-content\/uploads\/2026\/04\/O1CN01kjzvss2GtwlkG7YGd_0-item_pic.webp","contentUrl":"https:\/\/pfeifenundzigarren.de\/wp-content\/uploads\/2026\/04\/O1CN01kjzvss2GtwlkG7YGd_0-item_pic.webp","width":800,"height":800,"caption":"Bent Volcano Einsteigerpfeife"},{"@type":"BreadcrumbList","@id":"https:\/\/pfeifenundzigarren.de\/Produkt\/bent-volcano-einsteigerpfeife\/#breadcrumb","itemListElement":[{"@type":"ListItem","position":1,"name":"Home","item":"https:\/\/pfeifenundzigarren.de\/"},{"@type":"ListItem","position":2,"name":"Shop","item":"https:\/\/pfeifenundzigarren.de\/shop\/"},{"@type":"ListItem","position":3,"name":"Bent Volcano Einsteigerpfeife"}]},{"@type":"WebSite","@id":"https:\/\/pfeifenundzigarren.de\/#website","url":"https:\/\/pfeifenundzigarren.de\/","name":"La mejor tienda en l\u00ednea de pipas y accesorios para puros de Alemania","description":"","publisher":{"@id":"https:\/\/pfeifenundzigarren.de\/#organization"},"potentialAction":[{"@type":"SearchAction","target":{"@type":"EntryPoint","urlTemplate":"https:\/\/pfeifenundzigarren.de\/?s={search_term_string}"},"query-input":{"@type":"PropertyValueSpecification","valueRequired":true,"valueName":"search_term_string"}}],"inLanguage":"es"},{"@type":"Organization","@id":"https:\/\/pfeifenundzigarren.de\/#organization","name":"La mejor tienda en l\u00ednea de pipas y accesorios para puros de Alemania","url":"https:\/\/pfeifenundzigarren.de\/","logo":{"@type":"ImageObject","inLanguage":"es","@id":"https:\/\/pfeifenundzigarren.de\/#\/schema\/logo\/image\/","url":"https:\/\/pfeifenundzigarren.de\/wp-content\/uploads\/2024\/09\/cropped-Luxury-and-Vintage-Ornamental-Coffee-Shop-Logo.png","contentUrl":"https:\/\/pfeifenundzigarren.de\/wp-content\/uploads\/2024\/09\/cropped-Luxury-and-Vintage-Ornamental-Coffee-Shop-Logo.png","width":512,"height":512,"caption":"Der beste Onlineshop f\u00fcr Pfeifen und Zigarrenzubeh\u00f6r in Deutschland"},"image":{"@id":"https:\/\/pfeifenundzigarren.de\/#\/schema\/logo\/image\/"}}]}},"_links":{"self":[{"href":"https:\/\/pfeifenundzigarren.de\/es\/wp-json\/wp\/v2\/product\/11830","targetHints":{"allow":["GET"]}}],"collection":[{"href":"https:\/\/pfeifenundzigarren.de\/es\/wp-json\/wp\/v2\/product"}],"about":[{"href":"https:\/\/pfeifenundzigarren.de\/es\/wp-json\/wp\/v2\/types\/product"}],"replies":[{"embeddable":true,"href":"https:\/\/pfeifenundzigarren.de\/es\/wp-json\/wp\/v2\/comments?post=11830"}],"version-history":[{"count":4,"href":"https:\/\/pfeifenundzigarren.de\/es\/wp-json\/wp\/v2\/product\/11830\/revisions"}],"predecessor-version":[{"id":11881,"href":"https:\/\/pfeifenundzigarren.de\/es\/wp-json\/wp\/v2\/product\/11830\/revisions\/11881"}],"wp:featuredmedia":[{"embeddable":true,"href":"https:\/\/pfeifenundzigarren.de\/es\/wp-json\/wp\/v2\/media\/11834"}],"wp:attachment":[{"href":"https:\/\/pfeifenundzigarren.de\/es\/wp-json\/wp\/v2\/media?parent=11830"}],"wp:term":[{"taxonomy":"product_brand","embeddable":true,"href":"https:\/\/pfeifenundzigarren.de\/es\/wp-json\/wp\/v2\/product_brand?post=11830"},{"taxonomy":"product_cat","embeddable":true,"href":"https:\/\/pfeifenundzigarren.de\/es\/wp-json\/wp\/v2\/product_cat?post=11830"},{"taxonomy":"product_tag","embeddable":true,"href":"https:\/\/pfeifenundzigarren.de\/es\/wp-json\/wp\/v2\/product_tag?post=11830"}],"curies":[{"name":"wp","href":"https:\/\/api.w.org\/{rel}","templated":true}]}}