{"id":11814,"date":"2026-04-11T07:55:28","date_gmt":"2026-04-11T05:55:28","guid":{"rendered":"https:\/\/pfeifenundzigarren.de\/Produkt\/handgefertigte-gerade-bruyere-pfeife-fuer-einsteiger\/"},"modified":"2026-04-11T09:11:10","modified_gmt":"2026-04-11T07:11:10","slug":"handgefertigte-gerade-bruyere-pfeife-fuer-einsteiger","status":"publish","type":"product","link":"https:\/\/pfeifenundzigarren.de\/es\/Produkt\/handgefertigte-gerade-bruyere-pfeife-fuer-einsteiger\/","title":{"rendered":"Handgefertigte gerade Bruy\u00e8re-Pfeife f\u00fcr Einsteiger"},"content":{"rendered":"<p>Gesamtl\u00e4nge: 115 mm<br \/>\nKopfh\u00f6he: 32 mm<br \/>\nKammertiefe: 23 mm<br \/>\nKammerdurchmesser: 18 mm<br \/>\nKopfau\u00dfendurchmesser: 30 mm<br \/>\nMundst\u00fcckl\u00e4nge: 46 mm<br \/>\nMaterial: madera de brezo<\/p>","protected":false},"excerpt":{"rendered":"<p>Gesamtl\u00e4nge: 115 mm Kopfh\u00f6he: 32 mm Kammertiefe: 23 mm Kammerdurchmesser: 18 mm Kopfau\u00dfendurchmesser: 30 mm Mundst\u00fcckl\u00e4nge: 46 mm Material: Bruy\u00e8reholz<\/p>","protected":false},"featured_media":11815,"comment_status":"open","ping_status":"closed","template":"","meta":[],"product_brand":[],"product_cat":[901,70],"product_tag":[],"class_list":{"0":"post-11814","1":"product","2":"type-product","3":"status-publish","4":"has-post-thumbnail","6":"product_cat-pfeifen-fuer-anfaenger","7":"product_cat-pfeife","8":"pa_product-specifications-aa0446s","10":"first","11":"instock","12":"sale","13":"shipping-taxable","14":"purchasable","15":"product-type-simple"},"yoast_head":"<!-- This site is optimized with the Yoast SEO Premium plugin v26.7 (Yoast SEO v26.7) - https:\/\/yoast.com\/wordpress\/plugins\/seo\/ -->\n<title>Handgefertigte gerade Bruy\u00e8re-Pfeife f\u00fcr Einsteiger - Der beste Onlineshop f\u00fcr Pfeifen und Zigarrenzubeh\u00f6r in Deutschland<\/title>\n<meta name=\"robots\" content=\"index, follow, max-snippet:-1, max-image-preview:large, max-video-preview:-1\" \/>\n<link rel=\"canonical\" href=\"https:\/\/pfeifenundzigarren.de\/es\/Produkt\/handgefertigte-gerade-bruyere-pfeife-fuer-einsteiger\/\" \/>\n<meta property=\"og:locale\" content=\"es_ES\" \/>\n<meta property=\"og:type\" content=\"article\" \/>\n<meta property=\"og:title\" content=\"Handgefertigte gerade Bruy\u00e8re-Pfeife f\u00fcr Einsteiger\" \/>\n<meta property=\"og:description\" content=\"Gesamtl\u00e4nge: 115 mm Kopfh\u00f6he: 32 mm Kammertiefe: 23 mm Kammerdurchmesser: 18 mm Kopfau\u00dfendurchmesser: 30 mm Mundst\u00fcckl\u00e4nge: 46 mm Material: Bruy\u00e8reholz\" \/>\n<meta property=\"og:url\" content=\"https:\/\/pfeifenundzigarren.de\/es\/Produkt\/handgefertigte-gerade-bruyere-pfeife-fuer-einsteiger\/\" \/>\n<meta property=\"og:site_name\" content=\"Der beste Onlineshop f\u00fcr Pfeifen und Zigarrenzubeh\u00f6r in Deutschland\" \/>\n<meta property=\"article:modified_time\" content=\"2026-04-11T07:11:10+00:00\" \/>\n<meta property=\"og:image\" content=\"https:\/\/pfeifenundzigarren.de\/wp-content\/uploads\/2026\/04\/O1CN015YXVuy1otfXcvlfZS_470735283.webp\" \/>\n\t<meta property=\"og:image:width\" content=\"800\" \/>\n\t<meta property=\"og:image:height\" content=\"800\" \/>\n\t<meta property=\"og:image:type\" content=\"image\/webp\" \/>\n<meta name=\"twitter:card\" content=\"summary_large_image\" \/>\n<meta name=\"twitter:label1\" content=\"Tiempo de lectura\" \/>\n\t<meta name=\"twitter:data1\" content=\"1 minuto\" \/>\n<script type=\"application\/ld+json\" class=\"yoast-schema-graph\">{\"@context\":\"https:\/\/schema.org\",\"@graph\":[{\"@type\":\"WebPage\",\"@id\":\"https:\/\/pfeifenundzigarren.de\/Produkt\/handgefertigte-gerade-bruyere-pfeife-fuer-einsteiger\/\",\"url\":\"https:\/\/pfeifenundzigarren.de\/Produkt\/handgefertigte-gerade-bruyere-pfeife-fuer-einsteiger\/\",\"name\":\"Handgefertigte gerade Bruy\u00e8re-Pfeife f\u00fcr Einsteiger - Der beste Onlineshop f\u00fcr Pfeifen und Zigarrenzubeh\u00f6r in Deutschland\",\"isPartOf\":{\"@id\":\"https:\/\/pfeifenundzigarren.de\/#website\"},\"primaryImageOfPage\":{\"@id\":\"https:\/\/pfeifenundzigarren.de\/Produkt\/handgefertigte-gerade-bruyere-pfeife-fuer-einsteiger\/#primaryimage\"},\"image\":{\"@id\":\"https:\/\/pfeifenundzigarren.de\/Produkt\/handgefertigte-gerade-bruyere-pfeife-fuer-einsteiger\/#primaryimage\"},\"thumbnailUrl\":\"https:\/\/pfeifenundzigarren.de\/wp-content\/uploads\/2026\/04\/O1CN015YXVuy1otfXcvlfZS_470735283.webp\",\"datePublished\":\"2026-04-11T05:55:28+00:00\",\"dateModified\":\"2026-04-11T07:11:10+00:00\",\"breadcrumb\":{\"@id\":\"https:\/\/pfeifenundzigarren.de\/Produkt\/handgefertigte-gerade-bruyere-pfeife-fuer-einsteiger\/#breadcrumb\"},\"inLanguage\":\"es\",\"potentialAction\":[{\"@type\":\"ReadAction\",\"target\":[\"https:\/\/pfeifenundzigarren.de\/Produkt\/handgefertigte-gerade-bruyere-pfeife-fuer-einsteiger\/\"]}]},{\"@type\":\"ImageObject\",\"inLanguage\":\"es\",\"@id\":\"https:\/\/pfeifenundzigarren.de\/Produkt\/handgefertigte-gerade-bruyere-pfeife-fuer-einsteiger\/#primaryimage\",\"url\":\"https:\/\/pfeifenundzigarren.de\/wp-content\/uploads\/2026\/04\/O1CN015YXVuy1otfXcvlfZS_470735283.webp\",\"contentUrl\":\"https:\/\/pfeifenundzigarren.de\/wp-content\/uploads\/2026\/04\/O1CN015YXVuy1otfXcvlfZS_470735283.webp\",\"width\":800,\"height\":800,\"caption\":\"Handgefertigte gerade Bruy\u00e8re-Pfeife f\u00fcr Einsteiger\"},{\"@type\":\"BreadcrumbList\",\"@id\":\"https:\/\/pfeifenundzigarren.de\/Produkt\/handgefertigte-gerade-bruyere-pfeife-fuer-einsteiger\/#breadcrumb\",\"itemListElement\":[{\"@type\":\"ListItem\",\"position\":1,\"name\":\"Home\",\"item\":\"https:\/\/pfeifenundzigarren.de\/\"},{\"@type\":\"ListItem\",\"position\":2,\"name\":\"Shop\",\"item\":\"https:\/\/pfeifenundzigarren.de\/shop\/\"},{\"@type\":\"ListItem\",\"position\":3,\"name\":\"Handgefertigte gerade Bruy\u00e8re-Pfeife f\u00fcr Einsteiger\"}]},{\"@type\":\"WebSite\",\"@id\":\"https:\/\/pfeifenundzigarren.de\/#website\",\"url\":\"https:\/\/pfeifenundzigarren.de\/\",\"name\":\"Der beste Onlineshop f\u00fcr Pfeifen und Zigarrenzubeh\u00f6r in Deutschland\",\"description\":\"\",\"publisher\":{\"@id\":\"https:\/\/pfeifenundzigarren.de\/#organization\"},\"potentialAction\":[{\"@type\":\"SearchAction\",\"target\":{\"@type\":\"EntryPoint\",\"urlTemplate\":\"https:\/\/pfeifenundzigarren.de\/?s={search_term_string}\"},\"query-input\":{\"@type\":\"PropertyValueSpecification\",\"valueRequired\":true,\"valueName\":\"search_term_string\"}}],\"inLanguage\":\"es\"},{\"@type\":\"Organization\",\"@id\":\"https:\/\/pfeifenundzigarren.de\/#organization\",\"name\":\"Der beste Onlineshop f\u00fcr Pfeifen und Zigarrenzubeh\u00f6r in Deutschland\",\"url\":\"https:\/\/pfeifenundzigarren.de\/\",\"logo\":{\"@type\":\"ImageObject\",\"inLanguage\":\"es\",\"@id\":\"https:\/\/pfeifenundzigarren.de\/#\/schema\/logo\/image\/\",\"url\":\"https:\/\/pfeifenundzigarren.de\/wp-content\/uploads\/2024\/09\/cropped-Luxury-and-Vintage-Ornamental-Coffee-Shop-Logo.png\",\"contentUrl\":\"https:\/\/pfeifenundzigarren.de\/wp-content\/uploads\/2024\/09\/cropped-Luxury-and-Vintage-Ornamental-Coffee-Shop-Logo.png\",\"width\":512,\"height\":512,\"caption\":\"Der beste Onlineshop f\u00fcr Pfeifen und Zigarrenzubeh\u00f6r in Deutschland\"},\"image\":{\"@id\":\"https:\/\/pfeifenundzigarren.de\/#\/schema\/logo\/image\/\"}}]}<\/script>\n<!-- \/ Yoast SEO Premium plugin. -->","yoast_head_json":{"title":"Handgefertigte gerade Bruy\u00e8re-Pfeife f\u00fcr Einsteiger - Der beste Onlineshop f\u00fcr Pfeifen und Zigarrenzubeh\u00f6r in Deutschland","robots":{"index":"index","follow":"follow","max-snippet":"max-snippet:-1","max-image-preview":"max-image-preview:large","max-video-preview":"max-video-preview:-1"},"canonical":"https:\/\/pfeifenundzigarren.de\/es\/Produkt\/handgefertigte-gerade-bruyere-pfeife-fuer-einsteiger\/","og_locale":"es_ES","og_type":"article","og_title":"Handgefertigte gerade Bruy\u00e8re-Pfeife f\u00fcr Einsteiger","og_description":"Gesamtl\u00e4nge: 115 mm Kopfh\u00f6he: 32 mm Kammertiefe: 23 mm Kammerdurchmesser: 18 mm Kopfau\u00dfendurchmesser: 30 mm Mundst\u00fcckl\u00e4nge: 46 mm Material: Bruy\u00e8reholz","og_url":"https:\/\/pfeifenundzigarren.de\/es\/Produkt\/handgefertigte-gerade-bruyere-pfeife-fuer-einsteiger\/","og_site_name":"Der beste Onlineshop f\u00fcr Pfeifen und Zigarrenzubeh\u00f6r in Deutschland","article_modified_time":"2026-04-11T07:11:10+00:00","og_image":[{"width":800,"height":800,"url":"https:\/\/pfeifenundzigarren.de\/wp-content\/uploads\/2026\/04\/O1CN015YXVuy1otfXcvlfZS_470735283.webp","type":"image\/webp"}],"twitter_card":"summary_large_image","twitter_misc":{"Tiempo de lectura":"1 minuto"},"schema":{"@context":"https:\/\/schema.org","@graph":[{"@type":"WebPage","@id":"https:\/\/pfeifenundzigarren.de\/Produkt\/handgefertigte-gerade-bruyere-pfeife-fuer-einsteiger\/","url":"https:\/\/pfeifenundzigarren.de\/Produkt\/handgefertigte-gerade-bruyere-pfeife-fuer-einsteiger\/","name":"Handgefertigte gerade Bruy\u00e8re-Pfeife f\u00fcr Einsteiger - Der beste Onlineshop f\u00fcr Pfeifen und Zigarrenzubeh\u00f6r in Deutschland","isPartOf":{"@id":"https:\/\/pfeifenundzigarren.de\/#website"},"primaryImageOfPage":{"@id":"https:\/\/pfeifenundzigarren.de\/Produkt\/handgefertigte-gerade-bruyere-pfeife-fuer-einsteiger\/#primaryimage"},"image":{"@id":"https:\/\/pfeifenundzigarren.de\/Produkt\/handgefertigte-gerade-bruyere-pfeife-fuer-einsteiger\/#primaryimage"},"thumbnailUrl":"https:\/\/pfeifenundzigarren.de\/wp-content\/uploads\/2026\/04\/O1CN015YXVuy1otfXcvlfZS_470735283.webp","datePublished":"2026-04-11T05:55:28+00:00","dateModified":"2026-04-11T07:11:10+00:00","breadcrumb":{"@id":"https:\/\/pfeifenundzigarren.de\/Produkt\/handgefertigte-gerade-bruyere-pfeife-fuer-einsteiger\/#breadcrumb"},"inLanguage":"es","potentialAction":[{"@type":"ReadAction","target":["https:\/\/pfeifenundzigarren.de\/Produkt\/handgefertigte-gerade-bruyere-pfeife-fuer-einsteiger\/"]}]},{"@type":"ImageObject","inLanguage":"es","@id":"https:\/\/pfeifenundzigarren.de\/Produkt\/handgefertigte-gerade-bruyere-pfeife-fuer-einsteiger\/#primaryimage","url":"https:\/\/pfeifenundzigarren.de\/wp-content\/uploads\/2026\/04\/O1CN015YXVuy1otfXcvlfZS_470735283.webp","contentUrl":"https:\/\/pfeifenundzigarren.de\/wp-content\/uploads\/2026\/04\/O1CN015YXVuy1otfXcvlfZS_470735283.webp","width":800,"height":800,"caption":"Handgefertigte gerade Bruy\u00e8re-Pfeife f\u00fcr Einsteiger"},{"@type":"BreadcrumbList","@id":"https:\/\/pfeifenundzigarren.de\/Produkt\/handgefertigte-gerade-bruyere-pfeife-fuer-einsteiger\/#breadcrumb","itemListElement":[{"@type":"ListItem","position":1,"name":"Home","item":"https:\/\/pfeifenundzigarren.de\/"},{"@type":"ListItem","position":2,"name":"Shop","item":"https:\/\/pfeifenundzigarren.de\/shop\/"},{"@type":"ListItem","position":3,"name":"Handgefertigte gerade Bruy\u00e8re-Pfeife f\u00fcr Einsteiger"}]},{"@type":"WebSite","@id":"https:\/\/pfeifenundzigarren.de\/#website","url":"https:\/\/pfeifenundzigarren.de\/","name":"La mejor tienda en l\u00ednea de pipas y accesorios para puros de Alemania","description":"","publisher":{"@id":"https:\/\/pfeifenundzigarren.de\/#organization"},"potentialAction":[{"@type":"SearchAction","target":{"@type":"EntryPoint","urlTemplate":"https:\/\/pfeifenundzigarren.de\/?s={search_term_string}"},"query-input":{"@type":"PropertyValueSpecification","valueRequired":true,"valueName":"search_term_string"}}],"inLanguage":"es"},{"@type":"Organization","@id":"https:\/\/pfeifenundzigarren.de\/#organization","name":"La mejor tienda en l\u00ednea de pipas y accesorios para puros de Alemania","url":"https:\/\/pfeifenundzigarren.de\/","logo":{"@type":"ImageObject","inLanguage":"es","@id":"https:\/\/pfeifenundzigarren.de\/#\/schema\/logo\/image\/","url":"https:\/\/pfeifenundzigarren.de\/wp-content\/uploads\/2024\/09\/cropped-Luxury-and-Vintage-Ornamental-Coffee-Shop-Logo.png","contentUrl":"https:\/\/pfeifenundzigarren.de\/wp-content\/uploads\/2024\/09\/cropped-Luxury-and-Vintage-Ornamental-Coffee-Shop-Logo.png","width":512,"height":512,"caption":"Der beste Onlineshop f\u00fcr Pfeifen und Zigarrenzubeh\u00f6r in Deutschland"},"image":{"@id":"https:\/\/pfeifenundzigarren.de\/#\/schema\/logo\/image\/"}}]}},"_links":{"self":[{"href":"https:\/\/pfeifenundzigarren.de\/es\/wp-json\/wp\/v2\/product\/11814","targetHints":{"allow":["GET"]}}],"collection":[{"href":"https:\/\/pfeifenundzigarren.de\/es\/wp-json\/wp\/v2\/product"}],"about":[{"href":"https:\/\/pfeifenundzigarren.de\/es\/wp-json\/wp\/v2\/types\/product"}],"replies":[{"embeddable":true,"href":"https:\/\/pfeifenundzigarren.de\/es\/wp-json\/wp\/v2\/comments?post=11814"}],"version-history":[{"count":3,"href":"https:\/\/pfeifenundzigarren.de\/es\/wp-json\/wp\/v2\/product\/11814\/revisions"}],"predecessor-version":[{"id":11884,"href":"https:\/\/pfeifenundzigarren.de\/es\/wp-json\/wp\/v2\/product\/11814\/revisions\/11884"}],"wp:featuredmedia":[{"embeddable":true,"href":"https:\/\/pfeifenundzigarren.de\/es\/wp-json\/wp\/v2\/media\/11815"}],"wp:attachment":[{"href":"https:\/\/pfeifenundzigarren.de\/es\/wp-json\/wp\/v2\/media?parent=11814"}],"wp:term":[{"taxonomy":"product_brand","embeddable":true,"href":"https:\/\/pfeifenundzigarren.de\/es\/wp-json\/wp\/v2\/product_brand?post=11814"},{"taxonomy":"product_cat","embeddable":true,"href":"https:\/\/pfeifenundzigarren.de\/es\/wp-json\/wp\/v2\/product_cat?post=11814"},{"taxonomy":"product_tag","embeddable":true,"href":"https:\/\/pfeifenundzigarren.de\/es\/wp-json\/wp\/v2\/product_tag?post=11814"}],"curies":[{"name":"wp","href":"https:\/\/api.w.org\/{rel}","templated":true}]}}