{"id":11778,"date":"2026-04-11T03:50:40","date_gmt":"2026-04-11T01:50:40","guid":{"rendered":"https:\/\/pfeifenundzigarren.de\/Produkt\/ochwertige-handgefertigte-sherlock-holmes-pfeife-im-viktorianischen-stil\/"},"modified":"2026-04-11T10:05:23","modified_gmt":"2026-04-11T08:05:23","slug":"ochwertige-handgefertigte-sherlock-holmes-pfeife-im-viktorianischen-stil","status":"publish","type":"product","link":"https:\/\/pfeifenundzigarren.de\/es\/Produkt\/ochwertige-handgefertigte-sherlock-holmes-pfeife-im-viktorianischen-stil\/","title":{"rendered":"ochwertige handgefertigte Sherlock-Holmes-Pfeife im viktorianischen Stil"},"content":{"rendered":"<p>Descripci\u00f3n del producto<\/p>\n<p>Wir bieten ein abnehmbares Upgrade f\u00fcr diese<strong> Tuber\u00eda Sherlock Holmes<\/strong> an., leicht zu reinigen: Eingebautes Metallgewinde l\u00f6st effektiv das Problem des Lockerns oder Klemmens beim Drehen, das durch die thermische Ausdehnung und Kontraktion des Bruy\u00e8reholzes verursacht wird. Eine in den Pfeifenboden eingebettete Metallschraube verhindert Risse im unteren Bereich des Pfeifenkopfes.<\/p>\n<p>Schutz vor Wasseransammlung: Der Boden ist mit einer Rille versehen, um Problemen mit Wasseransammlungen effektiv entgegenzuwirken.<\/p>\n<p>Bodenplatte und Pfeifendeckel mit Doppelfunktion: Die Bodenplatte ist abnehmbar und kann als Pfeifendeckel verwendet werden. Es ist ein praktisches Werkzeug f\u00fcr den Tabak: Tabak einf\u00fcllen und den Deckel festschrauben.Das Design dieser<strong> Sherlock-Holmes-Pfeife<\/strong> basiert auf tats\u00e4chlichen Benutzererfahrungen.<\/p>\n<p>Bild mit den Mundst\u00fcck-Details<\/p>\n<p>Rundes Sattelmundst\u00fcck, flaches Steckdesign.<\/p>\n<p><a href=\"https:\/\/pfeifenundzigarren.de\/es\/produktkategorie\/pfeifen-zubehoer\/pfeifen-mundstueck\/\">Handgefertigtes Mundst\u00fcck<\/a>: Rein handpoliert, ganz ohne Verwendung von CNC-Ausr\u00fcstung. Die trichterf\u00f6rmige \u00d6ffnung des Mundst\u00fccks ist sehr tief und das Mundst\u00fcck ist sehr d\u00fcnn geschliffen. Die Dicke liegt bei etwa 3,75 mm, was f\u00fcr ein extrem angenehmes Bissgef\u00fchl sorgt. Beim Ziehen wird der Rauch geb\u00fcndelt.<\/p>\n<p>Bild mit Material &amp; Zubeh\u00f6r<\/p>\n<p>Streng ausgew\u00e4hltes, aus Spanien importiertes Bruy\u00e8rewurzel-Material. Der Feuchtigkeitsgehalt des Holzes liegt unter 10%.<\/p>\n<p>Lista de accesorios<\/p>\n<p>Hinweis: Das folgende Zubeh\u00f6r wird kostenlos mitgeliefert; es fallen daf\u00fcr keine zus\u00e4tzlichen Kosten an.<\/p>\n<p>10 Pfeifenreiniger, 2 Gummi-Mundst\u00fcckschoner (Bissgummis), 2 Metall-Verbrennungssiebe, 1 einfacher Pfeifenstopfer, 1 Samtbeutel, eine exquisite Verpackungsbox.<\/p>\n<p>\u2014 Abmessungen \/ Spezifikationen \u2014<\/p>\n<p>40 mm (Au\u00dfendurchmesser des Kopfes)<\/p>\n<p>20 mm (Innendurchmesser des Kopfes)<\/p>\n<p>60 mm (Gesamth\u00f6he der Pfeife)<\/p>\n<p>30 mm (Tiefe der Brennkammer)<\/p>\n<p>120 mm (Gesamtl\u00e4nge)<\/p>\n<p>Weight: 69 g (Gewicht: 69 g)<\/p>\n<p><img decoding=\"async\" src=\"https:\/\/pfeifenundzigarren.de\/wp-content\/uploads\/2026\/04\/O1CN014CiMpC1hXV03joqxb_2208219074287.webp\" alt=\"\"><\/p>\n<p><img decoding=\"async\" src=\"https:\/\/pfeifenundzigarren.de\/wp-content\/uploads\/2026\/04\/O1CN01ucRYWP1hXUzwmwUas_2208219074287.webp\" alt=\"\"><\/p>\n<p>&nbsp;<\/p>\n<p>&nbsp;<\/p>\n<p><img decoding=\"async\" src=\"https:\/\/pfeifenundzigarren.de\/wp-content\/uploads\/2026\/04\/O1CN01iIr6Ei1hXUzwmuc9D_2208219074287.webp\" alt=\"\"><\/p>\n<p><img decoding=\"async\" src=\"https:\/\/pfeifenundzigarren.de\/wp-content\/uploads\/2026\/04\/DuVYtqnwqG1A5BBka_BT5Q.jpg\" alt=\"\"><\/p>","protected":false},"excerpt":{"rendered":"<p>Produktbeschreibung Wir bieten ein abnehmbares Upgrade f\u00fcr diese Sherlock Holmes Pfeife an., leicht zu reinigen: Eingebautes Metallgewinde l\u00f6st effektiv das<\/p>","protected":false},"featured_media":11785,"comment_status":"open","ping_status":"closed","template":"","meta":[],"product_brand":[],"product_cat":[70],"product_tag":[],"class_list":{"0":"post-11778","1":"product","2":"type-product","3":"status-publish","4":"has-post-thumbnail","6":"product_cat-pfeife","8":"first","9":"instock","10":"sale","11":"shipping-taxable","12":"purchasable","13":"product-type-variable","14":"wvs-archive-product-wrapper"},"yoast_head":"<!-- This site is optimized with the Yoast SEO Premium plugin v26.7 (Yoast SEO v26.7) - https:\/\/yoast.com\/wordpress\/plugins\/seo\/ -->\n<title>ochwertige handgefertigte Sherlock-Holmes-Pfeife im viktorianischen Stil - Der beste Onlineshop f\u00fcr Pfeifen und Zigarrenzubeh\u00f6r in Deutschland<\/title>\n<meta name=\"robots\" content=\"index, follow, max-snippet:-1, max-image-preview:large, max-video-preview:-1\" \/>\n<link rel=\"canonical\" href=\"https:\/\/pfeifenundzigarren.de\/es\/Produkt\/ochwertige-handgefertigte-sherlock-holmes-pfeife-im-viktorianischen-stil\/\" \/>\n<meta property=\"og:locale\" content=\"es_ES\" \/>\n<meta property=\"og:type\" content=\"article\" \/>\n<meta property=\"og:title\" content=\"ochwertige handgefertigte Sherlock-Holmes-Pfeife im viktorianischen Stil\" \/>\n<meta property=\"og:description\" content=\"Produktbeschreibung Wir bieten ein abnehmbares Upgrade f\u00fcr diese Sherlock Holmes Pfeife an., leicht zu reinigen: Eingebautes Metallgewinde l\u00f6st effektiv das\" \/>\n<meta property=\"og:url\" content=\"https:\/\/pfeifenundzigarren.de\/es\/Produkt\/ochwertige-handgefertigte-sherlock-holmes-pfeife-im-viktorianischen-stil\/\" \/>\n<meta property=\"og:site_name\" content=\"Der beste Onlineshop f\u00fcr Pfeifen und Zigarrenzubeh\u00f6r in Deutschland\" \/>\n<meta property=\"article:modified_time\" content=\"2026-04-11T08:05:23+00:00\" \/>\n<meta property=\"og:image\" content=\"https:\/\/pfeifenundzigarren.de\/wp-content\/uploads\/2026\/04\/37iBYfydK_wB1x2wThqrPE.jpg\" \/>\n\t<meta property=\"og:image:width\" content=\"800\" \/>\n\t<meta property=\"og:image:height\" content=\"800\" \/>\n\t<meta property=\"og:image:type\" content=\"image\/jpeg\" \/>\n<meta name=\"twitter:card\" content=\"summary_large_image\" \/>\n<meta name=\"twitter:label1\" content=\"Tiempo de lectura\" \/>\n\t<meta name=\"twitter:data1\" content=\"3 minutos\" \/>\n<script type=\"application\/ld+json\" class=\"yoast-schema-graph\">{\"@context\":\"https:\/\/schema.org\",\"@graph\":[{\"@type\":\"WebPage\",\"@id\":\"https:\/\/pfeifenundzigarren.de\/Produkt\/ochwertige-handgefertigte-sherlock-holmes-pfeife-im-viktorianischen-stil\/\",\"url\":\"https:\/\/pfeifenundzigarren.de\/Produkt\/ochwertige-handgefertigte-sherlock-holmes-pfeife-im-viktorianischen-stil\/\",\"name\":\"ochwertige handgefertigte Sherlock-Holmes-Pfeife im viktorianischen Stil - Der beste Onlineshop f\u00fcr Pfeifen und Zigarrenzubeh\u00f6r in Deutschland\",\"isPartOf\":{\"@id\":\"https:\/\/pfeifenundzigarren.de\/#website\"},\"primaryImageOfPage\":{\"@id\":\"https:\/\/pfeifenundzigarren.de\/Produkt\/ochwertige-handgefertigte-sherlock-holmes-pfeife-im-viktorianischen-stil\/#primaryimage\"},\"image\":{\"@id\":\"https:\/\/pfeifenundzigarren.de\/Produkt\/ochwertige-handgefertigte-sherlock-holmes-pfeife-im-viktorianischen-stil\/#primaryimage\"},\"thumbnailUrl\":\"https:\/\/pfeifenundzigarren.de\/wp-content\/uploads\/2026\/04\/37iBYfydK_wB1x2wThqrPE.jpg\",\"datePublished\":\"2026-04-11T01:50:40+00:00\",\"dateModified\":\"2026-04-11T08:05:23+00:00\",\"breadcrumb\":{\"@id\":\"https:\/\/pfeifenundzigarren.de\/Produkt\/ochwertige-handgefertigte-sherlock-holmes-pfeife-im-viktorianischen-stil\/#breadcrumb\"},\"inLanguage\":\"es\",\"potentialAction\":[{\"@type\":\"ReadAction\",\"target\":[\"https:\/\/pfeifenundzigarren.de\/Produkt\/ochwertige-handgefertigte-sherlock-holmes-pfeife-im-viktorianischen-stil\/\"]}]},{\"@type\":\"ImageObject\",\"inLanguage\":\"es\",\"@id\":\"https:\/\/pfeifenundzigarren.de\/Produkt\/ochwertige-handgefertigte-sherlock-holmes-pfeife-im-viktorianischen-stil\/#primaryimage\",\"url\":\"https:\/\/pfeifenundzigarren.de\/wp-content\/uploads\/2026\/04\/37iBYfydK_wB1x2wThqrPE.jpg\",\"contentUrl\":\"https:\/\/pfeifenundzigarren.de\/wp-content\/uploads\/2026\/04\/37iBYfydK_wB1x2wThqrPE.jpg\",\"width\":800,\"height\":800,\"caption\":\"ochwertige handgefertigte Sherlock-Holmes-Pfeife im viktorianischen Stil\"},{\"@type\":\"BreadcrumbList\",\"@id\":\"https:\/\/pfeifenundzigarren.de\/Produkt\/ochwertige-handgefertigte-sherlock-holmes-pfeife-im-viktorianischen-stil\/#breadcrumb\",\"itemListElement\":[{\"@type\":\"ListItem\",\"position\":1,\"name\":\"Home\",\"item\":\"https:\/\/pfeifenundzigarren.de\/\"},{\"@type\":\"ListItem\",\"position\":2,\"name\":\"Shop\",\"item\":\"https:\/\/pfeifenundzigarren.de\/shop\/\"},{\"@type\":\"ListItem\",\"position\":3,\"name\":\"ochwertige handgefertigte Sherlock-Holmes-Pfeife im viktorianischen Stil\"}]},{\"@type\":\"WebSite\",\"@id\":\"https:\/\/pfeifenundzigarren.de\/#website\",\"url\":\"https:\/\/pfeifenundzigarren.de\/\",\"name\":\"Der beste Onlineshop f\u00fcr Pfeifen und Zigarrenzubeh\u00f6r in Deutschland\",\"description\":\"\",\"publisher\":{\"@id\":\"https:\/\/pfeifenundzigarren.de\/#organization\"},\"potentialAction\":[{\"@type\":\"SearchAction\",\"target\":{\"@type\":\"EntryPoint\",\"urlTemplate\":\"https:\/\/pfeifenundzigarren.de\/?s={search_term_string}\"},\"query-input\":{\"@type\":\"PropertyValueSpecification\",\"valueRequired\":true,\"valueName\":\"search_term_string\"}}],\"inLanguage\":\"es\"},{\"@type\":\"Organization\",\"@id\":\"https:\/\/pfeifenundzigarren.de\/#organization\",\"name\":\"Der beste Onlineshop f\u00fcr Pfeifen und Zigarrenzubeh\u00f6r in Deutschland\",\"url\":\"https:\/\/pfeifenundzigarren.de\/\",\"logo\":{\"@type\":\"ImageObject\",\"inLanguage\":\"es\",\"@id\":\"https:\/\/pfeifenundzigarren.de\/#\/schema\/logo\/image\/\",\"url\":\"https:\/\/pfeifenundzigarren.de\/wp-content\/uploads\/2024\/09\/cropped-Luxury-and-Vintage-Ornamental-Coffee-Shop-Logo.png\",\"contentUrl\":\"https:\/\/pfeifenundzigarren.de\/wp-content\/uploads\/2024\/09\/cropped-Luxury-and-Vintage-Ornamental-Coffee-Shop-Logo.png\",\"width\":512,\"height\":512,\"caption\":\"Der beste Onlineshop f\u00fcr Pfeifen und Zigarrenzubeh\u00f6r in Deutschland\"},\"image\":{\"@id\":\"https:\/\/pfeifenundzigarren.de\/#\/schema\/logo\/image\/\"}}]}<\/script>\n<!-- \/ Yoast SEO Premium plugin. -->","yoast_head_json":{"title":"ochwertige handgefertigte Sherlock-Holmes-Pfeife im viktorianischen Stil - Der beste Onlineshop f\u00fcr Pfeifen und Zigarrenzubeh\u00f6r in Deutschland","robots":{"index":"index","follow":"follow","max-snippet":"max-snippet:-1","max-image-preview":"max-image-preview:large","max-video-preview":"max-video-preview:-1"},"canonical":"https:\/\/pfeifenundzigarren.de\/es\/Produkt\/ochwertige-handgefertigte-sherlock-holmes-pfeife-im-viktorianischen-stil\/","og_locale":"es_ES","og_type":"article","og_title":"ochwertige handgefertigte Sherlock-Holmes-Pfeife im viktorianischen Stil","og_description":"Produktbeschreibung Wir bieten ein abnehmbares Upgrade f\u00fcr diese Sherlock Holmes Pfeife an., leicht zu reinigen: Eingebautes Metallgewinde l\u00f6st effektiv das","og_url":"https:\/\/pfeifenundzigarren.de\/es\/Produkt\/ochwertige-handgefertigte-sherlock-holmes-pfeife-im-viktorianischen-stil\/","og_site_name":"Der beste Onlineshop f\u00fcr Pfeifen und Zigarrenzubeh\u00f6r in Deutschland","article_modified_time":"2026-04-11T08:05:23+00:00","og_image":[{"width":800,"height":800,"url":"https:\/\/pfeifenundzigarren.de\/wp-content\/uploads\/2026\/04\/37iBYfydK_wB1x2wThqrPE.jpg","type":"image\/jpeg"}],"twitter_card":"summary_large_image","twitter_misc":{"Tiempo de lectura":"3 minutos"},"schema":{"@context":"https:\/\/schema.org","@graph":[{"@type":"WebPage","@id":"https:\/\/pfeifenundzigarren.de\/Produkt\/ochwertige-handgefertigte-sherlock-holmes-pfeife-im-viktorianischen-stil\/","url":"https:\/\/pfeifenundzigarren.de\/Produkt\/ochwertige-handgefertigte-sherlock-holmes-pfeife-im-viktorianischen-stil\/","name":"ochwertige handgefertigte Sherlock-Holmes-Pfeife im viktorianischen Stil - Der beste Onlineshop f\u00fcr Pfeifen und Zigarrenzubeh\u00f6r in Deutschland","isPartOf":{"@id":"https:\/\/pfeifenundzigarren.de\/#website"},"primaryImageOfPage":{"@id":"https:\/\/pfeifenundzigarren.de\/Produkt\/ochwertige-handgefertigte-sherlock-holmes-pfeife-im-viktorianischen-stil\/#primaryimage"},"image":{"@id":"https:\/\/pfeifenundzigarren.de\/Produkt\/ochwertige-handgefertigte-sherlock-holmes-pfeife-im-viktorianischen-stil\/#primaryimage"},"thumbnailUrl":"https:\/\/pfeifenundzigarren.de\/wp-content\/uploads\/2026\/04\/37iBYfydK_wB1x2wThqrPE.jpg","datePublished":"2026-04-11T01:50:40+00:00","dateModified":"2026-04-11T08:05:23+00:00","breadcrumb":{"@id":"https:\/\/pfeifenundzigarren.de\/Produkt\/ochwertige-handgefertigte-sherlock-holmes-pfeife-im-viktorianischen-stil\/#breadcrumb"},"inLanguage":"es","potentialAction":[{"@type":"ReadAction","target":["https:\/\/pfeifenundzigarren.de\/Produkt\/ochwertige-handgefertigte-sherlock-holmes-pfeife-im-viktorianischen-stil\/"]}]},{"@type":"ImageObject","inLanguage":"es","@id":"https:\/\/pfeifenundzigarren.de\/Produkt\/ochwertige-handgefertigte-sherlock-holmes-pfeife-im-viktorianischen-stil\/#primaryimage","url":"https:\/\/pfeifenundzigarren.de\/wp-content\/uploads\/2026\/04\/37iBYfydK_wB1x2wThqrPE.jpg","contentUrl":"https:\/\/pfeifenundzigarren.de\/wp-content\/uploads\/2026\/04\/37iBYfydK_wB1x2wThqrPE.jpg","width":800,"height":800,"caption":"ochwertige handgefertigte Sherlock-Holmes-Pfeife im viktorianischen Stil"},{"@type":"BreadcrumbList","@id":"https:\/\/pfeifenundzigarren.de\/Produkt\/ochwertige-handgefertigte-sherlock-holmes-pfeife-im-viktorianischen-stil\/#breadcrumb","itemListElement":[{"@type":"ListItem","position":1,"name":"Home","item":"https:\/\/pfeifenundzigarren.de\/"},{"@type":"ListItem","position":2,"name":"Shop","item":"https:\/\/pfeifenundzigarren.de\/shop\/"},{"@type":"ListItem","position":3,"name":"ochwertige handgefertigte Sherlock-Holmes-Pfeife im viktorianischen Stil"}]},{"@type":"WebSite","@id":"https:\/\/pfeifenundzigarren.de\/#website","url":"https:\/\/pfeifenundzigarren.de\/","name":"La mejor tienda en l\u00ednea de pipas y accesorios para puros de Alemania","description":"","publisher":{"@id":"https:\/\/pfeifenundzigarren.de\/#organization"},"potentialAction":[{"@type":"SearchAction","target":{"@type":"EntryPoint","urlTemplate":"https:\/\/pfeifenundzigarren.de\/?s={search_term_string}"},"query-input":{"@type":"PropertyValueSpecification","valueRequired":true,"valueName":"search_term_string"}}],"inLanguage":"es"},{"@type":"Organization","@id":"https:\/\/pfeifenundzigarren.de\/#organization","name":"La mejor tienda en l\u00ednea de pipas y accesorios para puros de Alemania","url":"https:\/\/pfeifenundzigarren.de\/","logo":{"@type":"ImageObject","inLanguage":"es","@id":"https:\/\/pfeifenundzigarren.de\/#\/schema\/logo\/image\/","url":"https:\/\/pfeifenundzigarren.de\/wp-content\/uploads\/2024\/09\/cropped-Luxury-and-Vintage-Ornamental-Coffee-Shop-Logo.png","contentUrl":"https:\/\/pfeifenundzigarren.de\/wp-content\/uploads\/2024\/09\/cropped-Luxury-and-Vintage-Ornamental-Coffee-Shop-Logo.png","width":512,"height":512,"caption":"Der beste Onlineshop f\u00fcr Pfeifen und Zigarrenzubeh\u00f6r in Deutschland"},"image":{"@id":"https:\/\/pfeifenundzigarren.de\/#\/schema\/logo\/image\/"}}]}},"_links":{"self":[{"href":"https:\/\/pfeifenundzigarren.de\/es\/wp-json\/wp\/v2\/product\/11778","targetHints":{"allow":["GET"]}}],"collection":[{"href":"https:\/\/pfeifenundzigarren.de\/es\/wp-json\/wp\/v2\/product"}],"about":[{"href":"https:\/\/pfeifenundzigarren.de\/es\/wp-json\/wp\/v2\/types\/product"}],"replies":[{"embeddable":true,"href":"https:\/\/pfeifenundzigarren.de\/es\/wp-json\/wp\/v2\/comments?post=11778"}],"version-history":[{"count":4,"href":"https:\/\/pfeifenundzigarren.de\/es\/wp-json\/wp\/v2\/product\/11778\/revisions"}],"predecessor-version":[{"id":11897,"href":"https:\/\/pfeifenundzigarren.de\/es\/wp-json\/wp\/v2\/product\/11778\/revisions\/11897"}],"wp:featuredmedia":[{"embeddable":true,"href":"https:\/\/pfeifenundzigarren.de\/es\/wp-json\/wp\/v2\/media\/11785"}],"wp:attachment":[{"href":"https:\/\/pfeifenundzigarren.de\/es\/wp-json\/wp\/v2\/media?parent=11778"}],"wp:term":[{"taxonomy":"product_brand","embeddable":true,"href":"https:\/\/pfeifenundzigarren.de\/es\/wp-json\/wp\/v2\/product_brand?post=11778"},{"taxonomy":"product_cat","embeddable":true,"href":"https:\/\/pfeifenundzigarren.de\/es\/wp-json\/wp\/v2\/product_cat?post=11778"},{"taxonomy":"product_tag","embeddable":true,"href":"https:\/\/pfeifenundzigarren.de\/es\/wp-json\/wp\/v2\/product_tag?post=11778"}],"curies":[{"name":"wp","href":"https:\/\/api.w.org\/{rel}","templated":true}]}}