{"id":11763,"date":"2026-04-11T03:36:13","date_gmt":"2026-04-11T01:36:13","guid":{"rendered":"https:\/\/pfeifenundzigarren.de\/Produkt\/gerade-9mm-bruyere-pfeife-fuer-anfaenger\/"},"modified":"2026-04-12T01:34:36","modified_gmt":"2026-04-11T23:34:36","slug":"gerade-9mm-bruyere-pfeife-fuer-anfaenger","status":"publish","type":"product","link":"https:\/\/pfeifenundzigarren.de\/es\/Produkt\/gerade-9mm-bruyere-pfeife-fuer-anfaenger\/","title":{"rendered":"Gerade 9mm Bruy\u00e8re-Pfeife f\u00fcr Anf\u00e4nger"},"content":{"rendered":"<p><img decoding=\"async\" src=\"https:\/\/pfeifenundzigarren.de\/wp-content\/uploads\/2026\/04\/O1CN01veOyns1hXUnwcpxjU_2208219074287.webp\" alt=\"\"><\/p>\n<p><img decoding=\"async\" src=\"https:\/\/pfeifenundzigarren.de\/wp-content\/uploads\/2026\/04\/O1CN012MkzNR1hXUnrmmWjf_2208219074287.webp\" alt=\"\"><\/p>\n<p><img decoding=\"async\" src=\"https:\/\/pfeifenundzigarren.de\/wp-content\/uploads\/2026\/04\/O1CN01tqFjLG1hXUnujhLym_2208219074287.webp\" alt=\"\"><\/p>\n<p><img decoding=\"async\" src=\"https:\/\/pfeifenundzigarren.de\/wp-content\/uploads\/2026\/04\/O1CN01Br1CmL1hXUnujkAhc_2208219074287.webp\" alt=\"\"><\/p>\n<p><img decoding=\"async\" src=\"https:\/\/pfeifenundzigarren.de\/wp-content\/uploads\/2026\/04\/O1CN017rzCZK1hXUdsPks9t_2208219074287.webp\" alt=\"\"><\/p>","protected":false},"excerpt":{"rendered":"","protected":false},"featured_media":11770,"comment_status":"open","ping_status":"closed","template":"","meta":[],"product_brand":[],"product_cat":[70],"product_tag":[],"class_list":{"0":"post-11763","1":"product","2":"type-product","3":"status-publish","4":"has-post-thumbnail","6":"product_cat-pfeife","8":"first","9":"instock","10":"sale","11":"shipping-taxable","12":"purchasable","13":"product-type-variable","14":"wvs-archive-product-wrapper"},"yoast_head":"<!-- This site is optimized with the Yoast SEO Premium plugin v26.7 (Yoast SEO v26.7) - https:\/\/yoast.com\/wordpress\/plugins\/seo\/ -->\n<title>Gerade 9mm Bruy\u00e8re-Pfeife f\u00fcr Anf\u00e4nger - Der beste Onlineshop f\u00fcr Pfeifen und Zigarrenzubeh\u00f6r in Deutschland<\/title>\n<meta name=\"robots\" content=\"index, follow, max-snippet:-1, max-image-preview:large, max-video-preview:-1\" \/>\n<link rel=\"canonical\" href=\"https:\/\/pfeifenundzigarren.de\/es\/Produkt\/gerade-9mm-bruyere-pfeife-fuer-anfaenger\/\" \/>\n<meta property=\"og:locale\" content=\"es_ES\" \/>\n<meta property=\"og:type\" content=\"article\" \/>\n<meta property=\"og:title\" content=\"Gerade 9mm Bruy\u00e8re-Pfeife f\u00fcr Anf\u00e4nger\" \/>\n<meta property=\"og:url\" content=\"https:\/\/pfeifenundzigarren.de\/es\/Produkt\/gerade-9mm-bruyere-pfeife-fuer-anfaenger\/\" \/>\n<meta property=\"og:site_name\" content=\"Der beste Onlineshop f\u00fcr Pfeifen und Zigarrenzubeh\u00f6r in Deutschland\" \/>\n<meta property=\"article:modified_time\" content=\"2026-04-11T23:34:36+00:00\" \/>\n<meta property=\"og:image\" content=\"https:\/\/pfeifenundzigarren.de\/wp-content\/uploads\/2026\/04\/O1CN01tqFjLG1hXUnujhLym_2208219074287-1.webp\" \/>\n\t<meta property=\"og:image:width\" content=\"800\" \/>\n\t<meta property=\"og:image:height\" content=\"800\" \/>\n\t<meta property=\"og:image:type\" content=\"image\/webp\" \/>\n<meta name=\"twitter:card\" content=\"summary_large_image\" \/>\n<script type=\"application\/ld+json\" class=\"yoast-schema-graph\">{\"@context\":\"https:\/\/schema.org\",\"@graph\":[{\"@type\":\"WebPage\",\"@id\":\"https:\/\/pfeifenundzigarren.de\/Produkt\/gerade-9mm-bruyere-pfeife-fuer-anfaenger\/\",\"url\":\"https:\/\/pfeifenundzigarren.de\/Produkt\/gerade-9mm-bruyere-pfeife-fuer-anfaenger\/\",\"name\":\"Gerade 9mm Bruy\u00e8re-Pfeife f\u00fcr Anf\u00e4nger - Der beste Onlineshop f\u00fcr Pfeifen und Zigarrenzubeh\u00f6r in Deutschland\",\"isPartOf\":{\"@id\":\"https:\/\/pfeifenundzigarren.de\/#website\"},\"primaryImageOfPage\":{\"@id\":\"https:\/\/pfeifenundzigarren.de\/Produkt\/gerade-9mm-bruyere-pfeife-fuer-anfaenger\/#primaryimage\"},\"image\":{\"@id\":\"https:\/\/pfeifenundzigarren.de\/Produkt\/gerade-9mm-bruyere-pfeife-fuer-anfaenger\/#primaryimage\"},\"thumbnailUrl\":\"https:\/\/pfeifenundzigarren.de\/wp-content\/uploads\/2026\/04\/O1CN01tqFjLG1hXUnujhLym_2208219074287-1.webp\",\"datePublished\":\"2026-04-11T01:36:13+00:00\",\"dateModified\":\"2026-04-11T23:34:36+00:00\",\"breadcrumb\":{\"@id\":\"https:\/\/pfeifenundzigarren.de\/Produkt\/gerade-9mm-bruyere-pfeife-fuer-anfaenger\/#breadcrumb\"},\"inLanguage\":\"es\",\"potentialAction\":[{\"@type\":\"ReadAction\",\"target\":[\"https:\/\/pfeifenundzigarren.de\/Produkt\/gerade-9mm-bruyere-pfeife-fuer-anfaenger\/\"]}]},{\"@type\":\"ImageObject\",\"inLanguage\":\"es\",\"@id\":\"https:\/\/pfeifenundzigarren.de\/Produkt\/gerade-9mm-bruyere-pfeife-fuer-anfaenger\/#primaryimage\",\"url\":\"https:\/\/pfeifenundzigarren.de\/wp-content\/uploads\/2026\/04\/O1CN01tqFjLG1hXUnujhLym_2208219074287-1.webp\",\"contentUrl\":\"https:\/\/pfeifenundzigarren.de\/wp-content\/uploads\/2026\/04\/O1CN01tqFjLG1hXUnujhLym_2208219074287-1.webp\",\"width\":800,\"height\":800},{\"@type\":\"BreadcrumbList\",\"@id\":\"https:\/\/pfeifenundzigarren.de\/Produkt\/gerade-9mm-bruyere-pfeife-fuer-anfaenger\/#breadcrumb\",\"itemListElement\":[{\"@type\":\"ListItem\",\"position\":1,\"name\":\"Home\",\"item\":\"https:\/\/pfeifenundzigarren.de\/\"},{\"@type\":\"ListItem\",\"position\":2,\"name\":\"Shop\",\"item\":\"https:\/\/pfeifenundzigarren.de\/shop\/\"},{\"@type\":\"ListItem\",\"position\":3,\"name\":\"Gerade 9mm Bruy\u00e8re-Pfeife f\u00fcr Anf\u00e4nger\"}]},{\"@type\":\"WebSite\",\"@id\":\"https:\/\/pfeifenundzigarren.de\/#website\",\"url\":\"https:\/\/pfeifenundzigarren.de\/\",\"name\":\"Der beste Onlineshop f\u00fcr Pfeifen und Zigarrenzubeh\u00f6r in Deutschland\",\"description\":\"\",\"publisher\":{\"@id\":\"https:\/\/pfeifenundzigarren.de\/#organization\"},\"potentialAction\":[{\"@type\":\"SearchAction\",\"target\":{\"@type\":\"EntryPoint\",\"urlTemplate\":\"https:\/\/pfeifenundzigarren.de\/?s={search_term_string}\"},\"query-input\":{\"@type\":\"PropertyValueSpecification\",\"valueRequired\":true,\"valueName\":\"search_term_string\"}}],\"inLanguage\":\"es\"},{\"@type\":\"Organization\",\"@id\":\"https:\/\/pfeifenundzigarren.de\/#organization\",\"name\":\"Der beste Onlineshop f\u00fcr Pfeifen und Zigarrenzubeh\u00f6r in Deutschland\",\"url\":\"https:\/\/pfeifenundzigarren.de\/\",\"logo\":{\"@type\":\"ImageObject\",\"inLanguage\":\"es\",\"@id\":\"https:\/\/pfeifenundzigarren.de\/#\/schema\/logo\/image\/\",\"url\":\"https:\/\/pfeifenundzigarren.de\/wp-content\/uploads\/2024\/09\/cropped-Luxury-and-Vintage-Ornamental-Coffee-Shop-Logo.png\",\"contentUrl\":\"https:\/\/pfeifenundzigarren.de\/wp-content\/uploads\/2024\/09\/cropped-Luxury-and-Vintage-Ornamental-Coffee-Shop-Logo.png\",\"width\":512,\"height\":512,\"caption\":\"Der beste Onlineshop f\u00fcr Pfeifen und Zigarrenzubeh\u00f6r in Deutschland\"},\"image\":{\"@id\":\"https:\/\/pfeifenundzigarren.de\/#\/schema\/logo\/image\/\"}}]}<\/script>\n<!-- \/ Yoast SEO Premium plugin. -->","yoast_head_json":{"title":"Gerade 9mm Bruy\u00e8re-Pfeife f\u00fcr Anf\u00e4nger - Der beste Onlineshop f\u00fcr Pfeifen und Zigarrenzubeh\u00f6r in Deutschland","robots":{"index":"index","follow":"follow","max-snippet":"max-snippet:-1","max-image-preview":"max-image-preview:large","max-video-preview":"max-video-preview:-1"},"canonical":"https:\/\/pfeifenundzigarren.de\/es\/Produkt\/gerade-9mm-bruyere-pfeife-fuer-anfaenger\/","og_locale":"es_ES","og_type":"article","og_title":"Gerade 9mm Bruy\u00e8re-Pfeife f\u00fcr Anf\u00e4nger","og_url":"https:\/\/pfeifenundzigarren.de\/es\/Produkt\/gerade-9mm-bruyere-pfeife-fuer-anfaenger\/","og_site_name":"Der beste Onlineshop f\u00fcr Pfeifen und Zigarrenzubeh\u00f6r in Deutschland","article_modified_time":"2026-04-11T23:34:36+00:00","og_image":[{"width":800,"height":800,"url":"https:\/\/pfeifenundzigarren.de\/wp-content\/uploads\/2026\/04\/O1CN01tqFjLG1hXUnujhLym_2208219074287-1.webp","type":"image\/webp"}],"twitter_card":"summary_large_image","schema":{"@context":"https:\/\/schema.org","@graph":[{"@type":"WebPage","@id":"https:\/\/pfeifenundzigarren.de\/Produkt\/gerade-9mm-bruyere-pfeife-fuer-anfaenger\/","url":"https:\/\/pfeifenundzigarren.de\/Produkt\/gerade-9mm-bruyere-pfeife-fuer-anfaenger\/","name":"Gerade 9mm Bruy\u00e8re-Pfeife f\u00fcr Anf\u00e4nger - Der beste Onlineshop f\u00fcr Pfeifen und Zigarrenzubeh\u00f6r in Deutschland","isPartOf":{"@id":"https:\/\/pfeifenundzigarren.de\/#website"},"primaryImageOfPage":{"@id":"https:\/\/pfeifenundzigarren.de\/Produkt\/gerade-9mm-bruyere-pfeife-fuer-anfaenger\/#primaryimage"},"image":{"@id":"https:\/\/pfeifenundzigarren.de\/Produkt\/gerade-9mm-bruyere-pfeife-fuer-anfaenger\/#primaryimage"},"thumbnailUrl":"https:\/\/pfeifenundzigarren.de\/wp-content\/uploads\/2026\/04\/O1CN01tqFjLG1hXUnujhLym_2208219074287-1.webp","datePublished":"2026-04-11T01:36:13+00:00","dateModified":"2026-04-11T23:34:36+00:00","breadcrumb":{"@id":"https:\/\/pfeifenundzigarren.de\/Produkt\/gerade-9mm-bruyere-pfeife-fuer-anfaenger\/#breadcrumb"},"inLanguage":"es","potentialAction":[{"@type":"ReadAction","target":["https:\/\/pfeifenundzigarren.de\/Produkt\/gerade-9mm-bruyere-pfeife-fuer-anfaenger\/"]}]},{"@type":"ImageObject","inLanguage":"es","@id":"https:\/\/pfeifenundzigarren.de\/Produkt\/gerade-9mm-bruyere-pfeife-fuer-anfaenger\/#primaryimage","url":"https:\/\/pfeifenundzigarren.de\/wp-content\/uploads\/2026\/04\/O1CN01tqFjLG1hXUnujhLym_2208219074287-1.webp","contentUrl":"https:\/\/pfeifenundzigarren.de\/wp-content\/uploads\/2026\/04\/O1CN01tqFjLG1hXUnujhLym_2208219074287-1.webp","width":800,"height":800},{"@type":"BreadcrumbList","@id":"https:\/\/pfeifenundzigarren.de\/Produkt\/gerade-9mm-bruyere-pfeife-fuer-anfaenger\/#breadcrumb","itemListElement":[{"@type":"ListItem","position":1,"name":"Home","item":"https:\/\/pfeifenundzigarren.de\/"},{"@type":"ListItem","position":2,"name":"Shop","item":"https:\/\/pfeifenundzigarren.de\/shop\/"},{"@type":"ListItem","position":3,"name":"Gerade 9mm Bruy\u00e8re-Pfeife f\u00fcr Anf\u00e4nger"}]},{"@type":"WebSite","@id":"https:\/\/pfeifenundzigarren.de\/#website","url":"https:\/\/pfeifenundzigarren.de\/","name":"La mejor tienda en l\u00ednea de pipas y accesorios para puros de Alemania","description":"","publisher":{"@id":"https:\/\/pfeifenundzigarren.de\/#organization"},"potentialAction":[{"@type":"SearchAction","target":{"@type":"EntryPoint","urlTemplate":"https:\/\/pfeifenundzigarren.de\/?s={search_term_string}"},"query-input":{"@type":"PropertyValueSpecification","valueRequired":true,"valueName":"search_term_string"}}],"inLanguage":"es"},{"@type":"Organization","@id":"https:\/\/pfeifenundzigarren.de\/#organization","name":"La mejor tienda en l\u00ednea de pipas y accesorios para puros de Alemania","url":"https:\/\/pfeifenundzigarren.de\/","logo":{"@type":"ImageObject","inLanguage":"es","@id":"https:\/\/pfeifenundzigarren.de\/#\/schema\/logo\/image\/","url":"https:\/\/pfeifenundzigarren.de\/wp-content\/uploads\/2024\/09\/cropped-Luxury-and-Vintage-Ornamental-Coffee-Shop-Logo.png","contentUrl":"https:\/\/pfeifenundzigarren.de\/wp-content\/uploads\/2024\/09\/cropped-Luxury-and-Vintage-Ornamental-Coffee-Shop-Logo.png","width":512,"height":512,"caption":"Der beste Onlineshop f\u00fcr Pfeifen und Zigarrenzubeh\u00f6r in Deutschland"},"image":{"@id":"https:\/\/pfeifenundzigarren.de\/#\/schema\/logo\/image\/"}}]}},"_links":{"self":[{"href":"https:\/\/pfeifenundzigarren.de\/es\/wp-json\/wp\/v2\/product\/11763","targetHints":{"allow":["GET"]}}],"collection":[{"href":"https:\/\/pfeifenundzigarren.de\/es\/wp-json\/wp\/v2\/product"}],"about":[{"href":"https:\/\/pfeifenundzigarren.de\/es\/wp-json\/wp\/v2\/types\/product"}],"replies":[{"embeddable":true,"href":"https:\/\/pfeifenundzigarren.de\/es\/wp-json\/wp\/v2\/comments?post=11763"}],"version-history":[{"count":1,"href":"https:\/\/pfeifenundzigarren.de\/es\/wp-json\/wp\/v2\/product\/11763\/revisions"}],"predecessor-version":[{"id":11769,"href":"https:\/\/pfeifenundzigarren.de\/es\/wp-json\/wp\/v2\/product\/11763\/revisions\/11769"}],"wp:featuredmedia":[{"embeddable":true,"href":"https:\/\/pfeifenundzigarren.de\/es\/wp-json\/wp\/v2\/media\/11770"}],"wp:attachment":[{"href":"https:\/\/pfeifenundzigarren.de\/es\/wp-json\/wp\/v2\/media?parent=11763"}],"wp:term":[{"taxonomy":"product_brand","embeddable":true,"href":"https:\/\/pfeifenundzigarren.de\/es\/wp-json\/wp\/v2\/product_brand?post=11763"},{"taxonomy":"product_cat","embeddable":true,"href":"https:\/\/pfeifenundzigarren.de\/es\/wp-json\/wp\/v2\/product_cat?post=11763"},{"taxonomy":"product_tag","embeddable":true,"href":"https:\/\/pfeifenundzigarren.de\/es\/wp-json\/wp\/v2\/product_tag?post=11763"}],"curies":[{"name":"wp","href":"https:\/\/api.w.org\/{rel}","templated":true}]}}