{"id":11756,"date":"2026-04-11T03:32:48","date_gmt":"2026-04-11T01:32:48","guid":{"rendered":"https:\/\/pfeifenundzigarren.de\/Produkt\/guenstige-pfeifen-fuer-anfaenger\/"},"modified":"2026-04-12T01:34:30","modified_gmt":"2026-04-11T23:34:30","slug":"guenstige-pfeifen-fuer-anfaenger","status":"publish","type":"product","link":"https:\/\/pfeifenundzigarren.de\/es\/Produkt\/guenstige-pfeifen-fuer-anfaenger\/","title":{"rendered":"G\u00fcnstige Pfeifen f\u00fcr Anf\u00e4nger"},"content":{"rendered":"<p>Par\u00e1metros del producto<\/p>\n<p>Gesamtl\u00e4nge: 150 mm<br \/>\nKopfh\u00f6he: 47 mm<br \/>\nKammertiefe: 38 mm<br \/>\nKammerdurchmesser: 20 mm<br \/>\nKopfau\u00dfendurchmesser: 33 mm<br \/>\nMundst\u00fcckl\u00e4nge: 74 mm<br \/>\nFilterbohrung: 9 mm<br \/>\nMaterial: madera de brezo<br \/>\nPassender Filter: 9-mm-Filter<\/p>","protected":false},"excerpt":{"rendered":"<p>Produktparameter Gesamtl\u00e4nge: 150 mm Kopfh\u00f6he: 47 mm Kammertiefe: 38 mm Kammerdurchmesser: 20 mm Kopfau\u00dfendurchmesser: 33 mm Mundst\u00fcckl\u00e4nge: 74 mm Filterbohrung:<\/p>","protected":false},"featured_media":11757,"comment_status":"open","ping_status":"closed","template":"","meta":[],"product_brand":[],"product_cat":[901,337,70],"product_tag":[],"class_list":{"0":"post-11756","1":"product","2":"type-product","3":"status-publish","4":"has-post-thumbnail","6":"product_cat-pfeifen-fuer-anfaenger","7":"product_cat-9mm-filter-pfeifen","8":"product_cat-pfeife","9":"pa_product-specifications-aa0012s-12","11":"first","12":"instock","13":"sale","14":"shipping-taxable","15":"purchasable","16":"product-type-variable","17":"wvs-archive-product-wrapper"},"yoast_head":"<!-- This site is optimized with the Yoast SEO Premium plugin v26.7 (Yoast SEO v26.7) - https:\/\/yoast.com\/wordpress\/plugins\/seo\/ -->\n<title>G\u00fcnstige Pfeifen f\u00fcr Anf\u00e4nger - Der beste Onlineshop f\u00fcr Pfeifen und Zigarrenzubeh\u00f6r in Deutschland<\/title>\n<meta name=\"robots\" content=\"index, follow, max-snippet:-1, max-image-preview:large, max-video-preview:-1\" \/>\n<link rel=\"canonical\" href=\"https:\/\/pfeifenundzigarren.de\/es\/Produkt\/guenstige-pfeifen-fuer-anfaenger\/\" \/>\n<meta property=\"og:locale\" content=\"es_ES\" \/>\n<meta property=\"og:type\" content=\"article\" \/>\n<meta property=\"og:title\" content=\"G\u00fcnstige Pfeifen f\u00fcr Anf\u00e4nger\" \/>\n<meta property=\"og:description\" content=\"Produktparameter Gesamtl\u00e4nge: 150 mm Kopfh\u00f6he: 47 mm Kammertiefe: 38 mm Kammerdurchmesser: 20 mm Kopfau\u00dfendurchmesser: 33 mm Mundst\u00fcckl\u00e4nge: 74 mm Filterbohrung:\" \/>\n<meta property=\"og:url\" content=\"https:\/\/pfeifenundzigarren.de\/es\/Produkt\/guenstige-pfeifen-fuer-anfaenger\/\" \/>\n<meta property=\"og:site_name\" content=\"Der beste Onlineshop f\u00fcr Pfeifen und Zigarrenzubeh\u00f6r in Deutschland\" \/>\n<meta property=\"article:modified_time\" content=\"2026-04-11T23:34:30+00:00\" \/>\n<meta property=\"og:image\" content=\"https:\/\/pfeifenundzigarren.de\/wp-content\/uploads\/2026\/04\/O1CN012mPqZ61otfXdGAqU3_470735283.webp\" \/>\n\t<meta property=\"og:image:width\" content=\"800\" \/>\n\t<meta property=\"og:image:height\" content=\"800\" \/>\n\t<meta property=\"og:image:type\" content=\"image\/webp\" \/>\n<meta name=\"twitter:card\" content=\"summary_large_image\" \/>\n<meta name=\"twitter:label1\" content=\"Tiempo de lectura\" \/>\n\t<meta name=\"twitter:data1\" content=\"1 minuto\" \/>\n<script type=\"application\/ld+json\" class=\"yoast-schema-graph\">{\"@context\":\"https:\/\/schema.org\",\"@graph\":[{\"@type\":\"WebPage\",\"@id\":\"https:\/\/pfeifenundzigarren.de\/Produkt\/guenstige-pfeifen-fuer-anfaenger\/\",\"url\":\"https:\/\/pfeifenundzigarren.de\/Produkt\/guenstige-pfeifen-fuer-anfaenger\/\",\"name\":\"G\u00fcnstige Pfeifen f\u00fcr Anf\u00e4nger - Der beste Onlineshop f\u00fcr Pfeifen und Zigarrenzubeh\u00f6r in Deutschland\",\"isPartOf\":{\"@id\":\"https:\/\/pfeifenundzigarren.de\/#website\"},\"primaryImageOfPage\":{\"@id\":\"https:\/\/pfeifenundzigarren.de\/Produkt\/guenstige-pfeifen-fuer-anfaenger\/#primaryimage\"},\"image\":{\"@id\":\"https:\/\/pfeifenundzigarren.de\/Produkt\/guenstige-pfeifen-fuer-anfaenger\/#primaryimage\"},\"thumbnailUrl\":\"https:\/\/pfeifenundzigarren.de\/wp-content\/uploads\/2026\/04\/O1CN012mPqZ61otfXdGAqU3_470735283.webp\",\"datePublished\":\"2026-04-11T01:32:48+00:00\",\"dateModified\":\"2026-04-11T23:34:30+00:00\",\"breadcrumb\":{\"@id\":\"https:\/\/pfeifenundzigarren.de\/Produkt\/guenstige-pfeifen-fuer-anfaenger\/#breadcrumb\"},\"inLanguage\":\"es\",\"potentialAction\":[{\"@type\":\"ReadAction\",\"target\":[\"https:\/\/pfeifenundzigarren.de\/Produkt\/guenstige-pfeifen-fuer-anfaenger\/\"]}]},{\"@type\":\"ImageObject\",\"inLanguage\":\"es\",\"@id\":\"https:\/\/pfeifenundzigarren.de\/Produkt\/guenstige-pfeifen-fuer-anfaenger\/#primaryimage\",\"url\":\"https:\/\/pfeifenundzigarren.de\/wp-content\/uploads\/2026\/04\/O1CN012mPqZ61otfXdGAqU3_470735283.webp\",\"contentUrl\":\"https:\/\/pfeifenundzigarren.de\/wp-content\/uploads\/2026\/04\/O1CN012mPqZ61otfXdGAqU3_470735283.webp\",\"width\":800,\"height\":800},{\"@type\":\"BreadcrumbList\",\"@id\":\"https:\/\/pfeifenundzigarren.de\/Produkt\/guenstige-pfeifen-fuer-anfaenger\/#breadcrumb\",\"itemListElement\":[{\"@type\":\"ListItem\",\"position\":1,\"name\":\"Home\",\"item\":\"https:\/\/pfeifenundzigarren.de\/\"},{\"@type\":\"ListItem\",\"position\":2,\"name\":\"Shop\",\"item\":\"https:\/\/pfeifenundzigarren.de\/shop\/\"},{\"@type\":\"ListItem\",\"position\":3,\"name\":\"G\u00fcnstige Pfeifen f\u00fcr Anf\u00e4nger\"}]},{\"@type\":\"WebSite\",\"@id\":\"https:\/\/pfeifenundzigarren.de\/#website\",\"url\":\"https:\/\/pfeifenundzigarren.de\/\",\"name\":\"Der beste Onlineshop f\u00fcr Pfeifen und Zigarrenzubeh\u00f6r in Deutschland\",\"description\":\"\",\"publisher\":{\"@id\":\"https:\/\/pfeifenundzigarren.de\/#organization\"},\"potentialAction\":[{\"@type\":\"SearchAction\",\"target\":{\"@type\":\"EntryPoint\",\"urlTemplate\":\"https:\/\/pfeifenundzigarren.de\/?s={search_term_string}\"},\"query-input\":{\"@type\":\"PropertyValueSpecification\",\"valueRequired\":true,\"valueName\":\"search_term_string\"}}],\"inLanguage\":\"es\"},{\"@type\":\"Organization\",\"@id\":\"https:\/\/pfeifenundzigarren.de\/#organization\",\"name\":\"Der beste Onlineshop f\u00fcr Pfeifen und Zigarrenzubeh\u00f6r in Deutschland\",\"url\":\"https:\/\/pfeifenundzigarren.de\/\",\"logo\":{\"@type\":\"ImageObject\",\"inLanguage\":\"es\",\"@id\":\"https:\/\/pfeifenundzigarren.de\/#\/schema\/logo\/image\/\",\"url\":\"https:\/\/pfeifenundzigarren.de\/wp-content\/uploads\/2024\/09\/cropped-Luxury-and-Vintage-Ornamental-Coffee-Shop-Logo.png\",\"contentUrl\":\"https:\/\/pfeifenundzigarren.de\/wp-content\/uploads\/2024\/09\/cropped-Luxury-and-Vintage-Ornamental-Coffee-Shop-Logo.png\",\"width\":512,\"height\":512,\"caption\":\"Der beste Onlineshop f\u00fcr Pfeifen und Zigarrenzubeh\u00f6r in Deutschland\"},\"image\":{\"@id\":\"https:\/\/pfeifenundzigarren.de\/#\/schema\/logo\/image\/\"}}]}<\/script>\n<!-- \/ Yoast SEO Premium plugin. -->","yoast_head_json":{"title":"G\u00fcnstige Pfeifen f\u00fcr Anf\u00e4nger - Der beste Onlineshop f\u00fcr Pfeifen und Zigarrenzubeh\u00f6r in Deutschland","robots":{"index":"index","follow":"follow","max-snippet":"max-snippet:-1","max-image-preview":"max-image-preview:large","max-video-preview":"max-video-preview:-1"},"canonical":"https:\/\/pfeifenundzigarren.de\/es\/Produkt\/guenstige-pfeifen-fuer-anfaenger\/","og_locale":"es_ES","og_type":"article","og_title":"G\u00fcnstige Pfeifen f\u00fcr Anf\u00e4nger","og_description":"Produktparameter Gesamtl\u00e4nge: 150 mm Kopfh\u00f6he: 47 mm Kammertiefe: 38 mm Kammerdurchmesser: 20 mm Kopfau\u00dfendurchmesser: 33 mm Mundst\u00fcckl\u00e4nge: 74 mm Filterbohrung:","og_url":"https:\/\/pfeifenundzigarren.de\/es\/Produkt\/guenstige-pfeifen-fuer-anfaenger\/","og_site_name":"Der beste Onlineshop f\u00fcr Pfeifen und Zigarrenzubeh\u00f6r in Deutschland","article_modified_time":"2026-04-11T23:34:30+00:00","og_image":[{"width":800,"height":800,"url":"https:\/\/pfeifenundzigarren.de\/wp-content\/uploads\/2026\/04\/O1CN012mPqZ61otfXdGAqU3_470735283.webp","type":"image\/webp"}],"twitter_card":"summary_large_image","twitter_misc":{"Tiempo de lectura":"1 minuto"},"schema":{"@context":"https:\/\/schema.org","@graph":[{"@type":"WebPage","@id":"https:\/\/pfeifenundzigarren.de\/Produkt\/guenstige-pfeifen-fuer-anfaenger\/","url":"https:\/\/pfeifenundzigarren.de\/Produkt\/guenstige-pfeifen-fuer-anfaenger\/","name":"G\u00fcnstige Pfeifen f\u00fcr Anf\u00e4nger - Der beste Onlineshop f\u00fcr Pfeifen und Zigarrenzubeh\u00f6r in Deutschland","isPartOf":{"@id":"https:\/\/pfeifenundzigarren.de\/#website"},"primaryImageOfPage":{"@id":"https:\/\/pfeifenundzigarren.de\/Produkt\/guenstige-pfeifen-fuer-anfaenger\/#primaryimage"},"image":{"@id":"https:\/\/pfeifenundzigarren.de\/Produkt\/guenstige-pfeifen-fuer-anfaenger\/#primaryimage"},"thumbnailUrl":"https:\/\/pfeifenundzigarren.de\/wp-content\/uploads\/2026\/04\/O1CN012mPqZ61otfXdGAqU3_470735283.webp","datePublished":"2026-04-11T01:32:48+00:00","dateModified":"2026-04-11T23:34:30+00:00","breadcrumb":{"@id":"https:\/\/pfeifenundzigarren.de\/Produkt\/guenstige-pfeifen-fuer-anfaenger\/#breadcrumb"},"inLanguage":"es","potentialAction":[{"@type":"ReadAction","target":["https:\/\/pfeifenundzigarren.de\/Produkt\/guenstige-pfeifen-fuer-anfaenger\/"]}]},{"@type":"ImageObject","inLanguage":"es","@id":"https:\/\/pfeifenundzigarren.de\/Produkt\/guenstige-pfeifen-fuer-anfaenger\/#primaryimage","url":"https:\/\/pfeifenundzigarren.de\/wp-content\/uploads\/2026\/04\/O1CN012mPqZ61otfXdGAqU3_470735283.webp","contentUrl":"https:\/\/pfeifenundzigarren.de\/wp-content\/uploads\/2026\/04\/O1CN012mPqZ61otfXdGAqU3_470735283.webp","width":800,"height":800},{"@type":"BreadcrumbList","@id":"https:\/\/pfeifenundzigarren.de\/Produkt\/guenstige-pfeifen-fuer-anfaenger\/#breadcrumb","itemListElement":[{"@type":"ListItem","position":1,"name":"Home","item":"https:\/\/pfeifenundzigarren.de\/"},{"@type":"ListItem","position":2,"name":"Shop","item":"https:\/\/pfeifenundzigarren.de\/shop\/"},{"@type":"ListItem","position":3,"name":"G\u00fcnstige Pfeifen f\u00fcr Anf\u00e4nger"}]},{"@type":"WebSite","@id":"https:\/\/pfeifenundzigarren.de\/#website","url":"https:\/\/pfeifenundzigarren.de\/","name":"La mejor tienda en l\u00ednea de pipas y accesorios para puros de Alemania","description":"","publisher":{"@id":"https:\/\/pfeifenundzigarren.de\/#organization"},"potentialAction":[{"@type":"SearchAction","target":{"@type":"EntryPoint","urlTemplate":"https:\/\/pfeifenundzigarren.de\/?s={search_term_string}"},"query-input":{"@type":"PropertyValueSpecification","valueRequired":true,"valueName":"search_term_string"}}],"inLanguage":"es"},{"@type":"Organization","@id":"https:\/\/pfeifenundzigarren.de\/#organization","name":"La mejor tienda en l\u00ednea de pipas y accesorios para puros de Alemania","url":"https:\/\/pfeifenundzigarren.de\/","logo":{"@type":"ImageObject","inLanguage":"es","@id":"https:\/\/pfeifenundzigarren.de\/#\/schema\/logo\/image\/","url":"https:\/\/pfeifenundzigarren.de\/wp-content\/uploads\/2024\/09\/cropped-Luxury-and-Vintage-Ornamental-Coffee-Shop-Logo.png","contentUrl":"https:\/\/pfeifenundzigarren.de\/wp-content\/uploads\/2024\/09\/cropped-Luxury-and-Vintage-Ornamental-Coffee-Shop-Logo.png","width":512,"height":512,"caption":"Der beste Onlineshop f\u00fcr Pfeifen und Zigarrenzubeh\u00f6r in Deutschland"},"image":{"@id":"https:\/\/pfeifenundzigarren.de\/#\/schema\/logo\/image\/"}}]}},"_links":{"self":[{"href":"https:\/\/pfeifenundzigarren.de\/es\/wp-json\/wp\/v2\/product\/11756","targetHints":{"allow":["GET"]}}],"collection":[{"href":"https:\/\/pfeifenundzigarren.de\/es\/wp-json\/wp\/v2\/product"}],"about":[{"href":"https:\/\/pfeifenundzigarren.de\/es\/wp-json\/wp\/v2\/types\/product"}],"replies":[{"embeddable":true,"href":"https:\/\/pfeifenundzigarren.de\/es\/wp-json\/wp\/v2\/comments?post=11756"}],"version-history":[{"count":4,"href":"https:\/\/pfeifenundzigarren.de\/es\/wp-json\/wp\/v2\/product\/11756\/revisions"}],"predecessor-version":[{"id":11895,"href":"https:\/\/pfeifenundzigarren.de\/es\/wp-json\/wp\/v2\/product\/11756\/revisions\/11895"}],"wp:featuredmedia":[{"embeddable":true,"href":"https:\/\/pfeifenundzigarren.de\/es\/wp-json\/wp\/v2\/media\/11757"}],"wp:attachment":[{"href":"https:\/\/pfeifenundzigarren.de\/es\/wp-json\/wp\/v2\/media?parent=11756"}],"wp:term":[{"taxonomy":"product_brand","embeddable":true,"href":"https:\/\/pfeifenundzigarren.de\/es\/wp-json\/wp\/v2\/product_brand?post=11756"},{"taxonomy":"product_cat","embeddable":true,"href":"https:\/\/pfeifenundzigarren.de\/es\/wp-json\/wp\/v2\/product_cat?post=11756"},{"taxonomy":"product_tag","embeddable":true,"href":"https:\/\/pfeifenundzigarren.de\/es\/wp-json\/wp\/v2\/product_tag?post=11756"}],"curies":[{"name":"wp","href":"https:\/\/api.w.org\/{rel}","templated":true}]}}