{"id":11285,"date":"2026-03-12T06:09:17","date_gmt":"2026-03-12T05:09:17","guid":{"rendered":"https:\/\/pfeifenundzigarren.de\/Produkt\/mini-elektrischer-humidor-aus-zedernholz\/"},"modified":"2026-03-12T07:08:32","modified_gmt":"2026-03-12T06:08:32","slug":"mini-elektrischer-humidor-aus-zedernholz","status":"publish","type":"product","link":"https:\/\/pfeifenundzigarren.de\/es\/Produkt\/mini-elektrischer-humidor-aus-zedernholz\/","title":{"rendered":"Mini humidor el\u00e9ctrico de madera de cedro"},"content":{"rendered":"<p>Rango de humedad: 60%-75% con una tolerancia de \u00b13.<br \/>\n\u200b<\/p>\n<p>Distribuci\u00f3n interior: 4 niveles con estantes m\u00e1s caj\u00f3n.<br \/>\n\u200b<\/p>\n<p>El volumen de suministro incluye 3 humidificadores, 3 paquetes de perlas de gel, 1 gotero, un puerto USB, un cortapuros, un cenicero, un encendedor y un tubo para puros.<br \/>\n\u200b<\/p>\n<p>Peso aprox. 6,5 kg; dimensiones 433 \u00d7 295 \u00d7 310 mm.<\/p>\n<p>Tipo: <a href=\"https:\/\/pfeifenundzigarren.de\/es\/Produkt\/kompakter-elektrischer-humidor-fuer-zuhause\/\">Armario el\u00e9ctrico para puros<\/a><\/p>\n<p>&nbsp;<\/p>","protected":false},"excerpt":{"rendered":"<p>Feuchtigkeitsbereich: 60%\u201375% mit einer Toleranz von \u00b13. \u200b Innenaufteilung: 4 Ebenen mit Ablagen plus Schublade. \u200b Im Lieferumfang enthalten sind<\/p>","protected":false},"featured_media":11290,"comment_status":"open","ping_status":"closed","template":"","meta":[],"product_brand":[],"product_cat":[78],"product_tag":[],"class_list":{"0":"post-11285","1":"product","2":"type-product","3":"status-publish","4":"has-post-thumbnail","6":"product_cat-zigarren-humidor","8":"first","9":"instock","10":"sale","11":"shipping-taxable","12":"purchasable","13":"product-type-simple"},"yoast_head":"<!-- This site is optimized with the Yoast SEO Premium plugin v26.7 (Yoast SEO v27.4) - https:\/\/yoast.com\/product\/yoast-seo-premium-wordpress\/ -->\n<title>Mini elektrischer Humidor aus Zedernholz - Der beste Onlineshop f\u00fcr Pfeifen und Zigarrenzubeh\u00f6r in Deutschland<\/title>\n<meta name=\"robots\" content=\"index, follow, max-snippet:-1, max-image-preview:large, max-video-preview:-1\" \/>\n<link rel=\"canonical\" href=\"https:\/\/lime-nightingale-562313.hostingersite.com\/Produkt\/mini-elektrischer-humidor-aus-zedernholz\/\" \/>\n<meta property=\"og:locale\" content=\"es_ES\" \/>\n<meta property=\"og:type\" content=\"article\" \/>\n<meta property=\"og:title\" content=\"Mini elektrischer Humidor aus Zedernholz\" \/>\n<meta property=\"og:description\" content=\"Feuchtigkeitsbereich: 60%\u201375% mit einer Toleranz von \u00b13. \u200b Innenaufteilung: 4 Ebenen mit Ablagen plus Schublade. \u200b Im Lieferumfang enthalten sind\" \/>\n<meta property=\"og:url\" content=\"https:\/\/lime-nightingale-562313.hostingersite.com\/Produkt\/mini-elektrischer-humidor-aus-zedernholz\/\" \/>\n<meta property=\"og:site_name\" content=\"Der beste Onlineshop f\u00fcr Pfeifen und Zigarrenzubeh\u00f6r in Deutschland\" \/>\n<meta property=\"article:modified_time\" content=\"2026-03-12T06:08:32+00:00\" \/>\n<meta property=\"og:image\" content=\"https:\/\/lime-nightingale-562313.hostingersite.com\/wp-content\/uploads\/2026\/03\/O1CN01x5J94m2Dj0hGJoayV_2216364418644-1.webp\" \/>\n\t<meta property=\"og:image:width\" content=\"800\" \/>\n\t<meta property=\"og:image:height\" content=\"800\" \/>\n\t<meta property=\"og:image:type\" content=\"image\/webp\" \/>\n<meta name=\"twitter:card\" content=\"summary_large_image\" \/>\n<meta name=\"twitter:label1\" content=\"Tiempo de lectura\" \/>\n\t<meta name=\"twitter:data1\" content=\"1 minuto\" \/>\n<script type=\"application\/ld+json\" class=\"yoast-schema-graph\">{\"@context\":\"https:\\\/\\\/schema.org\",\"@graph\":[{\"@type\":\"WebPage\",\"@id\":\"https:\\\/\\\/lime-nightingale-562313.hostingersite.com\\\/Produkt\\\/mini-elektrischer-humidor-aus-zedernholz\\\/\",\"url\":\"https:\\\/\\\/lime-nightingale-562313.hostingersite.com\\\/Produkt\\\/mini-elektrischer-humidor-aus-zedernholz\\\/\",\"name\":\"Mini elektrischer Humidor aus Zedernholz - Der beste Onlineshop f\u00fcr Pfeifen und Zigarrenzubeh\u00f6r in Deutschland\",\"isPartOf\":{\"@id\":\"https:\\\/\\\/pfeifenundzigarren.de\\\/#website\"},\"primaryImageOfPage\":{\"@id\":\"https:\\\/\\\/lime-nightingale-562313.hostingersite.com\\\/Produkt\\\/mini-elektrischer-humidor-aus-zedernholz\\\/#primaryimage\"},\"image\":{\"@id\":\"https:\\\/\\\/lime-nightingale-562313.hostingersite.com\\\/Produkt\\\/mini-elektrischer-humidor-aus-zedernholz\\\/#primaryimage\"},\"thumbnailUrl\":\"https:\\\/\\\/pfeifenundzigarren.de\\\/wp-content\\\/uploads\\\/2026\\\/03\\\/O1CN01x5J94m2Dj0hGJoayV_2216364418644-1.webp\",\"datePublished\":\"2026-03-12T05:09:17+00:00\",\"dateModified\":\"2026-03-12T06:08:32+00:00\",\"breadcrumb\":{\"@id\":\"https:\\\/\\\/lime-nightingale-562313.hostingersite.com\\\/Produkt\\\/mini-elektrischer-humidor-aus-zedernholz\\\/#breadcrumb\"},\"inLanguage\":\"es\",\"potentialAction\":[{\"@type\":\"ReadAction\",\"target\":[\"https:\\\/\\\/lime-nightingale-562313.hostingersite.com\\\/Produkt\\\/mini-elektrischer-humidor-aus-zedernholz\\\/\"]}]},{\"@type\":\"ImageObject\",\"inLanguage\":\"es\",\"@id\":\"https:\\\/\\\/lime-nightingale-562313.hostingersite.com\\\/Produkt\\\/mini-elektrischer-humidor-aus-zedernholz\\\/#primaryimage\",\"url\":\"https:\\\/\\\/pfeifenundzigarren.de\\\/wp-content\\\/uploads\\\/2026\\\/03\\\/O1CN01x5J94m2Dj0hGJoayV_2216364418644-1.webp\",\"contentUrl\":\"https:\\\/\\\/pfeifenundzigarren.de\\\/wp-content\\\/uploads\\\/2026\\\/03\\\/O1CN01x5J94m2Dj0hGJoayV_2216364418644-1.webp\",\"width\":800,\"height\":800,\"caption\":\"Mini elektrischer Humidor aus Zedernholz\"},{\"@type\":\"BreadcrumbList\",\"@id\":\"https:\\\/\\\/lime-nightingale-562313.hostingersite.com\\\/Produkt\\\/mini-elektrischer-humidor-aus-zedernholz\\\/#breadcrumb\",\"itemListElement\":[{\"@type\":\"ListItem\",\"position\":1,\"name\":\"Home\",\"item\":\"https:\\\/\\\/pfeifenundzigarren.de\\\/\"},{\"@type\":\"ListItem\",\"position\":2,\"name\":\"Shop\",\"item\":\"https:\\\/\\\/pfeifenundzigarren.de\\\/shop\\\/\"},{\"@type\":\"ListItem\",\"position\":3,\"name\":\"Mini elektrischer Humidor aus Zedernholz\"}]},{\"@type\":\"WebSite\",\"@id\":\"https:\\\/\\\/pfeifenundzigarren.de\\\/#website\",\"url\":\"https:\\\/\\\/pfeifenundzigarren.de\\\/\",\"name\":\"Der beste Onlineshop f\u00fcr Pfeifen und Zigarrenzubeh\u00f6r in Deutschland\",\"description\":\"\",\"publisher\":{\"@id\":\"https:\\\/\\\/pfeifenundzigarren.de\\\/#organization\"},\"potentialAction\":[{\"@type\":\"SearchAction\",\"target\":{\"@type\":\"EntryPoint\",\"urlTemplate\":\"https:\\\/\\\/pfeifenundzigarren.de\\\/?s={search_term_string}\"},\"query-input\":{\"@type\":\"PropertyValueSpecification\",\"valueRequired\":true,\"valueName\":\"search_term_string\"}}],\"inLanguage\":\"es\"},{\"@type\":\"Organization\",\"@id\":\"https:\\\/\\\/pfeifenundzigarren.de\\\/#organization\",\"name\":\"Der beste Onlineshop f\u00fcr Pfeifen und Zigarrenzubeh\u00f6r in Deutschland\",\"url\":\"https:\\\/\\\/pfeifenundzigarren.de\\\/\",\"logo\":{\"@type\":\"ImageObject\",\"inLanguage\":\"es\",\"@id\":\"https:\\\/\\\/pfeifenundzigarren.de\\\/#\\\/schema\\\/logo\\\/image\\\/\",\"url\":\"https:\\\/\\\/pfeifenundzigarren.de\\\/wp-content\\\/uploads\\\/2024\\\/09\\\/cropped-Luxury-and-Vintage-Ornamental-Coffee-Shop-Logo.png\",\"contentUrl\":\"https:\\\/\\\/pfeifenundzigarren.de\\\/wp-content\\\/uploads\\\/2024\\\/09\\\/cropped-Luxury-and-Vintage-Ornamental-Coffee-Shop-Logo.png\",\"width\":512,\"height\":512,\"caption\":\"Der beste Onlineshop f\u00fcr Pfeifen und Zigarrenzubeh\u00f6r in Deutschland\"},\"image\":{\"@id\":\"https:\\\/\\\/pfeifenundzigarren.de\\\/#\\\/schema\\\/logo\\\/image\\\/\"}}]}<\/script>\n<!-- \/ Yoast SEO Premium plugin. -->","yoast_head_json":{"title":"Mini elektrischer Humidor aus Zedernholz - Der beste Onlineshop f\u00fcr Pfeifen und Zigarrenzubeh\u00f6r in Deutschland","robots":{"index":"index","follow":"follow","max-snippet":"max-snippet:-1","max-image-preview":"max-image-preview:large","max-video-preview":"max-video-preview:-1"},"canonical":"https:\/\/lime-nightingale-562313.hostingersite.com\/Produkt\/mini-elektrischer-humidor-aus-zedernholz\/","og_locale":"es_ES","og_type":"article","og_title":"Mini elektrischer Humidor aus Zedernholz","og_description":"Feuchtigkeitsbereich: 60%\u201375% mit einer Toleranz von \u00b13. \u200b Innenaufteilung: 4 Ebenen mit Ablagen plus Schublade. \u200b Im Lieferumfang enthalten sind","og_url":"https:\/\/lime-nightingale-562313.hostingersite.com\/Produkt\/mini-elektrischer-humidor-aus-zedernholz\/","og_site_name":"Der beste Onlineshop f\u00fcr Pfeifen und Zigarrenzubeh\u00f6r in Deutschland","article_modified_time":"2026-03-12T06:08:32+00:00","og_image":[{"width":800,"height":800,"url":"https:\/\/lime-nightingale-562313.hostingersite.com\/wp-content\/uploads\/2026\/03\/O1CN01x5J94m2Dj0hGJoayV_2216364418644-1.webp","type":"image\/webp"}],"twitter_card":"summary_large_image","twitter_misc":{"Tiempo de lectura":"1 minuto"},"schema":{"@context":"https:\/\/schema.org","@graph":[{"@type":"WebPage","@id":"https:\/\/lime-nightingale-562313.hostingersite.com\/Produkt\/mini-elektrischer-humidor-aus-zedernholz\/","url":"https:\/\/lime-nightingale-562313.hostingersite.com\/Produkt\/mini-elektrischer-humidor-aus-zedernholz\/","name":"Mini elektrischer Humidor aus Zedernholz - Der beste Onlineshop f\u00fcr Pfeifen und Zigarrenzubeh\u00f6r in Deutschland","isPartOf":{"@id":"https:\/\/pfeifenundzigarren.de\/#website"},"primaryImageOfPage":{"@id":"https:\/\/lime-nightingale-562313.hostingersite.com\/Produkt\/mini-elektrischer-humidor-aus-zedernholz\/#primaryimage"},"image":{"@id":"https:\/\/lime-nightingale-562313.hostingersite.com\/Produkt\/mini-elektrischer-humidor-aus-zedernholz\/#primaryimage"},"thumbnailUrl":"https:\/\/pfeifenundzigarren.de\/wp-content\/uploads\/2026\/03\/O1CN01x5J94m2Dj0hGJoayV_2216364418644-1.webp","datePublished":"2026-03-12T05:09:17+00:00","dateModified":"2026-03-12T06:08:32+00:00","breadcrumb":{"@id":"https:\/\/lime-nightingale-562313.hostingersite.com\/Produkt\/mini-elektrischer-humidor-aus-zedernholz\/#breadcrumb"},"inLanguage":"es","potentialAction":[{"@type":"ReadAction","target":["https:\/\/lime-nightingale-562313.hostingersite.com\/Produkt\/mini-elektrischer-humidor-aus-zedernholz\/"]}]},{"@type":"ImageObject","inLanguage":"es","@id":"https:\/\/lime-nightingale-562313.hostingersite.com\/Produkt\/mini-elektrischer-humidor-aus-zedernholz\/#primaryimage","url":"https:\/\/pfeifenundzigarren.de\/wp-content\/uploads\/2026\/03\/O1CN01x5J94m2Dj0hGJoayV_2216364418644-1.webp","contentUrl":"https:\/\/pfeifenundzigarren.de\/wp-content\/uploads\/2026\/03\/O1CN01x5J94m2Dj0hGJoayV_2216364418644-1.webp","width":800,"height":800,"caption":"Mini elektrischer Humidor aus Zedernholz"},{"@type":"BreadcrumbList","@id":"https:\/\/lime-nightingale-562313.hostingersite.com\/Produkt\/mini-elektrischer-humidor-aus-zedernholz\/#breadcrumb","itemListElement":[{"@type":"ListItem","position":1,"name":"Home","item":"https:\/\/pfeifenundzigarren.de\/"},{"@type":"ListItem","position":2,"name":"Shop","item":"https:\/\/pfeifenundzigarren.de\/shop\/"},{"@type":"ListItem","position":3,"name":"Mini elektrischer Humidor aus Zedernholz"}]},{"@type":"WebSite","@id":"https:\/\/pfeifenundzigarren.de\/#website","url":"https:\/\/pfeifenundzigarren.de\/","name":"La mejor tienda en l\u00ednea de pipas y accesorios para puros de Alemania","description":"","publisher":{"@id":"https:\/\/pfeifenundzigarren.de\/#organization"},"potentialAction":[{"@type":"SearchAction","target":{"@type":"EntryPoint","urlTemplate":"https:\/\/pfeifenundzigarren.de\/?s={search_term_string}"},"query-input":{"@type":"PropertyValueSpecification","valueRequired":true,"valueName":"search_term_string"}}],"inLanguage":"es"},{"@type":"Organization","@id":"https:\/\/pfeifenundzigarren.de\/#organization","name":"La mejor tienda en l\u00ednea de pipas y accesorios para puros de Alemania","url":"https:\/\/pfeifenundzigarren.de\/","logo":{"@type":"ImageObject","inLanguage":"es","@id":"https:\/\/pfeifenundzigarren.de\/#\/schema\/logo\/image\/","url":"https:\/\/pfeifenundzigarren.de\/wp-content\/uploads\/2024\/09\/cropped-Luxury-and-Vintage-Ornamental-Coffee-Shop-Logo.png","contentUrl":"https:\/\/pfeifenundzigarren.de\/wp-content\/uploads\/2024\/09\/cropped-Luxury-and-Vintage-Ornamental-Coffee-Shop-Logo.png","width":512,"height":512,"caption":"Der beste Onlineshop f\u00fcr Pfeifen und Zigarrenzubeh\u00f6r in Deutschland"},"image":{"@id":"https:\/\/pfeifenundzigarren.de\/#\/schema\/logo\/image\/"}}]}},"_links":{"self":[{"href":"https:\/\/pfeifenundzigarren.de\/es\/wp-json\/wp\/v2\/product\/11285","targetHints":{"allow":["GET"]}}],"collection":[{"href":"https:\/\/pfeifenundzigarren.de\/es\/wp-json\/wp\/v2\/product"}],"about":[{"href":"https:\/\/pfeifenundzigarren.de\/es\/wp-json\/wp\/v2\/types\/product"}],"replies":[{"embeddable":true,"href":"https:\/\/pfeifenundzigarren.de\/es\/wp-json\/wp\/v2\/comments?post=11285"}],"version-history":[{"count":3,"href":"https:\/\/pfeifenundzigarren.de\/es\/wp-json\/wp\/v2\/product\/11285\/revisions"}],"predecessor-version":[{"id":11322,"href":"https:\/\/pfeifenundzigarren.de\/es\/wp-json\/wp\/v2\/product\/11285\/revisions\/11322"}],"wp:featuredmedia":[{"embeddable":true,"href":"https:\/\/pfeifenundzigarren.de\/es\/wp-json\/wp\/v2\/media\/11290"}],"wp:attachment":[{"href":"https:\/\/pfeifenundzigarren.de\/es\/wp-json\/wp\/v2\/media?parent=11285"}],"wp:term":[{"taxonomy":"product_brand","embeddable":true,"href":"https:\/\/pfeifenundzigarren.de\/es\/wp-json\/wp\/v2\/product_brand?post=11285"},{"taxonomy":"product_cat","embeddable":true,"href":"https:\/\/pfeifenundzigarren.de\/es\/wp-json\/wp\/v2\/product_cat?post=11285"},{"taxonomy":"product_tag","embeddable":true,"href":"https:\/\/pfeifenundzigarren.de\/es\/wp-json\/wp\/v2\/product_tag?post=11285"}],"curies":[{"name":"wp","href":"https:\/\/api.w.org\/{rel}","templated":true}]}}