{"id":10982,"date":"2026-02-25T07:40:25","date_gmt":"2026-02-25T06:40:25","guid":{"rendered":"https:\/\/pfeifenundzigarren.de\/?post_type=product&#038;p=10982"},"modified":"2026-02-26T04:40:25","modified_gmt":"2026-02-26T03:40:25","slug":"zigarrenform-grosshandel","status":"publish","type":"product","link":"https:\/\/pfeifenundzigarren.de\/es\/Produkt\/zigarrenform-grosshandel\/","title":{"rendered":"Moldes de puros al por mayor"},"content":{"rendered":"<p>Uno de los pasos m\u00e1s importantes en la producci\u00f3n de puros artesanales es el moldeo, que en \u00faltima instancia determina la calidad del puro. Esta es precisamente la raz\u00f3n por la que nuestro<strong> Prensa de puros de madera maciza<\/strong> con m\u00faltiples ranuras. Es indispensable<a href=\"https:\/\/pfeifenundzigarren.de\/es\/produktkategorie\/zigarren-zubehoer\/\"> Accesorio para puros<\/a> Antes de enrollar la envoltura, presiona el tabaco envuelto en la capa intermedia para darle un tama\u00f1o y una forma uniformes.<\/p>\n<p>Como sabemos c\u00f3mo influye el material en el sabor de un puro, utilizamos los siguientes materiales para estos puros <strong>Prensa para puros de alta calidad<\/strong> Madera maciza. Su transpirabilidad natural aleja eficazmente el exceso de humedad de las hojas de tabaco, preservando el sabor delicado y puro del puro. Para los fabricantes de puros que valoran la calidad, la madera es esencial, ya que contribuye a la maduraci\u00f3n uniforme de los puros y conserva los aceites y sabores de las hojas de tabaco mejor que el pl\u00e1stico o el metal.<\/p>\n<p>Tambi\u00e9n es importante tener en cuenta que el laminado manual tradicional suele requerir a\u00f1os de pr\u00e1ctica para dominarlo. Sin embargo, nuestro dise\u00f1o de ranuras m\u00faltiples hace que sea mucho m\u00e1s f\u00e1cil empezar. Incluso los principiantes pueden empezar con el <strong>Molde para prensa de puros<\/strong> producir puros de tama\u00f1o y forma uniformes. Simplifica considerablemente la producci\u00f3n de puros.<\/p>\n<p>Aplicaci\u00f3n<\/p>\n<p>La aplicaci\u00f3n de la <strong>Molde para prensa de puros<\/strong> es muy sencillo: enrolle la envoltura y el relleno en un fardo cil\u00edndrico y col\u00f3quelo con cuidado en las ranuras del molde. A continuaci\u00f3n, se apilan los moldes en varias capas y se prensan en una prensa durante unas horas. De este modo, los manojos de tabaco adquieren su forma precisa y pueden enrollarse sobre la hoja de envoltorio en el \u00faltimo paso.<\/p>","protected":false},"excerpt":{"rendered":"<p>Einer der wichtigsten Schritte bei der Herstellung handgefertigter Zigarren ist die Formgebung, die letztendlich die Qualit\u00e4t der Zigarre bestimmt. Genau<\/p>","protected":false},"featured_media":10985,"comment_status":"closed","ping_status":"closed","template":"","meta":[],"product_brand":[],"product_cat":[849],"product_tag":[],"class_list":{"0":"post-10982","1":"product","2":"type-product","3":"status-publish","4":"has-post-thumbnail","6":"product_cat-zigarrenform","8":"first","9":"instock","10":"shipping-taxable","11":"product-type-external"},"yoast_head":"<!-- This site is optimized with the Yoast SEO Premium plugin v26.7 (Yoast SEO v27.4) - https:\/\/yoast.com\/product\/yoast-seo-premium-wordpress\/ -->\n<title>Zigarrenform Gro\u00dfhandel - Der beste Onlineshop f\u00fcr Pfeifen und Zigarrenzubeh\u00f6r in Deutschland<\/title>\n<meta name=\"robots\" content=\"index, follow, max-snippet:-1, max-image-preview:large, max-video-preview:-1\" \/>\n<link rel=\"canonical\" href=\"https:\/\/pfeifenundzigarren.de\/es\/Produkt\/zigarrenform-grosshandel\/\" \/>\n<meta property=\"og:locale\" content=\"es_ES\" \/>\n<meta property=\"og:type\" content=\"article\" \/>\n<meta property=\"og:title\" content=\"Zigarrenform Gro\u00dfhandel\" \/>\n<meta property=\"og:description\" content=\"Einer der wichtigsten Schritte bei der Herstellung handgefertigter Zigarren ist die Formgebung, die letztendlich die Qualit\u00e4t der Zigarre bestimmt. Genau\" \/>\n<meta property=\"og:url\" content=\"https:\/\/pfeifenundzigarren.de\/es\/Produkt\/zigarrenform-grosshandel\/\" \/>\n<meta property=\"og:site_name\" content=\"Der beste Onlineshop f\u00fcr Pfeifen und Zigarrenzubeh\u00f6r in Deutschland\" \/>\n<meta property=\"article:modified_time\" content=\"2026-02-26T03:40:25+00:00\" \/>\n<meta property=\"og:image\" content=\"https:\/\/pfeifenundzigarren.de\/wp-content\/uploads\/2026\/02\/c1865055-4777-41a8-bc0b-6fc868574af1.jpg\" \/>\n\t<meta property=\"og:image:width\" content=\"1000\" \/>\n\t<meta property=\"og:image:height\" content=\"1000\" \/>\n\t<meta property=\"og:image:type\" content=\"image\/jpeg\" \/>\n<meta name=\"twitter:card\" content=\"summary_large_image\" \/>\n<meta name=\"twitter:label1\" content=\"Tiempo de lectura\" \/>\n\t<meta name=\"twitter:data1\" content=\"2 minutos\" \/>\n<script type=\"application\/ld+json\" class=\"yoast-schema-graph\">{\"@context\":\"https:\\\/\\\/schema.org\",\"@graph\":[{\"@type\":\"WebPage\",\"@id\":\"https:\\\/\\\/pfeifenundzigarren.de\\\/Produkt\\\/zigarrenform-grosshandel\\\/\",\"url\":\"https:\\\/\\\/pfeifenundzigarren.de\\\/Produkt\\\/zigarrenform-grosshandel\\\/\",\"name\":\"Zigarrenform Gro\u00dfhandel - Der beste Onlineshop f\u00fcr Pfeifen und Zigarrenzubeh\u00f6r in Deutschland\",\"isPartOf\":{\"@id\":\"https:\\\/\\\/pfeifenundzigarren.de\\\/#website\"},\"primaryImageOfPage\":{\"@id\":\"https:\\\/\\\/pfeifenundzigarren.de\\\/Produkt\\\/zigarrenform-grosshandel\\\/#primaryimage\"},\"image\":{\"@id\":\"https:\\\/\\\/pfeifenundzigarren.de\\\/Produkt\\\/zigarrenform-grosshandel\\\/#primaryimage\"},\"thumbnailUrl\":\"https:\\\/\\\/pfeifenundzigarren.de\\\/wp-content\\\/uploads\\\/2026\\\/02\\\/c1865055-4777-41a8-bc0b-6fc868574af1.jpg\",\"datePublished\":\"2026-02-25T06:40:25+00:00\",\"dateModified\":\"2026-02-26T03:40:25+00:00\",\"breadcrumb\":{\"@id\":\"https:\\\/\\\/pfeifenundzigarren.de\\\/Produkt\\\/zigarrenform-grosshandel\\\/#breadcrumb\"},\"inLanguage\":\"es\",\"potentialAction\":[{\"@type\":\"ReadAction\",\"target\":[\"https:\\\/\\\/pfeifenundzigarren.de\\\/Produkt\\\/zigarrenform-grosshandel\\\/\"]}]},{\"@type\":\"ImageObject\",\"inLanguage\":\"es\",\"@id\":\"https:\\\/\\\/pfeifenundzigarren.de\\\/Produkt\\\/zigarrenform-grosshandel\\\/#primaryimage\",\"url\":\"https:\\\/\\\/pfeifenundzigarren.de\\\/wp-content\\\/uploads\\\/2026\\\/02\\\/c1865055-4777-41a8-bc0b-6fc868574af1.jpg\",\"contentUrl\":\"https:\\\/\\\/pfeifenundzigarren.de\\\/wp-content\\\/uploads\\\/2026\\\/02\\\/c1865055-4777-41a8-bc0b-6fc868574af1.jpg\",\"width\":1000,\"height\":1000,\"caption\":\"Zigarrenform Gro\u00dfhandel\"},{\"@type\":\"BreadcrumbList\",\"@id\":\"https:\\\/\\\/pfeifenundzigarren.de\\\/Produkt\\\/zigarrenform-grosshandel\\\/#breadcrumb\",\"itemListElement\":[{\"@type\":\"ListItem\",\"position\":1,\"name\":\"Home\",\"item\":\"https:\\\/\\\/pfeifenundzigarren.de\\\/\"},{\"@type\":\"ListItem\",\"position\":2,\"name\":\"Shop\",\"item\":\"https:\\\/\\\/pfeifenundzigarren.de\\\/shop\\\/\"},{\"@type\":\"ListItem\",\"position\":3,\"name\":\"Zigarrenform Gro\u00dfhandel\"}]},{\"@type\":\"WebSite\",\"@id\":\"https:\\\/\\\/pfeifenundzigarren.de\\\/#website\",\"url\":\"https:\\\/\\\/pfeifenundzigarren.de\\\/\",\"name\":\"Der beste Onlineshop f\u00fcr Pfeifen und Zigarrenzubeh\u00f6r in Deutschland\",\"description\":\"\",\"publisher\":{\"@id\":\"https:\\\/\\\/pfeifenundzigarren.de\\\/#organization\"},\"potentialAction\":[{\"@type\":\"SearchAction\",\"target\":{\"@type\":\"EntryPoint\",\"urlTemplate\":\"https:\\\/\\\/pfeifenundzigarren.de\\\/?s={search_term_string}\"},\"query-input\":{\"@type\":\"PropertyValueSpecification\",\"valueRequired\":true,\"valueName\":\"search_term_string\"}}],\"inLanguage\":\"es\"},{\"@type\":\"Organization\",\"@id\":\"https:\\\/\\\/pfeifenundzigarren.de\\\/#organization\",\"name\":\"Der beste Onlineshop f\u00fcr Pfeifen und Zigarrenzubeh\u00f6r in Deutschland\",\"url\":\"https:\\\/\\\/pfeifenundzigarren.de\\\/\",\"logo\":{\"@type\":\"ImageObject\",\"inLanguage\":\"es\",\"@id\":\"https:\\\/\\\/pfeifenundzigarren.de\\\/#\\\/schema\\\/logo\\\/image\\\/\",\"url\":\"https:\\\/\\\/pfeifenundzigarren.de\\\/wp-content\\\/uploads\\\/2024\\\/09\\\/cropped-Luxury-and-Vintage-Ornamental-Coffee-Shop-Logo.png\",\"contentUrl\":\"https:\\\/\\\/pfeifenundzigarren.de\\\/wp-content\\\/uploads\\\/2024\\\/09\\\/cropped-Luxury-and-Vintage-Ornamental-Coffee-Shop-Logo.png\",\"width\":512,\"height\":512,\"caption\":\"Der beste Onlineshop f\u00fcr Pfeifen und Zigarrenzubeh\u00f6r in Deutschland\"},\"image\":{\"@id\":\"https:\\\/\\\/pfeifenundzigarren.de\\\/#\\\/schema\\\/logo\\\/image\\\/\"}}]}<\/script>\n<!-- \/ Yoast SEO Premium plugin. -->","yoast_head_json":{"title":"Zigarrenform Gro\u00dfhandel - Der beste Onlineshop f\u00fcr Pfeifen und Zigarrenzubeh\u00f6r in Deutschland","robots":{"index":"index","follow":"follow","max-snippet":"max-snippet:-1","max-image-preview":"max-image-preview:large","max-video-preview":"max-video-preview:-1"},"canonical":"https:\/\/pfeifenundzigarren.de\/es\/Produkt\/zigarrenform-grosshandel\/","og_locale":"es_ES","og_type":"article","og_title":"Zigarrenform Gro\u00dfhandel","og_description":"Einer der wichtigsten Schritte bei der Herstellung handgefertigter Zigarren ist die Formgebung, die letztendlich die Qualit\u00e4t der Zigarre bestimmt. Genau","og_url":"https:\/\/pfeifenundzigarren.de\/es\/Produkt\/zigarrenform-grosshandel\/","og_site_name":"Der beste Onlineshop f\u00fcr Pfeifen und Zigarrenzubeh\u00f6r in Deutschland","article_modified_time":"2026-02-26T03:40:25+00:00","og_image":[{"width":1000,"height":1000,"url":"https:\/\/pfeifenundzigarren.de\/wp-content\/uploads\/2026\/02\/c1865055-4777-41a8-bc0b-6fc868574af1.jpg","type":"image\/jpeg"}],"twitter_card":"summary_large_image","twitter_misc":{"Tiempo de lectura":"2 minutos"},"schema":{"@context":"https:\/\/schema.org","@graph":[{"@type":"WebPage","@id":"https:\/\/pfeifenundzigarren.de\/Produkt\/zigarrenform-grosshandel\/","url":"https:\/\/pfeifenundzigarren.de\/Produkt\/zigarrenform-grosshandel\/","name":"Zigarrenform Gro\u00dfhandel - Der beste Onlineshop f\u00fcr Pfeifen und Zigarrenzubeh\u00f6r in Deutschland","isPartOf":{"@id":"https:\/\/pfeifenundzigarren.de\/#website"},"primaryImageOfPage":{"@id":"https:\/\/pfeifenundzigarren.de\/Produkt\/zigarrenform-grosshandel\/#primaryimage"},"image":{"@id":"https:\/\/pfeifenundzigarren.de\/Produkt\/zigarrenform-grosshandel\/#primaryimage"},"thumbnailUrl":"https:\/\/pfeifenundzigarren.de\/wp-content\/uploads\/2026\/02\/c1865055-4777-41a8-bc0b-6fc868574af1.jpg","datePublished":"2026-02-25T06:40:25+00:00","dateModified":"2026-02-26T03:40:25+00:00","breadcrumb":{"@id":"https:\/\/pfeifenundzigarren.de\/Produkt\/zigarrenform-grosshandel\/#breadcrumb"},"inLanguage":"es","potentialAction":[{"@type":"ReadAction","target":["https:\/\/pfeifenundzigarren.de\/Produkt\/zigarrenform-grosshandel\/"]}]},{"@type":"ImageObject","inLanguage":"es","@id":"https:\/\/pfeifenundzigarren.de\/Produkt\/zigarrenform-grosshandel\/#primaryimage","url":"https:\/\/pfeifenundzigarren.de\/wp-content\/uploads\/2026\/02\/c1865055-4777-41a8-bc0b-6fc868574af1.jpg","contentUrl":"https:\/\/pfeifenundzigarren.de\/wp-content\/uploads\/2026\/02\/c1865055-4777-41a8-bc0b-6fc868574af1.jpg","width":1000,"height":1000,"caption":"Zigarrenform Gro\u00dfhandel"},{"@type":"BreadcrumbList","@id":"https:\/\/pfeifenundzigarren.de\/Produkt\/zigarrenform-grosshandel\/#breadcrumb","itemListElement":[{"@type":"ListItem","position":1,"name":"Home","item":"https:\/\/pfeifenundzigarren.de\/"},{"@type":"ListItem","position":2,"name":"Shop","item":"https:\/\/pfeifenundzigarren.de\/shop\/"},{"@type":"ListItem","position":3,"name":"Zigarrenform Gro\u00dfhandel"}]},{"@type":"WebSite","@id":"https:\/\/pfeifenundzigarren.de\/#website","url":"https:\/\/pfeifenundzigarren.de\/","name":"La mejor tienda en l\u00ednea de pipas y accesorios para puros de Alemania","description":"","publisher":{"@id":"https:\/\/pfeifenundzigarren.de\/#organization"},"potentialAction":[{"@type":"SearchAction","target":{"@type":"EntryPoint","urlTemplate":"https:\/\/pfeifenundzigarren.de\/?s={search_term_string}"},"query-input":{"@type":"PropertyValueSpecification","valueRequired":true,"valueName":"search_term_string"}}],"inLanguage":"es"},{"@type":"Organization","@id":"https:\/\/pfeifenundzigarren.de\/#organization","name":"La mejor tienda en l\u00ednea de pipas y accesorios para puros de Alemania","url":"https:\/\/pfeifenundzigarren.de\/","logo":{"@type":"ImageObject","inLanguage":"es","@id":"https:\/\/pfeifenundzigarren.de\/#\/schema\/logo\/image\/","url":"https:\/\/pfeifenundzigarren.de\/wp-content\/uploads\/2024\/09\/cropped-Luxury-and-Vintage-Ornamental-Coffee-Shop-Logo.png","contentUrl":"https:\/\/pfeifenundzigarren.de\/wp-content\/uploads\/2024\/09\/cropped-Luxury-and-Vintage-Ornamental-Coffee-Shop-Logo.png","width":512,"height":512,"caption":"Der beste Onlineshop f\u00fcr Pfeifen und Zigarrenzubeh\u00f6r in Deutschland"},"image":{"@id":"https:\/\/pfeifenundzigarren.de\/#\/schema\/logo\/image\/"}}]}},"_links":{"self":[{"href":"https:\/\/pfeifenundzigarren.de\/es\/wp-json\/wp\/v2\/product\/10982","targetHints":{"allow":["GET"]}}],"collection":[{"href":"https:\/\/pfeifenundzigarren.de\/es\/wp-json\/wp\/v2\/product"}],"about":[{"href":"https:\/\/pfeifenundzigarren.de\/es\/wp-json\/wp\/v2\/types\/product"}],"replies":[{"embeddable":true,"href":"https:\/\/pfeifenundzigarren.de\/es\/wp-json\/wp\/v2\/comments?post=10982"}],"version-history":[{"count":5,"href":"https:\/\/pfeifenundzigarren.de\/es\/wp-json\/wp\/v2\/product\/10982\/revisions"}],"predecessor-version":[{"id":11047,"href":"https:\/\/pfeifenundzigarren.de\/es\/wp-json\/wp\/v2\/product\/10982\/revisions\/11047"}],"wp:featuredmedia":[{"embeddable":true,"href":"https:\/\/pfeifenundzigarren.de\/es\/wp-json\/wp\/v2\/media\/10985"}],"wp:attachment":[{"href":"https:\/\/pfeifenundzigarren.de\/es\/wp-json\/wp\/v2\/media?parent=10982"}],"wp:term":[{"taxonomy":"product_brand","embeddable":true,"href":"https:\/\/pfeifenundzigarren.de\/es\/wp-json\/wp\/v2\/product_brand?post=10982"},{"taxonomy":"product_cat","embeddable":true,"href":"https:\/\/pfeifenundzigarren.de\/es\/wp-json\/wp\/v2\/product_cat?post=10982"},{"taxonomy":"product_tag","embeddable":true,"href":"https:\/\/pfeifenundzigarren.de\/es\/wp-json\/wp\/v2\/product_tag?post=10982"}],"curies":[{"name":"wp","href":"https:\/\/api.w.org\/{rel}","templated":true}]}}