{"id":10818,"date":"2026-02-12T03:23:01","date_gmt":"2026-02-12T02:23:01","guid":{"rendered":"https:\/\/pfeifenundzigarren.de\/Produkt\/tabakpfeife-starterset-holz-9mm\/"},"modified":"2026-02-12T04:58:31","modified_gmt":"2026-02-12T03:58:31","slug":"tabakpfeife-starterset-holz-9mm","status":"publish","type":"product","link":"https:\/\/pfeifenundzigarren.de\/es\/Produkt\/tabakpfeife-starterset-holz-9mm\/","title":{"rendered":"Set de iniciaci\u00f3n a la pipa de tabaco madera 9mm"},"content":{"rendered":"<p>Nuestra <strong>Juego de pipas de tabaco de 9 mm para principiantes<\/strong> est\u00e1 hecha de madera de \u00e9bano de alta calidad cuidadosamente seleccionada y acabada por el experto en pipas Jack en varios pasos con gran atenci\u00f3n al detalle. Esto confiere a la pipa una superficie elegante y brillante, que resulta especialmente eficaz en combinaci\u00f3n con la llamativa boquilla de pl\u00e1stico negro. Con esta pipa en la mano, irradiar\u00e1 un aura cultivada y elegante.<\/p>\n<p>Experiencia de fumado neutra y pura<br \/>\nNuestro \u00e9bano aut\u00e9ntico es una madera dura de alta calidad extremadamente robusta y resistente al calor. A diferencia de las maderas de calidad inferior, como las con\u00edferas o los materiales coloreados qu\u00edmicamente, que tienden a desprender sabores, su combusti\u00f3n es excepcionalmente neutra, ni molesta ni desagradable.<\/p>\n<p>Sistema de filtro de carb\u00f3n de 9 mm con activaci\u00f3n<\/p>\n<p>\u00bfQuiere fumar de forma saludable? Entonces le recomendamos nuestro <a href=\"https:\/\/pfeifenundzigarren.de\/es\/produktkategorie\/pfeife\/9mm-filter-pfeifen\/\"><strong>Filtro de 9 mm<\/strong><\/a>que armoniza perfectamente con los filtros est\u00e1ndar de 9 mm disponibles en el mercado.<\/p>\n<p>Fuerte adsorci\u00f3n: El filtro contiene gr\u00e1nulos de carb\u00f3n activado de alta calidad en su interior y tapones cer\u00e1micos resistentes al calor en ambos extremos. La eficaz absorci\u00f3n de alquitr\u00e1n, nicotina y humedad de combusti\u00f3n hace que el humo sea m\u00e1s suave y seco.<\/p>\n<p>Nota de aplicaci\u00f3n: Como el \u00e9bano es denso y absorbe muy poca agua, el cartucho filtrante absorbe casi toda la humedad. Por lo tanto, el cartucho filtrante de carb\u00f3n activado debe sustituirse despu\u00e9s de uno o dos rellenos. Esto no s\u00f3lo evita que el cartucho filtrante se humedezca y obstruya el recorrido del humo, sino que tambi\u00e9n impide que la humedad vuelva a fluir y afecte al sabor de la siguiente calada.<\/p>\n<p><img decoding=\"async\" src=\"https:\/\/pfeifenundzigarren.de\/wp-content\/uploads\/2026\/02\/O1CN01t6Gqj11erhaaYh1YJ_2781553925.webp\" alt=\"\"><\/p>\n<p><img decoding=\"async\" src=\"https:\/\/pfeifenundzigarren.de\/wp-content\/uploads\/2026\/02\/O1CN01wH8GTj1erhaZTrWP4_2781553925.webp\" alt=\"\"><\/p>\n<p><img decoding=\"async\" src=\"https:\/\/pfeifenundzigarren.de\/wp-content\/uploads\/2026\/02\/O1CN01Zr4r6e1erhaa0jLOM_2781553925.webp\" alt=\"\"><\/p>\n<p><img decoding=\"async\" src=\"https:\/\/pfeifenundzigarren.de\/wp-content\/uploads\/2026\/02\/O1CN01NUnizs1erhaaWhcxl_2781553925.webp\" alt=\"\"><\/p>\n<p><img decoding=\"async\" src=\"https:\/\/pfeifenundzigarren.de\/wp-content\/uploads\/2026\/02\/O1CN01VuQ4TK1erhaYfmEBi_2781553925.webp\" alt=\"\"><\/p>\n<p><img decoding=\"async\" src=\"https:\/\/pfeifenundzigarren.de\/wp-content\/uploads\/2026\/02\/O1CN0110a48v1erhaXgLLaT_2781553925.webp\" alt=\"\"><\/p>\n<p><img decoding=\"async\" src=\"https:\/\/pfeifenundzigarren.de\/wp-content\/uploads\/2026\/02\/O1CN01UaddfN1erhaYfjbwV_2781553925.webp\" alt=\"\"><\/p>\n<p><img decoding=\"async\" src=\"https:\/\/pfeifenundzigarren.de\/wp-content\/uploads\/2026\/02\/O1CN01IZWnd31erhaXgHK3D_2781553925.webp\" alt=\"\"><\/p>","protected":false},"excerpt":{"rendered":"<p>Unser 9-mm-Tabakpfeifen-Set f\u00fcr Einsteiger wird aus sorgf\u00e4ltig ausgew\u00e4hltem, hochwertigem Ebenholz gefertigt und von Pfeifenexperte Jack in mehreren Arbeitsschritten mit viel<\/p>","protected":false},"featured_media":10828,"comment_status":"open","ping_status":"closed","template":"","meta":[],"product_brand":[],"product_cat":[337,70],"product_tag":[],"class_list":{"0":"post-10818","1":"product","2":"type-product","3":"status-publish","4":"has-post-thumbnail","6":"product_cat-9mm-filter-pfeifen","7":"product_cat-pfeife","9":"first","10":"instock","11":"sale","12":"shipping-taxable","13":"purchasable","14":"product-type-simple"},"yoast_head":"<!-- This site is optimized with the Yoast SEO Premium plugin v26.7 (Yoast SEO v27.4) - https:\/\/yoast.com\/product\/yoast-seo-premium-wordpress\/ -->\n<title>Tabakpfeife Starterset Holz 9mm - Der beste Onlineshop f\u00fcr Pfeifen und Zigarrenzubeh\u00f6r in Deutschland<\/title>\n<meta name=\"robots\" content=\"index, follow, max-snippet:-1, max-image-preview:large, max-video-preview:-1\" \/>\n<link rel=\"canonical\" href=\"https:\/\/pfeifenundzigarren.de\/es\/Produkt\/tabakpfeife-starterset-holz-9mm\/\" \/>\n<meta property=\"og:locale\" content=\"es_ES\" \/>\n<meta property=\"og:type\" content=\"article\" \/>\n<meta property=\"og:title\" content=\"Tabakpfeife Starterset Holz 9mm\" \/>\n<meta property=\"og:description\" content=\"Unser 9-mm-Tabakpfeifen-Set f\u00fcr Einsteiger wird aus sorgf\u00e4ltig ausgew\u00e4hltem, hochwertigem Ebenholz gefertigt und von Pfeifenexperte Jack in mehreren Arbeitsschritten mit viel\" \/>\n<meta property=\"og:url\" content=\"https:\/\/pfeifenundzigarren.de\/es\/Produkt\/tabakpfeife-starterset-holz-9mm\/\" \/>\n<meta property=\"og:site_name\" content=\"Der beste Onlineshop f\u00fcr Pfeifen und Zigarrenzubeh\u00f6r in Deutschland\" \/>\n<meta property=\"article:modified_time\" content=\"2026-02-12T03:58:31+00:00\" \/>\n<meta property=\"og:image\" content=\"https:\/\/pfeifenundzigarren.de\/wp-content\/uploads\/2026\/02\/O1CN01t6Gqj11erhaaYh1YJ_2781553925-1.webp\" \/>\n\t<meta property=\"og:image:width\" content=\"960\" \/>\n\t<meta property=\"og:image:height\" content=\"960\" \/>\n\t<meta property=\"og:image:type\" content=\"image\/webp\" \/>\n<meta name=\"twitter:card\" content=\"summary_large_image\" \/>\n<meta name=\"twitter:label1\" content=\"Tiempo de lectura\" \/>\n\t<meta name=\"twitter:data1\" content=\"3 minutos\" \/>\n<script type=\"application\/ld+json\" class=\"yoast-schema-graph\">{\"@context\":\"https:\\\/\\\/schema.org\",\"@graph\":[{\"@type\":\"WebPage\",\"@id\":\"https:\\\/\\\/pfeifenundzigarren.de\\\/Produkt\\\/tabakpfeife-starterset-holz-9mm\\\/\",\"url\":\"https:\\\/\\\/pfeifenundzigarren.de\\\/Produkt\\\/tabakpfeife-starterset-holz-9mm\\\/\",\"name\":\"Tabakpfeife Starterset Holz 9mm - Der beste Onlineshop f\u00fcr Pfeifen und Zigarrenzubeh\u00f6r in Deutschland\",\"isPartOf\":{\"@id\":\"https:\\\/\\\/pfeifenundzigarren.de\\\/#website\"},\"primaryImageOfPage\":{\"@id\":\"https:\\\/\\\/pfeifenundzigarren.de\\\/Produkt\\\/tabakpfeife-starterset-holz-9mm\\\/#primaryimage\"},\"image\":{\"@id\":\"https:\\\/\\\/pfeifenundzigarren.de\\\/Produkt\\\/tabakpfeife-starterset-holz-9mm\\\/#primaryimage\"},\"thumbnailUrl\":\"https:\\\/\\\/pfeifenundzigarren.de\\\/wp-content\\\/uploads\\\/2026\\\/02\\\/O1CN01t6Gqj11erhaaYh1YJ_2781553925-1.webp\",\"datePublished\":\"2026-02-12T02:23:01+00:00\",\"dateModified\":\"2026-02-12T03:58:31+00:00\",\"breadcrumb\":{\"@id\":\"https:\\\/\\\/pfeifenundzigarren.de\\\/Produkt\\\/tabakpfeife-starterset-holz-9mm\\\/#breadcrumb\"},\"inLanguage\":\"es\",\"potentialAction\":[{\"@type\":\"ReadAction\",\"target\":[\"https:\\\/\\\/pfeifenundzigarren.de\\\/Produkt\\\/tabakpfeife-starterset-holz-9mm\\\/\"]}]},{\"@type\":\"ImageObject\",\"inLanguage\":\"es\",\"@id\":\"https:\\\/\\\/pfeifenundzigarren.de\\\/Produkt\\\/tabakpfeife-starterset-holz-9mm\\\/#primaryimage\",\"url\":\"https:\\\/\\\/pfeifenundzigarren.de\\\/wp-content\\\/uploads\\\/2026\\\/02\\\/O1CN01t6Gqj11erhaaYh1YJ_2781553925-1.webp\",\"contentUrl\":\"https:\\\/\\\/pfeifenundzigarren.de\\\/wp-content\\\/uploads\\\/2026\\\/02\\\/O1CN01t6Gqj11erhaaYh1YJ_2781553925-1.webp\",\"width\":960,\"height\":960,\"caption\":\"Tabakpfeife Starterset Holz 9mm\"},{\"@type\":\"BreadcrumbList\",\"@id\":\"https:\\\/\\\/pfeifenundzigarren.de\\\/Produkt\\\/tabakpfeife-starterset-holz-9mm\\\/#breadcrumb\",\"itemListElement\":[{\"@type\":\"ListItem\",\"position\":1,\"name\":\"Home\",\"item\":\"https:\\\/\\\/pfeifenundzigarren.de\\\/\"},{\"@type\":\"ListItem\",\"position\":2,\"name\":\"Shop\",\"item\":\"https:\\\/\\\/pfeifenundzigarren.de\\\/shop\\\/\"},{\"@type\":\"ListItem\",\"position\":3,\"name\":\"Tabakpfeife Starterset Holz 9mm\"}]},{\"@type\":\"WebSite\",\"@id\":\"https:\\\/\\\/pfeifenundzigarren.de\\\/#website\",\"url\":\"https:\\\/\\\/pfeifenundzigarren.de\\\/\",\"name\":\"Der beste Onlineshop f\u00fcr Pfeifen und Zigarrenzubeh\u00f6r in Deutschland\",\"description\":\"\",\"publisher\":{\"@id\":\"https:\\\/\\\/pfeifenundzigarren.de\\\/#organization\"},\"potentialAction\":[{\"@type\":\"SearchAction\",\"target\":{\"@type\":\"EntryPoint\",\"urlTemplate\":\"https:\\\/\\\/pfeifenundzigarren.de\\\/?s={search_term_string}\"},\"query-input\":{\"@type\":\"PropertyValueSpecification\",\"valueRequired\":true,\"valueName\":\"search_term_string\"}}],\"inLanguage\":\"es\"},{\"@type\":\"Organization\",\"@id\":\"https:\\\/\\\/pfeifenundzigarren.de\\\/#organization\",\"name\":\"Der beste Onlineshop f\u00fcr Pfeifen und Zigarrenzubeh\u00f6r in Deutschland\",\"url\":\"https:\\\/\\\/pfeifenundzigarren.de\\\/\",\"logo\":{\"@type\":\"ImageObject\",\"inLanguage\":\"es\",\"@id\":\"https:\\\/\\\/pfeifenundzigarren.de\\\/#\\\/schema\\\/logo\\\/image\\\/\",\"url\":\"https:\\\/\\\/pfeifenundzigarren.de\\\/wp-content\\\/uploads\\\/2024\\\/09\\\/cropped-Luxury-and-Vintage-Ornamental-Coffee-Shop-Logo.png\",\"contentUrl\":\"https:\\\/\\\/pfeifenundzigarren.de\\\/wp-content\\\/uploads\\\/2024\\\/09\\\/cropped-Luxury-and-Vintage-Ornamental-Coffee-Shop-Logo.png\",\"width\":512,\"height\":512,\"caption\":\"Der beste Onlineshop f\u00fcr Pfeifen und Zigarrenzubeh\u00f6r in Deutschland\"},\"image\":{\"@id\":\"https:\\\/\\\/pfeifenundzigarren.de\\\/#\\\/schema\\\/logo\\\/image\\\/\"}}]}<\/script>\n<!-- \/ Yoast SEO Premium plugin. -->","yoast_head_json":{"title":"Tabakpfeife Starterset Holz 9mm - Der beste Onlineshop f\u00fcr Pfeifen und Zigarrenzubeh\u00f6r in Deutschland","robots":{"index":"index","follow":"follow","max-snippet":"max-snippet:-1","max-image-preview":"max-image-preview:large","max-video-preview":"max-video-preview:-1"},"canonical":"https:\/\/pfeifenundzigarren.de\/es\/Produkt\/tabakpfeife-starterset-holz-9mm\/","og_locale":"es_ES","og_type":"article","og_title":"Tabakpfeife Starterset Holz 9mm","og_description":"Unser 9-mm-Tabakpfeifen-Set f\u00fcr Einsteiger wird aus sorgf\u00e4ltig ausgew\u00e4hltem, hochwertigem Ebenholz gefertigt und von Pfeifenexperte Jack in mehreren Arbeitsschritten mit viel","og_url":"https:\/\/pfeifenundzigarren.de\/es\/Produkt\/tabakpfeife-starterset-holz-9mm\/","og_site_name":"Der beste Onlineshop f\u00fcr Pfeifen und Zigarrenzubeh\u00f6r in Deutschland","article_modified_time":"2026-02-12T03:58:31+00:00","og_image":[{"width":960,"height":960,"url":"https:\/\/pfeifenundzigarren.de\/wp-content\/uploads\/2026\/02\/O1CN01t6Gqj11erhaaYh1YJ_2781553925-1.webp","type":"image\/webp"}],"twitter_card":"summary_large_image","twitter_misc":{"Tiempo de lectura":"3 minutos"},"schema":{"@context":"https:\/\/schema.org","@graph":[{"@type":"WebPage","@id":"https:\/\/pfeifenundzigarren.de\/Produkt\/tabakpfeife-starterset-holz-9mm\/","url":"https:\/\/pfeifenundzigarren.de\/Produkt\/tabakpfeife-starterset-holz-9mm\/","name":"Tabakpfeife Starterset Holz 9mm - Der beste Onlineshop f\u00fcr Pfeifen und Zigarrenzubeh\u00f6r in Deutschland","isPartOf":{"@id":"https:\/\/pfeifenundzigarren.de\/#website"},"primaryImageOfPage":{"@id":"https:\/\/pfeifenundzigarren.de\/Produkt\/tabakpfeife-starterset-holz-9mm\/#primaryimage"},"image":{"@id":"https:\/\/pfeifenundzigarren.de\/Produkt\/tabakpfeife-starterset-holz-9mm\/#primaryimage"},"thumbnailUrl":"https:\/\/pfeifenundzigarren.de\/wp-content\/uploads\/2026\/02\/O1CN01t6Gqj11erhaaYh1YJ_2781553925-1.webp","datePublished":"2026-02-12T02:23:01+00:00","dateModified":"2026-02-12T03:58:31+00:00","breadcrumb":{"@id":"https:\/\/pfeifenundzigarren.de\/Produkt\/tabakpfeife-starterset-holz-9mm\/#breadcrumb"},"inLanguage":"es","potentialAction":[{"@type":"ReadAction","target":["https:\/\/pfeifenundzigarren.de\/Produkt\/tabakpfeife-starterset-holz-9mm\/"]}]},{"@type":"ImageObject","inLanguage":"es","@id":"https:\/\/pfeifenundzigarren.de\/Produkt\/tabakpfeife-starterset-holz-9mm\/#primaryimage","url":"https:\/\/pfeifenundzigarren.de\/wp-content\/uploads\/2026\/02\/O1CN01t6Gqj11erhaaYh1YJ_2781553925-1.webp","contentUrl":"https:\/\/pfeifenundzigarren.de\/wp-content\/uploads\/2026\/02\/O1CN01t6Gqj11erhaaYh1YJ_2781553925-1.webp","width":960,"height":960,"caption":"Tabakpfeife Starterset Holz 9mm"},{"@type":"BreadcrumbList","@id":"https:\/\/pfeifenundzigarren.de\/Produkt\/tabakpfeife-starterset-holz-9mm\/#breadcrumb","itemListElement":[{"@type":"ListItem","position":1,"name":"Home","item":"https:\/\/pfeifenundzigarren.de\/"},{"@type":"ListItem","position":2,"name":"Shop","item":"https:\/\/pfeifenundzigarren.de\/shop\/"},{"@type":"ListItem","position":3,"name":"Tabakpfeife Starterset Holz 9mm"}]},{"@type":"WebSite","@id":"https:\/\/pfeifenundzigarren.de\/#website","url":"https:\/\/pfeifenundzigarren.de\/","name":"La mejor tienda en l\u00ednea de pipas y accesorios para puros de Alemania","description":"","publisher":{"@id":"https:\/\/pfeifenundzigarren.de\/#organization"},"potentialAction":[{"@type":"SearchAction","target":{"@type":"EntryPoint","urlTemplate":"https:\/\/pfeifenundzigarren.de\/?s={search_term_string}"},"query-input":{"@type":"PropertyValueSpecification","valueRequired":true,"valueName":"search_term_string"}}],"inLanguage":"es"},{"@type":"Organization","@id":"https:\/\/pfeifenundzigarren.de\/#organization","name":"La mejor tienda en l\u00ednea de pipas y accesorios para puros de Alemania","url":"https:\/\/pfeifenundzigarren.de\/","logo":{"@type":"ImageObject","inLanguage":"es","@id":"https:\/\/pfeifenundzigarren.de\/#\/schema\/logo\/image\/","url":"https:\/\/pfeifenundzigarren.de\/wp-content\/uploads\/2024\/09\/cropped-Luxury-and-Vintage-Ornamental-Coffee-Shop-Logo.png","contentUrl":"https:\/\/pfeifenundzigarren.de\/wp-content\/uploads\/2024\/09\/cropped-Luxury-and-Vintage-Ornamental-Coffee-Shop-Logo.png","width":512,"height":512,"caption":"Der beste Onlineshop f\u00fcr Pfeifen und Zigarrenzubeh\u00f6r in Deutschland"},"image":{"@id":"https:\/\/pfeifenundzigarren.de\/#\/schema\/logo\/image\/"}}]}},"_links":{"self":[{"href":"https:\/\/pfeifenundzigarren.de\/es\/wp-json\/wp\/v2\/product\/10818","targetHints":{"allow":["GET"]}}],"collection":[{"href":"https:\/\/pfeifenundzigarren.de\/es\/wp-json\/wp\/v2\/product"}],"about":[{"href":"https:\/\/pfeifenundzigarren.de\/es\/wp-json\/wp\/v2\/types\/product"}],"replies":[{"embeddable":true,"href":"https:\/\/pfeifenundzigarren.de\/es\/wp-json\/wp\/v2\/comments?post=10818"}],"version-history":[{"count":4,"href":"https:\/\/pfeifenundzigarren.de\/es\/wp-json\/wp\/v2\/product\/10818\/revisions"}],"predecessor-version":[{"id":10951,"href":"https:\/\/pfeifenundzigarren.de\/es\/wp-json\/wp\/v2\/product\/10818\/revisions\/10951"}],"wp:featuredmedia":[{"embeddable":true,"href":"https:\/\/pfeifenundzigarren.de\/es\/wp-json\/wp\/v2\/media\/10828"}],"wp:attachment":[{"href":"https:\/\/pfeifenundzigarren.de\/es\/wp-json\/wp\/v2\/media?parent=10818"}],"wp:term":[{"taxonomy":"product_brand","embeddable":true,"href":"https:\/\/pfeifenundzigarren.de\/es\/wp-json\/wp\/v2\/product_brand?post=10818"},{"taxonomy":"product_cat","embeddable":true,"href":"https:\/\/pfeifenundzigarren.de\/es\/wp-json\/wp\/v2\/product_cat?post=10818"},{"taxonomy":"product_tag","embeddable":true,"href":"https:\/\/pfeifenundzigarren.de\/es\/wp-json\/wp\/v2\/product_tag?post=10818"}],"curies":[{"name":"wp","href":"https:\/\/api.w.org\/{rel}","templated":true}]}}