{"id":10789,"date":"2026-02-12T02:20:26","date_gmt":"2026-02-12T01:20:26","guid":{"rendered":"https:\/\/pfeifenundzigarren.de\/Produkt\/italienische-9-mm-bruyereholzpfeife\/"},"modified":"2026-02-12T04:16:43","modified_gmt":"2026-02-12T03:16:43","slug":"italienische-9-mm-bruyereholzpfeife","status":"publish","type":"product","link":"https:\/\/pfeifenundzigarren.de\/es\/Produkt\/italienische-9-mm-bruyereholzpfeife\/","title":{"rendered":"Pipa italiana de madera de brezo de 9 mm"},"content":{"rendered":"<p><img fetchpriority=\"high\" decoding=\"async\" class=\"alignnone size-medium wp-image-10795\" src=\"https:\/\/pfeifenundzigarren.de\/wp-content\/uploads\/2026\/02\/O1CN01f6FPZw1IPpyygnPlC_2215526980886-0-cib-212x300.jpg\" alt=\"Italienische 9-mm-Bruy\u00e8reholzpfeife\" width=\"212\" height=\"300\" srcset=\"https:\/\/pfeifenundzigarren.de\/wp-content\/uploads\/2026\/02\/O1CN01f6FPZw1IPpyygnPlC_2215526980886-0-cib-212x300.jpg 212w, https:\/\/pfeifenundzigarren.de\/wp-content\/uploads\/2026\/02\/O1CN01f6FPZw1IPpyygnPlC_2215526980886-0-cib-723x1024.jpg 723w, https:\/\/pfeifenundzigarren.de\/wp-content\/uploads\/2026\/02\/O1CN01f6FPZw1IPpyygnPlC_2215526980886-0-cib-768x1087.jpg 768w, https:\/\/pfeifenundzigarren.de\/wp-content\/uploads\/2026\/02\/O1CN01f6FPZw1IPpyygnPlC_2215526980886-0-cib-8x12.jpg 8w, https:\/\/pfeifenundzigarren.de\/wp-content\/uploads\/2026\/02\/O1CN01f6FPZw1IPpyygnPlC_2215526980886-0-cib-150x212.jpg 150w, https:\/\/pfeifenundzigarren.de\/wp-content\/uploads\/2026\/02\/O1CN01f6FPZw1IPpyygnPlC_2215526980886-0-cib.jpg 1000w\" sizes=\"(max-width: 212px) 100vw, 212px\" \/><\/p>\n<p>&nbsp;<\/p>\n<p><img decoding=\"async\" class=\"alignnone size-medium wp-image-10797\" src=\"https:\/\/pfeifenundzigarren.de\/wp-content\/uploads\/2026\/02\/O1CN01QK4xrt1IPpyxviTKM_2215526980886-0-cib-266x300.jpg\" alt=\"\" width=\"266\" height=\"300\" srcset=\"https:\/\/pfeifenundzigarren.de\/wp-content\/uploads\/2026\/02\/O1CN01QK4xrt1IPpyxviTKM_2215526980886-0-cib-266x300.jpg 266w, https:\/\/pfeifenundzigarren.de\/wp-content\/uploads\/2026\/02\/O1CN01QK4xrt1IPpyxviTKM_2215526980886-0-cib-909x1024.jpg 909w, https:\/\/pfeifenundzigarren.de\/wp-content\/uploads\/2026\/02\/O1CN01QK4xrt1IPpyxviTKM_2215526980886-0-cib-768x865.jpg 768w, https:\/\/pfeifenundzigarren.de\/wp-content\/uploads\/2026\/02\/O1CN01QK4xrt1IPpyxviTKM_2215526980886-0-cib-11x12.jpg 11w, https:\/\/pfeifenundzigarren.de\/wp-content\/uploads\/2026\/02\/O1CN01QK4xrt1IPpyxviTKM_2215526980886-0-cib-150x169.jpg 150w, https:\/\/pfeifenundzigarren.de\/wp-content\/uploads\/2026\/02\/O1CN01QK4xrt1IPpyxviTKM_2215526980886-0-cib.jpg 1000w\" sizes=\"(max-width: 266px) 100vw, 266px\" \/><\/p>","protected":false},"excerpt":{"rendered":"<p>&nbsp;<\/p>","protected":false},"featured_media":10813,"comment_status":"open","ping_status":"closed","template":"","meta":[],"product_brand":[],"product_cat":[337,70],"product_tag":[],"class_list":{"0":"post-10789","1":"product","2":"type-product","3":"status-publish","4":"has-post-thumbnail","6":"product_cat-9mm-filter-pfeifen","7":"product_cat-pfeife","9":"first","10":"instock","11":"sale","12":"shipping-taxable","13":"purchasable","14":"product-type-simple"},"yoast_head":"<!-- This site is optimized with the Yoast SEO Premium plugin v26.7 (Yoast SEO v27.4) - https:\/\/yoast.com\/product\/yoast-seo-premium-wordpress\/ -->\n<title>Italienische 9-mm-Bruy\u00e8reholzpfeife - Der beste Onlineshop f\u00fcr Pfeifen und Zigarrenzubeh\u00f6r in Deutschland<\/title>\n<meta name=\"robots\" content=\"index, follow, max-snippet:-1, max-image-preview:large, max-video-preview:-1\" \/>\n<link rel=\"canonical\" href=\"https:\/\/pfeifenundzigarren.de\/es\/Produkt\/italienische-9-mm-bruyereholzpfeife\/\" \/>\n<meta property=\"og:locale\" content=\"es_ES\" \/>\n<meta property=\"og:type\" content=\"article\" \/>\n<meta property=\"og:title\" content=\"Italienische 9-mm-Bruy\u00e8reholzpfeife\" \/>\n<meta property=\"og:description\" content=\"&nbsp;\" \/>\n<meta property=\"og:url\" content=\"https:\/\/pfeifenundzigarren.de\/es\/Produkt\/italienische-9-mm-bruyereholzpfeife\/\" \/>\n<meta property=\"og:site_name\" content=\"Der beste Onlineshop f\u00fcr Pfeifen und Zigarrenzubeh\u00f6r in Deutschland\" \/>\n<meta property=\"article:modified_time\" content=\"2026-02-12T03:16:43+00:00\" \/>\n<meta property=\"og:image\" content=\"https:\/\/pfeifenundzigarren.de\/wp-content\/uploads\/2026\/02\/e51bf5d7-bfcf-47ef-bf41-780ac83374ed.png\" \/>\n\t<meta property=\"og:image:width\" content=\"800\" \/>\n\t<meta property=\"og:image:height\" content=\"800\" \/>\n\t<meta property=\"og:image:type\" content=\"image\/png\" \/>\n<meta name=\"twitter:card\" content=\"summary_large_image\" \/>\n<meta name=\"twitter:label1\" content=\"Tiempo de lectura\" \/>\n\t<meta name=\"twitter:data1\" content=\"1 minuto\" \/>\n<script type=\"application\/ld+json\" class=\"yoast-schema-graph\">{\"@context\":\"https:\\\/\\\/schema.org\",\"@graph\":[{\"@type\":\"WebPage\",\"@id\":\"https:\\\/\\\/pfeifenundzigarren.de\\\/Produkt\\\/italienische-9-mm-bruyereholzpfeife\\\/\",\"url\":\"https:\\\/\\\/pfeifenundzigarren.de\\\/Produkt\\\/italienische-9-mm-bruyereholzpfeife\\\/\",\"name\":\"Italienische 9-mm-Bruy\u00e8reholzpfeife - Der beste Onlineshop f\u00fcr Pfeifen und Zigarrenzubeh\u00f6r in Deutschland\",\"isPartOf\":{\"@id\":\"https:\\\/\\\/pfeifenundzigarren.de\\\/#website\"},\"primaryImageOfPage\":{\"@id\":\"https:\\\/\\\/pfeifenundzigarren.de\\\/Produkt\\\/italienische-9-mm-bruyereholzpfeife\\\/#primaryimage\"},\"image\":{\"@id\":\"https:\\\/\\\/pfeifenundzigarren.de\\\/Produkt\\\/italienische-9-mm-bruyereholzpfeife\\\/#primaryimage\"},\"thumbnailUrl\":\"https:\\\/\\\/pfeifenundzigarren.de\\\/wp-content\\\/uploads\\\/2026\\\/02\\\/e51bf5d7-bfcf-47ef-bf41-780ac83374ed.png\",\"datePublished\":\"2026-02-12T01:20:26+00:00\",\"dateModified\":\"2026-02-12T03:16:43+00:00\",\"breadcrumb\":{\"@id\":\"https:\\\/\\\/pfeifenundzigarren.de\\\/Produkt\\\/italienische-9-mm-bruyereholzpfeife\\\/#breadcrumb\"},\"inLanguage\":\"es\",\"potentialAction\":[{\"@type\":\"ReadAction\",\"target\":[\"https:\\\/\\\/pfeifenundzigarren.de\\\/Produkt\\\/italienische-9-mm-bruyereholzpfeife\\\/\"]}]},{\"@type\":\"ImageObject\",\"inLanguage\":\"es\",\"@id\":\"https:\\\/\\\/pfeifenundzigarren.de\\\/Produkt\\\/italienische-9-mm-bruyereholzpfeife\\\/#primaryimage\",\"url\":\"https:\\\/\\\/pfeifenundzigarren.de\\\/wp-content\\\/uploads\\\/2026\\\/02\\\/e51bf5d7-bfcf-47ef-bf41-780ac83374ed.png\",\"contentUrl\":\"https:\\\/\\\/pfeifenundzigarren.de\\\/wp-content\\\/uploads\\\/2026\\\/02\\\/e51bf5d7-bfcf-47ef-bf41-780ac83374ed.png\",\"width\":800,\"height\":800,\"caption\":\"Italienische 9-mm-Bruy\u00e8reholzpfeife\"},{\"@type\":\"BreadcrumbList\",\"@id\":\"https:\\\/\\\/pfeifenundzigarren.de\\\/Produkt\\\/italienische-9-mm-bruyereholzpfeife\\\/#breadcrumb\",\"itemListElement\":[{\"@type\":\"ListItem\",\"position\":1,\"name\":\"Home\",\"item\":\"https:\\\/\\\/pfeifenundzigarren.de\\\/\"},{\"@type\":\"ListItem\",\"position\":2,\"name\":\"Shop\",\"item\":\"https:\\\/\\\/pfeifenundzigarren.de\\\/shop\\\/\"},{\"@type\":\"ListItem\",\"position\":3,\"name\":\"Italienische 9-mm-Bruy\u00e8reholzpfeife\"}]},{\"@type\":\"WebSite\",\"@id\":\"https:\\\/\\\/pfeifenundzigarren.de\\\/#website\",\"url\":\"https:\\\/\\\/pfeifenundzigarren.de\\\/\",\"name\":\"Der beste Onlineshop f\u00fcr Pfeifen und Zigarrenzubeh\u00f6r in Deutschland\",\"description\":\"\",\"publisher\":{\"@id\":\"https:\\\/\\\/pfeifenundzigarren.de\\\/#organization\"},\"potentialAction\":[{\"@type\":\"SearchAction\",\"target\":{\"@type\":\"EntryPoint\",\"urlTemplate\":\"https:\\\/\\\/pfeifenundzigarren.de\\\/?s={search_term_string}\"},\"query-input\":{\"@type\":\"PropertyValueSpecification\",\"valueRequired\":true,\"valueName\":\"search_term_string\"}}],\"inLanguage\":\"es\"},{\"@type\":\"Organization\",\"@id\":\"https:\\\/\\\/pfeifenundzigarren.de\\\/#organization\",\"name\":\"Der beste Onlineshop f\u00fcr Pfeifen und Zigarrenzubeh\u00f6r in Deutschland\",\"url\":\"https:\\\/\\\/pfeifenundzigarren.de\\\/\",\"logo\":{\"@type\":\"ImageObject\",\"inLanguage\":\"es\",\"@id\":\"https:\\\/\\\/pfeifenundzigarren.de\\\/#\\\/schema\\\/logo\\\/image\\\/\",\"url\":\"https:\\\/\\\/pfeifenundzigarren.de\\\/wp-content\\\/uploads\\\/2024\\\/09\\\/cropped-Luxury-and-Vintage-Ornamental-Coffee-Shop-Logo.png\",\"contentUrl\":\"https:\\\/\\\/pfeifenundzigarren.de\\\/wp-content\\\/uploads\\\/2024\\\/09\\\/cropped-Luxury-and-Vintage-Ornamental-Coffee-Shop-Logo.png\",\"width\":512,\"height\":512,\"caption\":\"Der beste Onlineshop f\u00fcr Pfeifen und Zigarrenzubeh\u00f6r in Deutschland\"},\"image\":{\"@id\":\"https:\\\/\\\/pfeifenundzigarren.de\\\/#\\\/schema\\\/logo\\\/image\\\/\"}}]}<\/script>\n<!-- \/ Yoast SEO Premium plugin. -->","yoast_head_json":{"title":"Italienische 9-mm-Bruy\u00e8reholzpfeife - Der beste Onlineshop f\u00fcr Pfeifen und Zigarrenzubeh\u00f6r in Deutschland","robots":{"index":"index","follow":"follow","max-snippet":"max-snippet:-1","max-image-preview":"max-image-preview:large","max-video-preview":"max-video-preview:-1"},"canonical":"https:\/\/pfeifenundzigarren.de\/es\/Produkt\/italienische-9-mm-bruyereholzpfeife\/","og_locale":"es_ES","og_type":"article","og_title":"Italienische 9-mm-Bruy\u00e8reholzpfeife","og_description":"&nbsp;","og_url":"https:\/\/pfeifenundzigarren.de\/es\/Produkt\/italienische-9-mm-bruyereholzpfeife\/","og_site_name":"Der beste Onlineshop f\u00fcr Pfeifen und Zigarrenzubeh\u00f6r in Deutschland","article_modified_time":"2026-02-12T03:16:43+00:00","og_image":[{"width":800,"height":800,"url":"https:\/\/pfeifenundzigarren.de\/wp-content\/uploads\/2026\/02\/e51bf5d7-bfcf-47ef-bf41-780ac83374ed.png","type":"image\/png"}],"twitter_card":"summary_large_image","twitter_misc":{"Tiempo de lectura":"1 minuto"},"schema":{"@context":"https:\/\/schema.org","@graph":[{"@type":"WebPage","@id":"https:\/\/pfeifenundzigarren.de\/Produkt\/italienische-9-mm-bruyereholzpfeife\/","url":"https:\/\/pfeifenundzigarren.de\/Produkt\/italienische-9-mm-bruyereholzpfeife\/","name":"Italienische 9-mm-Bruy\u00e8reholzpfeife - Der beste Onlineshop f\u00fcr Pfeifen und Zigarrenzubeh\u00f6r in Deutschland","isPartOf":{"@id":"https:\/\/pfeifenundzigarren.de\/#website"},"primaryImageOfPage":{"@id":"https:\/\/pfeifenundzigarren.de\/Produkt\/italienische-9-mm-bruyereholzpfeife\/#primaryimage"},"image":{"@id":"https:\/\/pfeifenundzigarren.de\/Produkt\/italienische-9-mm-bruyereholzpfeife\/#primaryimage"},"thumbnailUrl":"https:\/\/pfeifenundzigarren.de\/wp-content\/uploads\/2026\/02\/e51bf5d7-bfcf-47ef-bf41-780ac83374ed.png","datePublished":"2026-02-12T01:20:26+00:00","dateModified":"2026-02-12T03:16:43+00:00","breadcrumb":{"@id":"https:\/\/pfeifenundzigarren.de\/Produkt\/italienische-9-mm-bruyereholzpfeife\/#breadcrumb"},"inLanguage":"es","potentialAction":[{"@type":"ReadAction","target":["https:\/\/pfeifenundzigarren.de\/Produkt\/italienische-9-mm-bruyereholzpfeife\/"]}]},{"@type":"ImageObject","inLanguage":"es","@id":"https:\/\/pfeifenundzigarren.de\/Produkt\/italienische-9-mm-bruyereholzpfeife\/#primaryimage","url":"https:\/\/pfeifenundzigarren.de\/wp-content\/uploads\/2026\/02\/e51bf5d7-bfcf-47ef-bf41-780ac83374ed.png","contentUrl":"https:\/\/pfeifenundzigarren.de\/wp-content\/uploads\/2026\/02\/e51bf5d7-bfcf-47ef-bf41-780ac83374ed.png","width":800,"height":800,"caption":"Italienische 9-mm-Bruy\u00e8reholzpfeife"},{"@type":"BreadcrumbList","@id":"https:\/\/pfeifenundzigarren.de\/Produkt\/italienische-9-mm-bruyereholzpfeife\/#breadcrumb","itemListElement":[{"@type":"ListItem","position":1,"name":"Home","item":"https:\/\/pfeifenundzigarren.de\/"},{"@type":"ListItem","position":2,"name":"Shop","item":"https:\/\/pfeifenundzigarren.de\/shop\/"},{"@type":"ListItem","position":3,"name":"Italienische 9-mm-Bruy\u00e8reholzpfeife"}]},{"@type":"WebSite","@id":"https:\/\/pfeifenundzigarren.de\/#website","url":"https:\/\/pfeifenundzigarren.de\/","name":"La mejor tienda en l\u00ednea de pipas y accesorios para puros de Alemania","description":"","publisher":{"@id":"https:\/\/pfeifenundzigarren.de\/#organization"},"potentialAction":[{"@type":"SearchAction","target":{"@type":"EntryPoint","urlTemplate":"https:\/\/pfeifenundzigarren.de\/?s={search_term_string}"},"query-input":{"@type":"PropertyValueSpecification","valueRequired":true,"valueName":"search_term_string"}}],"inLanguage":"es"},{"@type":"Organization","@id":"https:\/\/pfeifenundzigarren.de\/#organization","name":"La mejor tienda en l\u00ednea de pipas y accesorios para puros de Alemania","url":"https:\/\/pfeifenundzigarren.de\/","logo":{"@type":"ImageObject","inLanguage":"es","@id":"https:\/\/pfeifenundzigarren.de\/#\/schema\/logo\/image\/","url":"https:\/\/pfeifenundzigarren.de\/wp-content\/uploads\/2024\/09\/cropped-Luxury-and-Vintage-Ornamental-Coffee-Shop-Logo.png","contentUrl":"https:\/\/pfeifenundzigarren.de\/wp-content\/uploads\/2024\/09\/cropped-Luxury-and-Vintage-Ornamental-Coffee-Shop-Logo.png","width":512,"height":512,"caption":"Der beste Onlineshop f\u00fcr Pfeifen und Zigarrenzubeh\u00f6r in Deutschland"},"image":{"@id":"https:\/\/pfeifenundzigarren.de\/#\/schema\/logo\/image\/"}}]}},"_links":{"self":[{"href":"https:\/\/pfeifenundzigarren.de\/es\/wp-json\/wp\/v2\/product\/10789","targetHints":{"allow":["GET"]}}],"collection":[{"href":"https:\/\/pfeifenundzigarren.de\/es\/wp-json\/wp\/v2\/product"}],"about":[{"href":"https:\/\/pfeifenundzigarren.de\/es\/wp-json\/wp\/v2\/types\/product"}],"replies":[{"embeddable":true,"href":"https:\/\/pfeifenundzigarren.de\/es\/wp-json\/wp\/v2\/comments?post=10789"}],"version-history":[{"count":3,"href":"https:\/\/pfeifenundzigarren.de\/es\/wp-json\/wp\/v2\/product\/10789\/revisions"}],"predecessor-version":[{"id":10817,"href":"https:\/\/pfeifenundzigarren.de\/es\/wp-json\/wp\/v2\/product\/10789\/revisions\/10817"}],"wp:featuredmedia":[{"embeddable":true,"href":"https:\/\/pfeifenundzigarren.de\/es\/wp-json\/wp\/v2\/media\/10813"}],"wp:attachment":[{"href":"https:\/\/pfeifenundzigarren.de\/es\/wp-json\/wp\/v2\/media?parent=10789"}],"wp:term":[{"taxonomy":"product_brand","embeddable":true,"href":"https:\/\/pfeifenundzigarren.de\/es\/wp-json\/wp\/v2\/product_brand?post=10789"},{"taxonomy":"product_cat","embeddable":true,"href":"https:\/\/pfeifenundzigarren.de\/es\/wp-json\/wp\/v2\/product_cat?post=10789"},{"taxonomy":"product_tag","embeddable":true,"href":"https:\/\/pfeifenundzigarren.de\/es\/wp-json\/wp\/v2\/product_tag?post=10789"}],"curies":[{"name":"wp","href":"https:\/\/api.w.org\/{rel}","templated":true}]}}