{"id":10283,"date":"2026-01-20T09:42:36","date_gmt":"2026-01-20T08:42:36","guid":{"rendered":"https:\/\/pfeifenundzigarren.de\/Produkt\/praktisches-reise-zigarrenmundstueck%ef%bc%8832-ring%ef%bc%89\/"},"modified":"2026-01-23T03:08:31","modified_gmt":"2026-01-23T02:08:31","slug":"praktisches-reise-zigarrenmundstueck%ef%bc%8832-ring%ef%bc%89","status":"publish","type":"product","link":"https:\/\/pfeifenundzigarren.de\/es\/Produkt\/praktisches-reise-zigarrenmundstueck%ef%bc%8832-ring%ef%bc%89\/","title":{"rendered":"Pr\u00e1ctica boquilla de viaje para puros\uff0832 anillas\uff09"},"content":{"rendered":"<p>El cuerpo del <strong>Boquilla de viaje para puros<\/strong> est\u00e1 cuidadosamente fabricado en madera de palisandro de alta calidad (tambi\u00e9n existen versiones en acr\u00edlico u otros materiales). Con su veteado claro y natural y su tacto c\u00e1lido y elegante, el palisandro tiene un brillo refinado que encaja a la perfecci\u00f3n con la est\u00e9tica tradicional y elegante de la cultura del puro.<\/p>\n<p>Lo que resulta especialmente fascinante es que el R<strong>boquilla para puros eise<\/strong> desarrolla con el tiempo una p\u00e1tina \u00fanica y un color oxidado. Esto confiere a cada pieza un car\u00e1cter individual, caracterizado por los h\u00e1bitos de su propietario; esta capacidad de envejecer con elegancia es precisamente la raz\u00f3n por la que tantos aficionados experimentados prefieren las boquillas de madera.<\/p>\n<p>Nuestras boquillas para puros hechas de palisandro natural tienen la capacidad \u00fanica de regular el humo. Especialmente durante fumadas prolongadas, el palisandro absorbe eficazmente la humedad y el exceso de calor que se acumula en la punta de la boquilla. Por lo tanto, en comparaci\u00f3n con <a href=\"https:\/\/pfeifenundzigarren.de\/es\/Produkt\/zigarrenmundstueck-aus-metall-fuer-zigarren-mit-ringmass-38-bis-58\/\"><strong>Boquillas de metal para puros<\/strong><\/a> una experiencia de fumado m\u00e1s suave y agradable.<\/p>\n<p>Adem\u00e1s, hemos integrado una c\u00e1mara filtrante compatible con cartuchos filtrantes de carb\u00f3n activado de 9 mm -el tipo m\u00e1s com\u00fan- que le facilita el cambio del filtro.<\/p>\n<p>El ligero y compacto portapuros para golf viene con una pr\u00e1ctica bolsa de almacenamiento (u opcionalmente una elegante caja de almacenamiento) que lo protege del polvo y los ara\u00f1azos. Cabe f\u00e1cilmente en cualquier bolsillo de traje o bolsa de viaje. Como no necesita llevar ning\u00fan accesorio voluminoso aparte del cortapuros y el encendedor, este pr\u00e1ctico <strong>Boquilla de viaje para puros<\/strong> Su experiencia de fumar sobre la marcha de manera significativa.<\/p>","protected":false},"excerpt":{"rendered":"<p>Der Korpus des Reise Zigarrenmundst\u00fccks wird sorgf\u00e4ltig aus hochwertigem Palisanderholz gefertigt (Ausf\u00fchrungen in Acryl oder anderen Materialien sind ebenfalls erh\u00e4ltlich).<\/p>","protected":false},"featured_media":10284,"comment_status":"open","ping_status":"closed","template":"","meta":[],"product_brand":[],"product_cat":[765],"product_tag":[],"class_list":{"0":"post-10283","1":"product","2":"type-product","3":"status-publish","4":"has-post-thumbnail","6":"product_cat-zigarrenspitze","8":"first","9":"instock","10":"shipping-taxable","11":"purchasable","12":"product-type-simple"},"yoast_head":"<!-- This site is optimized with the Yoast SEO Premium plugin v26.7 (Yoast SEO v27.4) - https:\/\/yoast.com\/product\/yoast-seo-premium-wordpress\/ -->\n<title>Praktisches Reise-Zigarrenmundst\u00fcck\uff0832 ring\uff09 - Der beste Onlineshop f\u00fcr Pfeifen und Zigarrenzubeh\u00f6r in Deutschland<\/title>\n<meta name=\"robots\" content=\"index, follow, max-snippet:-1, max-image-preview:large, max-video-preview:-1\" \/>\n<link rel=\"canonical\" href=\"https:\/\/pfeifenundzigarren.de\/es\/Produkt\/praktisches-reise-zigarrenmundstueck\uff0832-ring\uff09\/\" \/>\n<meta property=\"og:locale\" content=\"es_ES\" \/>\n<meta property=\"og:type\" content=\"article\" \/>\n<meta property=\"og:title\" content=\"Praktisches Reise-Zigarrenmundst\u00fcck\uff0832 ring\uff09\" \/>\n<meta property=\"og:description\" content=\"Der Korpus des Reise Zigarrenmundst\u00fccks wird sorgf\u00e4ltig aus hochwertigem Palisanderholz gefertigt (Ausf\u00fchrungen in Acryl oder anderen Materialien sind ebenfalls erh\u00e4ltlich).\" \/>\n<meta property=\"og:url\" content=\"https:\/\/pfeifenundzigarren.de\/es\/Produkt\/praktisches-reise-zigarrenmundstueck\uff0832-ring\uff09\/\" \/>\n<meta property=\"og:site_name\" content=\"Der beste Onlineshop f\u00fcr Pfeifen und Zigarrenzubeh\u00f6r in Deutschland\" \/>\n<meta property=\"article:modified_time\" content=\"2026-01-23T02:08:31+00:00\" \/>\n<meta property=\"og:image\" content=\"https:\/\/pfeifenundzigarren.de\/wp-content\/uploads\/2026\/01\/O1CN011OnyYL1c2kBl3ARL2_2674403543-0-cib.jpg\" \/>\n\t<meta property=\"og:image:width\" content=\"800\" \/>\n\t<meta property=\"og:image:height\" content=\"800\" \/>\n\t<meta property=\"og:image:type\" content=\"image\/jpeg\" \/>\n<meta name=\"twitter:card\" content=\"summary_large_image\" \/>\n<meta name=\"twitter:label1\" content=\"Tiempo de lectura\" \/>\n\t<meta name=\"twitter:data1\" content=\"2 minutos\" \/>\n<script type=\"application\/ld+json\" class=\"yoast-schema-graph\">{\"@context\":\"https:\\\/\\\/schema.org\",\"@graph\":[{\"@type\":\"WebPage\",\"@id\":\"https:\\\/\\\/pfeifenundzigarren.de\\\/Produkt\\\/praktisches-reise-zigarrenmundstueck%ef%bc%8832-ring%ef%bc%89\\\/\",\"url\":\"https:\\\/\\\/pfeifenundzigarren.de\\\/Produkt\\\/praktisches-reise-zigarrenmundstueck%ef%bc%8832-ring%ef%bc%89\\\/\",\"name\":\"Praktisches Reise-Zigarrenmundst\u00fcck\uff0832 ring\uff09 - Der beste Onlineshop f\u00fcr Pfeifen und Zigarrenzubeh\u00f6r in Deutschland\",\"isPartOf\":{\"@id\":\"https:\\\/\\\/pfeifenundzigarren.de\\\/#website\"},\"primaryImageOfPage\":{\"@id\":\"https:\\\/\\\/pfeifenundzigarren.de\\\/Produkt\\\/praktisches-reise-zigarrenmundstueck%ef%bc%8832-ring%ef%bc%89\\\/#primaryimage\"},\"image\":{\"@id\":\"https:\\\/\\\/pfeifenundzigarren.de\\\/Produkt\\\/praktisches-reise-zigarrenmundstueck%ef%bc%8832-ring%ef%bc%89\\\/#primaryimage\"},\"thumbnailUrl\":\"https:\\\/\\\/pfeifenundzigarren.de\\\/wp-content\\\/uploads\\\/2026\\\/01\\\/O1CN011OnyYL1c2kBl3ARL2_2674403543-0-cib.jpg\",\"datePublished\":\"2026-01-20T08:42:36+00:00\",\"dateModified\":\"2026-01-23T02:08:31+00:00\",\"breadcrumb\":{\"@id\":\"https:\\\/\\\/pfeifenundzigarren.de\\\/Produkt\\\/praktisches-reise-zigarrenmundstueck%ef%bc%8832-ring%ef%bc%89\\\/#breadcrumb\"},\"inLanguage\":\"es\",\"potentialAction\":[{\"@type\":\"ReadAction\",\"target\":[\"https:\\\/\\\/pfeifenundzigarren.de\\\/Produkt\\\/praktisches-reise-zigarrenmundstueck%ef%bc%8832-ring%ef%bc%89\\\/\"]}]},{\"@type\":\"ImageObject\",\"inLanguage\":\"es\",\"@id\":\"https:\\\/\\\/pfeifenundzigarren.de\\\/Produkt\\\/praktisches-reise-zigarrenmundstueck%ef%bc%8832-ring%ef%bc%89\\\/#primaryimage\",\"url\":\"https:\\\/\\\/pfeifenundzigarren.de\\\/wp-content\\\/uploads\\\/2026\\\/01\\\/O1CN011OnyYL1c2kBl3ARL2_2674403543-0-cib.jpg\",\"contentUrl\":\"https:\\\/\\\/pfeifenundzigarren.de\\\/wp-content\\\/uploads\\\/2026\\\/01\\\/O1CN011OnyYL1c2kBl3ARL2_2674403543-0-cib.jpg\",\"width\":800,\"height\":800,\"caption\":\"Praktisches Reise-Zigarrenmundst\u00fcck\"},{\"@type\":\"BreadcrumbList\",\"@id\":\"https:\\\/\\\/pfeifenundzigarren.de\\\/Produkt\\\/praktisches-reise-zigarrenmundstueck%ef%bc%8832-ring%ef%bc%89\\\/#breadcrumb\",\"itemListElement\":[{\"@type\":\"ListItem\",\"position\":1,\"name\":\"Home\",\"item\":\"https:\\\/\\\/pfeifenundzigarren.de\\\/\"},{\"@type\":\"ListItem\",\"position\":2,\"name\":\"Shop\",\"item\":\"https:\\\/\\\/pfeifenundzigarren.de\\\/shop\\\/\"},{\"@type\":\"ListItem\",\"position\":3,\"name\":\"Praktisches Reise-Zigarrenmundst\u00fcck\uff0832 ring\uff09\"}]},{\"@type\":\"WebSite\",\"@id\":\"https:\\\/\\\/pfeifenundzigarren.de\\\/#website\",\"url\":\"https:\\\/\\\/pfeifenundzigarren.de\\\/\",\"name\":\"Der beste Onlineshop f\u00fcr Pfeifen und Zigarrenzubeh\u00f6r in Deutschland\",\"description\":\"\",\"publisher\":{\"@id\":\"https:\\\/\\\/pfeifenundzigarren.de\\\/#organization\"},\"potentialAction\":[{\"@type\":\"SearchAction\",\"target\":{\"@type\":\"EntryPoint\",\"urlTemplate\":\"https:\\\/\\\/pfeifenundzigarren.de\\\/?s={search_term_string}\"},\"query-input\":{\"@type\":\"PropertyValueSpecification\",\"valueRequired\":true,\"valueName\":\"search_term_string\"}}],\"inLanguage\":\"es\"},{\"@type\":\"Organization\",\"@id\":\"https:\\\/\\\/pfeifenundzigarren.de\\\/#organization\",\"name\":\"Der beste Onlineshop f\u00fcr Pfeifen und Zigarrenzubeh\u00f6r in Deutschland\",\"url\":\"https:\\\/\\\/pfeifenundzigarren.de\\\/\",\"logo\":{\"@type\":\"ImageObject\",\"inLanguage\":\"es\",\"@id\":\"https:\\\/\\\/pfeifenundzigarren.de\\\/#\\\/schema\\\/logo\\\/image\\\/\",\"url\":\"https:\\\/\\\/pfeifenundzigarren.de\\\/wp-content\\\/uploads\\\/2024\\\/09\\\/cropped-Luxury-and-Vintage-Ornamental-Coffee-Shop-Logo.png\",\"contentUrl\":\"https:\\\/\\\/pfeifenundzigarren.de\\\/wp-content\\\/uploads\\\/2024\\\/09\\\/cropped-Luxury-and-Vintage-Ornamental-Coffee-Shop-Logo.png\",\"width\":512,\"height\":512,\"caption\":\"Der beste Onlineshop f\u00fcr Pfeifen und Zigarrenzubeh\u00f6r in Deutschland\"},\"image\":{\"@id\":\"https:\\\/\\\/pfeifenundzigarren.de\\\/#\\\/schema\\\/logo\\\/image\\\/\"}}]}<\/script>\n<!-- \/ Yoast SEO Premium plugin. -->","yoast_head_json":{"title":"Praktisches Reise-Zigarrenmundst\u00fcck\uff0832 ring\uff09 - Der beste Onlineshop f\u00fcr Pfeifen und Zigarrenzubeh\u00f6r in Deutschland","robots":{"index":"index","follow":"follow","max-snippet":"max-snippet:-1","max-image-preview":"max-image-preview:large","max-video-preview":"max-video-preview:-1"},"canonical":"https:\/\/pfeifenundzigarren.de\/es\/Produkt\/praktisches-reise-zigarrenmundstueck\uff0832-ring\uff09\/","og_locale":"es_ES","og_type":"article","og_title":"Praktisches Reise-Zigarrenmundst\u00fcck\uff0832 ring\uff09","og_description":"Der Korpus des Reise Zigarrenmundst\u00fccks wird sorgf\u00e4ltig aus hochwertigem Palisanderholz gefertigt (Ausf\u00fchrungen in Acryl oder anderen Materialien sind ebenfalls erh\u00e4ltlich).","og_url":"https:\/\/pfeifenundzigarren.de\/es\/Produkt\/praktisches-reise-zigarrenmundstueck\uff0832-ring\uff09\/","og_site_name":"Der beste Onlineshop f\u00fcr Pfeifen und Zigarrenzubeh\u00f6r in Deutschland","article_modified_time":"2026-01-23T02:08:31+00:00","og_image":[{"width":800,"height":800,"url":"https:\/\/pfeifenundzigarren.de\/wp-content\/uploads\/2026\/01\/O1CN011OnyYL1c2kBl3ARL2_2674403543-0-cib.jpg","type":"image\/jpeg"}],"twitter_card":"summary_large_image","twitter_misc":{"Tiempo de lectura":"2 minutos"},"schema":{"@context":"https:\/\/schema.org","@graph":[{"@type":"WebPage","@id":"https:\/\/pfeifenundzigarren.de\/Produkt\/praktisches-reise-zigarrenmundstueck%ef%bc%8832-ring%ef%bc%89\/","url":"https:\/\/pfeifenundzigarren.de\/Produkt\/praktisches-reise-zigarrenmundstueck%ef%bc%8832-ring%ef%bc%89\/","name":"Praktisches Reise-Zigarrenmundst\u00fcck\uff0832 ring\uff09 - Der beste Onlineshop f\u00fcr Pfeifen und Zigarrenzubeh\u00f6r in Deutschland","isPartOf":{"@id":"https:\/\/pfeifenundzigarren.de\/#website"},"primaryImageOfPage":{"@id":"https:\/\/pfeifenundzigarren.de\/Produkt\/praktisches-reise-zigarrenmundstueck%ef%bc%8832-ring%ef%bc%89\/#primaryimage"},"image":{"@id":"https:\/\/pfeifenundzigarren.de\/Produkt\/praktisches-reise-zigarrenmundstueck%ef%bc%8832-ring%ef%bc%89\/#primaryimage"},"thumbnailUrl":"https:\/\/pfeifenundzigarren.de\/wp-content\/uploads\/2026\/01\/O1CN011OnyYL1c2kBl3ARL2_2674403543-0-cib.jpg","datePublished":"2026-01-20T08:42:36+00:00","dateModified":"2026-01-23T02:08:31+00:00","breadcrumb":{"@id":"https:\/\/pfeifenundzigarren.de\/Produkt\/praktisches-reise-zigarrenmundstueck%ef%bc%8832-ring%ef%bc%89\/#breadcrumb"},"inLanguage":"es","potentialAction":[{"@type":"ReadAction","target":["https:\/\/pfeifenundzigarren.de\/Produkt\/praktisches-reise-zigarrenmundstueck%ef%bc%8832-ring%ef%bc%89\/"]}]},{"@type":"ImageObject","inLanguage":"es","@id":"https:\/\/pfeifenundzigarren.de\/Produkt\/praktisches-reise-zigarrenmundstueck%ef%bc%8832-ring%ef%bc%89\/#primaryimage","url":"https:\/\/pfeifenundzigarren.de\/wp-content\/uploads\/2026\/01\/O1CN011OnyYL1c2kBl3ARL2_2674403543-0-cib.jpg","contentUrl":"https:\/\/pfeifenundzigarren.de\/wp-content\/uploads\/2026\/01\/O1CN011OnyYL1c2kBl3ARL2_2674403543-0-cib.jpg","width":800,"height":800,"caption":"Praktisches Reise-Zigarrenmundst\u00fcck"},{"@type":"BreadcrumbList","@id":"https:\/\/pfeifenundzigarren.de\/Produkt\/praktisches-reise-zigarrenmundstueck%ef%bc%8832-ring%ef%bc%89\/#breadcrumb","itemListElement":[{"@type":"ListItem","position":1,"name":"Home","item":"https:\/\/pfeifenundzigarren.de\/"},{"@type":"ListItem","position":2,"name":"Shop","item":"https:\/\/pfeifenundzigarren.de\/shop\/"},{"@type":"ListItem","position":3,"name":"Praktisches Reise-Zigarrenmundst\u00fcck\uff0832 ring\uff09"}]},{"@type":"WebSite","@id":"https:\/\/pfeifenundzigarren.de\/#website","url":"https:\/\/pfeifenundzigarren.de\/","name":"La mejor tienda en l\u00ednea de pipas y accesorios para puros de Alemania","description":"","publisher":{"@id":"https:\/\/pfeifenundzigarren.de\/#organization"},"potentialAction":[{"@type":"SearchAction","target":{"@type":"EntryPoint","urlTemplate":"https:\/\/pfeifenundzigarren.de\/?s={search_term_string}"},"query-input":{"@type":"PropertyValueSpecification","valueRequired":true,"valueName":"search_term_string"}}],"inLanguage":"es"},{"@type":"Organization","@id":"https:\/\/pfeifenundzigarren.de\/#organization","name":"La mejor tienda en l\u00ednea de pipas y accesorios para puros de Alemania","url":"https:\/\/pfeifenundzigarren.de\/","logo":{"@type":"ImageObject","inLanguage":"es","@id":"https:\/\/pfeifenundzigarren.de\/#\/schema\/logo\/image\/","url":"https:\/\/pfeifenundzigarren.de\/wp-content\/uploads\/2024\/09\/cropped-Luxury-and-Vintage-Ornamental-Coffee-Shop-Logo.png","contentUrl":"https:\/\/pfeifenundzigarren.de\/wp-content\/uploads\/2024\/09\/cropped-Luxury-and-Vintage-Ornamental-Coffee-Shop-Logo.png","width":512,"height":512,"caption":"Der beste Onlineshop f\u00fcr Pfeifen und Zigarrenzubeh\u00f6r in Deutschland"},"image":{"@id":"https:\/\/pfeifenundzigarren.de\/#\/schema\/logo\/image\/"}}]}},"_links":{"self":[{"href":"https:\/\/pfeifenundzigarren.de\/es\/wp-json\/wp\/v2\/product\/10283","targetHints":{"allow":["GET"]}}],"collection":[{"href":"https:\/\/pfeifenundzigarren.de\/es\/wp-json\/wp\/v2\/product"}],"about":[{"href":"https:\/\/pfeifenundzigarren.de\/es\/wp-json\/wp\/v2\/types\/product"}],"replies":[{"embeddable":true,"href":"https:\/\/pfeifenundzigarren.de\/es\/wp-json\/wp\/v2\/comments?post=10283"}],"version-history":[{"count":0,"href":"https:\/\/pfeifenundzigarren.de\/es\/wp-json\/wp\/v2\/product\/10283\/revisions"}],"wp:featuredmedia":[{"embeddable":true,"href":"https:\/\/pfeifenundzigarren.de\/es\/wp-json\/wp\/v2\/media\/10284"}],"wp:attachment":[{"href":"https:\/\/pfeifenundzigarren.de\/es\/wp-json\/wp\/v2\/media?parent=10283"}],"wp:term":[{"taxonomy":"product_brand","embeddable":true,"href":"https:\/\/pfeifenundzigarren.de\/es\/wp-json\/wp\/v2\/product_brand?post=10283"},{"taxonomy":"product_cat","embeddable":true,"href":"https:\/\/pfeifenundzigarren.de\/es\/wp-json\/wp\/v2\/product_cat?post=10283"},{"taxonomy":"product_tag","embeddable":true,"href":"https:\/\/pfeifenundzigarren.de\/es\/wp-json\/wp\/v2\/product_tag?post=10283"}],"curies":[{"name":"wp","href":"https:\/\/api.w.org\/{rel}","templated":true}]}}