{"id":9,"date":"2024-09-07T08:06:46","date_gmt":"2024-09-07T06:06:46","guid":{"rendered":"https:\/\/pfeifenundzigarren.de\/?page_id=9"},"modified":"2024-09-07T08:49:44","modified_gmt":"2024-09-07T06:49:44","slug":"ruckerstattungs-und-ruckgaberecht","status":"publish","type":"page","link":"https:\/\/pfeifenundzigarren.de\/es\/ruckerstattungs-und-ruckgaberecht\/","title":{"rendered":"Pol\u00edtica de devoluciones y reembolsos"},"content":{"rendered":"<p>Pol\u00edtica de devoluciones y reembolsos para https:\/\/pfeifenundzigarren.de<\/p>\n\n\n\n<p>Gracias por comprar con nosotros. Esperamos que est\u00e9 satisfecho con su compra. No obstante, si tiene alg\u00fan motivo de queja, aqu\u00ed encontrar\u00e1 nuestra pol\u00edtica de devoluciones y reembolsos:<\/p>\n\n\n\n<p>Derecho de retorno<br>Seg\u00fan el art\u00edculo 312g del C\u00f3digo Civil alem\u00e1n (BGB), usted, como consumidor, tiene un derecho de cancelaci\u00f3n de 14 d\u00edas. Esto significa que puede anular su pedido en un plazo de 14 d\u00edas a partir de la recepci\u00f3n de la mercanc\u00eda sin necesidad de justificaci\u00f3n.<\/p>\n\n\n\n<p>Reembolso<br>Una vez recibida la mercanc\u00eda devuelta, le reembolsaremos el importe \u00edntegro de la compra, incluidos los gastos de env\u00edo. Las transferencias suelen abonarse en su cuenta PayPal en un plazo de 14 d\u00edas.<\/p>\n\n\n\n<p>Excepciones<br>Quedan excluidos del derecho de cancelaci\u00f3n los art\u00edculos hechos a medida o adaptados individualmente que no sean aptos para devoluci\u00f3n. El derecho de desistimiento tampoco se aplica a los art\u00edculos que, por su naturaleza, no sean aptos para ser devueltos.<\/p>\n\n\n\n<p>Si tiene alguna duda o consulta, p\u00f3ngase en contacto con nuestro servicio de atenci\u00f3n al cliente:<\/p>\n\n\n\n<p>Correo electr\u00f3nico: muxiangpipe5@gmail.com<\/p>\n\n\n\n<p>Esperamos que siga disfrutando de sus compras.<\/p>\n\n\n\n<p>Su equipo de https:\/\/pfeifenundzigarren.de<\/p>","protected":false},"excerpt":{"rendered":"<p>R\u00fcckgabe- und Erstattungsrichtlinie f\u00fcr https:\/\/pfeifenundzigarren.de Vielen Dank, dass Sie bei uns eingekauft haben. Wir hoffen, Sie sind mit Ihrem Einkauf<\/p>","protected":false},"author":1,"featured_media":0,"parent":0,"menu_order":0,"comment_status":"closed","ping_status":"closed","template":"","meta":{"footnotes":""},"class_list":["post-9","page","type-page","status-publish","hentry"],"yoast_head":"<!-- This site is optimized with the Yoast SEO Premium plugin v26.7 (Yoast SEO v27.4) - https:\/\/yoast.com\/product\/yoast-seo-premium-wordpress\/ -->\n<title>R\u00fcckerstattungs- und R\u00fcckgaberecht - Der beste Onlineshop f\u00fcr Pfeifen und Zigarrenzubeh\u00f6r in Deutschland<\/title>\n<meta name=\"robots\" content=\"index, follow, max-snippet:-1, max-image-preview:large, max-video-preview:-1\" \/>\n<link rel=\"canonical\" href=\"https:\/\/pfeifenundzigarren.de\/es\/ruckerstattungs-und-ruckgaberecht\/\" \/>\n<meta property=\"og:locale\" content=\"es_ES\" \/>\n<meta property=\"og:type\" content=\"article\" \/>\n<meta property=\"og:title\" content=\"R\u00fcckerstattungs- und R\u00fcckgaberecht\" \/>\n<meta property=\"og:description\" content=\"R\u00fcckgabe- und Erstattungsrichtlinie f\u00fcr https:\/\/pfeifenundzigarren.de Vielen Dank, dass Sie bei uns eingekauft haben. Wir hoffen, Sie sind mit Ihrem Einkauf\" \/>\n<meta property=\"og:url\" content=\"https:\/\/pfeifenundzigarren.de\/es\/ruckerstattungs-und-ruckgaberecht\/\" \/>\n<meta property=\"og:site_name\" content=\"Der beste Onlineshop f\u00fcr Pfeifen und Zigarrenzubeh\u00f6r in Deutschland\" \/>\n<meta property=\"article:modified_time\" content=\"2024-09-07T06:49:44+00:00\" \/>\n<meta name=\"twitter:card\" content=\"summary_large_image\" \/>\n<meta name=\"twitter:label1\" content=\"Tiempo de lectura\" \/>\n\t<meta name=\"twitter:data1\" content=\"1 minuto\" \/>\n<script type=\"application\/ld+json\" class=\"yoast-schema-graph\">{\"@context\":\"https:\\\/\\\/schema.org\",\"@graph\":[{\"@type\":\"WebPage\",\"@id\":\"https:\\\/\\\/pfeifenundzigarren.de\\\/ruckerstattungs-und-ruckgaberecht\\\/\",\"url\":\"https:\\\/\\\/pfeifenundzigarren.de\\\/ruckerstattungs-und-ruckgaberecht\\\/\",\"name\":\"R\u00fcckerstattungs- und R\u00fcckgaberecht - Der beste Onlineshop f\u00fcr Pfeifen und Zigarrenzubeh\u00f6r in Deutschland\",\"isPartOf\":{\"@id\":\"https:\\\/\\\/pfeifenundzigarren.de\\\/#website\"},\"datePublished\":\"2024-09-07T06:06:46+00:00\",\"dateModified\":\"2024-09-07T06:49:44+00:00\",\"breadcrumb\":{\"@id\":\"https:\\\/\\\/pfeifenundzigarren.de\\\/ruckerstattungs-und-ruckgaberecht\\\/#breadcrumb\"},\"inLanguage\":\"es\",\"potentialAction\":[{\"@type\":\"ReadAction\",\"target\":[\"https:\\\/\\\/pfeifenundzigarren.de\\\/ruckerstattungs-und-ruckgaberecht\\\/\"]}]},{\"@type\":\"BreadcrumbList\",\"@id\":\"https:\\\/\\\/pfeifenundzigarren.de\\\/ruckerstattungs-und-ruckgaberecht\\\/#breadcrumb\",\"itemListElement\":[{\"@type\":\"ListItem\",\"position\":1,\"name\":\"Home\",\"item\":\"https:\\\/\\\/pfeifenundzigarren.de\\\/\"},{\"@type\":\"ListItem\",\"position\":2,\"name\":\"R\u00fcckerstattungs- und R\u00fcckgaberecht\"}]},{\"@type\":\"WebSite\",\"@id\":\"https:\\\/\\\/pfeifenundzigarren.de\\\/#website\",\"url\":\"https:\\\/\\\/pfeifenundzigarren.de\\\/\",\"name\":\"Der beste Onlineshop f\u00fcr Pfeifen und Zigarrenzubeh\u00f6r in Deutschland\",\"description\":\"\",\"publisher\":{\"@id\":\"https:\\\/\\\/pfeifenundzigarren.de\\\/#organization\"},\"potentialAction\":[{\"@type\":\"SearchAction\",\"target\":{\"@type\":\"EntryPoint\",\"urlTemplate\":\"https:\\\/\\\/pfeifenundzigarren.de\\\/?s={search_term_string}\"},\"query-input\":{\"@type\":\"PropertyValueSpecification\",\"valueRequired\":true,\"valueName\":\"search_term_string\"}}],\"inLanguage\":\"es\"},{\"@type\":\"Organization\",\"@id\":\"https:\\\/\\\/pfeifenundzigarren.de\\\/#organization\",\"name\":\"Der beste Onlineshop f\u00fcr Pfeifen und Zigarrenzubeh\u00f6r in Deutschland\",\"url\":\"https:\\\/\\\/pfeifenundzigarren.de\\\/\",\"logo\":{\"@type\":\"ImageObject\",\"inLanguage\":\"es\",\"@id\":\"https:\\\/\\\/pfeifenundzigarren.de\\\/#\\\/schema\\\/logo\\\/image\\\/\",\"url\":\"https:\\\/\\\/pfeifenundzigarren.de\\\/wp-content\\\/uploads\\\/2024\\\/09\\\/cropped-Luxury-and-Vintage-Ornamental-Coffee-Shop-Logo.png\",\"contentUrl\":\"https:\\\/\\\/pfeifenundzigarren.de\\\/wp-content\\\/uploads\\\/2024\\\/09\\\/cropped-Luxury-and-Vintage-Ornamental-Coffee-Shop-Logo.png\",\"width\":512,\"height\":512,\"caption\":\"Der beste Onlineshop f\u00fcr Pfeifen und Zigarrenzubeh\u00f6r in Deutschland\"},\"image\":{\"@id\":\"https:\\\/\\\/pfeifenundzigarren.de\\\/#\\\/schema\\\/logo\\\/image\\\/\"}}]}<\/script>\n<!-- \/ Yoast SEO Premium plugin. -->","yoast_head_json":{"title":"R\u00fcckerstattungs- und R\u00fcckgaberecht - Der beste Onlineshop f\u00fcr Pfeifen und Zigarrenzubeh\u00f6r in Deutschland","robots":{"index":"index","follow":"follow","max-snippet":"max-snippet:-1","max-image-preview":"max-image-preview:large","max-video-preview":"max-video-preview:-1"},"canonical":"https:\/\/pfeifenundzigarren.de\/es\/ruckerstattungs-und-ruckgaberecht\/","og_locale":"es_ES","og_type":"article","og_title":"R\u00fcckerstattungs- und R\u00fcckgaberecht","og_description":"R\u00fcckgabe- und Erstattungsrichtlinie f\u00fcr https:\/\/pfeifenundzigarren.de Vielen Dank, dass Sie bei uns eingekauft haben. Wir hoffen, Sie sind mit Ihrem Einkauf","og_url":"https:\/\/pfeifenundzigarren.de\/es\/ruckerstattungs-und-ruckgaberecht\/","og_site_name":"Der beste Onlineshop f\u00fcr Pfeifen und Zigarrenzubeh\u00f6r in Deutschland","article_modified_time":"2024-09-07T06:49:44+00:00","twitter_card":"summary_large_image","twitter_misc":{"Tiempo de lectura":"1 minuto"},"schema":{"@context":"https:\/\/schema.org","@graph":[{"@type":"WebPage","@id":"https:\/\/pfeifenundzigarren.de\/ruckerstattungs-und-ruckgaberecht\/","url":"https:\/\/pfeifenundzigarren.de\/ruckerstattungs-und-ruckgaberecht\/","name":"R\u00fcckerstattungs- und R\u00fcckgaberecht - Der beste Onlineshop f\u00fcr Pfeifen und Zigarrenzubeh\u00f6r in Deutschland","isPartOf":{"@id":"https:\/\/pfeifenundzigarren.de\/#website"},"datePublished":"2024-09-07T06:06:46+00:00","dateModified":"2024-09-07T06:49:44+00:00","breadcrumb":{"@id":"https:\/\/pfeifenundzigarren.de\/ruckerstattungs-und-ruckgaberecht\/#breadcrumb"},"inLanguage":"es","potentialAction":[{"@type":"ReadAction","target":["https:\/\/pfeifenundzigarren.de\/ruckerstattungs-und-ruckgaberecht\/"]}]},{"@type":"BreadcrumbList","@id":"https:\/\/pfeifenundzigarren.de\/ruckerstattungs-und-ruckgaberecht\/#breadcrumb","itemListElement":[{"@type":"ListItem","position":1,"name":"Home","item":"https:\/\/pfeifenundzigarren.de\/"},{"@type":"ListItem","position":2,"name":"R\u00fcckerstattungs- und R\u00fcckgaberecht"}]},{"@type":"WebSite","@id":"https:\/\/pfeifenundzigarren.de\/#website","url":"https:\/\/pfeifenundzigarren.de\/","name":"La mejor tienda en l\u00ednea de pipas y accesorios para puros de Alemania","description":"","publisher":{"@id":"https:\/\/pfeifenundzigarren.de\/#organization"},"potentialAction":[{"@type":"SearchAction","target":{"@type":"EntryPoint","urlTemplate":"https:\/\/pfeifenundzigarren.de\/?s={search_term_string}"},"query-input":{"@type":"PropertyValueSpecification","valueRequired":true,"valueName":"search_term_string"}}],"inLanguage":"es"},{"@type":"Organization","@id":"https:\/\/pfeifenundzigarren.de\/#organization","name":"La mejor tienda en l\u00ednea de pipas y accesorios para puros de Alemania","url":"https:\/\/pfeifenundzigarren.de\/","logo":{"@type":"ImageObject","inLanguage":"es","@id":"https:\/\/pfeifenundzigarren.de\/#\/schema\/logo\/image\/","url":"https:\/\/pfeifenundzigarren.de\/wp-content\/uploads\/2024\/09\/cropped-Luxury-and-Vintage-Ornamental-Coffee-Shop-Logo.png","contentUrl":"https:\/\/pfeifenundzigarren.de\/wp-content\/uploads\/2024\/09\/cropped-Luxury-and-Vintage-Ornamental-Coffee-Shop-Logo.png","width":512,"height":512,"caption":"Der beste Onlineshop f\u00fcr Pfeifen und Zigarrenzubeh\u00f6r in Deutschland"},"image":{"@id":"https:\/\/pfeifenundzigarren.de\/#\/schema\/logo\/image\/"}}]}},"_links":{"self":[{"href":"https:\/\/pfeifenundzigarren.de\/es\/wp-json\/wp\/v2\/pages\/9","targetHints":{"allow":["GET"]}}],"collection":[{"href":"https:\/\/pfeifenundzigarren.de\/es\/wp-json\/wp\/v2\/pages"}],"about":[{"href":"https:\/\/pfeifenundzigarren.de\/es\/wp-json\/wp\/v2\/types\/page"}],"author":[{"embeddable":true,"href":"https:\/\/pfeifenundzigarren.de\/es\/wp-json\/wp\/v2\/users\/1"}],"replies":[{"embeddable":true,"href":"https:\/\/pfeifenundzigarren.de\/es\/wp-json\/wp\/v2\/comments?post=9"}],"version-history":[{"count":0,"href":"https:\/\/pfeifenundzigarren.de\/es\/wp-json\/wp\/v2\/pages\/9\/revisions"}],"wp:attachment":[{"href":"https:\/\/pfeifenundzigarren.de\/es\/wp-json\/wp\/v2\/media?parent=9"}],"curies":[{"name":"wp","href":"https:\/\/api.w.org\/{rel}","templated":true}]}}